{"id":1268,"date":"2017-12-28T16:15:07","date_gmt":"2017-12-28T15:15:07","guid":{"rendered":"https:\/\/barcelona-discovery.com\/?page_id=1268\/"},"modified":"2017-12-28T16:15:07","modified_gmt":"2017-12-28T15:15:07","slug":"blog","status":"publish","type":"page","link":"https:\/\/barcelona-discovery.com\/ca\/blog\/","title":{"rendered":"Blog"},"content":{"rendered":"","protected":false},"excerpt":{"rendered":"","protected":false},"author":1,"featured_media":937,"parent":0,"menu_order":0,"comment_status":"closed","ping_status":"closed","template":"","meta":{"footnotes":""},"class_list":["post-1268","page","type-page","status-publish","has-post-thumbnail","hentry"],"yoast_head":"<!-- This site is optimized with the Yoast SEO plugin v26.1.1 - https:\/\/yoast.com\/wordpress\/plugins\/seo\/ -->\n<title>Blog - Barcelona Discovery - Que fer a Catalunya? Experi\u00e8ncies fetes per tu.<\/title>\n<meta name=\"description\" content=\"Vol coneixer m\u00e9s el teu pa\u00eds? Fes un cop d\u00b4ull a les nostres activitats , Descobreix Barcelona i Catalunya d\u00b4una manera diferent, gaudint de llocs increibles . Si vols saber que fer, on anar, restaurants on fer un bon apat, no deixis de visitar la nostre web i descobrir totes les nostres activitats.\" \/>\n<meta name=\"robots\" content=\"index, follow, max-snippet:-1, max-image-preview:large, max-video-preview:-1\" \/>\n<link rel=\"canonical\" href=\"https:\/\/barcelona-discovery.com\/ca\/blog\/\" \/>\n<meta property=\"og:locale\" content=\"ca_ES\" \/>\n<meta property=\"og:type\" content=\"article\" \/>\n<meta property=\"og:title\" content=\"Blog - Barcelona Discovery - Que fer a Catalunya? Experi\u00e8ncies fetes per tu.\" \/>\n<meta property=\"og:description\" content=\"Vol coneixer m\u00e9s el teu pa\u00eds? Fes un cop d\u00b4ull a les nostres activitats , Descobreix Barcelona i Catalunya d\u00b4una manera diferent, gaudint de llocs increibles . Si vols saber que fer, on anar, restaurants on fer un bon apat, no deixis de visitar la nostre web i descobrir totes les nostres activitats.\" \/>\n<meta property=\"og:url\" content=\"https:\/\/barcelona-discovery.com\/ca\/blog\/\" \/>\n<meta property=\"og:site_name\" content=\"Barcelona Discovery\" \/>\n<meta property=\"article:publisher\" content=\"https:\/\/www.facebook.com\/BarcelonaDiscovery\/\" \/>\n<meta property=\"og:image\" content=\"https:\/\/barcelona-discovery.com\/wp-content\/uploads\/2017\/09\/tour-general.jpg\" \/>\n\t<meta property=\"og:image:width\" content=\"1400\" \/>\n\t<meta property=\"og:image:height\" content=\"300\" \/>\n\t<meta property=\"og:image:type\" content=\"image\/jpeg\" \/>\n<meta name=\"twitter:card\" content=\"summary_large_image\" \/>\n<meta name=\"twitter:site\" content=\"@bcn_discovery\" \/>\n<script type=\"application\/ld+json\" class=\"yoast-schema-graph\">{\"@context\":\"https:\/\/schema.org\",\"@graph\":[{\"@type\":\"WebPage\",\"@id\":\"https:\/\/barcelona-discovery.com\/ca\/blog\/\",\"url\":\"https:\/\/barcelona-discovery.com\/ca\/blog\/\",\"name\":\"Blog - Barcelona Discovery - Que fer a Catalunya? Experi\u00e8ncies fetes per tu.\",\"isPartOf\":{\"@id\":\"https:\/\/barcelona-discovery.com\/#website\"},\"primaryImageOfPage\":{\"@id\":\"https:\/\/barcelona-discovery.com\/ca\/blog\/#primaryimage\"},\"image\":{\"@id\":\"https:\/\/barcelona-discovery.com\/ca\/blog\/#primaryimage\"},\"thumbnailUrl\":\"https:\/\/barcelona-discovery.com\/wp-content\/uploads\/2017\/09\/tour-general.jpg\",\"datePublished\":\"2017-12-28T15:15:07+00:00\",\"description\":\"Vol coneixer m\u00e9s el teu pa\u00eds? Fes un cop d\u00b4ull a les nostres activitats , Descobreix Barcelona i Catalunya d\u00b4una manera diferent, gaudint de llocs increibles . Si vols saber que fer, on anar, restaurants on fer un bon apat, no deixis de visitar la nostre web i descobrir totes les nostres activitats.\",\"breadcrumb\":{\"@id\":\"https:\/\/barcelona-discovery.com\/ca\/blog\/#breadcrumb\"},\"inLanguage\":\"ca\",\"potentialAction\":[{\"@type\":\"ReadAction\",\"target\":[\"https:\/\/barcelona-discovery.com\/ca\/blog\/\"]}]},{\"@type\":\"ImageObject\",\"inLanguage\":\"ca\",\"@id\":\"https:\/\/barcelona-discovery.com\/ca\/blog\/#primaryimage\",\"url\":\"https:\/\/barcelona-discovery.com\/wp-content\/uploads\/2017\/09\/tour-general.jpg\",\"contentUrl\":\"https:\/\/barcelona-discovery.com\/wp-content\/uploads\/2017\/09\/tour-general.jpg\",\"width\":1400,\"height\":300,\"caption\":\"Tours around Barcelona\"},{\"@type\":\"BreadcrumbList\",\"@id\":\"https:\/\/barcelona-discovery.com\/ca\/blog\/#breadcrumb\",\"itemListElement\":[{\"@type\":\"ListItem\",\"position\":1,\"name\":\"Home\",\"item\":\"https:\/\/barcelona-discovery.com\/ca\/\"},{\"@type\":\"ListItem\",\"position\":2,\"name\":\"Blog\"}]},{\"@type\":\"WebSite\",\"@id\":\"https:\/\/barcelona-discovery.com\/#website\",\"url\":\"https:\/\/barcelona-discovery.com\/\",\"name\":\"Barcelona Discovery\",\"description\":\"Private Tours around Barcelona\",\"publisher\":{\"@id\":\"https:\/\/barcelona-discovery.com\/#organization\"},\"potentialAction\":[{\"@type\":\"SearchAction\",\"target\":{\"@type\":\"EntryPoint\",\"urlTemplate\":\"https:\/\/barcelona-discovery.com\/?s={search_term_string}\"},\"query-input\":{\"@type\":\"PropertyValueSpecification\",\"valueRequired\":true,\"valueName\":\"search_term_string\"}}],\"inLanguage\":\"ca\"},{\"@type\":\"Organization\",\"@id\":\"https:\/\/barcelona-discovery.com\/#organization\",\"name\":\"Barcelona Discovery\",\"url\":\"https:\/\/barcelona-discovery.com\/\",\"logo\":{\"@type\":\"ImageObject\",\"inLanguage\":\"ca\",\"@id\":\"https:\/\/barcelona-discovery.com\/#\/schema\/logo\/image\/\",\"url\":\"https:\/\/barcelona-discovery.com\/wp-content\/uploads\/2024\/02\/logo-linkein.jpg\",\"contentUrl\":\"https:\/\/barcelona-discovery.com\/wp-content\/uploads\/2024\/02\/logo-linkein.jpg\",\"width\":300,\"height\":300,\"caption\":\"Barcelona Discovery\"},\"image\":{\"@id\":\"https:\/\/barcelona-discovery.com\/#\/schema\/logo\/image\/\"},\"sameAs\":[\"https:\/\/www.facebook.com\/BarcelonaDiscovery\/\",\"https:\/\/x.com\/bcn_discovery\",\"https:\/\/www.instagram.com\/barcelonadiscovery\/\",\"https:\/\/www.youtube.com\/channel\/UCwpragtLkdmFTHCzinFQG_g\"]}]}<\/script>\n<!-- \/ Yoast SEO plugin. -->","yoast_head_json":{"title":"Blog - Barcelona Discovery - Que fer a Catalunya? Experi\u00e8ncies fetes per tu.","description":"Vol coneixer m\u00e9s el teu pa\u00eds? Fes un cop d\u00b4ull a les nostres activitats , Descobreix Barcelona i Catalunya d\u00b4una manera diferent, gaudint de llocs increibles . Si vols saber que fer, on anar, restaurants on fer un bon apat, no deixis de visitar la nostre web i descobrir totes les nostres activitats.","robots":{"index":"index","follow":"follow","max-snippet":"max-snippet:-1","max-image-preview":"max-image-preview:large","max-video-preview":"max-video-preview:-1"},"canonical":"https:\/\/barcelona-discovery.com\/ca\/blog\/","og_locale":"ca_ES","og_type":"article","og_title":"Blog - Barcelona Discovery - Que fer a Catalunya? Experi\u00e8ncies fetes per tu.","og_description":"Vol coneixer m\u00e9s el teu pa\u00eds? Fes un cop d\u00b4ull a les nostres activitats , Descobreix Barcelona i Catalunya d\u00b4una manera diferent, gaudint de llocs increibles . Si vols saber que fer, on anar, restaurants on fer un bon apat, no deixis de visitar la nostre web i descobrir totes les nostres activitats.","og_url":"https:\/\/barcelona-discovery.com\/ca\/blog\/","og_site_name":"Barcelona Discovery","article_publisher":"https:\/\/www.facebook.com\/BarcelonaDiscovery\/","og_image":[{"width":1400,"height":300,"url":"https:\/\/barcelona-discovery.com\/wp-content\/uploads\/2017\/09\/tour-general.jpg","type":"image\/jpeg"}],"twitter_card":"summary_large_image","twitter_site":"@bcn_discovery","schema":{"@context":"https:\/\/schema.org","@graph":[{"@type":"WebPage","@id":"https:\/\/barcelona-discovery.com\/ca\/blog\/","url":"https:\/\/barcelona-discovery.com\/ca\/blog\/","name":"Blog - Barcelona Discovery - Que fer a Catalunya? Experi\u00e8ncies fetes per tu.","isPartOf":{"@id":"https:\/\/barcelona-discovery.com\/#website"},"primaryImageOfPage":{"@id":"https:\/\/barcelona-discovery.com\/ca\/blog\/#primaryimage"},"image":{"@id":"https:\/\/barcelona-discovery.com\/ca\/blog\/#primaryimage"},"thumbnailUrl":"https:\/\/barcelona-discovery.com\/wp-content\/uploads\/2017\/09\/tour-general.jpg","datePublished":"2017-12-28T15:15:07+00:00","description":"Vol coneixer m\u00e9s el teu pa\u00eds? Fes un cop d\u00b4ull a les nostres activitats , Descobreix Barcelona i Catalunya d\u00b4una manera diferent, gaudint de llocs increibles . Si vols saber que fer, on anar, restaurants on fer un bon apat, no deixis de visitar la nostre web i descobrir totes les nostres activitats.","breadcrumb":{"@id":"https:\/\/barcelona-discovery.com\/ca\/blog\/#breadcrumb"},"inLanguage":"ca","potentialAction":[{"@type":"ReadAction","target":["https:\/\/barcelona-discovery.com\/ca\/blog\/"]}]},{"@type":"ImageObject","inLanguage":"ca","@id":"https:\/\/barcelona-discovery.com\/ca\/blog\/#primaryimage","url":"https:\/\/barcelona-discovery.com\/wp-content\/uploads\/2017\/09\/tour-general.jpg","contentUrl":"https:\/\/barcelona-discovery.com\/wp-content\/uploads\/2017\/09\/tour-general.jpg","width":1400,"height":300,"caption":"Tours around Barcelona"},{"@type":"BreadcrumbList","@id":"https:\/\/barcelona-discovery.com\/ca\/blog\/#breadcrumb","itemListElement":[{"@type":"ListItem","position":1,"name":"Home","item":"https:\/\/barcelona-discovery.com\/ca\/"},{"@type":"ListItem","position":2,"name":"Blog"}]},{"@type":"WebSite","@id":"https:\/\/barcelona-discovery.com\/#website","url":"https:\/\/barcelona-discovery.com\/","name":"Barcelona Discovery","description":"Private Tours around Barcelona","publisher":{"@id":"https:\/\/barcelona-discovery.com\/#organization"},"potentialAction":[{"@type":"SearchAction","target":{"@type":"EntryPoint","urlTemplate":"https:\/\/barcelona-discovery.com\/?s={search_term_string}"},"query-input":{"@type":"PropertyValueSpecification","valueRequired":true,"valueName":"search_term_string"}}],"inLanguage":"ca"},{"@type":"Organization","@id":"https:\/\/barcelona-discovery.com\/#organization","name":"Barcelona Discovery","url":"https:\/\/barcelona-discovery.com\/","logo":{"@type":"ImageObject","inLanguage":"ca","@id":"https:\/\/barcelona-discovery.com\/#\/schema\/logo\/image\/","url":"https:\/\/barcelona-discovery.com\/wp-content\/uploads\/2024\/02\/logo-linkein.jpg","contentUrl":"https:\/\/barcelona-discovery.com\/wp-content\/uploads\/2024\/02\/logo-linkein.jpg","width":300,"height":300,"caption":"Barcelona Discovery"},"image":{"@id":"https:\/\/barcelona-discovery.com\/#\/schema\/logo\/image\/"},"sameAs":["https:\/\/www.facebook.com\/BarcelonaDiscovery\/","https:\/\/x.com\/bcn_discovery","https:\/\/www.instagram.com\/barcelonadiscovery\/","https:\/\/www.youtube.com\/channel\/UCwpragtLkdmFTHCzinFQG_g"]}]}},"_links":{"self":[{"href":"https:\/\/barcelona-discovery.com\/ca\/wp-json\/wp\/v2\/pages\/1268","targetHints":{"allow":["GET"]}}],"collection":[{"href":"https:\/\/barcelona-discovery.com\/ca\/wp-json\/wp\/v2\/pages"}],"about":[{"href":"https:\/\/barcelona-discovery.com\/ca\/wp-json\/wp\/v2\/types\/page"}],"author":[{"embeddable":true,"href":"https:\/\/barcelona-discovery.com\/ca\/wp-json\/wp\/v2\/users\/1"}],"replies":[{"embeddable":true,"href":"https:\/\/barcelona-discovery.com\/ca\/wp-json\/wp\/v2\/comments?post=1268"}],"version-history":[{"count":1,"href":"https:\/\/barcelona-discovery.com\/ca\/wp-json\/wp\/v2\/pages\/1268\/revisions"}],"predecessor-version":[{"id":1281,"href":"https:\/\/barcelona-discovery.com\/ca\/wp-json\/wp\/v2\/pages\/1268\/revisions\/1281"}],"wp:featuredmedia":[{"embeddable":true,"href":"https:\/\/barcelona-discovery.com\/ca\/wp-json\/wp\/v2\/media\/937"}],"wp:attachment":[{"href":"https:\/\/barcelona-discovery.com\/ca\/wp-json\/wp\/v2\/media?parent=1268"}],"curies":[{"name":"wp","href":"https:\/\/api.w.org\/{rel}","templated":true}]}}