{"id":1269,"date":"2017-12-28T13:04:04","date_gmt":"2017-12-28T12:04:04","guid":{"rendered":"https:\/\/barcelona-discovery.com\/?page_id=1269\/"},"modified":"2022-11-07T18:56:17","modified_gmt":"2022-11-07T17:56:17","slug":"coneix-nos","status":"publish","type":"page","link":"https:\/\/barcelona-discovery.com\/ca\/coneix-nos\/","title":{"rendered":"Coneix-nos"},"content":{"rendered":"<div class=\"wpb-content-wrapper\"><p>[vc_row gap=&#8221;2&#8243; equal_height=&#8221;yes&#8221;][vc_column][vc_column_text]<\/p>\n<h1 style=\"font-family: Margueriteregular; text-align: left;\"><span style=\"color: #32bea6;\">Qu\u00e8 ens fa diferents ?<\/span><\/h1>\n<p><strong>Barcelona Discovery<\/strong> ofereix experi\u00e8ncies que combinen l\u2019\u201dslow travel\u201d amb el turisme ecol\u00f2gic. Els nostres tours et permeten gaudir de Barcelona i Catalunya relaxadament, tot descobrint indrets \u00fanics i amagats.<\/p>\n<p>Nosaltres recolzem el turisme actiu, ecol\u00f2gic i de qualitat, que posa en valor la sostenibilitat del medi ambient i el respecte per la economia local.<\/p>\n<p>Per\u00f2 per sobre de tot, som uns apassionats del nostre pa\u00eds, i estem constantment cercant racons nous i \u00fanics per vost\u00e8. Amb el nostre equip, descobrir\u00e0 Barcelona i Catalunya com un ori\u00fcnd, tot veient el qu\u00e8 d\u2019altres no veuen i tot sentint el qu\u00e8 d\u2019altres no poden sentir.<\/p>\n<p>&nbsp;<\/p>\n<h1 style=\"font-family: Margueriteregular; text-align: left;\"><span style=\"color: #32bea6;\">Com Treballem?<\/span><\/h1>\n<p>&nbsp;<\/p>\n<p>Tenim for\u00e7a varietat d\u2019ofertes de tours, per\u00f2 si cap d\u2019elles us satisf\u00e0, no dubtin de posar-se en contacte amb nosaltres, doncs estem disposats a confeccionar tours basats en les seves demandes\/suggeriments.<\/p>\n<p>&nbsp;<\/p>\n<h1 style=\"font-family: Margueriteregular; text-align: left;\"><span style=\"color: #32bea6;\">Misi\u00f3<\/span><\/h1>\n<p>Organitzem tours privats a mida, unics i personalitzats. Procurant oferir uns serveis d\u2019alta qualitat tant pels clients particulars com per les ag\u00e8ncies de viatges i empreses.<\/p>\n<p>&nbsp;<\/p>\n<h1 style=\"font-family: Margueriteregular; text-align: left;\"><span style=\"color: #32bea6;\">Visi\u00f3<\/span><\/h1>\n<p>&nbsp;<\/p>\n<p>Som una agencia que ofereix serveis d\u2019alta qualitat, promovent un turisme sostenible, intentant donar a con\u00e8ixer Catalunya com un local amb experi\u00e8ncies \u00faniques<\/p>\n<h1 style=\"font-family: Margueriteregular; text-align: left;\"><span style=\"color: #32bea6;\">Explica\u2019ns qu\u00e8 vols fer i ho farem possible!<strong>\u00a0!<\/strong><\/span><\/h1>\n<h1><\/h1>\n<p>[\/vc_column_text][vc_empty_space height=&#8221;20px&#8221;][vc_column_text]\n<div class=\"wpcf7 no-js\" id=\"wpcf7-f1274-o1\" lang=\"en-US\" dir=\"ltr\" data-wpcf7-id=\"1274\">\n<div class=\"screen-reader-response\"><p role=\"status\" aria-live=\"polite\" aria-atomic=\"true\"><\/p> <ul><\/ul><\/div>\n<form action=\"\/ca\/wp-json\/wp\/v2\/pages\/1269#wpcf7-f1274-o1\" method=\"post\" class=\"wpcf7-form init\" aria-label=\"Contact form\" novalidate=\"novalidate\" data-status=\"init\">\n<fieldset class=\"hidden-fields-container\"><input type=\"hidden\" name=\"_wpcf7\" value=\"1274\" \/><input type=\"hidden\" name=\"_wpcf7_version\" value=\"6.1.2\" \/><input type=\"hidden\" name=\"_wpcf7_locale\" value=\"en_US\" \/><input type=\"hidden\" name=\"_wpcf7_unit_tag\" value=\"wpcf7-f1274-o1\" \/><input type=\"hidden\" name=\"_wpcf7_container_post\" value=\"0\" \/><input type=\"hidden\" name=\"_wpcf7_posted_data_hash\" value=\"\" \/>\n<\/fieldset>\n<h1 style=\"font-family: Margueriteregular; text-align: left;\"><span style=\"color: #000000;\">Sol.licita m\u00e9s Informaci\u00f3!<\/span>\n<\/h1>\n<p><span class=\"wpcf7-form-control-wrap\" data-name=\"your-name\"><input size=\"40\" maxlength=\"400\" class=\"wpcf7-form-control wpcf7-text wpcf7-validates-as-required\" aria-required=\"true\" aria-invalid=\"false\" placeholder=\"Nom:\" value=\"\" type=\"text\" name=\"your-name\" \/><\/span>\n<\/p>\n<p><span class=\"wpcf7-form-control-wrap\" data-name=\"your-email\"><input size=\"40\" maxlength=\"400\" class=\"wpcf7-form-control wpcf7-email wpcf7-validates-as-required wpcf7-text wpcf7-validates-as-email\" aria-required=\"true\" aria-invalid=\"false\" placeholder=\"Email:\" value=\"\" type=\"email\" name=\"your-email\" \/><\/span>\n<\/p>\n<p><span class=\"wpcf7-form-control-wrap\" data-name=\"number-920\"><input class=\"wpcf7-form-control wpcf7-number wpcf7-validates-as-number\" min=\"1\" max=\"50\" aria-invalid=\"false\" placeholder=\"N\u00famero de persones:\" value=\"\" type=\"number\" name=\"number-920\" \/><\/span>\n<\/p>\n<p><span class=\"wpcf7-form-control-wrap\" data-name=\"your-\"><input size=\"40\" maxlength=\"400\" class=\"wpcf7-form-control wpcf7-tel wpcf7-validates-as-required wpcf7-text wpcf7-validates-as-tel\" aria-required=\"true\" aria-invalid=\"false\" placeholder=\"T\u00e8lefon:\" value=\"\" type=\"tel\" name=\"your-\" \/><\/span>\n<\/p>\n<p><span class=\"wpcf7-form-control-wrap\" data-name=\"date-921\"><input class=\"wpcf7-form-control wpcf7-date wpcf7-validates-as-date\" aria-invalid=\"false\" value=\"Data\" type=\"date\" name=\"date-921\" \/><\/span>\n<\/p>\n<p><span class=\"wpcf7-form-control-wrap\" data-name=\"your-message\"><textarea cols=\"40\" rows=\"10\" maxlength=\"2000\" class=\"wpcf7-form-control wpcf7-textarea\" aria-invalid=\"false\" placeholder=\"Missatge\" name=\"your-message\"><\/textarea><\/span>\n<\/p>\n<p><span id=\"wpcf7-69e76836bac3c-wrapper\" class=\"wpcf7-form-control-wrap website-wrap\" style=\"display:none !important; visibility:hidden !important;\"><label for=\"wpcf7-69e76836bac3c-field\" class=\"hp-message\">Please leave this field empty.<\/label><input id=\"wpcf7-69e76836bac3c-field\"  class=\"wpcf7-form-control wpcf7-text\" type=\"text\" name=\"website\" value=\"\" size=\"40\" tabindex=\"-1\" autocomplete=\"new-password\" \/><\/span><br \/>\n<span class=\"wpcf7-form-control-wrap\" data-name=\"Aceptacion\"><span class=\"wpcf7-form-control wpcf7-acceptance\"><span class=\"wpcf7-list-item\"><label><input type=\"checkbox\" name=\"Aceptacion\" value=\"1\" aria-invalid=\"false\" \/><span class=\"wpcf7-list-item-label\">He llegit i accepto <a href=\"https:\/\/barcelona-discovery.com\/politica-de-privacidad-y-proteccion-de-datos-personales\/\"target=_blank\">Pol\u00edtica de privacitat<\/a><\/span><\/label><\/span><\/span><\/span>\n<\/p>\n<p><input class=\"wpcf7-form-control wpcf7-submit has-spinner\" type=\"submit\" value=\"Enviar\" \/>\n<\/p><p style=\"display: none !important;\" class=\"akismet-fields-container\" data-prefix=\"_wpcf7_ak_\"><label>&#916;<textarea name=\"_wpcf7_ak_hp_textarea\" cols=\"45\" rows=\"8\" maxlength=\"100\"><\/textarea><\/label><input type=\"hidden\" id=\"ak_js_1\" name=\"_wpcf7_ak_js\" value=\"211\"\/><script>document.getElementById( \"ak_js_1\" ).setAttribute( \"value\", ( new Date() ).getTime() );<\/script><\/p><div class=\"wpcf7-response-output\" aria-hidden=\"true\"><\/div>\n<\/form>\n<\/div>\n[\/vc_column_text][\/vc_column][\/vc_row][vc_row][vc_column][vc_widget_sidebar][\/vc_column][\/vc_row]<\/p>\n<\/div>","protected":false},"excerpt":{"rendered":"<p>[vc_row gap=&#8221;2&#8243; equal_height=&#8221;yes&#8221;][vc_column][vc_column_text]<br \/>\nQu\u00e8 ens fa diferents ?<br \/>\nBarcelona Discovery ofereix experi\u00e8ncies que combinen l\u2019\u201dslow travel\u201d amb el turisme ecol\u00f2gic. Els nostres tours et permeten gaudir de Barcelona i Catalunya <\/p>\n","protected":false},"author":1,"featured_media":0,"parent":0,"menu_order":0,"comment_status":"closed","ping_status":"closed","template":"","meta":{"footnotes":""},"class_list":["post-1269","page","type-page","status-publish","hentry"],"yoast_head":"<!-- This site is optimized with the Yoast SEO plugin v26.1.1 - https:\/\/yoast.com\/wordpress\/plugins\/seo\/ -->\n<title>Coneix-nos - Barcelona Discovery - Eco experi\u00e8ncies per la Natura<\/title>\n<meta name=\"description\" content=\"Qu\u00e8 ens fa diferents ? Barcelona Discovery ofereix experi\u00e8ncies que combinen l&#039; &quot;slow travel\u201d amb el turisme ecol\u00f2gic.Els nostres tours et permeten gaudir de Barcelona i Catalunya relaxadament, tot descobrint indrets \u00fanics i amagats.Recolzem el turisme actiu, ecol\u00f2gic i de qualitat,.Activitats diferents i originals.\" \/>\n<meta name=\"robots\" content=\"index, follow, max-snippet:-1, max-image-preview:large, max-video-preview:-1\" \/>\n<link rel=\"canonical\" href=\"https:\/\/barcelona-discovery.com\/about-us\/\" \/>\n<meta property=\"og:locale\" content=\"ca_ES\" \/>\n<meta property=\"og:type\" content=\"article\" \/>\n<meta property=\"og:title\" content=\"Coneix-nos - Barcelona Discovery - Eco experi\u00e8ncies per la Natura\" \/>\n<meta property=\"og:description\" content=\"Qu\u00e8 ens fa diferents ? Barcelona Discovery ofereix experi\u00e8ncies que combinen l&#039; &quot;slow travel\u201d amb el turisme ecol\u00f2gic.Els nostres tours et permeten gaudir de Barcelona i Catalunya relaxadament, tot descobrint indrets \u00fanics i amagats.Recolzem el turisme actiu, ecol\u00f2gic i de qualitat,.Activitats diferents i originals.\" \/>\n<meta property=\"og:url\" content=\"https:\/\/barcelona-discovery.com\/about-us\/\" \/>\n<meta property=\"og:site_name\" content=\"Barcelona Discovery\" \/>\n<meta property=\"article:publisher\" content=\"https:\/\/www.facebook.com\/BarcelonaDiscovery\/\" \/>\n<meta property=\"article:modified_time\" content=\"2022-11-07T17:56:17+00:00\" \/>\n<meta property=\"og:image\" content=\"https:\/\/barcelona-discovery.com\/wp-content\/uploads\/2017\/09\/tour-general.jpg\" \/>\n\t<meta property=\"og:image:width\" content=\"1400\" \/>\n\t<meta property=\"og:image:height\" content=\"300\" \/>\n\t<meta property=\"og:image:type\" content=\"image\/jpeg\" \/>\n<meta name=\"twitter:card\" content=\"summary_large_image\" \/>\n<meta name=\"twitter:site\" content=\"@bcn_discovery\" \/>\n<meta name=\"twitter:label1\" content=\"Temps estimat de lectura\" \/>\n\t<meta name=\"twitter:data1\" content=\"1 minut\" \/>\n<script type=\"application\/ld+json\" class=\"yoast-schema-graph\">{\"@context\":\"https:\/\/schema.org\",\"@graph\":[{\"@type\":\"WebPage\",\"@id\":\"https:\/\/barcelona-discovery.com\/about-us\/\",\"url\":\"https:\/\/barcelona-discovery.com\/about-us\/\",\"name\":\"Coneix-nos - Barcelona Discovery - Eco experi\u00e8ncies per la Natura\",\"isPartOf\":{\"@id\":\"https:\/\/barcelona-discovery.com\/#website\"},\"datePublished\":\"2017-12-28T12:04:04+00:00\",\"dateModified\":\"2022-11-07T17:56:17+00:00\",\"description\":\"Qu\u00e8 ens fa diferents ? Barcelona Discovery ofereix experi\u00e8ncies que combinen l' \\\"slow travel\u201d amb el turisme ecol\u00f2gic.Els nostres tours et permeten gaudir de Barcelona i Catalunya relaxadament, tot descobrint indrets \u00fanics i amagats.Recolzem el turisme actiu, ecol\u00f2gic i de qualitat,.Activitats diferents i originals.\",\"breadcrumb\":{\"@id\":\"https:\/\/barcelona-discovery.com\/about-us\/#breadcrumb\"},\"inLanguage\":\"ca\",\"potentialAction\":[{\"@type\":\"ReadAction\",\"target\":[\"https:\/\/barcelona-discovery.com\/about-us\/\"]}]},{\"@type\":\"BreadcrumbList\",\"@id\":\"https:\/\/barcelona-discovery.com\/about-us\/#breadcrumb\",\"itemListElement\":[{\"@type\":\"ListItem\",\"position\":1,\"name\":\"Home\",\"item\":\"https:\/\/barcelona-discovery.com\/ca\/\"},{\"@type\":\"ListItem\",\"position\":2,\"name\":\"Coneix-nos\"}]},{\"@type\":\"WebSite\",\"@id\":\"https:\/\/barcelona-discovery.com\/#website\",\"url\":\"https:\/\/barcelona-discovery.com\/\",\"name\":\"Barcelona Discovery\",\"description\":\"Private Tours around Barcelona\",\"publisher\":{\"@id\":\"https:\/\/barcelona-discovery.com\/#organization\"},\"potentialAction\":[{\"@type\":\"SearchAction\",\"target\":{\"@type\":\"EntryPoint\",\"urlTemplate\":\"https:\/\/barcelona-discovery.com\/?s={search_term_string}\"},\"query-input\":{\"@type\":\"PropertyValueSpecification\",\"valueRequired\":true,\"valueName\":\"search_term_string\"}}],\"inLanguage\":\"ca\"},{\"@type\":\"Organization\",\"@id\":\"https:\/\/barcelona-discovery.com\/#organization\",\"name\":\"Barcelona Discovery\",\"url\":\"https:\/\/barcelona-discovery.com\/\",\"logo\":{\"@type\":\"ImageObject\",\"inLanguage\":\"ca\",\"@id\":\"https:\/\/barcelona-discovery.com\/#\/schema\/logo\/image\/\",\"url\":\"https:\/\/barcelona-discovery.com\/wp-content\/uploads\/2024\/02\/logo-linkein.jpg\",\"contentUrl\":\"https:\/\/barcelona-discovery.com\/wp-content\/uploads\/2024\/02\/logo-linkein.jpg\",\"width\":300,\"height\":300,\"caption\":\"Barcelona Discovery\"},\"image\":{\"@id\":\"https:\/\/barcelona-discovery.com\/#\/schema\/logo\/image\/\"},\"sameAs\":[\"https:\/\/www.facebook.com\/BarcelonaDiscovery\/\",\"https:\/\/x.com\/bcn_discovery\",\"https:\/\/www.instagram.com\/barcelonadiscovery\/\",\"https:\/\/www.youtube.com\/channel\/UCwpragtLkdmFTHCzinFQG_g\"]}]}<\/script>\n<!-- \/ Yoast SEO plugin. -->","yoast_head_json":{"title":"Coneix-nos - Barcelona Discovery - Eco experi\u00e8ncies per la Natura","description":"Qu\u00e8 ens fa diferents ? Barcelona Discovery ofereix experi\u00e8ncies que combinen l' \"slow travel\u201d amb el turisme ecol\u00f2gic.Els nostres tours et permeten gaudir de Barcelona i Catalunya relaxadament, tot descobrint indrets \u00fanics i amagats.Recolzem el turisme actiu, ecol\u00f2gic i de qualitat,.Activitats diferents i originals.","robots":{"index":"index","follow":"follow","max-snippet":"max-snippet:-1","max-image-preview":"max-image-preview:large","max-video-preview":"max-video-preview:-1"},"canonical":"https:\/\/barcelona-discovery.com\/about-us\/","og_locale":"ca_ES","og_type":"article","og_title":"Coneix-nos - Barcelona Discovery - Eco experi\u00e8ncies per la Natura","og_description":"Qu\u00e8 ens fa diferents ? Barcelona Discovery ofereix experi\u00e8ncies que combinen l' \"slow travel\u201d amb el turisme ecol\u00f2gic.Els nostres tours et permeten gaudir de Barcelona i Catalunya relaxadament, tot descobrint indrets \u00fanics i amagats.Recolzem el turisme actiu, ecol\u00f2gic i de qualitat,.Activitats diferents i originals.","og_url":"https:\/\/barcelona-discovery.com\/about-us\/","og_site_name":"Barcelona Discovery","article_publisher":"https:\/\/www.facebook.com\/BarcelonaDiscovery\/","article_modified_time":"2022-11-07T17:56:17+00:00","og_image":[{"width":1400,"height":300,"url":"https:\/\/barcelona-discovery.com\/wp-content\/uploads\/2017\/09\/tour-general.jpg","type":"image\/jpeg"}],"twitter_card":"summary_large_image","twitter_site":"@bcn_discovery","twitter_misc":{"Temps estimat de lectura":"1 minut"},"schema":{"@context":"https:\/\/schema.org","@graph":[{"@type":"WebPage","@id":"https:\/\/barcelona-discovery.com\/about-us\/","url":"https:\/\/barcelona-discovery.com\/about-us\/","name":"Coneix-nos - Barcelona Discovery - Eco experi\u00e8ncies per la Natura","isPartOf":{"@id":"https:\/\/barcelona-discovery.com\/#website"},"datePublished":"2017-12-28T12:04:04+00:00","dateModified":"2022-11-07T17:56:17+00:00","description":"Qu\u00e8 ens fa diferents ? Barcelona Discovery ofereix experi\u00e8ncies que combinen l' \"slow travel\u201d amb el turisme ecol\u00f2gic.Els nostres tours et permeten gaudir de Barcelona i Catalunya relaxadament, tot descobrint indrets \u00fanics i amagats.Recolzem el turisme actiu, ecol\u00f2gic i de qualitat,.Activitats diferents i originals.","breadcrumb":{"@id":"https:\/\/barcelona-discovery.com\/about-us\/#breadcrumb"},"inLanguage":"ca","potentialAction":[{"@type":"ReadAction","target":["https:\/\/barcelona-discovery.com\/about-us\/"]}]},{"@type":"BreadcrumbList","@id":"https:\/\/barcelona-discovery.com\/about-us\/#breadcrumb","itemListElement":[{"@type":"ListItem","position":1,"name":"Home","item":"https:\/\/barcelona-discovery.com\/ca\/"},{"@type":"ListItem","position":2,"name":"Coneix-nos"}]},{"@type":"WebSite","@id":"https:\/\/barcelona-discovery.com\/#website","url":"https:\/\/barcelona-discovery.com\/","name":"Barcelona Discovery","description":"Private Tours around Barcelona","publisher":{"@id":"https:\/\/barcelona-discovery.com\/#organization"},"potentialAction":[{"@type":"SearchAction","target":{"@type":"EntryPoint","urlTemplate":"https:\/\/barcelona-discovery.com\/?s={search_term_string}"},"query-input":{"@type":"PropertyValueSpecification","valueRequired":true,"valueName":"search_term_string"}}],"inLanguage":"ca"},{"@type":"Organization","@id":"https:\/\/barcelona-discovery.com\/#organization","name":"Barcelona Discovery","url":"https:\/\/barcelona-discovery.com\/","logo":{"@type":"ImageObject","inLanguage":"ca","@id":"https:\/\/barcelona-discovery.com\/#\/schema\/logo\/image\/","url":"https:\/\/barcelona-discovery.com\/wp-content\/uploads\/2024\/02\/logo-linkein.jpg","contentUrl":"https:\/\/barcelona-discovery.com\/wp-content\/uploads\/2024\/02\/logo-linkein.jpg","width":300,"height":300,"caption":"Barcelona Discovery"},"image":{"@id":"https:\/\/barcelona-discovery.com\/#\/schema\/logo\/image\/"},"sameAs":["https:\/\/www.facebook.com\/BarcelonaDiscovery\/","https:\/\/x.com\/bcn_discovery","https:\/\/www.instagram.com\/barcelonadiscovery\/","https:\/\/www.youtube.com\/channel\/UCwpragtLkdmFTHCzinFQG_g"]}]}},"_links":{"self":[{"href":"https:\/\/barcelona-discovery.com\/ca\/wp-json\/wp\/v2\/pages\/1269","targetHints":{"allow":["GET"]}}],"collection":[{"href":"https:\/\/barcelona-discovery.com\/ca\/wp-json\/wp\/v2\/pages"}],"about":[{"href":"https:\/\/barcelona-discovery.com\/ca\/wp-json\/wp\/v2\/types\/page"}],"author":[{"embeddable":true,"href":"https:\/\/barcelona-discovery.com\/ca\/wp-json\/wp\/v2\/users\/1"}],"replies":[{"embeddable":true,"href":"https:\/\/barcelona-discovery.com\/ca\/wp-json\/wp\/v2\/comments?post=1269"}],"version-history":[{"count":22,"href":"https:\/\/barcelona-discovery.com\/ca\/wp-json\/wp\/v2\/pages\/1269\/revisions"}],"predecessor-version":[{"id":7481,"href":"https:\/\/barcelona-discovery.com\/ca\/wp-json\/wp\/v2\/pages\/1269\/revisions\/7481"}],"wp:attachment":[{"href":"https:\/\/barcelona-discovery.com\/ca\/wp-json\/wp\/v2\/media?parent=1269"}],"curies":[{"name":"wp","href":"https:\/\/api.w.org\/{rel}","templated":true}]}}