{"id":5003,"date":"2020-04-14T22:53:30","date_gmt":"2020-04-14T21:53:30","guid":{"rendered":"https:\/\/barcelona-discovery.com\/?page_id=5003"},"modified":"2020-05-11T22:44:25","modified_gmt":"2020-05-11T21:44:25","slug":"vin-ecologics","status":"publish","type":"page","link":"https:\/\/barcelona-discovery.com\/ca\/vin-ecologics\/","title":{"rendered":"Vins Ecol\u00f2gics"},"content":{"rendered":"<div class=\"wpb-content-wrapper\"><p>[vc_row][vc_column][vc_wp_search][vc_row_inner][vc_column_inner][\/vc_column_inner][\/vc_row_inner][\/vc_column][\/vc_row][vc_row][vc_column]<div class=\"woocommerce columns-2 \"><\/div>[\/vc_column][\/vc_row]<\/p>\n<\/div>","protected":false},"excerpt":{"rendered":"<p>[vc_row][vc_column][vc_wp_search][vc_row_inner][vc_column_inner][\/vc_column_inner][\/vc_row_inner][\/vc_column][\/vc_row][vc_row][vc_column][\/vc_column][\/vc_row]<\/p>\n","protected":false},"author":1,"featured_media":0,"parent":0,"menu_order":0,"comment_status":"closed","ping_status":"closed","template":"","meta":{"footnotes":""},"class_list":["post-5003","page","type-page","status-publish","hentry"],"yoast_head":"<!-- This site is optimized with the Yoast SEO plugin v26.1.1 - https:\/\/yoast.com\/wordpress\/plugins\/seo\/ -->\n<title>Compra Vins Ecol\u00f2gics Online - Vins Gourmet i de Qualitat- Botiga Online<\/title>\n<meta name=\"description\" content=\"Botiga Online amb productes ecol\u00f2gics i de proximitat.Compra Vins ecol\u00f2gics i de qualitat. Son productes que podreu gaudir a les nostres experi\u00e8ncies\" \/>\n<meta name=\"robots\" content=\"index, follow, max-snippet:-1, max-image-preview:large, max-video-preview:-1\" \/>\n<link rel=\"canonical\" href=\"https:\/\/barcelona-discovery.com\/ca\/botiga__trashed\/vin-ecologics\/\" \/>\n<meta property=\"og:locale\" content=\"ca_ES\" \/>\n<meta property=\"og:type\" content=\"article\" \/>\n<meta property=\"og:title\" content=\"Compra Vins Ecol\u00f2gics Online - Vins Gourmet i de Qualitat- Botiga Online\" \/>\n<meta property=\"og:description\" content=\"Botiga Online amb productes ecol\u00f2gics i de proximitat.Compra Vins ecol\u00f2gics i de qualitat. Son productes que podreu gaudir a les nostres experi\u00e8ncies\" \/>\n<meta property=\"og:url\" content=\"https:\/\/barcelona-discovery.com\/ca\/botiga__trashed\/vin-ecologics\/\" \/>\n<meta property=\"og:site_name\" content=\"Barcelona Discovery\" \/>\n<meta property=\"article:publisher\" content=\"https:\/\/www.facebook.com\/BarcelonaDiscovery\/\" \/>\n<meta property=\"article:modified_time\" content=\"2020-05-11T21:44:25+00:00\" \/>\n<meta name=\"twitter:card\" content=\"summary_large_image\" \/>\n<meta name=\"twitter:site\" content=\"@bcn_discovery\" \/>\n<script type=\"application\/ld+json\" class=\"yoast-schema-graph\">{\"@context\":\"https:\/\/schema.org\",\"@graph\":[{\"@type\":\"WebPage\",\"@id\":\"https:\/\/barcelona-discovery.com\/ca\/botiga__trashed\/vin-ecologics\/\",\"url\":\"https:\/\/barcelona-discovery.com\/ca\/botiga__trashed\/vin-ecologics\/\",\"name\":\"Compra Vins Ecol\u00f2gics Online - Vins Gourmet i de Qualitat- Botiga Online\",\"isPartOf\":{\"@id\":\"https:\/\/barcelona-discovery.com\/#website\"},\"datePublished\":\"2020-04-14T21:53:30+00:00\",\"dateModified\":\"2020-05-11T21:44:25+00:00\",\"description\":\"Botiga Online amb productes ecol\u00f2gics i de proximitat.Compra Vins ecol\u00f2gics i de qualitat. Son productes que podreu gaudir a les nostres experi\u00e8ncies\",\"breadcrumb\":{\"@id\":\"https:\/\/barcelona-discovery.com\/ca\/botiga__trashed\/vin-ecologics\/#breadcrumb\"},\"inLanguage\":\"ca\",\"potentialAction\":[{\"@type\":\"ReadAction\",\"target\":[\"https:\/\/barcelona-discovery.com\/ca\/botiga__trashed\/vin-ecologics\/\"]}]},{\"@type\":\"BreadcrumbList\",\"@id\":\"https:\/\/barcelona-discovery.com\/ca\/botiga__trashed\/vin-ecologics\/#breadcrumb\",\"itemListElement\":[{\"@type\":\"ListItem\",\"position\":1,\"name\":\"Home\",\"item\":\"https:\/\/barcelona-discovery.com\/ca\/\"},{\"@type\":\"ListItem\",\"position\":2,\"name\":\"Vins Ecol\u00f2gics\"}]},{\"@type\":\"WebSite\",\"@id\":\"https:\/\/barcelona-discovery.com\/#website\",\"url\":\"https:\/\/barcelona-discovery.com\/\",\"name\":\"Barcelona Discovery\",\"description\":\"Private Tours around Barcelona\",\"publisher\":{\"@id\":\"https:\/\/barcelona-discovery.com\/#organization\"},\"potentialAction\":[{\"@type\":\"SearchAction\",\"target\":{\"@type\":\"EntryPoint\",\"urlTemplate\":\"https:\/\/barcelona-discovery.com\/?s={search_term_string}\"},\"query-input\":{\"@type\":\"PropertyValueSpecification\",\"valueRequired\":true,\"valueName\":\"search_term_string\"}}],\"inLanguage\":\"ca\"},{\"@type\":\"Organization\",\"@id\":\"https:\/\/barcelona-discovery.com\/#organization\",\"name\":\"Barcelona Discovery\",\"url\":\"https:\/\/barcelona-discovery.com\/\",\"logo\":{\"@type\":\"ImageObject\",\"inLanguage\":\"ca\",\"@id\":\"https:\/\/barcelona-discovery.com\/#\/schema\/logo\/image\/\",\"url\":\"https:\/\/barcelona-discovery.com\/wp-content\/uploads\/2024\/02\/logo-linkein.jpg\",\"contentUrl\":\"https:\/\/barcelona-discovery.com\/wp-content\/uploads\/2024\/02\/logo-linkein.jpg\",\"width\":300,\"height\":300,\"caption\":\"Barcelona Discovery\"},\"image\":{\"@id\":\"https:\/\/barcelona-discovery.com\/#\/schema\/logo\/image\/\"},\"sameAs\":[\"https:\/\/www.facebook.com\/BarcelonaDiscovery\/\",\"https:\/\/x.com\/bcn_discovery\",\"https:\/\/www.instagram.com\/barcelonadiscovery\/\",\"https:\/\/www.youtube.com\/channel\/UCwpragtLkdmFTHCzinFQG_g\"]}]}<\/script>\n<!-- \/ Yoast SEO plugin. -->","yoast_head_json":{"title":"Compra Vins Ecol\u00f2gics Online - Vins Gourmet i de Qualitat- Botiga Online","description":"Botiga Online amb productes ecol\u00f2gics i de proximitat.Compra Vins ecol\u00f2gics i de qualitat. Son productes que podreu gaudir a les nostres experi\u00e8ncies","robots":{"index":"index","follow":"follow","max-snippet":"max-snippet:-1","max-image-preview":"max-image-preview:large","max-video-preview":"max-video-preview:-1"},"canonical":"https:\/\/barcelona-discovery.com\/ca\/botiga__trashed\/vin-ecologics\/","og_locale":"ca_ES","og_type":"article","og_title":"Compra Vins Ecol\u00f2gics Online - Vins Gourmet i de Qualitat- Botiga Online","og_description":"Botiga Online amb productes ecol\u00f2gics i de proximitat.Compra Vins ecol\u00f2gics i de qualitat. Son productes que podreu gaudir a les nostres experi\u00e8ncies","og_url":"https:\/\/barcelona-discovery.com\/ca\/botiga__trashed\/vin-ecologics\/","og_site_name":"Barcelona Discovery","article_publisher":"https:\/\/www.facebook.com\/BarcelonaDiscovery\/","article_modified_time":"2020-05-11T21:44:25+00:00","twitter_card":"summary_large_image","twitter_site":"@bcn_discovery","schema":{"@context":"https:\/\/schema.org","@graph":[{"@type":"WebPage","@id":"https:\/\/barcelona-discovery.com\/ca\/botiga__trashed\/vin-ecologics\/","url":"https:\/\/barcelona-discovery.com\/ca\/botiga__trashed\/vin-ecologics\/","name":"Compra Vins Ecol\u00f2gics Online - Vins Gourmet i de Qualitat- Botiga Online","isPartOf":{"@id":"https:\/\/barcelona-discovery.com\/#website"},"datePublished":"2020-04-14T21:53:30+00:00","dateModified":"2020-05-11T21:44:25+00:00","description":"Botiga Online amb productes ecol\u00f2gics i de proximitat.Compra Vins ecol\u00f2gics i de qualitat. Son productes que podreu gaudir a les nostres experi\u00e8ncies","breadcrumb":{"@id":"https:\/\/barcelona-discovery.com\/ca\/botiga__trashed\/vin-ecologics\/#breadcrumb"},"inLanguage":"ca","potentialAction":[{"@type":"ReadAction","target":["https:\/\/barcelona-discovery.com\/ca\/botiga__trashed\/vin-ecologics\/"]}]},{"@type":"BreadcrumbList","@id":"https:\/\/barcelona-discovery.com\/ca\/botiga__trashed\/vin-ecologics\/#breadcrumb","itemListElement":[{"@type":"ListItem","position":1,"name":"Home","item":"https:\/\/barcelona-discovery.com\/ca\/"},{"@type":"ListItem","position":2,"name":"Vins Ecol\u00f2gics"}]},{"@type":"WebSite","@id":"https:\/\/barcelona-discovery.com\/#website","url":"https:\/\/barcelona-discovery.com\/","name":"Barcelona Discovery","description":"Private Tours around Barcelona","publisher":{"@id":"https:\/\/barcelona-discovery.com\/#organization"},"potentialAction":[{"@type":"SearchAction","target":{"@type":"EntryPoint","urlTemplate":"https:\/\/barcelona-discovery.com\/?s={search_term_string}"},"query-input":{"@type":"PropertyValueSpecification","valueRequired":true,"valueName":"search_term_string"}}],"inLanguage":"ca"},{"@type":"Organization","@id":"https:\/\/barcelona-discovery.com\/#organization","name":"Barcelona Discovery","url":"https:\/\/barcelona-discovery.com\/","logo":{"@type":"ImageObject","inLanguage":"ca","@id":"https:\/\/barcelona-discovery.com\/#\/schema\/logo\/image\/","url":"https:\/\/barcelona-discovery.com\/wp-content\/uploads\/2024\/02\/logo-linkein.jpg","contentUrl":"https:\/\/barcelona-discovery.com\/wp-content\/uploads\/2024\/02\/logo-linkein.jpg","width":300,"height":300,"caption":"Barcelona Discovery"},"image":{"@id":"https:\/\/barcelona-discovery.com\/#\/schema\/logo\/image\/"},"sameAs":["https:\/\/www.facebook.com\/BarcelonaDiscovery\/","https:\/\/x.com\/bcn_discovery","https:\/\/www.instagram.com\/barcelonadiscovery\/","https:\/\/www.youtube.com\/channel\/UCwpragtLkdmFTHCzinFQG_g"]}]}},"_links":{"self":[{"href":"https:\/\/barcelona-discovery.com\/ca\/wp-json\/wp\/v2\/pages\/5003","targetHints":{"allow":["GET"]}}],"collection":[{"href":"https:\/\/barcelona-discovery.com\/ca\/wp-json\/wp\/v2\/pages"}],"about":[{"href":"https:\/\/barcelona-discovery.com\/ca\/wp-json\/wp\/v2\/types\/page"}],"author":[{"embeddable":true,"href":"https:\/\/barcelona-discovery.com\/ca\/wp-json\/wp\/v2\/users\/1"}],"replies":[{"embeddable":true,"href":"https:\/\/barcelona-discovery.com\/ca\/wp-json\/wp\/v2\/comments?post=5003"}],"version-history":[{"count":7,"href":"https:\/\/barcelona-discovery.com\/ca\/wp-json\/wp\/v2\/pages\/5003\/revisions"}],"predecessor-version":[{"id":5293,"href":"https:\/\/barcelona-discovery.com\/ca\/wp-json\/wp\/v2\/pages\/5003\/revisions\/5293"}],"wp:attachment":[{"href":"https:\/\/barcelona-discovery.com\/ca\/wp-json\/wp\/v2\/media?parent=5003"}],"curies":[{"name":"wp","href":"https:\/\/api.w.org\/{rel}","templated":true}]}}