{"id":6777,"date":"2021-02-23T12:39:59","date_gmt":"2021-02-23T11:39:59","guid":{"rendered":"https:\/\/barcelona-discovery.com\/?page_id=6777"},"modified":"2021-10-15T14:08:38","modified_gmt":"2021-10-15T13:08:38","slug":"preservacio-de-lentorn-natural-i-patrominial","status":"publish","type":"page","link":"https:\/\/barcelona-discovery.com\/ca\/preservacio-de-lentorn-natural-i-patrominial\/","title":{"rendered":"Preservaci\u00f3 de l\u2019Entorn Natural i Patrimonial"},"content":{"rendered":"<p>Estimats clients, conscients de la import\u00e0ncia de conscienciar sobre medi ambient i sostenibilitat, a <strong>Barcelona Discovery\u00a0<\/strong> s&#8217;han posat en marxa iniciatives i\/o procediments per a afavorir la preservaci\u00f3 de l\u2019entorn natural i patrimonial:<\/p>\n<p><strong>\u00a0<\/strong><\/p>\n<p><strong>El canvi est\u00e0 a les teves mans, ajuda&#8217;ns ha cuidar i preservar l&#8217;entorn natural i cultural<\/strong><\/p>\n<p>&nbsp;<\/p>\n<h2>Posa en pr\u00e0ctica les bones pr\u00e0ctiques locals<\/h2>\n<p><strong>Litoral i platges<\/strong><\/p>\n<ul>\n<li>No portis cap pl\u00e0stic susceptible a sortir volant (bosses, films, etc.).<\/li>\n<li>No fumis a la platja o, si ho fas, porta un cendrer i tira les burilles a les escombraries.<\/li>\n<li>No trepitjar ni alterar les dunes d&#8217;arena en les zones en les que hi siguin presents. Les dunes exerceixen moltes funcions en la naturalesa: dissipen l&#8217;energia del mar, s\u00f3n l&#8217;h\u00e0bitat de moltes esp\u00e8cies, etc. No les trepitgis, ni les usis com a refugi del vent per a prendre el sol.<\/li>\n<li>Si duus molts d&#8217;accessoris, com para-sols, tauletes i cadires plegables, procurau instal\u00b7lar-los a una certa dist\u00e0ncia, de manera que no molestin els altres banyistes.<\/li>\n<li>Respectar la flora i la fauna, tant a la platja com a dins del mar. No us endugueupostres de flora ni de fauna d&#8217;esp\u00e8cies end\u00e8miques o protegides.<\/li>\n<li>Recordeu que est\u00e0 prohibit que els animals circulin per la platja, excepte a les \u00e0rees de lliure acc\u00e9s.<\/li>\n<li>Els aliments s&#8217;alteren exposats al sol; la venda ambulant est\u00e0 prohibida i produeix deixalles.<\/li>\n<li>Si duus una r\u00e0dio procureu que el volum no sigui excessiu. La platja sol ser un lloc bastant concorregut i evitar el nivell de renou \u00e9s tasca de tots.<\/li>\n<li>Si aneu amb nens procureu que juguin sense molestar als altres banyistes, a les zones adaptades o de menys concurr\u00e8ncia.<\/li>\n<li>On es disposi d&#8217;instal\u00b7lacions de dutxa, feu-ne un bon \u00fas, no empreu m\u00e9s aigua de la necess\u00e0ria i evitau usar sab\u00f3.<\/li>\n<li>Una platja neta no \u00e9s aquella que es neteja amb mitjans mec\u00e0nics, aquesta \u00e9s una platja morta. Col\u00b7labora en la seva neteja. Si veus escombraries en el s\u00f2l, retira-la. Et sentir\u00e0s millor i la platja tamb\u00e9.<\/li>\n<li>Respecta els accessos a la platja, camina una mica m\u00e9s per a arribar a la teva destinaci\u00f3 favorita. La teva platja t&#8217;ho agrair\u00e0 i la teva salut tamb\u00e9.<\/li>\n<li>Uneix-te a qualsevol moviment o activitat de conscienciaci\u00f3 mediambiental. Sens dubte, aqu\u00ed coneixereu gent que us obrir\u00e0 nous camins i descobrireu, per exemple, d&#8217;on sali les escombraries que arriba al mar.<\/li>\n<\/ul>\n<p>&nbsp;<\/p>\n<p>&nbsp;<\/p>\n<h2>Gaudeix de la naturalesa<\/h2>\n<p><strong>Als parcs i espais verds <\/strong><\/p>\n<p>Durant la visita a l\u2019espai natural s\u2019han de seguir en tot moment les indicacions dels educadors i tamb\u00e9 cal:<\/p>\n<ul>\n<li>Respectar sempre la flora i la fauna.<\/li>\n<li>No desviar-se dels camins ni dels itineraris senyalitzats.<\/li>\n<li>Menjar a les zones de p\u00edcnic.<\/li>\n<li>No llen\u00e7ar deixalles a terra i, si \u00e9s possible, emportar-se la brossa que es genera.<\/li>\n<\/ul>\n<p>&nbsp;<\/p>\n<p>Aqui us deixem un enlla\u00e7 molt interessant on tobareu molta informaci\u00f3<\/p>\n<p>http:\/\/turismeperatothom.catalunya.com\/ca\/<\/p>\n<p>&nbsp;<\/p>\n<p>&nbsp;<\/p>\n","protected":false},"excerpt":{"rendered":"<p>Estimats clients, conscients de la import\u00e0ncia de conscienciar sobre medi ambient i sostenibilitat, a Barcelona Discovery\u00a0 s&#8217;han posat en marxa iniciatives i\/o procediments per a afavorir la preservaci\u00f3 de l\u2019entorn <\/p>\n","protected":false},"author":1,"featured_media":0,"parent":0,"menu_order":0,"comment_status":"closed","ping_status":"closed","template":"","meta":{"footnotes":""},"class_list":["post-6777","page","type-page","status-publish","hentry"],"yoast_head":"<!-- This site is optimized with the Yoast SEO plugin v26.1.1 - https:\/\/yoast.com\/wordpress\/plugins\/seo\/ -->\n<title>Preservaci\u00f3 de l\u2019Entorn Natural i Patrimonial<\/title>\n<meta name=\"description\" content=\"Estimats clients, conscients de la import\u00e0ncia de conscienciar sobre medi ambient i sostenibilitat, a Barcelona Discovery\u00a0 s&#039;han posat en marxa iniciatives i\/o procediments.\" \/>\n<meta name=\"robots\" content=\"index, follow, max-snippet:-1, max-image-preview:large, max-video-preview:-1\" \/>\n<link rel=\"canonical\" href=\"https:\/\/barcelona-discovery.com\/ca\/preservacio-de-lentorn-natural-i-patrominial\/\" \/>\n<meta property=\"og:locale\" content=\"ca_ES\" \/>\n<meta property=\"og:type\" content=\"article\" \/>\n<meta property=\"og:title\" content=\"Preservaci\u00f3 de l\u2019Entorn Natural i Patrimonial\" \/>\n<meta property=\"og:description\" content=\"Estimats clients, conscients de la import\u00e0ncia de conscienciar sobre medi ambient i sostenibilitat, a Barcelona Discovery\u00a0 s&#039;han posat en marxa iniciatives i\/o procediments.\" \/>\n<meta property=\"og:url\" content=\"https:\/\/barcelona-discovery.com\/ca\/preservacio-de-lentorn-natural-i-patrominial\/\" \/>\n<meta property=\"og:site_name\" content=\"Barcelona Discovery\" \/>\n<meta property=\"article:publisher\" content=\"https:\/\/www.facebook.com\/BarcelonaDiscovery\/\" \/>\n<meta property=\"article:modified_time\" content=\"2021-10-15T13:08:38+00:00\" \/>\n<meta name=\"twitter:card\" content=\"summary_large_image\" \/>\n<meta name=\"twitter:site\" content=\"@bcn_discovery\" \/>\n<meta name=\"twitter:label1\" content=\"Temps estimat de lectura\" \/>\n\t<meta name=\"twitter:data1\" content=\"3 minuts\" \/>\n<script type=\"application\/ld+json\" class=\"yoast-schema-graph\">{\"@context\":\"https:\/\/schema.org\",\"@graph\":[{\"@type\":\"WebPage\",\"@id\":\"https:\/\/barcelona-discovery.com\/ca\/preservacio-de-lentorn-natural-i-patrominial\/\",\"url\":\"https:\/\/barcelona-discovery.com\/ca\/preservacio-de-lentorn-natural-i-patrominial\/\",\"name\":\"Preservaci\u00f3 de l\u2019Entorn Natural i Patrimonial\",\"isPartOf\":{\"@id\":\"https:\/\/barcelona-discovery.com\/#website\"},\"datePublished\":\"2021-02-23T11:39:59+00:00\",\"dateModified\":\"2021-10-15T13:08:38+00:00\",\"description\":\"Estimats clients, conscients de la import\u00e0ncia de conscienciar sobre medi ambient i sostenibilitat, a Barcelona Discovery\u00a0 s'han posat en marxa iniciatives i\/o procediments.\",\"breadcrumb\":{\"@id\":\"https:\/\/barcelona-discovery.com\/ca\/preservacio-de-lentorn-natural-i-patrominial\/#breadcrumb\"},\"inLanguage\":\"ca\",\"potentialAction\":[{\"@type\":\"ReadAction\",\"target\":[\"https:\/\/barcelona-discovery.com\/ca\/preservacio-de-lentorn-natural-i-patrominial\/\"]}]},{\"@type\":\"BreadcrumbList\",\"@id\":\"https:\/\/barcelona-discovery.com\/ca\/preservacio-de-lentorn-natural-i-patrominial\/#breadcrumb\",\"itemListElement\":[{\"@type\":\"ListItem\",\"position\":1,\"name\":\"Home\",\"item\":\"https:\/\/barcelona-discovery.com\/ca\/\"},{\"@type\":\"ListItem\",\"position\":2,\"name\":\"Preservaci\u00f3 de l\u2019Entorn Natural i Patrimonial\"}]},{\"@type\":\"WebSite\",\"@id\":\"https:\/\/barcelona-discovery.com\/#website\",\"url\":\"https:\/\/barcelona-discovery.com\/\",\"name\":\"Barcelona Discovery\",\"description\":\"Private Tours around Barcelona\",\"publisher\":{\"@id\":\"https:\/\/barcelona-discovery.com\/#organization\"},\"potentialAction\":[{\"@type\":\"SearchAction\",\"target\":{\"@type\":\"EntryPoint\",\"urlTemplate\":\"https:\/\/barcelona-discovery.com\/?s={search_term_string}\"},\"query-input\":{\"@type\":\"PropertyValueSpecification\",\"valueRequired\":true,\"valueName\":\"search_term_string\"}}],\"inLanguage\":\"ca\"},{\"@type\":\"Organization\",\"@id\":\"https:\/\/barcelona-discovery.com\/#organization\",\"name\":\"Barcelona Discovery\",\"url\":\"https:\/\/barcelona-discovery.com\/\",\"logo\":{\"@type\":\"ImageObject\",\"inLanguage\":\"ca\",\"@id\":\"https:\/\/barcelona-discovery.com\/#\/schema\/logo\/image\/\",\"url\":\"https:\/\/barcelona-discovery.com\/wp-content\/uploads\/2024\/02\/logo-linkein.jpg\",\"contentUrl\":\"https:\/\/barcelona-discovery.com\/wp-content\/uploads\/2024\/02\/logo-linkein.jpg\",\"width\":300,\"height\":300,\"caption\":\"Barcelona Discovery\"},\"image\":{\"@id\":\"https:\/\/barcelona-discovery.com\/#\/schema\/logo\/image\/\"},\"sameAs\":[\"https:\/\/www.facebook.com\/BarcelonaDiscovery\/\",\"https:\/\/x.com\/bcn_discovery\",\"https:\/\/www.instagram.com\/barcelonadiscovery\/\",\"https:\/\/www.youtube.com\/channel\/UCwpragtLkdmFTHCzinFQG_g\"]}]}<\/script>\n<!-- \/ Yoast SEO plugin. -->","yoast_head_json":{"title":"Preservaci\u00f3 de l\u2019Entorn Natural i Patrimonial","description":"Estimats clients, conscients de la import\u00e0ncia de conscienciar sobre medi ambient i sostenibilitat, a Barcelona Discovery\u00a0 s'han posat en marxa iniciatives i\/o procediments.","robots":{"index":"index","follow":"follow","max-snippet":"max-snippet:-1","max-image-preview":"max-image-preview:large","max-video-preview":"max-video-preview:-1"},"canonical":"https:\/\/barcelona-discovery.com\/ca\/preservacio-de-lentorn-natural-i-patrominial\/","og_locale":"ca_ES","og_type":"article","og_title":"Preservaci\u00f3 de l\u2019Entorn Natural i Patrimonial","og_description":"Estimats clients, conscients de la import\u00e0ncia de conscienciar sobre medi ambient i sostenibilitat, a Barcelona Discovery\u00a0 s'han posat en marxa iniciatives i\/o procediments.","og_url":"https:\/\/barcelona-discovery.com\/ca\/preservacio-de-lentorn-natural-i-patrominial\/","og_site_name":"Barcelona Discovery","article_publisher":"https:\/\/www.facebook.com\/BarcelonaDiscovery\/","article_modified_time":"2021-10-15T13:08:38+00:00","twitter_card":"summary_large_image","twitter_site":"@bcn_discovery","twitter_misc":{"Temps estimat de lectura":"3 minuts"},"schema":{"@context":"https:\/\/schema.org","@graph":[{"@type":"WebPage","@id":"https:\/\/barcelona-discovery.com\/ca\/preservacio-de-lentorn-natural-i-patrominial\/","url":"https:\/\/barcelona-discovery.com\/ca\/preservacio-de-lentorn-natural-i-patrominial\/","name":"Preservaci\u00f3 de l\u2019Entorn Natural i Patrimonial","isPartOf":{"@id":"https:\/\/barcelona-discovery.com\/#website"},"datePublished":"2021-02-23T11:39:59+00:00","dateModified":"2021-10-15T13:08:38+00:00","description":"Estimats clients, conscients de la import\u00e0ncia de conscienciar sobre medi ambient i sostenibilitat, a Barcelona Discovery\u00a0 s'han posat en marxa iniciatives i\/o procediments.","breadcrumb":{"@id":"https:\/\/barcelona-discovery.com\/ca\/preservacio-de-lentorn-natural-i-patrominial\/#breadcrumb"},"inLanguage":"ca","potentialAction":[{"@type":"ReadAction","target":["https:\/\/barcelona-discovery.com\/ca\/preservacio-de-lentorn-natural-i-patrominial\/"]}]},{"@type":"BreadcrumbList","@id":"https:\/\/barcelona-discovery.com\/ca\/preservacio-de-lentorn-natural-i-patrominial\/#breadcrumb","itemListElement":[{"@type":"ListItem","position":1,"name":"Home","item":"https:\/\/barcelona-discovery.com\/ca\/"},{"@type":"ListItem","position":2,"name":"Preservaci\u00f3 de l\u2019Entorn Natural i Patrimonial"}]},{"@type":"WebSite","@id":"https:\/\/barcelona-discovery.com\/#website","url":"https:\/\/barcelona-discovery.com\/","name":"Barcelona Discovery","description":"Private Tours around Barcelona","publisher":{"@id":"https:\/\/barcelona-discovery.com\/#organization"},"potentialAction":[{"@type":"SearchAction","target":{"@type":"EntryPoint","urlTemplate":"https:\/\/barcelona-discovery.com\/?s={search_term_string}"},"query-input":{"@type":"PropertyValueSpecification","valueRequired":true,"valueName":"search_term_string"}}],"inLanguage":"ca"},{"@type":"Organization","@id":"https:\/\/barcelona-discovery.com\/#organization","name":"Barcelona Discovery","url":"https:\/\/barcelona-discovery.com\/","logo":{"@type":"ImageObject","inLanguage":"ca","@id":"https:\/\/barcelona-discovery.com\/#\/schema\/logo\/image\/","url":"https:\/\/barcelona-discovery.com\/wp-content\/uploads\/2024\/02\/logo-linkein.jpg","contentUrl":"https:\/\/barcelona-discovery.com\/wp-content\/uploads\/2024\/02\/logo-linkein.jpg","width":300,"height":300,"caption":"Barcelona Discovery"},"image":{"@id":"https:\/\/barcelona-discovery.com\/#\/schema\/logo\/image\/"},"sameAs":["https:\/\/www.facebook.com\/BarcelonaDiscovery\/","https:\/\/x.com\/bcn_discovery","https:\/\/www.instagram.com\/barcelonadiscovery\/","https:\/\/www.youtube.com\/channel\/UCwpragtLkdmFTHCzinFQG_g"]}]}},"_links":{"self":[{"href":"https:\/\/barcelona-discovery.com\/ca\/wp-json\/wp\/v2\/pages\/6777","targetHints":{"allow":["GET"]}}],"collection":[{"href":"https:\/\/barcelona-discovery.com\/ca\/wp-json\/wp\/v2\/pages"}],"about":[{"href":"https:\/\/barcelona-discovery.com\/ca\/wp-json\/wp\/v2\/types\/page"}],"author":[{"embeddable":true,"href":"https:\/\/barcelona-discovery.com\/ca\/wp-json\/wp\/v2\/users\/1"}],"replies":[{"embeddable":true,"href":"https:\/\/barcelona-discovery.com\/ca\/wp-json\/wp\/v2\/comments?post=6777"}],"version-history":[{"count":4,"href":"https:\/\/barcelona-discovery.com\/ca\/wp-json\/wp\/v2\/pages\/6777\/revisions"}],"predecessor-version":[{"id":7146,"href":"https:\/\/barcelona-discovery.com\/ca\/wp-json\/wp\/v2\/pages\/6777\/revisions\/7146"}],"wp:attachment":[{"href":"https:\/\/barcelona-discovery.com\/ca\/wp-json\/wp\/v2\/media?parent=6777"}],"curies":[{"name":"wp","href":"https:\/\/api.w.org\/{rel}","templated":true}]}}