{"id":7689,"date":"2023-11-17T10:12:04","date_gmt":"2023-11-17T09:12:04","guid":{"rendered":"https:\/\/barcelona-discovery.com\/sostenibilitat\/"},"modified":"2023-11-17T10:12:05","modified_gmt":"2023-11-17T09:12:05","slug":"sostenibilitat","status":"publish","type":"page","link":"https:\/\/barcelona-discovery.com\/ca\/sostenibilitat\/","title":{"rendered":"Sostenibilitat"},"content":{"rendered":"<div class=\"wpb-content-wrapper\"><p>[vc_row][vc_column width=&#8221;1\/2&#8243;][vc_tta_accordion][vc_tta_section i_type=&#8221;material&#8221; i_icon_material=&#8221;vc-material vc-material-directions_bus&#8221; add_icon=&#8221;true&#8221; title=&#8221;Transport&#8221; tab_id=&#8221;1674491491006-7ebec3a9-fefa&#8221;][vc_hoverbox image=&#8221;2582&#8243; primary_title=&#8221;&#8221; hover_title=&#8221;Transport&#8221; hover_background_color=&#8221;vista-blue&#8221;]<\/p>\n<p>Utilitzeu el transport p\u00fablic, local o col\u00b7lectiu per&nbsp;&nbsp;contribuir a la cura del medi ambient. Si \u00e9s possible, camineu o utilitzeu mitjans de transport no motoritzats, com la bicicleta.<\/p>\n<p>[\/vc_hoverbox][\/vc_tta_section][vc_tta_section i_type=&#8221;monosocial&#8221; i_icon_monosocial=&#8221;vc-mono vc-mono-icq&#8221; add_icon=&#8221;true&#8221; title=&#8221;Entorn Natural&#8221; tab_id=&#8221;1674491491007-0845f8ba-d19e&#8221;][vc_column_text]<\/p>\n<p>Utilitzeu el transport p\u00fablic, local o col\u00b7lectiu per&nbsp;&nbsp;contribuir a la cura del medi ambient. Si \u00e9s possible, camineu o utilitzeu mitjans de transport no motoritzats, com la bicicleta.<\/p>\n<p>[\/vc_column_text][\/vc_tta_section][\/vc_tta_accordion][vc_hoverbox image=&#8221;5997&#8243; primary_title=&#8221;&#8221; hover_title=&#8221;Entorn Natural&#8221; hover_background_color=&#8221;vista-blue&#8221;]<\/p>\n<p>Observeu la fauna des de lluny sense molestar-la, no arrenqueu flors ni plantes. En espais naturals, i sobretot en espais protegits, procura seguir sempre els senders.<\/p>\n<p>No agafar &#8216;souvenirs&#8217; d&#8217;espais naturals o arqueol\u00f2gics ni deteriorar el seu entorn amb grafits o realitzant activitats insostenibles.<\/p>\n<p>[\/vc_hoverbox][\/vc_column][vc_column width=&#8221;1\/2&#8243;][vc_tta_accordion][vc_tta_section i_type=&#8221;typicons&#8221; add_icon=&#8221;true&#8221; title=&#8221;Respecteu la vostra destinaci\u00f3&#8221; tab_id=&#8221;1674492919860-6bc0df4e-847a&#8221;][vc_hoverbox image=&#8221;2355&#8243; primary_title=&#8221;&#8221; hover_title=&#8221;Respecteu la vostra destinaci\u00f3&#8221; hover_background_color=&#8221;vista-blue&#8221; css_animation=&#8221;none&#8221;]<\/p>\n<p>Totes les poblacions tenen la seva pr\u00f2pia hist\u00f2ria, cultura i valors naturals. Cal con\u00e8ixer-los per saber com comportar-se sense fer-los mal.<\/p>\n<p>Establir relacions correctes i cordials amb la poblaci\u00f3 local, sense perjudicis. Intenta adaptar-te sempre als usos i costums locals, sense imposar els teus h\u00e0bits i estils de vida. Les persones no formen part del paisatge, \u00e9s aconsellable demanar-li perm\u00eds abans de fer fotos.<\/p>\n<p>[\/vc_hoverbox][\/vc_tta_section][vc_tta_section i_type=&#8221;typicons&#8221; i_icon_typicons=&#8221;typcn typcn-eye-outline&#8221; add_icon=&#8221;true&#8221; title=&#8221;Missio, Visi\u00f3 i valors&#8221; tab_id=&#8221;1674492919861-4f099322-e56e&#8221;][\/vc_tta_section][\/vc_tta_accordion][vc_hoverbox image=&#8221;1931&#8243; primary_title=&#8221;&#8221; hover_title=&#8221;Missi\u00f3, Visi\u00f3 i valors&#8221; hover_background_color=&#8221;vista-blue&#8221;]<\/p>\n<p>Missi\u00f3: Organitzem visites privades a mida, \u00faniques i personalitzades. Buscant oferir serveis d&#8217;alta qualitat tant per a clients particulars com per a ag\u00e8ncies de viatges i empreses.<\/p>\n<p>Visi\u00f3 de futur: Ser una ag\u00e8ncia que ofereixi serveis d&#8217;alta qualitat, fomentant el turisme sostenible, intentant donar a con\u00e8ixer Catalunya com un lloc amb experi\u00e8ncies \u00faniques.<\/p>\n<p>Valors: innovaci\u00f3, proactivitat, pensament positiu i empatia, respecte a la natura i l&#8217;entorn.<\/p>\n<p>[\/vc_hoverbox][\/vc_column][\/vc_row][vc_row][vc_column width=&#8221;1\/2&#8243;][vc_tta_accordion][vc_tta_section i_type=&#8221;material&#8221; i_icon_material=&#8221;vc-material vc-material-face&#8221; add_icon=&#8221;true&#8221; title=&#8221;Pr\u00e0ctica saludable&#8221; tab_id=&#8221;1674494009303-16d2373f-f0ba&#8221;][vc_hoverbox image=&#8221;3770&#8243; primary_title=&#8221;&#8221; hover_title=&#8221;Pr\u00e0ctica saludable&#8221; hover_background_color=&#8221;vista-blue&#8221;]<\/p>\n<p>Gaudeix dels espais naturals i de les diferents rutes que t&#8217;ofereix la destinaci\u00f3 per poder fer a peu o en bicicleta.<\/p>\n<p>Obre la teva ment a noves experi\u00e8ncies i sigues tolerant amb la diversitat. Contribuir al desenvolupament d&#8217;un turisme responsable, just i sostenible.<\/p>\n<p>[\/vc_hoverbox][\/vc_tta_section][\/vc_tta_accordion][\/vc_column][vc_column width=&#8221;1\/2&#8243;][vc_tta_accordion][vc_tta_section i_type=&#8221;typicons&#8221; i_icon_typicons=&#8221;typcn typcn-shopping-cart&#8221; add_icon=&#8221;true&#8221; title=&#8221;Reduir els residus&#8221; tab_id=&#8221;1674494216797-8ebd4eca-8ad1&#8243;][vc_hoverbox image=&#8221;1883&#8243; primary_title=&#8221;&#8221; hover_title=&#8221;Reduir els residus&#8221; hover_background_color=&#8221;vista-blue&#8221;]<\/p>\n<p>No llenceu escombraries. Guardeu-los fins que trobeu un lloc adequat per llen\u00e7ar-los (papers, contenidors, etc.).<\/p>\n<p>\u00c9s aconsellable portar envasos reutilitzables, com bosses o ampolles, per tal de generar menys residus.<\/p>\n<p>Utilitzar els recursos naturals com l&#8217;aigua, l&#8217;electricitat o el gas de manera responsable. Consumeix nom\u00e9s el que necessites.<\/p>\n<p>[\/vc_hoverbox][\/vc_tta_section][\/vc_tta_accordion][\/vc_column][\/vc_row]<\/p>\n<\/div>","protected":false},"excerpt":{"rendered":"<p>[vc_row][vc_column width=&#8221;1\/2&#8243;][vc_tta_accordion][vc_tta_section i_type=&#8221;material&#8221; i_icon_material=&#8221;vc-material vc-material-directions_bus&#8221; add_icon=&#8221;true&#8221; title=&#8221;Transport&#8221; tab_id=&#8221;1674491491006-7ebec3a9-fefa&#8221;][vc_hoverbox image=&#8221;2582&#8243; primary_title=&#8221;&#8221; hover_title=&#8221;Transport&#8221; hover_background_color=&#8221;vista-blue&#8221;]<br \/>\nUtilitzeu el transport p\u00fablic, local o col\u00b7lectiu per&nbsp;&nbsp;contribuir a la cura del medi ambient. Si \u00e9s possible, camineu <\/p>\n","protected":false},"author":1,"featured_media":0,"parent":0,"menu_order":0,"comment_status":"closed","ping_status":"closed","template":"","meta":{"footnotes":""},"class_list":["post-7689","page","type-page","status-publish","hentry"],"yoast_head":"<!-- This site is optimized with the Yoast SEO plugin v26.1.1 - https:\/\/yoast.com\/wordpress\/plugins\/seo\/ -->\n<title>Sostenibilitat - Barcelona Discovery<\/title>\n<meta name=\"robots\" content=\"index, follow, max-snippet:-1, max-image-preview:large, max-video-preview:-1\" \/>\n<link rel=\"canonical\" href=\"https:\/\/barcelona-discovery.com\/sustainability\/\" \/>\n<meta property=\"og:locale\" content=\"ca_ES\" \/>\n<meta property=\"og:type\" content=\"article\" \/>\n<meta property=\"og:title\" content=\"Sostenibilitat - Barcelona Discovery\" \/>\n<meta property=\"og:description\" content=\"[vc_row][vc_column width=&#8221;1\/2&#8243;][vc_tta_accordion][vc_tta_section i_type=&#8221;material&#8221; i_icon_material=&#8221;vc-material vc-material-directions_bus&#8221; add_icon=&#8221;true&#8221; title=&#8221;Transport&#8221; tab_id=&#8221;1674491491006-7ebec3a9-fefa&#8221;][vc_hoverbox image=&#8221;2582&#8243; primary_title=&#8221;&#8221; hover_title=&#8221;Transport&#8221; hover_background_color=&#8221;vista-blue&#8221;] Utilitzeu el transport p\u00fablic, local o col\u00b7lectiu per&nbsp;&nbsp;contribuir a la cura del medi ambient. Si \u00e9s possible, camineu\" \/>\n<meta property=\"og:url\" content=\"https:\/\/barcelona-discovery.com\/sustainability\/\" \/>\n<meta property=\"og:site_name\" content=\"Barcelona Discovery\" \/>\n<meta property=\"article:publisher\" content=\"https:\/\/www.facebook.com\/BarcelonaDiscovery\/\" \/>\n<meta property=\"article:modified_time\" content=\"2023-11-17T09:12:05+00:00\" \/>\n<meta name=\"twitter:card\" content=\"summary_large_image\" \/>\n<meta name=\"twitter:site\" content=\"@bcn_discovery\" \/>\n<meta name=\"twitter:label1\" content=\"Temps estimat de lectura\" \/>\n\t<meta name=\"twitter:data1\" content=\"3 minuts\" \/>\n<script type=\"application\/ld+json\" class=\"yoast-schema-graph\">{\"@context\":\"https:\/\/schema.org\",\"@graph\":[{\"@type\":\"WebPage\",\"@id\":\"https:\/\/barcelona-discovery.com\/sustainability\/\",\"url\":\"https:\/\/barcelona-discovery.com\/sustainability\/\",\"name\":\"Sostenibilitat - Barcelona Discovery\",\"isPartOf\":{\"@id\":\"https:\/\/barcelona-discovery.com\/#website\"},\"datePublished\":\"2023-11-17T09:12:04+00:00\",\"dateModified\":\"2023-11-17T09:12:05+00:00\",\"breadcrumb\":{\"@id\":\"https:\/\/barcelona-discovery.com\/sustainability\/#breadcrumb\"},\"inLanguage\":\"ca\",\"potentialAction\":[{\"@type\":\"ReadAction\",\"target\":[\"https:\/\/barcelona-discovery.com\/sustainability\/\"]}]},{\"@type\":\"BreadcrumbList\",\"@id\":\"https:\/\/barcelona-discovery.com\/sustainability\/#breadcrumb\",\"itemListElement\":[{\"@type\":\"ListItem\",\"position\":1,\"name\":\"Home\",\"item\":\"https:\/\/barcelona-discovery.com\/ca\/\"},{\"@type\":\"ListItem\",\"position\":2,\"name\":\"Sostenibilitat\"}]},{\"@type\":\"WebSite\",\"@id\":\"https:\/\/barcelona-discovery.com\/#website\",\"url\":\"https:\/\/barcelona-discovery.com\/\",\"name\":\"Barcelona Discovery\",\"description\":\"Private Tours around Barcelona\",\"publisher\":{\"@id\":\"https:\/\/barcelona-discovery.com\/#organization\"},\"potentialAction\":[{\"@type\":\"SearchAction\",\"target\":{\"@type\":\"EntryPoint\",\"urlTemplate\":\"https:\/\/barcelona-discovery.com\/?s={search_term_string}\"},\"query-input\":{\"@type\":\"PropertyValueSpecification\",\"valueRequired\":true,\"valueName\":\"search_term_string\"}}],\"inLanguage\":\"ca\"},{\"@type\":\"Organization\",\"@id\":\"https:\/\/barcelona-discovery.com\/#organization\",\"name\":\"Barcelona Discovery\",\"url\":\"https:\/\/barcelona-discovery.com\/\",\"logo\":{\"@type\":\"ImageObject\",\"inLanguage\":\"ca\",\"@id\":\"https:\/\/barcelona-discovery.com\/#\/schema\/logo\/image\/\",\"url\":\"https:\/\/barcelona-discovery.com\/wp-content\/uploads\/2024\/02\/logo-linkein.jpg\",\"contentUrl\":\"https:\/\/barcelona-discovery.com\/wp-content\/uploads\/2024\/02\/logo-linkein.jpg\",\"width\":300,\"height\":300,\"caption\":\"Barcelona Discovery\"},\"image\":{\"@id\":\"https:\/\/barcelona-discovery.com\/#\/schema\/logo\/image\/\"},\"sameAs\":[\"https:\/\/www.facebook.com\/BarcelonaDiscovery\/\",\"https:\/\/x.com\/bcn_discovery\",\"https:\/\/www.instagram.com\/barcelonadiscovery\/\",\"https:\/\/www.youtube.com\/channel\/UCwpragtLkdmFTHCzinFQG_g\"]}]}<\/script>\n<!-- \/ Yoast SEO plugin. -->","yoast_head_json":{"title":"Sostenibilitat - Barcelona Discovery","robots":{"index":"index","follow":"follow","max-snippet":"max-snippet:-1","max-image-preview":"max-image-preview:large","max-video-preview":"max-video-preview:-1"},"canonical":"https:\/\/barcelona-discovery.com\/sustainability\/","og_locale":"ca_ES","og_type":"article","og_title":"Sostenibilitat - Barcelona Discovery","og_description":"[vc_row][vc_column width=&#8221;1\/2&#8243;][vc_tta_accordion][vc_tta_section i_type=&#8221;material&#8221; i_icon_material=&#8221;vc-material vc-material-directions_bus&#8221; add_icon=&#8221;true&#8221; title=&#8221;Transport&#8221; tab_id=&#8221;1674491491006-7ebec3a9-fefa&#8221;][vc_hoverbox image=&#8221;2582&#8243; primary_title=&#8221;&#8221; hover_title=&#8221;Transport&#8221; hover_background_color=&#8221;vista-blue&#8221;] Utilitzeu el transport p\u00fablic, local o col\u00b7lectiu per&nbsp;&nbsp;contribuir a la cura del medi ambient. Si \u00e9s possible, camineu","og_url":"https:\/\/barcelona-discovery.com\/sustainability\/","og_site_name":"Barcelona Discovery","article_publisher":"https:\/\/www.facebook.com\/BarcelonaDiscovery\/","article_modified_time":"2023-11-17T09:12:05+00:00","twitter_card":"summary_large_image","twitter_site":"@bcn_discovery","twitter_misc":{"Temps estimat de lectura":"3 minuts"},"schema":{"@context":"https:\/\/schema.org","@graph":[{"@type":"WebPage","@id":"https:\/\/barcelona-discovery.com\/sustainability\/","url":"https:\/\/barcelona-discovery.com\/sustainability\/","name":"Sostenibilitat - Barcelona Discovery","isPartOf":{"@id":"https:\/\/barcelona-discovery.com\/#website"},"datePublished":"2023-11-17T09:12:04+00:00","dateModified":"2023-11-17T09:12:05+00:00","breadcrumb":{"@id":"https:\/\/barcelona-discovery.com\/sustainability\/#breadcrumb"},"inLanguage":"ca","potentialAction":[{"@type":"ReadAction","target":["https:\/\/barcelona-discovery.com\/sustainability\/"]}]},{"@type":"BreadcrumbList","@id":"https:\/\/barcelona-discovery.com\/sustainability\/#breadcrumb","itemListElement":[{"@type":"ListItem","position":1,"name":"Home","item":"https:\/\/barcelona-discovery.com\/ca\/"},{"@type":"ListItem","position":2,"name":"Sostenibilitat"}]},{"@type":"WebSite","@id":"https:\/\/barcelona-discovery.com\/#website","url":"https:\/\/barcelona-discovery.com\/","name":"Barcelona Discovery","description":"Private Tours around Barcelona","publisher":{"@id":"https:\/\/barcelona-discovery.com\/#organization"},"potentialAction":[{"@type":"SearchAction","target":{"@type":"EntryPoint","urlTemplate":"https:\/\/barcelona-discovery.com\/?s={search_term_string}"},"query-input":{"@type":"PropertyValueSpecification","valueRequired":true,"valueName":"search_term_string"}}],"inLanguage":"ca"},{"@type":"Organization","@id":"https:\/\/barcelona-discovery.com\/#organization","name":"Barcelona Discovery","url":"https:\/\/barcelona-discovery.com\/","logo":{"@type":"ImageObject","inLanguage":"ca","@id":"https:\/\/barcelona-discovery.com\/#\/schema\/logo\/image\/","url":"https:\/\/barcelona-discovery.com\/wp-content\/uploads\/2024\/02\/logo-linkein.jpg","contentUrl":"https:\/\/barcelona-discovery.com\/wp-content\/uploads\/2024\/02\/logo-linkein.jpg","width":300,"height":300,"caption":"Barcelona Discovery"},"image":{"@id":"https:\/\/barcelona-discovery.com\/#\/schema\/logo\/image\/"},"sameAs":["https:\/\/www.facebook.com\/BarcelonaDiscovery\/","https:\/\/x.com\/bcn_discovery","https:\/\/www.instagram.com\/barcelonadiscovery\/","https:\/\/www.youtube.com\/channel\/UCwpragtLkdmFTHCzinFQG_g"]}]}},"_links":{"self":[{"href":"https:\/\/barcelona-discovery.com\/ca\/wp-json\/wp\/v2\/pages\/7689","targetHints":{"allow":["GET"]}}],"collection":[{"href":"https:\/\/barcelona-discovery.com\/ca\/wp-json\/wp\/v2\/pages"}],"about":[{"href":"https:\/\/barcelona-discovery.com\/ca\/wp-json\/wp\/v2\/types\/page"}],"author":[{"embeddable":true,"href":"https:\/\/barcelona-discovery.com\/ca\/wp-json\/wp\/v2\/users\/1"}],"replies":[{"embeddable":true,"href":"https:\/\/barcelona-discovery.com\/ca\/wp-json\/wp\/v2\/comments?post=7689"}],"version-history":[{"count":3,"href":"https:\/\/barcelona-discovery.com\/ca\/wp-json\/wp\/v2\/pages\/7689\/revisions"}],"predecessor-version":[{"id":7692,"href":"https:\/\/barcelona-discovery.com\/ca\/wp-json\/wp\/v2\/pages\/7689\/revisions\/7692"}],"wp:attachment":[{"href":"https:\/\/barcelona-discovery.com\/ca\/wp-json\/wp\/v2\/media?parent=7689"}],"curies":[{"name":"wp","href":"https:\/\/api.w.org\/{rel}","templated":true}]}}