{"id":1674,"date":"2017-08-29T08:37:19","date_gmt":"2017-08-29T07:37:19","guid":{"rendered":"https:\/\/barcelona-discovery.com\/product\/paseo-en-globo-por-la-garrotxa\/"},"modified":"2025-11-19T22:02:23","modified_gmt":"2025-11-19T21:02:23","slug":"vol-en-globus-per-la-garrotxa","status":"publish","type":"product","link":"https:\/\/barcelona-discovery.com\/ca\/tours\/vol-en-globus-per-la-garrotxa\/","title":{"rendered":"Vol en Globus per la Zona Volc\u00e0nica de la Garrotxa"},"content":{"rendered":"<p>&nbsp;<\/p>\n<p><strong>Descobreixi<\/strong> l\u2019experi\u00e8ncia de sobrevolar el <strong>Parc Natural de la Zona Volc\u00e0nica de la Garrotxa<\/strong>, una de les zones m\u00e9s importants de volcans adormits de tot Europa. Un<strong> vol amb globus<\/strong> \u00e9s una manera diferent de fer turisme. Despla\u00e7ar-se per l\u2019aire enmig de la quietud i el silenci del cel us far\u00e0 sentir lliures i relaxats. Aquesta experi\u00e8ncia \u00e9s<strong> ideal per a amants de la natura<\/strong> i per als que busquen <strong>noves sensacions<\/strong>, doncs un <strong>vol amb globus<\/strong> ofereix una panor\u00e0mica de 360\u00ba sobre el paisatge. En dies clars, veurem des d<strong>e Montserrat fins a la Mar Mediterr\u00e0nia, amb els pirineus\u00a0 al fons i els volcans sota nostre.<\/strong><\/p>\n<p>L\u2019activitat comen\u00e7a a trenc d\u2019alba (estiu a les 7:00, primavera i tardor a les 7:30 i hivern a les 8:00). Mentre es <strong>prepara el globus per volar,<\/strong> podreu gaudir d\u2019una bona tassa de caf\u00e8, fer les fotos que us plagui o si es vol donar-nos un cop de m\u00e0 per inflar el globus. Durant el vol, el vent decidir\u00e0 quin trajecte fem durant una hora i mitja aproximadament. Un cop enlairats, prendrem una copa de cava rosat, beguda que marida amb el paisatge volc\u00e0nic que sobrevolarem, i coca de llardons.<\/p>\n<p>Un cop aterrats, us recollirem amb un vehicle 4&#215;4 per a retornar a la base, a on us oferirem un <strong>esmorzar a base de pa amb tom\u00e0quet, botifarra i fesolets de Santa Pau<\/strong>. Els postres seran de la cooperativa <strong>La Fageda, i tot plegat ho farem baixar amb vi i ratafia<\/strong> (licor tradicional catal\u00e0 a base de nous tendres i al voltant de 40 herbes diferents).<\/p>\n<p>En acabat d\u2019esmorzar si ho volan poden\u00a0 fer un volt per la <strong>vila medieval de Santa Pau<\/strong>, que fou constru\u00efda durant la primera meitat del segle XIV. De carrers estrets i voltada per muralles, amb una bonica Pla\u00e7a Major porxada a on s\u2019hi celebren les fires i mercats. Just damunt de la pla\u00e7a, hi ha un castell constru\u00eft al punt m\u00e9s alt de la vila. La seva construcci\u00f3 s\u2019inici\u00e0 al s. XIII, tot i que posteriorment se li don\u00e0 una aparen\u00e7a de gran casa senyorial. La Pla\u00e7a Major est\u00e0 dominada per l\u2019esgl\u00e9sia g\u00f2tica de Santa Maria, que esdevingu\u00e9 la parr\u00f2quia municipal arrel de la destrucci\u00f3 de l\u2019antiga Santa Maria dels Arcs, situada als afores i fortament malmesa pels terratr\u00e8mols dels anys 1427 i 1428.<\/p>\n<p>A Santa Pau tamb\u00e9 hi tindran l\u2019oportunitat d\u2019adquirir els cl\u00e0ssics<strong> \u201cFesolets de Santa Pau\u201d<\/strong> (mongetes que haureu tastat per esmorzar).<\/p>\n","protected":false},"excerpt":{"rendered":"<p><strong>Descobreix l&#8217; experi\u00e8ncia de sobrevolar en globus per la zona volc\u00e0nica de la Garrotza<\/strong><\/p>\n<p>&nbsp;<\/p>\n","protected":false},"featured_media":2188,"comment_status":"open","ping_status":"closed","template":"","meta":[],"product_brand":[],"product_cat":[120],"product_tag":[],"class_list":{"0":"post-1674","1":"product","2":"type-product","3":"status-publish","4":"has-post-thumbnail","6":"product_cat-experiencies-aeries","7":"pa_tour-type-experiencies-aeries","9":"first","10":"instock","11":"shipping-taxable","12":"purchasable","13":"product-type-tour_phys"},"yoast_head":"<!-- This site is optimized with the Yoast SEO plugin v26.1.1 - https:\/\/yoast.com\/wordpress\/plugins\/seo\/ -->\n<title>Vol en Globus pel Parc Natural de la Garrotxa \/ Regala o reserva el teu vol<\/title>\n<meta name=\"description\" content=\"Descobreixi l\u2019experi\u00e8ncia de sobrevolar el Parc Natural de la Zona Volc\u00e0nica de la Garrotxa.Un vol amb globus \u00e9s una manera diferent de fer turisme. Aquesta experi\u00e8ncia \u00e9s ideal per a amants de la natura i per als que busquen noves sensacions. Regala una experi\u00e8cia diferent. Inclou un esmorzar de forquilla i ganivet.\" \/>\n<meta name=\"robots\" content=\"index, follow, max-snippet:-1, max-image-preview:large, max-video-preview:-1\" \/>\n<link rel=\"canonical\" href=\"https:\/\/barcelona-discovery.com\/ca\/producte\/vol-en-globus-per-la-garrotxa\/\" \/>\n<meta property=\"og:locale\" content=\"ca_ES\" \/>\n<meta property=\"og:type\" content=\"article\" \/>\n<meta property=\"og:title\" content=\"Vol en Globus pel Parc Natural de la Garrotxa \/ Regala o reserva el teu vol\" \/>\n<meta property=\"og:description\" content=\"Descobreixi l\u2019experi\u00e8ncia de sobrevolar el Parc Natural de la Zona Volc\u00e0nica de la Garrotxa.Un vol amb globus \u00e9s una manera diferent de fer turisme. Aquesta experi\u00e8ncia \u00e9s ideal per a amants de la natura i per als que busquen noves sensacions. Regala una experi\u00e8cia diferent. Inclou un esmorzar de forquilla i ganivet.\" \/>\n<meta property=\"og:url\" content=\"https:\/\/barcelona-discovery.com\/ca\/producte\/vol-en-globus-per-la-garrotxa\/\" \/>\n<meta property=\"og:site_name\" content=\"Barcelona Discovery\" \/>\n<meta property=\"article:publisher\" content=\"https:\/\/www.facebook.com\/BarcelonaDiscovery\/\" \/>\n<meta property=\"article:modified_time\" content=\"2025-11-19T21:02:23+00:00\" \/>\n<meta property=\"og:image\" content=\"https:\/\/barcelona-discovery.com\/wp-content\/uploads\/2017\/08\/DSCF1464.jpg\" \/>\n\t<meta property=\"og:image:width\" content=\"1920\" \/>\n\t<meta property=\"og:image:height\" content=\"1080\" \/>\n\t<meta property=\"og:image:type\" content=\"image\/jpeg\" \/>\n<meta name=\"twitter:card\" content=\"summary_large_image\" \/>\n<meta name=\"twitter:site\" content=\"@bcn_discovery\" \/>\n<meta name=\"twitter:label1\" content=\"Temps estimat de lectura\" \/>\n\t<meta name=\"twitter:data1\" content=\"2 minuts\" \/>\n<script type=\"application\/ld+json\" class=\"yoast-schema-graph\">{\"@context\":\"https:\/\/schema.org\",\"@graph\":[{\"@type\":\"WebPage\",\"@id\":\"https:\/\/barcelona-discovery.com\/ca\/producte\/vol-en-globus-per-la-garrotxa\/\",\"url\":\"https:\/\/barcelona-discovery.com\/ca\/producte\/vol-en-globus-per-la-garrotxa\/\",\"name\":\"Vol en Globus pel Parc Natural de la Garrotxa \/ Regala o reserva el teu vol\",\"isPartOf\":{\"@id\":\"https:\/\/barcelona-discovery.com\/#website\"},\"primaryImageOfPage\":{\"@id\":\"https:\/\/barcelona-discovery.com\/ca\/producte\/vol-en-globus-per-la-garrotxa\/#primaryimage\"},\"image\":{\"@id\":\"https:\/\/barcelona-discovery.com\/ca\/producte\/vol-en-globus-per-la-garrotxa\/#primaryimage\"},\"thumbnailUrl\":\"https:\/\/barcelona-discovery.com\/wp-content\/uploads\/2017\/08\/DSCF1464.jpg\",\"datePublished\":\"2017-08-29T07:37:19+00:00\",\"dateModified\":\"2025-11-19T21:02:23+00:00\",\"description\":\"Descobreixi l\u2019experi\u00e8ncia de sobrevolar el Parc Natural de la Zona Volc\u00e0nica de la Garrotxa.Un vol amb globus \u00e9s una manera diferent de fer turisme. Aquesta experi\u00e8ncia \u00e9s ideal per a amants de la natura i per als que busquen noves sensacions. Regala una experi\u00e8cia diferent. Inclou un esmorzar de forquilla i ganivet.\",\"breadcrumb\":{\"@id\":\"https:\/\/barcelona-discovery.com\/ca\/producte\/vol-en-globus-per-la-garrotxa\/#breadcrumb\"},\"inLanguage\":\"ca\",\"potentialAction\":[{\"@type\":\"ReadAction\",\"target\":[\"https:\/\/barcelona-discovery.com\/ca\/producte\/vol-en-globus-per-la-garrotxa\/\"]}]},{\"@type\":\"ImageObject\",\"inLanguage\":\"ca\",\"@id\":\"https:\/\/barcelona-discovery.com\/ca\/producte\/vol-en-globus-per-la-garrotxa\/#primaryimage\",\"url\":\"https:\/\/barcelona-discovery.com\/wp-content\/uploads\/2017\/08\/DSCF1464.jpg\",\"contentUrl\":\"https:\/\/barcelona-discovery.com\/wp-content\/uploads\/2017\/08\/DSCF1464.jpg\",\"width\":1920,\"height\":1080,\"caption\":\"Barcelona Discovery Tours\"},{\"@type\":\"BreadcrumbList\",\"@id\":\"https:\/\/barcelona-discovery.com\/ca\/producte\/vol-en-globus-per-la-garrotxa\/#breadcrumb\",\"itemListElement\":[{\"@type\":\"ListItem\",\"position\":1,\"name\":\"Home\",\"item\":\"https:\/\/barcelona-discovery.com\/ca\/\"},{\"@type\":\"ListItem\",\"position\":2,\"name\":\"Tours\",\"item\":\"https:\/\/barcelona-discovery.com\/tours\/\"},{\"@type\":\"ListItem\",\"position\":3,\"name\":\"Vol en Globus per la Zona Volc\u00e0nica de la Garrotxa\"}]},{\"@type\":\"WebSite\",\"@id\":\"https:\/\/barcelona-discovery.com\/#website\",\"url\":\"https:\/\/barcelona-discovery.com\/\",\"name\":\"Barcelona Discovery\",\"description\":\"Private Tours around Barcelona\",\"publisher\":{\"@id\":\"https:\/\/barcelona-discovery.com\/#organization\"},\"potentialAction\":[{\"@type\":\"SearchAction\",\"target\":{\"@type\":\"EntryPoint\",\"urlTemplate\":\"https:\/\/barcelona-discovery.com\/?s={search_term_string}\"},\"query-input\":{\"@type\":\"PropertyValueSpecification\",\"valueRequired\":true,\"valueName\":\"search_term_string\"}}],\"inLanguage\":\"ca\"},{\"@type\":\"Organization\",\"@id\":\"https:\/\/barcelona-discovery.com\/#organization\",\"name\":\"Barcelona Discovery\",\"url\":\"https:\/\/barcelona-discovery.com\/\",\"logo\":{\"@type\":\"ImageObject\",\"inLanguage\":\"ca\",\"@id\":\"https:\/\/barcelona-discovery.com\/#\/schema\/logo\/image\/\",\"url\":\"https:\/\/barcelona-discovery.com\/wp-content\/uploads\/2024\/02\/logo-linkein.jpg\",\"contentUrl\":\"https:\/\/barcelona-discovery.com\/wp-content\/uploads\/2024\/02\/logo-linkein.jpg\",\"width\":300,\"height\":300,\"caption\":\"Barcelona Discovery\"},\"image\":{\"@id\":\"https:\/\/barcelona-discovery.com\/#\/schema\/logo\/image\/\"},\"sameAs\":[\"https:\/\/www.facebook.com\/BarcelonaDiscovery\/\",\"https:\/\/x.com\/bcn_discovery\",\"https:\/\/www.instagram.com\/barcelonadiscovery\/\",\"https:\/\/www.youtube.com\/channel\/UCwpragtLkdmFTHCzinFQG_g\"]}]}<\/script>\n<!-- \/ Yoast SEO plugin. -->","yoast_head_json":{"title":"Vol en Globus pel Parc Natural de la Garrotxa \/ Regala o reserva el teu vol","description":"Descobreixi l\u2019experi\u00e8ncia de sobrevolar el Parc Natural de la Zona Volc\u00e0nica de la Garrotxa.Un vol amb globus \u00e9s una manera diferent de fer turisme. Aquesta experi\u00e8ncia \u00e9s ideal per a amants de la natura i per als que busquen noves sensacions. Regala una experi\u00e8cia diferent. Inclou un esmorzar de forquilla i ganivet.","robots":{"index":"index","follow":"follow","max-snippet":"max-snippet:-1","max-image-preview":"max-image-preview:large","max-video-preview":"max-video-preview:-1"},"canonical":"https:\/\/barcelona-discovery.com\/ca\/producte\/vol-en-globus-per-la-garrotxa\/","og_locale":"ca_ES","og_type":"article","og_title":"Vol en Globus pel Parc Natural de la Garrotxa \/ Regala o reserva el teu vol","og_description":"Descobreixi l\u2019experi\u00e8ncia de sobrevolar el Parc Natural de la Zona Volc\u00e0nica de la Garrotxa.Un vol amb globus \u00e9s una manera diferent de fer turisme. Aquesta experi\u00e8ncia \u00e9s ideal per a amants de la natura i per als que busquen noves sensacions. Regala una experi\u00e8cia diferent. Inclou un esmorzar de forquilla i ganivet.","og_url":"https:\/\/barcelona-discovery.com\/ca\/producte\/vol-en-globus-per-la-garrotxa\/","og_site_name":"Barcelona Discovery","article_publisher":"https:\/\/www.facebook.com\/BarcelonaDiscovery\/","article_modified_time":"2025-11-19T21:02:23+00:00","og_image":[{"width":1920,"height":1080,"url":"https:\/\/barcelona-discovery.com\/wp-content\/uploads\/2017\/08\/DSCF1464.jpg","type":"image\/jpeg"}],"twitter_card":"summary_large_image","twitter_site":"@bcn_discovery","twitter_misc":{"Temps estimat de lectura":"2 minuts"},"schema":{"@context":"https:\/\/schema.org","@graph":[{"@type":"WebPage","@id":"https:\/\/barcelona-discovery.com\/ca\/producte\/vol-en-globus-per-la-garrotxa\/","url":"https:\/\/barcelona-discovery.com\/ca\/producte\/vol-en-globus-per-la-garrotxa\/","name":"Vol en Globus pel Parc Natural de la Garrotxa \/ Regala o reserva el teu vol","isPartOf":{"@id":"https:\/\/barcelona-discovery.com\/#website"},"primaryImageOfPage":{"@id":"https:\/\/barcelona-discovery.com\/ca\/producte\/vol-en-globus-per-la-garrotxa\/#primaryimage"},"image":{"@id":"https:\/\/barcelona-discovery.com\/ca\/producte\/vol-en-globus-per-la-garrotxa\/#primaryimage"},"thumbnailUrl":"https:\/\/barcelona-discovery.com\/wp-content\/uploads\/2017\/08\/DSCF1464.jpg","datePublished":"2017-08-29T07:37:19+00:00","dateModified":"2025-11-19T21:02:23+00:00","description":"Descobreixi l\u2019experi\u00e8ncia de sobrevolar el Parc Natural de la Zona Volc\u00e0nica de la Garrotxa.Un vol amb globus \u00e9s una manera diferent de fer turisme. Aquesta experi\u00e8ncia \u00e9s ideal per a amants de la natura i per als que busquen noves sensacions. Regala una experi\u00e8cia diferent. Inclou un esmorzar de forquilla i ganivet.","breadcrumb":{"@id":"https:\/\/barcelona-discovery.com\/ca\/producte\/vol-en-globus-per-la-garrotxa\/#breadcrumb"},"inLanguage":"ca","potentialAction":[{"@type":"ReadAction","target":["https:\/\/barcelona-discovery.com\/ca\/producte\/vol-en-globus-per-la-garrotxa\/"]}]},{"@type":"ImageObject","inLanguage":"ca","@id":"https:\/\/barcelona-discovery.com\/ca\/producte\/vol-en-globus-per-la-garrotxa\/#primaryimage","url":"https:\/\/barcelona-discovery.com\/wp-content\/uploads\/2017\/08\/DSCF1464.jpg","contentUrl":"https:\/\/barcelona-discovery.com\/wp-content\/uploads\/2017\/08\/DSCF1464.jpg","width":1920,"height":1080,"caption":"Barcelona Discovery Tours"},{"@type":"BreadcrumbList","@id":"https:\/\/barcelona-discovery.com\/ca\/producte\/vol-en-globus-per-la-garrotxa\/#breadcrumb","itemListElement":[{"@type":"ListItem","position":1,"name":"Home","item":"https:\/\/barcelona-discovery.com\/ca\/"},{"@type":"ListItem","position":2,"name":"Tours","item":"https:\/\/barcelona-discovery.com\/tours\/"},{"@type":"ListItem","position":3,"name":"Vol en Globus per la Zona Volc\u00e0nica de la Garrotxa"}]},{"@type":"WebSite","@id":"https:\/\/barcelona-discovery.com\/#website","url":"https:\/\/barcelona-discovery.com\/","name":"Barcelona Discovery","description":"Private Tours around Barcelona","publisher":{"@id":"https:\/\/barcelona-discovery.com\/#organization"},"potentialAction":[{"@type":"SearchAction","target":{"@type":"EntryPoint","urlTemplate":"https:\/\/barcelona-discovery.com\/?s={search_term_string}"},"query-input":{"@type":"PropertyValueSpecification","valueRequired":true,"valueName":"search_term_string"}}],"inLanguage":"ca"},{"@type":"Organization","@id":"https:\/\/barcelona-discovery.com\/#organization","name":"Barcelona Discovery","url":"https:\/\/barcelona-discovery.com\/","logo":{"@type":"ImageObject","inLanguage":"ca","@id":"https:\/\/barcelona-discovery.com\/#\/schema\/logo\/image\/","url":"https:\/\/barcelona-discovery.com\/wp-content\/uploads\/2024\/02\/logo-linkein.jpg","contentUrl":"https:\/\/barcelona-discovery.com\/wp-content\/uploads\/2024\/02\/logo-linkein.jpg","width":300,"height":300,"caption":"Barcelona Discovery"},"image":{"@id":"https:\/\/barcelona-discovery.com\/#\/schema\/logo\/image\/"},"sameAs":["https:\/\/www.facebook.com\/BarcelonaDiscovery\/","https:\/\/x.com\/bcn_discovery","https:\/\/www.instagram.com\/barcelonadiscovery\/","https:\/\/www.youtube.com\/channel\/UCwpragtLkdmFTHCzinFQG_g"]}]}},"_links":{"self":[{"href":"https:\/\/barcelona-discovery.com\/ca\/wp-json\/wp\/v2\/product\/1674","targetHints":{"allow":["GET"]}}],"collection":[{"href":"https:\/\/barcelona-discovery.com\/ca\/wp-json\/wp\/v2\/product"}],"about":[{"href":"https:\/\/barcelona-discovery.com\/ca\/wp-json\/wp\/v2\/types\/product"}],"replies":[{"embeddable":true,"href":"https:\/\/barcelona-discovery.com\/ca\/wp-json\/wp\/v2\/comments?post=1674"}],"wp:featuredmedia":[{"embeddable":true,"href":"https:\/\/barcelona-discovery.com\/ca\/wp-json\/wp\/v2\/media\/2188"}],"wp:attachment":[{"href":"https:\/\/barcelona-discovery.com\/ca\/wp-json\/wp\/v2\/media?parent=1674"}],"wp:term":[{"taxonomy":"product_brand","embeddable":true,"href":"https:\/\/barcelona-discovery.com\/ca\/wp-json\/wp\/v2\/product_brand?post=1674"},{"taxonomy":"product_cat","embeddable":true,"href":"https:\/\/barcelona-discovery.com\/ca\/wp-json\/wp\/v2\/product_cat?post=1674"},{"taxonomy":"product_tag","embeddable":true,"href":"https:\/\/barcelona-discovery.com\/ca\/wp-json\/wp\/v2\/product_tag?post=1674"}],"curies":[{"name":"wp","href":"https:\/\/api.w.org\/{rel}","templated":true}]}}