{"id":1690,"date":"2016-11-29T04:20:22","date_gmt":"2016-11-29T03:20:22","guid":{"rendered":"https:\/\/barcelona-discovery.com\/product\/paseo-en-velero-por-barcelona\/"},"modified":"2024-06-11T12:49:45","modified_gmt":"2024-06-11T11:49:45","slug":"sortida-en-veler-per-barcelona","status":"publish","type":"product","link":"https:\/\/barcelona-discovery.com\/ca\/tours\/sortida-en-veler-per-barcelona\/","title":{"rendered":"Sortida privada en Veler per Barcelona"},"content":{"rendered":"<p>&nbsp;<\/p>\n<p>Poder sentir la <strong>c\u00e0lida brisa marina mentre recorres la costa de Barcelona<\/strong> durant un parell d\u2019hores&#8230;<strong>navega<\/strong> amb nosaltres i podr\u00e0s redescobrir llocs emblem\u00e0tics de la ciutat des d\u2019una perspectiva \u00fanica. Embarcat en un veler de 38 peus, <strong>navegar\u00e0s la costa i observar\u00e0s icones barcelonines<\/strong> com Montju\u00efc, Colom, l\u2019hotel Vela, el Port Vell, Marem\u00e0gnum, la Barceloneta, la Sagrada Fam\u00edlia, el Tibidabo&#8230;<\/p>\n<p>Us fareu a la mar i <strong>esdevindreu uns aut\u00e8ntics mariners<\/strong> tot donant un cop de m\u00e0 amb les veles al patr\u00f3, i incl\u00fas podent agafar-ne el tim\u00f3! Tamb\u00e9 us podreu<strong> banyar<\/strong> si us ve de gust, i podreu degustar una c<strong>opa de cava amb pa amb tom\u00e0quet i pernil tot relaxant-vos amb la m\u00fasica de fons<\/strong>. Si ho prefereixes tamb\u00e9 podr\u00e0s obrir una cervesa, acomodar-te i deixar-te endur pel vent.<\/p>\n<p>Grups de 10 persones m\u00e0xim, per assegurar la correcta atenci\u00f3 per part del patr\u00f3.<\/p>\n<p>Resumint, aquesta sortida t\u2019ofereix la oportunitat de:<\/p>\n<p><i class=\"fa fa-check icon-tick icon-tick--on\"><\/i>Gaudir de l\u2019<strong>&#8220;skyline&#8221; de Barcelona des del mar<\/strong><\/p>\n<p><i class=\"fa fa-check icon-tick icon-tick--on\"><\/i>Tastet de<strong> pa amb tom\u00e0quet i pernil amb copa de cava<\/strong><\/p>\n<p><i class=\"fa fa-check icon-tick icon-tick--on\"><\/i>Fer de<strong> mariner<\/strong> donant un cop de m\u00e0 al patr\u00f3<\/p>\n<p><i class=\"fa fa-check icon-tick icon-tick--on\"><\/i><span style=\"font-weight: 400;\">E<\/span>scoltar la veu del vent i sentir-lo<\/p>\n<p><i class=\"fa fa-check icon-tick icon-tick--on\"><\/i><strong>Banyar-te<\/strong> a mar obert<\/p>\n<p>&nbsp;<\/p>\n<p>&nbsp;<\/p>\n<p><span style=\"font-weight: 400;\">\u00a0<\/span><\/p>\n<p>&nbsp;<\/p>\n<p>&nbsp;<\/p>\n","protected":false},"excerpt":{"rendered":"<p><b>Sortida privada\u00a0 en Veler per la Costa de Barcelona.<\/b><\/p>\n<p>&nbsp;<\/p>\n<p>&nbsp;<\/p>\n","protected":false},"featured_media":1949,"comment_status":"open","ping_status":"closed","template":"","meta":[],"product_brand":[],"product_cat":[190],"product_tag":[],"class_list":{"0":"post-1690","1":"product","2":"type-product","3":"status-publish","4":"has-post-thumbnail","6":"product_cat-experiencies-maritimes","7":"pa_tour-type-experiencies-maritimes","8":"pa_tour-types-land-experiences-sortides-barcelona","9":"pa_tour-types-sea-experiences-sailing-day-trips-ca","10":"tour_phys-regala-experiencies","12":"first","13":"instock","14":"shipping-taxable","15":"purchasable","16":"product-type-tour_phys"},"yoast_head":"<!-- This site is optimized with the Yoast SEO plugin v26.1.1 - https:\/\/yoast.com\/wordpress\/plugins\/seo\/ -->\n<title>Sortides privades en veler - Gaudeix del mar en familia o amics.<\/title>\n<meta name=\"description\" content=\"Sortides privades en veler per Barcelona. Sent la brisa c\u00e0lida del mar mentre navegueu per la costa de Barcelona.Gaudiu en famila, parella o amics.\" \/>\n<meta name=\"robots\" content=\"index, follow, max-snippet:-1, max-image-preview:large, max-video-preview:-1\" \/>\n<link rel=\"canonical\" href=\"https:\/\/barcelona-discovery.com\/ca\/producte\/sortida-en-veler-per-barcelona\/\" \/>\n<meta property=\"og:locale\" content=\"ca_ES\" \/>\n<meta property=\"og:type\" content=\"article\" \/>\n<meta property=\"og:title\" content=\"Sortides privades en veler - Gaudeix del mar en familia o amics.\" \/>\n<meta property=\"og:description\" content=\"Sortides privades en veler per Barcelona. Sent la brisa c\u00e0lida del mar mentre navegueu per la costa de Barcelona.Gaudiu en famila, parella o amics.\" \/>\n<meta property=\"og:url\" content=\"https:\/\/barcelona-discovery.com\/ca\/producte\/sortida-en-veler-per-barcelona\/\" \/>\n<meta property=\"og:site_name\" content=\"Barcelona Discovery\" \/>\n<meta property=\"article:publisher\" content=\"https:\/\/www.facebook.com\/BarcelonaDiscovery\/\" \/>\n<meta property=\"article:modified_time\" content=\"2024-06-11T11:49:45+00:00\" \/>\n<meta property=\"og:image\" content=\"https:\/\/barcelona-discovery.com\/wp-content\/uploads\/2016\/11\/veler2.jpg\" \/>\n\t<meta property=\"og:image:width\" content=\"1400\" \/>\n\t<meta property=\"og:image:height\" content=\"700\" \/>\n\t<meta property=\"og:image:type\" content=\"image\/jpeg\" \/>\n<meta name=\"twitter:card\" content=\"summary_large_image\" \/>\n<meta name=\"twitter:site\" content=\"@bcn_discovery\" \/>\n<meta name=\"twitter:label1\" content=\"Temps estimat de lectura\" \/>\n\t<meta name=\"twitter:data1\" content=\"2 minuts\" \/>\n<script type=\"application\/ld+json\" class=\"yoast-schema-graph\">{\"@context\":\"https:\/\/schema.org\",\"@graph\":[{\"@type\":\"WebPage\",\"@id\":\"https:\/\/barcelona-discovery.com\/ca\/producte\/sortida-en-veler-per-barcelona\/\",\"url\":\"https:\/\/barcelona-discovery.com\/ca\/producte\/sortida-en-veler-per-barcelona\/\",\"name\":\"Sortides privades en veler - Gaudeix del mar en familia o amics.\",\"isPartOf\":{\"@id\":\"https:\/\/barcelona-discovery.com\/#website\"},\"primaryImageOfPage\":{\"@id\":\"https:\/\/barcelona-discovery.com\/ca\/producte\/sortida-en-veler-per-barcelona\/#primaryimage\"},\"image\":{\"@id\":\"https:\/\/barcelona-discovery.com\/ca\/producte\/sortida-en-veler-per-barcelona\/#primaryimage\"},\"thumbnailUrl\":\"https:\/\/barcelona-discovery.com\/wp-content\/uploads\/2016\/11\/veler2.jpg\",\"datePublished\":\"2016-11-29T03:20:22+00:00\",\"dateModified\":\"2024-06-11T11:49:45+00:00\",\"description\":\"Sortides privades en veler per Barcelona. Sent la brisa c\u00e0lida del mar mentre navegueu per la costa de Barcelona.Gaudiu en famila, parella o amics.\",\"breadcrumb\":{\"@id\":\"https:\/\/barcelona-discovery.com\/ca\/producte\/sortida-en-veler-per-barcelona\/#breadcrumb\"},\"inLanguage\":\"ca\",\"potentialAction\":[{\"@type\":\"ReadAction\",\"target\":[\"https:\/\/barcelona-discovery.com\/ca\/producte\/sortida-en-veler-per-barcelona\/\"]}]},{\"@type\":\"ImageObject\",\"inLanguage\":\"ca\",\"@id\":\"https:\/\/barcelona-discovery.com\/ca\/producte\/sortida-en-veler-per-barcelona\/#primaryimage\",\"url\":\"https:\/\/barcelona-discovery.com\/wp-content\/uploads\/2016\/11\/veler2.jpg\",\"contentUrl\":\"https:\/\/barcelona-discovery.com\/wp-content\/uploads\/2016\/11\/veler2.jpg\",\"width\":1400,\"height\":700,\"caption\":\"Barcelona Boat Trip\"},{\"@type\":\"BreadcrumbList\",\"@id\":\"https:\/\/barcelona-discovery.com\/ca\/producte\/sortida-en-veler-per-barcelona\/#breadcrumb\",\"itemListElement\":[{\"@type\":\"ListItem\",\"position\":1,\"name\":\"Home\",\"item\":\"https:\/\/barcelona-discovery.com\/ca\/\"},{\"@type\":\"ListItem\",\"position\":2,\"name\":\"Tours\",\"item\":\"https:\/\/barcelona-discovery.com\/tours\/\"},{\"@type\":\"ListItem\",\"position\":3,\"name\":\"Sortida privada en Veler per Barcelona\"}]},{\"@type\":\"WebSite\",\"@id\":\"https:\/\/barcelona-discovery.com\/#website\",\"url\":\"https:\/\/barcelona-discovery.com\/\",\"name\":\"Barcelona Discovery\",\"description\":\"Private Tours around Barcelona\",\"publisher\":{\"@id\":\"https:\/\/barcelona-discovery.com\/#organization\"},\"potentialAction\":[{\"@type\":\"SearchAction\",\"target\":{\"@type\":\"EntryPoint\",\"urlTemplate\":\"https:\/\/barcelona-discovery.com\/?s={search_term_string}\"},\"query-input\":{\"@type\":\"PropertyValueSpecification\",\"valueRequired\":true,\"valueName\":\"search_term_string\"}}],\"inLanguage\":\"ca\"},{\"@type\":\"Organization\",\"@id\":\"https:\/\/barcelona-discovery.com\/#organization\",\"name\":\"Barcelona Discovery\",\"url\":\"https:\/\/barcelona-discovery.com\/\",\"logo\":{\"@type\":\"ImageObject\",\"inLanguage\":\"ca\",\"@id\":\"https:\/\/barcelona-discovery.com\/#\/schema\/logo\/image\/\",\"url\":\"https:\/\/barcelona-discovery.com\/wp-content\/uploads\/2024\/02\/logo-linkein.jpg\",\"contentUrl\":\"https:\/\/barcelona-discovery.com\/wp-content\/uploads\/2024\/02\/logo-linkein.jpg\",\"width\":300,\"height\":300,\"caption\":\"Barcelona Discovery\"},\"image\":{\"@id\":\"https:\/\/barcelona-discovery.com\/#\/schema\/logo\/image\/\"},\"sameAs\":[\"https:\/\/www.facebook.com\/BarcelonaDiscovery\/\",\"https:\/\/x.com\/bcn_discovery\",\"https:\/\/www.instagram.com\/barcelonadiscovery\/\",\"https:\/\/www.youtube.com\/channel\/UCwpragtLkdmFTHCzinFQG_g\"]}]}<\/script>\n<!-- \/ Yoast SEO plugin. -->","yoast_head_json":{"title":"Sortides privades en veler - Gaudeix del mar en familia o amics.","description":"Sortides privades en veler per Barcelona. Sent la brisa c\u00e0lida del mar mentre navegueu per la costa de Barcelona.Gaudiu en famila, parella o amics.","robots":{"index":"index","follow":"follow","max-snippet":"max-snippet:-1","max-image-preview":"max-image-preview:large","max-video-preview":"max-video-preview:-1"},"canonical":"https:\/\/barcelona-discovery.com\/ca\/producte\/sortida-en-veler-per-barcelona\/","og_locale":"ca_ES","og_type":"article","og_title":"Sortides privades en veler - Gaudeix del mar en familia o amics.","og_description":"Sortides privades en veler per Barcelona. Sent la brisa c\u00e0lida del mar mentre navegueu per la costa de Barcelona.Gaudiu en famila, parella o amics.","og_url":"https:\/\/barcelona-discovery.com\/ca\/producte\/sortida-en-veler-per-barcelona\/","og_site_name":"Barcelona Discovery","article_publisher":"https:\/\/www.facebook.com\/BarcelonaDiscovery\/","article_modified_time":"2024-06-11T11:49:45+00:00","og_image":[{"width":1400,"height":700,"url":"https:\/\/barcelona-discovery.com\/wp-content\/uploads\/2016\/11\/veler2.jpg","type":"image\/jpeg"}],"twitter_card":"summary_large_image","twitter_site":"@bcn_discovery","twitter_misc":{"Temps estimat de lectura":"2 minuts"},"schema":{"@context":"https:\/\/schema.org","@graph":[{"@type":"WebPage","@id":"https:\/\/barcelona-discovery.com\/ca\/producte\/sortida-en-veler-per-barcelona\/","url":"https:\/\/barcelona-discovery.com\/ca\/producte\/sortida-en-veler-per-barcelona\/","name":"Sortides privades en veler - Gaudeix del mar en familia o amics.","isPartOf":{"@id":"https:\/\/barcelona-discovery.com\/#website"},"primaryImageOfPage":{"@id":"https:\/\/barcelona-discovery.com\/ca\/producte\/sortida-en-veler-per-barcelona\/#primaryimage"},"image":{"@id":"https:\/\/barcelona-discovery.com\/ca\/producte\/sortida-en-veler-per-barcelona\/#primaryimage"},"thumbnailUrl":"https:\/\/barcelona-discovery.com\/wp-content\/uploads\/2016\/11\/veler2.jpg","datePublished":"2016-11-29T03:20:22+00:00","dateModified":"2024-06-11T11:49:45+00:00","description":"Sortides privades en veler per Barcelona. Sent la brisa c\u00e0lida del mar mentre navegueu per la costa de Barcelona.Gaudiu en famila, parella o amics.","breadcrumb":{"@id":"https:\/\/barcelona-discovery.com\/ca\/producte\/sortida-en-veler-per-barcelona\/#breadcrumb"},"inLanguage":"ca","potentialAction":[{"@type":"ReadAction","target":["https:\/\/barcelona-discovery.com\/ca\/producte\/sortida-en-veler-per-barcelona\/"]}]},{"@type":"ImageObject","inLanguage":"ca","@id":"https:\/\/barcelona-discovery.com\/ca\/producte\/sortida-en-veler-per-barcelona\/#primaryimage","url":"https:\/\/barcelona-discovery.com\/wp-content\/uploads\/2016\/11\/veler2.jpg","contentUrl":"https:\/\/barcelona-discovery.com\/wp-content\/uploads\/2016\/11\/veler2.jpg","width":1400,"height":700,"caption":"Barcelona Boat Trip"},{"@type":"BreadcrumbList","@id":"https:\/\/barcelona-discovery.com\/ca\/producte\/sortida-en-veler-per-barcelona\/#breadcrumb","itemListElement":[{"@type":"ListItem","position":1,"name":"Home","item":"https:\/\/barcelona-discovery.com\/ca\/"},{"@type":"ListItem","position":2,"name":"Tours","item":"https:\/\/barcelona-discovery.com\/tours\/"},{"@type":"ListItem","position":3,"name":"Sortida privada en Veler per Barcelona"}]},{"@type":"WebSite","@id":"https:\/\/barcelona-discovery.com\/#website","url":"https:\/\/barcelona-discovery.com\/","name":"Barcelona Discovery","description":"Private Tours around Barcelona","publisher":{"@id":"https:\/\/barcelona-discovery.com\/#organization"},"potentialAction":[{"@type":"SearchAction","target":{"@type":"EntryPoint","urlTemplate":"https:\/\/barcelona-discovery.com\/?s={search_term_string}"},"query-input":{"@type":"PropertyValueSpecification","valueRequired":true,"valueName":"search_term_string"}}],"inLanguage":"ca"},{"@type":"Organization","@id":"https:\/\/barcelona-discovery.com\/#organization","name":"Barcelona Discovery","url":"https:\/\/barcelona-discovery.com\/","logo":{"@type":"ImageObject","inLanguage":"ca","@id":"https:\/\/barcelona-discovery.com\/#\/schema\/logo\/image\/","url":"https:\/\/barcelona-discovery.com\/wp-content\/uploads\/2024\/02\/logo-linkein.jpg","contentUrl":"https:\/\/barcelona-discovery.com\/wp-content\/uploads\/2024\/02\/logo-linkein.jpg","width":300,"height":300,"caption":"Barcelona Discovery"},"image":{"@id":"https:\/\/barcelona-discovery.com\/#\/schema\/logo\/image\/"},"sameAs":["https:\/\/www.facebook.com\/BarcelonaDiscovery\/","https:\/\/x.com\/bcn_discovery","https:\/\/www.instagram.com\/barcelonadiscovery\/","https:\/\/www.youtube.com\/channel\/UCwpragtLkdmFTHCzinFQG_g"]}]}},"_links":{"self":[{"href":"https:\/\/barcelona-discovery.com\/ca\/wp-json\/wp\/v2\/product\/1690","targetHints":{"allow":["GET"]}}],"collection":[{"href":"https:\/\/barcelona-discovery.com\/ca\/wp-json\/wp\/v2\/product"}],"about":[{"href":"https:\/\/barcelona-discovery.com\/ca\/wp-json\/wp\/v2\/types\/product"}],"replies":[{"embeddable":true,"href":"https:\/\/barcelona-discovery.com\/ca\/wp-json\/wp\/v2\/comments?post=1690"}],"wp:featuredmedia":[{"embeddable":true,"href":"https:\/\/barcelona-discovery.com\/ca\/wp-json\/wp\/v2\/media\/1949"}],"wp:attachment":[{"href":"https:\/\/barcelona-discovery.com\/ca\/wp-json\/wp\/v2\/media?parent=1690"}],"wp:term":[{"taxonomy":"product_brand","embeddable":true,"href":"https:\/\/barcelona-discovery.com\/ca\/wp-json\/wp\/v2\/product_brand?post=1690"},{"taxonomy":"product_cat","embeddable":true,"href":"https:\/\/barcelona-discovery.com\/ca\/wp-json\/wp\/v2\/product_cat?post=1690"},{"taxonomy":"product_tag","embeddable":true,"href":"https:\/\/barcelona-discovery.com\/ca\/wp-json\/wp\/v2\/product_tag?post=1690"}],"curies":[{"name":"wp","href":"https:\/\/api.w.org\/{rel}","templated":true}]}}