{"id":2565,"date":"2018-03-22T10:50:16","date_gmt":"2018-03-22T10:33:58","guid":{"rendered":"https:\/\/barcelona-discovery.com\/?post_type=product&#038;p=2565"},"modified":"2024-06-06T10:13:23","modified_gmt":"2024-06-06T09:13:23","slug":"tast-de-vins-amb-aperitiu","status":"publish","type":"product","link":"https:\/\/barcelona-discovery.com\/ca\/tours\/tast-de-vins-amb-aperitiu\/","title":{"rendered":"Tast de Vins &#8211; Aperitiu entre vinyes"},"content":{"rendered":"<p>Alguna vegada has imaginat f<strong>er l&#8217;aperitiu al cor d&#8217;algunes fant\u00e0stiques vinyes<\/strong>? Ara \u00e9s possible! Li oferim l&#8217;oportunitat de tenir un <strong>excel\u00b7lent aperitiu a les vinyes d&#8217;Alella<\/strong>, on tamb\u00e9 tindreu una vista espectacular de Barcelona i la costa.<\/p>\n<p>Aquesta experi\u00e8ncia tamb\u00e9 inclou una <strong>visita al celler<\/strong> que li donar\u00e0 l&#8217;oportunitat de visitar una t\u00edpica\u00a0masia catalana i passejar per les vinyes ecol\u00f2gics en un entorn \u00fanic.<\/p>\n<p>El celler, envoltat de vinyes, es troba dins d&#8217;una bonica casa de camp del segle 14, prop de la ciutat d&#8217;Alella. All\u00e0, la tradici\u00f3 coexisteix amb l&#8217;\u00faltima tecnologia enol\u00f2gica utilitzada per produir petites quantitats de vins org\u00e0nics de qualitat amb gran personalitat. Els ra\u00efms es recullen a m\u00e0 a les vinyes, es realitza un premsat suau i nom\u00e9s s&#8217;utilitza el suc i la fermentaci\u00f3\u00a0 es controla a temperatura per assegurar que la vinificaci\u00f3 es manegi b\u00e9.<\/p>\n<p><i class=\"fa fa-check icon-tick icon-tick--on\"><\/i>Resumint, amb aquesta experi\u00e8ncia vost\u00e8 &#8230;<\/p>\n<p><i class=\"fa fa-check icon-tick icon-tick--on\"><\/i><strong>Descobrir\u00e0<\/strong> com es fan els vins d&#8217;Alella<\/p>\n<p><i class=\"fa fa-check icon-tick icon-tick--on\"><\/i><strong>Visitareu el celler i la Masia<\/strong> del segle XIV<\/p>\n<p><i class=\"fa fa-check icon-tick icon-tick--on\"><\/i><strong>Visitareu<\/strong> les vinyes, la planta de producci\u00f3 i la sala de barrils<\/p>\n<p><i class=\"fa fa-check icon-tick icon-tick--on\"><\/i>Degustareu <strong>Aperitius Gourmet<\/strong> (olives, sardines amb melmelada, musclos marinats, pa amb tom\u00e0quet i anxoves, patates xips amb oli de t\u00f2fona<\/p>\n<p><i class=\"fa fa-check icon-tick icon-tick--on\"><\/i><strong>Tast<\/strong> de 5 vins\u00a0ecol\u00f2gics\u00a0diferents<\/p>\n<p><i class=\"fa fa-check icon-tick icon-tick--on\"><\/i>Gaudireu de les vistes magn\u00edfiques de Barcelona i la costa<\/p>\n","protected":false},"excerpt":{"rendered":"<p><b>Aperitiu entre vinyes amb\u00a0 visita i tast de Vins Ecol\u00f2gics a Alella<\/b><\/p>\n","protected":false},"featured_media":2334,"comment_status":"open","ping_status":"closed","template":"","meta":[],"product_brand":[],"product_cat":[176,142],"product_tag":[],"class_list":{"0":"post-2565","1":"product","2":"type-product","3":"status-publish","4":"has-post-thumbnail","6":"product_cat-experiencies-enoturistiques-gastronomiques","7":"product_cat-experiencies-terrestres","8":"pa_tour-type-experiencies-terrestres","9":"pa_tour-types-land-experiences-experiencies-enoturistiques-gastronomiques","10":"tour_phys-food-wine-experiences","11":"tour_phys-land-experiences","12":"tour_phys-regala-experiencies","14":"first","15":"instock","16":"shipping-taxable","17":"purchasable","18":"product-type-tour_phys"},"yoast_head":"<!-- This site is optimized with the Yoast SEO plugin v26.1.1 - https:\/\/yoast.com\/wordpress\/plugins\/seo\/ -->\n<title>Visita Guiada i Tast de Vins Ecol\u00f2gics \/ Aperitiu entre Vinyes a Alella<\/title>\n<meta name=\"description\" content=\"Tast de Vins Ecol\u00f2gics disfrutant d&#039; un aperitiu gourmet. Alguna vegada has imaginat fer l&#039;aperitiu al cor d&#039;algunes fant\u00e0stiques vinyes? Ara \u00e9s possible! Li oferim l&#039;oportunitat de tenir un excel\u00b7lent aperitiu a les vinyes d&#039;Alella, on tamb\u00e9 tindreu una vista espectacular de Barcelona i la costa. Reserva ara !!\" \/>\n<meta name=\"robots\" content=\"index, follow, max-snippet:-1, max-image-preview:large, max-video-preview:-1\" \/>\n<link rel=\"canonical\" href=\"https:\/\/barcelona-discovery.com\/ca\/producte\/tast-de-vins-amb-aperitiu\/\" \/>\n<meta property=\"og:locale\" content=\"ca_ES\" \/>\n<meta property=\"og:type\" content=\"article\" \/>\n<meta property=\"og:title\" content=\"Visita Guiada i Tast de Vins Ecol\u00f2gics \/ Aperitiu entre Vinyes a Alella\" \/>\n<meta property=\"og:description\" content=\"Tast de Vins Ecol\u00f2gics disfrutant d&#039; un aperitiu gourmet. Alguna vegada has imaginat fer l&#039;aperitiu al cor d&#039;algunes fant\u00e0stiques vinyes? Ara \u00e9s possible! Li oferim l&#039;oportunitat de tenir un excel\u00b7lent aperitiu a les vinyes d&#039;Alella, on tamb\u00e9 tindreu una vista espectacular de Barcelona i la costa. Reserva ara !!\" \/>\n<meta property=\"og:url\" content=\"https:\/\/barcelona-discovery.com\/ca\/producte\/tast-de-vins-amb-aperitiu\/\" \/>\n<meta property=\"og:site_name\" content=\"Barcelona Discovery\" \/>\n<meta property=\"article:publisher\" content=\"https:\/\/www.facebook.com\/BarcelonaDiscovery\/\" \/>\n<meta property=\"article:modified_time\" content=\"2024-06-06T09:13:23+00:00\" \/>\n<meta property=\"og:image\" content=\"https:\/\/barcelona-discovery.com\/wp-content\/uploads\/2018\/01\/aperitiu-1.jpg\" \/>\n\t<meta property=\"og:image:width\" content=\"1400\" \/>\n\t<meta property=\"og:image:height\" content=\"700\" \/>\n\t<meta property=\"og:image:type\" content=\"image\/jpeg\" \/>\n<meta name=\"twitter:card\" content=\"summary_large_image\" \/>\n<meta name=\"twitter:site\" content=\"@bcn_discovery\" \/>\n<meta name=\"twitter:label1\" content=\"Temps estimat de lectura\" \/>\n\t<meta name=\"twitter:data1\" content=\"2 minuts\" \/>\n<script type=\"application\/ld+json\" class=\"yoast-schema-graph\">{\"@context\":\"https:\/\/schema.org\",\"@graph\":[{\"@type\":\"WebPage\",\"@id\":\"https:\/\/barcelona-discovery.com\/ca\/producte\/tast-de-vins-amb-aperitiu\/\",\"url\":\"https:\/\/barcelona-discovery.com\/ca\/producte\/tast-de-vins-amb-aperitiu\/\",\"name\":\"Visita Guiada i Tast de Vins Ecol\u00f2gics \/ Aperitiu entre Vinyes a Alella\",\"isPartOf\":{\"@id\":\"https:\/\/barcelona-discovery.com\/#website\"},\"primaryImageOfPage\":{\"@id\":\"https:\/\/barcelona-discovery.com\/ca\/producte\/tast-de-vins-amb-aperitiu\/#primaryimage\"},\"image\":{\"@id\":\"https:\/\/barcelona-discovery.com\/ca\/producte\/tast-de-vins-amb-aperitiu\/#primaryimage\"},\"thumbnailUrl\":\"https:\/\/barcelona-discovery.com\/wp-content\/uploads\/2018\/01\/aperitiu-1.jpg\",\"datePublished\":\"2018-03-22T10:33:58+00:00\",\"dateModified\":\"2024-06-06T09:13:23+00:00\",\"description\":\"Tast de Vins Ecol\u00f2gics disfrutant d' un aperitiu gourmet. Alguna vegada has imaginat fer l'aperitiu al cor d'algunes fant\u00e0stiques vinyes? Ara \u00e9s possible! Li oferim l'oportunitat de tenir un excel\u00b7lent aperitiu a les vinyes d'Alella, on tamb\u00e9 tindreu una vista espectacular de Barcelona i la costa. Reserva ara !!\",\"breadcrumb\":{\"@id\":\"https:\/\/barcelona-discovery.com\/ca\/producte\/tast-de-vins-amb-aperitiu\/#breadcrumb\"},\"inLanguage\":\"ca\",\"potentialAction\":[{\"@type\":\"ReadAction\",\"target\":[\"https:\/\/barcelona-discovery.com\/ca\/producte\/tast-de-vins-amb-aperitiu\/\"]}]},{\"@type\":\"ImageObject\",\"inLanguage\":\"ca\",\"@id\":\"https:\/\/barcelona-discovery.com\/ca\/producte\/tast-de-vins-amb-aperitiu\/#primaryimage\",\"url\":\"https:\/\/barcelona-discovery.com\/wp-content\/uploads\/2018\/01\/aperitiu-1.jpg\",\"contentUrl\":\"https:\/\/barcelona-discovery.com\/wp-content\/uploads\/2018\/01\/aperitiu-1.jpg\",\"width\":1400,\"height\":700,\"caption\":\"Barcelona Discovery Tours\"},{\"@type\":\"BreadcrumbList\",\"@id\":\"https:\/\/barcelona-discovery.com\/ca\/producte\/tast-de-vins-amb-aperitiu\/#breadcrumb\",\"itemListElement\":[{\"@type\":\"ListItem\",\"position\":1,\"name\":\"Home\",\"item\":\"https:\/\/barcelona-discovery.com\/ca\/\"},{\"@type\":\"ListItem\",\"position\":2,\"name\":\"Tours\",\"item\":\"https:\/\/barcelona-discovery.com\/tours\/\"},{\"@type\":\"ListItem\",\"position\":3,\"name\":\"Tast de Vins &#8211; Aperitiu entre vinyes\"}]},{\"@type\":\"WebSite\",\"@id\":\"https:\/\/barcelona-discovery.com\/#website\",\"url\":\"https:\/\/barcelona-discovery.com\/\",\"name\":\"Barcelona Discovery\",\"description\":\"Private Tours around Barcelona\",\"publisher\":{\"@id\":\"https:\/\/barcelona-discovery.com\/#organization\"},\"potentialAction\":[{\"@type\":\"SearchAction\",\"target\":{\"@type\":\"EntryPoint\",\"urlTemplate\":\"https:\/\/barcelona-discovery.com\/?s={search_term_string}\"},\"query-input\":{\"@type\":\"PropertyValueSpecification\",\"valueRequired\":true,\"valueName\":\"search_term_string\"}}],\"inLanguage\":\"ca\"},{\"@type\":\"Organization\",\"@id\":\"https:\/\/barcelona-discovery.com\/#organization\",\"name\":\"Barcelona Discovery\",\"url\":\"https:\/\/barcelona-discovery.com\/\",\"logo\":{\"@type\":\"ImageObject\",\"inLanguage\":\"ca\",\"@id\":\"https:\/\/barcelona-discovery.com\/#\/schema\/logo\/image\/\",\"url\":\"https:\/\/barcelona-discovery.com\/wp-content\/uploads\/2024\/02\/logo-linkein.jpg\",\"contentUrl\":\"https:\/\/barcelona-discovery.com\/wp-content\/uploads\/2024\/02\/logo-linkein.jpg\",\"width\":300,\"height\":300,\"caption\":\"Barcelona Discovery\"},\"image\":{\"@id\":\"https:\/\/barcelona-discovery.com\/#\/schema\/logo\/image\/\"},\"sameAs\":[\"https:\/\/www.facebook.com\/BarcelonaDiscovery\/\",\"https:\/\/x.com\/bcn_discovery\",\"https:\/\/www.instagram.com\/barcelonadiscovery\/\",\"https:\/\/www.youtube.com\/channel\/UCwpragtLkdmFTHCzinFQG_g\"]}]}<\/script>\n<!-- \/ Yoast SEO plugin. -->","yoast_head_json":{"title":"Visita Guiada i Tast de Vins Ecol\u00f2gics \/ Aperitiu entre Vinyes a Alella","description":"Tast de Vins Ecol\u00f2gics disfrutant d' un aperitiu gourmet. Alguna vegada has imaginat fer l'aperitiu al cor d'algunes fant\u00e0stiques vinyes? Ara \u00e9s possible! Li oferim l'oportunitat de tenir un excel\u00b7lent aperitiu a les vinyes d'Alella, on tamb\u00e9 tindreu una vista espectacular de Barcelona i la costa. Reserva ara !!","robots":{"index":"index","follow":"follow","max-snippet":"max-snippet:-1","max-image-preview":"max-image-preview:large","max-video-preview":"max-video-preview:-1"},"canonical":"https:\/\/barcelona-discovery.com\/ca\/producte\/tast-de-vins-amb-aperitiu\/","og_locale":"ca_ES","og_type":"article","og_title":"Visita Guiada i Tast de Vins Ecol\u00f2gics \/ Aperitiu entre Vinyes a Alella","og_description":"Tast de Vins Ecol\u00f2gics disfrutant d' un aperitiu gourmet. Alguna vegada has imaginat fer l'aperitiu al cor d'algunes fant\u00e0stiques vinyes? Ara \u00e9s possible! Li oferim l'oportunitat de tenir un excel\u00b7lent aperitiu a les vinyes d'Alella, on tamb\u00e9 tindreu una vista espectacular de Barcelona i la costa. Reserva ara !!","og_url":"https:\/\/barcelona-discovery.com\/ca\/producte\/tast-de-vins-amb-aperitiu\/","og_site_name":"Barcelona Discovery","article_publisher":"https:\/\/www.facebook.com\/BarcelonaDiscovery\/","article_modified_time":"2024-06-06T09:13:23+00:00","og_image":[{"width":1400,"height":700,"url":"https:\/\/barcelona-discovery.com\/wp-content\/uploads\/2018\/01\/aperitiu-1.jpg","type":"image\/jpeg"}],"twitter_card":"summary_large_image","twitter_site":"@bcn_discovery","twitter_misc":{"Temps estimat de lectura":"2 minuts"},"schema":{"@context":"https:\/\/schema.org","@graph":[{"@type":"WebPage","@id":"https:\/\/barcelona-discovery.com\/ca\/producte\/tast-de-vins-amb-aperitiu\/","url":"https:\/\/barcelona-discovery.com\/ca\/producte\/tast-de-vins-amb-aperitiu\/","name":"Visita Guiada i Tast de Vins Ecol\u00f2gics \/ Aperitiu entre Vinyes a Alella","isPartOf":{"@id":"https:\/\/barcelona-discovery.com\/#website"},"primaryImageOfPage":{"@id":"https:\/\/barcelona-discovery.com\/ca\/producte\/tast-de-vins-amb-aperitiu\/#primaryimage"},"image":{"@id":"https:\/\/barcelona-discovery.com\/ca\/producte\/tast-de-vins-amb-aperitiu\/#primaryimage"},"thumbnailUrl":"https:\/\/barcelona-discovery.com\/wp-content\/uploads\/2018\/01\/aperitiu-1.jpg","datePublished":"2018-03-22T10:33:58+00:00","dateModified":"2024-06-06T09:13:23+00:00","description":"Tast de Vins Ecol\u00f2gics disfrutant d' un aperitiu gourmet. Alguna vegada has imaginat fer l'aperitiu al cor d'algunes fant\u00e0stiques vinyes? Ara \u00e9s possible! Li oferim l'oportunitat de tenir un excel\u00b7lent aperitiu a les vinyes d'Alella, on tamb\u00e9 tindreu una vista espectacular de Barcelona i la costa. Reserva ara !!","breadcrumb":{"@id":"https:\/\/barcelona-discovery.com\/ca\/producte\/tast-de-vins-amb-aperitiu\/#breadcrumb"},"inLanguage":"ca","potentialAction":[{"@type":"ReadAction","target":["https:\/\/barcelona-discovery.com\/ca\/producte\/tast-de-vins-amb-aperitiu\/"]}]},{"@type":"ImageObject","inLanguage":"ca","@id":"https:\/\/barcelona-discovery.com\/ca\/producte\/tast-de-vins-amb-aperitiu\/#primaryimage","url":"https:\/\/barcelona-discovery.com\/wp-content\/uploads\/2018\/01\/aperitiu-1.jpg","contentUrl":"https:\/\/barcelona-discovery.com\/wp-content\/uploads\/2018\/01\/aperitiu-1.jpg","width":1400,"height":700,"caption":"Barcelona Discovery Tours"},{"@type":"BreadcrumbList","@id":"https:\/\/barcelona-discovery.com\/ca\/producte\/tast-de-vins-amb-aperitiu\/#breadcrumb","itemListElement":[{"@type":"ListItem","position":1,"name":"Home","item":"https:\/\/barcelona-discovery.com\/ca\/"},{"@type":"ListItem","position":2,"name":"Tours","item":"https:\/\/barcelona-discovery.com\/tours\/"},{"@type":"ListItem","position":3,"name":"Tast de Vins &#8211; Aperitiu entre vinyes"}]},{"@type":"WebSite","@id":"https:\/\/barcelona-discovery.com\/#website","url":"https:\/\/barcelona-discovery.com\/","name":"Barcelona Discovery","description":"Private Tours around Barcelona","publisher":{"@id":"https:\/\/barcelona-discovery.com\/#organization"},"potentialAction":[{"@type":"SearchAction","target":{"@type":"EntryPoint","urlTemplate":"https:\/\/barcelona-discovery.com\/?s={search_term_string}"},"query-input":{"@type":"PropertyValueSpecification","valueRequired":true,"valueName":"search_term_string"}}],"inLanguage":"ca"},{"@type":"Organization","@id":"https:\/\/barcelona-discovery.com\/#organization","name":"Barcelona Discovery","url":"https:\/\/barcelona-discovery.com\/","logo":{"@type":"ImageObject","inLanguage":"ca","@id":"https:\/\/barcelona-discovery.com\/#\/schema\/logo\/image\/","url":"https:\/\/barcelona-discovery.com\/wp-content\/uploads\/2024\/02\/logo-linkein.jpg","contentUrl":"https:\/\/barcelona-discovery.com\/wp-content\/uploads\/2024\/02\/logo-linkein.jpg","width":300,"height":300,"caption":"Barcelona Discovery"},"image":{"@id":"https:\/\/barcelona-discovery.com\/#\/schema\/logo\/image\/"},"sameAs":["https:\/\/www.facebook.com\/BarcelonaDiscovery\/","https:\/\/x.com\/bcn_discovery","https:\/\/www.instagram.com\/barcelonadiscovery\/","https:\/\/www.youtube.com\/channel\/UCwpragtLkdmFTHCzinFQG_g"]}]}},"_links":{"self":[{"href":"https:\/\/barcelona-discovery.com\/ca\/wp-json\/wp\/v2\/product\/2565","targetHints":{"allow":["GET"]}}],"collection":[{"href":"https:\/\/barcelona-discovery.com\/ca\/wp-json\/wp\/v2\/product"}],"about":[{"href":"https:\/\/barcelona-discovery.com\/ca\/wp-json\/wp\/v2\/types\/product"}],"replies":[{"embeddable":true,"href":"https:\/\/barcelona-discovery.com\/ca\/wp-json\/wp\/v2\/comments?post=2565"}],"wp:featuredmedia":[{"embeddable":true,"href":"https:\/\/barcelona-discovery.com\/ca\/wp-json\/wp\/v2\/media\/2334"}],"wp:attachment":[{"href":"https:\/\/barcelona-discovery.com\/ca\/wp-json\/wp\/v2\/media?parent=2565"}],"wp:term":[{"taxonomy":"product_brand","embeddable":true,"href":"https:\/\/barcelona-discovery.com\/ca\/wp-json\/wp\/v2\/product_brand?post=2565"},{"taxonomy":"product_cat","embeddable":true,"href":"https:\/\/barcelona-discovery.com\/ca\/wp-json\/wp\/v2\/product_cat?post=2565"},{"taxonomy":"product_tag","embeddable":true,"href":"https:\/\/barcelona-discovery.com\/ca\/wp-json\/wp\/v2\/product_tag?post=2565"}],"curies":[{"name":"wp","href":"https:\/\/api.w.org\/{rel}","templated":true}]}}