{"id":2594,"date":"2018-03-29T13:14:03","date_gmt":"2018-03-29T15:08:20","guid":{"rendered":"https:\/\/barcelona-discovery.com\/?post_type=product&#038;p=2594"},"modified":"2024-04-15T16:18:08","modified_gmt":"2024-04-15T15:18:08","slug":"excursions-i-lloguer-de-bicis-per-la-ruta-del-carrilet","status":"publish","type":"product","link":"https:\/\/barcelona-discovery.com\/ca\/tours\/excursions-i-lloguer-de-bicis-per-la-ruta-del-carrilet\/","title":{"rendered":"Excursions i Lloguer de Bicicletes per la Ruta del Carrilet"},"content":{"rendered":"<p>Vols fer una<strong> ruta en bicicleta<\/strong>? Vols fer un passeig amb un tast de vins o visitar una granja?, o potser vols aprofitar la calor i gaudir d&#8217;un<strong> bany alhora que fas esport<\/strong>? Nosaltres farem que la teva experi\u00e8ncia sigui <strong>\u00fanica e inoblidable.<\/strong><\/p>\n<p>Aquesta ruta comen\u00e7a al<strong> Pre-Pirineu,<\/strong> passant per l&#8217;antiga estaci\u00f3 de tren de via estreta, anomenada actualment <strong>via verda.<\/strong> En aquesta via podreu gaudir d&#8217;una magn\u00edfica ruta apte per a tots, amb una gran diversitat de paisatges, entorns naturals i elements culturals de gran riquesa, acabant a la Costa Brava. Aquest fet converteix les vies verdes en un interessant eix d&#8217;interpretaci\u00f3 del territori que permet descobrir i comparar els diferents elements que donen singularitat a aquesta via. La via verda t\u00e9 un tra\u00e7at de 100 km des d&#8217;Olot fins a Sant Feliu de Gu\u00edxols, fet que d\u00f3na la possibilitat de realitzar la<strong> ruta per etapes,<\/strong> depenent del que vulgueu fer i veure i depenent dels quil\u00f2metres en bicicleta que vulgueu realitzar.<\/p>\n<p>Podem fer tot tipus de paquets, un d&#8217;\u00a0<span class=\"hiddenGrammarError\">ells \u00e9s<\/span>\u00a0la <strong>ruta\u00a0<span class=\"hiddenGrammarError\">d&#8217; Olot<\/span>\u00a0a Girona,<\/strong> una ruta on poden gaudir amb bicicleta d&#8217;un magn\u00edfic paisatge des de la ciutat d&#8217;Olot fins a la ciutat de Girona. On podeu gaudir d&#8217;un bon bany a les <strong>GORGES<\/strong> en \u00e8poques d&#8217;estiu i un entorn privilegiat durant tot l&#8217;any. En aquest pack s&#8217;inclou; el lloguer de la bicicleta, assist\u00e8ncia telef\u00f2nica les 24 hores, mapa i la transfer d&#8217;Amer (on tenim la seu oficial) fins a Olot. Les Bicicletes seran entregades a Amer, i seguidament us portarem amb les bicicletes fins a Olot per comen\u00e7ar la ruta.<\/p>\n<p>Potser voleu <strong>fer nom\u00e9s un tram o llogar la bici per unes hores?<\/strong><\/p>\n<p>Ompliu el formulari\u00a0<span class=\"hiddenGrammarError\">amb el que<\/span>\u00a0realment voleu perqu\u00e8 la vostra experi\u00e8ncia sigui \u00fanica. En menys de 24 hores us enviarem la nostra millor proposta.<\/p>\n<p>Tamb\u00e9\u00a0<span class=\"hiddenGrammarError\">s&#8217;hi<\/span>\u00a0podran incloure tastets gastron\u00f2mics per la Garrotxa, per Girona, tastets de vi per la Costa Brava, visita a una granja si vas en fam\u00edlia&#8230;<\/p>\n<p>Disposem d&#8217;una \u00e0mplia oferta de bicicletes adaptades a totes les necessitats, com tamb\u00e9 el material complementari per gaudir d&#8217;una sortida en bicicleta amb fam\u00edlia (les cadiretes, els carretons.)<\/p>\n","protected":false},"excerpt":{"rendered":"<p><b>Lloguer de Bicicletes i rutes en Bicicleta per la Via Verda<\/b><\/p>\n","protected":false},"featured_media":2573,"comment_status":"open","ping_status":"closed","template":"","meta":[],"product_brand":[],"product_cat":[191,142],"product_tag":[],"class_list":{"0":"post-2594","1":"product","2":"type-product","3":"status-publish","4":"has-post-thumbnail","6":"product_cat-activitats-a-la-natura","7":"product_cat-experiencies-terrestres","8":"pa_tour-type-experiencies-terrestres","9":"pa_tour-types-land-experiences-activitats-a-la-natura","11":"first","12":"instock","13":"shipping-taxable","14":"purchasable","15":"product-type-tour_phys"},"yoast_head":"<!-- This site is optimized with the Yoast SEO plugin v26.1.1 - https:\/\/yoast.com\/wordpress\/plugins\/seo\/ -->\n<title>Cicloturisme \/ Excursions i Lloguer de bicicletes per la Via Verda<\/title>\n<meta name=\"description\" content=\"Vols fer una ruta en bici? Vols fer un passeig amb un tast de vins o visitar una granja?, o potser vols aprofitar la calor i gaudir d&#039;un bany alhora que fas esport? Nosaltres farem que la teva experi\u00e8ncia sigui \u00fanica e inoblidable. Tambe oferim el lloguer de bicis, les centrals estan a Amer i Ripoll. Informa&#039;t ara!\" \/>\n<meta name=\"robots\" content=\"index, follow, max-snippet:-1, max-image-preview:large, max-video-preview:-1\" \/>\n<link rel=\"canonical\" href=\"https:\/\/barcelona-discovery.com\/producte\/guided-bycicle-tours-in-and-around-barcelona\/\" \/>\n<meta property=\"og:locale\" content=\"ca_ES\" \/>\n<meta property=\"og:type\" content=\"article\" \/>\n<meta property=\"og:title\" content=\"Cicloturisme \/ Excursions i Lloguer de bicicletes per la Via Verda\" \/>\n<meta property=\"og:description\" content=\"Vols fer una ruta en bici? Vols fer un passeig amb un tast de vins o visitar una granja?, o potser vols aprofitar la calor i gaudir d&#039;un bany alhora que fas esport? Nosaltres farem que la teva experi\u00e8ncia sigui \u00fanica e inoblidable. Tambe oferim el lloguer de bicis, les centrals estan a Amer i Ripoll. Informa&#039;t ara!\" \/>\n<meta property=\"og:url\" content=\"https:\/\/barcelona-discovery.com\/producte\/guided-bycicle-tours-in-and-around-barcelona\/\" \/>\n<meta property=\"og:site_name\" content=\"Barcelona Discovery\" \/>\n<meta property=\"article:publisher\" content=\"https:\/\/www.facebook.com\/BarcelonaDiscovery\/\" \/>\n<meta property=\"article:modified_time\" content=\"2024-04-15T15:18:08+00:00\" \/>\n<meta property=\"og:image\" content=\"https:\/\/barcelona-discovery.com\/wp-content\/uploads\/2018\/03\/carrilet-2.jpg\" \/>\n\t<meta property=\"og:image:width\" content=\"1400\" \/>\n\t<meta property=\"og:image:height\" content=\"700\" \/>\n\t<meta property=\"og:image:type\" content=\"image\/jpeg\" \/>\n<meta name=\"twitter:card\" content=\"summary_large_image\" \/>\n<meta name=\"twitter:site\" content=\"@bcn_discovery\" \/>\n<meta name=\"twitter:label1\" content=\"Temps estimat de lectura\" \/>\n\t<meta name=\"twitter:data1\" content=\"2 minuts\" \/>\n<script type=\"application\/ld+json\" class=\"yoast-schema-graph\">{\"@context\":\"https:\/\/schema.org\",\"@graph\":[{\"@type\":\"WebPage\",\"@id\":\"https:\/\/barcelona-discovery.com\/producte\/guided-bycicle-tours-in-and-around-barcelona\/\",\"url\":\"https:\/\/barcelona-discovery.com\/producte\/guided-bycicle-tours-in-and-around-barcelona\/\",\"name\":\"Cicloturisme \/ Excursions i Lloguer de bicicletes per la Via Verda\",\"isPartOf\":{\"@id\":\"https:\/\/barcelona-discovery.com\/#website\"},\"primaryImageOfPage\":{\"@id\":\"https:\/\/barcelona-discovery.com\/producte\/guided-bycicle-tours-in-and-around-barcelona\/#primaryimage\"},\"image\":{\"@id\":\"https:\/\/barcelona-discovery.com\/producte\/guided-bycicle-tours-in-and-around-barcelona\/#primaryimage\"},\"thumbnailUrl\":\"https:\/\/barcelona-discovery.com\/wp-content\/uploads\/2018\/03\/carrilet-2.jpg\",\"datePublished\":\"2018-03-29T15:08:20+00:00\",\"dateModified\":\"2024-04-15T15:18:08+00:00\",\"description\":\"Vols fer una ruta en bici? Vols fer un passeig amb un tast de vins o visitar una granja?, o potser vols aprofitar la calor i gaudir d'un bany alhora que fas esport? Nosaltres farem que la teva experi\u00e8ncia sigui \u00fanica e inoblidable. Tambe oferim el lloguer de bicis, les centrals estan a Amer i Ripoll. Informa't ara!\",\"breadcrumb\":{\"@id\":\"https:\/\/barcelona-discovery.com\/producte\/guided-bycicle-tours-in-and-around-barcelona\/#breadcrumb\"},\"inLanguage\":\"ca\",\"potentialAction\":[{\"@type\":\"ReadAction\",\"target\":[\"https:\/\/barcelona-discovery.com\/producte\/guided-bycicle-tours-in-and-around-barcelona\/\"]}]},{\"@type\":\"ImageObject\",\"inLanguage\":\"ca\",\"@id\":\"https:\/\/barcelona-discovery.com\/producte\/guided-bycicle-tours-in-and-around-barcelona\/#primaryimage\",\"url\":\"https:\/\/barcelona-discovery.com\/wp-content\/uploads\/2018\/03\/carrilet-2.jpg\",\"contentUrl\":\"https:\/\/barcelona-discovery.com\/wp-content\/uploads\/2018\/03\/carrilet-2.jpg\",\"width\":1400,\"height\":700,\"caption\":\"lloguer de bicis a la via verda\"},{\"@type\":\"BreadcrumbList\",\"@id\":\"https:\/\/barcelona-discovery.com\/producte\/guided-bycicle-tours-in-and-around-barcelona\/#breadcrumb\",\"itemListElement\":[{\"@type\":\"ListItem\",\"position\":1,\"name\":\"Home\",\"item\":\"https:\/\/barcelona-discovery.com\/ca\/\"},{\"@type\":\"ListItem\",\"position\":2,\"name\":\"Tours\",\"item\":\"https:\/\/barcelona-discovery.com\/tours\/\"},{\"@type\":\"ListItem\",\"position\":3,\"name\":\"Excursions i Lloguer de Bicicletes per la Ruta del Carrilet\"}]},{\"@type\":\"WebSite\",\"@id\":\"https:\/\/barcelona-discovery.com\/#website\",\"url\":\"https:\/\/barcelona-discovery.com\/\",\"name\":\"Barcelona Discovery\",\"description\":\"Private Tours around Barcelona\",\"publisher\":{\"@id\":\"https:\/\/barcelona-discovery.com\/#organization\"},\"potentialAction\":[{\"@type\":\"SearchAction\",\"target\":{\"@type\":\"EntryPoint\",\"urlTemplate\":\"https:\/\/barcelona-discovery.com\/?s={search_term_string}\"},\"query-input\":{\"@type\":\"PropertyValueSpecification\",\"valueRequired\":true,\"valueName\":\"search_term_string\"}}],\"inLanguage\":\"ca\"},{\"@type\":\"Organization\",\"@id\":\"https:\/\/barcelona-discovery.com\/#organization\",\"name\":\"Barcelona Discovery\",\"url\":\"https:\/\/barcelona-discovery.com\/\",\"logo\":{\"@type\":\"ImageObject\",\"inLanguage\":\"ca\",\"@id\":\"https:\/\/barcelona-discovery.com\/#\/schema\/logo\/image\/\",\"url\":\"https:\/\/barcelona-discovery.com\/wp-content\/uploads\/2024\/02\/logo-linkein.jpg\",\"contentUrl\":\"https:\/\/barcelona-discovery.com\/wp-content\/uploads\/2024\/02\/logo-linkein.jpg\",\"width\":300,\"height\":300,\"caption\":\"Barcelona Discovery\"},\"image\":{\"@id\":\"https:\/\/barcelona-discovery.com\/#\/schema\/logo\/image\/\"},\"sameAs\":[\"https:\/\/www.facebook.com\/BarcelonaDiscovery\/\",\"https:\/\/x.com\/bcn_discovery\",\"https:\/\/www.instagram.com\/barcelonadiscovery\/\",\"https:\/\/www.youtube.com\/channel\/UCwpragtLkdmFTHCzinFQG_g\"]}]}<\/script>\n<!-- \/ Yoast SEO plugin. -->","yoast_head_json":{"title":"Cicloturisme \/ Excursions i Lloguer de bicicletes per la Via Verda","description":"Vols fer una ruta en bici? Vols fer un passeig amb un tast de vins o visitar una granja?, o potser vols aprofitar la calor i gaudir d'un bany alhora que fas esport? Nosaltres farem que la teva experi\u00e8ncia sigui \u00fanica e inoblidable. Tambe oferim el lloguer de bicis, les centrals estan a Amer i Ripoll. Informa't ara!","robots":{"index":"index","follow":"follow","max-snippet":"max-snippet:-1","max-image-preview":"max-image-preview:large","max-video-preview":"max-video-preview:-1"},"canonical":"https:\/\/barcelona-discovery.com\/producte\/guided-bycicle-tours-in-and-around-barcelona\/","og_locale":"ca_ES","og_type":"article","og_title":"Cicloturisme \/ Excursions i Lloguer de bicicletes per la Via Verda","og_description":"Vols fer una ruta en bici? Vols fer un passeig amb un tast de vins o visitar una granja?, o potser vols aprofitar la calor i gaudir d'un bany alhora que fas esport? Nosaltres farem que la teva experi\u00e8ncia sigui \u00fanica e inoblidable. Tambe oferim el lloguer de bicis, les centrals estan a Amer i Ripoll. Informa't ara!","og_url":"https:\/\/barcelona-discovery.com\/producte\/guided-bycicle-tours-in-and-around-barcelona\/","og_site_name":"Barcelona Discovery","article_publisher":"https:\/\/www.facebook.com\/BarcelonaDiscovery\/","article_modified_time":"2024-04-15T15:18:08+00:00","og_image":[{"width":1400,"height":700,"url":"https:\/\/barcelona-discovery.com\/wp-content\/uploads\/2018\/03\/carrilet-2.jpg","type":"image\/jpeg"}],"twitter_card":"summary_large_image","twitter_site":"@bcn_discovery","twitter_misc":{"Temps estimat de lectura":"2 minuts"},"schema":{"@context":"https:\/\/schema.org","@graph":[{"@type":"WebPage","@id":"https:\/\/barcelona-discovery.com\/producte\/guided-bycicle-tours-in-and-around-barcelona\/","url":"https:\/\/barcelona-discovery.com\/producte\/guided-bycicle-tours-in-and-around-barcelona\/","name":"Cicloturisme \/ Excursions i Lloguer de bicicletes per la Via Verda","isPartOf":{"@id":"https:\/\/barcelona-discovery.com\/#website"},"primaryImageOfPage":{"@id":"https:\/\/barcelona-discovery.com\/producte\/guided-bycicle-tours-in-and-around-barcelona\/#primaryimage"},"image":{"@id":"https:\/\/barcelona-discovery.com\/producte\/guided-bycicle-tours-in-and-around-barcelona\/#primaryimage"},"thumbnailUrl":"https:\/\/barcelona-discovery.com\/wp-content\/uploads\/2018\/03\/carrilet-2.jpg","datePublished":"2018-03-29T15:08:20+00:00","dateModified":"2024-04-15T15:18:08+00:00","description":"Vols fer una ruta en bici? Vols fer un passeig amb un tast de vins o visitar una granja?, o potser vols aprofitar la calor i gaudir d'un bany alhora que fas esport? Nosaltres farem que la teva experi\u00e8ncia sigui \u00fanica e inoblidable. Tambe oferim el lloguer de bicis, les centrals estan a Amer i Ripoll. Informa't ara!","breadcrumb":{"@id":"https:\/\/barcelona-discovery.com\/producte\/guided-bycicle-tours-in-and-around-barcelona\/#breadcrumb"},"inLanguage":"ca","potentialAction":[{"@type":"ReadAction","target":["https:\/\/barcelona-discovery.com\/producte\/guided-bycicle-tours-in-and-around-barcelona\/"]}]},{"@type":"ImageObject","inLanguage":"ca","@id":"https:\/\/barcelona-discovery.com\/producte\/guided-bycicle-tours-in-and-around-barcelona\/#primaryimage","url":"https:\/\/barcelona-discovery.com\/wp-content\/uploads\/2018\/03\/carrilet-2.jpg","contentUrl":"https:\/\/barcelona-discovery.com\/wp-content\/uploads\/2018\/03\/carrilet-2.jpg","width":1400,"height":700,"caption":"lloguer de bicis a la via verda"},{"@type":"BreadcrumbList","@id":"https:\/\/barcelona-discovery.com\/producte\/guided-bycicle-tours-in-and-around-barcelona\/#breadcrumb","itemListElement":[{"@type":"ListItem","position":1,"name":"Home","item":"https:\/\/barcelona-discovery.com\/ca\/"},{"@type":"ListItem","position":2,"name":"Tours","item":"https:\/\/barcelona-discovery.com\/tours\/"},{"@type":"ListItem","position":3,"name":"Excursions i Lloguer de Bicicletes per la Ruta del Carrilet"}]},{"@type":"WebSite","@id":"https:\/\/barcelona-discovery.com\/#website","url":"https:\/\/barcelona-discovery.com\/","name":"Barcelona Discovery","description":"Private Tours around Barcelona","publisher":{"@id":"https:\/\/barcelona-discovery.com\/#organization"},"potentialAction":[{"@type":"SearchAction","target":{"@type":"EntryPoint","urlTemplate":"https:\/\/barcelona-discovery.com\/?s={search_term_string}"},"query-input":{"@type":"PropertyValueSpecification","valueRequired":true,"valueName":"search_term_string"}}],"inLanguage":"ca"},{"@type":"Organization","@id":"https:\/\/barcelona-discovery.com\/#organization","name":"Barcelona Discovery","url":"https:\/\/barcelona-discovery.com\/","logo":{"@type":"ImageObject","inLanguage":"ca","@id":"https:\/\/barcelona-discovery.com\/#\/schema\/logo\/image\/","url":"https:\/\/barcelona-discovery.com\/wp-content\/uploads\/2024\/02\/logo-linkein.jpg","contentUrl":"https:\/\/barcelona-discovery.com\/wp-content\/uploads\/2024\/02\/logo-linkein.jpg","width":300,"height":300,"caption":"Barcelona Discovery"},"image":{"@id":"https:\/\/barcelona-discovery.com\/#\/schema\/logo\/image\/"},"sameAs":["https:\/\/www.facebook.com\/BarcelonaDiscovery\/","https:\/\/x.com\/bcn_discovery","https:\/\/www.instagram.com\/barcelonadiscovery\/","https:\/\/www.youtube.com\/channel\/UCwpragtLkdmFTHCzinFQG_g"]}]}},"_links":{"self":[{"href":"https:\/\/barcelona-discovery.com\/ca\/wp-json\/wp\/v2\/product\/2594","targetHints":{"allow":["GET"]}}],"collection":[{"href":"https:\/\/barcelona-discovery.com\/ca\/wp-json\/wp\/v2\/product"}],"about":[{"href":"https:\/\/barcelona-discovery.com\/ca\/wp-json\/wp\/v2\/types\/product"}],"replies":[{"embeddable":true,"href":"https:\/\/barcelona-discovery.com\/ca\/wp-json\/wp\/v2\/comments?post=2594"}],"wp:featuredmedia":[{"embeddable":true,"href":"https:\/\/barcelona-discovery.com\/ca\/wp-json\/wp\/v2\/media\/2573"}],"wp:attachment":[{"href":"https:\/\/barcelona-discovery.com\/ca\/wp-json\/wp\/v2\/media?parent=2594"}],"wp:term":[{"taxonomy":"product_brand","embeddable":true,"href":"https:\/\/barcelona-discovery.com\/ca\/wp-json\/wp\/v2\/product_brand?post=2594"},{"taxonomy":"product_cat","embeddable":true,"href":"https:\/\/barcelona-discovery.com\/ca\/wp-json\/wp\/v2\/product_cat?post=2594"},{"taxonomy":"product_tag","embeddable":true,"href":"https:\/\/barcelona-discovery.com\/ca\/wp-json\/wp\/v2\/product_tag?post=2594"}],"curies":[{"name":"wp","href":"https:\/\/api.w.org\/{rel}","templated":true}]}}