{"id":2858,"date":"2018-04-04T10:29:40","date_gmt":"2018-04-04T09:29:40","guid":{"rendered":"https:\/\/barcelona-discovery.com\/product\/sortida-amb-catamara-jazz-chillout\/"},"modified":"2024-06-11T12:36:23","modified_gmt":"2024-06-11T11:36:23","slug":"sortida-amb-catamara-jazz-chillout","status":"publish","type":"product","link":"https:\/\/barcelona-discovery.com\/ca\/tours\/sortida-amb-catamara-jazz-chillout\/","title":{"rendered":"Sortida amb Catamar\u00e0 amb sessi\u00f3 de Jazz-chillout"},"content":{"rendered":"<div class=\"wpb-content-wrapper\"><p>[vc_row][vc_column][vc_column_text]Gaudeix d&#8217;una<strong> experi\u00e8ncia de vela a Barcelona<\/strong> sobre <strong>un catamar\u00e0,<\/strong> la millor opci\u00f3 per relaxar-se i sentir la brisa del mar calenta.<\/p>\n<p>A bord del catamar\u00e0,\u00a0<strong>navegar\u00e0s la costa i observar\u00e0s icones barcelonines<\/strong>\u00a0com Montju\u00efc, Colom, l\u2019hotel Vela, el Port Vell, Marem\u00e0gnum, la Barceloneta, la Sagrada Fam\u00edlia, el Tibidabo\u2026<\/p>\n<p>La experi\u00e8ncia en Catamar\u00e0 de Jazz i Chill Out a Barcelona \u00e9s una bona manera de relaxar-se i gaudir de les vistes de Barcelona mentre escoltas m\u00fasica en directe.<\/p>\n<p>Aprofita aquesta experi\u00e8ncia de luxe i confort de navegar a bord del catamar\u00e0 gaudint d&#8217;una bona beguda freda mentres escoltas els sons del mar i la m\u00fasica en viu de Jazz and Chillout.<\/p>\n<p>Les experi\u00e8ncies de Jazz i Chill Out solen navegar a la tarda o al vespre.<\/p>\n<p>Si teniu problemes amb la vostra reserva, poseu-vos en contacte amb nosaltres mitjan\u00e7ant el nostre formulari de reserva o per WhatsApp.<\/p>\n<p>Els horaris en l\u00ednia s&#8217;actualitzen tots els divendres durant els propers 7 dies.<\/p>\n<p>[\/vc_column_text][\/vc_column][\/vc_row][vc_row][vc_column][vc_btn title=&#8221;Reserva ara&#8221; style=&#8221;custom&#8221; custom_background=&#8221;#32bea6&#8243; custom_text=&#8221;#ffffff&#8221; shape=&#8221;round&#8221; size=&#8221;lg&#8221; align=&#8221;center&#8221; link=&#8221;url:https%3A%2F%2Ffareharbor.com%2Fembeds%2Fbook%2Fbarcelona-orsom%2Fitems%2F%3Fasn%3Dbarcelonadiscovery%26asn-ref%3Dwebsite|title:Reserva%20Ara%21|target:%20_blank|&#8221;][\/vc_column][\/vc_row]<\/p>\n<\/div>","protected":false},"excerpt":{"rendered":"<p><strong>Sortida en catamar\u00e0 tot gaudint de m\u00fasica Jazz i Chillout<\/strong><\/p>\n","protected":false},"featured_media":2677,"comment_status":"open","ping_status":"closed","template":"","meta":[],"product_brand":[],"product_cat":[190],"product_tag":[],"class_list":{"0":"post-2858","1":"product","2":"type-product","3":"status-publish","4":"has-post-thumbnail","6":"product_cat-experiencies-maritimes","7":"pa_tour-type-experiencies-maritimes","8":"pa_tour-types-sea-experiences-sailing-day-trips-ca","9":"tour_phys-regala-experiencies","11":"first","12":"instock","13":"shipping-taxable","14":"purchasable","15":"product-type-tour_phys"},"yoast_head":"<!-- This site is optimized with the Yoast SEO plugin v26.1.1 - https:\/\/yoast.com\/wordpress\/plugins\/seo\/ -->\n<title>Sunset Catamaran Jazz &amp; Chillout\/ Navega per la costa de Barcelona<\/title>\n<meta name=\"description\" content=\"Gaudeix d&#039;una experi\u00e8ncia de vela a Barcelona sobre un catamar\u00e0, la millor opci\u00f3 per relaxar-se i sentir la brisa del mar calenta mentres escoltas m\u00fasica en viu. A bord del catamar\u00e0,\u00a0navegar\u00e0s la costa i observar\u00e0s icones barcelonines\u00a0com Montju\u00efc, Colom, l\u2019hotel Vela,la Barceloneta, la Sagrada Fam\u00edlia, el Tibidabo\u2026\" \/>\n<meta name=\"robots\" content=\"index, follow, max-snippet:-1, max-image-preview:large, max-video-preview:-1\" \/>\n<link rel=\"canonical\" href=\"https:\/\/barcelona-discovery.com\/ca\/producte\/sortida-amb-catamara-jazz-chillout\/\" \/>\n<meta property=\"og:locale\" content=\"ca_ES\" \/>\n<meta property=\"og:type\" content=\"article\" \/>\n<meta property=\"og:title\" content=\"Sunset Catamaran Jazz &amp; Chillout\/ Navega per la costa de Barcelona\" \/>\n<meta property=\"og:description\" content=\"Gaudeix d&#039;una experi\u00e8ncia de vela a Barcelona sobre un catamar\u00e0, la millor opci\u00f3 per relaxar-se i sentir la brisa del mar calenta mentres escoltas m\u00fasica en viu. A bord del catamar\u00e0,\u00a0navegar\u00e0s la costa i observar\u00e0s icones barcelonines\u00a0com Montju\u00efc, Colom, l\u2019hotel Vela,la Barceloneta, la Sagrada Fam\u00edlia, el Tibidabo\u2026\" \/>\n<meta property=\"og:url\" content=\"https:\/\/barcelona-discovery.com\/ca\/producte\/sortida-amb-catamara-jazz-chillout\/\" \/>\n<meta property=\"og:site_name\" content=\"Barcelona Discovery\" \/>\n<meta property=\"article:publisher\" content=\"https:\/\/www.facebook.com\/BarcelonaDiscovery\/\" \/>\n<meta property=\"article:modified_time\" content=\"2024-06-11T11:36:23+00:00\" \/>\n<meta property=\"og:image\" content=\"https:\/\/barcelona-discovery.com\/wp-content\/uploads\/2018\/04\/jazz2.jpg\" \/>\n\t<meta property=\"og:image:width\" content=\"1400\" \/>\n\t<meta property=\"og:image:height\" content=\"700\" \/>\n\t<meta property=\"og:image:type\" content=\"image\/jpeg\" \/>\n<meta name=\"twitter:card\" content=\"summary_large_image\" \/>\n<meta name=\"twitter:site\" content=\"@bcn_discovery\" \/>\n<meta name=\"twitter:label1\" content=\"Temps estimat de lectura\" \/>\n\t<meta name=\"twitter:data1\" content=\"1 minut\" \/>\n<script type=\"application\/ld+json\" class=\"yoast-schema-graph\">{\"@context\":\"https:\/\/schema.org\",\"@graph\":[{\"@type\":\"WebPage\",\"@id\":\"https:\/\/barcelona-discovery.com\/ca\/producte\/sortida-amb-catamara-jazz-chillout\/\",\"url\":\"https:\/\/barcelona-discovery.com\/ca\/producte\/sortida-amb-catamara-jazz-chillout\/\",\"name\":\"Sunset Catamaran Jazz & Chillout\/ Navega per la costa de Barcelona\",\"isPartOf\":{\"@id\":\"https:\/\/barcelona-discovery.com\/#website\"},\"primaryImageOfPage\":{\"@id\":\"https:\/\/barcelona-discovery.com\/ca\/producte\/sortida-amb-catamara-jazz-chillout\/#primaryimage\"},\"image\":{\"@id\":\"https:\/\/barcelona-discovery.com\/ca\/producte\/sortida-amb-catamara-jazz-chillout\/#primaryimage\"},\"thumbnailUrl\":\"https:\/\/barcelona-discovery.com\/wp-content\/uploads\/2018\/04\/jazz2.jpg\",\"datePublished\":\"2018-04-04T09:29:40+00:00\",\"dateModified\":\"2024-06-11T11:36:23+00:00\",\"description\":\"Gaudeix d'una experi\u00e8ncia de vela a Barcelona sobre un catamar\u00e0, la millor opci\u00f3 per relaxar-se i sentir la brisa del mar calenta mentres escoltas m\u00fasica en viu. A bord del catamar\u00e0,\u00a0navegar\u00e0s la costa i observar\u00e0s icones barcelonines\u00a0com Montju\u00efc, Colom, l\u2019hotel Vela,la Barceloneta, la Sagrada Fam\u00edlia, el Tibidabo\u2026\",\"breadcrumb\":{\"@id\":\"https:\/\/barcelona-discovery.com\/ca\/producte\/sortida-amb-catamara-jazz-chillout\/#breadcrumb\"},\"inLanguage\":\"ca\",\"potentialAction\":[{\"@type\":\"ReadAction\",\"target\":[\"https:\/\/barcelona-discovery.com\/ca\/producte\/sortida-amb-catamara-jazz-chillout\/\"]}]},{\"@type\":\"ImageObject\",\"inLanguage\":\"ca\",\"@id\":\"https:\/\/barcelona-discovery.com\/ca\/producte\/sortida-amb-catamara-jazz-chillout\/#primaryimage\",\"url\":\"https:\/\/barcelona-discovery.com\/wp-content\/uploads\/2018\/04\/jazz2.jpg\",\"contentUrl\":\"https:\/\/barcelona-discovery.com\/wp-content\/uploads\/2018\/04\/jazz2.jpg\",\"width\":1400,\"height\":700,\"caption\":\"Skyline tour\"},{\"@type\":\"BreadcrumbList\",\"@id\":\"https:\/\/barcelona-discovery.com\/ca\/producte\/sortida-amb-catamara-jazz-chillout\/#breadcrumb\",\"itemListElement\":[{\"@type\":\"ListItem\",\"position\":1,\"name\":\"Home\",\"item\":\"https:\/\/barcelona-discovery.com\/ca\/\"},{\"@type\":\"ListItem\",\"position\":2,\"name\":\"Tours\",\"item\":\"https:\/\/barcelona-discovery.com\/tours\/\"},{\"@type\":\"ListItem\",\"position\":3,\"name\":\"Sortida amb Catamar\u00e0 amb sessi\u00f3 de Jazz-chillout\"}]},{\"@type\":\"WebSite\",\"@id\":\"https:\/\/barcelona-discovery.com\/#website\",\"url\":\"https:\/\/barcelona-discovery.com\/\",\"name\":\"Barcelona Discovery\",\"description\":\"Private Tours around Barcelona\",\"publisher\":{\"@id\":\"https:\/\/barcelona-discovery.com\/#organization\"},\"potentialAction\":[{\"@type\":\"SearchAction\",\"target\":{\"@type\":\"EntryPoint\",\"urlTemplate\":\"https:\/\/barcelona-discovery.com\/?s={search_term_string}\"},\"query-input\":{\"@type\":\"PropertyValueSpecification\",\"valueRequired\":true,\"valueName\":\"search_term_string\"}}],\"inLanguage\":\"ca\"},{\"@type\":\"Organization\",\"@id\":\"https:\/\/barcelona-discovery.com\/#organization\",\"name\":\"Barcelona Discovery\",\"url\":\"https:\/\/barcelona-discovery.com\/\",\"logo\":{\"@type\":\"ImageObject\",\"inLanguage\":\"ca\",\"@id\":\"https:\/\/barcelona-discovery.com\/#\/schema\/logo\/image\/\",\"url\":\"https:\/\/barcelona-discovery.com\/wp-content\/uploads\/2024\/02\/logo-linkein.jpg\",\"contentUrl\":\"https:\/\/barcelona-discovery.com\/wp-content\/uploads\/2024\/02\/logo-linkein.jpg\",\"width\":300,\"height\":300,\"caption\":\"Barcelona Discovery\"},\"image\":{\"@id\":\"https:\/\/barcelona-discovery.com\/#\/schema\/logo\/image\/\"},\"sameAs\":[\"https:\/\/www.facebook.com\/BarcelonaDiscovery\/\",\"https:\/\/x.com\/bcn_discovery\",\"https:\/\/www.instagram.com\/barcelonadiscovery\/\",\"https:\/\/www.youtube.com\/channel\/UCwpragtLkdmFTHCzinFQG_g\"]}]}<\/script>\n<!-- \/ Yoast SEO plugin. -->","yoast_head_json":{"title":"Sunset Catamaran Jazz & Chillout\/ Navega per la costa de Barcelona","description":"Gaudeix d'una experi\u00e8ncia de vela a Barcelona sobre un catamar\u00e0, la millor opci\u00f3 per relaxar-se i sentir la brisa del mar calenta mentres escoltas m\u00fasica en viu. A bord del catamar\u00e0,\u00a0navegar\u00e0s la costa i observar\u00e0s icones barcelonines\u00a0com Montju\u00efc, Colom, l\u2019hotel Vela,la Barceloneta, la Sagrada Fam\u00edlia, el Tibidabo\u2026","robots":{"index":"index","follow":"follow","max-snippet":"max-snippet:-1","max-image-preview":"max-image-preview:large","max-video-preview":"max-video-preview:-1"},"canonical":"https:\/\/barcelona-discovery.com\/ca\/producte\/sortida-amb-catamara-jazz-chillout\/","og_locale":"ca_ES","og_type":"article","og_title":"Sunset Catamaran Jazz & Chillout\/ Navega per la costa de Barcelona","og_description":"Gaudeix d'una experi\u00e8ncia de vela a Barcelona sobre un catamar\u00e0, la millor opci\u00f3 per relaxar-se i sentir la brisa del mar calenta mentres escoltas m\u00fasica en viu. A bord del catamar\u00e0,\u00a0navegar\u00e0s la costa i observar\u00e0s icones barcelonines\u00a0com Montju\u00efc, Colom, l\u2019hotel Vela,la Barceloneta, la Sagrada Fam\u00edlia, el Tibidabo\u2026","og_url":"https:\/\/barcelona-discovery.com\/ca\/producte\/sortida-amb-catamara-jazz-chillout\/","og_site_name":"Barcelona Discovery","article_publisher":"https:\/\/www.facebook.com\/BarcelonaDiscovery\/","article_modified_time":"2024-06-11T11:36:23+00:00","og_image":[{"width":1400,"height":700,"url":"https:\/\/barcelona-discovery.com\/wp-content\/uploads\/2018\/04\/jazz2.jpg","type":"image\/jpeg"}],"twitter_card":"summary_large_image","twitter_site":"@bcn_discovery","twitter_misc":{"Temps estimat de lectura":"1 minut"},"schema":{"@context":"https:\/\/schema.org","@graph":[{"@type":"WebPage","@id":"https:\/\/barcelona-discovery.com\/ca\/producte\/sortida-amb-catamara-jazz-chillout\/","url":"https:\/\/barcelona-discovery.com\/ca\/producte\/sortida-amb-catamara-jazz-chillout\/","name":"Sunset Catamaran Jazz & Chillout\/ Navega per la costa de Barcelona","isPartOf":{"@id":"https:\/\/barcelona-discovery.com\/#website"},"primaryImageOfPage":{"@id":"https:\/\/barcelona-discovery.com\/ca\/producte\/sortida-amb-catamara-jazz-chillout\/#primaryimage"},"image":{"@id":"https:\/\/barcelona-discovery.com\/ca\/producte\/sortida-amb-catamara-jazz-chillout\/#primaryimage"},"thumbnailUrl":"https:\/\/barcelona-discovery.com\/wp-content\/uploads\/2018\/04\/jazz2.jpg","datePublished":"2018-04-04T09:29:40+00:00","dateModified":"2024-06-11T11:36:23+00:00","description":"Gaudeix d'una experi\u00e8ncia de vela a Barcelona sobre un catamar\u00e0, la millor opci\u00f3 per relaxar-se i sentir la brisa del mar calenta mentres escoltas m\u00fasica en viu. A bord del catamar\u00e0,\u00a0navegar\u00e0s la costa i observar\u00e0s icones barcelonines\u00a0com Montju\u00efc, Colom, l\u2019hotel Vela,la Barceloneta, la Sagrada Fam\u00edlia, el Tibidabo\u2026","breadcrumb":{"@id":"https:\/\/barcelona-discovery.com\/ca\/producte\/sortida-amb-catamara-jazz-chillout\/#breadcrumb"},"inLanguage":"ca","potentialAction":[{"@type":"ReadAction","target":["https:\/\/barcelona-discovery.com\/ca\/producte\/sortida-amb-catamara-jazz-chillout\/"]}]},{"@type":"ImageObject","inLanguage":"ca","@id":"https:\/\/barcelona-discovery.com\/ca\/producte\/sortida-amb-catamara-jazz-chillout\/#primaryimage","url":"https:\/\/barcelona-discovery.com\/wp-content\/uploads\/2018\/04\/jazz2.jpg","contentUrl":"https:\/\/barcelona-discovery.com\/wp-content\/uploads\/2018\/04\/jazz2.jpg","width":1400,"height":700,"caption":"Skyline tour"},{"@type":"BreadcrumbList","@id":"https:\/\/barcelona-discovery.com\/ca\/producte\/sortida-amb-catamara-jazz-chillout\/#breadcrumb","itemListElement":[{"@type":"ListItem","position":1,"name":"Home","item":"https:\/\/barcelona-discovery.com\/ca\/"},{"@type":"ListItem","position":2,"name":"Tours","item":"https:\/\/barcelona-discovery.com\/tours\/"},{"@type":"ListItem","position":3,"name":"Sortida amb Catamar\u00e0 amb sessi\u00f3 de Jazz-chillout"}]},{"@type":"WebSite","@id":"https:\/\/barcelona-discovery.com\/#website","url":"https:\/\/barcelona-discovery.com\/","name":"Barcelona Discovery","description":"Private Tours around Barcelona","publisher":{"@id":"https:\/\/barcelona-discovery.com\/#organization"},"potentialAction":[{"@type":"SearchAction","target":{"@type":"EntryPoint","urlTemplate":"https:\/\/barcelona-discovery.com\/?s={search_term_string}"},"query-input":{"@type":"PropertyValueSpecification","valueRequired":true,"valueName":"search_term_string"}}],"inLanguage":"ca"},{"@type":"Organization","@id":"https:\/\/barcelona-discovery.com\/#organization","name":"Barcelona Discovery","url":"https:\/\/barcelona-discovery.com\/","logo":{"@type":"ImageObject","inLanguage":"ca","@id":"https:\/\/barcelona-discovery.com\/#\/schema\/logo\/image\/","url":"https:\/\/barcelona-discovery.com\/wp-content\/uploads\/2024\/02\/logo-linkein.jpg","contentUrl":"https:\/\/barcelona-discovery.com\/wp-content\/uploads\/2024\/02\/logo-linkein.jpg","width":300,"height":300,"caption":"Barcelona Discovery"},"image":{"@id":"https:\/\/barcelona-discovery.com\/#\/schema\/logo\/image\/"},"sameAs":["https:\/\/www.facebook.com\/BarcelonaDiscovery\/","https:\/\/x.com\/bcn_discovery","https:\/\/www.instagram.com\/barcelonadiscovery\/","https:\/\/www.youtube.com\/channel\/UCwpragtLkdmFTHCzinFQG_g"]}]}},"_links":{"self":[{"href":"https:\/\/barcelona-discovery.com\/ca\/wp-json\/wp\/v2\/product\/2858","targetHints":{"allow":["GET"]}}],"collection":[{"href":"https:\/\/barcelona-discovery.com\/ca\/wp-json\/wp\/v2\/product"}],"about":[{"href":"https:\/\/barcelona-discovery.com\/ca\/wp-json\/wp\/v2\/types\/product"}],"replies":[{"embeddable":true,"href":"https:\/\/barcelona-discovery.com\/ca\/wp-json\/wp\/v2\/comments?post=2858"}],"wp:featuredmedia":[{"embeddable":true,"href":"https:\/\/barcelona-discovery.com\/ca\/wp-json\/wp\/v2\/media\/2677"}],"wp:attachment":[{"href":"https:\/\/barcelona-discovery.com\/ca\/wp-json\/wp\/v2\/media?parent=2858"}],"wp:term":[{"taxonomy":"product_brand","embeddable":true,"href":"https:\/\/barcelona-discovery.com\/ca\/wp-json\/wp\/v2\/product_brand?post=2858"},{"taxonomy":"product_cat","embeddable":true,"href":"https:\/\/barcelona-discovery.com\/ca\/wp-json\/wp\/v2\/product_cat?post=2858"},{"taxonomy":"product_tag","embeddable":true,"href":"https:\/\/barcelona-discovery.com\/ca\/wp-json\/wp\/v2\/product_tag?post=2858"}],"curies":[{"name":"wp","href":"https:\/\/api.w.org\/{rel}","templated":true}]}}