{"id":2880,"date":"2018-04-25T10:29:02","date_gmt":"2018-04-26T15:41:24","guid":{"rendered":"https:\/\/barcelona-discovery.com\/?post_type=product&#038;p=2880"},"modified":"2023-12-11T13:37:49","modified_gmt":"2023-12-11T12:37:49","slug":"ruta-caiac-per-la-costa-brava","status":"publish","type":"product","link":"https:\/\/barcelona-discovery.com\/ca\/tours\/ruta-caiac-per-la-costa-brava\/","title":{"rendered":"Ruta en Caiac per La Platja de Castell &#8211; Costa Brava"},"content":{"rendered":"<p>Us agraden les<strong> activitats aqu\u00e0tiques?<\/strong> Heu volgut mai explorar racons, coves, fauna i flora marines per <strong>la Costa Brava?<\/strong> Doncs descobriu-ho tot fent caiac o simplement relaxant-vos.<\/p>\n<p>Si no ho has fet mai, no et preocupis! <strong>El caiac de mar \u00e9s una activitat habitualment senzilla<\/strong> (dep\u00e8n de les condicions meteorol\u00f2giques), per\u00f2 el m\u00e9s normal <strong>\u00e9s que et relaxis i ho gaudeixis<\/strong>. Si no vols fer l\u2019activitat per\u00f2 vols passar el dia amb la teva gent, et pots apuntar amb nosaltres i passar el dia relaxadament <strong>a la platja, nedant, prenent el sol o fent \u201csnorkel\u201d.<\/strong><\/p>\n<p>Els grups de <strong>\u201cKayaking\u201d<\/strong> estan limitats a 12 persones. Ens trobarem a la Platja del Castell, un<strong> indret ecol\u00f2gicament simb\u00f2lic<\/strong> per la gent del pa\u00eds, doncs se salv\u00e0 de la pressi\u00f3 urban\u00edstica per mitj\u00e0 d\u2019un refer\u00e8ndum l\u2019any 1994. Tamb\u00e9 \u00e9s un lloc rellevant arqueol\u00f2gicament parlant, doncs hi ha un poblat ib\u00e8ric (segle VI aC).<\/p>\n<p>All\u00e0 serem atesos pels guies professionals que ens faran viure una gran experi\u00e8ncia: descobrirem platges de sorra daurada que contrasten amb les aig\u00fces cristal\u00b7lines, tot remant i banyant-nos-hi.<\/p>\n<p>En aquest tour<strong> \u201cDia de Caiac\u201d<\/strong> explorarem els seg\u00fcents llocs:<\/p>\n<p>&nbsp;<\/p>\n<p><i class=\"fa fa-check icon-tick icon-tick--on\"><\/i><strong>La Foradada:\u00a0<\/strong>t\u00fanel de pedra prou ample com per poder \u00e9sser travessat per embarcacions petites.<\/p>\n<p><i class=\"fa fa-check icon-tick icon-tick--on\"><\/i><strong>Cala Marquesa or Cala S\u00e8nia:<\/strong> Here we will enjoy the transparent waters<\/p>\n<p><i class=\"fa fa-check icon-tick icon-tick--on\"><\/i><strong>Cap de Planes<\/strong> and <strong>Coves of El Crit and Cala Vedell<\/strong><\/p>\n<p><i class=\"fa fa-check icon-tick icon-tick--on\"><\/i><strong>Cava d\u00b4en Masson:<\/strong> This is a special place that belongs to the <strong>botanical gardens of Cap Roig<\/strong>. We\u2019ll <strong>paddle through a natural tunnel of rock<\/strong> before finally arriving at the end of the first leg of the route. Sheltered from the wind and waves, we\u2019ll break for a short rest , eating the snack that we\u2019ll offer you and once we&#8217;ve got our strength back, we\u2019ll go head back to Platja Castell.<\/p>\n<p>&nbsp;<\/p>\n<p>&nbsp;<\/p>\n<p>&nbsp;<\/p>\n","protected":false},"excerpt":{"rendered":"<p><strong>Descobreix llocs id\u00edlics de la Costa Brava navegant sobre un caic<\/strong><\/p>\n","protected":false},"featured_media":2633,"comment_status":"open","ping_status":"closed","template":"","meta":[],"product_brand":[],"product_cat":[190],"product_tag":[],"class_list":{"0":"post-2880","1":"product","2":"type-product","3":"status-publish","4":"has-post-thumbnail","6":"product_cat-experiencies-maritimes","7":"pa_tour-type-experiencies-maritimes","8":"pa_tour-types-sea-experiences-sailing-day-trips-ca","10":"first","11":"instock","12":"shipping-taxable","13":"purchasable","14":"product-type-tour_phys"},"yoast_head":"<!-- This site is optimized with the Yoast SEO plugin v26.1.1 - https:\/\/yoast.com\/wordpress\/plugins\/seo\/ -->\n<title>Ruta en Caiac per la Costa Brava sortint des de la Platja de Castell<\/title>\n<meta name=\"description\" content=\"Us agraden les activitats aqu\u00e0tiques? Heu volgut mai explorar racons, coves, fauna i flora marines per la Costa Brava? Doncs descobriu-ho tot fent caiac o simplement relaxant-vos. Si no ho has fet mai, no et preocupis! Activitats amb Familia, els nens s&#039; ho passaran d&#039; all\u00f2 mes b\u00e9. Demana&#039;ns informaci\u00f3.\" \/>\n<meta name=\"robots\" content=\"index, follow, max-snippet:-1, max-image-preview:large, max-video-preview:-1\" \/>\n<link rel=\"canonical\" href=\"https:\/\/barcelona-discovery.com\/producte\/sea-kayaking-experience\/\" \/>\n<meta property=\"og:locale\" content=\"ca_ES\" \/>\n<meta property=\"og:type\" content=\"article\" \/>\n<meta property=\"og:title\" content=\"Ruta en Caiac per la Costa Brava sortint des de la Platja de Castell\" \/>\n<meta property=\"og:description\" content=\"Us agraden les activitats aqu\u00e0tiques? Heu volgut mai explorar racons, coves, fauna i flora marines per la Costa Brava? Doncs descobriu-ho tot fent caiac o simplement relaxant-vos. Si no ho has fet mai, no et preocupis! Activitats amb Familia, els nens s&#039; ho passaran d&#039; all\u00f2 mes b\u00e9. Demana&#039;ns informaci\u00f3.\" \/>\n<meta property=\"og:url\" content=\"https:\/\/barcelona-discovery.com\/producte\/sea-kayaking-experience\/\" \/>\n<meta property=\"og:site_name\" content=\"Barcelona Discovery\" \/>\n<meta property=\"article:publisher\" content=\"https:\/\/www.facebook.com\/BarcelonaDiscovery\/\" \/>\n<meta property=\"article:modified_time\" content=\"2023-12-11T12:37:49+00:00\" \/>\n<meta property=\"og:image\" content=\"https:\/\/barcelona-discovery.com\/wp-content\/uploads\/2017\/11\/palamos-1.jpg\" \/>\n\t<meta property=\"og:image:width\" content=\"1400\" \/>\n\t<meta property=\"og:image:height\" content=\"700\" \/>\n\t<meta property=\"og:image:type\" content=\"image\/jpeg\" \/>\n<meta name=\"twitter:card\" content=\"summary_large_image\" \/>\n<meta name=\"twitter:site\" content=\"@bcn_discovery\" \/>\n<meta name=\"twitter:label1\" content=\"Temps estimat de lectura\" \/>\n\t<meta name=\"twitter:data1\" content=\"2 minuts\" \/>\n<script type=\"application\/ld+json\" class=\"yoast-schema-graph\">{\"@context\":\"https:\/\/schema.org\",\"@graph\":[{\"@type\":\"WebPage\",\"@id\":\"https:\/\/barcelona-discovery.com\/producte\/sea-kayaking-experience\/\",\"url\":\"https:\/\/barcelona-discovery.com\/producte\/sea-kayaking-experience\/\",\"name\":\"Ruta en Caiac per la Costa Brava sortint des de la Platja de Castell\",\"isPartOf\":{\"@id\":\"https:\/\/barcelona-discovery.com\/#website\"},\"primaryImageOfPage\":{\"@id\":\"https:\/\/barcelona-discovery.com\/producte\/sea-kayaking-experience\/#primaryimage\"},\"image\":{\"@id\":\"https:\/\/barcelona-discovery.com\/producte\/sea-kayaking-experience\/#primaryimage\"},\"thumbnailUrl\":\"https:\/\/barcelona-discovery.com\/wp-content\/uploads\/2017\/11\/palamos-1.jpg\",\"datePublished\":\"2018-04-26T15:41:24+00:00\",\"dateModified\":\"2023-12-11T12:37:49+00:00\",\"description\":\"Us agraden les activitats aqu\u00e0tiques? Heu volgut mai explorar racons, coves, fauna i flora marines per la Costa Brava? Doncs descobriu-ho tot fent caiac o simplement relaxant-vos. Si no ho has fet mai, no et preocupis! Activitats amb Familia, els nens s' ho passaran d' all\u00f2 mes b\u00e9. Demana'ns informaci\u00f3.\",\"breadcrumb\":{\"@id\":\"https:\/\/barcelona-discovery.com\/producte\/sea-kayaking-experience\/#breadcrumb\"},\"inLanguage\":\"ca\",\"potentialAction\":[{\"@type\":\"ReadAction\",\"target\":[\"https:\/\/barcelona-discovery.com\/producte\/sea-kayaking-experience\/\"]}]},{\"@type\":\"ImageObject\",\"inLanguage\":\"ca\",\"@id\":\"https:\/\/barcelona-discovery.com\/producte\/sea-kayaking-experience\/#primaryimage\",\"url\":\"https:\/\/barcelona-discovery.com\/wp-content\/uploads\/2017\/11\/palamos-1.jpg\",\"contentUrl\":\"https:\/\/barcelona-discovery.com\/wp-content\/uploads\/2017\/11\/palamos-1.jpg\",\"width\":1400,\"height\":700,\"caption\":\"Kayaking Tour in Costa Brava\"},{\"@type\":\"BreadcrumbList\",\"@id\":\"https:\/\/barcelona-discovery.com\/producte\/sea-kayaking-experience\/#breadcrumb\",\"itemListElement\":[{\"@type\":\"ListItem\",\"position\":1,\"name\":\"Home\",\"item\":\"https:\/\/barcelona-discovery.com\/ca\/\"},{\"@type\":\"ListItem\",\"position\":2,\"name\":\"Tours\",\"item\":\"https:\/\/barcelona-discovery.com\/tours\/\"},{\"@type\":\"ListItem\",\"position\":3,\"name\":\"Ruta en Caiac per La Platja de Castell &#8211; Costa Brava\"}]},{\"@type\":\"WebSite\",\"@id\":\"https:\/\/barcelona-discovery.com\/#website\",\"url\":\"https:\/\/barcelona-discovery.com\/\",\"name\":\"Barcelona Discovery\",\"description\":\"Private Tours around Barcelona\",\"publisher\":{\"@id\":\"https:\/\/barcelona-discovery.com\/#organization\"},\"potentialAction\":[{\"@type\":\"SearchAction\",\"target\":{\"@type\":\"EntryPoint\",\"urlTemplate\":\"https:\/\/barcelona-discovery.com\/?s={search_term_string}\"},\"query-input\":{\"@type\":\"PropertyValueSpecification\",\"valueRequired\":true,\"valueName\":\"search_term_string\"}}],\"inLanguage\":\"ca\"},{\"@type\":\"Organization\",\"@id\":\"https:\/\/barcelona-discovery.com\/#organization\",\"name\":\"Barcelona Discovery\",\"url\":\"https:\/\/barcelona-discovery.com\/\",\"logo\":{\"@type\":\"ImageObject\",\"inLanguage\":\"ca\",\"@id\":\"https:\/\/barcelona-discovery.com\/#\/schema\/logo\/image\/\",\"url\":\"https:\/\/barcelona-discovery.com\/wp-content\/uploads\/2024\/02\/logo-linkein.jpg\",\"contentUrl\":\"https:\/\/barcelona-discovery.com\/wp-content\/uploads\/2024\/02\/logo-linkein.jpg\",\"width\":300,\"height\":300,\"caption\":\"Barcelona Discovery\"},\"image\":{\"@id\":\"https:\/\/barcelona-discovery.com\/#\/schema\/logo\/image\/\"},\"sameAs\":[\"https:\/\/www.facebook.com\/BarcelonaDiscovery\/\",\"https:\/\/x.com\/bcn_discovery\",\"https:\/\/www.instagram.com\/barcelonadiscovery\/\",\"https:\/\/www.youtube.com\/channel\/UCwpragtLkdmFTHCzinFQG_g\"]}]}<\/script>\n<!-- \/ Yoast SEO plugin. -->","yoast_head_json":{"title":"Ruta en Caiac per la Costa Brava sortint des de la Platja de Castell","description":"Us agraden les activitats aqu\u00e0tiques? Heu volgut mai explorar racons, coves, fauna i flora marines per la Costa Brava? Doncs descobriu-ho tot fent caiac o simplement relaxant-vos. Si no ho has fet mai, no et preocupis! Activitats amb Familia, els nens s' ho passaran d' all\u00f2 mes b\u00e9. Demana'ns informaci\u00f3.","robots":{"index":"index","follow":"follow","max-snippet":"max-snippet:-1","max-image-preview":"max-image-preview:large","max-video-preview":"max-video-preview:-1"},"canonical":"https:\/\/barcelona-discovery.com\/producte\/sea-kayaking-experience\/","og_locale":"ca_ES","og_type":"article","og_title":"Ruta en Caiac per la Costa Brava sortint des de la Platja de Castell","og_description":"Us agraden les activitats aqu\u00e0tiques? Heu volgut mai explorar racons, coves, fauna i flora marines per la Costa Brava? Doncs descobriu-ho tot fent caiac o simplement relaxant-vos. Si no ho has fet mai, no et preocupis! Activitats amb Familia, els nens s' ho passaran d' all\u00f2 mes b\u00e9. Demana'ns informaci\u00f3.","og_url":"https:\/\/barcelona-discovery.com\/producte\/sea-kayaking-experience\/","og_site_name":"Barcelona Discovery","article_publisher":"https:\/\/www.facebook.com\/BarcelonaDiscovery\/","article_modified_time":"2023-12-11T12:37:49+00:00","og_image":[{"width":1400,"height":700,"url":"https:\/\/barcelona-discovery.com\/wp-content\/uploads\/2017\/11\/palamos-1.jpg","type":"image\/jpeg"}],"twitter_card":"summary_large_image","twitter_site":"@bcn_discovery","twitter_misc":{"Temps estimat de lectura":"2 minuts"},"schema":{"@context":"https:\/\/schema.org","@graph":[{"@type":"WebPage","@id":"https:\/\/barcelona-discovery.com\/producte\/sea-kayaking-experience\/","url":"https:\/\/barcelona-discovery.com\/producte\/sea-kayaking-experience\/","name":"Ruta en Caiac per la Costa Brava sortint des de la Platja de Castell","isPartOf":{"@id":"https:\/\/barcelona-discovery.com\/#website"},"primaryImageOfPage":{"@id":"https:\/\/barcelona-discovery.com\/producte\/sea-kayaking-experience\/#primaryimage"},"image":{"@id":"https:\/\/barcelona-discovery.com\/producte\/sea-kayaking-experience\/#primaryimage"},"thumbnailUrl":"https:\/\/barcelona-discovery.com\/wp-content\/uploads\/2017\/11\/palamos-1.jpg","datePublished":"2018-04-26T15:41:24+00:00","dateModified":"2023-12-11T12:37:49+00:00","description":"Us agraden les activitats aqu\u00e0tiques? Heu volgut mai explorar racons, coves, fauna i flora marines per la Costa Brava? Doncs descobriu-ho tot fent caiac o simplement relaxant-vos. Si no ho has fet mai, no et preocupis! Activitats amb Familia, els nens s' ho passaran d' all\u00f2 mes b\u00e9. Demana'ns informaci\u00f3.","breadcrumb":{"@id":"https:\/\/barcelona-discovery.com\/producte\/sea-kayaking-experience\/#breadcrumb"},"inLanguage":"ca","potentialAction":[{"@type":"ReadAction","target":["https:\/\/barcelona-discovery.com\/producte\/sea-kayaking-experience\/"]}]},{"@type":"ImageObject","inLanguage":"ca","@id":"https:\/\/barcelona-discovery.com\/producte\/sea-kayaking-experience\/#primaryimage","url":"https:\/\/barcelona-discovery.com\/wp-content\/uploads\/2017\/11\/palamos-1.jpg","contentUrl":"https:\/\/barcelona-discovery.com\/wp-content\/uploads\/2017\/11\/palamos-1.jpg","width":1400,"height":700,"caption":"Kayaking Tour in Costa Brava"},{"@type":"BreadcrumbList","@id":"https:\/\/barcelona-discovery.com\/producte\/sea-kayaking-experience\/#breadcrumb","itemListElement":[{"@type":"ListItem","position":1,"name":"Home","item":"https:\/\/barcelona-discovery.com\/ca\/"},{"@type":"ListItem","position":2,"name":"Tours","item":"https:\/\/barcelona-discovery.com\/tours\/"},{"@type":"ListItem","position":3,"name":"Ruta en Caiac per La Platja de Castell &#8211; Costa Brava"}]},{"@type":"WebSite","@id":"https:\/\/barcelona-discovery.com\/#website","url":"https:\/\/barcelona-discovery.com\/","name":"Barcelona Discovery","description":"Private Tours around Barcelona","publisher":{"@id":"https:\/\/barcelona-discovery.com\/#organization"},"potentialAction":[{"@type":"SearchAction","target":{"@type":"EntryPoint","urlTemplate":"https:\/\/barcelona-discovery.com\/?s={search_term_string}"},"query-input":{"@type":"PropertyValueSpecification","valueRequired":true,"valueName":"search_term_string"}}],"inLanguage":"ca"},{"@type":"Organization","@id":"https:\/\/barcelona-discovery.com\/#organization","name":"Barcelona Discovery","url":"https:\/\/barcelona-discovery.com\/","logo":{"@type":"ImageObject","inLanguage":"ca","@id":"https:\/\/barcelona-discovery.com\/#\/schema\/logo\/image\/","url":"https:\/\/barcelona-discovery.com\/wp-content\/uploads\/2024\/02\/logo-linkein.jpg","contentUrl":"https:\/\/barcelona-discovery.com\/wp-content\/uploads\/2024\/02\/logo-linkein.jpg","width":300,"height":300,"caption":"Barcelona Discovery"},"image":{"@id":"https:\/\/barcelona-discovery.com\/#\/schema\/logo\/image\/"},"sameAs":["https:\/\/www.facebook.com\/BarcelonaDiscovery\/","https:\/\/x.com\/bcn_discovery","https:\/\/www.instagram.com\/barcelonadiscovery\/","https:\/\/www.youtube.com\/channel\/UCwpragtLkdmFTHCzinFQG_g"]}]}},"_links":{"self":[{"href":"https:\/\/barcelona-discovery.com\/ca\/wp-json\/wp\/v2\/product\/2880","targetHints":{"allow":["GET"]}}],"collection":[{"href":"https:\/\/barcelona-discovery.com\/ca\/wp-json\/wp\/v2\/product"}],"about":[{"href":"https:\/\/barcelona-discovery.com\/ca\/wp-json\/wp\/v2\/types\/product"}],"replies":[{"embeddable":true,"href":"https:\/\/barcelona-discovery.com\/ca\/wp-json\/wp\/v2\/comments?post=2880"}],"wp:featuredmedia":[{"embeddable":true,"href":"https:\/\/barcelona-discovery.com\/ca\/wp-json\/wp\/v2\/media\/2633"}],"wp:attachment":[{"href":"https:\/\/barcelona-discovery.com\/ca\/wp-json\/wp\/v2\/media?parent=2880"}],"wp:term":[{"taxonomy":"product_brand","embeddable":true,"href":"https:\/\/barcelona-discovery.com\/ca\/wp-json\/wp\/v2\/product_brand?post=2880"},{"taxonomy":"product_cat","embeddable":true,"href":"https:\/\/barcelona-discovery.com\/ca\/wp-json\/wp\/v2\/product_cat?post=2880"},{"taxonomy":"product_tag","embeddable":true,"href":"https:\/\/barcelona-discovery.com\/ca\/wp-json\/wp\/v2\/product_tag?post=2880"}],"curies":[{"name":"wp","href":"https:\/\/api.w.org\/{rel}","templated":true}]}}