{"id":3573,"date":"2018-10-26T11:18:11","date_gmt":"2018-10-26T10:18:11","guid":{"rendered":"https:\/\/barcelona-discovery.com\/?post_type=product&#038;p=3573"},"modified":"2024-06-06T11:18:13","modified_gmt":"2024-06-06T10:18:13","slug":"enoturisme-al-penedes-visita-amb-tast-de-vins-i-caves-pel-penedes","status":"publish","type":"product","link":"https:\/\/barcelona-discovery.com\/ca\/tours\/enoturisme-al-penedes-visita-amb-tast-de-vins-i-caves-pel-penedes\/","title":{"rendered":"Enoturisme al Pened\u00e8s &#8211; Visita amb tast de vins i caves pel Pened\u00e8s"},"content":{"rendered":"<p>La <strong>regi\u00f3 del Pened\u00e8s<\/strong> \u00e9s una de les <strong>regions vitivin\u00edcoles<\/strong> m\u00e9s importants de Catalunya.<\/p>\n<p>La<strong> terra del Pened\u00e8s<\/strong> es troba entre el mar i la muntanya, i aquesta influ\u00e8ncia del sol i el mar fa que<strong> <em>Pened\u00e8s<\/em><\/strong> sigui considerada una de les millors regions vit\u00edcoles del pa\u00eds despr\u00e9s de la Rioja, que \u00e9s tamb\u00e9 una de les zones de viticultura m\u00e9s antigues a Europa. A trav\u00e9s d&#8217;aquest recorregut, aprendreu tot sobre el <strong>m\u00f3n del vi i el cava.<\/strong><\/p>\n<p>La vostra primera parada ser\u00e0 al <strong>celler i vinyes ecol\u00f2giques<\/strong>, us donar\u00e0 la benvinguda un en\u00f2leg expert. Fareu la visita visitant les vinyes ecol\u00f2giques, on us explicaran tota la hist\u00f2ria d&#8217;aquest celler mil\u00b7lenari. Aprendreu <strong>com es fa el vi, el proc\u00e9s de la vinya al vi<\/strong>, que \u00e9s on comen\u00e7a el cicle de transformaci\u00f3, un cicle que, a trav\u00e9s del treball meticul\u00f3s de les vinyes, donar\u00e0 forma a les diferents personalitats dels vins.<\/p>\n<p>Durant el passeig per les vinyes, visitarem l&#8217;esgl\u00e9sia rom\u00e0nica de Sant Joan Salem, a l&#8217;interior de la propietat, per con\u00e8ixer un dels dominis hist\u00f2rics del vi.<\/p>\n<p>Despr\u00e9s de descobrir tot sobre com es fa el vi, tindreu l&#8217;oportunitat de<strong> tastar\u00a0quatre vins<\/strong> <strong>amb encant<\/strong> en una sala de degustaci\u00f3, acompanyats d&#8217;uns aperitius\u00a0<span class=\"hiddenSpellError\">gourmets<\/span>, per valorar millor els matisos extraordinaris del vi.<\/p>\n<p>Despr\u00e9s ser\u00e0 l&#8217;hora <strong>d&#8217;aprendre tot sobre cava<\/strong>, visitareu una altra bodega hist\u00f2rica especialitzada en cava. Us donar\u00e0 la benvinguda la nostra guia expert en el m\u00f3n del cava, on us explicar\u00e0 la hist\u00f2ria del fundador i tamb\u00e9 el labori\u00f3s <strong>proc\u00e9s d&#8217;elaboraci\u00f3 del cava<\/strong>. Fareu un\u00a0<span class=\"hiddenSpellError\">tour<\/span>\u00a0guiat per les galeries subterr\u00e0nies i una visita a l&#8217;espai m\u00e9s secret i singular de les caves. S&#8217;acabar\u00e0 la visita amb una degustaci\u00f3 i un tast comentat de\u00a0 4 caves de llarga crian\u00e7a acompanyats per uns aperitius.<\/p>\n","protected":false},"excerpt":{"rendered":"<p><strong>Ruta per les\u00a0vinyes ec\u00f2logiques del Pened\u00e8s amb tast comentat de vins i caves<\/strong><\/p>\n","protected":false},"featured_media":3543,"comment_status":"open","ping_status":"closed","template":"","meta":[],"product_brand":[],"product_cat":[176,142],"product_tag":[],"class_list":{"0":"post-3573","1":"product","2":"type-product","3":"status-publish","4":"has-post-thumbnail","6":"product_cat-experiencies-enoturistiques-gastronomiques","7":"product_cat-experiencies-terrestres","8":"pa_tour-type-experiencies-terrestres","9":"pa_tour-types-land-experiences-experiencies-enoturistiques-gastronomiques","10":"tour_phys-regala-experiencies","12":"first","13":"instock","14":"shipping-taxable","15":"purchasable","16":"product-type-tour_phys"},"yoast_head":"<!-- This site is optimized with the Yoast SEO plugin v26.1.1 - https:\/\/yoast.com\/wordpress\/plugins\/seo\/ -->\n<title>Enoturisme al Pened\u00e8s - Visita amb tast de vins i caves pel Pened\u00e8s<\/title>\n<meta name=\"description\" content=\"Vina a visitar una de les caves m\u00e9s mil.lenaries del Pened\u00e8s. Tindreu l&#039;oportunitat de coneixer de primera m\u00e0 tot sobre el m\u00f3n del vi i del cava amb tast.\" \/>\n<meta name=\"robots\" content=\"index, follow, max-snippet:-1, max-image-preview:large, max-video-preview:-1\" \/>\n<link rel=\"canonical\" href=\"https:\/\/barcelona-discovery.com\/ca\/producte\/enoturisme-al-penedes-visita-amb-tast-de-vins-i-caves-pel-penedes\/\" \/>\n<meta property=\"og:locale\" content=\"ca_ES\" \/>\n<meta property=\"og:type\" content=\"article\" \/>\n<meta property=\"og:title\" content=\"Enoturisme al Pened\u00e8s - Visita amb tast de vins i caves pel Pened\u00e8s\" \/>\n<meta property=\"og:description\" content=\"Vina a visitar una de les caves m\u00e9s mil.lenaries del Pened\u00e8s. Tindreu l&#039;oportunitat de coneixer de primera m\u00e0 tot sobre el m\u00f3n del vi i del cava amb tast.\" \/>\n<meta property=\"og:url\" content=\"https:\/\/barcelona-discovery.com\/ca\/producte\/enoturisme-al-penedes-visita-amb-tast-de-vins-i-caves-pel-penedes\/\" \/>\n<meta property=\"og:site_name\" content=\"Barcelona Discovery\" \/>\n<meta property=\"article:publisher\" content=\"https:\/\/www.facebook.com\/BarcelonaDiscovery\/\" \/>\n<meta property=\"article:modified_time\" content=\"2024-06-06T10:18:13+00:00\" \/>\n<meta property=\"og:image\" content=\"https:\/\/barcelona-discovery.com\/wp-content\/uploads\/2018\/10\/wine-tasting-penedes.jpg\" \/>\n\t<meta property=\"og:image:width\" content=\"1000\" \/>\n\t<meta property=\"og:image:height\" content=\"500\" \/>\n\t<meta property=\"og:image:type\" content=\"image\/jpeg\" \/>\n<meta name=\"twitter:card\" content=\"summary_large_image\" \/>\n<meta name=\"twitter:site\" content=\"@bcn_discovery\" \/>\n<meta name=\"twitter:label1\" content=\"Temps estimat de lectura\" \/>\n\t<meta name=\"twitter:data1\" content=\"2 minuts\" \/>\n<script type=\"application\/ld+json\" class=\"yoast-schema-graph\">{\"@context\":\"https:\/\/schema.org\",\"@graph\":[{\"@type\":\"WebPage\",\"@id\":\"https:\/\/barcelona-discovery.com\/ca\/producte\/enoturisme-al-penedes-visita-amb-tast-de-vins-i-caves-pel-penedes\/\",\"url\":\"https:\/\/barcelona-discovery.com\/ca\/producte\/enoturisme-al-penedes-visita-amb-tast-de-vins-i-caves-pel-penedes\/\",\"name\":\"Enoturisme al Pened\u00e8s - Visita amb tast de vins i caves pel Pened\u00e8s\",\"isPartOf\":{\"@id\":\"https:\/\/barcelona-discovery.com\/#website\"},\"primaryImageOfPage\":{\"@id\":\"https:\/\/barcelona-discovery.com\/ca\/producte\/enoturisme-al-penedes-visita-amb-tast-de-vins-i-caves-pel-penedes\/#primaryimage\"},\"image\":{\"@id\":\"https:\/\/barcelona-discovery.com\/ca\/producte\/enoturisme-al-penedes-visita-amb-tast-de-vins-i-caves-pel-penedes\/#primaryimage\"},\"thumbnailUrl\":\"https:\/\/barcelona-discovery.com\/wp-content\/uploads\/2018\/10\/wine-tasting-penedes.jpg\",\"datePublished\":\"2018-10-26T10:18:11+00:00\",\"dateModified\":\"2024-06-06T10:18:13+00:00\",\"description\":\"Vina a visitar una de les caves m\u00e9s mil.lenaries del Pened\u00e8s. Tindreu l'oportunitat de coneixer de primera m\u00e0 tot sobre el m\u00f3n del vi i del cava amb tast.\",\"breadcrumb\":{\"@id\":\"https:\/\/barcelona-discovery.com\/ca\/producte\/enoturisme-al-penedes-visita-amb-tast-de-vins-i-caves-pel-penedes\/#breadcrumb\"},\"inLanguage\":\"ca\",\"potentialAction\":[{\"@type\":\"ReadAction\",\"target\":[\"https:\/\/barcelona-discovery.com\/ca\/producte\/enoturisme-al-penedes-visita-amb-tast-de-vins-i-caves-pel-penedes\/\"]}]},{\"@type\":\"ImageObject\",\"inLanguage\":\"ca\",\"@id\":\"https:\/\/barcelona-discovery.com\/ca\/producte\/enoturisme-al-penedes-visita-amb-tast-de-vins-i-caves-pel-penedes\/#primaryimage\",\"url\":\"https:\/\/barcelona-discovery.com\/wp-content\/uploads\/2018\/10\/wine-tasting-penedes.jpg\",\"contentUrl\":\"https:\/\/barcelona-discovery.com\/wp-content\/uploads\/2018\/10\/wine-tasting-penedes.jpg\",\"width\":1000,\"height\":500,\"caption\":\"Wine tasting Tour in Pened\u00e9s\"},{\"@type\":\"BreadcrumbList\",\"@id\":\"https:\/\/barcelona-discovery.com\/ca\/producte\/enoturisme-al-penedes-visita-amb-tast-de-vins-i-caves-pel-penedes\/#breadcrumb\",\"itemListElement\":[{\"@type\":\"ListItem\",\"position\":1,\"name\":\"Home\",\"item\":\"https:\/\/barcelona-discovery.com\/ca\/\"},{\"@type\":\"ListItem\",\"position\":2,\"name\":\"Tours\",\"item\":\"https:\/\/barcelona-discovery.com\/tours\/\"},{\"@type\":\"ListItem\",\"position\":3,\"name\":\"Enoturisme al Pened\u00e8s &#8211; Visita amb tast de vins i caves pel Pened\u00e8s\"}]},{\"@type\":\"WebSite\",\"@id\":\"https:\/\/barcelona-discovery.com\/#website\",\"url\":\"https:\/\/barcelona-discovery.com\/\",\"name\":\"Barcelona Discovery\",\"description\":\"Private Tours around Barcelona\",\"publisher\":{\"@id\":\"https:\/\/barcelona-discovery.com\/#organization\"},\"potentialAction\":[{\"@type\":\"SearchAction\",\"target\":{\"@type\":\"EntryPoint\",\"urlTemplate\":\"https:\/\/barcelona-discovery.com\/?s={search_term_string}\"},\"query-input\":{\"@type\":\"PropertyValueSpecification\",\"valueRequired\":true,\"valueName\":\"search_term_string\"}}],\"inLanguage\":\"ca\"},{\"@type\":\"Organization\",\"@id\":\"https:\/\/barcelona-discovery.com\/#organization\",\"name\":\"Barcelona Discovery\",\"url\":\"https:\/\/barcelona-discovery.com\/\",\"logo\":{\"@type\":\"ImageObject\",\"inLanguage\":\"ca\",\"@id\":\"https:\/\/barcelona-discovery.com\/#\/schema\/logo\/image\/\",\"url\":\"https:\/\/barcelona-discovery.com\/wp-content\/uploads\/2024\/02\/logo-linkein.jpg\",\"contentUrl\":\"https:\/\/barcelona-discovery.com\/wp-content\/uploads\/2024\/02\/logo-linkein.jpg\",\"width\":300,\"height\":300,\"caption\":\"Barcelona Discovery\"},\"image\":{\"@id\":\"https:\/\/barcelona-discovery.com\/#\/schema\/logo\/image\/\"},\"sameAs\":[\"https:\/\/www.facebook.com\/BarcelonaDiscovery\/\",\"https:\/\/x.com\/bcn_discovery\",\"https:\/\/www.instagram.com\/barcelonadiscovery\/\",\"https:\/\/www.youtube.com\/channel\/UCwpragtLkdmFTHCzinFQG_g\"]}]}<\/script>\n<!-- \/ Yoast SEO plugin. -->","yoast_head_json":{"title":"Enoturisme al Pened\u00e8s - Visita amb tast de vins i caves pel Pened\u00e8s","description":"Vina a visitar una de les caves m\u00e9s mil.lenaries del Pened\u00e8s. Tindreu l'oportunitat de coneixer de primera m\u00e0 tot sobre el m\u00f3n del vi i del cava amb tast.","robots":{"index":"index","follow":"follow","max-snippet":"max-snippet:-1","max-image-preview":"max-image-preview:large","max-video-preview":"max-video-preview:-1"},"canonical":"https:\/\/barcelona-discovery.com\/ca\/producte\/enoturisme-al-penedes-visita-amb-tast-de-vins-i-caves-pel-penedes\/","og_locale":"ca_ES","og_type":"article","og_title":"Enoturisme al Pened\u00e8s - Visita amb tast de vins i caves pel Pened\u00e8s","og_description":"Vina a visitar una de les caves m\u00e9s mil.lenaries del Pened\u00e8s. Tindreu l'oportunitat de coneixer de primera m\u00e0 tot sobre el m\u00f3n del vi i del cava amb tast.","og_url":"https:\/\/barcelona-discovery.com\/ca\/producte\/enoturisme-al-penedes-visita-amb-tast-de-vins-i-caves-pel-penedes\/","og_site_name":"Barcelona Discovery","article_publisher":"https:\/\/www.facebook.com\/BarcelonaDiscovery\/","article_modified_time":"2024-06-06T10:18:13+00:00","og_image":[{"width":1000,"height":500,"url":"https:\/\/barcelona-discovery.com\/wp-content\/uploads\/2018\/10\/wine-tasting-penedes.jpg","type":"image\/jpeg"}],"twitter_card":"summary_large_image","twitter_site":"@bcn_discovery","twitter_misc":{"Temps estimat de lectura":"2 minuts"},"schema":{"@context":"https:\/\/schema.org","@graph":[{"@type":"WebPage","@id":"https:\/\/barcelona-discovery.com\/ca\/producte\/enoturisme-al-penedes-visita-amb-tast-de-vins-i-caves-pel-penedes\/","url":"https:\/\/barcelona-discovery.com\/ca\/producte\/enoturisme-al-penedes-visita-amb-tast-de-vins-i-caves-pel-penedes\/","name":"Enoturisme al Pened\u00e8s - Visita amb tast de vins i caves pel Pened\u00e8s","isPartOf":{"@id":"https:\/\/barcelona-discovery.com\/#website"},"primaryImageOfPage":{"@id":"https:\/\/barcelona-discovery.com\/ca\/producte\/enoturisme-al-penedes-visita-amb-tast-de-vins-i-caves-pel-penedes\/#primaryimage"},"image":{"@id":"https:\/\/barcelona-discovery.com\/ca\/producte\/enoturisme-al-penedes-visita-amb-tast-de-vins-i-caves-pel-penedes\/#primaryimage"},"thumbnailUrl":"https:\/\/barcelona-discovery.com\/wp-content\/uploads\/2018\/10\/wine-tasting-penedes.jpg","datePublished":"2018-10-26T10:18:11+00:00","dateModified":"2024-06-06T10:18:13+00:00","description":"Vina a visitar una de les caves m\u00e9s mil.lenaries del Pened\u00e8s. Tindreu l'oportunitat de coneixer de primera m\u00e0 tot sobre el m\u00f3n del vi i del cava amb tast.","breadcrumb":{"@id":"https:\/\/barcelona-discovery.com\/ca\/producte\/enoturisme-al-penedes-visita-amb-tast-de-vins-i-caves-pel-penedes\/#breadcrumb"},"inLanguage":"ca","potentialAction":[{"@type":"ReadAction","target":["https:\/\/barcelona-discovery.com\/ca\/producte\/enoturisme-al-penedes-visita-amb-tast-de-vins-i-caves-pel-penedes\/"]}]},{"@type":"ImageObject","inLanguage":"ca","@id":"https:\/\/barcelona-discovery.com\/ca\/producte\/enoturisme-al-penedes-visita-amb-tast-de-vins-i-caves-pel-penedes\/#primaryimage","url":"https:\/\/barcelona-discovery.com\/wp-content\/uploads\/2018\/10\/wine-tasting-penedes.jpg","contentUrl":"https:\/\/barcelona-discovery.com\/wp-content\/uploads\/2018\/10\/wine-tasting-penedes.jpg","width":1000,"height":500,"caption":"Wine tasting Tour in Pened\u00e9s"},{"@type":"BreadcrumbList","@id":"https:\/\/barcelona-discovery.com\/ca\/producte\/enoturisme-al-penedes-visita-amb-tast-de-vins-i-caves-pel-penedes\/#breadcrumb","itemListElement":[{"@type":"ListItem","position":1,"name":"Home","item":"https:\/\/barcelona-discovery.com\/ca\/"},{"@type":"ListItem","position":2,"name":"Tours","item":"https:\/\/barcelona-discovery.com\/tours\/"},{"@type":"ListItem","position":3,"name":"Enoturisme al Pened\u00e8s &#8211; Visita amb tast de vins i caves pel Pened\u00e8s"}]},{"@type":"WebSite","@id":"https:\/\/barcelona-discovery.com\/#website","url":"https:\/\/barcelona-discovery.com\/","name":"Barcelona Discovery","description":"Private Tours around Barcelona","publisher":{"@id":"https:\/\/barcelona-discovery.com\/#organization"},"potentialAction":[{"@type":"SearchAction","target":{"@type":"EntryPoint","urlTemplate":"https:\/\/barcelona-discovery.com\/?s={search_term_string}"},"query-input":{"@type":"PropertyValueSpecification","valueRequired":true,"valueName":"search_term_string"}}],"inLanguage":"ca"},{"@type":"Organization","@id":"https:\/\/barcelona-discovery.com\/#organization","name":"Barcelona Discovery","url":"https:\/\/barcelona-discovery.com\/","logo":{"@type":"ImageObject","inLanguage":"ca","@id":"https:\/\/barcelona-discovery.com\/#\/schema\/logo\/image\/","url":"https:\/\/barcelona-discovery.com\/wp-content\/uploads\/2024\/02\/logo-linkein.jpg","contentUrl":"https:\/\/barcelona-discovery.com\/wp-content\/uploads\/2024\/02\/logo-linkein.jpg","width":300,"height":300,"caption":"Barcelona Discovery"},"image":{"@id":"https:\/\/barcelona-discovery.com\/#\/schema\/logo\/image\/"},"sameAs":["https:\/\/www.facebook.com\/BarcelonaDiscovery\/","https:\/\/x.com\/bcn_discovery","https:\/\/www.instagram.com\/barcelonadiscovery\/","https:\/\/www.youtube.com\/channel\/UCwpragtLkdmFTHCzinFQG_g"]}]}},"_links":{"self":[{"href":"https:\/\/barcelona-discovery.com\/ca\/wp-json\/wp\/v2\/product\/3573","targetHints":{"allow":["GET"]}}],"collection":[{"href":"https:\/\/barcelona-discovery.com\/ca\/wp-json\/wp\/v2\/product"}],"about":[{"href":"https:\/\/barcelona-discovery.com\/ca\/wp-json\/wp\/v2\/types\/product"}],"replies":[{"embeddable":true,"href":"https:\/\/barcelona-discovery.com\/ca\/wp-json\/wp\/v2\/comments?post=3573"}],"wp:featuredmedia":[{"embeddable":true,"href":"https:\/\/barcelona-discovery.com\/ca\/wp-json\/wp\/v2\/media\/3543"}],"wp:attachment":[{"href":"https:\/\/barcelona-discovery.com\/ca\/wp-json\/wp\/v2\/media?parent=3573"}],"wp:term":[{"taxonomy":"product_brand","embeddable":true,"href":"https:\/\/barcelona-discovery.com\/ca\/wp-json\/wp\/v2\/product_brand?post=3573"},{"taxonomy":"product_cat","embeddable":true,"href":"https:\/\/barcelona-discovery.com\/ca\/wp-json\/wp\/v2\/product_cat?post=3573"},{"taxonomy":"product_tag","embeddable":true,"href":"https:\/\/barcelona-discovery.com\/ca\/wp-json\/wp\/v2\/product_tag?post=3573"}],"curies":[{"name":"wp","href":"https:\/\/api.w.org\/{rel}","templated":true}]}}