{"id":4068,"date":"2019-05-17T11:38:43","date_gmt":"2019-05-17T10:38:43","guid":{"rendered":"https:\/\/barcelona-discovery.com\/?post_type=product&#038;p=4068"},"modified":"2024-06-11T12:33:27","modified_gmt":"2024-06-11T11:33:27","slug":"tast-de-vins-emporda","status":"publish","type":"product","link":"https:\/\/barcelona-discovery.com\/ca\/tours\/tast-de-vins-emporda\/","title":{"rendered":"Tast de Vins a l&#8217;Empord\u00e0"},"content":{"rendered":"<p><span class=\"hiddenSpellError\">Vina<\/span>\u00a0a gaudir de<strong> l&#8217;Empord\u00e0<\/strong>!!!!!<\/p>\n<p>Amb aquesta\u00a0<strong><span class=\"hiddenSpellError\">exp\u00e8riencia<\/span><\/strong>\u00a0t&#8217;oferim\u00a0<span class=\"hiddenGrammarError\">l&#8217; oportunitat<\/span>\u00a0de fer una visita a una bodega molt diferent, consisteix en una <strong>visita teatralitzada<\/strong>.<\/p>\n<p>La visita teatralitzada \u00e9s una <strong>visita guiada de la m\u00e0 de la &#8220;Sra. Maria&#8221;<\/strong>, una ve\u00efna d&#8217;Espolla que coneix molt b\u00e9 el celler. Far\u00e0 un recorregut per les instal\u00b7lacions explicant la hist\u00f2ria, la construcci\u00f3, les an\u00e8cdotes i\u00a0l&#8217;elaboraci\u00f3\u00a0dels vins del celler, per acabar amb un<strong> tast de vins i de l&#8217;oli de la cooperativa<\/strong>.<\/p>\n<p>Aquesta visita est\u00e0 inclosa en la <strong>Ruta del Vi de la DO Empord\u00e0.<\/strong><\/p>\n<p>Despres de la visita al celler, s&#8217;ofereix\u00a0 una passejada guiada per l&#8217;entorn d&#8217;Espolla per con\u00e8ixer el\u00a0 patrimoni megal\u00edtic i el paisatge de vinyes i oliveres que ens envolta.<\/p>\n<p>Aquesta\u00a0experi\u00e8ncia\u00a0culmina amb un <strong>dinar o esmorzar de productes de proximitat,<\/strong> com ara pa amb tom\u00e0quet, formatges, embotits,\u00a0<span class=\"hiddenSpellError\">sussissa<\/span>\u00a0a la brasa i vi del Celler.<\/p>\n<p>L&#8217;opci\u00f3\u00a0pot ser a les 09.30 com esmorzar i a les 11.30\/<span class=\"hiddenGrammarError\">12.00h<\/span>\u00a0del mat\u00ed si ho voleu fer com a\u00a0<span class=\"hiddenGrammarError\" style=\"padding-bottom: 2px; background-image: url('..\/..\/..\/..\/..\/images\/squiggle.png'); background-repeat: repeat-x; background-position: left bottom; cursor: default; color: #666666; font-family: 'Open Sans', Helvetica, Arial, sans-serif; font-size: 16px; font-style: normal; font-variant-ligatures: normal; font-variant-caps: normal; font-weight: 300; letter-spacing: normal; orphans: 2; text-align: start; text-indent: 0px; text-transform: none; white-space: normal; widows: 2; word-spacing: 0px; -webkit-text-stroke-width: 0px; text-decoration-style: initial; text-decoration-color: initial;\">dinar<\/span><\/p>\n<p>Es comen\u00e7a amb la visita i tast , despr\u00e9s\u00a0es realitza la caminada i dinar.<\/p>\n","protected":false},"excerpt":{"rendered":"<p><strong>Visita teatralitzada al celler i\u00a0 Tast de Vins -Acabareu amb una caminada finalitzant amb un esmorzar o dinar rural<\/strong><\/p>\n","protected":false},"featured_media":4070,"comment_status":"open","ping_status":"closed","template":"","meta":[],"product_brand":[],"product_cat":[176,142],"product_tag":[],"class_list":{"0":"post-4068","1":"product","2":"type-product","3":"status-publish","4":"has-post-thumbnail","6":"product_cat-experiencies-enoturistiques-gastronomiques","7":"product_cat-experiencies-terrestres","8":"pa_tour-type-experiencies-terrestres","9":"pa_tour-types-land-experiences-experiencies-enoturistiques-gastronomiques","10":"tour_phys-regala-experiencies","12":"first","13":"instock","14":"shipping-taxable","15":"purchasable","16":"product-type-tour_phys"},"yoast_head":"<!-- This site is optimized with the Yoast SEO plugin v26.1.1 - https:\/\/yoast.com\/wordpress\/plugins\/seo\/ -->\n<title>Enoturisme a l&#039; Empord\u00e0 - Tast de Vins a Espolla -Regala Exp\u00e8riencies<\/title>\n<meta name=\"description\" content=\"Regala experi\u00e8ncies de llibre. Vina a gaudir de l&#039;Empord\u00e0!!!!! Visita teatralitzada al celler, tast , caminada per l&#039;entorn i esmorzar \/ dinar de proximitat\" \/>\n<meta name=\"robots\" content=\"index, follow, max-snippet:-1, max-image-preview:large, max-video-preview:-1\" \/>\n<link rel=\"canonical\" href=\"https:\/\/barcelona-discovery.com\/ca\/producte\/tast-de-vins-emporda\/\" \/>\n<meta property=\"og:locale\" content=\"ca_ES\" \/>\n<meta property=\"og:type\" content=\"article\" \/>\n<meta property=\"og:title\" content=\"Enoturisme a l&#039; Empord\u00e0 - Tast de Vins a Espolla -Regala Exp\u00e8riencies\" \/>\n<meta property=\"og:description\" content=\"Regala experi\u00e8ncies de llibre. Vina a gaudir de l&#039;Empord\u00e0!!!!! Visita teatralitzada al celler, tast , caminada per l&#039;entorn i esmorzar \/ dinar de proximitat\" \/>\n<meta property=\"og:url\" content=\"https:\/\/barcelona-discovery.com\/ca\/producte\/tast-de-vins-emporda\/\" \/>\n<meta property=\"og:site_name\" content=\"Barcelona Discovery\" \/>\n<meta property=\"article:publisher\" content=\"https:\/\/www.facebook.com\/BarcelonaDiscovery\/\" \/>\n<meta property=\"article:modified_time\" content=\"2024-06-11T11:33:27+00:00\" \/>\n<meta property=\"og:image\" content=\"https:\/\/barcelona-discovery.com\/wp-content\/uploads\/2019\/05\/ruta-del-vi-emporda.jpg\" \/>\n\t<meta property=\"og:image:width\" content=\"1000\" \/>\n\t<meta property=\"og:image:height\" content=\"500\" \/>\n\t<meta property=\"og:image:type\" content=\"image\/jpeg\" \/>\n<meta name=\"twitter:card\" content=\"summary_large_image\" \/>\n<meta name=\"twitter:site\" content=\"@bcn_discovery\" \/>\n<meta name=\"twitter:label1\" content=\"Temps estimat de lectura\" \/>\n\t<meta name=\"twitter:data1\" content=\"2 minuts\" \/>\n<script type=\"application\/ld+json\" class=\"yoast-schema-graph\">{\"@context\":\"https:\/\/schema.org\",\"@graph\":[{\"@type\":\"WebPage\",\"@id\":\"https:\/\/barcelona-discovery.com\/ca\/producte\/tast-de-vins-emporda\/\",\"url\":\"https:\/\/barcelona-discovery.com\/ca\/producte\/tast-de-vins-emporda\/\",\"name\":\"Enoturisme a l' Empord\u00e0 - Tast de Vins a Espolla -Regala Exp\u00e8riencies\",\"isPartOf\":{\"@id\":\"https:\/\/barcelona-discovery.com\/#website\"},\"primaryImageOfPage\":{\"@id\":\"https:\/\/barcelona-discovery.com\/ca\/producte\/tast-de-vins-emporda\/#primaryimage\"},\"image\":{\"@id\":\"https:\/\/barcelona-discovery.com\/ca\/producte\/tast-de-vins-emporda\/#primaryimage\"},\"thumbnailUrl\":\"https:\/\/barcelona-discovery.com\/wp-content\/uploads\/2019\/05\/ruta-del-vi-emporda.jpg\",\"datePublished\":\"2019-05-17T10:38:43+00:00\",\"dateModified\":\"2024-06-11T11:33:27+00:00\",\"description\":\"Regala experi\u00e8ncies de llibre. Vina a gaudir de l'Empord\u00e0!!!!! Visita teatralitzada al celler, tast , caminada per l'entorn i esmorzar \/ dinar de proximitat\",\"breadcrumb\":{\"@id\":\"https:\/\/barcelona-discovery.com\/ca\/producte\/tast-de-vins-emporda\/#breadcrumb\"},\"inLanguage\":\"ca\",\"potentialAction\":[{\"@type\":\"ReadAction\",\"target\":[\"https:\/\/barcelona-discovery.com\/ca\/producte\/tast-de-vins-emporda\/\"]}]},{\"@type\":\"ImageObject\",\"inLanguage\":\"ca\",\"@id\":\"https:\/\/barcelona-discovery.com\/ca\/producte\/tast-de-vins-emporda\/#primaryimage\",\"url\":\"https:\/\/barcelona-discovery.com\/wp-content\/uploads\/2019\/05\/ruta-del-vi-emporda.jpg\",\"contentUrl\":\"https:\/\/barcelona-discovery.com\/wp-content\/uploads\/2019\/05\/ruta-del-vi-emporda.jpg\",\"width\":1000,\"height\":500,\"caption\":\"Tast de Vins a l' Empord\u00e0\"},{\"@type\":\"BreadcrumbList\",\"@id\":\"https:\/\/barcelona-discovery.com\/ca\/producte\/tast-de-vins-emporda\/#breadcrumb\",\"itemListElement\":[{\"@type\":\"ListItem\",\"position\":1,\"name\":\"Home\",\"item\":\"https:\/\/barcelona-discovery.com\/ca\/\"},{\"@type\":\"ListItem\",\"position\":2,\"name\":\"Tours\",\"item\":\"https:\/\/barcelona-discovery.com\/tours\/\"},{\"@type\":\"ListItem\",\"position\":3,\"name\":\"Tast de Vins a l&#8217;Empord\u00e0\"}]},{\"@type\":\"WebSite\",\"@id\":\"https:\/\/barcelona-discovery.com\/#website\",\"url\":\"https:\/\/barcelona-discovery.com\/\",\"name\":\"Barcelona Discovery\",\"description\":\"Private Tours around Barcelona\",\"publisher\":{\"@id\":\"https:\/\/barcelona-discovery.com\/#organization\"},\"potentialAction\":[{\"@type\":\"SearchAction\",\"target\":{\"@type\":\"EntryPoint\",\"urlTemplate\":\"https:\/\/barcelona-discovery.com\/?s={search_term_string}\"},\"query-input\":{\"@type\":\"PropertyValueSpecification\",\"valueRequired\":true,\"valueName\":\"search_term_string\"}}],\"inLanguage\":\"ca\"},{\"@type\":\"Organization\",\"@id\":\"https:\/\/barcelona-discovery.com\/#organization\",\"name\":\"Barcelona Discovery\",\"url\":\"https:\/\/barcelona-discovery.com\/\",\"logo\":{\"@type\":\"ImageObject\",\"inLanguage\":\"ca\",\"@id\":\"https:\/\/barcelona-discovery.com\/#\/schema\/logo\/image\/\",\"url\":\"https:\/\/barcelona-discovery.com\/wp-content\/uploads\/2024\/02\/logo-linkein.jpg\",\"contentUrl\":\"https:\/\/barcelona-discovery.com\/wp-content\/uploads\/2024\/02\/logo-linkein.jpg\",\"width\":300,\"height\":300,\"caption\":\"Barcelona Discovery\"},\"image\":{\"@id\":\"https:\/\/barcelona-discovery.com\/#\/schema\/logo\/image\/\"},\"sameAs\":[\"https:\/\/www.facebook.com\/BarcelonaDiscovery\/\",\"https:\/\/x.com\/bcn_discovery\",\"https:\/\/www.instagram.com\/barcelonadiscovery\/\",\"https:\/\/www.youtube.com\/channel\/UCwpragtLkdmFTHCzinFQG_g\"]}]}<\/script>\n<!-- \/ Yoast SEO plugin. -->","yoast_head_json":{"title":"Enoturisme a l' Empord\u00e0 - Tast de Vins a Espolla -Regala Exp\u00e8riencies","description":"Regala experi\u00e8ncies de llibre. Vina a gaudir de l'Empord\u00e0!!!!! Visita teatralitzada al celler, tast , caminada per l'entorn i esmorzar \/ dinar de proximitat","robots":{"index":"index","follow":"follow","max-snippet":"max-snippet:-1","max-image-preview":"max-image-preview:large","max-video-preview":"max-video-preview:-1"},"canonical":"https:\/\/barcelona-discovery.com\/ca\/producte\/tast-de-vins-emporda\/","og_locale":"ca_ES","og_type":"article","og_title":"Enoturisme a l' Empord\u00e0 - Tast de Vins a Espolla -Regala Exp\u00e8riencies","og_description":"Regala experi\u00e8ncies de llibre. Vina a gaudir de l'Empord\u00e0!!!!! Visita teatralitzada al celler, tast , caminada per l'entorn i esmorzar \/ dinar de proximitat","og_url":"https:\/\/barcelona-discovery.com\/ca\/producte\/tast-de-vins-emporda\/","og_site_name":"Barcelona Discovery","article_publisher":"https:\/\/www.facebook.com\/BarcelonaDiscovery\/","article_modified_time":"2024-06-11T11:33:27+00:00","og_image":[{"width":1000,"height":500,"url":"https:\/\/barcelona-discovery.com\/wp-content\/uploads\/2019\/05\/ruta-del-vi-emporda.jpg","type":"image\/jpeg"}],"twitter_card":"summary_large_image","twitter_site":"@bcn_discovery","twitter_misc":{"Temps estimat de lectura":"2 minuts"},"schema":{"@context":"https:\/\/schema.org","@graph":[{"@type":"WebPage","@id":"https:\/\/barcelona-discovery.com\/ca\/producte\/tast-de-vins-emporda\/","url":"https:\/\/barcelona-discovery.com\/ca\/producte\/tast-de-vins-emporda\/","name":"Enoturisme a l' Empord\u00e0 - Tast de Vins a Espolla -Regala Exp\u00e8riencies","isPartOf":{"@id":"https:\/\/barcelona-discovery.com\/#website"},"primaryImageOfPage":{"@id":"https:\/\/barcelona-discovery.com\/ca\/producte\/tast-de-vins-emporda\/#primaryimage"},"image":{"@id":"https:\/\/barcelona-discovery.com\/ca\/producte\/tast-de-vins-emporda\/#primaryimage"},"thumbnailUrl":"https:\/\/barcelona-discovery.com\/wp-content\/uploads\/2019\/05\/ruta-del-vi-emporda.jpg","datePublished":"2019-05-17T10:38:43+00:00","dateModified":"2024-06-11T11:33:27+00:00","description":"Regala experi\u00e8ncies de llibre. Vina a gaudir de l'Empord\u00e0!!!!! Visita teatralitzada al celler, tast , caminada per l'entorn i esmorzar \/ dinar de proximitat","breadcrumb":{"@id":"https:\/\/barcelona-discovery.com\/ca\/producte\/tast-de-vins-emporda\/#breadcrumb"},"inLanguage":"ca","potentialAction":[{"@type":"ReadAction","target":["https:\/\/barcelona-discovery.com\/ca\/producte\/tast-de-vins-emporda\/"]}]},{"@type":"ImageObject","inLanguage":"ca","@id":"https:\/\/barcelona-discovery.com\/ca\/producte\/tast-de-vins-emporda\/#primaryimage","url":"https:\/\/barcelona-discovery.com\/wp-content\/uploads\/2019\/05\/ruta-del-vi-emporda.jpg","contentUrl":"https:\/\/barcelona-discovery.com\/wp-content\/uploads\/2019\/05\/ruta-del-vi-emporda.jpg","width":1000,"height":500,"caption":"Tast de Vins a l' Empord\u00e0"},{"@type":"BreadcrumbList","@id":"https:\/\/barcelona-discovery.com\/ca\/producte\/tast-de-vins-emporda\/#breadcrumb","itemListElement":[{"@type":"ListItem","position":1,"name":"Home","item":"https:\/\/barcelona-discovery.com\/ca\/"},{"@type":"ListItem","position":2,"name":"Tours","item":"https:\/\/barcelona-discovery.com\/tours\/"},{"@type":"ListItem","position":3,"name":"Tast de Vins a l&#8217;Empord\u00e0"}]},{"@type":"WebSite","@id":"https:\/\/barcelona-discovery.com\/#website","url":"https:\/\/barcelona-discovery.com\/","name":"Barcelona Discovery","description":"Private Tours around Barcelona","publisher":{"@id":"https:\/\/barcelona-discovery.com\/#organization"},"potentialAction":[{"@type":"SearchAction","target":{"@type":"EntryPoint","urlTemplate":"https:\/\/barcelona-discovery.com\/?s={search_term_string}"},"query-input":{"@type":"PropertyValueSpecification","valueRequired":true,"valueName":"search_term_string"}}],"inLanguage":"ca"},{"@type":"Organization","@id":"https:\/\/barcelona-discovery.com\/#organization","name":"Barcelona Discovery","url":"https:\/\/barcelona-discovery.com\/","logo":{"@type":"ImageObject","inLanguage":"ca","@id":"https:\/\/barcelona-discovery.com\/#\/schema\/logo\/image\/","url":"https:\/\/barcelona-discovery.com\/wp-content\/uploads\/2024\/02\/logo-linkein.jpg","contentUrl":"https:\/\/barcelona-discovery.com\/wp-content\/uploads\/2024\/02\/logo-linkein.jpg","width":300,"height":300,"caption":"Barcelona Discovery"},"image":{"@id":"https:\/\/barcelona-discovery.com\/#\/schema\/logo\/image\/"},"sameAs":["https:\/\/www.facebook.com\/BarcelonaDiscovery\/","https:\/\/x.com\/bcn_discovery","https:\/\/www.instagram.com\/barcelonadiscovery\/","https:\/\/www.youtube.com\/channel\/UCwpragtLkdmFTHCzinFQG_g"]}]}},"_links":{"self":[{"href":"https:\/\/barcelona-discovery.com\/ca\/wp-json\/wp\/v2\/product\/4068","targetHints":{"allow":["GET"]}}],"collection":[{"href":"https:\/\/barcelona-discovery.com\/ca\/wp-json\/wp\/v2\/product"}],"about":[{"href":"https:\/\/barcelona-discovery.com\/ca\/wp-json\/wp\/v2\/types\/product"}],"replies":[{"embeddable":true,"href":"https:\/\/barcelona-discovery.com\/ca\/wp-json\/wp\/v2\/comments?post=4068"}],"wp:featuredmedia":[{"embeddable":true,"href":"https:\/\/barcelona-discovery.com\/ca\/wp-json\/wp\/v2\/media\/4070"}],"wp:attachment":[{"href":"https:\/\/barcelona-discovery.com\/ca\/wp-json\/wp\/v2\/media?parent=4068"}],"wp:term":[{"taxonomy":"product_brand","embeddable":true,"href":"https:\/\/barcelona-discovery.com\/ca\/wp-json\/wp\/v2\/product_brand?post=4068"},{"taxonomy":"product_cat","embeddable":true,"href":"https:\/\/barcelona-discovery.com\/ca\/wp-json\/wp\/v2\/product_cat?post=4068"},{"taxonomy":"product_tag","embeddable":true,"href":"https:\/\/barcelona-discovery.com\/ca\/wp-json\/wp\/v2\/product_tag?post=4068"}],"curies":[{"name":"wp","href":"https:\/\/api.w.org\/{rel}","templated":true}]}}