{"id":5488,"date":"2020-06-15T12:20:49","date_gmt":"2020-06-15T12:06:20","guid":{"rendered":"https:\/\/barcelona-discovery.com\/?post_type=product&#038;p=5488"},"modified":"2023-12-11T13:37:50","modified_gmt":"2023-12-11T12:37:50","slug":"sortida-privada-en-veler-per-sitges","status":"publish","type":"product","link":"https:\/\/barcelona-discovery.com\/ca\/tours\/sortida-privada-en-veler-per-sitges\/","title":{"rendered":"Sortida en Veler des de Sitges"},"content":{"rendered":"<p>Comen\u00e7arem la<strong> sortida en Veler des de Port Ginesta<\/strong>, a Sitges, all\u00e0 ser\u00e0 on us trobareu amb el vostre patr\u00f3.<\/p>\n<p>Sentireu la c\u00e0lida brisa marina mentre navegueu per la costa de Garraf amb la fam\u00edlia, entre amics o amb la parella.<\/p>\n<p>Navegant, descobrireu algunes cales impossibles d&#8217;arribar si no s\u00f3n des del Mar, i veureu des d&#8217;una perspectiva \u00fanica la poblaci\u00f3 de Sitges.<\/p>\n<p>Des del vostre vaixell , veureu el sorprenent nucli antic, les ru\u00efnes de les antigues muralles de la ciutat i les seves platges.<\/p>\n<p>Tindreu l&#8217;oportunitat de convertir-vos en aut\u00e8ntics mariners ajudant\u00a0al\u00a0patr\u00f3 prenent el tim\u00f3 per un temps!<\/p>\n<p>Finalment, ancorarem a Cala Morisca, i ser\u00e0 hora de posar-se les ulleres de busseig, llan\u00e7ar-se a l&#8217;aigua i descobrir tots els secrets que la Mediterr\u00e0nia els pot oferir.<\/p>\n<p>&nbsp;<\/p>\n<p>&nbsp;<\/p>\n","protected":false},"excerpt":{"rendered":"<p><strong>Sortida en veler des del Port de Sitges &#8211; Gaudeix navegant durant 3 hores<\/strong><\/p>\n","protected":false},"featured_media":5483,"comment_status":"open","ping_status":"closed","template":"","meta":[],"product_brand":[],"product_cat":[297],"product_tag":[],"class_list":{"0":"post-5488","1":"product","2":"type-product","3":"status-publish","4":"has-post-thumbnail","6":"product_cat-uncategorized","7":"pa_tour-type-experiencies-maritimes","8":"pa_tour-types-private-tours-private-sailing-trips-ca","9":"pa_tour-types-sea-experiences-sailing-day-trips-ca","11":"first","12":"instock","13":"shipping-taxable","14":"purchasable","15":"product-type-tour_phys"},"yoast_head":"<!-- This site is optimized with the Yoast SEO plugin v26.1.1 - https:\/\/yoast.com\/wordpress\/plugins\/seo\/ -->\n<title>Sortida en veler per Sitges - Navega durant 3 hores per la Costa del Garraf<\/title>\n<meta name=\"description\" content=\"Sortida privada en veler per Sitges- Gaudeix navegant 3 hores per la costa del Garraf, amb amics, familia o amb la vostra parella. Demana&#039;ns m\u00e9s informaci\u00f3\" \/>\n<meta name=\"robots\" content=\"index, follow, max-snippet:-1, max-image-preview:large, max-video-preview:-1\" \/>\n<link rel=\"canonical\" href=\"https:\/\/barcelona-discovery.com\/?post_type=product&p=5493\" \/>\n<meta property=\"og:locale\" content=\"ca_ES\" \/>\n<meta property=\"og:type\" content=\"article\" \/>\n<meta property=\"og:title\" content=\"Sortida en veler per Sitges - Navega durant 3 hores per la Costa del Garraf\" \/>\n<meta property=\"og:description\" content=\"Sortida privada en veler per Sitges- Gaudeix navegant 3 hores per la costa del Garraf, amb amics, familia o amb la vostra parella. Demana&#039;ns m\u00e9s informaci\u00f3\" \/>\n<meta property=\"og:url\" content=\"https:\/\/barcelona-discovery.com\/?post_type=product&amp;p=5493\" \/>\n<meta property=\"og:site_name\" content=\"Barcelona Discovery\" \/>\n<meta property=\"article:publisher\" content=\"https:\/\/www.facebook.com\/BarcelonaDiscovery\/\" \/>\n<meta property=\"article:modified_time\" content=\"2023-12-11T12:37:50+00:00\" \/>\n<meta property=\"og:image\" content=\"https:\/\/barcelona-discovery.com\/wp-content\/uploads\/2020\/06\/salida-en-velero-por-sitges.jpg\" \/>\n\t<meta property=\"og:image:width\" content=\"1400\" \/>\n\t<meta property=\"og:image:height\" content=\"700\" \/>\n\t<meta property=\"og:image:type\" content=\"image\/jpeg\" \/>\n<meta name=\"twitter:card\" content=\"summary_large_image\" \/>\n<meta name=\"twitter:site\" content=\"@bcn_discovery\" \/>\n<meta name=\"twitter:label1\" content=\"Temps estimat de lectura\" \/>\n\t<meta name=\"twitter:data1\" content=\"1 minut\" \/>\n<script type=\"application\/ld+json\" class=\"yoast-schema-graph\">{\"@context\":\"https:\/\/schema.org\",\"@graph\":[{\"@type\":\"WebPage\",\"@id\":\"https:\/\/barcelona-discovery.com\/?post_type=product&p=5493\",\"url\":\"https:\/\/barcelona-discovery.com\/?post_type=product&p=5493\",\"name\":\"Sortida en veler per Sitges - Navega durant 3 hores per la Costa del Garraf\",\"isPartOf\":{\"@id\":\"https:\/\/barcelona-discovery.com\/#website\"},\"primaryImageOfPage\":{\"@id\":\"https:\/\/barcelona-discovery.com\/?post_type=product&p=5493#primaryimage\"},\"image\":{\"@id\":\"https:\/\/barcelona-discovery.com\/?post_type=product&p=5493#primaryimage\"},\"thumbnailUrl\":\"https:\/\/barcelona-discovery.com\/wp-content\/uploads\/2020\/06\/salida-en-velero-por-sitges.jpg\",\"datePublished\":\"2020-06-15T12:06:20+00:00\",\"dateModified\":\"2023-12-11T12:37:50+00:00\",\"description\":\"Sortida privada en veler per Sitges- Gaudeix navegant 3 hores per la costa del Garraf, amb amics, familia o amb la vostra parella. Demana'ns m\u00e9s informaci\u00f3\",\"breadcrumb\":{\"@id\":\"https:\/\/barcelona-discovery.com\/?post_type=product&p=5493#breadcrumb\"},\"inLanguage\":\"ca\",\"potentialAction\":[{\"@type\":\"ReadAction\",\"target\":[\"https:\/\/barcelona-discovery.com\/?post_type=product&p=5493\"]}]},{\"@type\":\"ImageObject\",\"inLanguage\":\"ca\",\"@id\":\"https:\/\/barcelona-discovery.com\/?post_type=product&p=5493#primaryimage\",\"url\":\"https:\/\/barcelona-discovery.com\/wp-content\/uploads\/2020\/06\/salida-en-velero-por-sitges.jpg\",\"contentUrl\":\"https:\/\/barcelona-discovery.com\/wp-content\/uploads\/2020\/06\/salida-en-velero-por-sitges.jpg\",\"width\":1400,\"height\":700,\"caption\":\"Salida preivada en velero por Sitges\"},{\"@type\":\"BreadcrumbList\",\"@id\":\"https:\/\/barcelona-discovery.com\/?post_type=product&p=5493#breadcrumb\",\"itemListElement\":[{\"@type\":\"ListItem\",\"position\":1,\"name\":\"Home\",\"item\":\"https:\/\/barcelona-discovery.com\/ca\/\"},{\"@type\":\"ListItem\",\"position\":2,\"name\":\"Tours\",\"item\":\"https:\/\/barcelona-discovery.com\/tours\/\"},{\"@type\":\"ListItem\",\"position\":3,\"name\":\"Sortida en Veler des de Sitges\"}]},{\"@type\":\"WebSite\",\"@id\":\"https:\/\/barcelona-discovery.com\/#website\",\"url\":\"https:\/\/barcelona-discovery.com\/\",\"name\":\"Barcelona Discovery\",\"description\":\"Private Tours around Barcelona\",\"publisher\":{\"@id\":\"https:\/\/barcelona-discovery.com\/#organization\"},\"potentialAction\":[{\"@type\":\"SearchAction\",\"target\":{\"@type\":\"EntryPoint\",\"urlTemplate\":\"https:\/\/barcelona-discovery.com\/?s={search_term_string}\"},\"query-input\":{\"@type\":\"PropertyValueSpecification\",\"valueRequired\":true,\"valueName\":\"search_term_string\"}}],\"inLanguage\":\"ca\"},{\"@type\":\"Organization\",\"@id\":\"https:\/\/barcelona-discovery.com\/#organization\",\"name\":\"Barcelona Discovery\",\"url\":\"https:\/\/barcelona-discovery.com\/\",\"logo\":{\"@type\":\"ImageObject\",\"inLanguage\":\"ca\",\"@id\":\"https:\/\/barcelona-discovery.com\/#\/schema\/logo\/image\/\",\"url\":\"https:\/\/barcelona-discovery.com\/wp-content\/uploads\/2024\/02\/logo-linkein.jpg\",\"contentUrl\":\"https:\/\/barcelona-discovery.com\/wp-content\/uploads\/2024\/02\/logo-linkein.jpg\",\"width\":300,\"height\":300,\"caption\":\"Barcelona Discovery\"},\"image\":{\"@id\":\"https:\/\/barcelona-discovery.com\/#\/schema\/logo\/image\/\"},\"sameAs\":[\"https:\/\/www.facebook.com\/BarcelonaDiscovery\/\",\"https:\/\/x.com\/bcn_discovery\",\"https:\/\/www.instagram.com\/barcelonadiscovery\/\",\"https:\/\/www.youtube.com\/channel\/UCwpragtLkdmFTHCzinFQG_g\"]}]}<\/script>\n<!-- \/ Yoast SEO plugin. -->","yoast_head_json":{"title":"Sortida en veler per Sitges - Navega durant 3 hores per la Costa del Garraf","description":"Sortida privada en veler per Sitges- Gaudeix navegant 3 hores per la costa del Garraf, amb amics, familia o amb la vostra parella. Demana'ns m\u00e9s informaci\u00f3","robots":{"index":"index","follow":"follow","max-snippet":"max-snippet:-1","max-image-preview":"max-image-preview:large","max-video-preview":"max-video-preview:-1"},"canonical":"https:\/\/barcelona-discovery.com\/?post_type=product&p=5493","og_locale":"ca_ES","og_type":"article","og_title":"Sortida en veler per Sitges - Navega durant 3 hores per la Costa del Garraf","og_description":"Sortida privada en veler per Sitges- Gaudeix navegant 3 hores per la costa del Garraf, amb amics, familia o amb la vostra parella. Demana'ns m\u00e9s informaci\u00f3","og_url":"https:\/\/barcelona-discovery.com\/?post_type=product&p=5493","og_site_name":"Barcelona Discovery","article_publisher":"https:\/\/www.facebook.com\/BarcelonaDiscovery\/","article_modified_time":"2023-12-11T12:37:50+00:00","og_image":[{"width":1400,"height":700,"url":"https:\/\/barcelona-discovery.com\/wp-content\/uploads\/2020\/06\/salida-en-velero-por-sitges.jpg","type":"image\/jpeg"}],"twitter_card":"summary_large_image","twitter_site":"@bcn_discovery","twitter_misc":{"Temps estimat de lectura":"1 minut"},"schema":{"@context":"https:\/\/schema.org","@graph":[{"@type":"WebPage","@id":"https:\/\/barcelona-discovery.com\/?post_type=product&p=5493","url":"https:\/\/barcelona-discovery.com\/?post_type=product&p=5493","name":"Sortida en veler per Sitges - Navega durant 3 hores per la Costa del Garraf","isPartOf":{"@id":"https:\/\/barcelona-discovery.com\/#website"},"primaryImageOfPage":{"@id":"https:\/\/barcelona-discovery.com\/?post_type=product&p=5493#primaryimage"},"image":{"@id":"https:\/\/barcelona-discovery.com\/?post_type=product&p=5493#primaryimage"},"thumbnailUrl":"https:\/\/barcelona-discovery.com\/wp-content\/uploads\/2020\/06\/salida-en-velero-por-sitges.jpg","datePublished":"2020-06-15T12:06:20+00:00","dateModified":"2023-12-11T12:37:50+00:00","description":"Sortida privada en veler per Sitges- Gaudeix navegant 3 hores per la costa del Garraf, amb amics, familia o amb la vostra parella. Demana'ns m\u00e9s informaci\u00f3","breadcrumb":{"@id":"https:\/\/barcelona-discovery.com\/?post_type=product&p=5493#breadcrumb"},"inLanguage":"ca","potentialAction":[{"@type":"ReadAction","target":["https:\/\/barcelona-discovery.com\/?post_type=product&p=5493"]}]},{"@type":"ImageObject","inLanguage":"ca","@id":"https:\/\/barcelona-discovery.com\/?post_type=product&p=5493#primaryimage","url":"https:\/\/barcelona-discovery.com\/wp-content\/uploads\/2020\/06\/salida-en-velero-por-sitges.jpg","contentUrl":"https:\/\/barcelona-discovery.com\/wp-content\/uploads\/2020\/06\/salida-en-velero-por-sitges.jpg","width":1400,"height":700,"caption":"Salida preivada en velero por Sitges"},{"@type":"BreadcrumbList","@id":"https:\/\/barcelona-discovery.com\/?post_type=product&p=5493#breadcrumb","itemListElement":[{"@type":"ListItem","position":1,"name":"Home","item":"https:\/\/barcelona-discovery.com\/ca\/"},{"@type":"ListItem","position":2,"name":"Tours","item":"https:\/\/barcelona-discovery.com\/tours\/"},{"@type":"ListItem","position":3,"name":"Sortida en Veler des de Sitges"}]},{"@type":"WebSite","@id":"https:\/\/barcelona-discovery.com\/#website","url":"https:\/\/barcelona-discovery.com\/","name":"Barcelona Discovery","description":"Private Tours around Barcelona","publisher":{"@id":"https:\/\/barcelona-discovery.com\/#organization"},"potentialAction":[{"@type":"SearchAction","target":{"@type":"EntryPoint","urlTemplate":"https:\/\/barcelona-discovery.com\/?s={search_term_string}"},"query-input":{"@type":"PropertyValueSpecification","valueRequired":true,"valueName":"search_term_string"}}],"inLanguage":"ca"},{"@type":"Organization","@id":"https:\/\/barcelona-discovery.com\/#organization","name":"Barcelona Discovery","url":"https:\/\/barcelona-discovery.com\/","logo":{"@type":"ImageObject","inLanguage":"ca","@id":"https:\/\/barcelona-discovery.com\/#\/schema\/logo\/image\/","url":"https:\/\/barcelona-discovery.com\/wp-content\/uploads\/2024\/02\/logo-linkein.jpg","contentUrl":"https:\/\/barcelona-discovery.com\/wp-content\/uploads\/2024\/02\/logo-linkein.jpg","width":300,"height":300,"caption":"Barcelona Discovery"},"image":{"@id":"https:\/\/barcelona-discovery.com\/#\/schema\/logo\/image\/"},"sameAs":["https:\/\/www.facebook.com\/BarcelonaDiscovery\/","https:\/\/x.com\/bcn_discovery","https:\/\/www.instagram.com\/barcelonadiscovery\/","https:\/\/www.youtube.com\/channel\/UCwpragtLkdmFTHCzinFQG_g"]}]}},"_links":{"self":[{"href":"https:\/\/barcelona-discovery.com\/ca\/wp-json\/wp\/v2\/product\/5488","targetHints":{"allow":["GET"]}}],"collection":[{"href":"https:\/\/barcelona-discovery.com\/ca\/wp-json\/wp\/v2\/product"}],"about":[{"href":"https:\/\/barcelona-discovery.com\/ca\/wp-json\/wp\/v2\/types\/product"}],"replies":[{"embeddable":true,"href":"https:\/\/barcelona-discovery.com\/ca\/wp-json\/wp\/v2\/comments?post=5488"}],"wp:featuredmedia":[{"embeddable":true,"href":"https:\/\/barcelona-discovery.com\/ca\/wp-json\/wp\/v2\/media\/5483"}],"wp:attachment":[{"href":"https:\/\/barcelona-discovery.com\/ca\/wp-json\/wp\/v2\/media?parent=5488"}],"wp:term":[{"taxonomy":"product_brand","embeddable":true,"href":"https:\/\/barcelona-discovery.com\/ca\/wp-json\/wp\/v2\/product_brand?post=5488"},{"taxonomy":"product_cat","embeddable":true,"href":"https:\/\/barcelona-discovery.com\/ca\/wp-json\/wp\/v2\/product_cat?post=5488"},{"taxonomy":"product_tag","embeddable":true,"href":"https:\/\/barcelona-discovery.com\/ca\/wp-json\/wp\/v2\/product_tag?post=5488"}],"curies":[{"name":"wp","href":"https:\/\/api.w.org\/{rel}","templated":true}]}}