{"id":5497,"date":"2020-06-16T10:48:11","date_gmt":"2020-06-16T09:48:11","guid":{"rendered":"https:\/\/barcelona-discovery.com\/?post_type=product&#038;p=5497"},"modified":"2024-06-06T10:12:14","modified_gmt":"2024-06-06T09:12:14","slug":"picnic-entre-vinyes-ecologiques-amb-tast-de-vins","status":"publish","type":"product","link":"https:\/\/barcelona-discovery.com\/ca\/tours\/picnic-entre-vinyes-ecologiques-amb-tast-de-vins\/","title":{"rendered":"Picnic entre Vinyes Ecol\u00f2giques amb Tast de Vins"},"content":{"rendered":"<p>Us heu imaginat mai <strong>l\u2019experi\u00e8ncia<\/strong> de fer un picnic al bell mig d\u2019unes boniques vinyes? Doncs ara \u00e9s possible! Nosaltres us brindem la possibilitat de fer un excel\u00b7lent <strong>p\u00edcnic entre\u00a0 les vinyes d\u2019Alella<\/strong>, a on tindreu unes espectaculars vistes de tot el litoral barcelon\u00ed.<\/p>\n<p>El celler, envoltat per les vinyes, es troba empla\u00e7at en una bonica masia del segle XIV, prop de la vila d\u2019Alella. All\u00ed, la tradici\u00f3 coexisteix amb la tecnologia vin\u00edcola m\u00e9s recent i que s\u2019utilitza per a la producci\u00f3 de limitades collites d\u2019excel\u00b7lents <strong>vins org\u00e0nics<\/strong> amb una gran personalitat. La <strong>verema es fa a m\u00e0,<\/strong> tot seguit es premsa suaument i nom\u00e9s se n\u2019aprofita el most flor. La fermentaci\u00f3 es realitza\u00a0 a temperatura controlada per tal d\u2019aconseguir una millor vinificaci\u00f3.<\/p>\n<p>Resumint, amb aquesta experi\u00e8ncia vost\u00e8 podr\u00e0&#8230;<\/p>\n<p><i class=\"fa fa-check icon-tick icon-tick--on\"><\/i><strong>Descobrir\u00a0<\/strong>com es fan els vins d\u2019Alella<\/p>\n<p><i class=\"fa fa-check icon-tick icon-tick--on\"><\/i>Visitar la\u00a0masia del s. XIV<\/p>\n<p><i class=\"fa fa-check icon-tick icon-tick--on\"><\/i>Visitar\u00a0les vinyes, la planta de producci\u00f3 i el celler<\/p>\n<p><i class=\"fa fa-check icon-tick icon-tick--on\"><\/i><strong>Degustar<\/strong> Productes Locals<\/p>\n<p><i class=\"fa fa-check icon-tick icon-tick--on\"><\/i><strong>Tastar<\/strong> 4 vins ecol\u00f2gics<\/p>\n<p><i class=\"fa fa-check icon-tick icon-tick--on\"><\/i>Gaudir\u00a0de les\u00a0 <strong>vistes sobre Barcelona i la seva costa<\/strong><\/p>\n<p>&nbsp;<\/p>\n<p>&nbsp;<\/p>\n","protected":false},"excerpt":{"rendered":"<p><strong>P\u00edcnic entre vinyes ecol\u00f2giques amb tast de vins ecol\u00f2gics.<\/strong><\/p>\n<p>&nbsp;<\/p>\n","protected":false},"featured_media":1917,"comment_status":"open","ping_status":"closed","template":"","meta":[],"product_brand":[],"product_cat":[176,142],"product_tag":[],"class_list":{"0":"post-5497","1":"product","2":"type-product","3":"status-publish","4":"has-post-thumbnail","6":"product_cat-experiencies-enoturistiques-gastronomiques","7":"product_cat-experiencies-terrestres","8":"pa_tour-type-experiencies-terrestres","9":"pa_tour-types-land-experiences-experiencies-enoturistiques-gastronomiques","10":"tour_phys-regala-experiencies","12":"first","13":"instock","14":"shipping-taxable","15":"purchasable","16":"product-type-tour_phys"},"yoast_head":"<!-- This site is optimized with the Yoast SEO plugin v26.1.1 - https:\/\/yoast.com\/wordpress\/plugins\/seo\/ -->\n<title>Picnic entre Vinyes Ecol\u00f2giques amb tast de vins ecol\u00f2gics \/ Enoturisme<\/title>\n<meta name=\"description\" content=\"Us heu imaginat mai l\u2019experi\u00e8ncia de fer un picnic al bell mig d\u2019unes boniques vinyes?Ideal per realitzar en parella, familia i entre amics.\" \/>\n<meta name=\"robots\" content=\"index, follow, max-snippet:-1, max-image-preview:large, max-video-preview:-1\" \/>\n<link rel=\"canonical\" href=\"https:\/\/barcelona-discovery.com\/ca\/producte\/picnic-entre-vinyes-ecologiques-amb-tast-de-vins\/\" \/>\n<meta property=\"og:locale\" content=\"ca_ES\" \/>\n<meta property=\"og:type\" content=\"article\" \/>\n<meta property=\"og:title\" content=\"Picnic entre Vinyes Ecol\u00f2giques amb tast de vins ecol\u00f2gics \/ Enoturisme\" \/>\n<meta property=\"og:description\" content=\"Us heu imaginat mai l\u2019experi\u00e8ncia de fer un picnic al bell mig d\u2019unes boniques vinyes?Ideal per realitzar en parella, familia i entre amics.\" \/>\n<meta property=\"og:url\" content=\"https:\/\/barcelona-discovery.com\/ca\/producte\/picnic-entre-vinyes-ecologiques-amb-tast-de-vins\/\" \/>\n<meta property=\"og:site_name\" content=\"Barcelona Discovery\" \/>\n<meta property=\"article:publisher\" content=\"https:\/\/www.facebook.com\/BarcelonaDiscovery\/\" \/>\n<meta property=\"article:modified_time\" content=\"2024-06-06T09:12:14+00:00\" \/>\n<meta property=\"og:image\" content=\"https:\/\/barcelona-discovery.com\/wp-content\/uploads\/2017\/07\/picnic.jpg\" \/>\n\t<meta property=\"og:image:width\" content=\"1400\" \/>\n\t<meta property=\"og:image:height\" content=\"700\" \/>\n\t<meta property=\"og:image:type\" content=\"image\/jpeg\" \/>\n<meta name=\"twitter:card\" content=\"summary_large_image\" \/>\n<meta name=\"twitter:site\" content=\"@bcn_discovery\" \/>\n<meta name=\"twitter:label1\" content=\"Temps estimat de lectura\" \/>\n\t<meta name=\"twitter:data1\" content=\"1 minut\" \/>\n<script type=\"application\/ld+json\" class=\"yoast-schema-graph\">{\"@context\":\"https:\/\/schema.org\",\"@graph\":[{\"@type\":\"WebPage\",\"@id\":\"https:\/\/barcelona-discovery.com\/ca\/producte\/picnic-entre-vinyes-ecologiques-amb-tast-de-vins\/\",\"url\":\"https:\/\/barcelona-discovery.com\/ca\/producte\/picnic-entre-vinyes-ecologiques-amb-tast-de-vins\/\",\"name\":\"Picnic entre Vinyes Ecol\u00f2giques amb tast de vins ecol\u00f2gics \/ Enoturisme\",\"isPartOf\":{\"@id\":\"https:\/\/barcelona-discovery.com\/#website\"},\"primaryImageOfPage\":{\"@id\":\"https:\/\/barcelona-discovery.com\/ca\/producte\/picnic-entre-vinyes-ecologiques-amb-tast-de-vins\/#primaryimage\"},\"image\":{\"@id\":\"https:\/\/barcelona-discovery.com\/ca\/producte\/picnic-entre-vinyes-ecologiques-amb-tast-de-vins\/#primaryimage\"},\"thumbnailUrl\":\"https:\/\/barcelona-discovery.com\/wp-content\/uploads\/2017\/07\/picnic.jpg\",\"datePublished\":\"2020-06-16T09:48:11+00:00\",\"dateModified\":\"2024-06-06T09:12:14+00:00\",\"description\":\"Us heu imaginat mai l\u2019experi\u00e8ncia de fer un picnic al bell mig d\u2019unes boniques vinyes?Ideal per realitzar en parella, familia i entre amics.\",\"breadcrumb\":{\"@id\":\"https:\/\/barcelona-discovery.com\/ca\/producte\/picnic-entre-vinyes-ecologiques-amb-tast-de-vins\/#breadcrumb\"},\"inLanguage\":\"ca\",\"potentialAction\":[{\"@type\":\"ReadAction\",\"target\":[\"https:\/\/barcelona-discovery.com\/ca\/producte\/picnic-entre-vinyes-ecologiques-amb-tast-de-vins\/\"]}]},{\"@type\":\"ImageObject\",\"inLanguage\":\"ca\",\"@id\":\"https:\/\/barcelona-discovery.com\/ca\/producte\/picnic-entre-vinyes-ecologiques-amb-tast-de-vins\/#primaryimage\",\"url\":\"https:\/\/barcelona-discovery.com\/wp-content\/uploads\/2017\/07\/picnic.jpg\",\"contentUrl\":\"https:\/\/barcelona-discovery.com\/wp-content\/uploads\/2017\/07\/picnic.jpg\",\"width\":1400,\"height\":700,\"caption\":\"Experience organically grown wines from Alella\"},{\"@type\":\"BreadcrumbList\",\"@id\":\"https:\/\/barcelona-discovery.com\/ca\/producte\/picnic-entre-vinyes-ecologiques-amb-tast-de-vins\/#breadcrumb\",\"itemListElement\":[{\"@type\":\"ListItem\",\"position\":1,\"name\":\"Home\",\"item\":\"https:\/\/barcelona-discovery.com\/ca\/\"},{\"@type\":\"ListItem\",\"position\":2,\"name\":\"Tours\",\"item\":\"https:\/\/barcelona-discovery.com\/tours\/\"},{\"@type\":\"ListItem\",\"position\":3,\"name\":\"Picnic entre Vinyes Ecol\u00f2giques amb Tast de Vins\"}]},{\"@type\":\"WebSite\",\"@id\":\"https:\/\/barcelona-discovery.com\/#website\",\"url\":\"https:\/\/barcelona-discovery.com\/\",\"name\":\"Barcelona Discovery\",\"description\":\"Private Tours around Barcelona\",\"publisher\":{\"@id\":\"https:\/\/barcelona-discovery.com\/#organization\"},\"potentialAction\":[{\"@type\":\"SearchAction\",\"target\":{\"@type\":\"EntryPoint\",\"urlTemplate\":\"https:\/\/barcelona-discovery.com\/?s={search_term_string}\"},\"query-input\":{\"@type\":\"PropertyValueSpecification\",\"valueRequired\":true,\"valueName\":\"search_term_string\"}}],\"inLanguage\":\"ca\"},{\"@type\":\"Organization\",\"@id\":\"https:\/\/barcelona-discovery.com\/#organization\",\"name\":\"Barcelona Discovery\",\"url\":\"https:\/\/barcelona-discovery.com\/\",\"logo\":{\"@type\":\"ImageObject\",\"inLanguage\":\"ca\",\"@id\":\"https:\/\/barcelona-discovery.com\/#\/schema\/logo\/image\/\",\"url\":\"https:\/\/barcelona-discovery.com\/wp-content\/uploads\/2024\/02\/logo-linkein.jpg\",\"contentUrl\":\"https:\/\/barcelona-discovery.com\/wp-content\/uploads\/2024\/02\/logo-linkein.jpg\",\"width\":300,\"height\":300,\"caption\":\"Barcelona Discovery\"},\"image\":{\"@id\":\"https:\/\/barcelona-discovery.com\/#\/schema\/logo\/image\/\"},\"sameAs\":[\"https:\/\/www.facebook.com\/BarcelonaDiscovery\/\",\"https:\/\/x.com\/bcn_discovery\",\"https:\/\/www.instagram.com\/barcelonadiscovery\/\",\"https:\/\/www.youtube.com\/channel\/UCwpragtLkdmFTHCzinFQG_g\"]}]}<\/script>\n<!-- \/ Yoast SEO plugin. -->","yoast_head_json":{"title":"Picnic entre Vinyes Ecol\u00f2giques amb tast de vins ecol\u00f2gics \/ Enoturisme","description":"Us heu imaginat mai l\u2019experi\u00e8ncia de fer un picnic al bell mig d\u2019unes boniques vinyes?Ideal per realitzar en parella, familia i entre amics.","robots":{"index":"index","follow":"follow","max-snippet":"max-snippet:-1","max-image-preview":"max-image-preview:large","max-video-preview":"max-video-preview:-1"},"canonical":"https:\/\/barcelona-discovery.com\/ca\/producte\/picnic-entre-vinyes-ecologiques-amb-tast-de-vins\/","og_locale":"ca_ES","og_type":"article","og_title":"Picnic entre Vinyes Ecol\u00f2giques amb tast de vins ecol\u00f2gics \/ Enoturisme","og_description":"Us heu imaginat mai l\u2019experi\u00e8ncia de fer un picnic al bell mig d\u2019unes boniques vinyes?Ideal per realitzar en parella, familia i entre amics.","og_url":"https:\/\/barcelona-discovery.com\/ca\/producte\/picnic-entre-vinyes-ecologiques-amb-tast-de-vins\/","og_site_name":"Barcelona Discovery","article_publisher":"https:\/\/www.facebook.com\/BarcelonaDiscovery\/","article_modified_time":"2024-06-06T09:12:14+00:00","og_image":[{"width":1400,"height":700,"url":"https:\/\/barcelona-discovery.com\/wp-content\/uploads\/2017\/07\/picnic.jpg","type":"image\/jpeg"}],"twitter_card":"summary_large_image","twitter_site":"@bcn_discovery","twitter_misc":{"Temps estimat de lectura":"1 minut"},"schema":{"@context":"https:\/\/schema.org","@graph":[{"@type":"WebPage","@id":"https:\/\/barcelona-discovery.com\/ca\/producte\/picnic-entre-vinyes-ecologiques-amb-tast-de-vins\/","url":"https:\/\/barcelona-discovery.com\/ca\/producte\/picnic-entre-vinyes-ecologiques-amb-tast-de-vins\/","name":"Picnic entre Vinyes Ecol\u00f2giques amb tast de vins ecol\u00f2gics \/ Enoturisme","isPartOf":{"@id":"https:\/\/barcelona-discovery.com\/#website"},"primaryImageOfPage":{"@id":"https:\/\/barcelona-discovery.com\/ca\/producte\/picnic-entre-vinyes-ecologiques-amb-tast-de-vins\/#primaryimage"},"image":{"@id":"https:\/\/barcelona-discovery.com\/ca\/producte\/picnic-entre-vinyes-ecologiques-amb-tast-de-vins\/#primaryimage"},"thumbnailUrl":"https:\/\/barcelona-discovery.com\/wp-content\/uploads\/2017\/07\/picnic.jpg","datePublished":"2020-06-16T09:48:11+00:00","dateModified":"2024-06-06T09:12:14+00:00","description":"Us heu imaginat mai l\u2019experi\u00e8ncia de fer un picnic al bell mig d\u2019unes boniques vinyes?Ideal per realitzar en parella, familia i entre amics.","breadcrumb":{"@id":"https:\/\/barcelona-discovery.com\/ca\/producte\/picnic-entre-vinyes-ecologiques-amb-tast-de-vins\/#breadcrumb"},"inLanguage":"ca","potentialAction":[{"@type":"ReadAction","target":["https:\/\/barcelona-discovery.com\/ca\/producte\/picnic-entre-vinyes-ecologiques-amb-tast-de-vins\/"]}]},{"@type":"ImageObject","inLanguage":"ca","@id":"https:\/\/barcelona-discovery.com\/ca\/producte\/picnic-entre-vinyes-ecologiques-amb-tast-de-vins\/#primaryimage","url":"https:\/\/barcelona-discovery.com\/wp-content\/uploads\/2017\/07\/picnic.jpg","contentUrl":"https:\/\/barcelona-discovery.com\/wp-content\/uploads\/2017\/07\/picnic.jpg","width":1400,"height":700,"caption":"Experience organically grown wines from Alella"},{"@type":"BreadcrumbList","@id":"https:\/\/barcelona-discovery.com\/ca\/producte\/picnic-entre-vinyes-ecologiques-amb-tast-de-vins\/#breadcrumb","itemListElement":[{"@type":"ListItem","position":1,"name":"Home","item":"https:\/\/barcelona-discovery.com\/ca\/"},{"@type":"ListItem","position":2,"name":"Tours","item":"https:\/\/barcelona-discovery.com\/tours\/"},{"@type":"ListItem","position":3,"name":"Picnic entre Vinyes Ecol\u00f2giques amb Tast de Vins"}]},{"@type":"WebSite","@id":"https:\/\/barcelona-discovery.com\/#website","url":"https:\/\/barcelona-discovery.com\/","name":"Barcelona Discovery","description":"Private Tours around Barcelona","publisher":{"@id":"https:\/\/barcelona-discovery.com\/#organization"},"potentialAction":[{"@type":"SearchAction","target":{"@type":"EntryPoint","urlTemplate":"https:\/\/barcelona-discovery.com\/?s={search_term_string}"},"query-input":{"@type":"PropertyValueSpecification","valueRequired":true,"valueName":"search_term_string"}}],"inLanguage":"ca"},{"@type":"Organization","@id":"https:\/\/barcelona-discovery.com\/#organization","name":"Barcelona Discovery","url":"https:\/\/barcelona-discovery.com\/","logo":{"@type":"ImageObject","inLanguage":"ca","@id":"https:\/\/barcelona-discovery.com\/#\/schema\/logo\/image\/","url":"https:\/\/barcelona-discovery.com\/wp-content\/uploads\/2024\/02\/logo-linkein.jpg","contentUrl":"https:\/\/barcelona-discovery.com\/wp-content\/uploads\/2024\/02\/logo-linkein.jpg","width":300,"height":300,"caption":"Barcelona Discovery"},"image":{"@id":"https:\/\/barcelona-discovery.com\/#\/schema\/logo\/image\/"},"sameAs":["https:\/\/www.facebook.com\/BarcelonaDiscovery\/","https:\/\/x.com\/bcn_discovery","https:\/\/www.instagram.com\/barcelonadiscovery\/","https:\/\/www.youtube.com\/channel\/UCwpragtLkdmFTHCzinFQG_g"]}]}},"_links":{"self":[{"href":"https:\/\/barcelona-discovery.com\/ca\/wp-json\/wp\/v2\/product\/5497","targetHints":{"allow":["GET"]}}],"collection":[{"href":"https:\/\/barcelona-discovery.com\/ca\/wp-json\/wp\/v2\/product"}],"about":[{"href":"https:\/\/barcelona-discovery.com\/ca\/wp-json\/wp\/v2\/types\/product"}],"replies":[{"embeddable":true,"href":"https:\/\/barcelona-discovery.com\/ca\/wp-json\/wp\/v2\/comments?post=5497"}],"wp:featuredmedia":[{"embeddable":true,"href":"https:\/\/barcelona-discovery.com\/ca\/wp-json\/wp\/v2\/media\/1917"}],"wp:attachment":[{"href":"https:\/\/barcelona-discovery.com\/ca\/wp-json\/wp\/v2\/media?parent=5497"}],"wp:term":[{"taxonomy":"product_brand","embeddable":true,"href":"https:\/\/barcelona-discovery.com\/ca\/wp-json\/wp\/v2\/product_brand?post=5497"},{"taxonomy":"product_cat","embeddable":true,"href":"https:\/\/barcelona-discovery.com\/ca\/wp-json\/wp\/v2\/product_cat?post=5497"},{"taxonomy":"product_tag","embeddable":true,"href":"https:\/\/barcelona-discovery.com\/ca\/wp-json\/wp\/v2\/product_tag?post=5497"}],"curies":[{"name":"wp","href":"https:\/\/api.w.org\/{rel}","templated":true}]}}