{"id":5535,"date":"2020-06-17T12:16:30","date_gmt":"2020-06-17T11:16:30","guid":{"rendered":"https:\/\/barcelona-discovery.com\/shop\/hiiking-private-tour-aound-parc-montnegre-i-corredor\/"},"modified":"2020-12-09T17:19:49","modified_gmt":"2020-12-09T16:19:49","slug":"trekking-fins-el-dolmen-de-la-pedra-gentil","status":"publish","type":"product","link":"https:\/\/barcelona-discovery.com\/ca\/tours\/trekking-fins-el-dolmen-de-la-pedra-gentil\/","title":{"rendered":"Trekking fins el Dolmen de la Pedra Gentil."},"content":{"rendered":"<p>A tan sols 45 minuts de Barcelona descobrirem els boscos i racons del Montnegre i el Corredor. Comen\u00e7arem el <strong>trekking al poble de <a href=\"http:\/\/www.turismevallgorguina.com\/\">Vallgorguina<\/a><\/strong> on ens dirigirem cap a la Font d&#8217;en Nel mentre explorem la fauna aut\u00f2ctona i la vegetaci\u00f3 d&#8217;aquesta zona. Havent begut aigua i recarregat energia, seguirem cap al Dolmen de Pedra Gentil.<\/p>\n<p>El Dolmen de Pedra gentil es troba a 328m d&#8217;altitud, coronant un tur\u00f3 situat al quil\u00f2metre 4,1 de la pista forestal que va de la C-61 al Santuari del Corredor. \u00c9s una construcci\u00f3 megal\u00edtica de 7 lloses clavades verticalment, sobre de les quals es troba la pedra de coberta. Aquesta estructura no ha estat mai excavada ni documentada cient\u00edficament, fet que deixa algunes incerteses sobre el seu origen, forma, i la ubicaci\u00f3 originals.<\/p>\n<p>En definitiva, <strong>descobriran l&#8217;entorn de Vallgorguina,<\/strong> amb una ruta amb un desnivell baix i accessible per a tothom, 5 km de ruta circular. Es tracta d&#8217;una excursi\u00f3 agradable, sense complicacions, senyalitzada com a sender local (SL-C 71) que transcorre per pistes i camins del Parc.<\/p>\n<p>Al llarg de la ruta els colors, sobretot el verd, s\u00f3n predominants en el paisatge. M\u00e9s del 95% de la superf\u00edcie del Parc \u00e9s de car\u00e0cter forestal. Aix\u00f2 ens permetr\u00e0 descobrir tamb\u00e9 els diferents tipus de<strong> boscos de fulla persistent que amaga aquest relleu arrodonit per l&#8217;erosi\u00f3.<\/strong><\/p>\n<p>El dolmen de Pedra Gentil, el conjunt arquitect\u00f2nic de Santa Eul\u00e0lia de Tapioles i els masos de Can Pradell de la Serra i Can Clarens s\u00f3n els principals elements arquitect\u00f2nics de la ruta, que mostra la vida i l&#8217;ocupaci\u00f3 humana del vessant del Corredor.<\/p>\n<p>El recorregut acaba al<a href=\"http:\/\/www.turismevallgorguina.com\/museu-del-bosc-i-la-pagesia\/\"><strong> Museu del Bosc i de la Pagesia.<\/strong><\/a> La col\u00b7lecci\u00f3 del museu es reparteix en dues plantes que donen valor a el m\u00f3n de bosc, la natura i l&#8217;agricultura.<\/p>\n<p>La planta baixa est\u00e0 dedicada a l&#8217;agricultura: vida i els valors en el camp, les eines utilitzades i els aven\u00e7os t\u00e8cnics, els cereals i la vida. La primera planta es centra en el bosc i la natura: aprofitament i oficis (carboneig, peladors, llenyataires), vegetaci\u00f3, fauna i usos actuals (excursionisme)<\/p>\n","protected":false},"excerpt":{"rendered":"<p><b>Trekking pels boscos del Montnegre i el Corredor &#8211; Ruta circular Guiada<\/b><\/p>\n<p>&nbsp;<\/p>\n","protected":false},"featured_media":5511,"comment_status":"open","ping_status":"closed","template":"","meta":[],"product_brand":[],"product_cat":[191,142],"product_tag":[],"class_list":{"0":"post-5535","1":"product","2":"type-product","3":"status-publish","4":"has-post-thumbnail","6":"product_cat-activitats-a-la-natura","7":"product_cat-experiencies-terrestres","8":"pa_tour-types-land-experiences-activitats-a-la-natura","10":"first","11":"instock","12":"shipping-taxable","13":"purchasable","14":"product-type-tour_phys"},"yoast_head":"<!-- This site is optimized with the Yoast SEO plugin v26.1.1 - https:\/\/yoast.com\/wordpress\/plugins\/seo\/ -->\n<title>Trekking pel Montnegre i el Corredor- Ruta al Dolmen de la Pedra Gentil<\/title>\n<meta name=\"description\" content=\"Ruta guiada,descobrirem els boscos Montnegre i el Corredor. Comen\u00e7arem el trekking a Vallgorguina on ens dirigirem cap el Dolmen de la Pedra Gentil.\" \/>\n<meta name=\"robots\" content=\"index, follow, max-snippet:-1, max-image-preview:large, max-video-preview:-1\" \/>\n<link rel=\"canonical\" href=\"https:\/\/barcelona-discovery.com\/producte\/hiking-private-tour-around-parc-montnegre-i-corredor\/\" \/>\n<meta property=\"og:locale\" content=\"ca_ES\" \/>\n<meta property=\"og:type\" content=\"article\" \/>\n<meta property=\"og:title\" content=\"Trekking pel Montnegre i el Corredor- Ruta al Dolmen de la Pedra Gentil\" \/>\n<meta property=\"og:description\" content=\"Ruta guiada,descobrirem els boscos Montnegre i el Corredor. Comen\u00e7arem el trekking a Vallgorguina on ens dirigirem cap el Dolmen de la Pedra Gentil.\" \/>\n<meta property=\"og:url\" content=\"https:\/\/barcelona-discovery.com\/producte\/hiking-private-tour-around-parc-montnegre-i-corredor\/\" \/>\n<meta property=\"og:site_name\" content=\"Barcelona Discovery\" \/>\n<meta property=\"article:publisher\" content=\"https:\/\/www.facebook.com\/BarcelonaDiscovery\/\" \/>\n<meta property=\"article:modified_time\" content=\"2020-12-09T16:19:49+00:00\" \/>\n<meta property=\"og:image\" content=\"https:\/\/barcelona-discovery.com\/wp-content\/uploads\/2020\/06\/dolmen-vallgorguina.jpg\" \/>\n\t<meta property=\"og:image:width\" content=\"1400\" \/>\n\t<meta property=\"og:image:height\" content=\"700\" \/>\n\t<meta property=\"og:image:type\" content=\"image\/jpeg\" \/>\n<meta name=\"twitter:card\" content=\"summary_large_image\" \/>\n<meta name=\"twitter:site\" content=\"@bcn_discovery\" \/>\n<meta name=\"twitter:label1\" content=\"Temps estimat de lectura\" \/>\n\t<meta name=\"twitter:data1\" content=\"2 minuts\" \/>\n<script type=\"application\/ld+json\" class=\"yoast-schema-graph\">{\"@context\":\"https:\/\/schema.org\",\"@graph\":[{\"@type\":\"WebPage\",\"@id\":\"https:\/\/barcelona-discovery.com\/producte\/hiking-private-tour-around-parc-montnegre-i-corredor\/\",\"url\":\"https:\/\/barcelona-discovery.com\/producte\/hiking-private-tour-around-parc-montnegre-i-corredor\/\",\"name\":\"Trekking pel Montnegre i el Corredor- Ruta al Dolmen de la Pedra Gentil\",\"isPartOf\":{\"@id\":\"https:\/\/barcelona-discovery.com\/#website\"},\"primaryImageOfPage\":{\"@id\":\"https:\/\/barcelona-discovery.com\/producte\/hiking-private-tour-around-parc-montnegre-i-corredor\/#primaryimage\"},\"image\":{\"@id\":\"https:\/\/barcelona-discovery.com\/producte\/hiking-private-tour-around-parc-montnegre-i-corredor\/#primaryimage\"},\"thumbnailUrl\":\"https:\/\/barcelona-discovery.com\/wp-content\/uploads\/2020\/06\/dolmen-vallgorguina.jpg\",\"datePublished\":\"2020-06-17T11:16:30+00:00\",\"dateModified\":\"2020-12-09T16:19:49+00:00\",\"description\":\"Ruta guiada,descobrirem els boscos Montnegre i el Corredor. Comen\u00e7arem el trekking a Vallgorguina on ens dirigirem cap el Dolmen de la Pedra Gentil.\",\"breadcrumb\":{\"@id\":\"https:\/\/barcelona-discovery.com\/producte\/hiking-private-tour-around-parc-montnegre-i-corredor\/#breadcrumb\"},\"inLanguage\":\"ca\",\"potentialAction\":[{\"@type\":\"ReadAction\",\"target\":[\"https:\/\/barcelona-discovery.com\/producte\/hiking-private-tour-around-parc-montnegre-i-corredor\/\"]}]},{\"@type\":\"ImageObject\",\"inLanguage\":\"ca\",\"@id\":\"https:\/\/barcelona-discovery.com\/producte\/hiking-private-tour-around-parc-montnegre-i-corredor\/#primaryimage\",\"url\":\"https:\/\/barcelona-discovery.com\/wp-content\/uploads\/2020\/06\/dolmen-vallgorguina.jpg\",\"contentUrl\":\"https:\/\/barcelona-discovery.com\/wp-content\/uploads\/2020\/06\/dolmen-vallgorguina.jpg\",\"width\":1400,\"height\":700,\"caption\":\"Rutas Guiadas\"},{\"@type\":\"BreadcrumbList\",\"@id\":\"https:\/\/barcelona-discovery.com\/producte\/hiking-private-tour-around-parc-montnegre-i-corredor\/#breadcrumb\",\"itemListElement\":[{\"@type\":\"ListItem\",\"position\":1,\"name\":\"Home\",\"item\":\"https:\/\/barcelona-discovery.com\/ca\/\"},{\"@type\":\"ListItem\",\"position\":2,\"name\":\"Tours\",\"item\":\"https:\/\/barcelona-discovery.com\/tours\/\"},{\"@type\":\"ListItem\",\"position\":3,\"name\":\"Trekking fins el Dolmen de la Pedra Gentil.\"}]},{\"@type\":\"WebSite\",\"@id\":\"https:\/\/barcelona-discovery.com\/#website\",\"url\":\"https:\/\/barcelona-discovery.com\/\",\"name\":\"Barcelona Discovery\",\"description\":\"Private Tours around Barcelona\",\"publisher\":{\"@id\":\"https:\/\/barcelona-discovery.com\/#organization\"},\"potentialAction\":[{\"@type\":\"SearchAction\",\"target\":{\"@type\":\"EntryPoint\",\"urlTemplate\":\"https:\/\/barcelona-discovery.com\/?s={search_term_string}\"},\"query-input\":{\"@type\":\"PropertyValueSpecification\",\"valueRequired\":true,\"valueName\":\"search_term_string\"}}],\"inLanguage\":\"ca\"},{\"@type\":\"Organization\",\"@id\":\"https:\/\/barcelona-discovery.com\/#organization\",\"name\":\"Barcelona Discovery\",\"url\":\"https:\/\/barcelona-discovery.com\/\",\"logo\":{\"@type\":\"ImageObject\",\"inLanguage\":\"ca\",\"@id\":\"https:\/\/barcelona-discovery.com\/#\/schema\/logo\/image\/\",\"url\":\"https:\/\/barcelona-discovery.com\/wp-content\/uploads\/2024\/02\/logo-linkein.jpg\",\"contentUrl\":\"https:\/\/barcelona-discovery.com\/wp-content\/uploads\/2024\/02\/logo-linkein.jpg\",\"width\":300,\"height\":300,\"caption\":\"Barcelona Discovery\"},\"image\":{\"@id\":\"https:\/\/barcelona-discovery.com\/#\/schema\/logo\/image\/\"},\"sameAs\":[\"https:\/\/www.facebook.com\/BarcelonaDiscovery\/\",\"https:\/\/x.com\/bcn_discovery\",\"https:\/\/www.instagram.com\/barcelonadiscovery\/\",\"https:\/\/www.youtube.com\/channel\/UCwpragtLkdmFTHCzinFQG_g\"]}]}<\/script>\n<!-- \/ Yoast SEO plugin. -->","yoast_head_json":{"title":"Trekking pel Montnegre i el Corredor- Ruta al Dolmen de la Pedra Gentil","description":"Ruta guiada,descobrirem els boscos Montnegre i el Corredor. Comen\u00e7arem el trekking a Vallgorguina on ens dirigirem cap el Dolmen de la Pedra Gentil.","robots":{"index":"index","follow":"follow","max-snippet":"max-snippet:-1","max-image-preview":"max-image-preview:large","max-video-preview":"max-video-preview:-1"},"canonical":"https:\/\/barcelona-discovery.com\/producte\/hiking-private-tour-around-parc-montnegre-i-corredor\/","og_locale":"ca_ES","og_type":"article","og_title":"Trekking pel Montnegre i el Corredor- Ruta al Dolmen de la Pedra Gentil","og_description":"Ruta guiada,descobrirem els boscos Montnegre i el Corredor. Comen\u00e7arem el trekking a Vallgorguina on ens dirigirem cap el Dolmen de la Pedra Gentil.","og_url":"https:\/\/barcelona-discovery.com\/producte\/hiking-private-tour-around-parc-montnegre-i-corredor\/","og_site_name":"Barcelona Discovery","article_publisher":"https:\/\/www.facebook.com\/BarcelonaDiscovery\/","article_modified_time":"2020-12-09T16:19:49+00:00","og_image":[{"width":1400,"height":700,"url":"https:\/\/barcelona-discovery.com\/wp-content\/uploads\/2020\/06\/dolmen-vallgorguina.jpg","type":"image\/jpeg"}],"twitter_card":"summary_large_image","twitter_site":"@bcn_discovery","twitter_misc":{"Temps estimat de lectura":"2 minuts"},"schema":{"@context":"https:\/\/schema.org","@graph":[{"@type":"WebPage","@id":"https:\/\/barcelona-discovery.com\/producte\/hiking-private-tour-around-parc-montnegre-i-corredor\/","url":"https:\/\/barcelona-discovery.com\/producte\/hiking-private-tour-around-parc-montnegre-i-corredor\/","name":"Trekking pel Montnegre i el Corredor- Ruta al Dolmen de la Pedra Gentil","isPartOf":{"@id":"https:\/\/barcelona-discovery.com\/#website"},"primaryImageOfPage":{"@id":"https:\/\/barcelona-discovery.com\/producte\/hiking-private-tour-around-parc-montnegre-i-corredor\/#primaryimage"},"image":{"@id":"https:\/\/barcelona-discovery.com\/producte\/hiking-private-tour-around-parc-montnegre-i-corredor\/#primaryimage"},"thumbnailUrl":"https:\/\/barcelona-discovery.com\/wp-content\/uploads\/2020\/06\/dolmen-vallgorguina.jpg","datePublished":"2020-06-17T11:16:30+00:00","dateModified":"2020-12-09T16:19:49+00:00","description":"Ruta guiada,descobrirem els boscos Montnegre i el Corredor. Comen\u00e7arem el trekking a Vallgorguina on ens dirigirem cap el Dolmen de la Pedra Gentil.","breadcrumb":{"@id":"https:\/\/barcelona-discovery.com\/producte\/hiking-private-tour-around-parc-montnegre-i-corredor\/#breadcrumb"},"inLanguage":"ca","potentialAction":[{"@type":"ReadAction","target":["https:\/\/barcelona-discovery.com\/producte\/hiking-private-tour-around-parc-montnegre-i-corredor\/"]}]},{"@type":"ImageObject","inLanguage":"ca","@id":"https:\/\/barcelona-discovery.com\/producte\/hiking-private-tour-around-parc-montnegre-i-corredor\/#primaryimage","url":"https:\/\/barcelona-discovery.com\/wp-content\/uploads\/2020\/06\/dolmen-vallgorguina.jpg","contentUrl":"https:\/\/barcelona-discovery.com\/wp-content\/uploads\/2020\/06\/dolmen-vallgorguina.jpg","width":1400,"height":700,"caption":"Rutas Guiadas"},{"@type":"BreadcrumbList","@id":"https:\/\/barcelona-discovery.com\/producte\/hiking-private-tour-around-parc-montnegre-i-corredor\/#breadcrumb","itemListElement":[{"@type":"ListItem","position":1,"name":"Home","item":"https:\/\/barcelona-discovery.com\/ca\/"},{"@type":"ListItem","position":2,"name":"Tours","item":"https:\/\/barcelona-discovery.com\/tours\/"},{"@type":"ListItem","position":3,"name":"Trekking fins el Dolmen de la Pedra Gentil."}]},{"@type":"WebSite","@id":"https:\/\/barcelona-discovery.com\/#website","url":"https:\/\/barcelona-discovery.com\/","name":"Barcelona Discovery","description":"Private Tours around Barcelona","publisher":{"@id":"https:\/\/barcelona-discovery.com\/#organization"},"potentialAction":[{"@type":"SearchAction","target":{"@type":"EntryPoint","urlTemplate":"https:\/\/barcelona-discovery.com\/?s={search_term_string}"},"query-input":{"@type":"PropertyValueSpecification","valueRequired":true,"valueName":"search_term_string"}}],"inLanguage":"ca"},{"@type":"Organization","@id":"https:\/\/barcelona-discovery.com\/#organization","name":"Barcelona Discovery","url":"https:\/\/barcelona-discovery.com\/","logo":{"@type":"ImageObject","inLanguage":"ca","@id":"https:\/\/barcelona-discovery.com\/#\/schema\/logo\/image\/","url":"https:\/\/barcelona-discovery.com\/wp-content\/uploads\/2024\/02\/logo-linkein.jpg","contentUrl":"https:\/\/barcelona-discovery.com\/wp-content\/uploads\/2024\/02\/logo-linkein.jpg","width":300,"height":300,"caption":"Barcelona Discovery"},"image":{"@id":"https:\/\/barcelona-discovery.com\/#\/schema\/logo\/image\/"},"sameAs":["https:\/\/www.facebook.com\/BarcelonaDiscovery\/","https:\/\/x.com\/bcn_discovery","https:\/\/www.instagram.com\/barcelonadiscovery\/","https:\/\/www.youtube.com\/channel\/UCwpragtLkdmFTHCzinFQG_g"]}]}},"_links":{"self":[{"href":"https:\/\/barcelona-discovery.com\/ca\/wp-json\/wp\/v2\/product\/5535","targetHints":{"allow":["GET"]}}],"collection":[{"href":"https:\/\/barcelona-discovery.com\/ca\/wp-json\/wp\/v2\/product"}],"about":[{"href":"https:\/\/barcelona-discovery.com\/ca\/wp-json\/wp\/v2\/types\/product"}],"replies":[{"embeddable":true,"href":"https:\/\/barcelona-discovery.com\/ca\/wp-json\/wp\/v2\/comments?post=5535"}],"wp:featuredmedia":[{"embeddable":true,"href":"https:\/\/barcelona-discovery.com\/ca\/wp-json\/wp\/v2\/media\/5511"}],"wp:attachment":[{"href":"https:\/\/barcelona-discovery.com\/ca\/wp-json\/wp\/v2\/media?parent=5535"}],"wp:term":[{"taxonomy":"product_brand","embeddable":true,"href":"https:\/\/barcelona-discovery.com\/ca\/wp-json\/wp\/v2\/product_brand?post=5535"},{"taxonomy":"product_cat","embeddable":true,"href":"https:\/\/barcelona-discovery.com\/ca\/wp-json\/wp\/v2\/product_cat?post=5535"},{"taxonomy":"product_tag","embeddable":true,"href":"https:\/\/barcelona-discovery.com\/ca\/wp-json\/wp\/v2\/product_tag?post=5535"}],"curies":[{"name":"wp","href":"https:\/\/api.w.org\/{rel}","templated":true}]}}