{"id":5730,"date":"2020-07-23T13:47:44","date_gmt":"2020-07-23T12:47:44","guid":{"rendered":"https:\/\/barcelona-discovery.com\/?post_type=product&#038;p=5730"},"modified":"2021-10-22T08:37:25","modified_gmt":"2021-10-22T07:37:25","slug":"ruta-de-barcelona-el-gotic-mai-vist","status":"publish","type":"product","link":"https:\/\/barcelona-discovery.com\/ca\/tours\/ruta-de-barcelona-el-gotic-mai-vist\/","title":{"rendered":"Ruta de Barcelona pels de Casa &#8211; El G\u00f2tic mai vist"},"content":{"rendered":"<p style=\"text-align: left;\">Un dels efectes colaterals dels moments que estem vivint \u00e9s que el Barri G\u00f2tic de Barcelona esta m\u00e9s tranquil, net i bonic que mai.<\/p>\n<p style=\"text-align: left;\">Cal descobrir-lo ara!!<\/p>\n<p style=\"text-align: left;\">Amb aquesta ruta guiada per Barcelona cal entendre el que va representar aquest estil per la ciutat entre els segles XIII i XVI. Tamb\u00e9 aprendrem a discernir entre el G\u00f2tic i el Neog\u00f2tic que els arquitectes de finals de segle XIX i principi de XX van estendre per Ciutat Vella.<\/p>\n<p>T&#8217;animes a con\u00e8ixer la Barcelona tranquil.la de les mans del nostre guia oficial?<\/p>\n<p class=\"_04xlpA direction-ltr align-center para-style-body\"><strong><span class=\"JsGRdQ\">Preu: 18\u20ac\u00a0<\/span><\/strong><\/p>\n<p><strong><span class=\"JsGRdQ\">Informaci\u00f3 i Reserves: info@barcelona-discovery.com o whats 629591218<\/span><\/strong><\/p>\n<p>&nbsp;<\/p>\n<p><strong>*COVID-19 \u2013\u00a0<\/strong><strong>ATENCI\u00d3:\u00a0<\/strong>A causa del\u00a0<strong>Covid-19<\/strong>, establim unes\u00a0<strong>mesures de seguretat<\/strong>\u00a0seguint les recomanacions de les autoritats sanit\u00e0ries, fins a nou av\u00eds.\u00a0Les sortides seran en\u00a0<strong>grups redu\u00efts\u00a0<\/strong>i els guies utilitzaran mascareta, altaveus o radioguies i mesures de distanciament adequades. Tamb\u00e9 hi haur\u00e0 unes\u00a0<strong>mesures d\u2019obligat compliment<\/strong>\u00a0pels assistents:<\/p>\n<ul>\n<li>\u00das de mascareta durant tota la durada de l\u2019activitat.<\/li>\n<li>Mantenir 1,5-2 metres de dist\u00e0ncia m\u00ednim entre els participants.<\/li>\n<li>Es recomana l\u2019\u00fas de gel hidroalcoh\u00f2lic.<\/li>\n<\/ul>\n<p>&nbsp;<\/p>\n","protected":false},"excerpt":{"rendered":"<p><strong>Ruta Guiada de Barcelona pels de casa.<\/strong><\/p>\n","protected":false},"featured_media":5700,"comment_status":"open","ping_status":"closed","template":"","meta":[],"product_brand":[],"product_cat":[297],"product_tag":[],"class_list":{"0":"post-5730","1":"product","2":"type-product","3":"status-publish","4":"has-post-thumbnail","6":"product_cat-uncategorized","7":"pa_tour-type-experiencies-terrestres","8":"pa_tour-types-land-experiences-sortides-culturals","9":"pa_tour-types-land-experiences-sortides-barcelona","11":"first","12":"instock","13":"shipping-taxable","14":"purchasable","15":"product-type-tour_phys"},"yoast_head":"<!-- This site is optimized with the Yoast SEO plugin v26.1.1 - https:\/\/yoast.com\/wordpress\/plugins\/seo\/ -->\n<title>Ruta guiada de Barcelona pels de Casa - El G\u00f2tic mai vist<\/title>\n<meta name=\"description\" content=\"Un dels efectes colaterals dels moments que estem vivint \u00e9s que el Barri G\u00f2tic de Barcelona esta m\u00e9s tranquil, net i bonic que mai. Cal descobrir-lo ara!!\" \/>\n<meta name=\"robots\" content=\"index, follow, max-snippet:-1, max-image-preview:large, max-video-preview:-1\" \/>\n<link rel=\"canonical\" href=\"https:\/\/barcelona-discovery.com\/ca\/producte\/ruta-de-barcelona-el-gotic-mai-vist\/\" \/>\n<meta property=\"og:locale\" content=\"ca_ES\" \/>\n<meta property=\"og:type\" content=\"article\" \/>\n<meta property=\"og:title\" content=\"Ruta guiada de Barcelona pels de Casa - El G\u00f2tic mai vist\" \/>\n<meta property=\"og:description\" content=\"Un dels efectes colaterals dels moments que estem vivint \u00e9s que el Barri G\u00f2tic de Barcelona esta m\u00e9s tranquil, net i bonic que mai. Cal descobrir-lo ara!!\" \/>\n<meta property=\"og:url\" content=\"https:\/\/barcelona-discovery.com\/ca\/producte\/ruta-de-barcelona-el-gotic-mai-vist\/\" \/>\n<meta property=\"og:site_name\" content=\"Barcelona Discovery\" \/>\n<meta property=\"article:publisher\" content=\"https:\/\/www.facebook.com\/BarcelonaDiscovery\/\" \/>\n<meta property=\"article:modified_time\" content=\"2021-10-22T07:37:25+00:00\" \/>\n<meta property=\"og:image\" content=\"https:\/\/barcelona-discovery.com\/wp-content\/uploads\/2020\/07\/ruta-guiada-barri-gotic-e1595508454126.jpeg\" \/>\n\t<meta property=\"og:image:width\" content=\"1000\" \/>\n\t<meta property=\"og:image:height\" content=\"750\" \/>\n\t<meta property=\"og:image:type\" content=\"image\/jpeg\" \/>\n<meta name=\"twitter:card\" content=\"summary_large_image\" \/>\n<meta name=\"twitter:site\" content=\"@bcn_discovery\" \/>\n<meta name=\"twitter:label1\" content=\"Temps estimat de lectura\" \/>\n\t<meta name=\"twitter:data1\" content=\"1 minut\" \/>\n<script type=\"application\/ld+json\" class=\"yoast-schema-graph\">{\"@context\":\"https:\/\/schema.org\",\"@graph\":[{\"@type\":\"WebPage\",\"@id\":\"https:\/\/barcelona-discovery.com\/ca\/producte\/ruta-de-barcelona-el-gotic-mai-vist\/\",\"url\":\"https:\/\/barcelona-discovery.com\/ca\/producte\/ruta-de-barcelona-el-gotic-mai-vist\/\",\"name\":\"Ruta guiada de Barcelona pels de Casa - El G\u00f2tic mai vist\",\"isPartOf\":{\"@id\":\"https:\/\/barcelona-discovery.com\/#website\"},\"primaryImageOfPage\":{\"@id\":\"https:\/\/barcelona-discovery.com\/ca\/producte\/ruta-de-barcelona-el-gotic-mai-vist\/#primaryimage\"},\"image\":{\"@id\":\"https:\/\/barcelona-discovery.com\/ca\/producte\/ruta-de-barcelona-el-gotic-mai-vist\/#primaryimage\"},\"thumbnailUrl\":\"https:\/\/barcelona-discovery.com\/wp-content\/uploads\/2020\/07\/ruta-guiada-barri-gotic-e1595508454126.jpeg\",\"datePublished\":\"2020-07-23T12:47:44+00:00\",\"dateModified\":\"2021-10-22T07:37:25+00:00\",\"description\":\"Un dels efectes colaterals dels moments que estem vivint \u00e9s que el Barri G\u00f2tic de Barcelona esta m\u00e9s tranquil, net i bonic que mai. Cal descobrir-lo ara!!\",\"breadcrumb\":{\"@id\":\"https:\/\/barcelona-discovery.com\/ca\/producte\/ruta-de-barcelona-el-gotic-mai-vist\/#breadcrumb\"},\"inLanguage\":\"ca\",\"potentialAction\":[{\"@type\":\"ReadAction\",\"target\":[\"https:\/\/barcelona-discovery.com\/ca\/producte\/ruta-de-barcelona-el-gotic-mai-vist\/\"]}]},{\"@type\":\"ImageObject\",\"inLanguage\":\"ca\",\"@id\":\"https:\/\/barcelona-discovery.com\/ca\/producte\/ruta-de-barcelona-el-gotic-mai-vist\/#primaryimage\",\"url\":\"https:\/\/barcelona-discovery.com\/wp-content\/uploads\/2020\/07\/ruta-guiada-barri-gotic-e1595508454126.jpeg\",\"contentUrl\":\"https:\/\/barcelona-discovery.com\/wp-content\/uploads\/2020\/07\/ruta-guiada-barri-gotic-e1595508454126.jpeg\",\"width\":1000,\"height\":750},{\"@type\":\"BreadcrumbList\",\"@id\":\"https:\/\/barcelona-discovery.com\/ca\/producte\/ruta-de-barcelona-el-gotic-mai-vist\/#breadcrumb\",\"itemListElement\":[{\"@type\":\"ListItem\",\"position\":1,\"name\":\"Home\",\"item\":\"https:\/\/barcelona-discovery.com\/ca\/\"},{\"@type\":\"ListItem\",\"position\":2,\"name\":\"Tours\",\"item\":\"https:\/\/barcelona-discovery.com\/tours\/\"},{\"@type\":\"ListItem\",\"position\":3,\"name\":\"Ruta de Barcelona pels de Casa &#8211; El G\u00f2tic mai vist\"}]},{\"@type\":\"WebSite\",\"@id\":\"https:\/\/barcelona-discovery.com\/#website\",\"url\":\"https:\/\/barcelona-discovery.com\/\",\"name\":\"Barcelona Discovery\",\"description\":\"Private Tours around Barcelona\",\"publisher\":{\"@id\":\"https:\/\/barcelona-discovery.com\/#organization\"},\"potentialAction\":[{\"@type\":\"SearchAction\",\"target\":{\"@type\":\"EntryPoint\",\"urlTemplate\":\"https:\/\/barcelona-discovery.com\/?s={search_term_string}\"},\"query-input\":{\"@type\":\"PropertyValueSpecification\",\"valueRequired\":true,\"valueName\":\"search_term_string\"}}],\"inLanguage\":\"ca\"},{\"@type\":\"Organization\",\"@id\":\"https:\/\/barcelona-discovery.com\/#organization\",\"name\":\"Barcelona Discovery\",\"url\":\"https:\/\/barcelona-discovery.com\/\",\"logo\":{\"@type\":\"ImageObject\",\"inLanguage\":\"ca\",\"@id\":\"https:\/\/barcelona-discovery.com\/#\/schema\/logo\/image\/\",\"url\":\"https:\/\/barcelona-discovery.com\/wp-content\/uploads\/2024\/02\/logo-linkein.jpg\",\"contentUrl\":\"https:\/\/barcelona-discovery.com\/wp-content\/uploads\/2024\/02\/logo-linkein.jpg\",\"width\":300,\"height\":300,\"caption\":\"Barcelona Discovery\"},\"image\":{\"@id\":\"https:\/\/barcelona-discovery.com\/#\/schema\/logo\/image\/\"},\"sameAs\":[\"https:\/\/www.facebook.com\/BarcelonaDiscovery\/\",\"https:\/\/x.com\/bcn_discovery\",\"https:\/\/www.instagram.com\/barcelonadiscovery\/\",\"https:\/\/www.youtube.com\/channel\/UCwpragtLkdmFTHCzinFQG_g\"]}]}<\/script>\n<!-- \/ Yoast SEO plugin. -->","yoast_head_json":{"title":"Ruta guiada de Barcelona pels de Casa - El G\u00f2tic mai vist","description":"Un dels efectes colaterals dels moments que estem vivint \u00e9s que el Barri G\u00f2tic de Barcelona esta m\u00e9s tranquil, net i bonic que mai. Cal descobrir-lo ara!!","robots":{"index":"index","follow":"follow","max-snippet":"max-snippet:-1","max-image-preview":"max-image-preview:large","max-video-preview":"max-video-preview:-1"},"canonical":"https:\/\/barcelona-discovery.com\/ca\/producte\/ruta-de-barcelona-el-gotic-mai-vist\/","og_locale":"ca_ES","og_type":"article","og_title":"Ruta guiada de Barcelona pels de Casa - El G\u00f2tic mai vist","og_description":"Un dels efectes colaterals dels moments que estem vivint \u00e9s que el Barri G\u00f2tic de Barcelona esta m\u00e9s tranquil, net i bonic que mai. Cal descobrir-lo ara!!","og_url":"https:\/\/barcelona-discovery.com\/ca\/producte\/ruta-de-barcelona-el-gotic-mai-vist\/","og_site_name":"Barcelona Discovery","article_publisher":"https:\/\/www.facebook.com\/BarcelonaDiscovery\/","article_modified_time":"2021-10-22T07:37:25+00:00","og_image":[{"width":1000,"height":750,"url":"https:\/\/barcelona-discovery.com\/wp-content\/uploads\/2020\/07\/ruta-guiada-barri-gotic-e1595508454126.jpeg","type":"image\/jpeg"}],"twitter_card":"summary_large_image","twitter_site":"@bcn_discovery","twitter_misc":{"Temps estimat de lectura":"1 minut"},"schema":{"@context":"https:\/\/schema.org","@graph":[{"@type":"WebPage","@id":"https:\/\/barcelona-discovery.com\/ca\/producte\/ruta-de-barcelona-el-gotic-mai-vist\/","url":"https:\/\/barcelona-discovery.com\/ca\/producte\/ruta-de-barcelona-el-gotic-mai-vist\/","name":"Ruta guiada de Barcelona pels de Casa - El G\u00f2tic mai vist","isPartOf":{"@id":"https:\/\/barcelona-discovery.com\/#website"},"primaryImageOfPage":{"@id":"https:\/\/barcelona-discovery.com\/ca\/producte\/ruta-de-barcelona-el-gotic-mai-vist\/#primaryimage"},"image":{"@id":"https:\/\/barcelona-discovery.com\/ca\/producte\/ruta-de-barcelona-el-gotic-mai-vist\/#primaryimage"},"thumbnailUrl":"https:\/\/barcelona-discovery.com\/wp-content\/uploads\/2020\/07\/ruta-guiada-barri-gotic-e1595508454126.jpeg","datePublished":"2020-07-23T12:47:44+00:00","dateModified":"2021-10-22T07:37:25+00:00","description":"Un dels efectes colaterals dels moments que estem vivint \u00e9s que el Barri G\u00f2tic de Barcelona esta m\u00e9s tranquil, net i bonic que mai. Cal descobrir-lo ara!!","breadcrumb":{"@id":"https:\/\/barcelona-discovery.com\/ca\/producte\/ruta-de-barcelona-el-gotic-mai-vist\/#breadcrumb"},"inLanguage":"ca","potentialAction":[{"@type":"ReadAction","target":["https:\/\/barcelona-discovery.com\/ca\/producte\/ruta-de-barcelona-el-gotic-mai-vist\/"]}]},{"@type":"ImageObject","inLanguage":"ca","@id":"https:\/\/barcelona-discovery.com\/ca\/producte\/ruta-de-barcelona-el-gotic-mai-vist\/#primaryimage","url":"https:\/\/barcelona-discovery.com\/wp-content\/uploads\/2020\/07\/ruta-guiada-barri-gotic-e1595508454126.jpeg","contentUrl":"https:\/\/barcelona-discovery.com\/wp-content\/uploads\/2020\/07\/ruta-guiada-barri-gotic-e1595508454126.jpeg","width":1000,"height":750},{"@type":"BreadcrumbList","@id":"https:\/\/barcelona-discovery.com\/ca\/producte\/ruta-de-barcelona-el-gotic-mai-vist\/#breadcrumb","itemListElement":[{"@type":"ListItem","position":1,"name":"Home","item":"https:\/\/barcelona-discovery.com\/ca\/"},{"@type":"ListItem","position":2,"name":"Tours","item":"https:\/\/barcelona-discovery.com\/tours\/"},{"@type":"ListItem","position":3,"name":"Ruta de Barcelona pels de Casa &#8211; El G\u00f2tic mai vist"}]},{"@type":"WebSite","@id":"https:\/\/barcelona-discovery.com\/#website","url":"https:\/\/barcelona-discovery.com\/","name":"Barcelona Discovery","description":"Private Tours around Barcelona","publisher":{"@id":"https:\/\/barcelona-discovery.com\/#organization"},"potentialAction":[{"@type":"SearchAction","target":{"@type":"EntryPoint","urlTemplate":"https:\/\/barcelona-discovery.com\/?s={search_term_string}"},"query-input":{"@type":"PropertyValueSpecification","valueRequired":true,"valueName":"search_term_string"}}],"inLanguage":"ca"},{"@type":"Organization","@id":"https:\/\/barcelona-discovery.com\/#organization","name":"Barcelona Discovery","url":"https:\/\/barcelona-discovery.com\/","logo":{"@type":"ImageObject","inLanguage":"ca","@id":"https:\/\/barcelona-discovery.com\/#\/schema\/logo\/image\/","url":"https:\/\/barcelona-discovery.com\/wp-content\/uploads\/2024\/02\/logo-linkein.jpg","contentUrl":"https:\/\/barcelona-discovery.com\/wp-content\/uploads\/2024\/02\/logo-linkein.jpg","width":300,"height":300,"caption":"Barcelona Discovery"},"image":{"@id":"https:\/\/barcelona-discovery.com\/#\/schema\/logo\/image\/"},"sameAs":["https:\/\/www.facebook.com\/BarcelonaDiscovery\/","https:\/\/x.com\/bcn_discovery","https:\/\/www.instagram.com\/barcelonadiscovery\/","https:\/\/www.youtube.com\/channel\/UCwpragtLkdmFTHCzinFQG_g"]}]}},"_links":{"self":[{"href":"https:\/\/barcelona-discovery.com\/ca\/wp-json\/wp\/v2\/product\/5730","targetHints":{"allow":["GET"]}}],"collection":[{"href":"https:\/\/barcelona-discovery.com\/ca\/wp-json\/wp\/v2\/product"}],"about":[{"href":"https:\/\/barcelona-discovery.com\/ca\/wp-json\/wp\/v2\/types\/product"}],"replies":[{"embeddable":true,"href":"https:\/\/barcelona-discovery.com\/ca\/wp-json\/wp\/v2\/comments?post=5730"}],"wp:featuredmedia":[{"embeddable":true,"href":"https:\/\/barcelona-discovery.com\/ca\/wp-json\/wp\/v2\/media\/5700"}],"wp:attachment":[{"href":"https:\/\/barcelona-discovery.com\/ca\/wp-json\/wp\/v2\/media?parent=5730"}],"wp:term":[{"taxonomy":"product_brand","embeddable":true,"href":"https:\/\/barcelona-discovery.com\/ca\/wp-json\/wp\/v2\/product_brand?post=5730"},{"taxonomy":"product_cat","embeddable":true,"href":"https:\/\/barcelona-discovery.com\/ca\/wp-json\/wp\/v2\/product_cat?post=5730"},{"taxonomy":"product_tag","embeddable":true,"href":"https:\/\/barcelona-discovery.com\/ca\/wp-json\/wp\/v2\/product_tag?post=5730"}],"curies":[{"name":"wp","href":"https:\/\/api.w.org\/{rel}","templated":true}]}}