{"id":5739,"date":"2020-07-23T16:30:31","date_gmt":"2020-07-23T15:30:31","guid":{"rendered":"https:\/\/barcelona-discovery.com\/?post_type=product&#038;p=5739"},"modified":"2021-02-08T14:14:38","modified_gmt":"2021-02-08T13:14:38","slug":"rutes-a-barcelona-pels-de-casa-tot-passejant-amb-gaudi","status":"publish","type":"product","link":"https:\/\/barcelona-discovery.com\/ca\/tours\/rutes-a-barcelona-pels-de-casa-tot-passejant-amb-gaudi\/","title":{"rendered":"Rutes a Barcelona pels de casa &#8211; Tot passejant amb Gaud\u00ed"},"content":{"rendered":"<p>Antoni Gaud\u00ed vivia al<strong> Parc G\u00fcell<\/strong> amb el seu pare i la seva neboda i es va proposar caminar com a m\u00ednim 10 km al dia. Amb aquesta<strong> ruta guiada<\/strong> farem l&#8217;itinerari prec\u00eds\u00a0que feia Antoni Gaud\u00ed. Li encantava caminar!!<\/p>\n<p>Aquesta<strong> ruta guiada<\/strong> \u00e9s un passeig des del Parc G\u00fcell fins a l\u2019esgl\u00e9sia de Sant Felip Neri (al casc antic). Us volem ensenyar Barcelona a trav\u00e9s dels seus ulls.<\/p>\n<p>Un guia i historiador de l\u2019art especialitzat en Gaud\u00ed far\u00e0 que aquest passeig sigui inoblidable.<\/p>\n<p>En aquesta <strong>ruta guiada Antoni Gaud\u00ed<\/strong> passava pel Barri de Gr\u00e0cia, per l&#8217;esgl\u00e9sia de Sant Joan, la Sagrada Fam\u00edlia, la Catedral i l\u2019esgl\u00e9sia de Sant Felip Neri.<\/p>\n<p><strong>Punt de Trobada: Parc G\u00fcell<\/strong><\/p>\n<p class=\"_04xlpA direction-ltr align-center para-style-body\"><strong><span class=\"JsGRdQ\">Preu: 19\u20ac<\/span><\/strong><\/p>\n<p><strong>Durada : 2 hrs 30 min<\/strong><\/p>\n<p><strong>*COVID-19 \u2013\u00a0<\/strong><strong>ATENCI\u00d3:\u00a0<\/strong>A causa del\u00a0<strong>Covid-19<\/strong>, establim unes\u00a0<strong>mesures de seguretat<\/strong>\u00a0seguint les recomanacions de les autoritats sanit\u00e0ries, fins a nou av\u00eds.\u00a0Les sortides seran en\u00a0<strong>grups redu\u00efts\u00a0<\/strong>i els guies utilitzaran mascareta, altaveus o radioguies i mesures de distanciament adequades. Tamb\u00e9 hi haur\u00e0 unes\u00a0<strong>mesures d\u2019obligat compliment<\/strong>\u00a0pels assistents:<\/p>\n<ul>\n<li>\u00das de mascareta durant tota la durada de l\u2019activitat.<\/li>\n<li>Mantenir 1,5-2 metres de dist\u00e0ncia m\u00ednim entre els participants.<\/li>\n<li>Es recomana l\u2019\u00fas de gel hidroalcoh\u00f2lic.<\/li>\n<\/ul>\n<p>&nbsp;<\/p>\n<p>&nbsp;<\/p>\n","protected":false},"excerpt":{"rendered":"<p><strong>Ruta Guiada de Barcelona pels de Casa<\/strong><\/p>\n","protected":false},"featured_media":6477,"comment_status":"open","ping_status":"closed","template":"","meta":[],"product_brand":[],"product_cat":[297],"product_tag":[],"class_list":{"0":"post-5739","1":"product","2":"type-product","3":"status-publish","4":"has-post-thumbnail","6":"product_cat-uncategorized","7":"pa_tour-type-experiencies-terrestres","8":"pa_tour-types-land-experiences-sortides-barcelona","10":"first","11":"instock","12":"shipping-taxable","13":"purchasable","14":"product-type-tour_phys"},"yoast_head":"<!-- This site is optimized with the Yoast SEO plugin v26.1.1 - https:\/\/yoast.com\/wordpress\/plugins\/seo\/ -->\n<title>Ruta guiada pels de casa - Tot passejant amb Gaud\u00ed - Barcelona Discovery<\/title>\n<meta name=\"description\" content=\"Antoni Gaud\u00ed vivia al Parc G\u00fcell,es va proposar caminar com a m\u00ednim 10 km al dia. Farem aquesta ruta guiada tal qual la feia Antoni Gaud\u00ed\" \/>\n<meta name=\"robots\" content=\"index, follow, max-snippet:-1, max-image-preview:large, max-video-preview:-1\" \/>\n<link rel=\"canonical\" href=\"https:\/\/barcelona-discovery.com\/ca\/producte\/rutes-a-barcelona-pels-de-casa-tot-passejant-amb-gaudi\/\" \/>\n<meta property=\"og:locale\" content=\"ca_ES\" \/>\n<meta property=\"og:type\" content=\"article\" \/>\n<meta property=\"og:title\" content=\"Ruta guiada pels de casa - Tot passejant amb Gaud\u00ed - Barcelona Discovery\" \/>\n<meta property=\"og:description\" content=\"Antoni Gaud\u00ed vivia al Parc G\u00fcell,es va proposar caminar com a m\u00ednim 10 km al dia. Farem aquesta ruta guiada tal qual la feia Antoni Gaud\u00ed\" \/>\n<meta property=\"og:url\" content=\"https:\/\/barcelona-discovery.com\/ca\/producte\/rutes-a-barcelona-pels-de-casa-tot-passejant-amb-gaudi\/\" \/>\n<meta property=\"og:site_name\" content=\"Barcelona Discovery\" \/>\n<meta property=\"article:publisher\" content=\"https:\/\/www.facebook.com\/BarcelonaDiscovery\/\" \/>\n<meta property=\"article:modified_time\" content=\"2021-02-08T13:14:38+00:00\" \/>\n<meta property=\"og:image\" content=\"https:\/\/barcelona-discovery.com\/wp-content\/uploads\/2020\/07\/tot-passejant-amb-gaudi1.jpeg\" \/>\n\t<meta property=\"og:image:width\" content=\"1074\" \/>\n\t<meta property=\"og:image:height\" content=\"603\" \/>\n\t<meta property=\"og:image:type\" content=\"image\/jpeg\" \/>\n<meta name=\"twitter:card\" content=\"summary_large_image\" \/>\n<meta name=\"twitter:site\" content=\"@bcn_discovery\" \/>\n<meta name=\"twitter:label1\" content=\"Temps estimat de lectura\" \/>\n\t<meta name=\"twitter:data1\" content=\"1 minut\" \/>\n<script type=\"application\/ld+json\" class=\"yoast-schema-graph\">{\"@context\":\"https:\/\/schema.org\",\"@graph\":[{\"@type\":\"WebPage\",\"@id\":\"https:\/\/barcelona-discovery.com\/ca\/producte\/rutes-a-barcelona-pels-de-casa-tot-passejant-amb-gaudi\/\",\"url\":\"https:\/\/barcelona-discovery.com\/ca\/producte\/rutes-a-barcelona-pels-de-casa-tot-passejant-amb-gaudi\/\",\"name\":\"Ruta guiada pels de casa - Tot passejant amb Gaud\u00ed - Barcelona Discovery\",\"isPartOf\":{\"@id\":\"https:\/\/barcelona-discovery.com\/#website\"},\"primaryImageOfPage\":{\"@id\":\"https:\/\/barcelona-discovery.com\/ca\/producte\/rutes-a-barcelona-pels-de-casa-tot-passejant-amb-gaudi\/#primaryimage\"},\"image\":{\"@id\":\"https:\/\/barcelona-discovery.com\/ca\/producte\/rutes-a-barcelona-pels-de-casa-tot-passejant-amb-gaudi\/#primaryimage\"},\"thumbnailUrl\":\"https:\/\/barcelona-discovery.com\/wp-content\/uploads\/2020\/07\/tot-passejant-amb-gaudi1.jpeg\",\"datePublished\":\"2020-07-23T15:30:31+00:00\",\"dateModified\":\"2021-02-08T13:14:38+00:00\",\"description\":\"Antoni Gaud\u00ed vivia al Parc G\u00fcell,es va proposar caminar com a m\u00ednim 10 km al dia. Farem aquesta ruta guiada tal qual la feia Antoni Gaud\u00ed\",\"breadcrumb\":{\"@id\":\"https:\/\/barcelona-discovery.com\/ca\/producte\/rutes-a-barcelona-pels-de-casa-tot-passejant-amb-gaudi\/#breadcrumb\"},\"inLanguage\":\"ca\",\"potentialAction\":[{\"@type\":\"ReadAction\",\"target\":[\"https:\/\/barcelona-discovery.com\/ca\/producte\/rutes-a-barcelona-pels-de-casa-tot-passejant-amb-gaudi\/\"]}]},{\"@type\":\"ImageObject\",\"inLanguage\":\"ca\",\"@id\":\"https:\/\/barcelona-discovery.com\/ca\/producte\/rutes-a-barcelona-pels-de-casa-tot-passejant-amb-gaudi\/#primaryimage\",\"url\":\"https:\/\/barcelona-discovery.com\/wp-content\/uploads\/2020\/07\/tot-passejant-amb-gaudi1.jpeg\",\"contentUrl\":\"https:\/\/barcelona-discovery.com\/wp-content\/uploads\/2020\/07\/tot-passejant-amb-gaudi1.jpeg\",\"width\":1074,\"height\":603},{\"@type\":\"BreadcrumbList\",\"@id\":\"https:\/\/barcelona-discovery.com\/ca\/producte\/rutes-a-barcelona-pels-de-casa-tot-passejant-amb-gaudi\/#breadcrumb\",\"itemListElement\":[{\"@type\":\"ListItem\",\"position\":1,\"name\":\"Home\",\"item\":\"https:\/\/barcelona-discovery.com\/ca\/\"},{\"@type\":\"ListItem\",\"position\":2,\"name\":\"Tours\",\"item\":\"https:\/\/barcelona-discovery.com\/tours\/\"},{\"@type\":\"ListItem\",\"position\":3,\"name\":\"Rutes a Barcelona pels de casa &#8211; Tot passejant amb Gaud\u00ed\"}]},{\"@type\":\"WebSite\",\"@id\":\"https:\/\/barcelona-discovery.com\/#website\",\"url\":\"https:\/\/barcelona-discovery.com\/\",\"name\":\"Barcelona Discovery\",\"description\":\"Private Tours around Barcelona\",\"publisher\":{\"@id\":\"https:\/\/barcelona-discovery.com\/#organization\"},\"potentialAction\":[{\"@type\":\"SearchAction\",\"target\":{\"@type\":\"EntryPoint\",\"urlTemplate\":\"https:\/\/barcelona-discovery.com\/?s={search_term_string}\"},\"query-input\":{\"@type\":\"PropertyValueSpecification\",\"valueRequired\":true,\"valueName\":\"search_term_string\"}}],\"inLanguage\":\"ca\"},{\"@type\":\"Organization\",\"@id\":\"https:\/\/barcelona-discovery.com\/#organization\",\"name\":\"Barcelona Discovery\",\"url\":\"https:\/\/barcelona-discovery.com\/\",\"logo\":{\"@type\":\"ImageObject\",\"inLanguage\":\"ca\",\"@id\":\"https:\/\/barcelona-discovery.com\/#\/schema\/logo\/image\/\",\"url\":\"https:\/\/barcelona-discovery.com\/wp-content\/uploads\/2024\/02\/logo-linkein.jpg\",\"contentUrl\":\"https:\/\/barcelona-discovery.com\/wp-content\/uploads\/2024\/02\/logo-linkein.jpg\",\"width\":300,\"height\":300,\"caption\":\"Barcelona Discovery\"},\"image\":{\"@id\":\"https:\/\/barcelona-discovery.com\/#\/schema\/logo\/image\/\"},\"sameAs\":[\"https:\/\/www.facebook.com\/BarcelonaDiscovery\/\",\"https:\/\/x.com\/bcn_discovery\",\"https:\/\/www.instagram.com\/barcelonadiscovery\/\",\"https:\/\/www.youtube.com\/channel\/UCwpragtLkdmFTHCzinFQG_g\"]}]}<\/script>\n<!-- \/ Yoast SEO plugin. -->","yoast_head_json":{"title":"Ruta guiada pels de casa - Tot passejant amb Gaud\u00ed - Barcelona Discovery","description":"Antoni Gaud\u00ed vivia al Parc G\u00fcell,es va proposar caminar com a m\u00ednim 10 km al dia. Farem aquesta ruta guiada tal qual la feia Antoni Gaud\u00ed","robots":{"index":"index","follow":"follow","max-snippet":"max-snippet:-1","max-image-preview":"max-image-preview:large","max-video-preview":"max-video-preview:-1"},"canonical":"https:\/\/barcelona-discovery.com\/ca\/producte\/rutes-a-barcelona-pels-de-casa-tot-passejant-amb-gaudi\/","og_locale":"ca_ES","og_type":"article","og_title":"Ruta guiada pels de casa - Tot passejant amb Gaud\u00ed - Barcelona Discovery","og_description":"Antoni Gaud\u00ed vivia al Parc G\u00fcell,es va proposar caminar com a m\u00ednim 10 km al dia. Farem aquesta ruta guiada tal qual la feia Antoni Gaud\u00ed","og_url":"https:\/\/barcelona-discovery.com\/ca\/producte\/rutes-a-barcelona-pels-de-casa-tot-passejant-amb-gaudi\/","og_site_name":"Barcelona Discovery","article_publisher":"https:\/\/www.facebook.com\/BarcelonaDiscovery\/","article_modified_time":"2021-02-08T13:14:38+00:00","og_image":[{"width":1074,"height":603,"url":"https:\/\/barcelona-discovery.com\/wp-content\/uploads\/2020\/07\/tot-passejant-amb-gaudi1.jpeg","type":"image\/jpeg"}],"twitter_card":"summary_large_image","twitter_site":"@bcn_discovery","twitter_misc":{"Temps estimat de lectura":"1 minut"},"schema":{"@context":"https:\/\/schema.org","@graph":[{"@type":"WebPage","@id":"https:\/\/barcelona-discovery.com\/ca\/producte\/rutes-a-barcelona-pels-de-casa-tot-passejant-amb-gaudi\/","url":"https:\/\/barcelona-discovery.com\/ca\/producte\/rutes-a-barcelona-pels-de-casa-tot-passejant-amb-gaudi\/","name":"Ruta guiada pels de casa - Tot passejant amb Gaud\u00ed - Barcelona Discovery","isPartOf":{"@id":"https:\/\/barcelona-discovery.com\/#website"},"primaryImageOfPage":{"@id":"https:\/\/barcelona-discovery.com\/ca\/producte\/rutes-a-barcelona-pels-de-casa-tot-passejant-amb-gaudi\/#primaryimage"},"image":{"@id":"https:\/\/barcelona-discovery.com\/ca\/producte\/rutes-a-barcelona-pels-de-casa-tot-passejant-amb-gaudi\/#primaryimage"},"thumbnailUrl":"https:\/\/barcelona-discovery.com\/wp-content\/uploads\/2020\/07\/tot-passejant-amb-gaudi1.jpeg","datePublished":"2020-07-23T15:30:31+00:00","dateModified":"2021-02-08T13:14:38+00:00","description":"Antoni Gaud\u00ed vivia al Parc G\u00fcell,es va proposar caminar com a m\u00ednim 10 km al dia. Farem aquesta ruta guiada tal qual la feia Antoni Gaud\u00ed","breadcrumb":{"@id":"https:\/\/barcelona-discovery.com\/ca\/producte\/rutes-a-barcelona-pels-de-casa-tot-passejant-amb-gaudi\/#breadcrumb"},"inLanguage":"ca","potentialAction":[{"@type":"ReadAction","target":["https:\/\/barcelona-discovery.com\/ca\/producte\/rutes-a-barcelona-pels-de-casa-tot-passejant-amb-gaudi\/"]}]},{"@type":"ImageObject","inLanguage":"ca","@id":"https:\/\/barcelona-discovery.com\/ca\/producte\/rutes-a-barcelona-pels-de-casa-tot-passejant-amb-gaudi\/#primaryimage","url":"https:\/\/barcelona-discovery.com\/wp-content\/uploads\/2020\/07\/tot-passejant-amb-gaudi1.jpeg","contentUrl":"https:\/\/barcelona-discovery.com\/wp-content\/uploads\/2020\/07\/tot-passejant-amb-gaudi1.jpeg","width":1074,"height":603},{"@type":"BreadcrumbList","@id":"https:\/\/barcelona-discovery.com\/ca\/producte\/rutes-a-barcelona-pels-de-casa-tot-passejant-amb-gaudi\/#breadcrumb","itemListElement":[{"@type":"ListItem","position":1,"name":"Home","item":"https:\/\/barcelona-discovery.com\/ca\/"},{"@type":"ListItem","position":2,"name":"Tours","item":"https:\/\/barcelona-discovery.com\/tours\/"},{"@type":"ListItem","position":3,"name":"Rutes a Barcelona pels de casa &#8211; Tot passejant amb Gaud\u00ed"}]},{"@type":"WebSite","@id":"https:\/\/barcelona-discovery.com\/#website","url":"https:\/\/barcelona-discovery.com\/","name":"Barcelona Discovery","description":"Private Tours around Barcelona","publisher":{"@id":"https:\/\/barcelona-discovery.com\/#organization"},"potentialAction":[{"@type":"SearchAction","target":{"@type":"EntryPoint","urlTemplate":"https:\/\/barcelona-discovery.com\/?s={search_term_string}"},"query-input":{"@type":"PropertyValueSpecification","valueRequired":true,"valueName":"search_term_string"}}],"inLanguage":"ca"},{"@type":"Organization","@id":"https:\/\/barcelona-discovery.com\/#organization","name":"Barcelona Discovery","url":"https:\/\/barcelona-discovery.com\/","logo":{"@type":"ImageObject","inLanguage":"ca","@id":"https:\/\/barcelona-discovery.com\/#\/schema\/logo\/image\/","url":"https:\/\/barcelona-discovery.com\/wp-content\/uploads\/2024\/02\/logo-linkein.jpg","contentUrl":"https:\/\/barcelona-discovery.com\/wp-content\/uploads\/2024\/02\/logo-linkein.jpg","width":300,"height":300,"caption":"Barcelona Discovery"},"image":{"@id":"https:\/\/barcelona-discovery.com\/#\/schema\/logo\/image\/"},"sameAs":["https:\/\/www.facebook.com\/BarcelonaDiscovery\/","https:\/\/x.com\/bcn_discovery","https:\/\/www.instagram.com\/barcelonadiscovery\/","https:\/\/www.youtube.com\/channel\/UCwpragtLkdmFTHCzinFQG_g"]}]}},"_links":{"self":[{"href":"https:\/\/barcelona-discovery.com\/ca\/wp-json\/wp\/v2\/product\/5739","targetHints":{"allow":["GET"]}}],"collection":[{"href":"https:\/\/barcelona-discovery.com\/ca\/wp-json\/wp\/v2\/product"}],"about":[{"href":"https:\/\/barcelona-discovery.com\/ca\/wp-json\/wp\/v2\/types\/product"}],"replies":[{"embeddable":true,"href":"https:\/\/barcelona-discovery.com\/ca\/wp-json\/wp\/v2\/comments?post=5739"}],"wp:featuredmedia":[{"embeddable":true,"href":"https:\/\/barcelona-discovery.com\/ca\/wp-json\/wp\/v2\/media\/6477"}],"wp:attachment":[{"href":"https:\/\/barcelona-discovery.com\/ca\/wp-json\/wp\/v2\/media?parent=5739"}],"wp:term":[{"taxonomy":"product_brand","embeddable":true,"href":"https:\/\/barcelona-discovery.com\/ca\/wp-json\/wp\/v2\/product_brand?post=5739"},{"taxonomy":"product_cat","embeddable":true,"href":"https:\/\/barcelona-discovery.com\/ca\/wp-json\/wp\/v2\/product_cat?post=5739"},{"taxonomy":"product_tag","embeddable":true,"href":"https:\/\/barcelona-discovery.com\/ca\/wp-json\/wp\/v2\/product_tag?post=5739"}],"curies":[{"name":"wp","href":"https:\/\/api.w.org\/{rel}","templated":true}]}}