{"id":6239,"date":"2020-11-10T18:35:24","date_gmt":"2020-11-10T17:35:24","guid":{"rendered":"https:\/\/barcelona-discovery.com\/?post_type=product&#038;p=6239"},"modified":"2024-11-07T18:34:02","modified_gmt":"2024-11-07T17:34:02","slug":"espatlla-iberica","status":"publish","type":"product","link":"https:\/\/barcelona-discovery.com\/ca\/producte\/espatlla-iberica\/","title":{"rendered":"Espatlla Ib\u00e8rica"},"content":{"rendered":"<p><strong>Espatlla ib\u00e8rica Fora de Norma:<\/strong><\/p>\n<p>El terme &#8216;fora de norma&#8217; es refereix a una pe\u00e7a que &#8220;en sang&#8221;, \u00e9s a dir, al sortir de l&#8217;escorxador est\u00e0 dins de la norma de l&#8217;ib\u00e8ric, per\u00f2 el productor no paga l&#8217; etiquetatge de brisa negra, ja que prefereix vendre-ho sense cap intermediari<\/p>\n<p>Procedeix d&#8217;animals que han gaudit de les pastures i herbes de la devesa durant el seu creixement i engreixat com tots en la seva etapa d&#8217;engreix a for\u00e7a de glans.<\/p>\n<p>La paleta s&#8217;elabora per mitjans naturals per un m\u00ednim de 24 mesos.<\/p>\n<p>Curaci\u00f3: 24 mesos m\u00ednim.<br \/>\nSense denominaci\u00f3 d&#8217;or\u00edgen.<br \/>\nZona de proced\u00e8ncia: Extremadura<br \/>\nInformaci\u00f3 d&#8217;al\u00b7l\u00e8rgens: sense gluten<br \/>\nPes: 5 kg<\/p>\n<p>Ajudem als petits productors a vendre els exemplars\u00a0 sense l&#8217;etiquetatge d&#8217;Ib\u00e8ric, per\u00f2 que la qualitat es la mateixa.<\/p>\n","protected":false},"excerpt":{"rendered":"<p><strong>Espatlla Ib\u00e8rica<\/strong><\/p>\n","protected":false},"featured_media":6241,"comment_status":"open","ping_status":"closed","template":"","meta":[],"product_brand":[],"product_cat":[297],"product_tag":[],"class_list":{"0":"post-6239","1":"product","2":"type-product","3":"status-publish","4":"has-post-thumbnail","6":"product_cat-uncategorized","7":"product_shipping_class-shipping-spain","9":"first","10":"instock","11":"shipping-taxable","12":"purchasable","13":"product-type-simple"},"yoast_head":"<!-- This site is optimized with the Yoast SEO plugin v26.1.1 - https:\/\/yoast.com\/wordpress\/plugins\/seo\/ -->\n<title>Lots de Nadal - Regala Espatlla Ib\u00e8rica - Descobreix-nos<\/title>\n<meta name=\"description\" content=\"Compra Espatlla 100 % Ib\u00e8rica. Aquest any m\u00e9s que mai ajudem al sector primari. Lots de Nadal amb espatlla ib\u00e8rica. Fes la teva comanda!\" \/>\n<meta name=\"robots\" content=\"index, follow, max-snippet:-1, max-image-preview:large, max-video-preview:-1\" \/>\n<link rel=\"canonical\" href=\"https:\/\/barcelona-discovery.com\/ca\/producte\/espatlla-iberica\/\" \/>\n<meta property=\"og:locale\" content=\"ca_ES\" \/>\n<meta property=\"og:type\" content=\"article\" \/>\n<meta property=\"og:title\" content=\"Lots de Nadal - Regala Espatlla Ib\u00e8rica - Descobreix-nos\" \/>\n<meta property=\"og:description\" content=\"Compra Espatlla 100 % Ib\u00e8rica. Aquest any m\u00e9s que mai ajudem al sector primari. Lots de Nadal amb espatlla ib\u00e8rica. Fes la teva comanda!\" \/>\n<meta property=\"og:url\" content=\"https:\/\/barcelona-discovery.com\/ca\/producte\/espatlla-iberica\/\" \/>\n<meta property=\"og:site_name\" content=\"Barcelona Discovery\" \/>\n<meta property=\"article:publisher\" content=\"https:\/\/www.facebook.com\/BarcelonaDiscovery\/\" \/>\n<meta property=\"article:modified_time\" content=\"2024-11-07T17:34:02+00:00\" \/>\n<meta property=\"og:image\" content=\"https:\/\/barcelona-discovery.com\/wp-content\/uploads\/2020\/11\/JAMON-IBERICO-4.jpg\" \/>\n\t<meta property=\"og:image:width\" content=\"600\" \/>\n\t<meta property=\"og:image:height\" content=\"360\" \/>\n\t<meta property=\"og:image:type\" content=\"image\/jpeg\" \/>\n<meta name=\"twitter:card\" content=\"summary_large_image\" \/>\n<meta name=\"twitter:site\" content=\"@bcn_discovery\" \/>\n<meta name=\"twitter:label1\" content=\"Temps estimat de lectura\" \/>\n\t<meta name=\"twitter:data1\" content=\"1 minut\" \/>\n<script type=\"application\/ld+json\" class=\"yoast-schema-graph\">{\"@context\":\"https:\/\/schema.org\",\"@graph\":[{\"@type\":\"WebPage\",\"@id\":\"https:\/\/barcelona-discovery.com\/ca\/producte\/espatlla-iberica\/\",\"url\":\"https:\/\/barcelona-discovery.com\/ca\/producte\/espatlla-iberica\/\",\"name\":\"Lots de Nadal - Regala Espatlla Ib\u00e8rica - Descobreix-nos\",\"isPartOf\":{\"@id\":\"https:\/\/barcelona-discovery.com\/#website\"},\"primaryImageOfPage\":{\"@id\":\"https:\/\/barcelona-discovery.com\/ca\/producte\/espatlla-iberica\/#primaryimage\"},\"image\":{\"@id\":\"https:\/\/barcelona-discovery.com\/ca\/producte\/espatlla-iberica\/#primaryimage\"},\"thumbnailUrl\":\"https:\/\/barcelona-discovery.com\/wp-content\/uploads\/2020\/11\/JAMON-IBERICO-4.jpg\",\"datePublished\":\"2020-11-10T17:35:24+00:00\",\"dateModified\":\"2024-11-07T17:34:02+00:00\",\"description\":\"Compra Espatlla 100 % Ib\u00e8rica. Aquest any m\u00e9s que mai ajudem al sector primari. Lots de Nadal amb espatlla ib\u00e8rica. Fes la teva comanda!\",\"breadcrumb\":{\"@id\":\"https:\/\/barcelona-discovery.com\/ca\/producte\/espatlla-iberica\/#breadcrumb\"},\"inLanguage\":\"ca\",\"potentialAction\":[{\"@type\":\"ReadAction\",\"target\":[\"https:\/\/barcelona-discovery.com\/ca\/producte\/espatlla-iberica\/\"]}]},{\"@type\":\"ImageObject\",\"inLanguage\":\"ca\",\"@id\":\"https:\/\/barcelona-discovery.com\/ca\/producte\/espatlla-iberica\/#primaryimage\",\"url\":\"https:\/\/barcelona-discovery.com\/wp-content\/uploads\/2020\/11\/JAMON-IBERICO-4.jpg\",\"contentUrl\":\"https:\/\/barcelona-discovery.com\/wp-content\/uploads\/2020\/11\/JAMON-IBERICO-4.jpg\",\"width\":600,\"height\":360},{\"@type\":\"BreadcrumbList\",\"@id\":\"https:\/\/barcelona-discovery.com\/ca\/producte\/espatlla-iberica\/#breadcrumb\",\"itemListElement\":[{\"@type\":\"ListItem\",\"position\":1,\"name\":\"Home\",\"item\":\"https:\/\/barcelona-discovery.com\/ca\/\"},{\"@type\":\"ListItem\",\"position\":2,\"name\":\"Tours\",\"item\":\"https:\/\/barcelona-discovery.com\/tours\/\"},{\"@type\":\"ListItem\",\"position\":3,\"name\":\"Espatlla Ib\u00e8rica\"}]},{\"@type\":\"WebSite\",\"@id\":\"https:\/\/barcelona-discovery.com\/#website\",\"url\":\"https:\/\/barcelona-discovery.com\/\",\"name\":\"Barcelona Discovery\",\"description\":\"Private Tours around Barcelona\",\"publisher\":{\"@id\":\"https:\/\/barcelona-discovery.com\/#organization\"},\"potentialAction\":[{\"@type\":\"SearchAction\",\"target\":{\"@type\":\"EntryPoint\",\"urlTemplate\":\"https:\/\/barcelona-discovery.com\/?s={search_term_string}\"},\"query-input\":{\"@type\":\"PropertyValueSpecification\",\"valueRequired\":true,\"valueName\":\"search_term_string\"}}],\"inLanguage\":\"ca\"},{\"@type\":\"Organization\",\"@id\":\"https:\/\/barcelona-discovery.com\/#organization\",\"name\":\"Barcelona Discovery\",\"url\":\"https:\/\/barcelona-discovery.com\/\",\"logo\":{\"@type\":\"ImageObject\",\"inLanguage\":\"ca\",\"@id\":\"https:\/\/barcelona-discovery.com\/#\/schema\/logo\/image\/\",\"url\":\"https:\/\/barcelona-discovery.com\/wp-content\/uploads\/2024\/02\/logo-linkein.jpg\",\"contentUrl\":\"https:\/\/barcelona-discovery.com\/wp-content\/uploads\/2024\/02\/logo-linkein.jpg\",\"width\":300,\"height\":300,\"caption\":\"Barcelona Discovery\"},\"image\":{\"@id\":\"https:\/\/barcelona-discovery.com\/#\/schema\/logo\/image\/\"},\"sameAs\":[\"https:\/\/www.facebook.com\/BarcelonaDiscovery\/\",\"https:\/\/x.com\/bcn_discovery\",\"https:\/\/www.instagram.com\/barcelonadiscovery\/\",\"https:\/\/www.youtube.com\/channel\/UCwpragtLkdmFTHCzinFQG_g\"]}]}<\/script>\n<!-- \/ Yoast SEO plugin. -->","yoast_head_json":{"title":"Lots de Nadal - Regala Espatlla Ib\u00e8rica - Descobreix-nos","description":"Compra Espatlla 100 % Ib\u00e8rica. Aquest any m\u00e9s que mai ajudem al sector primari. Lots de Nadal amb espatlla ib\u00e8rica. Fes la teva comanda!","robots":{"index":"index","follow":"follow","max-snippet":"max-snippet:-1","max-image-preview":"max-image-preview:large","max-video-preview":"max-video-preview:-1"},"canonical":"https:\/\/barcelona-discovery.com\/ca\/producte\/espatlla-iberica\/","og_locale":"ca_ES","og_type":"article","og_title":"Lots de Nadal - Regala Espatlla Ib\u00e8rica - Descobreix-nos","og_description":"Compra Espatlla 100 % Ib\u00e8rica. Aquest any m\u00e9s que mai ajudem al sector primari. Lots de Nadal amb espatlla ib\u00e8rica. Fes la teva comanda!","og_url":"https:\/\/barcelona-discovery.com\/ca\/producte\/espatlla-iberica\/","og_site_name":"Barcelona Discovery","article_publisher":"https:\/\/www.facebook.com\/BarcelonaDiscovery\/","article_modified_time":"2024-11-07T17:34:02+00:00","og_image":[{"width":600,"height":360,"url":"https:\/\/barcelona-discovery.com\/wp-content\/uploads\/2020\/11\/JAMON-IBERICO-4.jpg","type":"image\/jpeg"}],"twitter_card":"summary_large_image","twitter_site":"@bcn_discovery","twitter_misc":{"Temps estimat de lectura":"1 minut"},"schema":{"@context":"https:\/\/schema.org","@graph":[{"@type":"WebPage","@id":"https:\/\/barcelona-discovery.com\/ca\/producte\/espatlla-iberica\/","url":"https:\/\/barcelona-discovery.com\/ca\/producte\/espatlla-iberica\/","name":"Lots de Nadal - Regala Espatlla Ib\u00e8rica - Descobreix-nos","isPartOf":{"@id":"https:\/\/barcelona-discovery.com\/#website"},"primaryImageOfPage":{"@id":"https:\/\/barcelona-discovery.com\/ca\/producte\/espatlla-iberica\/#primaryimage"},"image":{"@id":"https:\/\/barcelona-discovery.com\/ca\/producte\/espatlla-iberica\/#primaryimage"},"thumbnailUrl":"https:\/\/barcelona-discovery.com\/wp-content\/uploads\/2020\/11\/JAMON-IBERICO-4.jpg","datePublished":"2020-11-10T17:35:24+00:00","dateModified":"2024-11-07T17:34:02+00:00","description":"Compra Espatlla 100 % Ib\u00e8rica. Aquest any m\u00e9s que mai ajudem al sector primari. Lots de Nadal amb espatlla ib\u00e8rica. Fes la teva comanda!","breadcrumb":{"@id":"https:\/\/barcelona-discovery.com\/ca\/producte\/espatlla-iberica\/#breadcrumb"},"inLanguage":"ca","potentialAction":[{"@type":"ReadAction","target":["https:\/\/barcelona-discovery.com\/ca\/producte\/espatlla-iberica\/"]}]},{"@type":"ImageObject","inLanguage":"ca","@id":"https:\/\/barcelona-discovery.com\/ca\/producte\/espatlla-iberica\/#primaryimage","url":"https:\/\/barcelona-discovery.com\/wp-content\/uploads\/2020\/11\/JAMON-IBERICO-4.jpg","contentUrl":"https:\/\/barcelona-discovery.com\/wp-content\/uploads\/2020\/11\/JAMON-IBERICO-4.jpg","width":600,"height":360},{"@type":"BreadcrumbList","@id":"https:\/\/barcelona-discovery.com\/ca\/producte\/espatlla-iberica\/#breadcrumb","itemListElement":[{"@type":"ListItem","position":1,"name":"Home","item":"https:\/\/barcelona-discovery.com\/ca\/"},{"@type":"ListItem","position":2,"name":"Tours","item":"https:\/\/barcelona-discovery.com\/tours\/"},{"@type":"ListItem","position":3,"name":"Espatlla Ib\u00e8rica"}]},{"@type":"WebSite","@id":"https:\/\/barcelona-discovery.com\/#website","url":"https:\/\/barcelona-discovery.com\/","name":"Barcelona Discovery","description":"Private Tours around Barcelona","publisher":{"@id":"https:\/\/barcelona-discovery.com\/#organization"},"potentialAction":[{"@type":"SearchAction","target":{"@type":"EntryPoint","urlTemplate":"https:\/\/barcelona-discovery.com\/?s={search_term_string}"},"query-input":{"@type":"PropertyValueSpecification","valueRequired":true,"valueName":"search_term_string"}}],"inLanguage":"ca"},{"@type":"Organization","@id":"https:\/\/barcelona-discovery.com\/#organization","name":"Barcelona Discovery","url":"https:\/\/barcelona-discovery.com\/","logo":{"@type":"ImageObject","inLanguage":"ca","@id":"https:\/\/barcelona-discovery.com\/#\/schema\/logo\/image\/","url":"https:\/\/barcelona-discovery.com\/wp-content\/uploads\/2024\/02\/logo-linkein.jpg","contentUrl":"https:\/\/barcelona-discovery.com\/wp-content\/uploads\/2024\/02\/logo-linkein.jpg","width":300,"height":300,"caption":"Barcelona Discovery"},"image":{"@id":"https:\/\/barcelona-discovery.com\/#\/schema\/logo\/image\/"},"sameAs":["https:\/\/www.facebook.com\/BarcelonaDiscovery\/","https:\/\/x.com\/bcn_discovery","https:\/\/www.instagram.com\/barcelonadiscovery\/","https:\/\/www.youtube.com\/channel\/UCwpragtLkdmFTHCzinFQG_g"]}]}},"_links":{"self":[{"href":"https:\/\/barcelona-discovery.com\/ca\/wp-json\/wp\/v2\/product\/6239","targetHints":{"allow":["GET"]}}],"collection":[{"href":"https:\/\/barcelona-discovery.com\/ca\/wp-json\/wp\/v2\/product"}],"about":[{"href":"https:\/\/barcelona-discovery.com\/ca\/wp-json\/wp\/v2\/types\/product"}],"replies":[{"embeddable":true,"href":"https:\/\/barcelona-discovery.com\/ca\/wp-json\/wp\/v2\/comments?post=6239"}],"wp:featuredmedia":[{"embeddable":true,"href":"https:\/\/barcelona-discovery.com\/ca\/wp-json\/wp\/v2\/media\/6241"}],"wp:attachment":[{"href":"https:\/\/barcelona-discovery.com\/ca\/wp-json\/wp\/v2\/media?parent=6239"}],"wp:term":[{"taxonomy":"product_brand","embeddable":true,"href":"https:\/\/barcelona-discovery.com\/ca\/wp-json\/wp\/v2\/product_brand?post=6239"},{"taxonomy":"product_cat","embeddable":true,"href":"https:\/\/barcelona-discovery.com\/ca\/wp-json\/wp\/v2\/product_cat?post=6239"},{"taxonomy":"product_tag","embeddable":true,"href":"https:\/\/barcelona-discovery.com\/ca\/wp-json\/wp\/v2\/product_tag?post=6239"}],"curies":[{"name":"wp","href":"https:\/\/api.w.org\/{rel}","templated":true}]}}