{"id":6356,"date":"2020-11-24T13:49:29","date_gmt":"2020-11-24T12:49:29","guid":{"rendered":"https:\/\/barcelona-discovery.com\/?post_type=product&#038;p=6356"},"modified":"2021-02-02T19:01:02","modified_gmt":"2021-02-02T18:01:02","slug":"reportatge-fotografic-a-la-natura","status":"publish","type":"product","link":"https:\/\/barcelona-discovery.com\/ca\/tours\/reportatge-fotografic-a-la-natura\/","title":{"rendered":"Reportatge Fotogr\u00e0fic a la Natura"},"content":{"rendered":"<p>Les <strong>sessions de fotografia en entorns naturals<\/strong> ens desperten tota la creativitat.Els nens mantenen un vincle amb la natura. Les <strong>sessions creatives en fam\u00edlia<\/strong>, s\u00f3n el moment de tenir un record de fam\u00edlia, i de passar una estona divertida.<\/p>\n<p>La fot\u00f2grafa<strong> Vivian Lyon<\/strong> busca els millors entorns naturals per a les fotografies; boscos, rieres a l\u2019estiu, grans paisatges, prats florits a la primavera, colors de tardor, arbres especials\u2026 cada \u00e8poca de l\u2019any t\u00e9 els seus colors, el seu encant, i coneixem b\u00e9 cada rac\u00f3.<\/p>\n<p>A <strong>les sessions en plena natura<\/strong> els nens no se senten acorralats entre una c\u00e0mera i molts flaixos; els deixem que explorin, que es moguin, que descansin. Es fotografiaran en alguns posats que la fot\u00f3grafa Vivian te preparats, per\u00f2 quedar\u00e0 molt de lloc per a l\u2019espontane\u00eftat. Sovint les millors fotos s\u00f3n les que nosaltres mai ens haur\u00edem imaginat.<\/p>\n<p>Tamb\u00e9 oferim s<strong>essions d\u2019embar\u00e0s i nounats, en plena natura<\/strong>. Esperar l\u2019arribada del teu nad\u00f3 \u00e9s molt emocionant, i m\u00e9s quan el seu germ\u00e0 gran es mor de ganes de con\u00e8ixer-la. Les sessions d\u2019embar\u00e0s amb els futurs germans grans s\u00f3n molt divertides i desprenen molt de carinyo<\/p>\n<p>Demana&#8217;ns pressupost<\/p>\n","protected":false},"excerpt":{"rendered":"<p><strong>Escull el millor reportatge per tu enmig de la natura &#8211; Retrats en fam\u00edlia, embar\u00e0s, nounats,&#8230;<\/strong><\/p>\n","protected":false},"featured_media":6373,"comment_status":"open","ping_status":"closed","template":"","meta":[],"product_brand":[],"product_cat":[297],"product_tag":[],"class_list":{"0":"post-6356","1":"product","2":"type-product","3":"status-publish","4":"has-post-thumbnail","6":"product_cat-uncategorized","7":"pa_tour-types-land-experiences-activitats-a-la-natura","9":"first","10":"instock","11":"shipping-taxable","12":"purchasable","13":"product-type-tour_phys"},"yoast_head":"<!-- This site is optimized with the Yoast SEO plugin v26.1.1 - https:\/\/yoast.com\/wordpress\/plugins\/seo\/ -->\n<title>Reportatges Fotogr\u00e0fics a la Natura - Regala&#039;t experi\u00e8ncies inolvidables<\/title>\n<meta name=\"description\" content=\"Reportatges fotogr\u00e0fics a la natura. Les sessions de fotografia en entorns naturals ens desperten tota la creativitat. Escull el teu reportatge, retrats de familia, embaras, nounats....\" \/>\n<meta name=\"robots\" content=\"index, follow, max-snippet:-1, max-image-preview:large, max-video-preview:-1\" \/>\n<link rel=\"canonical\" href=\"https:\/\/barcelona-discovery.com\/ca\/producte\/reportatge-fotografic-a-la-natura\/\" \/>\n<meta property=\"og:locale\" content=\"ca_ES\" \/>\n<meta property=\"og:type\" content=\"article\" \/>\n<meta property=\"og:title\" content=\"Reportatges Fotogr\u00e0fics a la Natura - Regala&#039;t experi\u00e8ncies inolvidables\" \/>\n<meta property=\"og:description\" content=\"Reportatges fotogr\u00e0fics a la natura. Les sessions de fotografia en entorns naturals ens desperten tota la creativitat. Escull el teu reportatge, retrats de familia, embaras, nounats....\" \/>\n<meta property=\"og:url\" content=\"https:\/\/barcelona-discovery.com\/ca\/producte\/reportatge-fotografic-a-la-natura\/\" \/>\n<meta property=\"og:site_name\" content=\"Barcelona Discovery\" \/>\n<meta property=\"article:publisher\" content=\"https:\/\/www.facebook.com\/BarcelonaDiscovery\/\" \/>\n<meta property=\"article:modified_time\" content=\"2021-02-02T18:01:02+00:00\" \/>\n<meta property=\"og:image\" content=\"https:\/\/barcelona-discovery.com\/wp-content\/uploads\/2020\/11\/sessio-de-fotografia.jpg\" \/>\n\t<meta property=\"og:image:width\" content=\"1366\" \/>\n\t<meta property=\"og:image:height\" content=\"768\" \/>\n\t<meta property=\"og:image:type\" content=\"image\/jpeg\" \/>\n<meta name=\"twitter:card\" content=\"summary_large_image\" \/>\n<meta name=\"twitter:site\" content=\"@bcn_discovery\" \/>\n<meta name=\"twitter:label1\" content=\"Temps estimat de lectura\" \/>\n\t<meta name=\"twitter:data1\" content=\"1 minut\" \/>\n<script type=\"application\/ld+json\" class=\"yoast-schema-graph\">{\"@context\":\"https:\/\/schema.org\",\"@graph\":[{\"@type\":\"WebPage\",\"@id\":\"https:\/\/barcelona-discovery.com\/ca\/producte\/reportatge-fotografic-a-la-natura\/\",\"url\":\"https:\/\/barcelona-discovery.com\/ca\/producte\/reportatge-fotografic-a-la-natura\/\",\"name\":\"Reportatges Fotogr\u00e0fics a la Natura - Regala't experi\u00e8ncies inolvidables\",\"isPartOf\":{\"@id\":\"https:\/\/barcelona-discovery.com\/#website\"},\"primaryImageOfPage\":{\"@id\":\"https:\/\/barcelona-discovery.com\/ca\/producte\/reportatge-fotografic-a-la-natura\/#primaryimage\"},\"image\":{\"@id\":\"https:\/\/barcelona-discovery.com\/ca\/producte\/reportatge-fotografic-a-la-natura\/#primaryimage\"},\"thumbnailUrl\":\"https:\/\/barcelona-discovery.com\/wp-content\/uploads\/2020\/11\/sessio-de-fotografia.jpg\",\"datePublished\":\"2020-11-24T12:49:29+00:00\",\"dateModified\":\"2021-02-02T18:01:02+00:00\",\"description\":\"Reportatges fotogr\u00e0fics a la natura. Les sessions de fotografia en entorns naturals ens desperten tota la creativitat. Escull el teu reportatge, retrats de familia, embaras, nounats....\",\"breadcrumb\":{\"@id\":\"https:\/\/barcelona-discovery.com\/ca\/producte\/reportatge-fotografic-a-la-natura\/#breadcrumb\"},\"inLanguage\":\"ca\",\"potentialAction\":[{\"@type\":\"ReadAction\",\"target\":[\"https:\/\/barcelona-discovery.com\/ca\/producte\/reportatge-fotografic-a-la-natura\/\"]}]},{\"@type\":\"ImageObject\",\"inLanguage\":\"ca\",\"@id\":\"https:\/\/barcelona-discovery.com\/ca\/producte\/reportatge-fotografic-a-la-natura\/#primaryimage\",\"url\":\"https:\/\/barcelona-discovery.com\/wp-content\/uploads\/2020\/11\/sessio-de-fotografia.jpg\",\"contentUrl\":\"https:\/\/barcelona-discovery.com\/wp-content\/uploads\/2020\/11\/sessio-de-fotografia.jpg\",\"width\":1366,\"height\":768},{\"@type\":\"BreadcrumbList\",\"@id\":\"https:\/\/barcelona-discovery.com\/ca\/producte\/reportatge-fotografic-a-la-natura\/#breadcrumb\",\"itemListElement\":[{\"@type\":\"ListItem\",\"position\":1,\"name\":\"Home\",\"item\":\"https:\/\/barcelona-discovery.com\/ca\/\"},{\"@type\":\"ListItem\",\"position\":2,\"name\":\"Tours\",\"item\":\"https:\/\/barcelona-discovery.com\/tours\/\"},{\"@type\":\"ListItem\",\"position\":3,\"name\":\"Reportatge Fotogr\u00e0fic a la Natura\"}]},{\"@type\":\"WebSite\",\"@id\":\"https:\/\/barcelona-discovery.com\/#website\",\"url\":\"https:\/\/barcelona-discovery.com\/\",\"name\":\"Barcelona Discovery\",\"description\":\"Private Tours around Barcelona\",\"publisher\":{\"@id\":\"https:\/\/barcelona-discovery.com\/#organization\"},\"potentialAction\":[{\"@type\":\"SearchAction\",\"target\":{\"@type\":\"EntryPoint\",\"urlTemplate\":\"https:\/\/barcelona-discovery.com\/?s={search_term_string}\"},\"query-input\":{\"@type\":\"PropertyValueSpecification\",\"valueRequired\":true,\"valueName\":\"search_term_string\"}}],\"inLanguage\":\"ca\"},{\"@type\":\"Organization\",\"@id\":\"https:\/\/barcelona-discovery.com\/#organization\",\"name\":\"Barcelona Discovery\",\"url\":\"https:\/\/barcelona-discovery.com\/\",\"logo\":{\"@type\":\"ImageObject\",\"inLanguage\":\"ca\",\"@id\":\"https:\/\/barcelona-discovery.com\/#\/schema\/logo\/image\/\",\"url\":\"https:\/\/barcelona-discovery.com\/wp-content\/uploads\/2024\/02\/logo-linkein.jpg\",\"contentUrl\":\"https:\/\/barcelona-discovery.com\/wp-content\/uploads\/2024\/02\/logo-linkein.jpg\",\"width\":300,\"height\":300,\"caption\":\"Barcelona Discovery\"},\"image\":{\"@id\":\"https:\/\/barcelona-discovery.com\/#\/schema\/logo\/image\/\"},\"sameAs\":[\"https:\/\/www.facebook.com\/BarcelonaDiscovery\/\",\"https:\/\/x.com\/bcn_discovery\",\"https:\/\/www.instagram.com\/barcelonadiscovery\/\",\"https:\/\/www.youtube.com\/channel\/UCwpragtLkdmFTHCzinFQG_g\"]}]}<\/script>\n<!-- \/ Yoast SEO plugin. -->","yoast_head_json":{"title":"Reportatges Fotogr\u00e0fics a la Natura - Regala't experi\u00e8ncies inolvidables","description":"Reportatges fotogr\u00e0fics a la natura. Les sessions de fotografia en entorns naturals ens desperten tota la creativitat. Escull el teu reportatge, retrats de familia, embaras, nounats....","robots":{"index":"index","follow":"follow","max-snippet":"max-snippet:-1","max-image-preview":"max-image-preview:large","max-video-preview":"max-video-preview:-1"},"canonical":"https:\/\/barcelona-discovery.com\/ca\/producte\/reportatge-fotografic-a-la-natura\/","og_locale":"ca_ES","og_type":"article","og_title":"Reportatges Fotogr\u00e0fics a la Natura - Regala't experi\u00e8ncies inolvidables","og_description":"Reportatges fotogr\u00e0fics a la natura. Les sessions de fotografia en entorns naturals ens desperten tota la creativitat. Escull el teu reportatge, retrats de familia, embaras, nounats....","og_url":"https:\/\/barcelona-discovery.com\/ca\/producte\/reportatge-fotografic-a-la-natura\/","og_site_name":"Barcelona Discovery","article_publisher":"https:\/\/www.facebook.com\/BarcelonaDiscovery\/","article_modified_time":"2021-02-02T18:01:02+00:00","og_image":[{"width":1366,"height":768,"url":"https:\/\/barcelona-discovery.com\/wp-content\/uploads\/2020\/11\/sessio-de-fotografia.jpg","type":"image\/jpeg"}],"twitter_card":"summary_large_image","twitter_site":"@bcn_discovery","twitter_misc":{"Temps estimat de lectura":"1 minut"},"schema":{"@context":"https:\/\/schema.org","@graph":[{"@type":"WebPage","@id":"https:\/\/barcelona-discovery.com\/ca\/producte\/reportatge-fotografic-a-la-natura\/","url":"https:\/\/barcelona-discovery.com\/ca\/producte\/reportatge-fotografic-a-la-natura\/","name":"Reportatges Fotogr\u00e0fics a la Natura - Regala't experi\u00e8ncies inolvidables","isPartOf":{"@id":"https:\/\/barcelona-discovery.com\/#website"},"primaryImageOfPage":{"@id":"https:\/\/barcelona-discovery.com\/ca\/producte\/reportatge-fotografic-a-la-natura\/#primaryimage"},"image":{"@id":"https:\/\/barcelona-discovery.com\/ca\/producte\/reportatge-fotografic-a-la-natura\/#primaryimage"},"thumbnailUrl":"https:\/\/barcelona-discovery.com\/wp-content\/uploads\/2020\/11\/sessio-de-fotografia.jpg","datePublished":"2020-11-24T12:49:29+00:00","dateModified":"2021-02-02T18:01:02+00:00","description":"Reportatges fotogr\u00e0fics a la natura. Les sessions de fotografia en entorns naturals ens desperten tota la creativitat. Escull el teu reportatge, retrats de familia, embaras, nounats....","breadcrumb":{"@id":"https:\/\/barcelona-discovery.com\/ca\/producte\/reportatge-fotografic-a-la-natura\/#breadcrumb"},"inLanguage":"ca","potentialAction":[{"@type":"ReadAction","target":["https:\/\/barcelona-discovery.com\/ca\/producte\/reportatge-fotografic-a-la-natura\/"]}]},{"@type":"ImageObject","inLanguage":"ca","@id":"https:\/\/barcelona-discovery.com\/ca\/producte\/reportatge-fotografic-a-la-natura\/#primaryimage","url":"https:\/\/barcelona-discovery.com\/wp-content\/uploads\/2020\/11\/sessio-de-fotografia.jpg","contentUrl":"https:\/\/barcelona-discovery.com\/wp-content\/uploads\/2020\/11\/sessio-de-fotografia.jpg","width":1366,"height":768},{"@type":"BreadcrumbList","@id":"https:\/\/barcelona-discovery.com\/ca\/producte\/reportatge-fotografic-a-la-natura\/#breadcrumb","itemListElement":[{"@type":"ListItem","position":1,"name":"Home","item":"https:\/\/barcelona-discovery.com\/ca\/"},{"@type":"ListItem","position":2,"name":"Tours","item":"https:\/\/barcelona-discovery.com\/tours\/"},{"@type":"ListItem","position":3,"name":"Reportatge Fotogr\u00e0fic a la Natura"}]},{"@type":"WebSite","@id":"https:\/\/barcelona-discovery.com\/#website","url":"https:\/\/barcelona-discovery.com\/","name":"Barcelona Discovery","description":"Private Tours around Barcelona","publisher":{"@id":"https:\/\/barcelona-discovery.com\/#organization"},"potentialAction":[{"@type":"SearchAction","target":{"@type":"EntryPoint","urlTemplate":"https:\/\/barcelona-discovery.com\/?s={search_term_string}"},"query-input":{"@type":"PropertyValueSpecification","valueRequired":true,"valueName":"search_term_string"}}],"inLanguage":"ca"},{"@type":"Organization","@id":"https:\/\/barcelona-discovery.com\/#organization","name":"Barcelona Discovery","url":"https:\/\/barcelona-discovery.com\/","logo":{"@type":"ImageObject","inLanguage":"ca","@id":"https:\/\/barcelona-discovery.com\/#\/schema\/logo\/image\/","url":"https:\/\/barcelona-discovery.com\/wp-content\/uploads\/2024\/02\/logo-linkein.jpg","contentUrl":"https:\/\/barcelona-discovery.com\/wp-content\/uploads\/2024\/02\/logo-linkein.jpg","width":300,"height":300,"caption":"Barcelona Discovery"},"image":{"@id":"https:\/\/barcelona-discovery.com\/#\/schema\/logo\/image\/"},"sameAs":["https:\/\/www.facebook.com\/BarcelonaDiscovery\/","https:\/\/x.com\/bcn_discovery","https:\/\/www.instagram.com\/barcelonadiscovery\/","https:\/\/www.youtube.com\/channel\/UCwpragtLkdmFTHCzinFQG_g"]}]}},"_links":{"self":[{"href":"https:\/\/barcelona-discovery.com\/ca\/wp-json\/wp\/v2\/product\/6356","targetHints":{"allow":["GET"]}}],"collection":[{"href":"https:\/\/barcelona-discovery.com\/ca\/wp-json\/wp\/v2\/product"}],"about":[{"href":"https:\/\/barcelona-discovery.com\/ca\/wp-json\/wp\/v2\/types\/product"}],"replies":[{"embeddable":true,"href":"https:\/\/barcelona-discovery.com\/ca\/wp-json\/wp\/v2\/comments?post=6356"}],"wp:featuredmedia":[{"embeddable":true,"href":"https:\/\/barcelona-discovery.com\/ca\/wp-json\/wp\/v2\/media\/6373"}],"wp:attachment":[{"href":"https:\/\/barcelona-discovery.com\/ca\/wp-json\/wp\/v2\/media?parent=6356"}],"wp:term":[{"taxonomy":"product_brand","embeddable":true,"href":"https:\/\/barcelona-discovery.com\/ca\/wp-json\/wp\/v2\/product_brand?post=6356"},{"taxonomy":"product_cat","embeddable":true,"href":"https:\/\/barcelona-discovery.com\/ca\/wp-json\/wp\/v2\/product_cat?post=6356"},{"taxonomy":"product_tag","embeddable":true,"href":"https:\/\/barcelona-discovery.com\/ca\/wp-json\/wp\/v2\/product_tag?post=6356"}],"curies":[{"name":"wp","href":"https:\/\/api.w.org\/{rel}","templated":true}]}}