{"id":6464,"date":"2020-12-24T10:34:12","date_gmt":"2020-12-24T09:34:12","guid":{"rendered":"https:\/\/barcelona-discovery.com\/?post_type=product&#038;p=6464"},"modified":"2024-01-15T10:50:15","modified_gmt":"2024-01-15T09:50:15","slug":"vol-en-globus-pel-bages","status":"publish","type":"product","link":"https:\/\/barcelona-discovery.com\/ca\/tours\/vol-en-globus-pel-bages\/","title":{"rendered":"Vol en Globus pel Bages"},"content":{"rendered":"<p>&nbsp;<\/p>\n<p><strong>Descobreixi<\/strong> l\u2019experi\u00e8ncia de sobrevolar <b>al Bages, al cor de Catalunta.<\/b>\u00a0Un<strong> vol amb globus<\/strong> \u00e9s una manera diferent de fer turisme. Despla\u00e7ar-se per l\u2019aire enmig de la quietud i el silenci del cel us far\u00e0 sentir lliures i relaxats. Aquesta experi\u00e8ncia \u00e9s<strong> ideal per a amants de la natura<\/strong> i per als que busquen <strong>noves sensacions<\/strong>, doncs un <strong>vol amb globus<\/strong> ofereix una panor\u00e0mica de 360\u00ba sobre el paisatge. En dies clars, veurem des d<strong>e Montserrat fins a la Mar Mediterr\u00e0nia, amb els pirineus\u00a0 al fons i els volcans sota nostre.<\/strong><\/p>\n<p>L\u2019activitat comen\u00e7a a trenc d\u2019alba (estiu a les 7:00, primavera i tardor a les 7:30 i hivern a les 8:00). Mentre es <strong>prepara el globus per volar,<\/strong> podreu gaudir d\u2019una bona tassa de caf\u00e8, fer les fotos que us plagui o si es vol donar-nos un cop de m\u00e0 per inflar el globus. Durant el vol, el vent decidir\u00e0 quin trajecte fem durant una hora i mitja aproximadament. Un cop enlairats, prendrem una copa de cava rosat, beguda que marida amb el paisatge volc\u00e0nic que sobrevolarem, i coca de llardons.<\/p>\n<p>Volar en globus al Bages, permet gaudir de les vistes de la cara nord de la <strong>m\u00e0gica muntanya de Montserrat<\/strong>. Des de l\u2019aire es podr\u00e0 gaudir d\u2019una terra de contrastos, boscos mediterranis, camps de cultiu de blat i ordi, vinyes i granges. Les vistes no deixen indiferent a qui ho pot gaudir des de l\u2019aire.<\/p>\n","protected":false},"excerpt":{"rendered":"<p><strong>Descobreix l&#8217; experi\u00e8ncia de sobrevolar en globus pel Bag\u00e9s<\/strong><\/p>\n","protected":false},"featured_media":2007,"comment_status":"open","ping_status":"closed","template":"","meta":[],"product_brand":[],"product_cat":[120],"product_tag":[],"class_list":{"0":"post-6464","1":"product","2":"type-product","3":"status-publish","4":"has-post-thumbnail","6":"product_cat-experiencies-aeries","8":"first","9":"instock","10":"shipping-taxable","11":"purchasable","12":"product-type-tour_phys"},"yoast_head":"<!-- This site is optimized with the Yoast SEO plugin v26.1.1 - https:\/\/yoast.com\/wordpress\/plugins\/seo\/ -->\n<title>Vol en Globus pel Bages Regala o reserva el teu vol<\/title>\n<meta name=\"description\" content=\"Volar en globus al Bages, al cor de Catalunya, permet gaudir de les vistes de la cara nord de la m\u00e0gica muntanya de Montserrat.Les vistes no deixen indiferent a qui ho pot gaudir des de l\u2019aire.\" \/>\n<meta name=\"robots\" content=\"index, follow, max-snippet:-1, max-image-preview:large, max-video-preview:-1\" \/>\n<link rel=\"canonical\" href=\"https:\/\/barcelona-discovery.com\/ca\/shop\/vol-en-globus-pel-bages\/\" \/>\n<meta property=\"og:locale\" content=\"ca_ES\" \/>\n<meta property=\"og:type\" content=\"article\" \/>\n<meta property=\"og:title\" content=\"Vol en Globus pel Bages Regala o reserva el teu vol\" \/>\n<meta property=\"og:description\" content=\"Volar en globus al Bages, al cor de Catalunya, permet gaudir de les vistes de la cara nord de la m\u00e0gica muntanya de Montserrat.Les vistes no deixen indiferent a qui ho pot gaudir des de l\u2019aire.\" \/>\n<meta property=\"og:url\" content=\"https:\/\/barcelona-discovery.com\/ca\/shop\/vol-en-globus-pel-bages\/\" \/>\n<meta property=\"og:site_name\" content=\"Barcelona Discovery\" \/>\n<meta property=\"article:publisher\" content=\"https:\/\/www.facebook.com\/BarcelonaDiscovery\/\" \/>\n<meta property=\"article:modified_time\" content=\"2024-01-15T09:50:15+00:00\" \/>\n<meta property=\"og:image\" content=\"https:\/\/barcelona-discovery.com\/wp-content\/uploads\/2017\/08\/NUVOLS.jpg\" \/>\n\t<meta property=\"og:image:width\" content=\"1400\" \/>\n\t<meta property=\"og:image:height\" content=\"700\" \/>\n\t<meta property=\"og:image:type\" content=\"image\/jpeg\" \/>\n<meta name=\"twitter:card\" content=\"summary_large_image\" \/>\n<meta name=\"twitter:site\" content=\"@bcn_discovery\" \/>\n<meta name=\"twitter:label1\" content=\"Temps estimat de lectura\" \/>\n\t<meta name=\"twitter:data1\" content=\"1 minut\" \/>\n<script type=\"application\/ld+json\" class=\"yoast-schema-graph\">{\"@context\":\"https:\/\/schema.org\",\"@graph\":[{\"@type\":\"WebPage\",\"@id\":\"https:\/\/barcelona-discovery.com\/ca\/shop\/vol-en-globus-pel-bages\/\",\"url\":\"https:\/\/barcelona-discovery.com\/ca\/shop\/vol-en-globus-pel-bages\/\",\"name\":\"Vol en Globus pel Bages Regala o reserva el teu vol\",\"isPartOf\":{\"@id\":\"https:\/\/barcelona-discovery.com\/#website\"},\"primaryImageOfPage\":{\"@id\":\"https:\/\/barcelona-discovery.com\/ca\/shop\/vol-en-globus-pel-bages\/#primaryimage\"},\"image\":{\"@id\":\"https:\/\/barcelona-discovery.com\/ca\/shop\/vol-en-globus-pel-bages\/#primaryimage\"},\"thumbnailUrl\":\"https:\/\/barcelona-discovery.com\/wp-content\/uploads\/2017\/08\/NUVOLS.jpg\",\"datePublished\":\"2020-12-24T09:34:12+00:00\",\"dateModified\":\"2024-01-15T09:50:15+00:00\",\"description\":\"Volar en globus al Bages, al cor de Catalunya, permet gaudir de les vistes de la cara nord de la m\u00e0gica muntanya de Montserrat.Les vistes no deixen indiferent a qui ho pot gaudir des de l\u2019aire.\",\"breadcrumb\":{\"@id\":\"https:\/\/barcelona-discovery.com\/ca\/shop\/vol-en-globus-pel-bages\/#breadcrumb\"},\"inLanguage\":\"ca\",\"potentialAction\":[{\"@type\":\"ReadAction\",\"target\":[\"https:\/\/barcelona-discovery.com\/ca\/shop\/vol-en-globus-pel-bages\/\"]}]},{\"@type\":\"ImageObject\",\"inLanguage\":\"ca\",\"@id\":\"https:\/\/barcelona-discovery.com\/ca\/shop\/vol-en-globus-pel-bages\/#primaryimage\",\"url\":\"https:\/\/barcelona-discovery.com\/wp-content\/uploads\/2017\/08\/NUVOLS.jpg\",\"contentUrl\":\"https:\/\/barcelona-discovery.com\/wp-content\/uploads\/2017\/08\/NUVOLS.jpg\",\"width\":1400,\"height\":700,\"caption\":\"Vol en globus per la Garrotxa\"},{\"@type\":\"BreadcrumbList\",\"@id\":\"https:\/\/barcelona-discovery.com\/ca\/shop\/vol-en-globus-pel-bages\/#breadcrumb\",\"itemListElement\":[{\"@type\":\"ListItem\",\"position\":1,\"name\":\"Home\",\"item\":\"https:\/\/barcelona-discovery.com\/ca\/\"},{\"@type\":\"ListItem\",\"position\":2,\"name\":\"Tours\",\"item\":\"https:\/\/barcelona-discovery.com\/tours\/\"},{\"@type\":\"ListItem\",\"position\":3,\"name\":\"Vol en Globus pel Bages\"}]},{\"@type\":\"WebSite\",\"@id\":\"https:\/\/barcelona-discovery.com\/#website\",\"url\":\"https:\/\/barcelona-discovery.com\/\",\"name\":\"Barcelona Discovery\",\"description\":\"Private Tours around Barcelona\",\"publisher\":{\"@id\":\"https:\/\/barcelona-discovery.com\/#organization\"},\"potentialAction\":[{\"@type\":\"SearchAction\",\"target\":{\"@type\":\"EntryPoint\",\"urlTemplate\":\"https:\/\/barcelona-discovery.com\/?s={search_term_string}\"},\"query-input\":{\"@type\":\"PropertyValueSpecification\",\"valueRequired\":true,\"valueName\":\"search_term_string\"}}],\"inLanguage\":\"ca\"},{\"@type\":\"Organization\",\"@id\":\"https:\/\/barcelona-discovery.com\/#organization\",\"name\":\"Barcelona Discovery\",\"url\":\"https:\/\/barcelona-discovery.com\/\",\"logo\":{\"@type\":\"ImageObject\",\"inLanguage\":\"ca\",\"@id\":\"https:\/\/barcelona-discovery.com\/#\/schema\/logo\/image\/\",\"url\":\"https:\/\/barcelona-discovery.com\/wp-content\/uploads\/2024\/02\/logo-linkein.jpg\",\"contentUrl\":\"https:\/\/barcelona-discovery.com\/wp-content\/uploads\/2024\/02\/logo-linkein.jpg\",\"width\":300,\"height\":300,\"caption\":\"Barcelona Discovery\"},\"image\":{\"@id\":\"https:\/\/barcelona-discovery.com\/#\/schema\/logo\/image\/\"},\"sameAs\":[\"https:\/\/www.facebook.com\/BarcelonaDiscovery\/\",\"https:\/\/x.com\/bcn_discovery\",\"https:\/\/www.instagram.com\/barcelonadiscovery\/\",\"https:\/\/www.youtube.com\/channel\/UCwpragtLkdmFTHCzinFQG_g\"]}]}<\/script>\n<!-- \/ Yoast SEO plugin. -->","yoast_head_json":{"title":"Vol en Globus pel Bages Regala o reserva el teu vol","description":"Volar en globus al Bages, al cor de Catalunya, permet gaudir de les vistes de la cara nord de la m\u00e0gica muntanya de Montserrat.Les vistes no deixen indiferent a qui ho pot gaudir des de l\u2019aire.","robots":{"index":"index","follow":"follow","max-snippet":"max-snippet:-1","max-image-preview":"max-image-preview:large","max-video-preview":"max-video-preview:-1"},"canonical":"https:\/\/barcelona-discovery.com\/ca\/shop\/vol-en-globus-pel-bages\/","og_locale":"ca_ES","og_type":"article","og_title":"Vol en Globus pel Bages Regala o reserva el teu vol","og_description":"Volar en globus al Bages, al cor de Catalunya, permet gaudir de les vistes de la cara nord de la m\u00e0gica muntanya de Montserrat.Les vistes no deixen indiferent a qui ho pot gaudir des de l\u2019aire.","og_url":"https:\/\/barcelona-discovery.com\/ca\/shop\/vol-en-globus-pel-bages\/","og_site_name":"Barcelona Discovery","article_publisher":"https:\/\/www.facebook.com\/BarcelonaDiscovery\/","article_modified_time":"2024-01-15T09:50:15+00:00","og_image":[{"width":1400,"height":700,"url":"https:\/\/barcelona-discovery.com\/wp-content\/uploads\/2017\/08\/NUVOLS.jpg","type":"image\/jpeg"}],"twitter_card":"summary_large_image","twitter_site":"@bcn_discovery","twitter_misc":{"Temps estimat de lectura":"1 minut"},"schema":{"@context":"https:\/\/schema.org","@graph":[{"@type":"WebPage","@id":"https:\/\/barcelona-discovery.com\/ca\/shop\/vol-en-globus-pel-bages\/","url":"https:\/\/barcelona-discovery.com\/ca\/shop\/vol-en-globus-pel-bages\/","name":"Vol en Globus pel Bages Regala o reserva el teu vol","isPartOf":{"@id":"https:\/\/barcelona-discovery.com\/#website"},"primaryImageOfPage":{"@id":"https:\/\/barcelona-discovery.com\/ca\/shop\/vol-en-globus-pel-bages\/#primaryimage"},"image":{"@id":"https:\/\/barcelona-discovery.com\/ca\/shop\/vol-en-globus-pel-bages\/#primaryimage"},"thumbnailUrl":"https:\/\/barcelona-discovery.com\/wp-content\/uploads\/2017\/08\/NUVOLS.jpg","datePublished":"2020-12-24T09:34:12+00:00","dateModified":"2024-01-15T09:50:15+00:00","description":"Volar en globus al Bages, al cor de Catalunya, permet gaudir de les vistes de la cara nord de la m\u00e0gica muntanya de Montserrat.Les vistes no deixen indiferent a qui ho pot gaudir des de l\u2019aire.","breadcrumb":{"@id":"https:\/\/barcelona-discovery.com\/ca\/shop\/vol-en-globus-pel-bages\/#breadcrumb"},"inLanguage":"ca","potentialAction":[{"@type":"ReadAction","target":["https:\/\/barcelona-discovery.com\/ca\/shop\/vol-en-globus-pel-bages\/"]}]},{"@type":"ImageObject","inLanguage":"ca","@id":"https:\/\/barcelona-discovery.com\/ca\/shop\/vol-en-globus-pel-bages\/#primaryimage","url":"https:\/\/barcelona-discovery.com\/wp-content\/uploads\/2017\/08\/NUVOLS.jpg","contentUrl":"https:\/\/barcelona-discovery.com\/wp-content\/uploads\/2017\/08\/NUVOLS.jpg","width":1400,"height":700,"caption":"Vol en globus per la Garrotxa"},{"@type":"BreadcrumbList","@id":"https:\/\/barcelona-discovery.com\/ca\/shop\/vol-en-globus-pel-bages\/#breadcrumb","itemListElement":[{"@type":"ListItem","position":1,"name":"Home","item":"https:\/\/barcelona-discovery.com\/ca\/"},{"@type":"ListItem","position":2,"name":"Tours","item":"https:\/\/barcelona-discovery.com\/tours\/"},{"@type":"ListItem","position":3,"name":"Vol en Globus pel Bages"}]},{"@type":"WebSite","@id":"https:\/\/barcelona-discovery.com\/#website","url":"https:\/\/barcelona-discovery.com\/","name":"Barcelona Discovery","description":"Private Tours around Barcelona","publisher":{"@id":"https:\/\/barcelona-discovery.com\/#organization"},"potentialAction":[{"@type":"SearchAction","target":{"@type":"EntryPoint","urlTemplate":"https:\/\/barcelona-discovery.com\/?s={search_term_string}"},"query-input":{"@type":"PropertyValueSpecification","valueRequired":true,"valueName":"search_term_string"}}],"inLanguage":"ca"},{"@type":"Organization","@id":"https:\/\/barcelona-discovery.com\/#organization","name":"Barcelona Discovery","url":"https:\/\/barcelona-discovery.com\/","logo":{"@type":"ImageObject","inLanguage":"ca","@id":"https:\/\/barcelona-discovery.com\/#\/schema\/logo\/image\/","url":"https:\/\/barcelona-discovery.com\/wp-content\/uploads\/2024\/02\/logo-linkein.jpg","contentUrl":"https:\/\/barcelona-discovery.com\/wp-content\/uploads\/2024\/02\/logo-linkein.jpg","width":300,"height":300,"caption":"Barcelona Discovery"},"image":{"@id":"https:\/\/barcelona-discovery.com\/#\/schema\/logo\/image\/"},"sameAs":["https:\/\/www.facebook.com\/BarcelonaDiscovery\/","https:\/\/x.com\/bcn_discovery","https:\/\/www.instagram.com\/barcelonadiscovery\/","https:\/\/www.youtube.com\/channel\/UCwpragtLkdmFTHCzinFQG_g"]}]}},"_links":{"self":[{"href":"https:\/\/barcelona-discovery.com\/ca\/wp-json\/wp\/v2\/product\/6464","targetHints":{"allow":["GET"]}}],"collection":[{"href":"https:\/\/barcelona-discovery.com\/ca\/wp-json\/wp\/v2\/product"}],"about":[{"href":"https:\/\/barcelona-discovery.com\/ca\/wp-json\/wp\/v2\/types\/product"}],"replies":[{"embeddable":true,"href":"https:\/\/barcelona-discovery.com\/ca\/wp-json\/wp\/v2\/comments?post=6464"}],"wp:featuredmedia":[{"embeddable":true,"href":"https:\/\/barcelona-discovery.com\/ca\/wp-json\/wp\/v2\/media\/2007"}],"wp:attachment":[{"href":"https:\/\/barcelona-discovery.com\/ca\/wp-json\/wp\/v2\/media?parent=6464"}],"wp:term":[{"taxonomy":"product_brand","embeddable":true,"href":"https:\/\/barcelona-discovery.com\/ca\/wp-json\/wp\/v2\/product_brand?post=6464"},{"taxonomy":"product_cat","embeddable":true,"href":"https:\/\/barcelona-discovery.com\/ca\/wp-json\/wp\/v2\/product_cat?post=6464"},{"taxonomy":"product_tag","embeddable":true,"href":"https:\/\/barcelona-discovery.com\/ca\/wp-json\/wp\/v2\/product_tag?post=6464"}],"curies":[{"name":"wp","href":"https:\/\/api.w.org\/{rel}","templated":true}]}}