{"id":6510,"date":"2021-01-27T20:35:08","date_gmt":"2021-01-27T19:35:08","guid":{"rendered":"https:\/\/barcelona-discovery.com\/?post_type=product&#038;p=6510"},"modified":"2024-04-15T15:26:15","modified_gmt":"2024-04-15T14:26:15","slug":"passejada-guiada-pel-barri-dhorta","status":"publish","type":"product","link":"https:\/\/barcelona-discovery.com\/ca\/tours\/passejada-guiada-pel-barri-dhorta\/","title":{"rendered":"Passejada Guiada pel Barri d&#8217;Horta"},"content":{"rendered":"<h1>Con\u00e8ixes els safarejos del barri d&#8217;Horta?<\/h1>\n<p>Ja al segle XVII hi ha const\u00e0ncia que algunes\u00a0fam\u00edlies\u00a0de Barcelona es feien rentar la roba<strong> a Horta<\/strong>.\u00a0Aquesta realitat dur\u00e0 fins al segle XX,\u00a0 i era gr\u00e0cies a les\u00a0bugaderes d&#8217;Horta\u00a0que treballaven a temps parcial per completar els ingressos familiars.<\/p>\n<p>En aquesta <strong>ruta guiada<\/strong> coneixerem els famosos<strong> safarejos d&#8217;Horta<\/strong>, molts d&#8217;ells al <strong>carrer Aiguafreda<\/strong>, i totes les seves curiositats, per\u00f2 l\u2019antic municipi de Sant Joan d\u2019Horta, on s\u2019ha trobat const\u00e0ncia d\u2019assentaments ja en l\u2019\u00e8poca romana, t\u00e9 molta m\u00e9s hist\u00f2ria per oferir.<\/p>\n<p>L&#8217;aigua va ser un dels detonants que va condicionar molts altres oficis: aiguaders, pouataires, adobers de pells, blanquers, fabricants de mid\u00f3\u2026la\u00a0posici\u00f3 privilegiada\u00a0 del barri d&#8217;Horta\u00a0entre la ciutat de Barcelona i la muntanya de Collserola va transformar mig centenar de masies en cases d\u2019estiueig\u00a0i, posteriorment, en un barri densament poblat que celebrava com pocs l\u2019arribada del tramvia i, posteriorment, del metro.<\/p>\n<p>Vine a reviure-ho tot plegat amb aquesta <strong>nova ruta\u00a0 guiada<\/strong> on descobrirem antigues masies,\u00a0carrerons del nucli de l\u2019antiga vila d&#8217;Horta,\u00a0petites places, els safarejos\u00a0d&#8217;Horta i elements singulars, aix\u00ed com racons amagats.<\/p>\n<p>&nbsp;<\/p>\n<p><strong>*COVID-19 \u2013 <\/strong><strong>ATENCI\u00d3:\u00a0<\/strong>A causa del\u00a0<strong>Covid-19<\/strong>, establim unes\u00a0<strong>mesures de seguretat<\/strong>\u00a0seguint les recomanacions de les autoritats sanit\u00e0ries, fins a nou av\u00eds.\u00a0Les sortides seran en\u00a0<strong>grups redu\u00efts\u00a0<\/strong>i els guies utilitzaran mascareta, altaveus o radioguies i mesures de distanciament adequades. Tamb\u00e9 hi haur\u00e0 unes\u00a0<strong>mesures d\u2019obligat compliment<\/strong>\u00a0pels assistents:<\/p>\n<ul>\n<li>\u00das de mascareta durant tota la durada de l\u2019activitat.<\/li>\n<li>Mantenir 1,5-2 metres de dist\u00e0ncia m\u00ednim entre els participants.<\/li>\n<li>Es recomana l\u2019\u00fas de gel hidroalcoh\u00f2lic.<\/li>\n<\/ul>\n","protected":false},"excerpt":{"rendered":"<p><strong>Ruta Guiada a Barcelona pels de Casa &#8211; Descobreix els safarejos d&#8217;Horta<\/strong><\/p>\n","protected":false},"featured_media":6521,"comment_status":"open","ping_status":"closed","template":"","meta":[],"product_brand":[],"product_cat":[142,141,172],"product_tag":[],"class_list":{"0":"post-6510","1":"product","2":"type-product","3":"status-publish","4":"has-post-thumbnail","6":"product_cat-experiencies-terrestres","7":"product_cat-sortides-culturals","8":"product_cat-sortides-per-barcelona","9":"pa_tour-type-experiencies-terrestres","10":"pa_tour-types-land-experiences-sortides-culturals","11":"pa_tour-types-land-experiences-sortides-barcelona","13":"first","14":"instock","15":"shipping-taxable","16":"purchasable","17":"product-type-tour_phys"},"yoast_head":"<!-- This site is optimized with the Yoast SEO plugin v26.1.1 - https:\/\/yoast.com\/wordpress\/plugins\/seo\/ -->\n<title>Ruta a Barcelona pels de casa- Passejada Guiada pel Barri d&#039;Horta -<\/title>\n<meta name=\"description\" content=\"Ruta\u00a0 guiada on descobrirem antigues masies,\u00a0carrerons del nucli de l\u2019antiga vila d&#039;Horta,\u00a0petites places, els safarejos\u00a0d&#039;Horta i elements singulars.\" \/>\n<meta name=\"robots\" content=\"index, follow, max-snippet:-1, max-image-preview:large, max-video-preview:-1\" \/>\n<link rel=\"canonical\" href=\"https:\/\/barcelona-discovery.com\/ca\/shop\/passejada-guiada-pel-barri-dhorta\/\" \/>\n<meta property=\"og:locale\" content=\"ca_ES\" \/>\n<meta property=\"og:type\" content=\"article\" \/>\n<meta property=\"og:title\" content=\"Ruta a Barcelona pels de casa- Passejada Guiada pel Barri d&#039;Horta -\" \/>\n<meta property=\"og:description\" content=\"Ruta\u00a0 guiada on descobrirem antigues masies,\u00a0carrerons del nucli de l\u2019antiga vila d&#039;Horta,\u00a0petites places, els safarejos\u00a0d&#039;Horta i elements singulars.\" \/>\n<meta property=\"og:url\" content=\"https:\/\/barcelona-discovery.com\/ca\/shop\/passejada-guiada-pel-barri-dhorta\/\" \/>\n<meta property=\"og:site_name\" content=\"Barcelona Discovery\" \/>\n<meta property=\"article:publisher\" content=\"https:\/\/www.facebook.com\/BarcelonaDiscovery\/\" \/>\n<meta property=\"article:modified_time\" content=\"2024-04-15T14:26:15+00:00\" \/>\n<meta property=\"og:image\" content=\"https:\/\/barcelona-discovery.com\/wp-content\/uploads\/2021\/01\/ruta-guiada-safarejos-horta.jpg\" \/>\n\t<meta property=\"og:image:width\" content=\"1587\" \/>\n\t<meta property=\"og:image:height\" content=\"855\" \/>\n\t<meta property=\"og:image:type\" content=\"image\/jpeg\" \/>\n<meta name=\"twitter:card\" content=\"summary_large_image\" \/>\n<meta name=\"twitter:site\" content=\"@bcn_discovery\" \/>\n<meta name=\"twitter:label1\" content=\"Temps estimat de lectura\" \/>\n\t<meta name=\"twitter:data1\" content=\"1 minut\" \/>\n<script type=\"application\/ld+json\" class=\"yoast-schema-graph\">{\"@context\":\"https:\/\/schema.org\",\"@graph\":[{\"@type\":\"WebPage\",\"@id\":\"https:\/\/barcelona-discovery.com\/ca\/shop\/passejada-guiada-pel-barri-dhorta\/\",\"url\":\"https:\/\/barcelona-discovery.com\/ca\/shop\/passejada-guiada-pel-barri-dhorta\/\",\"name\":\"Ruta a Barcelona pels de casa- Passejada Guiada pel Barri d'Horta -\",\"isPartOf\":{\"@id\":\"https:\/\/barcelona-discovery.com\/#website\"},\"primaryImageOfPage\":{\"@id\":\"https:\/\/barcelona-discovery.com\/ca\/shop\/passejada-guiada-pel-barri-dhorta\/#primaryimage\"},\"image\":{\"@id\":\"https:\/\/barcelona-discovery.com\/ca\/shop\/passejada-guiada-pel-barri-dhorta\/#primaryimage\"},\"thumbnailUrl\":\"https:\/\/barcelona-discovery.com\/wp-content\/uploads\/2021\/01\/ruta-guiada-safarejos-horta.jpg\",\"datePublished\":\"2021-01-27T19:35:08+00:00\",\"dateModified\":\"2024-04-15T14:26:15+00:00\",\"description\":\"Ruta\u00a0 guiada on descobrirem antigues masies,\u00a0carrerons del nucli de l\u2019antiga vila d'Horta,\u00a0petites places, els safarejos\u00a0d'Horta i elements singulars.\",\"breadcrumb\":{\"@id\":\"https:\/\/barcelona-discovery.com\/ca\/shop\/passejada-guiada-pel-barri-dhorta\/#breadcrumb\"},\"inLanguage\":\"ca\",\"potentialAction\":[{\"@type\":\"ReadAction\",\"target\":[\"https:\/\/barcelona-discovery.com\/ca\/shop\/passejada-guiada-pel-barri-dhorta\/\"]}]},{\"@type\":\"ImageObject\",\"inLanguage\":\"ca\",\"@id\":\"https:\/\/barcelona-discovery.com\/ca\/shop\/passejada-guiada-pel-barri-dhorta\/#primaryimage\",\"url\":\"https:\/\/barcelona-discovery.com\/wp-content\/uploads\/2021\/01\/ruta-guiada-safarejos-horta.jpg\",\"contentUrl\":\"https:\/\/barcelona-discovery.com\/wp-content\/uploads\/2021\/01\/ruta-guiada-safarejos-horta.jpg\",\"width\":1587,\"height\":855},{\"@type\":\"BreadcrumbList\",\"@id\":\"https:\/\/barcelona-discovery.com\/ca\/shop\/passejada-guiada-pel-barri-dhorta\/#breadcrumb\",\"itemListElement\":[{\"@type\":\"ListItem\",\"position\":1,\"name\":\"Home\",\"item\":\"https:\/\/barcelona-discovery.com\/ca\/\"},{\"@type\":\"ListItem\",\"position\":2,\"name\":\"Tours\",\"item\":\"https:\/\/barcelona-discovery.com\/tours\/\"},{\"@type\":\"ListItem\",\"position\":3,\"name\":\"Passejada Guiada pel Barri d&#8217;Horta\"}]},{\"@type\":\"WebSite\",\"@id\":\"https:\/\/barcelona-discovery.com\/#website\",\"url\":\"https:\/\/barcelona-discovery.com\/\",\"name\":\"Barcelona Discovery\",\"description\":\"Private Tours around Barcelona\",\"publisher\":{\"@id\":\"https:\/\/barcelona-discovery.com\/#organization\"},\"potentialAction\":[{\"@type\":\"SearchAction\",\"target\":{\"@type\":\"EntryPoint\",\"urlTemplate\":\"https:\/\/barcelona-discovery.com\/?s={search_term_string}\"},\"query-input\":{\"@type\":\"PropertyValueSpecification\",\"valueRequired\":true,\"valueName\":\"search_term_string\"}}],\"inLanguage\":\"ca\"},{\"@type\":\"Organization\",\"@id\":\"https:\/\/barcelona-discovery.com\/#organization\",\"name\":\"Barcelona Discovery\",\"url\":\"https:\/\/barcelona-discovery.com\/\",\"logo\":{\"@type\":\"ImageObject\",\"inLanguage\":\"ca\",\"@id\":\"https:\/\/barcelona-discovery.com\/#\/schema\/logo\/image\/\",\"url\":\"https:\/\/barcelona-discovery.com\/wp-content\/uploads\/2024\/02\/logo-linkein.jpg\",\"contentUrl\":\"https:\/\/barcelona-discovery.com\/wp-content\/uploads\/2024\/02\/logo-linkein.jpg\",\"width\":300,\"height\":300,\"caption\":\"Barcelona Discovery\"},\"image\":{\"@id\":\"https:\/\/barcelona-discovery.com\/#\/schema\/logo\/image\/\"},\"sameAs\":[\"https:\/\/www.facebook.com\/BarcelonaDiscovery\/\",\"https:\/\/x.com\/bcn_discovery\",\"https:\/\/www.instagram.com\/barcelonadiscovery\/\",\"https:\/\/www.youtube.com\/channel\/UCwpragtLkdmFTHCzinFQG_g\"]}]}<\/script>\n<!-- \/ Yoast SEO plugin. -->","yoast_head_json":{"title":"Ruta a Barcelona pels de casa- Passejada Guiada pel Barri d'Horta -","description":"Ruta\u00a0 guiada on descobrirem antigues masies,\u00a0carrerons del nucli de l\u2019antiga vila d'Horta,\u00a0petites places, els safarejos\u00a0d'Horta i elements singulars.","robots":{"index":"index","follow":"follow","max-snippet":"max-snippet:-1","max-image-preview":"max-image-preview:large","max-video-preview":"max-video-preview:-1"},"canonical":"https:\/\/barcelona-discovery.com\/ca\/shop\/passejada-guiada-pel-barri-dhorta\/","og_locale":"ca_ES","og_type":"article","og_title":"Ruta a Barcelona pels de casa- Passejada Guiada pel Barri d'Horta -","og_description":"Ruta\u00a0 guiada on descobrirem antigues masies,\u00a0carrerons del nucli de l\u2019antiga vila d'Horta,\u00a0petites places, els safarejos\u00a0d'Horta i elements singulars.","og_url":"https:\/\/barcelona-discovery.com\/ca\/shop\/passejada-guiada-pel-barri-dhorta\/","og_site_name":"Barcelona Discovery","article_publisher":"https:\/\/www.facebook.com\/BarcelonaDiscovery\/","article_modified_time":"2024-04-15T14:26:15+00:00","og_image":[{"width":1587,"height":855,"url":"https:\/\/barcelona-discovery.com\/wp-content\/uploads\/2021\/01\/ruta-guiada-safarejos-horta.jpg","type":"image\/jpeg"}],"twitter_card":"summary_large_image","twitter_site":"@bcn_discovery","twitter_misc":{"Temps estimat de lectura":"1 minut"},"schema":{"@context":"https:\/\/schema.org","@graph":[{"@type":"WebPage","@id":"https:\/\/barcelona-discovery.com\/ca\/shop\/passejada-guiada-pel-barri-dhorta\/","url":"https:\/\/barcelona-discovery.com\/ca\/shop\/passejada-guiada-pel-barri-dhorta\/","name":"Ruta a Barcelona pels de casa- Passejada Guiada pel Barri d'Horta -","isPartOf":{"@id":"https:\/\/barcelona-discovery.com\/#website"},"primaryImageOfPage":{"@id":"https:\/\/barcelona-discovery.com\/ca\/shop\/passejada-guiada-pel-barri-dhorta\/#primaryimage"},"image":{"@id":"https:\/\/barcelona-discovery.com\/ca\/shop\/passejada-guiada-pel-barri-dhorta\/#primaryimage"},"thumbnailUrl":"https:\/\/barcelona-discovery.com\/wp-content\/uploads\/2021\/01\/ruta-guiada-safarejos-horta.jpg","datePublished":"2021-01-27T19:35:08+00:00","dateModified":"2024-04-15T14:26:15+00:00","description":"Ruta\u00a0 guiada on descobrirem antigues masies,\u00a0carrerons del nucli de l\u2019antiga vila d'Horta,\u00a0petites places, els safarejos\u00a0d'Horta i elements singulars.","breadcrumb":{"@id":"https:\/\/barcelona-discovery.com\/ca\/shop\/passejada-guiada-pel-barri-dhorta\/#breadcrumb"},"inLanguage":"ca","potentialAction":[{"@type":"ReadAction","target":["https:\/\/barcelona-discovery.com\/ca\/shop\/passejada-guiada-pel-barri-dhorta\/"]}]},{"@type":"ImageObject","inLanguage":"ca","@id":"https:\/\/barcelona-discovery.com\/ca\/shop\/passejada-guiada-pel-barri-dhorta\/#primaryimage","url":"https:\/\/barcelona-discovery.com\/wp-content\/uploads\/2021\/01\/ruta-guiada-safarejos-horta.jpg","contentUrl":"https:\/\/barcelona-discovery.com\/wp-content\/uploads\/2021\/01\/ruta-guiada-safarejos-horta.jpg","width":1587,"height":855},{"@type":"BreadcrumbList","@id":"https:\/\/barcelona-discovery.com\/ca\/shop\/passejada-guiada-pel-barri-dhorta\/#breadcrumb","itemListElement":[{"@type":"ListItem","position":1,"name":"Home","item":"https:\/\/barcelona-discovery.com\/ca\/"},{"@type":"ListItem","position":2,"name":"Tours","item":"https:\/\/barcelona-discovery.com\/tours\/"},{"@type":"ListItem","position":3,"name":"Passejada Guiada pel Barri d&#8217;Horta"}]},{"@type":"WebSite","@id":"https:\/\/barcelona-discovery.com\/#website","url":"https:\/\/barcelona-discovery.com\/","name":"Barcelona Discovery","description":"Private Tours around Barcelona","publisher":{"@id":"https:\/\/barcelona-discovery.com\/#organization"},"potentialAction":[{"@type":"SearchAction","target":{"@type":"EntryPoint","urlTemplate":"https:\/\/barcelona-discovery.com\/?s={search_term_string}"},"query-input":{"@type":"PropertyValueSpecification","valueRequired":true,"valueName":"search_term_string"}}],"inLanguage":"ca"},{"@type":"Organization","@id":"https:\/\/barcelona-discovery.com\/#organization","name":"Barcelona Discovery","url":"https:\/\/barcelona-discovery.com\/","logo":{"@type":"ImageObject","inLanguage":"ca","@id":"https:\/\/barcelona-discovery.com\/#\/schema\/logo\/image\/","url":"https:\/\/barcelona-discovery.com\/wp-content\/uploads\/2024\/02\/logo-linkein.jpg","contentUrl":"https:\/\/barcelona-discovery.com\/wp-content\/uploads\/2024\/02\/logo-linkein.jpg","width":300,"height":300,"caption":"Barcelona Discovery"},"image":{"@id":"https:\/\/barcelona-discovery.com\/#\/schema\/logo\/image\/"},"sameAs":["https:\/\/www.facebook.com\/BarcelonaDiscovery\/","https:\/\/x.com\/bcn_discovery","https:\/\/www.instagram.com\/barcelonadiscovery\/","https:\/\/www.youtube.com\/channel\/UCwpragtLkdmFTHCzinFQG_g"]}]}},"_links":{"self":[{"href":"https:\/\/barcelona-discovery.com\/ca\/wp-json\/wp\/v2\/product\/6510","targetHints":{"allow":["GET"]}}],"collection":[{"href":"https:\/\/barcelona-discovery.com\/ca\/wp-json\/wp\/v2\/product"}],"about":[{"href":"https:\/\/barcelona-discovery.com\/ca\/wp-json\/wp\/v2\/types\/product"}],"replies":[{"embeddable":true,"href":"https:\/\/barcelona-discovery.com\/ca\/wp-json\/wp\/v2\/comments?post=6510"}],"wp:featuredmedia":[{"embeddable":true,"href":"https:\/\/barcelona-discovery.com\/ca\/wp-json\/wp\/v2\/media\/6521"}],"wp:attachment":[{"href":"https:\/\/barcelona-discovery.com\/ca\/wp-json\/wp\/v2\/media?parent=6510"}],"wp:term":[{"taxonomy":"product_brand","embeddable":true,"href":"https:\/\/barcelona-discovery.com\/ca\/wp-json\/wp\/v2\/product_brand?post=6510"},{"taxonomy":"product_cat","embeddable":true,"href":"https:\/\/barcelona-discovery.com\/ca\/wp-json\/wp\/v2\/product_cat?post=6510"},{"taxonomy":"product_tag","embeddable":true,"href":"https:\/\/barcelona-discovery.com\/ca\/wp-json\/wp\/v2\/product_tag?post=6510"}],"curies":[{"name":"wp","href":"https:\/\/api.w.org\/{rel}","templated":true}]}}