{"id":6574,"date":"2021-01-29T14:00:26","date_gmt":"2021-01-29T13:00:26","guid":{"rendered":"https:\/\/barcelona-discovery.com\/?post_type=product&#038;p=6574"},"modified":"2021-02-08T13:48:27","modified_gmt":"2021-02-08T12:48:27","slug":"ruta-guiada-amb-ebike-per-montjuic","status":"publish","type":"product","link":"https:\/\/barcelona-discovery.com\/ca\/tours\/ruta-guiada-amb-ebike-per-montjuic\/","title":{"rendered":"Ruta guiada en e-bike per Montju\u00efc"},"content":{"rendered":"<h1>Ruta guiada amb bicicleta electrica<\/h1>\n<p>Gaudeix de la nostra r<strong>uta guiada amb bicicleta el\u00e8ctrica<\/strong>\u00a0(e-bikes) per la muntanya de Montju\u00efc. Anir\u00e0s impulsat per les nostres <strong>bicicletes el\u00e8ctriques<\/strong>, podr\u00e0s pujar sense esfor\u00e7 la muntanya de Barcelona per veure els llocs m\u00e9s bonics de la ciutat.<\/p>\n<p>Aprendr\u00e0s tot sobre<strong> el passat i el present<\/strong> dels llocs que anirem explorant. <strong>Barcelona<\/strong> \u00e9s una ciutat envoltada de turons i muntanyes. <strong>Montju\u00efc<\/strong> \u00e9s una d&#8217;elles, amb una al\u00e7ada de 173 metres, \u00e9s un dels llocs m\u00e9s bells i emblem\u00e0tics de Barcelona; riquesa en hist\u00f2ria i bellesa.<\/p>\n<p>Aquesta <strong>famosa atracci\u00f3<\/strong> ens ofereix impressionants <strong>vistes panor\u00e0miques de la ciutat<\/strong>, del port, de monuments, fonts, castells, fortaleses, jardins, miradors, l&#8217;estadi ol\u00edmpic, museus entre moltes coses i tot aix\u00f2 alhora contribueix a l&#8217;encant de la muntanya .<\/p>\n<p>El m\u00e9s\u00a0 interessant, per\u00f2, \u00e9s la seva fascinant hist\u00f2ria, que per la seva propia natura com a fortalesa, est\u00e0 plena de batalles, renovacions arquitect\u00f2niques i assumptes pol\u00edtics.<\/p>\n<p>&nbsp;<\/p>\n<p><strong>*COVID-19 \u2013\u00a0<\/strong><strong>ATENCI\u00d3:\u00a0<\/strong>A causa del\u00a0<strong>Covid-19<\/strong>, establim unes\u00a0<strong>mesures de seguretat<\/strong>\u00a0seguint les recomanacions de les autoritats sanit\u00e0ries, fins a nou av\u00eds.\u00a0Les sortides seran en\u00a0<strong>grups redu\u00efts\u00a0<\/strong>i els guies utilitzaran mascareta, altaveus o radioguies i mesures de distanciament adequades. Tamb\u00e9 hi haur\u00e0 unes\u00a0<strong>mesures d\u2019obligat compliment<\/strong>\u00a0pels assistents:<\/p>\n<ul>\n<li>\u00das de mascareta durant tota la durada de l\u2019activitat.<\/li>\n<li>Mantenir 1,5-2 metres de dist\u00e0ncia m\u00ednim entre els participants.<\/li>\n<li>Es recomana l\u2019\u00fas de gel hidroalcoh\u00f2lic.<\/li>\n<\/ul>\n","protected":false},"excerpt":{"rendered":"<p><strong>Ruta guiada en bicicleta electrica per Montju\u00efc<\/strong><\/p>\n","protected":false},"featured_media":6583,"comment_status":"open","ping_status":"closed","template":"","meta":[],"product_brand":[],"product_cat":[141,172],"product_tag":[501,499,500],"class_list":{"0":"post-6574","1":"product","2":"type-product","3":"status-publish","4":"has-post-thumbnail","6":"product_cat-sortides-culturals","7":"product_cat-sortides-per-barcelona","8":"product_tag-activitats-cap-de-setmana","9":"product_tag-rutas-guiades-a-barcelona","10":"product_tag-rutes-en-bicicleta","12":"first","13":"instock","14":"shipping-taxable","15":"purchasable","16":"product-type-tour_phys"},"yoast_head":"<!-- This site is optimized with the Yoast SEO plugin v26.1.1 - https:\/\/yoast.com\/wordpress\/plugins\/seo\/ -->\n<title>Ruta guiada amb e-bike per Montju\u00efc- Barcelona Discovery<\/title>\n<meta name=\"description\" content=\"Gaudeix de la nostra ruta guiada amb bicicleta el\u00e8ctriques (e-bikes) per la muntanya m\u00e0gica de Montju\u00efc. Reserva ja la teva pla\u00e7a!!\" \/>\n<meta name=\"robots\" content=\"index, follow, max-snippet:-1, max-image-preview:large, max-video-preview:-1\" \/>\n<link rel=\"canonical\" href=\"https:\/\/barcelona-discovery.com\/ca\/shop\/ruta-guiada-amb-ebike-per-montjuic\/\" \/>\n<meta property=\"og:locale\" content=\"ca_ES\" \/>\n<meta property=\"og:type\" content=\"article\" \/>\n<meta property=\"og:title\" content=\"Ruta guiada amb e-bike per Montju\u00efc- Barcelona Discovery\" \/>\n<meta property=\"og:description\" content=\"Gaudeix de la nostra ruta guiada amb bicicleta el\u00e8ctriques (e-bikes) per la muntanya m\u00e0gica de Montju\u00efc. Reserva ja la teva pla\u00e7a!!\" \/>\n<meta property=\"og:url\" content=\"https:\/\/barcelona-discovery.com\/ca\/shop\/ruta-guiada-amb-ebike-per-montjuic\/\" \/>\n<meta property=\"og:site_name\" content=\"Barcelona Discovery\" \/>\n<meta property=\"article:publisher\" content=\"https:\/\/www.facebook.com\/BarcelonaDiscovery\/\" \/>\n<meta property=\"article:modified_time\" content=\"2021-02-08T12:48:27+00:00\" \/>\n<meta property=\"og:image\" content=\"https:\/\/barcelona-discovery.com\/wp-content\/uploads\/2021\/01\/ruta-en-bicicleta.jpg\" \/>\n\t<meta property=\"og:image:width\" content=\"1400\" \/>\n\t<meta property=\"og:image:height\" content=\"700\" \/>\n\t<meta property=\"og:image:type\" content=\"image\/jpeg\" \/>\n<meta name=\"twitter:card\" content=\"summary_large_image\" \/>\n<meta name=\"twitter:site\" content=\"@bcn_discovery\" \/>\n<meta name=\"twitter:label1\" content=\"Temps estimat de lectura\" \/>\n\t<meta name=\"twitter:data1\" content=\"1 minut\" \/>\n<script type=\"application\/ld+json\" class=\"yoast-schema-graph\">{\"@context\":\"https:\/\/schema.org\",\"@graph\":[{\"@type\":\"WebPage\",\"@id\":\"https:\/\/barcelona-discovery.com\/ca\/shop\/ruta-guiada-amb-ebike-per-montjuic\/\",\"url\":\"https:\/\/barcelona-discovery.com\/ca\/shop\/ruta-guiada-amb-ebike-per-montjuic\/\",\"name\":\"Ruta guiada amb e-bike per Montju\u00efc- Barcelona Discovery\",\"isPartOf\":{\"@id\":\"https:\/\/barcelona-discovery.com\/#website\"},\"primaryImageOfPage\":{\"@id\":\"https:\/\/barcelona-discovery.com\/ca\/shop\/ruta-guiada-amb-ebike-per-montjuic\/#primaryimage\"},\"image\":{\"@id\":\"https:\/\/barcelona-discovery.com\/ca\/shop\/ruta-guiada-amb-ebike-per-montjuic\/#primaryimage\"},\"thumbnailUrl\":\"https:\/\/barcelona-discovery.com\/wp-content\/uploads\/2021\/01\/ruta-en-bicicleta.jpg\",\"datePublished\":\"2021-01-29T13:00:26+00:00\",\"dateModified\":\"2021-02-08T12:48:27+00:00\",\"description\":\"Gaudeix de la nostra ruta guiada amb bicicleta el\u00e8ctriques (e-bikes) per la muntanya m\u00e0gica de Montju\u00efc. Reserva ja la teva pla\u00e7a!!\",\"breadcrumb\":{\"@id\":\"https:\/\/barcelona-discovery.com\/ca\/shop\/ruta-guiada-amb-ebike-per-montjuic\/#breadcrumb\"},\"inLanguage\":\"ca\",\"potentialAction\":[{\"@type\":\"ReadAction\",\"target\":[\"https:\/\/barcelona-discovery.com\/ca\/shop\/ruta-guiada-amb-ebike-per-montjuic\/\"]}]},{\"@type\":\"ImageObject\",\"inLanguage\":\"ca\",\"@id\":\"https:\/\/barcelona-discovery.com\/ca\/shop\/ruta-guiada-amb-ebike-per-montjuic\/#primaryimage\",\"url\":\"https:\/\/barcelona-discovery.com\/wp-content\/uploads\/2021\/01\/ruta-en-bicicleta.jpg\",\"contentUrl\":\"https:\/\/barcelona-discovery.com\/wp-content\/uploads\/2021\/01\/ruta-en-bicicleta.jpg\",\"width\":1400,\"height\":700},{\"@type\":\"BreadcrumbList\",\"@id\":\"https:\/\/barcelona-discovery.com\/ca\/shop\/ruta-guiada-amb-ebike-per-montjuic\/#breadcrumb\",\"itemListElement\":[{\"@type\":\"ListItem\",\"position\":1,\"name\":\"Home\",\"item\":\"https:\/\/barcelona-discovery.com\/ca\/\"},{\"@type\":\"ListItem\",\"position\":2,\"name\":\"Tours\",\"item\":\"https:\/\/barcelona-discovery.com\/tours\/\"},{\"@type\":\"ListItem\",\"position\":3,\"name\":\"Ruta guiada en e-bike per Montju\u00efc\"}]},{\"@type\":\"WebSite\",\"@id\":\"https:\/\/barcelona-discovery.com\/#website\",\"url\":\"https:\/\/barcelona-discovery.com\/\",\"name\":\"Barcelona Discovery\",\"description\":\"Private Tours around Barcelona\",\"publisher\":{\"@id\":\"https:\/\/barcelona-discovery.com\/#organization\"},\"potentialAction\":[{\"@type\":\"SearchAction\",\"target\":{\"@type\":\"EntryPoint\",\"urlTemplate\":\"https:\/\/barcelona-discovery.com\/?s={search_term_string}\"},\"query-input\":{\"@type\":\"PropertyValueSpecification\",\"valueRequired\":true,\"valueName\":\"search_term_string\"}}],\"inLanguage\":\"ca\"},{\"@type\":\"Organization\",\"@id\":\"https:\/\/barcelona-discovery.com\/#organization\",\"name\":\"Barcelona Discovery\",\"url\":\"https:\/\/barcelona-discovery.com\/\",\"logo\":{\"@type\":\"ImageObject\",\"inLanguage\":\"ca\",\"@id\":\"https:\/\/barcelona-discovery.com\/#\/schema\/logo\/image\/\",\"url\":\"https:\/\/barcelona-discovery.com\/wp-content\/uploads\/2024\/02\/logo-linkein.jpg\",\"contentUrl\":\"https:\/\/barcelona-discovery.com\/wp-content\/uploads\/2024\/02\/logo-linkein.jpg\",\"width\":300,\"height\":300,\"caption\":\"Barcelona Discovery\"},\"image\":{\"@id\":\"https:\/\/barcelona-discovery.com\/#\/schema\/logo\/image\/\"},\"sameAs\":[\"https:\/\/www.facebook.com\/BarcelonaDiscovery\/\",\"https:\/\/x.com\/bcn_discovery\",\"https:\/\/www.instagram.com\/barcelonadiscovery\/\",\"https:\/\/www.youtube.com\/channel\/UCwpragtLkdmFTHCzinFQG_g\"]}]}<\/script>\n<!-- \/ Yoast SEO plugin. -->","yoast_head_json":{"title":"Ruta guiada amb e-bike per Montju\u00efc- Barcelona Discovery","description":"Gaudeix de la nostra ruta guiada amb bicicleta el\u00e8ctriques (e-bikes) per la muntanya m\u00e0gica de Montju\u00efc. Reserva ja la teva pla\u00e7a!!","robots":{"index":"index","follow":"follow","max-snippet":"max-snippet:-1","max-image-preview":"max-image-preview:large","max-video-preview":"max-video-preview:-1"},"canonical":"https:\/\/barcelona-discovery.com\/ca\/shop\/ruta-guiada-amb-ebike-per-montjuic\/","og_locale":"ca_ES","og_type":"article","og_title":"Ruta guiada amb e-bike per Montju\u00efc- Barcelona Discovery","og_description":"Gaudeix de la nostra ruta guiada amb bicicleta el\u00e8ctriques (e-bikes) per la muntanya m\u00e0gica de Montju\u00efc. Reserva ja la teva pla\u00e7a!!","og_url":"https:\/\/barcelona-discovery.com\/ca\/shop\/ruta-guiada-amb-ebike-per-montjuic\/","og_site_name":"Barcelona Discovery","article_publisher":"https:\/\/www.facebook.com\/BarcelonaDiscovery\/","article_modified_time":"2021-02-08T12:48:27+00:00","og_image":[{"width":1400,"height":700,"url":"https:\/\/barcelona-discovery.com\/wp-content\/uploads\/2021\/01\/ruta-en-bicicleta.jpg","type":"image\/jpeg"}],"twitter_card":"summary_large_image","twitter_site":"@bcn_discovery","twitter_misc":{"Temps estimat de lectura":"1 minut"},"schema":{"@context":"https:\/\/schema.org","@graph":[{"@type":"WebPage","@id":"https:\/\/barcelona-discovery.com\/ca\/shop\/ruta-guiada-amb-ebike-per-montjuic\/","url":"https:\/\/barcelona-discovery.com\/ca\/shop\/ruta-guiada-amb-ebike-per-montjuic\/","name":"Ruta guiada amb e-bike per Montju\u00efc- Barcelona Discovery","isPartOf":{"@id":"https:\/\/barcelona-discovery.com\/#website"},"primaryImageOfPage":{"@id":"https:\/\/barcelona-discovery.com\/ca\/shop\/ruta-guiada-amb-ebike-per-montjuic\/#primaryimage"},"image":{"@id":"https:\/\/barcelona-discovery.com\/ca\/shop\/ruta-guiada-amb-ebike-per-montjuic\/#primaryimage"},"thumbnailUrl":"https:\/\/barcelona-discovery.com\/wp-content\/uploads\/2021\/01\/ruta-en-bicicleta.jpg","datePublished":"2021-01-29T13:00:26+00:00","dateModified":"2021-02-08T12:48:27+00:00","description":"Gaudeix de la nostra ruta guiada amb bicicleta el\u00e8ctriques (e-bikes) per la muntanya m\u00e0gica de Montju\u00efc. Reserva ja la teva pla\u00e7a!!","breadcrumb":{"@id":"https:\/\/barcelona-discovery.com\/ca\/shop\/ruta-guiada-amb-ebike-per-montjuic\/#breadcrumb"},"inLanguage":"ca","potentialAction":[{"@type":"ReadAction","target":["https:\/\/barcelona-discovery.com\/ca\/shop\/ruta-guiada-amb-ebike-per-montjuic\/"]}]},{"@type":"ImageObject","inLanguage":"ca","@id":"https:\/\/barcelona-discovery.com\/ca\/shop\/ruta-guiada-amb-ebike-per-montjuic\/#primaryimage","url":"https:\/\/barcelona-discovery.com\/wp-content\/uploads\/2021\/01\/ruta-en-bicicleta.jpg","contentUrl":"https:\/\/barcelona-discovery.com\/wp-content\/uploads\/2021\/01\/ruta-en-bicicleta.jpg","width":1400,"height":700},{"@type":"BreadcrumbList","@id":"https:\/\/barcelona-discovery.com\/ca\/shop\/ruta-guiada-amb-ebike-per-montjuic\/#breadcrumb","itemListElement":[{"@type":"ListItem","position":1,"name":"Home","item":"https:\/\/barcelona-discovery.com\/ca\/"},{"@type":"ListItem","position":2,"name":"Tours","item":"https:\/\/barcelona-discovery.com\/tours\/"},{"@type":"ListItem","position":3,"name":"Ruta guiada en e-bike per Montju\u00efc"}]},{"@type":"WebSite","@id":"https:\/\/barcelona-discovery.com\/#website","url":"https:\/\/barcelona-discovery.com\/","name":"Barcelona Discovery","description":"Private Tours around Barcelona","publisher":{"@id":"https:\/\/barcelona-discovery.com\/#organization"},"potentialAction":[{"@type":"SearchAction","target":{"@type":"EntryPoint","urlTemplate":"https:\/\/barcelona-discovery.com\/?s={search_term_string}"},"query-input":{"@type":"PropertyValueSpecification","valueRequired":true,"valueName":"search_term_string"}}],"inLanguage":"ca"},{"@type":"Organization","@id":"https:\/\/barcelona-discovery.com\/#organization","name":"Barcelona Discovery","url":"https:\/\/barcelona-discovery.com\/","logo":{"@type":"ImageObject","inLanguage":"ca","@id":"https:\/\/barcelona-discovery.com\/#\/schema\/logo\/image\/","url":"https:\/\/barcelona-discovery.com\/wp-content\/uploads\/2024\/02\/logo-linkein.jpg","contentUrl":"https:\/\/barcelona-discovery.com\/wp-content\/uploads\/2024\/02\/logo-linkein.jpg","width":300,"height":300,"caption":"Barcelona Discovery"},"image":{"@id":"https:\/\/barcelona-discovery.com\/#\/schema\/logo\/image\/"},"sameAs":["https:\/\/www.facebook.com\/BarcelonaDiscovery\/","https:\/\/x.com\/bcn_discovery","https:\/\/www.instagram.com\/barcelonadiscovery\/","https:\/\/www.youtube.com\/channel\/UCwpragtLkdmFTHCzinFQG_g"]}]}},"_links":{"self":[{"href":"https:\/\/barcelona-discovery.com\/ca\/wp-json\/wp\/v2\/product\/6574","targetHints":{"allow":["GET"]}}],"collection":[{"href":"https:\/\/barcelona-discovery.com\/ca\/wp-json\/wp\/v2\/product"}],"about":[{"href":"https:\/\/barcelona-discovery.com\/ca\/wp-json\/wp\/v2\/types\/product"}],"replies":[{"embeddable":true,"href":"https:\/\/barcelona-discovery.com\/ca\/wp-json\/wp\/v2\/comments?post=6574"}],"wp:featuredmedia":[{"embeddable":true,"href":"https:\/\/barcelona-discovery.com\/ca\/wp-json\/wp\/v2\/media\/6583"}],"wp:attachment":[{"href":"https:\/\/barcelona-discovery.com\/ca\/wp-json\/wp\/v2\/media?parent=6574"}],"wp:term":[{"taxonomy":"product_brand","embeddable":true,"href":"https:\/\/barcelona-discovery.com\/ca\/wp-json\/wp\/v2\/product_brand?post=6574"},{"taxonomy":"product_cat","embeddable":true,"href":"https:\/\/barcelona-discovery.com\/ca\/wp-json\/wp\/v2\/product_cat?post=6574"},{"taxonomy":"product_tag","embeddable":true,"href":"https:\/\/barcelona-discovery.com\/ca\/wp-json\/wp\/v2\/product_tag?post=6574"}],"curies":[{"name":"wp","href":"https:\/\/api.w.org\/{rel}","templated":true}]}}