{"id":1484,"date":"2018-01-23T10:24:37","date_gmt":"2018-01-23T09:24:37","guid":{"rendered":"https:\/\/barcelona-discovery.com\/?page_id=1484"},"modified":"2018-11-26T16:31:49","modified_gmt":"2018-11-26T15:31:49","slug":"sobre-nosotros","status":"publish","type":"page","link":"https:\/\/barcelona-discovery.com\/es\/sobre-nosotros\/","title":{"rendered":"Sobre Nosotros"},"content":{"rendered":"<div class=\"wpb-content-wrapper\"><p>[vc_row gap=&#8221;2&#8243; equal_height=&#8221;yes&#8221;][vc_column][vc_column_text]<\/p>\n<h1 style=\"font-family: Margueriteregular; text-align: left;\"><span style=\"color: #32bea6;\">Qu\u00e9 nos hace diferentes ?<\/span><\/h1>\n<p><span style=\"font-weight: 400;\"><strong>Barcelona Discovery<\/strong> ofrece experiencias que combinan el<strong> \u201cslow travel\u201d<\/strong> con el <strong>turismo ecol\u00f3gico<\/strong>. Nuestras <strong>experiencias<\/strong> les permiten disfrutar de <strong>Barcelona y Catalu\u00f1a<\/strong> relajadamente, descubriendo lugares \u00fanicos y escondidos.<\/span><\/p>\n<p><span style=\"font-weight: 400;\">Nosotros apoyamos el turismo activo, ecol\u00f3gico y de calidad, que pone en valor la sostenibilidad del medio ambiente y el respeto por la econom\u00eda local.<\/span><\/p>\n<p><span style=\"font-weight: 400;\">Pero por encima de todo somos unos apasionados de nuestro pa\u00eds, y estamos constantemente buscando nuevos y \u00fanicos lugares para ustedes. Con nuestro equipo, <strong>descubrir\u00e1 Catalu\u00f1a<\/strong> como un <strong>lugare\u00f1o, viendo lo que otros no ven y sintiendo lo que otros no pueden sentir.<\/strong><\/span><\/p>\n<p>\u00bfTe gustaria organizar<strong> alguna actividad entre tus empleados<\/strong>? Somos expertos en <strong>organizar eventos corporativos y de incentivos.<\/strong><\/p>\n<p>Nos especializamos en la <strong>creaci\u00f3n de actividades divertidas y en un entorno privilegiado, la naturaleza.<\/strong>\u00a0 Nuestro equipo tiene a\u00f1os de experiencia en la organizaci\u00f3n de eventos de todos los tama\u00f1os, desde viajes de negocios de lujo hasta cenas corporativas ,reuniones de ejecutivos, reuniones entre compa\u00f1eros. Nuestro conocimiento en esta \u00e1rea nos permite ofrecer experiencias verdaderamente grandiosas.<\/p>\n<p>&nbsp;<\/p>\n<h1 style=\"font-family: Margueriteregular; text-align: left;\"><span style=\"color: #32bea6;\">C\u00f3mo trabajamos ?<\/span><\/h1>\n<p><span style=\"font-weight: 400;\">Tenemos una importante oferta de <\/span><span style=\"font-weight: 400;\"><b>experiencias<\/b><\/span><span style=\"font-weight: 400;\">, pero si aun as\u00ed no les satisface ninguno, no duden en ponerse en contacto con nosotros, pues estamos dispuestos a confeccionar nuevas y \u00fanicas <strong>experiencias\u00a0<\/strong>en base a sus aportaciones y sugerencias.<\/span><\/p>\n<p>Te ofrecemos una atenci\u00f3n personalizada con un servicio integral incluyendo visitas a lugares con verdadera esencia catalana, guias locales excursiones, transfers.[\/vc_column_text][vc_separator][vc_empty_space][\/vc_column][\/vc_row][vc_row el_class=&#8221;pages_content&#8221;][vc_column][vc_column_text]<\/p>\n<h1 style=\"font-family: Margueriteregular; text-align: left;\"><span style=\"color: #32bea6;\">\u00a1D\u00edganos que quiere hacer y lo haremos posible<strong>\u00a0!<\/strong><\/span><\/h1>\n<h1><\/h1>\n<p>[\/vc_column_text][vc_empty_space height=&#8221;20px&#8221;][vc_column_text]\n<div class=\"wpcf7 no-js\" id=\"wpcf7-f1488-o1\" lang=\"en-US\" dir=\"ltr\" data-wpcf7-id=\"1488\">\n<div class=\"screen-reader-response\"><p role=\"status\" aria-live=\"polite\" aria-atomic=\"true\"><\/p> <ul><\/ul><\/div>\n<form action=\"\/es\/wp-json\/wp\/v2\/pages\/1484#wpcf7-f1488-o1\" method=\"post\" class=\"wpcf7-form init\" aria-label=\"Contact form\" novalidate=\"novalidate\" data-status=\"init\">\n<fieldset class=\"hidden-fields-container\"><input type=\"hidden\" name=\"_wpcf7\" value=\"1488\" \/><input type=\"hidden\" name=\"_wpcf7_version\" value=\"6.1.2\" \/><input type=\"hidden\" name=\"_wpcf7_locale\" value=\"en_US\" \/><input type=\"hidden\" name=\"_wpcf7_unit_tag\" value=\"wpcf7-f1488-o1\" \/><input type=\"hidden\" name=\"_wpcf7_container_post\" value=\"0\" \/><input type=\"hidden\" name=\"_wpcf7_posted_data_hash\" value=\"\" \/>\n<\/fieldset>\n<h1 style=\"font-family: Margueriteregular; text-align: left;\"><span style=\"color: #000000;\">\u00a1 Solicita m\u00e1s Informaci\u00f3n!<\/span>\n<\/h1>\n<p><span class=\"wpcf7-form-control-wrap\" data-name=\"your-name\"><input size=\"40\" maxlength=\"400\" class=\"wpcf7-form-control wpcf7-text wpcf7-validates-as-required\" aria-required=\"true\" aria-invalid=\"false\" placeholder=\"Nombre:\" value=\"\" type=\"text\" name=\"your-name\" \/><\/span>\n<\/p>\n<p><span class=\"wpcf7-form-control-wrap\" data-name=\"your-email\"><input size=\"40\" maxlength=\"400\" class=\"wpcf7-form-control wpcf7-email wpcf7-validates-as-required wpcf7-text wpcf7-validates-as-email\" aria-required=\"true\" aria-invalid=\"false\" placeholder=\"Email:\" value=\"\" type=\"email\" name=\"your-email\" \/><\/span>\n<\/p>\n<p><span class=\"wpcf7-form-control-wrap\" data-name=\"number-persons\"><input class=\"wpcf7-form-control wpcf7-number wpcf7-validates-as-number\" min=\"1\" max=\"50\" aria-invalid=\"false\" placeholder=\"N\u00famero de personas:\" value=\"\" type=\"number\" name=\"number-persons\" \/><\/span>\n<\/p>\n<p><span class=\"wpcf7-form-control-wrap\" data-name=\"telephone\"><input size=\"40\" maxlength=\"400\" class=\"wpcf7-form-control wpcf7-tel wpcf7-validates-as-required wpcf7-text wpcf7-validates-as-tel\" aria-required=\"true\" aria-invalid=\"false\" placeholder=\"Tel\u00e9fono:\" value=\"\" type=\"tel\" name=\"telephone\" \/><\/span>\n<\/p>\n<p><span class=\"wpcf7-form-control-wrap\" data-name=\"date-921\"><input class=\"wpcf7-form-control wpcf7-date wpcf7-validates-as-date\" aria-invalid=\"false\" value=\"Date\" type=\"date\" name=\"date-921\" \/><\/span>\n<\/p>\n<p><span class=\"wpcf7-form-control-wrap\" data-name=\"type-tour\"><textarea cols=\"40\" rows=\"10\" maxlength=\"2000\" class=\"wpcf7-form-control wpcf7-textarea\" aria-invalid=\"false\" placeholder=\"Mensaje\" name=\"type-tour\"><\/textarea><\/span>\n<\/p>\n<p><span id=\"wpcf7-69dc60b26a2f7-wrapper\" class=\"wpcf7-form-control-wrap website-wrap\" style=\"display:none !important; visibility:hidden !important;\"><label for=\"wpcf7-69dc60b26a2f7-field\" class=\"hp-message\">Please leave this field empty.<\/label><input id=\"wpcf7-69dc60b26a2f7-field\"  class=\"wpcf7-form-control wpcf7-text\" type=\"text\" name=\"website\" value=\"\" size=\"40\" tabindex=\"-1\" autocomplete=\"new-password\" \/><\/span><br \/>\n<span class=\"wpcf7-form-control-wrap\" data-name=\"Aceptacion\"><span class=\"wpcf7-form-control wpcf7-acceptance\"><span class=\"wpcf7-list-item\"><label><input type=\"checkbox\" name=\"Aceptacion\" value=\"1\" aria-invalid=\"false\" \/><span class=\"wpcf7-list-item-label\">He le\u00eddo y acepto la <a href=\"https:\/\/barcelona-discovery.com\/politica-de-privacidad-y-proteccion-de-datos-personales\/\"target=_blank\">Pol\u00edtica de Privacidad<\/a><\/span><\/label><\/span><\/span><\/span>\n<\/p>\n<p><input class=\"wpcf7-form-control wpcf7-submit has-spinner\" type=\"submit\" value=\"Enviar\" \/>\n<\/p><p style=\"display: none !important;\" class=\"akismet-fields-container\" data-prefix=\"_wpcf7_ak_\"><label>&#916;<textarea name=\"_wpcf7_ak_hp_textarea\" cols=\"45\" rows=\"8\" maxlength=\"100\"><\/textarea><\/label><input type=\"hidden\" id=\"ak_js_1\" name=\"_wpcf7_ak_js\" value=\"37\"\/><script>document.getElementById( \"ak_js_1\" ).setAttribute( \"value\", ( new Date() ).getTime() );<\/script><\/p><div class=\"wpcf7-response-output\" aria-hidden=\"true\"><\/div>\n<\/form>\n<\/div>\n[\/vc_column_text][\/vc_column][\/vc_row][vc_row][vc_column][vc_widget_sidebar][\/vc_column][\/vc_row]<\/p>\n<\/div>","protected":false},"excerpt":{"rendered":"<p>[vc_row gap=&#8221;2&#8243; equal_height=&#8221;yes&#8221;][vc_column][vc_column_text]<br \/>\nQu\u00e9 nos hace diferentes ?<br \/>\nBarcelona Discovery ofrece experiencias que combinan el \u201cslow travel\u201d con el turismo ecol\u00f3gico. Nuestras experiencias les permiten disfrutar de Barcelona y Catalu\u00f1a <\/p>\n","protected":false},"author":1,"featured_media":0,"parent":0,"menu_order":0,"comment_status":"closed","ping_status":"closed","template":"","meta":{"footnotes":""},"class_list":["post-1484","page","type-page","status-publish","hentry"],"yoast_head":"<!-- This site is optimized with the Yoast SEO plugin v26.1.1 - https:\/\/yoast.com\/wordpress\/plugins\/seo\/ -->\n<title>Sobre Nosotros- Barcelona Discovery<\/title>\n<meta name=\"description\" content=\"Ofrecemos experiencias que combinan el \u201cslow travel\u201d con el turismo ecol\u00f3gico. Organizamos todo tipo de experiencias en un entorno privilegiado.\" \/>\n<meta name=\"robots\" content=\"index, follow, max-snippet:-1, max-image-preview:large, max-video-preview:-1\" \/>\n<link rel=\"canonical\" href=\"https:\/\/barcelona-discovery.com\/about-us\/\" \/>\n<meta property=\"og:locale\" content=\"es_ES\" \/>\n<meta property=\"og:type\" content=\"article\" \/>\n<meta property=\"og:title\" content=\"Sobre Nosotros- Barcelona Discovery\" \/>\n<meta property=\"og:description\" content=\"Ofrecemos experiencias que combinan el \u201cslow travel\u201d con el turismo ecol\u00f3gico. Organizamos todo tipo de experiencias en un entorno privilegiado.\" \/>\n<meta property=\"og:url\" content=\"https:\/\/barcelona-discovery.com\/about-us\/\" \/>\n<meta property=\"og:site_name\" content=\"Barcelona Discovery\" \/>\n<meta property=\"article:publisher\" content=\"https:\/\/www.facebook.com\/BarcelonaDiscovery\/\" \/>\n<meta property=\"article:modified_time\" content=\"2018-11-26T15:31:49+00:00\" \/>\n<meta property=\"og:image\" content=\"https:\/\/barcelona-discovery.com\/wp-content\/uploads\/2017\/09\/tour-general.jpg\" \/>\n\t<meta property=\"og:image:width\" content=\"1400\" \/>\n\t<meta property=\"og:image:height\" content=\"300\" \/>\n\t<meta property=\"og:image:type\" content=\"image\/jpeg\" \/>\n<meta name=\"twitter:card\" content=\"summary_large_image\" \/>\n<meta name=\"twitter:site\" content=\"@bcn_discovery\" \/>\n<meta name=\"twitter:label1\" content=\"Tiempo de lectura\" \/>\n\t<meta name=\"twitter:data1\" content=\"2 minutos\" \/>\n<script type=\"application\/ld+json\" class=\"yoast-schema-graph\">{\"@context\":\"https:\/\/schema.org\",\"@graph\":[{\"@type\":\"WebPage\",\"@id\":\"https:\/\/barcelona-discovery.com\/about-us\/\",\"url\":\"https:\/\/barcelona-discovery.com\/about-us\/\",\"name\":\"Sobre Nosotros- Barcelona Discovery\",\"isPartOf\":{\"@id\":\"https:\/\/barcelona-discovery.com\/#website\"},\"datePublished\":\"2018-01-23T09:24:37+00:00\",\"dateModified\":\"2018-11-26T15:31:49+00:00\",\"description\":\"Ofrecemos experiencias que combinan el \u201cslow travel\u201d con el turismo ecol\u00f3gico. Organizamos todo tipo de experiencias en un entorno privilegiado.\",\"breadcrumb\":{\"@id\":\"https:\/\/barcelona-discovery.com\/about-us\/#breadcrumb\"},\"inLanguage\":\"es\",\"potentialAction\":[{\"@type\":\"ReadAction\",\"target\":[\"https:\/\/barcelona-discovery.com\/about-us\/\"]}]},{\"@type\":\"BreadcrumbList\",\"@id\":\"https:\/\/barcelona-discovery.com\/about-us\/#breadcrumb\",\"itemListElement\":[{\"@type\":\"ListItem\",\"position\":1,\"name\":\"Home\",\"item\":\"https:\/\/barcelona-discovery.com\/es\/\"},{\"@type\":\"ListItem\",\"position\":2,\"name\":\"Sobre Nosotros\"}]},{\"@type\":\"WebSite\",\"@id\":\"https:\/\/barcelona-discovery.com\/#website\",\"url\":\"https:\/\/barcelona-discovery.com\/\",\"name\":\"Barcelona Discovery\",\"description\":\"Private Tours around Barcelona\",\"publisher\":{\"@id\":\"https:\/\/barcelona-discovery.com\/#organization\"},\"potentialAction\":[{\"@type\":\"SearchAction\",\"target\":{\"@type\":\"EntryPoint\",\"urlTemplate\":\"https:\/\/barcelona-discovery.com\/?s={search_term_string}\"},\"query-input\":{\"@type\":\"PropertyValueSpecification\",\"valueRequired\":true,\"valueName\":\"search_term_string\"}}],\"inLanguage\":\"es\"},{\"@type\":\"Organization\",\"@id\":\"https:\/\/barcelona-discovery.com\/#organization\",\"name\":\"Barcelona Discovery\",\"url\":\"https:\/\/barcelona-discovery.com\/\",\"logo\":{\"@type\":\"ImageObject\",\"inLanguage\":\"es\",\"@id\":\"https:\/\/barcelona-discovery.com\/#\/schema\/logo\/image\/\",\"url\":\"https:\/\/barcelona-discovery.com\/wp-content\/uploads\/2024\/02\/logo-linkein.jpg\",\"contentUrl\":\"https:\/\/barcelona-discovery.com\/wp-content\/uploads\/2024\/02\/logo-linkein.jpg\",\"width\":300,\"height\":300,\"caption\":\"Barcelona Discovery\"},\"image\":{\"@id\":\"https:\/\/barcelona-discovery.com\/#\/schema\/logo\/image\/\"},\"sameAs\":[\"https:\/\/www.facebook.com\/BarcelonaDiscovery\/\",\"https:\/\/x.com\/bcn_discovery\",\"https:\/\/www.instagram.com\/barcelonadiscovery\/\",\"https:\/\/www.youtube.com\/channel\/UCwpragtLkdmFTHCzinFQG_g\"]}]}<\/script>\n<!-- \/ Yoast SEO plugin. -->","yoast_head_json":{"title":"Sobre Nosotros- Barcelona Discovery","description":"Ofrecemos experiencias que combinan el \u201cslow travel\u201d con el turismo ecol\u00f3gico. Organizamos todo tipo de experiencias en un entorno privilegiado.","robots":{"index":"index","follow":"follow","max-snippet":"max-snippet:-1","max-image-preview":"max-image-preview:large","max-video-preview":"max-video-preview:-1"},"canonical":"https:\/\/barcelona-discovery.com\/about-us\/","og_locale":"es_ES","og_type":"article","og_title":"Sobre Nosotros- Barcelona Discovery","og_description":"Ofrecemos experiencias que combinan el \u201cslow travel\u201d con el turismo ecol\u00f3gico. Organizamos todo tipo de experiencias en un entorno privilegiado.","og_url":"https:\/\/barcelona-discovery.com\/about-us\/","og_site_name":"Barcelona Discovery","article_publisher":"https:\/\/www.facebook.com\/BarcelonaDiscovery\/","article_modified_time":"2018-11-26T15:31:49+00:00","og_image":[{"width":1400,"height":300,"url":"https:\/\/barcelona-discovery.com\/wp-content\/uploads\/2017\/09\/tour-general.jpg","type":"image\/jpeg"}],"twitter_card":"summary_large_image","twitter_site":"@bcn_discovery","twitter_misc":{"Tiempo de lectura":"2 minutos"},"schema":{"@context":"https:\/\/schema.org","@graph":[{"@type":"WebPage","@id":"https:\/\/barcelona-discovery.com\/about-us\/","url":"https:\/\/barcelona-discovery.com\/about-us\/","name":"Sobre Nosotros- Barcelona Discovery","isPartOf":{"@id":"https:\/\/barcelona-discovery.com\/#website"},"datePublished":"2018-01-23T09:24:37+00:00","dateModified":"2018-11-26T15:31:49+00:00","description":"Ofrecemos experiencias que combinan el \u201cslow travel\u201d con el turismo ecol\u00f3gico. Organizamos todo tipo de experiencias en un entorno privilegiado.","breadcrumb":{"@id":"https:\/\/barcelona-discovery.com\/about-us\/#breadcrumb"},"inLanguage":"es","potentialAction":[{"@type":"ReadAction","target":["https:\/\/barcelona-discovery.com\/about-us\/"]}]},{"@type":"BreadcrumbList","@id":"https:\/\/barcelona-discovery.com\/about-us\/#breadcrumb","itemListElement":[{"@type":"ListItem","position":1,"name":"Home","item":"https:\/\/barcelona-discovery.com\/es\/"},{"@type":"ListItem","position":2,"name":"Sobre Nosotros"}]},{"@type":"WebSite","@id":"https:\/\/barcelona-discovery.com\/#website","url":"https:\/\/barcelona-discovery.com\/","name":"Barcelona Discovery","description":"Private Tours around Barcelona","publisher":{"@id":"https:\/\/barcelona-discovery.com\/#organization"},"potentialAction":[{"@type":"SearchAction","target":{"@type":"EntryPoint","urlTemplate":"https:\/\/barcelona-discovery.com\/?s={search_term_string}"},"query-input":{"@type":"PropertyValueSpecification","valueRequired":true,"valueName":"search_term_string"}}],"inLanguage":"es"},{"@type":"Organization","@id":"https:\/\/barcelona-discovery.com\/#organization","name":"Barcelona Discovery","url":"https:\/\/barcelona-discovery.com\/","logo":{"@type":"ImageObject","inLanguage":"es","@id":"https:\/\/barcelona-discovery.com\/#\/schema\/logo\/image\/","url":"https:\/\/barcelona-discovery.com\/wp-content\/uploads\/2024\/02\/logo-linkein.jpg","contentUrl":"https:\/\/barcelona-discovery.com\/wp-content\/uploads\/2024\/02\/logo-linkein.jpg","width":300,"height":300,"caption":"Barcelona Discovery"},"image":{"@id":"https:\/\/barcelona-discovery.com\/#\/schema\/logo\/image\/"},"sameAs":["https:\/\/www.facebook.com\/BarcelonaDiscovery\/","https:\/\/x.com\/bcn_discovery","https:\/\/www.instagram.com\/barcelonadiscovery\/","https:\/\/www.youtube.com\/channel\/UCwpragtLkdmFTHCzinFQG_g"]}]}},"_links":{"self":[{"href":"https:\/\/barcelona-discovery.com\/es\/wp-json\/wp\/v2\/pages\/1484","targetHints":{"allow":["GET"]}}],"collection":[{"href":"https:\/\/barcelona-discovery.com\/es\/wp-json\/wp\/v2\/pages"}],"about":[{"href":"https:\/\/barcelona-discovery.com\/es\/wp-json\/wp\/v2\/types\/page"}],"author":[{"embeddable":true,"href":"https:\/\/barcelona-discovery.com\/es\/wp-json\/wp\/v2\/users\/1"}],"replies":[{"embeddable":true,"href":"https:\/\/barcelona-discovery.com\/es\/wp-json\/wp\/v2\/comments?post=1484"}],"version-history":[{"count":7,"href":"https:\/\/barcelona-discovery.com\/es\/wp-json\/wp\/v2\/pages\/1484\/revisions"}],"predecessor-version":[{"id":3650,"href":"https:\/\/barcelona-discovery.com\/es\/wp-json\/wp\/v2\/pages\/1484\/revisions\/3650"}],"wp:attachment":[{"href":"https:\/\/barcelona-discovery.com\/es\/wp-json\/wp\/v2\/media?parent=1484"}],"curies":[{"name":"wp","href":"https:\/\/api.w.org\/{rel}","templated":true}]}}