{"id":6790,"date":"2021-02-24T09:58:36","date_gmt":"2021-02-24T08:58:36","guid":{"rendered":"https:\/\/barcelona-discovery.com\/?page_id=6790"},"modified":"2021-03-08T10:20:03","modified_gmt":"2021-03-08T09:20:03","slug":"politica-de-turismo-responsable","status":"publish","type":"page","link":"https:\/\/barcelona-discovery.com\/es\/politica-de-turismo-responsable\/","title":{"rendered":"Politica de Turismo Responsable"},"content":{"rendered":"<p>Conscientes de la importancia de mantener un desarrollo tur\u00edstico sostenible, y asumidos los principios y objetivos adoptados espec\u00edficamente en la\u00a0 Cumbre Mundial sobre el Desarrollo Sostenible 2015, la COP 21 y la Carta Mundial del Turismo Sostenible + 20, el <strong>Barcelona Discovery<\/strong>\u00a0se compromete a llevar a cabo una gesti\u00f3n sostenible de sus actividades, mediante la adopci\u00f3n de compromisos orientados a prevenir, eliminar o reducir el impacto de nuestras instalaciones y actividades, tanto internas como externas, as\u00ed como optimizar la sostenibilidad del establecimiento mejorando su comportamiento con el entorno.<\/p>\n<p>En ese mismo sentido, nuestra entidad ha adoptado la siguiente Pol\u00edtica de Turismo Responsable, mediante la cual se compromete a cumplir los requisitos establecidos en la adhesi\u00f3n BIOSPHERE, que incluye, entre otras cosas, los requerimientos legales que regulan los efectos generados por la actividad tur\u00edstica.<\/p>\n<p>As\u00ed mismo, nos comprometemos a motivar y formar a nuestro personal con acciones formativas y de concienciaci\u00f3n sobre los principios del Turismo Responsable, a promover las buenas pr\u00e1cticas medioambientales en el entorno y participar en actividades externas, y a informar tanto interna como externamente sobre los avances y actuaciones medioambientales de la empresa.<\/p>\n<p>De igual manera, nuestro establecimiento manifiesta el compromiso expreso de lucha contra la explotaci\u00f3n sexual o cualquier otra forma de explotaci\u00f3n y acoso comercial,\u00a0 en particular de los ni\u00f1os, adolescentes, mujeres y minor\u00edas; y nos comprometemos a adoptar medidas de accesibilidad universal.<\/p>\n<p>&nbsp;<\/p>\n<p>Uno de nuestros principales objetivos es perfeccionar la gesti\u00f3n sostenible, asumiendo los compromisos de mejora continua en todos los \u00e1mbitos de la sostenibilidad: social, econ\u00f3mico y ambiental, as\u00ed como en la satisfacci\u00f3n del cliente. Para ello, se someter\u00e1n los proyectos de futuras ampliaciones de las instalaciones o actividades a criterios de sostenibilidad y eficiencia en el uso de recursos.<\/p>\n<p>Esta Pol\u00edtica de Turismo Responsable se actualizar\u00e1 siempre que las circunstancias lo requieran, adoptando y publicando en ambos casos nuevos objetivos de sostenibilidad.<\/p>\n","protected":false},"excerpt":{"rendered":"<p>Conscientes de la importancia de mantener un desarrollo tur\u00edstico sostenible, y asumidos los principios y objetivos adoptados espec\u00edficamente en la\u00a0 Cumbre Mundial sobre el Desarrollo Sostenible 2015, la COP 21 <\/p>\n","protected":false},"author":1,"featured_media":0,"parent":0,"menu_order":0,"comment_status":"closed","ping_status":"closed","template":"","meta":{"footnotes":""},"class_list":["post-6790","page","type-page","status-publish","hentry"],"yoast_head":"<!-- This site is optimized with the Yoast SEO plugin v26.1.1 - https:\/\/yoast.com\/wordpress\/plugins\/seo\/ -->\n<title>Politica de Turismo Responsable - Barcelona Discovery<\/title>\n<meta name=\"robots\" content=\"index, follow, max-snippet:-1, max-image-preview:large, max-video-preview:-1\" \/>\n<link rel=\"canonical\" href=\"https:\/\/barcelona-discovery.com\/responsible-tourism-policy\/\" \/>\n<meta property=\"og:locale\" content=\"es_ES\" \/>\n<meta property=\"og:type\" content=\"article\" \/>\n<meta property=\"og:title\" content=\"Politica de Turismo Responsable - Barcelona Discovery\" \/>\n<meta property=\"og:description\" content=\"Conscientes de la importancia de mantener un desarrollo tur\u00edstico sostenible, y asumidos los principios y objetivos adoptados espec\u00edficamente en la\u00a0 Cumbre Mundial sobre el Desarrollo Sostenible 2015, la COP 21\" \/>\n<meta property=\"og:url\" content=\"https:\/\/barcelona-discovery.com\/responsible-tourism-policy\/\" \/>\n<meta property=\"og:site_name\" content=\"Barcelona Discovery\" \/>\n<meta property=\"article:publisher\" content=\"https:\/\/www.facebook.com\/BarcelonaDiscovery\/\" \/>\n<meta property=\"article:modified_time\" content=\"2021-03-08T09:20:03+00:00\" \/>\n<meta name=\"twitter:card\" content=\"summary_large_image\" \/>\n<meta name=\"twitter:site\" content=\"@bcn_discovery\" \/>\n<meta name=\"twitter:label1\" content=\"Tiempo de lectura\" \/>\n\t<meta name=\"twitter:data1\" content=\"2 minutos\" \/>\n<script type=\"application\/ld+json\" class=\"yoast-schema-graph\">{\"@context\":\"https:\/\/schema.org\",\"@graph\":[{\"@type\":\"WebPage\",\"@id\":\"https:\/\/barcelona-discovery.com\/responsible-tourism-policy\/\",\"url\":\"https:\/\/barcelona-discovery.com\/responsible-tourism-policy\/\",\"name\":\"Politica de Turismo Responsable - Barcelona Discovery\",\"isPartOf\":{\"@id\":\"https:\/\/barcelona-discovery.com\/#website\"},\"datePublished\":\"2021-02-24T08:58:36+00:00\",\"dateModified\":\"2021-03-08T09:20:03+00:00\",\"breadcrumb\":{\"@id\":\"https:\/\/barcelona-discovery.com\/responsible-tourism-policy\/#breadcrumb\"},\"inLanguage\":\"es\",\"potentialAction\":[{\"@type\":\"ReadAction\",\"target\":[\"https:\/\/barcelona-discovery.com\/responsible-tourism-policy\/\"]}]},{\"@type\":\"BreadcrumbList\",\"@id\":\"https:\/\/barcelona-discovery.com\/responsible-tourism-policy\/#breadcrumb\",\"itemListElement\":[{\"@type\":\"ListItem\",\"position\":1,\"name\":\"Home\",\"item\":\"https:\/\/barcelona-discovery.com\/es\/\"},{\"@type\":\"ListItem\",\"position\":2,\"name\":\"Politica de Turismo Responsable\"}]},{\"@type\":\"WebSite\",\"@id\":\"https:\/\/barcelona-discovery.com\/#website\",\"url\":\"https:\/\/barcelona-discovery.com\/\",\"name\":\"Barcelona Discovery\",\"description\":\"Private Tours around Barcelona\",\"publisher\":{\"@id\":\"https:\/\/barcelona-discovery.com\/#organization\"},\"potentialAction\":[{\"@type\":\"SearchAction\",\"target\":{\"@type\":\"EntryPoint\",\"urlTemplate\":\"https:\/\/barcelona-discovery.com\/?s={search_term_string}\"},\"query-input\":{\"@type\":\"PropertyValueSpecification\",\"valueRequired\":true,\"valueName\":\"search_term_string\"}}],\"inLanguage\":\"es\"},{\"@type\":\"Organization\",\"@id\":\"https:\/\/barcelona-discovery.com\/#organization\",\"name\":\"Barcelona Discovery\",\"url\":\"https:\/\/barcelona-discovery.com\/\",\"logo\":{\"@type\":\"ImageObject\",\"inLanguage\":\"es\",\"@id\":\"https:\/\/barcelona-discovery.com\/#\/schema\/logo\/image\/\",\"url\":\"https:\/\/barcelona-discovery.com\/wp-content\/uploads\/2024\/02\/logo-linkein.jpg\",\"contentUrl\":\"https:\/\/barcelona-discovery.com\/wp-content\/uploads\/2024\/02\/logo-linkein.jpg\",\"width\":300,\"height\":300,\"caption\":\"Barcelona Discovery\"},\"image\":{\"@id\":\"https:\/\/barcelona-discovery.com\/#\/schema\/logo\/image\/\"},\"sameAs\":[\"https:\/\/www.facebook.com\/BarcelonaDiscovery\/\",\"https:\/\/x.com\/bcn_discovery\",\"https:\/\/www.instagram.com\/barcelonadiscovery\/\",\"https:\/\/www.youtube.com\/channel\/UCwpragtLkdmFTHCzinFQG_g\"]}]}<\/script>\n<!-- \/ Yoast SEO plugin. -->","yoast_head_json":{"title":"Politica de Turismo Responsable - Barcelona Discovery","robots":{"index":"index","follow":"follow","max-snippet":"max-snippet:-1","max-image-preview":"max-image-preview:large","max-video-preview":"max-video-preview:-1"},"canonical":"https:\/\/barcelona-discovery.com\/responsible-tourism-policy\/","og_locale":"es_ES","og_type":"article","og_title":"Politica de Turismo Responsable - Barcelona Discovery","og_description":"Conscientes de la importancia de mantener un desarrollo tur\u00edstico sostenible, y asumidos los principios y objetivos adoptados espec\u00edficamente en la\u00a0 Cumbre Mundial sobre el Desarrollo Sostenible 2015, la COP 21","og_url":"https:\/\/barcelona-discovery.com\/responsible-tourism-policy\/","og_site_name":"Barcelona Discovery","article_publisher":"https:\/\/www.facebook.com\/BarcelonaDiscovery\/","article_modified_time":"2021-03-08T09:20:03+00:00","twitter_card":"summary_large_image","twitter_site":"@bcn_discovery","twitter_misc":{"Tiempo de lectura":"2 minutos"},"schema":{"@context":"https:\/\/schema.org","@graph":[{"@type":"WebPage","@id":"https:\/\/barcelona-discovery.com\/responsible-tourism-policy\/","url":"https:\/\/barcelona-discovery.com\/responsible-tourism-policy\/","name":"Politica de Turismo Responsable - Barcelona Discovery","isPartOf":{"@id":"https:\/\/barcelona-discovery.com\/#website"},"datePublished":"2021-02-24T08:58:36+00:00","dateModified":"2021-03-08T09:20:03+00:00","breadcrumb":{"@id":"https:\/\/barcelona-discovery.com\/responsible-tourism-policy\/#breadcrumb"},"inLanguage":"es","potentialAction":[{"@type":"ReadAction","target":["https:\/\/barcelona-discovery.com\/responsible-tourism-policy\/"]}]},{"@type":"BreadcrumbList","@id":"https:\/\/barcelona-discovery.com\/responsible-tourism-policy\/#breadcrumb","itemListElement":[{"@type":"ListItem","position":1,"name":"Home","item":"https:\/\/barcelona-discovery.com\/es\/"},{"@type":"ListItem","position":2,"name":"Politica de Turismo Responsable"}]},{"@type":"WebSite","@id":"https:\/\/barcelona-discovery.com\/#website","url":"https:\/\/barcelona-discovery.com\/","name":"Barcelona Discovery","description":"Private Tours around Barcelona","publisher":{"@id":"https:\/\/barcelona-discovery.com\/#organization"},"potentialAction":[{"@type":"SearchAction","target":{"@type":"EntryPoint","urlTemplate":"https:\/\/barcelona-discovery.com\/?s={search_term_string}"},"query-input":{"@type":"PropertyValueSpecification","valueRequired":true,"valueName":"search_term_string"}}],"inLanguage":"es"},{"@type":"Organization","@id":"https:\/\/barcelona-discovery.com\/#organization","name":"Barcelona Discovery","url":"https:\/\/barcelona-discovery.com\/","logo":{"@type":"ImageObject","inLanguage":"es","@id":"https:\/\/barcelona-discovery.com\/#\/schema\/logo\/image\/","url":"https:\/\/barcelona-discovery.com\/wp-content\/uploads\/2024\/02\/logo-linkein.jpg","contentUrl":"https:\/\/barcelona-discovery.com\/wp-content\/uploads\/2024\/02\/logo-linkein.jpg","width":300,"height":300,"caption":"Barcelona Discovery"},"image":{"@id":"https:\/\/barcelona-discovery.com\/#\/schema\/logo\/image\/"},"sameAs":["https:\/\/www.facebook.com\/BarcelonaDiscovery\/","https:\/\/x.com\/bcn_discovery","https:\/\/www.instagram.com\/barcelonadiscovery\/","https:\/\/www.youtube.com\/channel\/UCwpragtLkdmFTHCzinFQG_g"]}]}},"_links":{"self":[{"href":"https:\/\/barcelona-discovery.com\/es\/wp-json\/wp\/v2\/pages\/6790","targetHints":{"allow":["GET"]}}],"collection":[{"href":"https:\/\/barcelona-discovery.com\/es\/wp-json\/wp\/v2\/pages"}],"about":[{"href":"https:\/\/barcelona-discovery.com\/es\/wp-json\/wp\/v2\/types\/page"}],"author":[{"embeddable":true,"href":"https:\/\/barcelona-discovery.com\/es\/wp-json\/wp\/v2\/users\/1"}],"replies":[{"embeddable":true,"href":"https:\/\/barcelona-discovery.com\/es\/wp-json\/wp\/v2\/comments?post=6790"}],"version-history":[{"count":1,"href":"https:\/\/barcelona-discovery.com\/es\/wp-json\/wp\/v2\/pages\/6790\/revisions"}],"predecessor-version":[{"id":6792,"href":"https:\/\/barcelona-discovery.com\/es\/wp-json\/wp\/v2\/pages\/6790\/revisions\/6792"}],"wp:attachment":[{"href":"https:\/\/barcelona-discovery.com\/es\/wp-json\/wp\/v2\/media?parent=6790"}],"curies":[{"name":"wp","href":"https:\/\/api.w.org\/{rel}","templated":true}]}}