{"id":7694,"date":"2023-11-17T10:18:20","date_gmt":"2023-11-17T09:18:20","guid":{"rendered":"https:\/\/barcelona-discovery.com\/sostenibilidad\/"},"modified":"2023-11-17T10:18:20","modified_gmt":"2023-11-17T09:18:20","slug":"sostenibilidad","status":"publish","type":"page","link":"https:\/\/barcelona-discovery.com\/es\/sostenibilidad\/","title":{"rendered":"Sostenibilidad"},"content":{"rendered":"<div class=\"wpb-content-wrapper\"><p>[vc_row][vc_column width=&#8221;1\/2&#8243;][vc_tta_accordion][vc_tta_section i_type=&#8221;material&#8221; i_icon_material=&#8221;vc-material vc-material-directions_bus&#8221; add_icon=&#8221;true&#8221; title=&#8221;Transporte&#8221; tab_id=&#8221;1674491491006-7ebec3a9-fefa&#8221;][vc_hoverbox image=&#8221;2583&#8243; primary_title=&#8221;&#8221; hover_title=&#8221;Transporte&#8221; hover_background_color=&#8221;vista-blue&#8221;]Utilizar el transporte p\u00fablico, local o colectivo, para contribuir al cuidado del medio ambiente. Si es posible, camine o utilice medios de transporte no motorizados, como la bicicleta.<\/p>\n<p>[\/vc_hoverbox][\/vc_tta_section][vc_tta_section i_type=&#8221;monosocial&#8221; i_icon_monosocial=&#8221;vc-mono vc-mono-icq&#8221; add_icon=&#8221;true&#8221; title=&#8221;Entorno Natural&#8221; tab_id=&#8221;1674491491007-0845f8ba-d19e&#8221;][vc_column_text]Utilizar el transporte p\u00fablico, local o colectivo, para contribuir al cuidado del medio ambiente. Si es posible, camine o utilice medios de transporte no motorizados, como la bicicleta.[\/vc_column_text][\/vc_tta_section][\/vc_tta_accordion][vc_hoverbox image=&#8221;5999&#8243; primary_title=&#8221;&#8221; hover_title=&#8221;Entorno natural&#8221; hover_background_color=&#8221;vista-blue&#8221;]Observe la vida silvestre desde lejos sin molestarla, no arranque flores ni plantas. En espacios naturales, y especialmente en espacios protegidos, intenta siempre seguir los senderos.<\/p>\n<p>No sacar &#8216;souvenirs&#8217; de espacios naturales o arqueol\u00f3gicos ni deteriorar su entorno con pintadas o realizando actividades no sostenibles.<\/p>\n<p>[\/vc_hoverbox][\/vc_column][vc_column width=&#8221;1\/2&#8243;][vc_tta_accordion][vc_tta_section i_type=&#8221;typicons&#8221; add_icon=&#8221;true&#8221; title=&#8221;Respeta tu destinaci\u00f3n&#8221; tab_id=&#8221;1674492919860-6bc0df4e-847a&#8221;][vc_hoverbox image=&#8221;2356&#8243; primary_title=&#8221;&#8221; hover_title=&#8221;Respeta tu destinaci\u00f3n&#8221; hover_background_color=&#8221;vista-blue&#8221; css_animation=&#8221;none&#8221;]Todas las poblaciones tienen su propia historia, cultura y valores naturales. Debes conocerlos para saber comportarte sin hacerles da\u00f1o.<\/p>\n<p>Establecer relaciones correctas y cordiales con la poblaci\u00f3n local, sin prejuicios. Intenta siempre adaptarte a los usos y costumbres locales, sin imponer tus h\u00e1bitos y estilos de vida. Las personas no son parte del paisaje, es recomendable pedirles permiso antes de tomar fotograf\u00edas.[\/vc_hoverbox][\/vc_tta_section][vc_tta_section i_type=&#8221;typicons&#8221; i_icon_typicons=&#8221;typcn typcn-eye-outline&#8221; add_icon=&#8221;true&#8221; title=&#8221;Mision, Vision y Valores&#8221; tab_id=&#8221;1674492919861-4f099322-e56e&#8221;][\/vc_tta_section][\/vc_tta_accordion][vc_hoverbox image=&#8221;1932&#8243; primary_title=&#8221;&#8221; hover_title=&#8221;Mision, Vision y Valores&#8221; hover_background_color=&#8221;vista-blue&#8221;]Misi\u00f3n: Organizamos tours privados a medida, \u00fanicos y personalizados. Buscando ofrecer servicios de alta calidad tanto para clientes particulares como para agencias de viajes y empresas.<\/p>\n<p>Visi\u00f3n de futuro: Ser una agencia que ofrezca servicios de alta calidad, fomentando el turismo sostenible, intentando dar a conocer Catalu\u00f1a como un lugar con experiencias \u00fanicas.<\/p>\n<p>Valores: innovaci\u00f3n, proactividad, pensamiento positivo y empat\u00eda, respeto a la naturaleza y el medio ambiente.<\/p>\n<p>[\/vc_hoverbox][\/vc_column][\/vc_row][vc_row][vc_column width=&#8221;1\/2&#8243;][vc_tta_accordion][vc_tta_section i_type=&#8221;material&#8221; i_icon_material=&#8221;vc-material vc-material-face&#8221; add_icon=&#8221;true&#8221; title=&#8221;Buenas Pr\u00e1cticas&#8221; tab_id=&#8221;1674494009303-16d2373f-f0ba&#8221;][vc_hoverbox image=&#8221;3771&#8243; primary_title=&#8221;&#8221; hover_title=&#8221;Buenas Pr\u00e1cticas&#8221; hover_background_color=&#8221;vista-blue&#8221;]Disfruta de los espacios naturales y de las diferentes rutas que te ofrece el destino para poder realizar a pie o en bicicleta.<\/p>\n<p>Abre tu mente a nuevas experiencias y s\u00e9 tolerante con la diversidad. Contribuir al desarrollo de un turismo responsable, justo y sostenible.<\/p>\n<p>[\/vc_hoverbox][\/vc_tta_section][\/vc_tta_accordion][\/vc_column][vc_column width=&#8221;1\/2&#8243;][vc_tta_accordion][vc_tta_section i_type=&#8221;typicons&#8221; i_icon_typicons=&#8221;typcn typcn-shopping-cart&#8221; add_icon=&#8221;true&#8221; title=&#8221;Reduce Residuos&#8221; tab_id=&#8221;1674494216797-8ebd4eca-8ad1&#8243;][vc_hoverbox image=&#8221;1884&#8243; primary_title=&#8221;&#8221; hover_title=&#8221;Reduce Residuos&#8221; hover_background_color=&#8221;vista-blue&#8221;]No tires basura. Gu\u00e1rdalos hasta encontrar un lugar adecuado para desecharlos (papeleras, contenedores, etc.).<\/p>\n<p>Es recomendable llevar envases reutilizables, como bolsas o botellas, as\u00ed generas menos residuos.<\/p>\n<p>Utilizar de forma responsable los recursos naturales como el agua, la electricidad o el gas. Consume s\u00f3lo lo que necesitas.<\/p>\n<p>[\/vc_hoverbox][\/vc_tta_section][\/vc_tta_accordion][\/vc_column][\/vc_row]<\/p>\n<\/div>","protected":false},"excerpt":{"rendered":"<p>[vc_row][vc_column width=&#8221;1\/2&#8243;][vc_tta_accordion][vc_tta_section i_type=&#8221;material&#8221; i_icon_material=&#8221;vc-material vc-material-directions_bus&#8221; add_icon=&#8221;true&#8221; title=&#8221;Transporte&#8221; tab_id=&#8221;1674491491006-7ebec3a9-fefa&#8221;][vc_hoverbox image=&#8221;2583&#8243; primary_title=&#8221;&#8221; hover_title=&#8221;Transporte&#8221; hover_background_color=&#8221;vista-blue&#8221;]Utilizar el transporte p\u00fablico, local o colectivo, para contribuir al cuidado del medio ambiente. Si es posible, camine o <\/p>\n","protected":false},"author":1,"featured_media":0,"parent":0,"menu_order":0,"comment_status":"closed","ping_status":"closed","template":"","meta":{"footnotes":""},"class_list":["post-7694","page","type-page","status-publish","hentry"],"yoast_head":"<!-- This site is optimized with the Yoast SEO plugin v26.1.1 - https:\/\/yoast.com\/wordpress\/plugins\/seo\/ -->\n<title>Sostenibilidad - Barcelona Discovery<\/title>\n<meta name=\"robots\" content=\"index, follow, max-snippet:-1, max-image-preview:large, max-video-preview:-1\" \/>\n<link rel=\"canonical\" href=\"https:\/\/barcelona-discovery.com\/sustainability\/\" \/>\n<meta property=\"og:locale\" content=\"es_ES\" \/>\n<meta property=\"og:type\" content=\"article\" \/>\n<meta property=\"og:title\" content=\"Sostenibilidad - Barcelona Discovery\" \/>\n<meta property=\"og:description\" content=\"[vc_row][vc_column width=&#8221;1\/2&#8243;][vc_tta_accordion][vc_tta_section i_type=&#8221;material&#8221; i_icon_material=&#8221;vc-material vc-material-directions_bus&#8221; add_icon=&#8221;true&#8221; title=&#8221;Transporte&#8221; tab_id=&#8221;1674491491006-7ebec3a9-fefa&#8221;][vc_hoverbox image=&#8221;2583&#8243; primary_title=&#8221;&#8221; hover_title=&#8221;Transporte&#8221; hover_background_color=&#8221;vista-blue&#8221;]Utilizar el transporte p\u00fablico, local o colectivo, para contribuir al cuidado del medio ambiente. Si es posible, camine o\" \/>\n<meta property=\"og:url\" content=\"https:\/\/barcelona-discovery.com\/sustainability\/\" \/>\n<meta property=\"og:site_name\" content=\"Barcelona Discovery\" \/>\n<meta property=\"article:publisher\" content=\"https:\/\/www.facebook.com\/BarcelonaDiscovery\/\" \/>\n<meta name=\"twitter:card\" content=\"summary_large_image\" \/>\n<meta name=\"twitter:site\" content=\"@bcn_discovery\" \/>\n<meta name=\"twitter:label1\" content=\"Tiempo de lectura\" \/>\n\t<meta name=\"twitter:data1\" content=\"3 minutos\" \/>\n<script type=\"application\/ld+json\" class=\"yoast-schema-graph\">{\"@context\":\"https:\/\/schema.org\",\"@graph\":[{\"@type\":\"WebPage\",\"@id\":\"https:\/\/barcelona-discovery.com\/sustainability\/\",\"url\":\"https:\/\/barcelona-discovery.com\/sustainability\/\",\"name\":\"Sostenibilidad - Barcelona Discovery\",\"isPartOf\":{\"@id\":\"https:\/\/barcelona-discovery.com\/#website\"},\"datePublished\":\"2023-11-17T09:18:20+00:00\",\"breadcrumb\":{\"@id\":\"https:\/\/barcelona-discovery.com\/sustainability\/#breadcrumb\"},\"inLanguage\":\"es\",\"potentialAction\":[{\"@type\":\"ReadAction\",\"target\":[\"https:\/\/barcelona-discovery.com\/sustainability\/\"]}]},{\"@type\":\"BreadcrumbList\",\"@id\":\"https:\/\/barcelona-discovery.com\/sustainability\/#breadcrumb\",\"itemListElement\":[{\"@type\":\"ListItem\",\"position\":1,\"name\":\"Home\",\"item\":\"https:\/\/barcelona-discovery.com\/es\/\"},{\"@type\":\"ListItem\",\"position\":2,\"name\":\"Sostenibilidad\"}]},{\"@type\":\"WebSite\",\"@id\":\"https:\/\/barcelona-discovery.com\/#website\",\"url\":\"https:\/\/barcelona-discovery.com\/\",\"name\":\"Barcelona Discovery\",\"description\":\"Private Tours around Barcelona\",\"publisher\":{\"@id\":\"https:\/\/barcelona-discovery.com\/#organization\"},\"potentialAction\":[{\"@type\":\"SearchAction\",\"target\":{\"@type\":\"EntryPoint\",\"urlTemplate\":\"https:\/\/barcelona-discovery.com\/?s={search_term_string}\"},\"query-input\":{\"@type\":\"PropertyValueSpecification\",\"valueRequired\":true,\"valueName\":\"search_term_string\"}}],\"inLanguage\":\"es\"},{\"@type\":\"Organization\",\"@id\":\"https:\/\/barcelona-discovery.com\/#organization\",\"name\":\"Barcelona Discovery\",\"url\":\"https:\/\/barcelona-discovery.com\/\",\"logo\":{\"@type\":\"ImageObject\",\"inLanguage\":\"es\",\"@id\":\"https:\/\/barcelona-discovery.com\/#\/schema\/logo\/image\/\",\"url\":\"https:\/\/barcelona-discovery.com\/wp-content\/uploads\/2024\/02\/logo-linkein.jpg\",\"contentUrl\":\"https:\/\/barcelona-discovery.com\/wp-content\/uploads\/2024\/02\/logo-linkein.jpg\",\"width\":300,\"height\":300,\"caption\":\"Barcelona Discovery\"},\"image\":{\"@id\":\"https:\/\/barcelona-discovery.com\/#\/schema\/logo\/image\/\"},\"sameAs\":[\"https:\/\/www.facebook.com\/BarcelonaDiscovery\/\",\"https:\/\/x.com\/bcn_discovery\",\"https:\/\/www.instagram.com\/barcelonadiscovery\/\",\"https:\/\/www.youtube.com\/channel\/UCwpragtLkdmFTHCzinFQG_g\"]}]}<\/script>\n<!-- \/ Yoast SEO plugin. -->","yoast_head_json":{"title":"Sostenibilidad - Barcelona Discovery","robots":{"index":"index","follow":"follow","max-snippet":"max-snippet:-1","max-image-preview":"max-image-preview:large","max-video-preview":"max-video-preview:-1"},"canonical":"https:\/\/barcelona-discovery.com\/sustainability\/","og_locale":"es_ES","og_type":"article","og_title":"Sostenibilidad - Barcelona Discovery","og_description":"[vc_row][vc_column width=&#8221;1\/2&#8243;][vc_tta_accordion][vc_tta_section i_type=&#8221;material&#8221; i_icon_material=&#8221;vc-material vc-material-directions_bus&#8221; add_icon=&#8221;true&#8221; title=&#8221;Transporte&#8221; tab_id=&#8221;1674491491006-7ebec3a9-fefa&#8221;][vc_hoverbox image=&#8221;2583&#8243; primary_title=&#8221;&#8221; hover_title=&#8221;Transporte&#8221; hover_background_color=&#8221;vista-blue&#8221;]Utilizar el transporte p\u00fablico, local o colectivo, para contribuir al cuidado del medio ambiente. Si es posible, camine o","og_url":"https:\/\/barcelona-discovery.com\/sustainability\/","og_site_name":"Barcelona Discovery","article_publisher":"https:\/\/www.facebook.com\/BarcelonaDiscovery\/","twitter_card":"summary_large_image","twitter_site":"@bcn_discovery","twitter_misc":{"Tiempo de lectura":"3 minutos"},"schema":{"@context":"https:\/\/schema.org","@graph":[{"@type":"WebPage","@id":"https:\/\/barcelona-discovery.com\/sustainability\/","url":"https:\/\/barcelona-discovery.com\/sustainability\/","name":"Sostenibilidad - Barcelona Discovery","isPartOf":{"@id":"https:\/\/barcelona-discovery.com\/#website"},"datePublished":"2023-11-17T09:18:20+00:00","breadcrumb":{"@id":"https:\/\/barcelona-discovery.com\/sustainability\/#breadcrumb"},"inLanguage":"es","potentialAction":[{"@type":"ReadAction","target":["https:\/\/barcelona-discovery.com\/sustainability\/"]}]},{"@type":"BreadcrumbList","@id":"https:\/\/barcelona-discovery.com\/sustainability\/#breadcrumb","itemListElement":[{"@type":"ListItem","position":1,"name":"Home","item":"https:\/\/barcelona-discovery.com\/es\/"},{"@type":"ListItem","position":2,"name":"Sostenibilidad"}]},{"@type":"WebSite","@id":"https:\/\/barcelona-discovery.com\/#website","url":"https:\/\/barcelona-discovery.com\/","name":"Barcelona Discovery","description":"Private Tours around Barcelona","publisher":{"@id":"https:\/\/barcelona-discovery.com\/#organization"},"potentialAction":[{"@type":"SearchAction","target":{"@type":"EntryPoint","urlTemplate":"https:\/\/barcelona-discovery.com\/?s={search_term_string}"},"query-input":{"@type":"PropertyValueSpecification","valueRequired":true,"valueName":"search_term_string"}}],"inLanguage":"es"},{"@type":"Organization","@id":"https:\/\/barcelona-discovery.com\/#organization","name":"Barcelona Discovery","url":"https:\/\/barcelona-discovery.com\/","logo":{"@type":"ImageObject","inLanguage":"es","@id":"https:\/\/barcelona-discovery.com\/#\/schema\/logo\/image\/","url":"https:\/\/barcelona-discovery.com\/wp-content\/uploads\/2024\/02\/logo-linkein.jpg","contentUrl":"https:\/\/barcelona-discovery.com\/wp-content\/uploads\/2024\/02\/logo-linkein.jpg","width":300,"height":300,"caption":"Barcelona Discovery"},"image":{"@id":"https:\/\/barcelona-discovery.com\/#\/schema\/logo\/image\/"},"sameAs":["https:\/\/www.facebook.com\/BarcelonaDiscovery\/","https:\/\/x.com\/bcn_discovery","https:\/\/www.instagram.com\/barcelonadiscovery\/","https:\/\/www.youtube.com\/channel\/UCwpragtLkdmFTHCzinFQG_g"]}]}},"_links":{"self":[{"href":"https:\/\/barcelona-discovery.com\/es\/wp-json\/wp\/v2\/pages\/7694","targetHints":{"allow":["GET"]}}],"collection":[{"href":"https:\/\/barcelona-discovery.com\/es\/wp-json\/wp\/v2\/pages"}],"about":[{"href":"https:\/\/barcelona-discovery.com\/es\/wp-json\/wp\/v2\/types\/page"}],"author":[{"embeddable":true,"href":"https:\/\/barcelona-discovery.com\/es\/wp-json\/wp\/v2\/users\/1"}],"replies":[{"embeddable":true,"href":"https:\/\/barcelona-discovery.com\/es\/wp-json\/wp\/v2\/comments?post=7694"}],"version-history":[{"count":3,"href":"https:\/\/barcelona-discovery.com\/es\/wp-json\/wp\/v2\/pages\/7694\/revisions"}],"predecessor-version":[{"id":7697,"href":"https:\/\/barcelona-discovery.com\/es\/wp-json\/wp\/v2\/pages\/7694\/revisions\/7697"}],"wp:attachment":[{"href":"https:\/\/barcelona-discovery.com\/es\/wp-json\/wp\/v2\/media?parent=7694"}],"curies":[{"name":"wp","href":"https:\/\/api.w.org\/{rel}","templated":true}]}}