{"id":1568,"date":"2017-11-15T15:59:41","date_gmt":"2017-11-15T14:59:41","guid":{"rendered":"https:\/\/barcelona-discovery.com\/product\/organic-oil-experience\/"},"modified":"2024-06-06T11:19:53","modified_gmt":"2024-06-06T10:19:53","slug":"oleoturismo-en-barcelona","status":"publish","type":"product","link":"https:\/\/barcelona-discovery.com\/es\/tours\/oleoturismo-en-barcelona\/","title":{"rendered":"Oleoturismo &#8211; Una experiencia para el paladar"},"content":{"rendered":"<p><span style=\"font-weight: 400;\">El aceite de oliva es un elemento b\u00e1sico de la <strong>dieta mediterr\u00e1nea<\/strong>, que acompa\u00f1a muchos de sus platos con una aceitera al lado. Es por este motivo que esta experiencia es una gran manera de acercarse a la cultura catalana.<\/span><\/p>\n<p>&nbsp;<\/p>\n<p><span style=\"font-weight: 400;\">Este tour les va a mostrar el maravilloso mundo del \u201coro l\u00edquido\u201d, a la vez que podr\u00e1n disfrutar de la<strong> \u201cVall d\u2019Hortons\u201d.<\/strong> Paseando entre olivos milenarios sentir\u00e1n el silencio del valle, mientras avistan la magn\u00edfica silueta de <strong>Montserrat.<\/strong><\/span><\/p>\n<p>&nbsp;<\/p>\n<p><span style=\"font-weight: 400;\">Nuestro gu\u00eda les contar\u00e1 la diferencia entre las plantaciones de olivos viejos y nuevos, y entre las variedades de oliva <strong>(arbequina y corbella).<\/strong><\/span><\/p>\n<p>&nbsp;<\/p>\n<p><span style=\"font-weight: 400;\">Visitando el molino, aprender\u00e1n c\u00f3mo funciona el proceso de elaboraci\u00f3n, y m\u00e1s tarde podr\u00e1n catarlo acompa\u00f1ado de productos t\u00edpicos\u00a0 y ecol\u00f3gicos de la \u201cVall d\u2019Hortons\u201d (queso, miel, embutidos y vino).<\/span><\/p>\n<p>&nbsp;<\/p>\n<p><span style=\"font-weight: 400;\">Finalizada la visita, nos acercaremos a la peque\u00f1a aldea de<strong> Castelladral<\/strong>, situada en lo alto de una colina. Es este un lugar de vistas realmente excepcionales, con<strong> Montserrat a sus pies y el pre-pirineo a sus espaldas<\/strong>; con espectacular <strong>panor\u00e1mica de la Catalu\u00f1a central e inclusive del Montseny.<\/strong><\/span><\/p>\n<p>&nbsp;<\/p>\n<p>&nbsp;<\/p>\n<p>&nbsp;<\/p>\n<p>&nbsp;<\/p>\n<p>&nbsp;<\/p>\n<p>&nbsp;<\/p>\n<p>&nbsp;<\/p>\n","protected":false},"excerpt":{"rendered":"<p><strong>Visita a los olivos mientras avistan la magn\u00edfica silueta de Montserrat con cata de aceites ecol\u00f3gico\u00a0 maridados con productos de proximidad<\/strong><\/p>\n","protected":false},"featured_media":2056,"comment_status":"open","ping_status":"closed","template":"","meta":[],"product_brand":[],"product_cat":[157,175],"product_tag":[],"class_list":{"0":"post-1568","1":"product","2":"type-product","3":"status-publish","4":"has-post-thumbnail","6":"product_cat-experiencias-terrestres","7":"product_cat-tours-enoturisticos-gastronomicos","8":"pa_tour-type-experiencias-terrestres","9":"pa_tour-types-land-experiences-experiencias-enoturisticas-gastronomicas","10":"tour_phys-regala-experiencias","12":"first","13":"instock","14":"shipping-taxable","15":"purchasable","16":"product-type-tour_phys"},"yoast_head":"<!-- This site is optimized with the Yoast SEO plugin v26.1.1 - https:\/\/yoast.com\/wordpress\/plugins\/seo\/ -->\n<title>Oleoturismo\/Visita los olivos \/Eco-turismo<\/title>\n<meta name=\"description\" content=\"Las mejores actividades para conocer Catalu\u00f1a.Paseando entre olivos milenarios sentir\u00e1n el silencio del valle, mientras avistan la magn\u00edfica silueta de Montserrat, luego visitaremos el obrador, donde nos explicaran el proceso de elaboraci\u00f3n, mas tarde podr\u00e1n catarlo acompa\u00f1ado de productos t\u00edpicos de la Zona.\" \/>\n<meta name=\"robots\" content=\"index, follow, max-snippet:-1, max-image-preview:large, max-video-preview:-1\" \/>\n<link rel=\"canonical\" href=\"https:\/\/barcelona-discovery.com\/es\/producto\/oleoturismo-en-barcelona\/\" \/>\n<meta property=\"og:locale\" content=\"es_ES\" \/>\n<meta property=\"og:type\" content=\"article\" \/>\n<meta property=\"og:title\" content=\"Oleoturismo\/Visita los olivos \/Eco-turismo\" \/>\n<meta property=\"og:description\" content=\"Las mejores actividades para conocer Catalu\u00f1a.Paseando entre olivos milenarios sentir\u00e1n el silencio del valle, mientras avistan la magn\u00edfica silueta de Montserrat, luego visitaremos el obrador, donde nos explicaran el proceso de elaboraci\u00f3n, mas tarde podr\u00e1n catarlo acompa\u00f1ado de productos t\u00edpicos de la Zona.\" \/>\n<meta property=\"og:url\" content=\"https:\/\/barcelona-discovery.com\/es\/producto\/oleoturismo-en-barcelona\/\" \/>\n<meta property=\"og:site_name\" content=\"Barcelona Discovery\" \/>\n<meta property=\"article:publisher\" content=\"https:\/\/www.facebook.com\/BarcelonaDiscovery\/\" \/>\n<meta property=\"article:modified_time\" content=\"2024-06-06T10:19:53+00:00\" \/>\n<meta property=\"og:image\" content=\"https:\/\/barcelona-discovery.com\/wp-content\/uploads\/2017\/09\/worksho.jpg\" \/>\n\t<meta property=\"og:image:width\" content=\"1400\" \/>\n\t<meta property=\"og:image:height\" content=\"700\" \/>\n\t<meta property=\"og:image:type\" content=\"image\/jpeg\" \/>\n<meta name=\"twitter:card\" content=\"summary_large_image\" \/>\n<meta name=\"twitter:site\" content=\"@bcn_discovery\" \/>\n<meta name=\"twitter:label1\" content=\"Tiempo de lectura\" \/>\n\t<meta name=\"twitter:data1\" content=\"1 minuto\" \/>\n<script type=\"application\/ld+json\" class=\"yoast-schema-graph\">{\"@context\":\"https:\/\/schema.org\",\"@graph\":[{\"@type\":\"WebPage\",\"@id\":\"https:\/\/barcelona-discovery.com\/es\/producto\/oleoturismo-en-barcelona\/\",\"url\":\"https:\/\/barcelona-discovery.com\/es\/producto\/oleoturismo-en-barcelona\/\",\"name\":\"Oleoturismo\/Visita los olivos \/Eco-turismo\",\"isPartOf\":{\"@id\":\"https:\/\/barcelona-discovery.com\/#website\"},\"primaryImageOfPage\":{\"@id\":\"https:\/\/barcelona-discovery.com\/es\/producto\/oleoturismo-en-barcelona\/#primaryimage\"},\"image\":{\"@id\":\"https:\/\/barcelona-discovery.com\/es\/producto\/oleoturismo-en-barcelona\/#primaryimage\"},\"thumbnailUrl\":\"https:\/\/barcelona-discovery.com\/wp-content\/uploads\/2017\/09\/worksho.jpg\",\"datePublished\":\"2017-11-15T14:59:41+00:00\",\"dateModified\":\"2024-06-06T10:19:53+00:00\",\"description\":\"Las mejores actividades para conocer Catalu\u00f1a.Paseando entre olivos milenarios sentir\u00e1n el silencio del valle, mientras avistan la magn\u00edfica silueta de Montserrat, luego visitaremos el obrador, donde nos explicaran el proceso de elaboraci\u00f3n, mas tarde podr\u00e1n catarlo acompa\u00f1ado de productos t\u00edpicos de la Zona.\",\"breadcrumb\":{\"@id\":\"https:\/\/barcelona-discovery.com\/es\/producto\/oleoturismo-en-barcelona\/#breadcrumb\"},\"inLanguage\":\"es\",\"potentialAction\":[{\"@type\":\"ReadAction\",\"target\":[\"https:\/\/barcelona-discovery.com\/es\/producto\/oleoturismo-en-barcelona\/\"]}]},{\"@type\":\"ImageObject\",\"inLanguage\":\"es\",\"@id\":\"https:\/\/barcelona-discovery.com\/es\/producto\/oleoturismo-en-barcelona\/#primaryimage\",\"url\":\"https:\/\/barcelona-discovery.com\/wp-content\/uploads\/2017\/09\/worksho.jpg\",\"contentUrl\":\"https:\/\/barcelona-discovery.com\/wp-content\/uploads\/2017\/09\/worksho.jpg\",\"width\":1400,\"height\":700,\"caption\":\"enoturismos y oleoturismo en CAtalu\u00f1a\"},{\"@type\":\"BreadcrumbList\",\"@id\":\"https:\/\/barcelona-discovery.com\/es\/producto\/oleoturismo-en-barcelona\/#breadcrumb\",\"itemListElement\":[{\"@type\":\"ListItem\",\"position\":1,\"name\":\"Home\",\"item\":\"https:\/\/barcelona-discovery.com\/es\/\"},{\"@type\":\"ListItem\",\"position\":2,\"name\":\"Tours\",\"item\":\"https:\/\/barcelona-discovery.com\/tours\/\"},{\"@type\":\"ListItem\",\"position\":3,\"name\":\"Oleoturismo &#8211; Una experiencia para el paladar\"}]},{\"@type\":\"WebSite\",\"@id\":\"https:\/\/barcelona-discovery.com\/#website\",\"url\":\"https:\/\/barcelona-discovery.com\/\",\"name\":\"Barcelona Discovery\",\"description\":\"Private Tours around Barcelona\",\"publisher\":{\"@id\":\"https:\/\/barcelona-discovery.com\/#organization\"},\"potentialAction\":[{\"@type\":\"SearchAction\",\"target\":{\"@type\":\"EntryPoint\",\"urlTemplate\":\"https:\/\/barcelona-discovery.com\/?s={search_term_string}\"},\"query-input\":{\"@type\":\"PropertyValueSpecification\",\"valueRequired\":true,\"valueName\":\"search_term_string\"}}],\"inLanguage\":\"es\"},{\"@type\":\"Organization\",\"@id\":\"https:\/\/barcelona-discovery.com\/#organization\",\"name\":\"Barcelona Discovery\",\"url\":\"https:\/\/barcelona-discovery.com\/\",\"logo\":{\"@type\":\"ImageObject\",\"inLanguage\":\"es\",\"@id\":\"https:\/\/barcelona-discovery.com\/#\/schema\/logo\/image\/\",\"url\":\"https:\/\/barcelona-discovery.com\/wp-content\/uploads\/2024\/02\/logo-linkein.jpg\",\"contentUrl\":\"https:\/\/barcelona-discovery.com\/wp-content\/uploads\/2024\/02\/logo-linkein.jpg\",\"width\":300,\"height\":300,\"caption\":\"Barcelona Discovery\"},\"image\":{\"@id\":\"https:\/\/barcelona-discovery.com\/#\/schema\/logo\/image\/\"},\"sameAs\":[\"https:\/\/www.facebook.com\/BarcelonaDiscovery\/\",\"https:\/\/x.com\/bcn_discovery\",\"https:\/\/www.instagram.com\/barcelonadiscovery\/\",\"https:\/\/www.youtube.com\/channel\/UCwpragtLkdmFTHCzinFQG_g\"]}]}<\/script>\n<!-- \/ Yoast SEO plugin. -->","yoast_head_json":{"title":"Oleoturismo\/Visita los olivos \/Eco-turismo","description":"Las mejores actividades para conocer Catalu\u00f1a.Paseando entre olivos milenarios sentir\u00e1n el silencio del valle, mientras avistan la magn\u00edfica silueta de Montserrat, luego visitaremos el obrador, donde nos explicaran el proceso de elaboraci\u00f3n, mas tarde podr\u00e1n catarlo acompa\u00f1ado de productos t\u00edpicos de la Zona.","robots":{"index":"index","follow":"follow","max-snippet":"max-snippet:-1","max-image-preview":"max-image-preview:large","max-video-preview":"max-video-preview:-1"},"canonical":"https:\/\/barcelona-discovery.com\/es\/producto\/oleoturismo-en-barcelona\/","og_locale":"es_ES","og_type":"article","og_title":"Oleoturismo\/Visita los olivos \/Eco-turismo","og_description":"Las mejores actividades para conocer Catalu\u00f1a.Paseando entre olivos milenarios sentir\u00e1n el silencio del valle, mientras avistan la magn\u00edfica silueta de Montserrat, luego visitaremos el obrador, donde nos explicaran el proceso de elaboraci\u00f3n, mas tarde podr\u00e1n catarlo acompa\u00f1ado de productos t\u00edpicos de la Zona.","og_url":"https:\/\/barcelona-discovery.com\/es\/producto\/oleoturismo-en-barcelona\/","og_site_name":"Barcelona Discovery","article_publisher":"https:\/\/www.facebook.com\/BarcelonaDiscovery\/","article_modified_time":"2024-06-06T10:19:53+00:00","og_image":[{"width":1400,"height":700,"url":"https:\/\/barcelona-discovery.com\/wp-content\/uploads\/2017\/09\/worksho.jpg","type":"image\/jpeg"}],"twitter_card":"summary_large_image","twitter_site":"@bcn_discovery","twitter_misc":{"Tiempo de lectura":"1 minuto"},"schema":{"@context":"https:\/\/schema.org","@graph":[{"@type":"WebPage","@id":"https:\/\/barcelona-discovery.com\/es\/producto\/oleoturismo-en-barcelona\/","url":"https:\/\/barcelona-discovery.com\/es\/producto\/oleoturismo-en-barcelona\/","name":"Oleoturismo\/Visita los olivos \/Eco-turismo","isPartOf":{"@id":"https:\/\/barcelona-discovery.com\/#website"},"primaryImageOfPage":{"@id":"https:\/\/barcelona-discovery.com\/es\/producto\/oleoturismo-en-barcelona\/#primaryimage"},"image":{"@id":"https:\/\/barcelona-discovery.com\/es\/producto\/oleoturismo-en-barcelona\/#primaryimage"},"thumbnailUrl":"https:\/\/barcelona-discovery.com\/wp-content\/uploads\/2017\/09\/worksho.jpg","datePublished":"2017-11-15T14:59:41+00:00","dateModified":"2024-06-06T10:19:53+00:00","description":"Las mejores actividades para conocer Catalu\u00f1a.Paseando entre olivos milenarios sentir\u00e1n el silencio del valle, mientras avistan la magn\u00edfica silueta de Montserrat, luego visitaremos el obrador, donde nos explicaran el proceso de elaboraci\u00f3n, mas tarde podr\u00e1n catarlo acompa\u00f1ado de productos t\u00edpicos de la Zona.","breadcrumb":{"@id":"https:\/\/barcelona-discovery.com\/es\/producto\/oleoturismo-en-barcelona\/#breadcrumb"},"inLanguage":"es","potentialAction":[{"@type":"ReadAction","target":["https:\/\/barcelona-discovery.com\/es\/producto\/oleoturismo-en-barcelona\/"]}]},{"@type":"ImageObject","inLanguage":"es","@id":"https:\/\/barcelona-discovery.com\/es\/producto\/oleoturismo-en-barcelona\/#primaryimage","url":"https:\/\/barcelona-discovery.com\/wp-content\/uploads\/2017\/09\/worksho.jpg","contentUrl":"https:\/\/barcelona-discovery.com\/wp-content\/uploads\/2017\/09\/worksho.jpg","width":1400,"height":700,"caption":"enoturismos y oleoturismo en CAtalu\u00f1a"},{"@type":"BreadcrumbList","@id":"https:\/\/barcelona-discovery.com\/es\/producto\/oleoturismo-en-barcelona\/#breadcrumb","itemListElement":[{"@type":"ListItem","position":1,"name":"Home","item":"https:\/\/barcelona-discovery.com\/es\/"},{"@type":"ListItem","position":2,"name":"Tours","item":"https:\/\/barcelona-discovery.com\/tours\/"},{"@type":"ListItem","position":3,"name":"Oleoturismo &#8211; Una experiencia para el paladar"}]},{"@type":"WebSite","@id":"https:\/\/barcelona-discovery.com\/#website","url":"https:\/\/barcelona-discovery.com\/","name":"Barcelona Discovery","description":"Private Tours around Barcelona","publisher":{"@id":"https:\/\/barcelona-discovery.com\/#organization"},"potentialAction":[{"@type":"SearchAction","target":{"@type":"EntryPoint","urlTemplate":"https:\/\/barcelona-discovery.com\/?s={search_term_string}"},"query-input":{"@type":"PropertyValueSpecification","valueRequired":true,"valueName":"search_term_string"}}],"inLanguage":"es"},{"@type":"Organization","@id":"https:\/\/barcelona-discovery.com\/#organization","name":"Barcelona Discovery","url":"https:\/\/barcelona-discovery.com\/","logo":{"@type":"ImageObject","inLanguage":"es","@id":"https:\/\/barcelona-discovery.com\/#\/schema\/logo\/image\/","url":"https:\/\/barcelona-discovery.com\/wp-content\/uploads\/2024\/02\/logo-linkein.jpg","contentUrl":"https:\/\/barcelona-discovery.com\/wp-content\/uploads\/2024\/02\/logo-linkein.jpg","width":300,"height":300,"caption":"Barcelona Discovery"},"image":{"@id":"https:\/\/barcelona-discovery.com\/#\/schema\/logo\/image\/"},"sameAs":["https:\/\/www.facebook.com\/BarcelonaDiscovery\/","https:\/\/x.com\/bcn_discovery","https:\/\/www.instagram.com\/barcelonadiscovery\/","https:\/\/www.youtube.com\/channel\/UCwpragtLkdmFTHCzinFQG_g"]}]}},"_links":{"self":[{"href":"https:\/\/barcelona-discovery.com\/es\/wp-json\/wp\/v2\/product\/1568","targetHints":{"allow":["GET"]}}],"collection":[{"href":"https:\/\/barcelona-discovery.com\/es\/wp-json\/wp\/v2\/product"}],"about":[{"href":"https:\/\/barcelona-discovery.com\/es\/wp-json\/wp\/v2\/types\/product"}],"replies":[{"embeddable":true,"href":"https:\/\/barcelona-discovery.com\/es\/wp-json\/wp\/v2\/comments?post=1568"}],"wp:featuredmedia":[{"embeddable":true,"href":"https:\/\/barcelona-discovery.com\/es\/wp-json\/wp\/v2\/media\/2056"}],"wp:attachment":[{"href":"https:\/\/barcelona-discovery.com\/es\/wp-json\/wp\/v2\/media?parent=1568"}],"wp:term":[{"taxonomy":"product_brand","embeddable":true,"href":"https:\/\/barcelona-discovery.com\/es\/wp-json\/wp\/v2\/product_brand?post=1568"},{"taxonomy":"product_cat","embeddable":true,"href":"https:\/\/barcelona-discovery.com\/es\/wp-json\/wp\/v2\/product_cat?post=1568"},{"taxonomy":"product_tag","embeddable":true,"href":"https:\/\/barcelona-discovery.com\/es\/wp-json\/wp\/v2\/product_tag?post=1568"}],"curies":[{"name":"wp","href":"https:\/\/api.w.org\/{rel}","templated":true}]}}