{"id":1603,"date":"2017-09-05T17:16:59","date_gmt":"2017-09-05T16:16:59","guid":{"rendered":"https:\/\/barcelona-discovery.com\/product\/organic-oil-lunch-experience\/"},"modified":"2024-04-15T16:18:07","modified_gmt":"2024-04-15T15:18:07","slug":"oleoturismo-por-barcelona-con-menu-degustacion","status":"publish","type":"product","link":"https:\/\/barcelona-discovery.com\/es\/tours\/oleoturismo-por-barcelona-con-menu-degustacion\/","title":{"rendered":"Oleoturismo con Men\u00fa Degustaci\u00f3n"},"content":{"rendered":"<p><span style=\"font-weight: 400;\">El aceite de oliva es un elemento b\u00e1sico de la <strong>dieta mediterr\u00e1nea<\/strong>, que acompa\u00f1a muchos de sus platos con una aceitera al lado. Es por este motivo que esta experiencia es una gran manera de acercarse a la cultura catalana.<\/span><\/p>\n<p>&nbsp;<\/p>\n<p><span style=\"font-weight: 400;\">Este tour les va a mostrar el maravilloso mundo del \u201coro l\u00edquido\u201d, a la vez que podr\u00e1n disfrutar de la<strong> \u201cVall d\u2019Hortons\u201d.<\/strong> Paseando entre olivos milenarios sentir\u00e1n el silencio del valle, mientras avistan la magn\u00edfica silueta de <strong>Montserrat.<\/strong><\/span><\/p>\n<p>&nbsp;<\/p>\n<p><span style=\"font-weight: 400;\">Nuestro gu\u00eda les contar\u00e1 la diferencia entre las plantaciones de olivos viejos y nuevos, y entre las variedades de oliva <strong>(arbequina y corbella).<\/strong><\/span><\/p>\n<p>&nbsp;<\/p>\n<p><span style=\"font-weight: 400;\">Visitando el molino, aprender\u00e1n c\u00f3mo funciona el proceso de elaboraci\u00f3n, y m\u00e1s tarde podr\u00e1n catarlo acompa\u00f1ado de productos t\u00edpicos de la \u201cVall d\u2019Hortons\u201d (queso, miel, embutidos y vino).<\/span><\/p>\n<p>&nbsp;<\/p>\n<p><span style=\"font-weight: 400;\">Finalizada la visita, nos acercaremos a la peque\u00f1a aldea de<strong> Castelladral<\/strong>, situada en lo alto de una colina. Es este un lugar de vistas realmente excepcionales, con<strong> Montserrat a sus pies y el pre-pirineo a sus espaldas<\/strong>; con espectacular <strong>panor\u00e1mica de la Catalu\u00f1a central e inclusive del Montseny.<\/strong><\/span><\/p>\n<p>&nbsp;<\/p>\n<p><span style=\"font-weight: 400;\">En esta peque\u00f1a aldea com<\/span><span style=\"font-weight: 400;\">prender\u00e1n que el <strong>aceite de oliva y la gastronom\u00eda<\/strong> son inseparables. Podr\u00e1n disfrutar de un <strong>men\u00fa de seis platos<\/strong> con productos de <strong>proximidad, ecol\u00f3gicos y de temporada<\/strong>, en donde el aceite de oliva tiene un papel fundamental.<\/span><\/p>\n<p>&nbsp;<\/p>\n<p>&nbsp;<\/p>\n<p>&nbsp;<\/p>\n","protected":false},"excerpt":{"rendered":"<p><strong>Visita a los olivos mientras avistan la magn\u00edfica silueta de Montserrat con un Menu degustacion.\u00a0\u00a0<\/strong><\/p>\n","protected":false},"featured_media":2356,"comment_status":"open","ping_status":"closed","template":"","meta":[],"product_brand":[],"product_cat":[157,175],"product_tag":[],"class_list":{"0":"post-1603","1":"product","2":"type-product","3":"status-publish","4":"has-post-thumbnail","6":"product_cat-experiencias-terrestres","7":"product_cat-tours-enoturisticos-gastronomicos","8":"pa_tour-type-experiencias-terrestres","9":"pa_tour-types-land-experiences-experiencias-enoturisticas-gastronomicas","11":"first","12":"instock","13":"shipping-taxable","14":"purchasable","15":"product-type-tour_phys"},"yoast_head":"<!-- This site is optimized with the Yoast SEO plugin v26.1.1 - https:\/\/yoast.com\/wordpress\/plugins\/seo\/ -->\n<title>Oleoturismo por Catalu\u00f1a \/ Regala experiencias con encanto<\/title>\n<meta name=\"description\" content=\"Oleoturismo. Esta experiencia les va a mostrar el maravilloso mundo del \u201coro l\u00edquido\u201d, a la vez que podr\u00e1n disfrutar de la \u201cVall d\u2019Hortons\u201d. Paseando entre olivos milenarios sentir\u00e1n el silencio del valle, mientras avistan la magn\u00edfica silueta de Montserrat.\" \/>\n<meta name=\"robots\" content=\"index, follow, max-snippet:-1, max-image-preview:large, max-video-preview:-1\" \/>\n<link rel=\"canonical\" href=\"https:\/\/barcelona-discovery.com\/producto\/organic-oil-lunch-experience\/\" \/>\n<meta property=\"og:locale\" content=\"es_ES\" \/>\n<meta property=\"og:type\" content=\"article\" \/>\n<meta property=\"og:title\" content=\"Oleoturismo por Catalu\u00f1a \/ Regala experiencias con encanto\" \/>\n<meta property=\"og:description\" content=\"Oleoturismo. Esta experiencia les va a mostrar el maravilloso mundo del \u201coro l\u00edquido\u201d, a la vez que podr\u00e1n disfrutar de la \u201cVall d\u2019Hortons\u201d. Paseando entre olivos milenarios sentir\u00e1n el silencio del valle, mientras avistan la magn\u00edfica silueta de Montserrat.\" \/>\n<meta property=\"og:url\" content=\"https:\/\/barcelona-discovery.com\/producto\/organic-oil-lunch-experience\/\" \/>\n<meta property=\"og:site_name\" content=\"Barcelona Discovery\" \/>\n<meta property=\"article:publisher\" content=\"https:\/\/www.facebook.com\/BarcelonaDiscovery\/\" \/>\n<meta property=\"article:modified_time\" content=\"2024-04-15T15:18:07+00:00\" \/>\n<meta property=\"og:image\" content=\"https:\/\/barcelona-discovery.com\/wp-content\/uploads\/2017\/09\/montserrat-1.jpg\" \/>\n\t<meta property=\"og:image:width\" content=\"1400\" \/>\n\t<meta property=\"og:image:height\" content=\"700\" \/>\n\t<meta property=\"og:image:type\" content=\"image\/jpeg\" \/>\n<meta name=\"twitter:card\" content=\"summary_large_image\" \/>\n<meta name=\"twitter:site\" content=\"@bcn_discovery\" \/>\n<meta name=\"twitter:label1\" content=\"Tiempo de lectura\" \/>\n\t<meta name=\"twitter:data1\" content=\"1 minuto\" \/>\n<script type=\"application\/ld+json\" class=\"yoast-schema-graph\">{\"@context\":\"https:\/\/schema.org\",\"@graph\":[{\"@type\":\"WebPage\",\"@id\":\"https:\/\/barcelona-discovery.com\/producto\/organic-oil-lunch-experience\/\",\"url\":\"https:\/\/barcelona-discovery.com\/producto\/organic-oil-lunch-experience\/\",\"name\":\"Oleoturismo por Catalu\u00f1a \/ Regala experiencias con encanto\",\"isPartOf\":{\"@id\":\"https:\/\/barcelona-discovery.com\/#website\"},\"primaryImageOfPage\":{\"@id\":\"https:\/\/barcelona-discovery.com\/producto\/organic-oil-lunch-experience\/#primaryimage\"},\"image\":{\"@id\":\"https:\/\/barcelona-discovery.com\/producto\/organic-oil-lunch-experience\/#primaryimage\"},\"thumbnailUrl\":\"https:\/\/barcelona-discovery.com\/wp-content\/uploads\/2017\/09\/montserrat-1.jpg\",\"datePublished\":\"2017-09-05T16:16:59+00:00\",\"dateModified\":\"2024-04-15T15:18:07+00:00\",\"description\":\"Oleoturismo. Esta experiencia les va a mostrar el maravilloso mundo del \u201coro l\u00edquido\u201d, a la vez que podr\u00e1n disfrutar de la \u201cVall d\u2019Hortons\u201d. Paseando entre olivos milenarios sentir\u00e1n el silencio del valle, mientras avistan la magn\u00edfica silueta de Montserrat.\",\"breadcrumb\":{\"@id\":\"https:\/\/barcelona-discovery.com\/producto\/organic-oil-lunch-experience\/#breadcrumb\"},\"inLanguage\":\"es\",\"potentialAction\":[{\"@type\":\"ReadAction\",\"target\":[\"https:\/\/barcelona-discovery.com\/producto\/organic-oil-lunch-experience\/\"]}]},{\"@type\":\"ImageObject\",\"inLanguage\":\"es\",\"@id\":\"https:\/\/barcelona-discovery.com\/producto\/organic-oil-lunch-experience\/#primaryimage\",\"url\":\"https:\/\/barcelona-discovery.com\/wp-content\/uploads\/2017\/09\/montserrat-1.jpg\",\"contentUrl\":\"https:\/\/barcelona-discovery.com\/wp-content\/uploads\/2017\/09\/montserrat-1.jpg\",\"width\":1400,\"height\":700,\"caption\":\"Organic Oil & Lunch Experience with Montserrat Mountain\"},{\"@type\":\"BreadcrumbList\",\"@id\":\"https:\/\/barcelona-discovery.com\/producto\/organic-oil-lunch-experience\/#breadcrumb\",\"itemListElement\":[{\"@type\":\"ListItem\",\"position\":1,\"name\":\"Home\",\"item\":\"https:\/\/barcelona-discovery.com\/es\/\"},{\"@type\":\"ListItem\",\"position\":2,\"name\":\"Tours\",\"item\":\"https:\/\/barcelona-discovery.com\/tours\/\"},{\"@type\":\"ListItem\",\"position\":3,\"name\":\"Oleoturismo con Men\u00fa Degustaci\u00f3n\"}]},{\"@type\":\"WebSite\",\"@id\":\"https:\/\/barcelona-discovery.com\/#website\",\"url\":\"https:\/\/barcelona-discovery.com\/\",\"name\":\"Barcelona Discovery\",\"description\":\"Private Tours around Barcelona\",\"publisher\":{\"@id\":\"https:\/\/barcelona-discovery.com\/#organization\"},\"potentialAction\":[{\"@type\":\"SearchAction\",\"target\":{\"@type\":\"EntryPoint\",\"urlTemplate\":\"https:\/\/barcelona-discovery.com\/?s={search_term_string}\"},\"query-input\":{\"@type\":\"PropertyValueSpecification\",\"valueRequired\":true,\"valueName\":\"search_term_string\"}}],\"inLanguage\":\"es\"},{\"@type\":\"Organization\",\"@id\":\"https:\/\/barcelona-discovery.com\/#organization\",\"name\":\"Barcelona Discovery\",\"url\":\"https:\/\/barcelona-discovery.com\/\",\"logo\":{\"@type\":\"ImageObject\",\"inLanguage\":\"es\",\"@id\":\"https:\/\/barcelona-discovery.com\/#\/schema\/logo\/image\/\",\"url\":\"https:\/\/barcelona-discovery.com\/wp-content\/uploads\/2024\/02\/logo-linkein.jpg\",\"contentUrl\":\"https:\/\/barcelona-discovery.com\/wp-content\/uploads\/2024\/02\/logo-linkein.jpg\",\"width\":300,\"height\":300,\"caption\":\"Barcelona Discovery\"},\"image\":{\"@id\":\"https:\/\/barcelona-discovery.com\/#\/schema\/logo\/image\/\"},\"sameAs\":[\"https:\/\/www.facebook.com\/BarcelonaDiscovery\/\",\"https:\/\/x.com\/bcn_discovery\",\"https:\/\/www.instagram.com\/barcelonadiscovery\/\",\"https:\/\/www.youtube.com\/channel\/UCwpragtLkdmFTHCzinFQG_g\"]}]}<\/script>\n<!-- \/ Yoast SEO plugin. -->","yoast_head_json":{"title":"Oleoturismo por Catalu\u00f1a \/ Regala experiencias con encanto","description":"Oleoturismo. Esta experiencia les va a mostrar el maravilloso mundo del \u201coro l\u00edquido\u201d, a la vez que podr\u00e1n disfrutar de la \u201cVall d\u2019Hortons\u201d. Paseando entre olivos milenarios sentir\u00e1n el silencio del valle, mientras avistan la magn\u00edfica silueta de Montserrat.","robots":{"index":"index","follow":"follow","max-snippet":"max-snippet:-1","max-image-preview":"max-image-preview:large","max-video-preview":"max-video-preview:-1"},"canonical":"https:\/\/barcelona-discovery.com\/producto\/organic-oil-lunch-experience\/","og_locale":"es_ES","og_type":"article","og_title":"Oleoturismo por Catalu\u00f1a \/ Regala experiencias con encanto","og_description":"Oleoturismo. Esta experiencia les va a mostrar el maravilloso mundo del \u201coro l\u00edquido\u201d, a la vez que podr\u00e1n disfrutar de la \u201cVall d\u2019Hortons\u201d. Paseando entre olivos milenarios sentir\u00e1n el silencio del valle, mientras avistan la magn\u00edfica silueta de Montserrat.","og_url":"https:\/\/barcelona-discovery.com\/producto\/organic-oil-lunch-experience\/","og_site_name":"Barcelona Discovery","article_publisher":"https:\/\/www.facebook.com\/BarcelonaDiscovery\/","article_modified_time":"2024-04-15T15:18:07+00:00","og_image":[{"width":1400,"height":700,"url":"https:\/\/barcelona-discovery.com\/wp-content\/uploads\/2017\/09\/montserrat-1.jpg","type":"image\/jpeg"}],"twitter_card":"summary_large_image","twitter_site":"@bcn_discovery","twitter_misc":{"Tiempo de lectura":"1 minuto"},"schema":{"@context":"https:\/\/schema.org","@graph":[{"@type":"WebPage","@id":"https:\/\/barcelona-discovery.com\/producto\/organic-oil-lunch-experience\/","url":"https:\/\/barcelona-discovery.com\/producto\/organic-oil-lunch-experience\/","name":"Oleoturismo por Catalu\u00f1a \/ Regala experiencias con encanto","isPartOf":{"@id":"https:\/\/barcelona-discovery.com\/#website"},"primaryImageOfPage":{"@id":"https:\/\/barcelona-discovery.com\/producto\/organic-oil-lunch-experience\/#primaryimage"},"image":{"@id":"https:\/\/barcelona-discovery.com\/producto\/organic-oil-lunch-experience\/#primaryimage"},"thumbnailUrl":"https:\/\/barcelona-discovery.com\/wp-content\/uploads\/2017\/09\/montserrat-1.jpg","datePublished":"2017-09-05T16:16:59+00:00","dateModified":"2024-04-15T15:18:07+00:00","description":"Oleoturismo. Esta experiencia les va a mostrar el maravilloso mundo del \u201coro l\u00edquido\u201d, a la vez que podr\u00e1n disfrutar de la \u201cVall d\u2019Hortons\u201d. Paseando entre olivos milenarios sentir\u00e1n el silencio del valle, mientras avistan la magn\u00edfica silueta de Montserrat.","breadcrumb":{"@id":"https:\/\/barcelona-discovery.com\/producto\/organic-oil-lunch-experience\/#breadcrumb"},"inLanguage":"es","potentialAction":[{"@type":"ReadAction","target":["https:\/\/barcelona-discovery.com\/producto\/organic-oil-lunch-experience\/"]}]},{"@type":"ImageObject","inLanguage":"es","@id":"https:\/\/barcelona-discovery.com\/producto\/organic-oil-lunch-experience\/#primaryimage","url":"https:\/\/barcelona-discovery.com\/wp-content\/uploads\/2017\/09\/montserrat-1.jpg","contentUrl":"https:\/\/barcelona-discovery.com\/wp-content\/uploads\/2017\/09\/montserrat-1.jpg","width":1400,"height":700,"caption":"Organic Oil & Lunch Experience with Montserrat Mountain"},{"@type":"BreadcrumbList","@id":"https:\/\/barcelona-discovery.com\/producto\/organic-oil-lunch-experience\/#breadcrumb","itemListElement":[{"@type":"ListItem","position":1,"name":"Home","item":"https:\/\/barcelona-discovery.com\/es\/"},{"@type":"ListItem","position":2,"name":"Tours","item":"https:\/\/barcelona-discovery.com\/tours\/"},{"@type":"ListItem","position":3,"name":"Oleoturismo con Men\u00fa Degustaci\u00f3n"}]},{"@type":"WebSite","@id":"https:\/\/barcelona-discovery.com\/#website","url":"https:\/\/barcelona-discovery.com\/","name":"Barcelona Discovery","description":"Private Tours around Barcelona","publisher":{"@id":"https:\/\/barcelona-discovery.com\/#organization"},"potentialAction":[{"@type":"SearchAction","target":{"@type":"EntryPoint","urlTemplate":"https:\/\/barcelona-discovery.com\/?s={search_term_string}"},"query-input":{"@type":"PropertyValueSpecification","valueRequired":true,"valueName":"search_term_string"}}],"inLanguage":"es"},{"@type":"Organization","@id":"https:\/\/barcelona-discovery.com\/#organization","name":"Barcelona Discovery","url":"https:\/\/barcelona-discovery.com\/","logo":{"@type":"ImageObject","inLanguage":"es","@id":"https:\/\/barcelona-discovery.com\/#\/schema\/logo\/image\/","url":"https:\/\/barcelona-discovery.com\/wp-content\/uploads\/2024\/02\/logo-linkein.jpg","contentUrl":"https:\/\/barcelona-discovery.com\/wp-content\/uploads\/2024\/02\/logo-linkein.jpg","width":300,"height":300,"caption":"Barcelona Discovery"},"image":{"@id":"https:\/\/barcelona-discovery.com\/#\/schema\/logo\/image\/"},"sameAs":["https:\/\/www.facebook.com\/BarcelonaDiscovery\/","https:\/\/x.com\/bcn_discovery","https:\/\/www.instagram.com\/barcelonadiscovery\/","https:\/\/www.youtube.com\/channel\/UCwpragtLkdmFTHCzinFQG_g"]}]}},"_links":{"self":[{"href":"https:\/\/barcelona-discovery.com\/es\/wp-json\/wp\/v2\/product\/1603","targetHints":{"allow":["GET"]}}],"collection":[{"href":"https:\/\/barcelona-discovery.com\/es\/wp-json\/wp\/v2\/product"}],"about":[{"href":"https:\/\/barcelona-discovery.com\/es\/wp-json\/wp\/v2\/types\/product"}],"replies":[{"embeddable":true,"href":"https:\/\/barcelona-discovery.com\/es\/wp-json\/wp\/v2\/comments?post=1603"}],"wp:featuredmedia":[{"embeddable":true,"href":"https:\/\/barcelona-discovery.com\/es\/wp-json\/wp\/v2\/media\/2356"}],"wp:attachment":[{"href":"https:\/\/barcelona-discovery.com\/es\/wp-json\/wp\/v2\/media?parent=1603"}],"wp:term":[{"taxonomy":"product_brand","embeddable":true,"href":"https:\/\/barcelona-discovery.com\/es\/wp-json\/wp\/v2\/product_brand?post=1603"},{"taxonomy":"product_cat","embeddable":true,"href":"https:\/\/barcelona-discovery.com\/es\/wp-json\/wp\/v2\/product_cat?post=1603"},{"taxonomy":"product_tag","embeddable":true,"href":"https:\/\/barcelona-discovery.com\/es\/wp-json\/wp\/v2\/product_tag?post=1603"}],"curies":[{"name":"wp","href":"https:\/\/api.w.org\/{rel}","templated":true}]}}