{"id":1620,"date":"2017-08-29T08:37:19","date_gmt":"2017-08-29T07:37:19","guid":{"rendered":"https:\/\/barcelona-discovery.com\/product\/hot-air-balloon-experience\/"},"modified":"2025-11-19T21:57:30","modified_gmt":"2025-11-19T20:57:30","slug":"paseo-en-globo-por-la-garrotxa","status":"publish","type":"product","link":"https:\/\/barcelona-discovery.com\/es\/tours\/paseo-en-globo-por-la-garrotxa\/","title":{"rendered":"Paseo en globlo por el Parque Natural de la Garrotxa"},"content":{"rendered":"<p>Descubra la <strong>experiencia de sobrevolar el Parque Natural de la Zona Volc\u00e1nica de la Garrotxa<\/strong>, una de las m\u00e1s importantes de volcanes durmientes de toda Europa. Un vuelo en globo es una manera distinta de hacer turismo. Desplazarse por el aire rodeado de quietud y silencio os har\u00e1 <strong>sentir libres y relajados<\/strong>. Esta <strong>experiencia<\/strong> es ideal para los amantes de la naturaleza y para los que buscan nuevas sensaciones, pues un <strong>vuelo en globo<\/strong> ofrece una panor\u00e1mica de 360\u00ba sobre el paisaje. En d\u00edas claros, veremos <strong>desde Montserrat hasta el mediterr\u00e1neo, con los pirineos al fondo y los volcanes debajo.<\/strong><\/p>\n<p>La actividad empieza al alba (verano 7:00, primavera y oto\u00f1o a las 7:30 e invierno a las 8:00). Mientras preparamos el globo para volar, podr\u00e1n disfrutar de una buena taza de caf\u00e9, echar fotos o si se prefiere ayudarnos con el inflado del globo. Ya en el aire, el viento decidir\u00e1 qu\u00e9 trayecto haremos durante una hora y media aproximadamente. Una vez arriba, tomaremos una <strong>copa de champagne rosado<\/strong>, bebida que marida con el <strong>paisaje volc\u00e1nico<\/strong>, y torta de chicharrones.<\/p>\n<p>Cuando aterricemos, les recogeremos en un 4&#215;4 para retornar a la base, en donde les ofreceremos un <strong>desayuno a base de pan con tomate, butifarra y habichuelas de Santa Pau.<\/strong> Los postres ser\u00e1n de la cooperativa \u201cLa Fageda\u201d, y la parte l\u00edquida constar\u00e1 de un buen vino para la comida y una buena rataf\u00eda (licor tradicional catal\u00e1n a base de nueces verdes y m\u00e1s de 40 hierbas diferentes) para los postres.<\/p>\n<p>Una vez terminado el almuerzo, podran hacer una visita libre al pueblo medieval de Santa Pau (primera mitad del s.XIV), con sus callejuelas estrechas, con su bonita plaza porticada en donde se instalan ferias y mercados y rodeada de murallas. Situado encima de la plaza, en el punto m\u00e1s alto del pueblo, se encuentra el castillo del siglo XIII. En la misma plaza encontraremos la iglesia g\u00f3tica de Santa Maria, que se convirti\u00f3 en parroquia municipal por la destrucci\u00f3n de la antigua <em>Santa Maria dels Arcs, <\/em>situada en los alrededores y que fue v\u00edctima de diferentes terremotos en 1427 y 1428.<\/p>\n<p>En Santa Pau tambi\u00e9n se pueden adquirir los <strong>cl\u00e1sicos <em>fesolets <\/em><\/strong>(los habr\u00e1n degustado con el almuerzo).<\/p>\n<p>&nbsp;<\/p>\n","protected":false},"excerpt":{"rendered":"<p><strong>Descubre la experiencia de volar en globo sobre la zona volc\u00e1nica de la Garrotxa.<\/strong><\/p>\n","protected":false},"featured_media":2189,"comment_status":"open","ping_status":"closed","template":"","meta":[],"product_brand":[],"product_cat":[171],"product_tag":[],"class_list":{"0":"post-1620","1":"product","2":"type-product","3":"status-publish","4":"has-post-thumbnail","6":"product_cat-experiencias-aereas","7":"pa_tour-type-experiencias-aereas","8":"tour_phys-air-experiences","10":"first","11":"instock","12":"shipping-taxable","13":"purchasable","14":"product-type-tour_phys"},"yoast_head":"<!-- This site is optimized with the Yoast SEO plugin v26.1.1 - https:\/\/yoast.com\/wordpress\/plugins\/seo\/ -->\n<title>Paseo en Globo sobre Catalu\u00f1a \/ Volar sobre los volcanes de la Garrotxa<\/title>\n<meta name=\"description\" content=\"Descubra la experiencia de sobrevolar el Parque Natural de la Zona Volc\u00e1nica de la Garrotxa.Un vuelo en globo es una manera distinta de hacer turismo, les har\u00e1 sentir libres y relajados.Esta experiencia es ideal para los amantes de la naturaleza y para los que buscan nuevas sensaciones. No espere m\u00e1s, reserve ahora !\" \/>\n<meta name=\"robots\" content=\"index, follow, max-snippet:-1, max-image-preview:large, max-video-preview:-1\" \/>\n<link rel=\"canonical\" href=\"https:\/\/barcelona-discovery.com\/es\/producto\/paseo-en-globo-por-la-garrotxa\/\" \/>\n<meta property=\"og:locale\" content=\"es_ES\" \/>\n<meta property=\"og:type\" content=\"article\" \/>\n<meta property=\"og:title\" content=\"Paseo en Globo sobre Catalu\u00f1a \/ Volar sobre los volcanes de la Garrotxa\" \/>\n<meta property=\"og:description\" content=\"Descubra la experiencia de sobrevolar el Parque Natural de la Zona Volc\u00e1nica de la Garrotxa.Un vuelo en globo es una manera distinta de hacer turismo, les har\u00e1 sentir libres y relajados.Esta experiencia es ideal para los amantes de la naturaleza y para los que buscan nuevas sensaciones. No espere m\u00e1s, reserve ahora !\" \/>\n<meta property=\"og:url\" content=\"https:\/\/barcelona-discovery.com\/es\/producto\/paseo-en-globo-por-la-garrotxa\/\" \/>\n<meta property=\"og:site_name\" content=\"Barcelona Discovery\" \/>\n<meta property=\"article:publisher\" content=\"https:\/\/www.facebook.com\/BarcelonaDiscovery\/\" \/>\n<meta property=\"article:modified_time\" content=\"2025-11-19T20:57:30+00:00\" \/>\n<meta property=\"og:image\" content=\"https:\/\/barcelona-discovery.com\/wp-content\/uploads\/2017\/08\/DSCF1464.jpg\" \/>\n\t<meta property=\"og:image:width\" content=\"1920\" \/>\n\t<meta property=\"og:image:height\" content=\"1080\" \/>\n\t<meta property=\"og:image:type\" content=\"image\/jpeg\" \/>\n<meta name=\"twitter:card\" content=\"summary_large_image\" \/>\n<meta name=\"twitter:site\" content=\"@bcn_discovery\" \/>\n<meta name=\"twitter:label1\" content=\"Tiempo de lectura\" \/>\n\t<meta name=\"twitter:data1\" content=\"2 minutos\" \/>\n<script type=\"application\/ld+json\" class=\"yoast-schema-graph\">{\"@context\":\"https:\/\/schema.org\",\"@graph\":[{\"@type\":\"WebPage\",\"@id\":\"https:\/\/barcelona-discovery.com\/es\/producto\/paseo-en-globo-por-la-garrotxa\/\",\"url\":\"https:\/\/barcelona-discovery.com\/es\/producto\/paseo-en-globo-por-la-garrotxa\/\",\"name\":\"Paseo en Globo sobre Catalu\u00f1a \/ Volar sobre los volcanes de la Garrotxa\",\"isPartOf\":{\"@id\":\"https:\/\/barcelona-discovery.com\/#website\"},\"primaryImageOfPage\":{\"@id\":\"https:\/\/barcelona-discovery.com\/es\/producto\/paseo-en-globo-por-la-garrotxa\/#primaryimage\"},\"image\":{\"@id\":\"https:\/\/barcelona-discovery.com\/es\/producto\/paseo-en-globo-por-la-garrotxa\/#primaryimage\"},\"thumbnailUrl\":\"https:\/\/barcelona-discovery.com\/wp-content\/uploads\/2017\/08\/DSCF1464.jpg\",\"datePublished\":\"2017-08-29T07:37:19+00:00\",\"dateModified\":\"2025-11-19T20:57:30+00:00\",\"description\":\"Descubra la experiencia de sobrevolar el Parque Natural de la Zona Volc\u00e1nica de la Garrotxa.Un vuelo en globo es una manera distinta de hacer turismo, les har\u00e1 sentir libres y relajados.Esta experiencia es ideal para los amantes de la naturaleza y para los que buscan nuevas sensaciones. No espere m\u00e1s, reserve ahora !\",\"breadcrumb\":{\"@id\":\"https:\/\/barcelona-discovery.com\/es\/producto\/paseo-en-globo-por-la-garrotxa\/#breadcrumb\"},\"inLanguage\":\"es\",\"potentialAction\":[{\"@type\":\"ReadAction\",\"target\":[\"https:\/\/barcelona-discovery.com\/es\/producto\/paseo-en-globo-por-la-garrotxa\/\"]}]},{\"@type\":\"ImageObject\",\"inLanguage\":\"es\",\"@id\":\"https:\/\/barcelona-discovery.com\/es\/producto\/paseo-en-globo-por-la-garrotxa\/#primaryimage\",\"url\":\"https:\/\/barcelona-discovery.com\/wp-content\/uploads\/2017\/08\/DSCF1464.jpg\",\"contentUrl\":\"https:\/\/barcelona-discovery.com\/wp-content\/uploads\/2017\/08\/DSCF1464.jpg\",\"width\":1920,\"height\":1080,\"caption\":\"Barcelona Discovery Tours\"},{\"@type\":\"BreadcrumbList\",\"@id\":\"https:\/\/barcelona-discovery.com\/es\/producto\/paseo-en-globo-por-la-garrotxa\/#breadcrumb\",\"itemListElement\":[{\"@type\":\"ListItem\",\"position\":1,\"name\":\"Home\",\"item\":\"https:\/\/barcelona-discovery.com\/es\/\"},{\"@type\":\"ListItem\",\"position\":2,\"name\":\"Tours\",\"item\":\"https:\/\/barcelona-discovery.com\/tours\/\"},{\"@type\":\"ListItem\",\"position\":3,\"name\":\"Paseo en globlo por el Parque Natural de la Garrotxa\"}]},{\"@type\":\"WebSite\",\"@id\":\"https:\/\/barcelona-discovery.com\/#website\",\"url\":\"https:\/\/barcelona-discovery.com\/\",\"name\":\"Barcelona Discovery\",\"description\":\"Private Tours around Barcelona\",\"publisher\":{\"@id\":\"https:\/\/barcelona-discovery.com\/#organization\"},\"potentialAction\":[{\"@type\":\"SearchAction\",\"target\":{\"@type\":\"EntryPoint\",\"urlTemplate\":\"https:\/\/barcelona-discovery.com\/?s={search_term_string}\"},\"query-input\":{\"@type\":\"PropertyValueSpecification\",\"valueRequired\":true,\"valueName\":\"search_term_string\"}}],\"inLanguage\":\"es\"},{\"@type\":\"Organization\",\"@id\":\"https:\/\/barcelona-discovery.com\/#organization\",\"name\":\"Barcelona Discovery\",\"url\":\"https:\/\/barcelona-discovery.com\/\",\"logo\":{\"@type\":\"ImageObject\",\"inLanguage\":\"es\",\"@id\":\"https:\/\/barcelona-discovery.com\/#\/schema\/logo\/image\/\",\"url\":\"https:\/\/barcelona-discovery.com\/wp-content\/uploads\/2024\/02\/logo-linkein.jpg\",\"contentUrl\":\"https:\/\/barcelona-discovery.com\/wp-content\/uploads\/2024\/02\/logo-linkein.jpg\",\"width\":300,\"height\":300,\"caption\":\"Barcelona Discovery\"},\"image\":{\"@id\":\"https:\/\/barcelona-discovery.com\/#\/schema\/logo\/image\/\"},\"sameAs\":[\"https:\/\/www.facebook.com\/BarcelonaDiscovery\/\",\"https:\/\/x.com\/bcn_discovery\",\"https:\/\/www.instagram.com\/barcelonadiscovery\/\",\"https:\/\/www.youtube.com\/channel\/UCwpragtLkdmFTHCzinFQG_g\"]}]}<\/script>\n<!-- \/ Yoast SEO plugin. -->","yoast_head_json":{"title":"Paseo en Globo sobre Catalu\u00f1a \/ Volar sobre los volcanes de la Garrotxa","description":"Descubra la experiencia de sobrevolar el Parque Natural de la Zona Volc\u00e1nica de la Garrotxa.Un vuelo en globo es una manera distinta de hacer turismo, les har\u00e1 sentir libres y relajados.Esta experiencia es ideal para los amantes de la naturaleza y para los que buscan nuevas sensaciones. No espere m\u00e1s, reserve ahora !","robots":{"index":"index","follow":"follow","max-snippet":"max-snippet:-1","max-image-preview":"max-image-preview:large","max-video-preview":"max-video-preview:-1"},"canonical":"https:\/\/barcelona-discovery.com\/es\/producto\/paseo-en-globo-por-la-garrotxa\/","og_locale":"es_ES","og_type":"article","og_title":"Paseo en Globo sobre Catalu\u00f1a \/ Volar sobre los volcanes de la Garrotxa","og_description":"Descubra la experiencia de sobrevolar el Parque Natural de la Zona Volc\u00e1nica de la Garrotxa.Un vuelo en globo es una manera distinta de hacer turismo, les har\u00e1 sentir libres y relajados.Esta experiencia es ideal para los amantes de la naturaleza y para los que buscan nuevas sensaciones. No espere m\u00e1s, reserve ahora !","og_url":"https:\/\/barcelona-discovery.com\/es\/producto\/paseo-en-globo-por-la-garrotxa\/","og_site_name":"Barcelona Discovery","article_publisher":"https:\/\/www.facebook.com\/BarcelonaDiscovery\/","article_modified_time":"2025-11-19T20:57:30+00:00","og_image":[{"width":1920,"height":1080,"url":"https:\/\/barcelona-discovery.com\/wp-content\/uploads\/2017\/08\/DSCF1464.jpg","type":"image\/jpeg"}],"twitter_card":"summary_large_image","twitter_site":"@bcn_discovery","twitter_misc":{"Tiempo de lectura":"2 minutos"},"schema":{"@context":"https:\/\/schema.org","@graph":[{"@type":"WebPage","@id":"https:\/\/barcelona-discovery.com\/es\/producto\/paseo-en-globo-por-la-garrotxa\/","url":"https:\/\/barcelona-discovery.com\/es\/producto\/paseo-en-globo-por-la-garrotxa\/","name":"Paseo en Globo sobre Catalu\u00f1a \/ Volar sobre los volcanes de la Garrotxa","isPartOf":{"@id":"https:\/\/barcelona-discovery.com\/#website"},"primaryImageOfPage":{"@id":"https:\/\/barcelona-discovery.com\/es\/producto\/paseo-en-globo-por-la-garrotxa\/#primaryimage"},"image":{"@id":"https:\/\/barcelona-discovery.com\/es\/producto\/paseo-en-globo-por-la-garrotxa\/#primaryimage"},"thumbnailUrl":"https:\/\/barcelona-discovery.com\/wp-content\/uploads\/2017\/08\/DSCF1464.jpg","datePublished":"2017-08-29T07:37:19+00:00","dateModified":"2025-11-19T20:57:30+00:00","description":"Descubra la experiencia de sobrevolar el Parque Natural de la Zona Volc\u00e1nica de la Garrotxa.Un vuelo en globo es una manera distinta de hacer turismo, les har\u00e1 sentir libres y relajados.Esta experiencia es ideal para los amantes de la naturaleza y para los que buscan nuevas sensaciones. No espere m\u00e1s, reserve ahora !","breadcrumb":{"@id":"https:\/\/barcelona-discovery.com\/es\/producto\/paseo-en-globo-por-la-garrotxa\/#breadcrumb"},"inLanguage":"es","potentialAction":[{"@type":"ReadAction","target":["https:\/\/barcelona-discovery.com\/es\/producto\/paseo-en-globo-por-la-garrotxa\/"]}]},{"@type":"ImageObject","inLanguage":"es","@id":"https:\/\/barcelona-discovery.com\/es\/producto\/paseo-en-globo-por-la-garrotxa\/#primaryimage","url":"https:\/\/barcelona-discovery.com\/wp-content\/uploads\/2017\/08\/DSCF1464.jpg","contentUrl":"https:\/\/barcelona-discovery.com\/wp-content\/uploads\/2017\/08\/DSCF1464.jpg","width":1920,"height":1080,"caption":"Barcelona Discovery Tours"},{"@type":"BreadcrumbList","@id":"https:\/\/barcelona-discovery.com\/es\/producto\/paseo-en-globo-por-la-garrotxa\/#breadcrumb","itemListElement":[{"@type":"ListItem","position":1,"name":"Home","item":"https:\/\/barcelona-discovery.com\/es\/"},{"@type":"ListItem","position":2,"name":"Tours","item":"https:\/\/barcelona-discovery.com\/tours\/"},{"@type":"ListItem","position":3,"name":"Paseo en globlo por el Parque Natural de la Garrotxa"}]},{"@type":"WebSite","@id":"https:\/\/barcelona-discovery.com\/#website","url":"https:\/\/barcelona-discovery.com\/","name":"Barcelona Discovery","description":"Private Tours around Barcelona","publisher":{"@id":"https:\/\/barcelona-discovery.com\/#organization"},"potentialAction":[{"@type":"SearchAction","target":{"@type":"EntryPoint","urlTemplate":"https:\/\/barcelona-discovery.com\/?s={search_term_string}"},"query-input":{"@type":"PropertyValueSpecification","valueRequired":true,"valueName":"search_term_string"}}],"inLanguage":"es"},{"@type":"Organization","@id":"https:\/\/barcelona-discovery.com\/#organization","name":"Barcelona Discovery","url":"https:\/\/barcelona-discovery.com\/","logo":{"@type":"ImageObject","inLanguage":"es","@id":"https:\/\/barcelona-discovery.com\/#\/schema\/logo\/image\/","url":"https:\/\/barcelona-discovery.com\/wp-content\/uploads\/2024\/02\/logo-linkein.jpg","contentUrl":"https:\/\/barcelona-discovery.com\/wp-content\/uploads\/2024\/02\/logo-linkein.jpg","width":300,"height":300,"caption":"Barcelona Discovery"},"image":{"@id":"https:\/\/barcelona-discovery.com\/#\/schema\/logo\/image\/"},"sameAs":["https:\/\/www.facebook.com\/BarcelonaDiscovery\/","https:\/\/x.com\/bcn_discovery","https:\/\/www.instagram.com\/barcelonadiscovery\/","https:\/\/www.youtube.com\/channel\/UCwpragtLkdmFTHCzinFQG_g"]}]}},"_links":{"self":[{"href":"https:\/\/barcelona-discovery.com\/es\/wp-json\/wp\/v2\/product\/1620","targetHints":{"allow":["GET"]}}],"collection":[{"href":"https:\/\/barcelona-discovery.com\/es\/wp-json\/wp\/v2\/product"}],"about":[{"href":"https:\/\/barcelona-discovery.com\/es\/wp-json\/wp\/v2\/types\/product"}],"replies":[{"embeddable":true,"href":"https:\/\/barcelona-discovery.com\/es\/wp-json\/wp\/v2\/comments?post=1620"}],"wp:featuredmedia":[{"embeddable":true,"href":"https:\/\/barcelona-discovery.com\/es\/wp-json\/wp\/v2\/media\/2189"}],"wp:attachment":[{"href":"https:\/\/barcelona-discovery.com\/es\/wp-json\/wp\/v2\/media?parent=1620"}],"wp:term":[{"taxonomy":"product_brand","embeddable":true,"href":"https:\/\/barcelona-discovery.com\/es\/wp-json\/wp\/v2\/product_brand?post=1620"},{"taxonomy":"product_cat","embeddable":true,"href":"https:\/\/barcelona-discovery.com\/es\/wp-json\/wp\/v2\/product_cat?post=1620"},{"taxonomy":"product_tag","embeddable":true,"href":"https:\/\/barcelona-discovery.com\/es\/wp-json\/wp\/v2\/product_tag?post=1620"}],"curies":[{"name":"wp","href":"https:\/\/api.w.org\/{rel}","templated":true}]}}