{"id":1681,"date":"2016-11-29T04:20:22","date_gmt":"2016-11-29T03:20:22","guid":{"rendered":"https:\/\/barcelona-discovery.com\/product\/sailing-experience-barcelona\/"},"modified":"2024-06-11T12:50:19","modified_gmt":"2024-06-11T11:50:19","slug":"paseo-en-velero-por-barcelona","status":"publish","type":"product","link":"https:\/\/barcelona-discovery.com\/es\/tours\/paseo-en-velero-por-barcelona\/","title":{"rendered":"Paseo en Velero por Barcelona"},"content":{"rendered":"<p>Poder sentir la c\u00e1lida brisa marina mientras <strong>surcas la costa de Barcelona<\/strong> durante un par de horas\u2026navega con nosotros y podr\u00e1s redescubrir lugares emblem\u00e1ticos de la ciudad desde una perspectiva \u00fanica. A bordo de un velero de 38 pies, navegar\u00e1s la costa y podr\u00e1s observar iconos barceloneses\u00a0 como <strong>Montju\u00efc, Col\u00f3n, el hotel Vela, el Port Vell, Marem\u00e1gnum, la Barceloneta, la Sagrada Familia, el Tibidabo\u2026<\/strong><\/p>\n<p>Saldr\u00e9is a mar abierta y os convertir\u00e9is en aut\u00e9nticos marineros mientras ayud\u00e1is con las velas al patr\u00f3n, e inclusive podr\u00e9is manejar el tim\u00f3n! Tambi\u00e9n podr\u00e9is ba\u00f1aros si os apetece, y se os ofrecer\u00e1 una <strong>copa de champagne, mientras os relaj\u00e1is con la m\u00fasica ambiental<\/strong>. Si lo prefieren tambi\u00e9n podr\u00e1n tomarse una cerveza, acomodarse y dejarse llevar por el viento.<\/p>\n<p>Grupos de m\u00e1ximo 10 personas, para asegurar la correcta atenci\u00f3n por parte del patr\u00f3n<\/p>\n<p>Resumiendo, esta actividad les ofrece la oportunidad de:<\/p>\n<p><i class=\"fa fa-check icon-tick icon-tick--on\"><\/i>Disfrutar de<strong>l \u201cskyline\u201d de Barcelona<\/strong> desde el mar<\/p>\n<p><i class=\"fa fa-check icon-tick icon-tick--on\"><\/i><span style=\"font-weight: 400;\">Hacer de marinero ayudando al patr\u00f3n.<\/span><\/p>\n<p><i class=\"fa fa-check icon-tick icon-tick--on\"><\/i><span style=\"font-weight: 400;\">Saborear una buena<strong> copa de champagne.<\/strong><\/span><\/p>\n<p><i class=\"fa fa-check icon-tick icon-tick--on\"><\/i><span style=\"font-weight: 400;\">E<\/span>scuchar el viento y sentirlo.<\/p>\n<p><i class=\"fa fa-check icon-tick icon-tick--on\"><\/i>Disfrutar de un ba\u00f1o a mar abierto.<\/p>\n<p>&nbsp;<\/p>\n<p>&nbsp;<\/p>\n<p><span style=\"font-weight: 400;\">\u00a0<\/span><\/p>\n<p>&nbsp;<\/p>\n<p>&nbsp;<\/p>\n","protected":false},"excerpt":{"rendered":"<p style=\"text-align: left;\"><strong>Paseo en velero por la Costa de Barcelona durante 2 horas<\/strong><\/p>\n<p>&nbsp;<\/p>\n","protected":false},"featured_media":1950,"comment_status":"open","ping_status":"closed","template":"","meta":[],"product_brand":[],"product_cat":[179,342],"product_tag":[],"class_list":{"0":"post-1681","1":"product","2":"type-product","3":"status-publish","4":"has-post-thumbnail","6":"product_cat-experiencias-maritimas","7":"product_cat-private-tours-es","8":"pa_tour-type-experiencias-maritimas","9":"pa_tour-types-land-experiences-tours-barcelona","10":"pa_tour-types-sea-experiences-sailing-day-trips-es","11":"tour_phys-regala-experiencias","13":"first","14":"instock","15":"shipping-taxable","16":"purchasable","17":"product-type-tour_phys"},"yoast_head":"<!-- This site is optimized with the Yoast SEO plugin v26.1.1 - https:\/\/yoast.com\/wordpress\/plugins\/seo\/ -->\n<title>Rutas privadas nauticas- Salida en velero por la costa de Barcelona<\/title>\n<meta name=\"description\" content=\"Tours privados de navegaci\u00f3n, sienta la c\u00e1lida brisa marina mientras navega por la costa de Barcelona. Navegando descubrir\u00e1s lugares \u00fanicos.\" \/>\n<meta name=\"robots\" content=\"index, follow, max-snippet:-1, max-image-preview:large, max-video-preview:-1\" \/>\n<link rel=\"canonical\" href=\"https:\/\/barcelona-discovery.com\/es\/producto\/paseo-en-velero-por-barcelona\/\" \/>\n<meta property=\"og:locale\" content=\"es_ES\" \/>\n<meta property=\"og:type\" content=\"article\" \/>\n<meta property=\"og:title\" content=\"Rutas privadas nauticas- Salida en velero por la costa de Barcelona\" \/>\n<meta property=\"og:description\" content=\"Tours privados de navegaci\u00f3n, sienta la c\u00e1lida brisa marina mientras navega por la costa de Barcelona. Navegando descubrir\u00e1s lugares \u00fanicos.\" \/>\n<meta property=\"og:url\" content=\"https:\/\/barcelona-discovery.com\/es\/producto\/paseo-en-velero-por-barcelona\/\" \/>\n<meta property=\"og:site_name\" content=\"Barcelona Discovery\" \/>\n<meta property=\"article:publisher\" content=\"https:\/\/www.facebook.com\/BarcelonaDiscovery\/\" \/>\n<meta property=\"article:modified_time\" content=\"2024-06-11T11:50:19+00:00\" \/>\n<meta property=\"og:image\" content=\"https:\/\/barcelona-discovery.com\/wp-content\/uploads\/2016\/11\/veler2.jpg\" \/>\n\t<meta property=\"og:image:width\" content=\"1400\" \/>\n\t<meta property=\"og:image:height\" content=\"700\" \/>\n\t<meta property=\"og:image:type\" content=\"image\/jpeg\" \/>\n<meta name=\"twitter:card\" content=\"summary_large_image\" \/>\n<meta name=\"twitter:site\" content=\"@bcn_discovery\" \/>\n<meta name=\"twitter:label1\" content=\"Tiempo de lectura\" \/>\n\t<meta name=\"twitter:data1\" content=\"1 minuto\" \/>\n<script type=\"application\/ld+json\" class=\"yoast-schema-graph\">{\"@context\":\"https:\/\/schema.org\",\"@graph\":[{\"@type\":\"WebPage\",\"@id\":\"https:\/\/barcelona-discovery.com\/es\/producto\/paseo-en-velero-por-barcelona\/\",\"url\":\"https:\/\/barcelona-discovery.com\/es\/producto\/paseo-en-velero-por-barcelona\/\",\"name\":\"Rutas privadas nauticas- Salida en velero por la costa de Barcelona\",\"isPartOf\":{\"@id\":\"https:\/\/barcelona-discovery.com\/#website\"},\"primaryImageOfPage\":{\"@id\":\"https:\/\/barcelona-discovery.com\/es\/producto\/paseo-en-velero-por-barcelona\/#primaryimage\"},\"image\":{\"@id\":\"https:\/\/barcelona-discovery.com\/es\/producto\/paseo-en-velero-por-barcelona\/#primaryimage\"},\"thumbnailUrl\":\"https:\/\/barcelona-discovery.com\/wp-content\/uploads\/2016\/11\/veler2.jpg\",\"datePublished\":\"2016-11-29T03:20:22+00:00\",\"dateModified\":\"2024-06-11T11:50:19+00:00\",\"description\":\"Tours privados de navegaci\u00f3n, sienta la c\u00e1lida brisa marina mientras navega por la costa de Barcelona. Navegando descubrir\u00e1s lugares \u00fanicos.\",\"breadcrumb\":{\"@id\":\"https:\/\/barcelona-discovery.com\/es\/producto\/paseo-en-velero-por-barcelona\/#breadcrumb\"},\"inLanguage\":\"es\",\"potentialAction\":[{\"@type\":\"ReadAction\",\"target\":[\"https:\/\/barcelona-discovery.com\/es\/producto\/paseo-en-velero-por-barcelona\/\"]}]},{\"@type\":\"ImageObject\",\"inLanguage\":\"es\",\"@id\":\"https:\/\/barcelona-discovery.com\/es\/producto\/paseo-en-velero-por-barcelona\/#primaryimage\",\"url\":\"https:\/\/barcelona-discovery.com\/wp-content\/uploads\/2016\/11\/veler2.jpg\",\"contentUrl\":\"https:\/\/barcelona-discovery.com\/wp-content\/uploads\/2016\/11\/veler2.jpg\",\"width\":1400,\"height\":700,\"caption\":\"Barcelona Boat Trip\"},{\"@type\":\"BreadcrumbList\",\"@id\":\"https:\/\/barcelona-discovery.com\/es\/producto\/paseo-en-velero-por-barcelona\/#breadcrumb\",\"itemListElement\":[{\"@type\":\"ListItem\",\"position\":1,\"name\":\"Home\",\"item\":\"https:\/\/barcelona-discovery.com\/es\/\"},{\"@type\":\"ListItem\",\"position\":2,\"name\":\"Tours\",\"item\":\"https:\/\/barcelona-discovery.com\/tours\/\"},{\"@type\":\"ListItem\",\"position\":3,\"name\":\"Paseo en Velero por Barcelona\"}]},{\"@type\":\"WebSite\",\"@id\":\"https:\/\/barcelona-discovery.com\/#website\",\"url\":\"https:\/\/barcelona-discovery.com\/\",\"name\":\"Barcelona Discovery\",\"description\":\"Private Tours around Barcelona\",\"publisher\":{\"@id\":\"https:\/\/barcelona-discovery.com\/#organization\"},\"potentialAction\":[{\"@type\":\"SearchAction\",\"target\":{\"@type\":\"EntryPoint\",\"urlTemplate\":\"https:\/\/barcelona-discovery.com\/?s={search_term_string}\"},\"query-input\":{\"@type\":\"PropertyValueSpecification\",\"valueRequired\":true,\"valueName\":\"search_term_string\"}}],\"inLanguage\":\"es\"},{\"@type\":\"Organization\",\"@id\":\"https:\/\/barcelona-discovery.com\/#organization\",\"name\":\"Barcelona Discovery\",\"url\":\"https:\/\/barcelona-discovery.com\/\",\"logo\":{\"@type\":\"ImageObject\",\"inLanguage\":\"es\",\"@id\":\"https:\/\/barcelona-discovery.com\/#\/schema\/logo\/image\/\",\"url\":\"https:\/\/barcelona-discovery.com\/wp-content\/uploads\/2024\/02\/logo-linkein.jpg\",\"contentUrl\":\"https:\/\/barcelona-discovery.com\/wp-content\/uploads\/2024\/02\/logo-linkein.jpg\",\"width\":300,\"height\":300,\"caption\":\"Barcelona Discovery\"},\"image\":{\"@id\":\"https:\/\/barcelona-discovery.com\/#\/schema\/logo\/image\/\"},\"sameAs\":[\"https:\/\/www.facebook.com\/BarcelonaDiscovery\/\",\"https:\/\/x.com\/bcn_discovery\",\"https:\/\/www.instagram.com\/barcelonadiscovery\/\",\"https:\/\/www.youtube.com\/channel\/UCwpragtLkdmFTHCzinFQG_g\"]}]}<\/script>\n<!-- \/ Yoast SEO plugin. -->","yoast_head_json":{"title":"Rutas privadas nauticas- Salida en velero por la costa de Barcelona","description":"Tours privados de navegaci\u00f3n, sienta la c\u00e1lida brisa marina mientras navega por la costa de Barcelona. Navegando descubrir\u00e1s lugares \u00fanicos.","robots":{"index":"index","follow":"follow","max-snippet":"max-snippet:-1","max-image-preview":"max-image-preview:large","max-video-preview":"max-video-preview:-1"},"canonical":"https:\/\/barcelona-discovery.com\/es\/producto\/paseo-en-velero-por-barcelona\/","og_locale":"es_ES","og_type":"article","og_title":"Rutas privadas nauticas- Salida en velero por la costa de Barcelona","og_description":"Tours privados de navegaci\u00f3n, sienta la c\u00e1lida brisa marina mientras navega por la costa de Barcelona. Navegando descubrir\u00e1s lugares \u00fanicos.","og_url":"https:\/\/barcelona-discovery.com\/es\/producto\/paseo-en-velero-por-barcelona\/","og_site_name":"Barcelona Discovery","article_publisher":"https:\/\/www.facebook.com\/BarcelonaDiscovery\/","article_modified_time":"2024-06-11T11:50:19+00:00","og_image":[{"width":1400,"height":700,"url":"https:\/\/barcelona-discovery.com\/wp-content\/uploads\/2016\/11\/veler2.jpg","type":"image\/jpeg"}],"twitter_card":"summary_large_image","twitter_site":"@bcn_discovery","twitter_misc":{"Tiempo de lectura":"1 minuto"},"schema":{"@context":"https:\/\/schema.org","@graph":[{"@type":"WebPage","@id":"https:\/\/barcelona-discovery.com\/es\/producto\/paseo-en-velero-por-barcelona\/","url":"https:\/\/barcelona-discovery.com\/es\/producto\/paseo-en-velero-por-barcelona\/","name":"Rutas privadas nauticas- Salida en velero por la costa de Barcelona","isPartOf":{"@id":"https:\/\/barcelona-discovery.com\/#website"},"primaryImageOfPage":{"@id":"https:\/\/barcelona-discovery.com\/es\/producto\/paseo-en-velero-por-barcelona\/#primaryimage"},"image":{"@id":"https:\/\/barcelona-discovery.com\/es\/producto\/paseo-en-velero-por-barcelona\/#primaryimage"},"thumbnailUrl":"https:\/\/barcelona-discovery.com\/wp-content\/uploads\/2016\/11\/veler2.jpg","datePublished":"2016-11-29T03:20:22+00:00","dateModified":"2024-06-11T11:50:19+00:00","description":"Tours privados de navegaci\u00f3n, sienta la c\u00e1lida brisa marina mientras navega por la costa de Barcelona. Navegando descubrir\u00e1s lugares \u00fanicos.","breadcrumb":{"@id":"https:\/\/barcelona-discovery.com\/es\/producto\/paseo-en-velero-por-barcelona\/#breadcrumb"},"inLanguage":"es","potentialAction":[{"@type":"ReadAction","target":["https:\/\/barcelona-discovery.com\/es\/producto\/paseo-en-velero-por-barcelona\/"]}]},{"@type":"ImageObject","inLanguage":"es","@id":"https:\/\/barcelona-discovery.com\/es\/producto\/paseo-en-velero-por-barcelona\/#primaryimage","url":"https:\/\/barcelona-discovery.com\/wp-content\/uploads\/2016\/11\/veler2.jpg","contentUrl":"https:\/\/barcelona-discovery.com\/wp-content\/uploads\/2016\/11\/veler2.jpg","width":1400,"height":700,"caption":"Barcelona Boat Trip"},{"@type":"BreadcrumbList","@id":"https:\/\/barcelona-discovery.com\/es\/producto\/paseo-en-velero-por-barcelona\/#breadcrumb","itemListElement":[{"@type":"ListItem","position":1,"name":"Home","item":"https:\/\/barcelona-discovery.com\/es\/"},{"@type":"ListItem","position":2,"name":"Tours","item":"https:\/\/barcelona-discovery.com\/tours\/"},{"@type":"ListItem","position":3,"name":"Paseo en Velero por Barcelona"}]},{"@type":"WebSite","@id":"https:\/\/barcelona-discovery.com\/#website","url":"https:\/\/barcelona-discovery.com\/","name":"Barcelona Discovery","description":"Private Tours around Barcelona","publisher":{"@id":"https:\/\/barcelona-discovery.com\/#organization"},"potentialAction":[{"@type":"SearchAction","target":{"@type":"EntryPoint","urlTemplate":"https:\/\/barcelona-discovery.com\/?s={search_term_string}"},"query-input":{"@type":"PropertyValueSpecification","valueRequired":true,"valueName":"search_term_string"}}],"inLanguage":"es"},{"@type":"Organization","@id":"https:\/\/barcelona-discovery.com\/#organization","name":"Barcelona Discovery","url":"https:\/\/barcelona-discovery.com\/","logo":{"@type":"ImageObject","inLanguage":"es","@id":"https:\/\/barcelona-discovery.com\/#\/schema\/logo\/image\/","url":"https:\/\/barcelona-discovery.com\/wp-content\/uploads\/2024\/02\/logo-linkein.jpg","contentUrl":"https:\/\/barcelona-discovery.com\/wp-content\/uploads\/2024\/02\/logo-linkein.jpg","width":300,"height":300,"caption":"Barcelona Discovery"},"image":{"@id":"https:\/\/barcelona-discovery.com\/#\/schema\/logo\/image\/"},"sameAs":["https:\/\/www.facebook.com\/BarcelonaDiscovery\/","https:\/\/x.com\/bcn_discovery","https:\/\/www.instagram.com\/barcelonadiscovery\/","https:\/\/www.youtube.com\/channel\/UCwpragtLkdmFTHCzinFQG_g"]}]}},"_links":{"self":[{"href":"https:\/\/barcelona-discovery.com\/es\/wp-json\/wp\/v2\/product\/1681","targetHints":{"allow":["GET"]}}],"collection":[{"href":"https:\/\/barcelona-discovery.com\/es\/wp-json\/wp\/v2\/product"}],"about":[{"href":"https:\/\/barcelona-discovery.com\/es\/wp-json\/wp\/v2\/types\/product"}],"replies":[{"embeddable":true,"href":"https:\/\/barcelona-discovery.com\/es\/wp-json\/wp\/v2\/comments?post=1681"}],"wp:featuredmedia":[{"embeddable":true,"href":"https:\/\/barcelona-discovery.com\/es\/wp-json\/wp\/v2\/media\/1950"}],"wp:attachment":[{"href":"https:\/\/barcelona-discovery.com\/es\/wp-json\/wp\/v2\/media?parent=1681"}],"wp:term":[{"taxonomy":"product_brand","embeddable":true,"href":"https:\/\/barcelona-discovery.com\/es\/wp-json\/wp\/v2\/product_brand?post=1681"},{"taxonomy":"product_cat","embeddable":true,"href":"https:\/\/barcelona-discovery.com\/es\/wp-json\/wp\/v2\/product_cat?post=1681"},{"taxonomy":"product_tag","embeddable":true,"href":"https:\/\/barcelona-discovery.com\/es\/wp-json\/wp\/v2\/product_tag?post=1681"}],"curies":[{"name":"wp","href":"https:\/\/api.w.org\/{rel}","templated":true}]}}