{"id":2465,"date":"2018-03-06T11:15:44","date_gmt":"2018-03-06T10:15:44","guid":{"rendered":"https:\/\/barcelona-discovery.com\/product\/private-modernist-walking-tour-gaudis-barcelona\/"},"modified":"2024-04-15T15:24:12","modified_gmt":"2024-04-15T14:24:12","slug":"ruta-privada-por-barcelona-el-modernismo-de-gaudi","status":"publish","type":"product","link":"https:\/\/barcelona-discovery.com\/es\/tours\/ruta-privada-por-barcelona-el-modernismo-de-gaudi\/","title":{"rendered":"TOUR PRIVADO POR BARCELONA &#8211; EL MODERNISMO Y GAUDI"},"content":{"rendered":"<p>Todos hemos o\u00eddo hablar de las maravillas del <strong>Trencad\u00eds de Gaud\u00ed<\/strong> \u00bfno? Y todos hemos visto la <strong>Sagrada Fam\u00edlia de Barcelona<\/strong>, al menos en im\u00e1genes. Ahora sugerimos conocer la historia del <strong>modernismo en Barcelona.\u00a0<\/strong><\/p>\n<p>Con esta visita guiada descubrir\u00e1s todo sobre la <strong>Sagrada Familia, obra maestra de Antoni Gaud\u00ed<\/strong>, \u00e9l es el m\u00e1s importannte de los arquitectos que han realizado obras en Barcelona. Sus construcciones son excepcionales.<\/p>\n<p>Durante m\u00e1s o menos 1 H30, le explicaremos todo sobre la Sagrada Fam\u00edlia; \u00a0la historia, leyendas, simbolog\u00eda, visitaremos el Museo&#8230;. despu\u00e9s de visitar la Sagrada Familia, iremos en taxi o en metro, y exploraremos todo sobre la modernidad del Eixample. Usted tendr\u00e1 la oportunidad de descubrir los misterios y secretos de la ciudad con un gu\u00eda oficial de Barcelona.<\/p>\n<p>Comenzando en l<strong>a Pedrera, en la parte alta de Passeig de gracia<\/strong>, a pie y siempre cuesta abajo, llegaremos a <strong>Pla\u00e7a Catalunya.<\/strong> Veremos edificios singulares t\u00edpicos de la modernidad como <strong>Casa Fuster, casa de les Punxes, casa Comalat, el Palacio del Bar\u00f3 de Quadras,<\/strong> (el m\u00e1ximo exponente de la obra de arte de la casa de Gaud\u00ed). <strong>Casa Mil\u00e0 (la Pedrera), casa Marf\u00e0, Casa Batll\u00f3, Casa Ametller y Casa Lle\u00f3 Morera<\/strong>, haciendo una introducci\u00f3n a Barcelona a finales del siglo XIX y principios del XX.<\/p>\n<p>Durante este recorrido tendr\u00e1 la oportunidad de conocer la historia de Barcelona a trav\u00e9s de los edificios y el paisaje urbano.<\/p>\n<p>Y se preocupen si est\u00e1n cansados de caminar, podemos hacer un descanso, tomar una taza de t\u00e9 o una taza de <strong>&#8220;chocolate con churros&#8221;\u00a0<\/strong>en una cafeter\u00eda emblem\u00e1tica de <strong>Barcelona.<\/strong><\/p>\n<p>Luego cogeremos el coche y nos dirigiremos al Parque G\u00fcell.<\/p>\n<p>&nbsp;<\/p>\n","protected":false},"excerpt":{"rendered":"<p><strong>Ruta privada por la Barcelona Modernista, incluye visita guiada a la Sagrada Familia.<\/strong><\/p>\n","protected":false},"featured_media":8013,"comment_status":"open","ping_status":"closed","template":"","meta":[],"product_brand":[],"product_cat":[157,342,156,178],"product_tag":[],"class_list":{"0":"post-2465","1":"product","2":"type-product","3":"status-publish","4":"has-post-thumbnail","6":"product_cat-experiencias-terrestres","7":"product_cat-private-tours-es","8":"product_cat-tours-culturales","9":"product_cat-tours-por-barcelona","10":"pa_tour-type-experiencias-terrestres","11":"pa_tour-types-land-experiences-tours-barcelona","12":"pa_tour-types-private-tours-tours-privados-por-barcelona","14":"first","15":"instock","16":"shipping-taxable","17":"purchasable","18":"product-type-tour_phys"},"yoast_head":"<!-- This site is optimized with the Yoast SEO plugin v26.1.1 - https:\/\/yoast.com\/wordpress\/plugins\/seo\/ -->\n<title>Visita Guiada por el Modernismo de Gaud\u00ed \/ Visita a la Sagrada Familia<\/title>\n<meta name=\"description\" content=\"\u00bfQuieres realizar un tour privado por Barcelona con tus amigos o familiares ?Con esta visita guiada descubrir\u00e1s todo sobre la Sagrada Familia, obra maestra de Antoni Gaud\u00ed, \u00e9l es el m\u00e1s importante de los arquitectos que han realizado obras en Barcelona. Sus construcciones son excepcionales.\u00a1Reserva ya tu visita guiada!\" \/>\n<meta name=\"robots\" content=\"index, follow, max-snippet:-1, max-image-preview:large, max-video-preview:-1\" \/>\n<link rel=\"canonical\" href=\"https:\/\/barcelona-discovery.com\/es\/producto\/ruta-privada-por-barcelona-el-modernismo-de-gaudi\/\" \/>\n<meta property=\"og:locale\" content=\"es_ES\" \/>\n<meta property=\"og:type\" content=\"article\" \/>\n<meta property=\"og:title\" content=\"Visita Guiada por el Modernismo de Gaud\u00ed \/ Visita a la Sagrada Familia\" \/>\n<meta property=\"og:description\" content=\"\u00bfQuieres realizar un tour privado por Barcelona con tus amigos o familiares ?Con esta visita guiada descubrir\u00e1s todo sobre la Sagrada Familia, obra maestra de Antoni Gaud\u00ed, \u00e9l es el m\u00e1s importante de los arquitectos que han realizado obras en Barcelona. Sus construcciones son excepcionales.\u00a1Reserva ya tu visita guiada!\" \/>\n<meta property=\"og:url\" content=\"https:\/\/barcelona-discovery.com\/es\/producto\/ruta-privada-por-barcelona-el-modernismo-de-gaudi\/\" \/>\n<meta property=\"og:site_name\" content=\"Barcelona Discovery\" \/>\n<meta property=\"article:publisher\" content=\"https:\/\/www.facebook.com\/BarcelonaDiscovery\/\" \/>\n<meta property=\"article:modified_time\" content=\"2024-04-15T14:24:12+00:00\" \/>\n<meta property=\"og:image\" content=\"https:\/\/barcelona-discovery.com\/wp-content\/uploads\/2018\/03\/sagrada-familia.jpg\" \/>\n\t<meta property=\"og:image:width\" content=\"1400\" \/>\n\t<meta property=\"og:image:height\" content=\"700\" \/>\n\t<meta property=\"og:image:type\" content=\"image\/jpeg\" \/>\n<meta name=\"twitter:card\" content=\"summary_large_image\" \/>\n<meta name=\"twitter:site\" content=\"@bcn_discovery\" \/>\n<meta name=\"twitter:label1\" content=\"Tiempo de lectura\" \/>\n\t<meta name=\"twitter:data1\" content=\"1 minuto\" \/>\n<script type=\"application\/ld+json\" class=\"yoast-schema-graph\">{\"@context\":\"https:\/\/schema.org\",\"@graph\":[{\"@type\":\"WebPage\",\"@id\":\"https:\/\/barcelona-discovery.com\/es\/producto\/ruta-privada-por-barcelona-el-modernismo-de-gaudi\/\",\"url\":\"https:\/\/barcelona-discovery.com\/es\/producto\/ruta-privada-por-barcelona-el-modernismo-de-gaudi\/\",\"name\":\"Visita Guiada por el Modernismo de Gaud\u00ed \/ Visita a la Sagrada Familia\",\"isPartOf\":{\"@id\":\"https:\/\/barcelona-discovery.com\/#website\"},\"primaryImageOfPage\":{\"@id\":\"https:\/\/barcelona-discovery.com\/es\/producto\/ruta-privada-por-barcelona-el-modernismo-de-gaudi\/#primaryimage\"},\"image\":{\"@id\":\"https:\/\/barcelona-discovery.com\/es\/producto\/ruta-privada-por-barcelona-el-modernismo-de-gaudi\/#primaryimage\"},\"thumbnailUrl\":\"https:\/\/barcelona-discovery.com\/wp-content\/uploads\/2022\/03\/barcelona-private-tour-sagrada-familia.jpg\",\"datePublished\":\"2018-03-06T10:15:44+00:00\",\"dateModified\":\"2024-04-15T14:24:12+00:00\",\"description\":\"\u00bfQuieres realizar un tour privado por Barcelona con tus amigos o familiares ?Con esta visita guiada descubrir\u00e1s todo sobre la Sagrada Familia, obra maestra de Antoni Gaud\u00ed, \u00e9l es el m\u00e1s importante de los arquitectos que han realizado obras en Barcelona. Sus construcciones son excepcionales.\u00a1Reserva ya tu visita guiada!\",\"breadcrumb\":{\"@id\":\"https:\/\/barcelona-discovery.com\/es\/producto\/ruta-privada-por-barcelona-el-modernismo-de-gaudi\/#breadcrumb\"},\"inLanguage\":\"es\",\"potentialAction\":[{\"@type\":\"ReadAction\",\"target\":[\"https:\/\/barcelona-discovery.com\/es\/producto\/ruta-privada-por-barcelona-el-modernismo-de-gaudi\/\"]}]},{\"@type\":\"ImageObject\",\"inLanguage\":\"es\",\"@id\":\"https:\/\/barcelona-discovery.com\/es\/producto\/ruta-privada-por-barcelona-el-modernismo-de-gaudi\/#primaryimage\",\"url\":\"https:\/\/barcelona-discovery.com\/wp-content\/uploads\/2022\/03\/barcelona-private-tour-sagrada-familia.jpg\",\"contentUrl\":\"https:\/\/barcelona-discovery.com\/wp-content\/uploads\/2022\/03\/barcelona-private-tour-sagrada-familia.jpg\",\"width\":693,\"height\":519},{\"@type\":\"BreadcrumbList\",\"@id\":\"https:\/\/barcelona-discovery.com\/es\/producto\/ruta-privada-por-barcelona-el-modernismo-de-gaudi\/#breadcrumb\",\"itemListElement\":[{\"@type\":\"ListItem\",\"position\":1,\"name\":\"Home\",\"item\":\"https:\/\/barcelona-discovery.com\/es\/\"},{\"@type\":\"ListItem\",\"position\":2,\"name\":\"Tours\",\"item\":\"https:\/\/barcelona-discovery.com\/tours\/\"},{\"@type\":\"ListItem\",\"position\":3,\"name\":\"TOUR PRIVADO POR BARCELONA &#8211; EL MODERNISMO Y GAUDI\"}]},{\"@type\":\"WebSite\",\"@id\":\"https:\/\/barcelona-discovery.com\/#website\",\"url\":\"https:\/\/barcelona-discovery.com\/\",\"name\":\"Barcelona Discovery\",\"description\":\"Private Tours around Barcelona\",\"publisher\":{\"@id\":\"https:\/\/barcelona-discovery.com\/#organization\"},\"potentialAction\":[{\"@type\":\"SearchAction\",\"target\":{\"@type\":\"EntryPoint\",\"urlTemplate\":\"https:\/\/barcelona-discovery.com\/?s={search_term_string}\"},\"query-input\":{\"@type\":\"PropertyValueSpecification\",\"valueRequired\":true,\"valueName\":\"search_term_string\"}}],\"inLanguage\":\"es\"},{\"@type\":\"Organization\",\"@id\":\"https:\/\/barcelona-discovery.com\/#organization\",\"name\":\"Barcelona Discovery\",\"url\":\"https:\/\/barcelona-discovery.com\/\",\"logo\":{\"@type\":\"ImageObject\",\"inLanguage\":\"es\",\"@id\":\"https:\/\/barcelona-discovery.com\/#\/schema\/logo\/image\/\",\"url\":\"https:\/\/barcelona-discovery.com\/wp-content\/uploads\/2024\/02\/logo-linkein.jpg\",\"contentUrl\":\"https:\/\/barcelona-discovery.com\/wp-content\/uploads\/2024\/02\/logo-linkein.jpg\",\"width\":300,\"height\":300,\"caption\":\"Barcelona Discovery\"},\"image\":{\"@id\":\"https:\/\/barcelona-discovery.com\/#\/schema\/logo\/image\/\"},\"sameAs\":[\"https:\/\/www.facebook.com\/BarcelonaDiscovery\/\",\"https:\/\/x.com\/bcn_discovery\",\"https:\/\/www.instagram.com\/barcelonadiscovery\/\",\"https:\/\/www.youtube.com\/channel\/UCwpragtLkdmFTHCzinFQG_g\"]}]}<\/script>\n<!-- \/ Yoast SEO plugin. -->","yoast_head_json":{"title":"Visita Guiada por el Modernismo de Gaud\u00ed \/ Visita a la Sagrada Familia","description":"\u00bfQuieres realizar un tour privado por Barcelona con tus amigos o familiares ?Con esta visita guiada descubrir\u00e1s todo sobre la Sagrada Familia, obra maestra de Antoni Gaud\u00ed, \u00e9l es el m\u00e1s importante de los arquitectos que han realizado obras en Barcelona. Sus construcciones son excepcionales.\u00a1Reserva ya tu visita guiada!","robots":{"index":"index","follow":"follow","max-snippet":"max-snippet:-1","max-image-preview":"max-image-preview:large","max-video-preview":"max-video-preview:-1"},"canonical":"https:\/\/barcelona-discovery.com\/es\/producto\/ruta-privada-por-barcelona-el-modernismo-de-gaudi\/","og_locale":"es_ES","og_type":"article","og_title":"Visita Guiada por el Modernismo de Gaud\u00ed \/ Visita a la Sagrada Familia","og_description":"\u00bfQuieres realizar un tour privado por Barcelona con tus amigos o familiares ?Con esta visita guiada descubrir\u00e1s todo sobre la Sagrada Familia, obra maestra de Antoni Gaud\u00ed, \u00e9l es el m\u00e1s importante de los arquitectos que han realizado obras en Barcelona. Sus construcciones son excepcionales.\u00a1Reserva ya tu visita guiada!","og_url":"https:\/\/barcelona-discovery.com\/es\/producto\/ruta-privada-por-barcelona-el-modernismo-de-gaudi\/","og_site_name":"Barcelona Discovery","article_publisher":"https:\/\/www.facebook.com\/BarcelonaDiscovery\/","article_modified_time":"2024-04-15T14:24:12+00:00","og_image":[{"width":1400,"height":700,"url":"https:\/\/barcelona-discovery.com\/wp-content\/uploads\/2018\/03\/sagrada-familia.jpg","type":"image\/jpeg"}],"twitter_card":"summary_large_image","twitter_site":"@bcn_discovery","twitter_misc":{"Tiempo de lectura":"1 minuto"},"schema":{"@context":"https:\/\/schema.org","@graph":[{"@type":"WebPage","@id":"https:\/\/barcelona-discovery.com\/es\/producto\/ruta-privada-por-barcelona-el-modernismo-de-gaudi\/","url":"https:\/\/barcelona-discovery.com\/es\/producto\/ruta-privada-por-barcelona-el-modernismo-de-gaudi\/","name":"Visita Guiada por el Modernismo de Gaud\u00ed \/ Visita a la Sagrada Familia","isPartOf":{"@id":"https:\/\/barcelona-discovery.com\/#website"},"primaryImageOfPage":{"@id":"https:\/\/barcelona-discovery.com\/es\/producto\/ruta-privada-por-barcelona-el-modernismo-de-gaudi\/#primaryimage"},"image":{"@id":"https:\/\/barcelona-discovery.com\/es\/producto\/ruta-privada-por-barcelona-el-modernismo-de-gaudi\/#primaryimage"},"thumbnailUrl":"https:\/\/barcelona-discovery.com\/wp-content\/uploads\/2022\/03\/barcelona-private-tour-sagrada-familia.jpg","datePublished":"2018-03-06T10:15:44+00:00","dateModified":"2024-04-15T14:24:12+00:00","description":"\u00bfQuieres realizar un tour privado por Barcelona con tus amigos o familiares ?Con esta visita guiada descubrir\u00e1s todo sobre la Sagrada Familia, obra maestra de Antoni Gaud\u00ed, \u00e9l es el m\u00e1s importante de los arquitectos que han realizado obras en Barcelona. Sus construcciones son excepcionales.\u00a1Reserva ya tu visita guiada!","breadcrumb":{"@id":"https:\/\/barcelona-discovery.com\/es\/producto\/ruta-privada-por-barcelona-el-modernismo-de-gaudi\/#breadcrumb"},"inLanguage":"es","potentialAction":[{"@type":"ReadAction","target":["https:\/\/barcelona-discovery.com\/es\/producto\/ruta-privada-por-barcelona-el-modernismo-de-gaudi\/"]}]},{"@type":"ImageObject","inLanguage":"es","@id":"https:\/\/barcelona-discovery.com\/es\/producto\/ruta-privada-por-barcelona-el-modernismo-de-gaudi\/#primaryimage","url":"https:\/\/barcelona-discovery.com\/wp-content\/uploads\/2022\/03\/barcelona-private-tour-sagrada-familia.jpg","contentUrl":"https:\/\/barcelona-discovery.com\/wp-content\/uploads\/2022\/03\/barcelona-private-tour-sagrada-familia.jpg","width":693,"height":519},{"@type":"BreadcrumbList","@id":"https:\/\/barcelona-discovery.com\/es\/producto\/ruta-privada-por-barcelona-el-modernismo-de-gaudi\/#breadcrumb","itemListElement":[{"@type":"ListItem","position":1,"name":"Home","item":"https:\/\/barcelona-discovery.com\/es\/"},{"@type":"ListItem","position":2,"name":"Tours","item":"https:\/\/barcelona-discovery.com\/tours\/"},{"@type":"ListItem","position":3,"name":"TOUR PRIVADO POR BARCELONA &#8211; EL MODERNISMO Y GAUDI"}]},{"@type":"WebSite","@id":"https:\/\/barcelona-discovery.com\/#website","url":"https:\/\/barcelona-discovery.com\/","name":"Barcelona Discovery","description":"Private Tours around Barcelona","publisher":{"@id":"https:\/\/barcelona-discovery.com\/#organization"},"potentialAction":[{"@type":"SearchAction","target":{"@type":"EntryPoint","urlTemplate":"https:\/\/barcelona-discovery.com\/?s={search_term_string}"},"query-input":{"@type":"PropertyValueSpecification","valueRequired":true,"valueName":"search_term_string"}}],"inLanguage":"es"},{"@type":"Organization","@id":"https:\/\/barcelona-discovery.com\/#organization","name":"Barcelona Discovery","url":"https:\/\/barcelona-discovery.com\/","logo":{"@type":"ImageObject","inLanguage":"es","@id":"https:\/\/barcelona-discovery.com\/#\/schema\/logo\/image\/","url":"https:\/\/barcelona-discovery.com\/wp-content\/uploads\/2024\/02\/logo-linkein.jpg","contentUrl":"https:\/\/barcelona-discovery.com\/wp-content\/uploads\/2024\/02\/logo-linkein.jpg","width":300,"height":300,"caption":"Barcelona Discovery"},"image":{"@id":"https:\/\/barcelona-discovery.com\/#\/schema\/logo\/image\/"},"sameAs":["https:\/\/www.facebook.com\/BarcelonaDiscovery\/","https:\/\/x.com\/bcn_discovery","https:\/\/www.instagram.com\/barcelonadiscovery\/","https:\/\/www.youtube.com\/channel\/UCwpragtLkdmFTHCzinFQG_g"]}]}},"_links":{"self":[{"href":"https:\/\/barcelona-discovery.com\/es\/wp-json\/wp\/v2\/product\/2465","targetHints":{"allow":["GET"]}}],"collection":[{"href":"https:\/\/barcelona-discovery.com\/es\/wp-json\/wp\/v2\/product"}],"about":[{"href":"https:\/\/barcelona-discovery.com\/es\/wp-json\/wp\/v2\/types\/product"}],"replies":[{"embeddable":true,"href":"https:\/\/barcelona-discovery.com\/es\/wp-json\/wp\/v2\/comments?post=2465"}],"wp:featuredmedia":[{"embeddable":true,"href":"https:\/\/barcelona-discovery.com\/es\/wp-json\/wp\/v2\/media\/8013"}],"wp:attachment":[{"href":"https:\/\/barcelona-discovery.com\/es\/wp-json\/wp\/v2\/media?parent=2465"}],"wp:term":[{"taxonomy":"product_brand","embeddable":true,"href":"https:\/\/barcelona-discovery.com\/es\/wp-json\/wp\/v2\/product_brand?post=2465"},{"taxonomy":"product_cat","embeddable":true,"href":"https:\/\/barcelona-discovery.com\/es\/wp-json\/wp\/v2\/product_cat?post=2465"},{"taxonomy":"product_tag","embeddable":true,"href":"https:\/\/barcelona-discovery.com\/es\/wp-json\/wp\/v2\/product_tag?post=2465"}],"curies":[{"name":"wp","href":"https:\/\/api.w.org\/{rel}","templated":true}]}}