{"id":2497,"date":"2018-03-13T12:00:54","date_gmt":"2018-03-13T11:00:55","guid":{"rendered":"https:\/\/barcelona-discovery.com\/?post_type=product&#038;p=2497"},"modified":"2024-04-15T15:17:40","modified_gmt":"2024-04-15T14:17:40","slug":"tour-privado-por-barcelona-el-modernismo-y-la-antigua-ciudad-romana","status":"publish","type":"product","link":"https:\/\/barcelona-discovery.com\/es\/tours\/tour-privado-por-barcelona-el-modernismo-y-la-antigua-ciudad-romana\/","title":{"rendered":"TOUR PRIVADO POR BARCELONA &#8211; EL MODERNISMO Y LA ANTIGUA CIUDAD ROMANA"},"content":{"rendered":"<p><strong>\u00a1Bienvenidos a Barcelona!<\/strong><\/p>\n<p>La<strong> &#8216;Ciudad Condal&#8217;<\/strong> se encuentra en la costa este de Catalu\u00f1a, Espa\u00f1a. Est\u00e1s en la ciudad correcta si quieres ver lugares diferentes y \u00fanicos. Barcelona pas\u00f3 de ser un peque\u00f1o puesto fronterizo romano a un puerto potencial medieval y de convertirse en una de las ciudades m\u00e1s deprimidas de Europa.<\/p>\n<p>Finalmente, con su renacimiento con los Juegos Ol\u00edmpicos, Barcelona se ha convertido en la ciudad que es hoy. Hoy en d\u00eda, las puertas de Barcelona se abren al mundo y es una ciudad moderna e internacional, a la vez que un<strong> lugar \u00fanico y especial.<\/strong><\/p>\n<p>Con esta visita guiada descubrir\u00e1s todo sobre la <strong>Sagrada Familia, obra maestra de Antoni Gaud\u00ed<\/strong>. Durante m\u00e1s o menos 1 h30, le explicaremos todo al respecto; la historia, las leyendas, la simbolog\u00eda, visitaremos el museo &#8230; Despu\u00e9s de visitar la Sagrada Familia, iremos en Taxi o en metro y exploraran la <strong>antigua ciudad romana y medieval.<\/strong> Tendran la oportunidad de descubrir los misterios y secretos de la ciudad con una<strong> Gu\u00eda Privado oficial de Barcelona<\/strong>.<\/p>\n<p>El recorrido contin\u00faa por <strong>Pla\u00e7a Nova, justo en frente de la Catedral<\/strong>. Luego, se pasa por <strong>Carrer del Bisbe, antiguo Decumanus romano, pasando por la primera muralla de Barcino, Pla\u00e7a Sant Jaume y el antiguo foro, templo de agosto con los restos de sus columnas, Pla\u00e7a del Rei, Palau Reial y el Muro romano a trav\u00e9s de Via Laietana. Luego, el recorrido lleva a la Barcelona medieval, el Call jud\u00edo, La Rambla y la muralla medieval.<\/strong><\/p>\n<p>Y no se preocupe si est\u00e1 cansado de caminar, podemos tomarnos un descanso tomando una taza de t\u00e9 o una taza de<strong> chocolate con &#8216;churros&#8217;<\/strong> en una<strong> cafeter\u00eda emblem\u00e1tica.<\/strong><\/p>\n","protected":false},"excerpt":{"rendered":"<p><strong>Ruta privada por la Barcelona Modernista, incluye visita guiada a la Sagrada Familia.<\/strong><\/p>\n","protected":false},"featured_media":1968,"comment_status":"open","ping_status":"closed","template":"","meta":[],"product_brand":[],"product_cat":[157,342,156,178],"product_tag":[],"class_list":{"0":"post-2497","1":"product","2":"type-product","3":"status-publish","4":"has-post-thumbnail","6":"product_cat-experiencias-terrestres","7":"product_cat-private-tours-es","8":"product_cat-tours-culturales","9":"product_cat-tours-por-barcelona","10":"pa_tour-type-experiencias-terrestres","11":"pa_tour-types-private-tours-tours-privados-por-barcelona","13":"first","14":"instock","15":"shipping-taxable","16":"purchasable","17":"product-type-tour_phys"},"yoast_head":"<!-- This site is optimized with the Yoast SEO plugin v26.1.1 - https:\/\/yoast.com\/wordpress\/plugins\/seo\/ -->\n<title>Tour privado por la Barcelona Modernista y la antigua ciudad Romana<\/title>\n<meta name=\"description\" content=\"Tour privado a la ciudad de Barcelona. Descubrir\u00e1 todo sobre la Sagrada Familia y podr\u00e1 descubrir los misterios y leyendas de Barcelona.\" \/>\n<meta name=\"robots\" content=\"index, follow, max-snippet:-1, max-image-preview:large, max-video-preview:-1\" \/>\n<link rel=\"canonical\" href=\"https:\/\/barcelona-discovery.com\/es\/producto\/tour-privado-por-barcelona-el-modernismo-y-la-antigua-ciudad-romana\/\" \/>\n<meta property=\"og:locale\" content=\"es_ES\" \/>\n<meta property=\"og:type\" content=\"article\" \/>\n<meta property=\"og:title\" content=\"Tour privado por la Barcelona Modernista y la antigua ciudad Romana\" \/>\n<meta property=\"og:description\" content=\"Tour privado a la ciudad de Barcelona. Descubrir\u00e1 todo sobre la Sagrada Familia y podr\u00e1 descubrir los misterios y leyendas de Barcelona.\" \/>\n<meta property=\"og:url\" content=\"https:\/\/barcelona-discovery.com\/es\/producto\/tour-privado-por-barcelona-el-modernismo-y-la-antigua-ciudad-romana\/\" \/>\n<meta property=\"og:site_name\" content=\"Barcelona Discovery\" \/>\n<meta property=\"article:publisher\" content=\"https:\/\/www.facebook.com\/BarcelonaDiscovery\/\" \/>\n<meta property=\"article:modified_time\" content=\"2024-04-15T14:17:40+00:00\" \/>\n<meta property=\"og:image\" content=\"https:\/\/barcelona-discovery.com\/wp-content\/uploads\/2017\/08\/palau-reial.jpg\" \/>\n\t<meta property=\"og:image:width\" content=\"1400\" \/>\n\t<meta property=\"og:image:height\" content=\"700\" \/>\n\t<meta property=\"og:image:type\" content=\"image\/jpeg\" \/>\n<meta name=\"twitter:card\" content=\"summary_large_image\" \/>\n<meta name=\"twitter:site\" content=\"@bcn_discovery\" \/>\n<meta name=\"twitter:label1\" content=\"Tiempo de lectura\" \/>\n\t<meta name=\"twitter:data1\" content=\"1 minuto\" \/>\n<script type=\"application\/ld+json\" class=\"yoast-schema-graph\">{\"@context\":\"https:\/\/schema.org\",\"@graph\":[{\"@type\":\"WebPage\",\"@id\":\"https:\/\/barcelona-discovery.com\/es\/producto\/tour-privado-por-barcelona-el-modernismo-y-la-antigua-ciudad-romana\/\",\"url\":\"https:\/\/barcelona-discovery.com\/es\/producto\/tour-privado-por-barcelona-el-modernismo-y-la-antigua-ciudad-romana\/\",\"name\":\"Tour privado por la Barcelona Modernista y la antigua ciudad Romana\",\"isPartOf\":{\"@id\":\"https:\/\/barcelona-discovery.com\/#website\"},\"primaryImageOfPage\":{\"@id\":\"https:\/\/barcelona-discovery.com\/es\/producto\/tour-privado-por-barcelona-el-modernismo-y-la-antigua-ciudad-romana\/#primaryimage\"},\"image\":{\"@id\":\"https:\/\/barcelona-discovery.com\/es\/producto\/tour-privado-por-barcelona-el-modernismo-y-la-antigua-ciudad-romana\/#primaryimage\"},\"thumbnailUrl\":\"https:\/\/barcelona-discovery.com\/wp-content\/uploads\/2017\/08\/palau-reial.jpg\",\"datePublished\":\"2018-03-13T11:00:55+00:00\",\"dateModified\":\"2024-04-15T14:17:40+00:00\",\"description\":\"Tour privado a la ciudad de Barcelona. Descubrir\u00e1 todo sobre la Sagrada Familia y podr\u00e1 descubrir los misterios y leyendas de Barcelona.\",\"breadcrumb\":{\"@id\":\"https:\/\/barcelona-discovery.com\/es\/producto\/tour-privado-por-barcelona-el-modernismo-y-la-antigua-ciudad-romana\/#breadcrumb\"},\"inLanguage\":\"es\",\"potentialAction\":[{\"@type\":\"ReadAction\",\"target\":[\"https:\/\/barcelona-discovery.com\/es\/producto\/tour-privado-por-barcelona-el-modernismo-y-la-antigua-ciudad-romana\/\"]}]},{\"@type\":\"ImageObject\",\"inLanguage\":\"es\",\"@id\":\"https:\/\/barcelona-discovery.com\/es\/producto\/tour-privado-por-barcelona-el-modernismo-y-la-antigua-ciudad-romana\/#primaryimage\",\"url\":\"https:\/\/barcelona-discovery.com\/wp-content\/uploads\/2017\/08\/palau-reial.jpg\",\"contentUrl\":\"https:\/\/barcelona-discovery.com\/wp-content\/uploads\/2017\/08\/palau-reial.jpg\",\"width\":1400,\"height\":700,\"caption\":\"Medieval Barcelona Walking Tour\"},{\"@type\":\"BreadcrumbList\",\"@id\":\"https:\/\/barcelona-discovery.com\/es\/producto\/tour-privado-por-barcelona-el-modernismo-y-la-antigua-ciudad-romana\/#breadcrumb\",\"itemListElement\":[{\"@type\":\"ListItem\",\"position\":1,\"name\":\"Home\",\"item\":\"https:\/\/barcelona-discovery.com\/es\/\"},{\"@type\":\"ListItem\",\"position\":2,\"name\":\"Tours\",\"item\":\"https:\/\/barcelona-discovery.com\/tours\/\"},{\"@type\":\"ListItem\",\"position\":3,\"name\":\"TOUR PRIVADO POR BARCELONA &#8211; EL MODERNISMO Y LA ANTIGUA CIUDAD ROMANA\"}]},{\"@type\":\"WebSite\",\"@id\":\"https:\/\/barcelona-discovery.com\/#website\",\"url\":\"https:\/\/barcelona-discovery.com\/\",\"name\":\"Barcelona Discovery\",\"description\":\"Private Tours around Barcelona\",\"publisher\":{\"@id\":\"https:\/\/barcelona-discovery.com\/#organization\"},\"potentialAction\":[{\"@type\":\"SearchAction\",\"target\":{\"@type\":\"EntryPoint\",\"urlTemplate\":\"https:\/\/barcelona-discovery.com\/?s={search_term_string}\"},\"query-input\":{\"@type\":\"PropertyValueSpecification\",\"valueRequired\":true,\"valueName\":\"search_term_string\"}}],\"inLanguage\":\"es\"},{\"@type\":\"Organization\",\"@id\":\"https:\/\/barcelona-discovery.com\/#organization\",\"name\":\"Barcelona Discovery\",\"url\":\"https:\/\/barcelona-discovery.com\/\",\"logo\":{\"@type\":\"ImageObject\",\"inLanguage\":\"es\",\"@id\":\"https:\/\/barcelona-discovery.com\/#\/schema\/logo\/image\/\",\"url\":\"https:\/\/barcelona-discovery.com\/wp-content\/uploads\/2024\/02\/logo-linkein.jpg\",\"contentUrl\":\"https:\/\/barcelona-discovery.com\/wp-content\/uploads\/2024\/02\/logo-linkein.jpg\",\"width\":300,\"height\":300,\"caption\":\"Barcelona Discovery\"},\"image\":{\"@id\":\"https:\/\/barcelona-discovery.com\/#\/schema\/logo\/image\/\"},\"sameAs\":[\"https:\/\/www.facebook.com\/BarcelonaDiscovery\/\",\"https:\/\/x.com\/bcn_discovery\",\"https:\/\/www.instagram.com\/barcelonadiscovery\/\",\"https:\/\/www.youtube.com\/channel\/UCwpragtLkdmFTHCzinFQG_g\"]}]}<\/script>\n<!-- \/ Yoast SEO plugin. -->","yoast_head_json":{"title":"Tour privado por la Barcelona Modernista y la antigua ciudad Romana","description":"Tour privado a la ciudad de Barcelona. Descubrir\u00e1 todo sobre la Sagrada Familia y podr\u00e1 descubrir los misterios y leyendas de Barcelona.","robots":{"index":"index","follow":"follow","max-snippet":"max-snippet:-1","max-image-preview":"max-image-preview:large","max-video-preview":"max-video-preview:-1"},"canonical":"https:\/\/barcelona-discovery.com\/es\/producto\/tour-privado-por-barcelona-el-modernismo-y-la-antigua-ciudad-romana\/","og_locale":"es_ES","og_type":"article","og_title":"Tour privado por la Barcelona Modernista y la antigua ciudad Romana","og_description":"Tour privado a la ciudad de Barcelona. Descubrir\u00e1 todo sobre la Sagrada Familia y podr\u00e1 descubrir los misterios y leyendas de Barcelona.","og_url":"https:\/\/barcelona-discovery.com\/es\/producto\/tour-privado-por-barcelona-el-modernismo-y-la-antigua-ciudad-romana\/","og_site_name":"Barcelona Discovery","article_publisher":"https:\/\/www.facebook.com\/BarcelonaDiscovery\/","article_modified_time":"2024-04-15T14:17:40+00:00","og_image":[{"width":1400,"height":700,"url":"https:\/\/barcelona-discovery.com\/wp-content\/uploads\/2017\/08\/palau-reial.jpg","type":"image\/jpeg"}],"twitter_card":"summary_large_image","twitter_site":"@bcn_discovery","twitter_misc":{"Tiempo de lectura":"1 minuto"},"schema":{"@context":"https:\/\/schema.org","@graph":[{"@type":"WebPage","@id":"https:\/\/barcelona-discovery.com\/es\/producto\/tour-privado-por-barcelona-el-modernismo-y-la-antigua-ciudad-romana\/","url":"https:\/\/barcelona-discovery.com\/es\/producto\/tour-privado-por-barcelona-el-modernismo-y-la-antigua-ciudad-romana\/","name":"Tour privado por la Barcelona Modernista y la antigua ciudad Romana","isPartOf":{"@id":"https:\/\/barcelona-discovery.com\/#website"},"primaryImageOfPage":{"@id":"https:\/\/barcelona-discovery.com\/es\/producto\/tour-privado-por-barcelona-el-modernismo-y-la-antigua-ciudad-romana\/#primaryimage"},"image":{"@id":"https:\/\/barcelona-discovery.com\/es\/producto\/tour-privado-por-barcelona-el-modernismo-y-la-antigua-ciudad-romana\/#primaryimage"},"thumbnailUrl":"https:\/\/barcelona-discovery.com\/wp-content\/uploads\/2017\/08\/palau-reial.jpg","datePublished":"2018-03-13T11:00:55+00:00","dateModified":"2024-04-15T14:17:40+00:00","description":"Tour privado a la ciudad de Barcelona. Descubrir\u00e1 todo sobre la Sagrada Familia y podr\u00e1 descubrir los misterios y leyendas de Barcelona.","breadcrumb":{"@id":"https:\/\/barcelona-discovery.com\/es\/producto\/tour-privado-por-barcelona-el-modernismo-y-la-antigua-ciudad-romana\/#breadcrumb"},"inLanguage":"es","potentialAction":[{"@type":"ReadAction","target":["https:\/\/barcelona-discovery.com\/es\/producto\/tour-privado-por-barcelona-el-modernismo-y-la-antigua-ciudad-romana\/"]}]},{"@type":"ImageObject","inLanguage":"es","@id":"https:\/\/barcelona-discovery.com\/es\/producto\/tour-privado-por-barcelona-el-modernismo-y-la-antigua-ciudad-romana\/#primaryimage","url":"https:\/\/barcelona-discovery.com\/wp-content\/uploads\/2017\/08\/palau-reial.jpg","contentUrl":"https:\/\/barcelona-discovery.com\/wp-content\/uploads\/2017\/08\/palau-reial.jpg","width":1400,"height":700,"caption":"Medieval Barcelona Walking Tour"},{"@type":"BreadcrumbList","@id":"https:\/\/barcelona-discovery.com\/es\/producto\/tour-privado-por-barcelona-el-modernismo-y-la-antigua-ciudad-romana\/#breadcrumb","itemListElement":[{"@type":"ListItem","position":1,"name":"Home","item":"https:\/\/barcelona-discovery.com\/es\/"},{"@type":"ListItem","position":2,"name":"Tours","item":"https:\/\/barcelona-discovery.com\/tours\/"},{"@type":"ListItem","position":3,"name":"TOUR PRIVADO POR BARCELONA &#8211; EL MODERNISMO Y LA ANTIGUA CIUDAD ROMANA"}]},{"@type":"WebSite","@id":"https:\/\/barcelona-discovery.com\/#website","url":"https:\/\/barcelona-discovery.com\/","name":"Barcelona Discovery","description":"Private Tours around Barcelona","publisher":{"@id":"https:\/\/barcelona-discovery.com\/#organization"},"potentialAction":[{"@type":"SearchAction","target":{"@type":"EntryPoint","urlTemplate":"https:\/\/barcelona-discovery.com\/?s={search_term_string}"},"query-input":{"@type":"PropertyValueSpecification","valueRequired":true,"valueName":"search_term_string"}}],"inLanguage":"es"},{"@type":"Organization","@id":"https:\/\/barcelona-discovery.com\/#organization","name":"Barcelona Discovery","url":"https:\/\/barcelona-discovery.com\/","logo":{"@type":"ImageObject","inLanguage":"es","@id":"https:\/\/barcelona-discovery.com\/#\/schema\/logo\/image\/","url":"https:\/\/barcelona-discovery.com\/wp-content\/uploads\/2024\/02\/logo-linkein.jpg","contentUrl":"https:\/\/barcelona-discovery.com\/wp-content\/uploads\/2024\/02\/logo-linkein.jpg","width":300,"height":300,"caption":"Barcelona Discovery"},"image":{"@id":"https:\/\/barcelona-discovery.com\/#\/schema\/logo\/image\/"},"sameAs":["https:\/\/www.facebook.com\/BarcelonaDiscovery\/","https:\/\/x.com\/bcn_discovery","https:\/\/www.instagram.com\/barcelonadiscovery\/","https:\/\/www.youtube.com\/channel\/UCwpragtLkdmFTHCzinFQG_g"]}]}},"_links":{"self":[{"href":"https:\/\/barcelona-discovery.com\/es\/wp-json\/wp\/v2\/product\/2497","targetHints":{"allow":["GET"]}}],"collection":[{"href":"https:\/\/barcelona-discovery.com\/es\/wp-json\/wp\/v2\/product"}],"about":[{"href":"https:\/\/barcelona-discovery.com\/es\/wp-json\/wp\/v2\/types\/product"}],"replies":[{"embeddable":true,"href":"https:\/\/barcelona-discovery.com\/es\/wp-json\/wp\/v2\/comments?post=2497"}],"wp:featuredmedia":[{"embeddable":true,"href":"https:\/\/barcelona-discovery.com\/es\/wp-json\/wp\/v2\/media\/1968"}],"wp:attachment":[{"href":"https:\/\/barcelona-discovery.com\/es\/wp-json\/wp\/v2\/media?parent=2497"}],"wp:term":[{"taxonomy":"product_brand","embeddable":true,"href":"https:\/\/barcelona-discovery.com\/es\/wp-json\/wp\/v2\/product_brand?post=2497"},{"taxonomy":"product_cat","embeddable":true,"href":"https:\/\/barcelona-discovery.com\/es\/wp-json\/wp\/v2\/product_cat?post=2497"},{"taxonomy":"product_tag","embeddable":true,"href":"https:\/\/barcelona-discovery.com\/es\/wp-json\/wp\/v2\/product_tag?post=2497"}],"curies":[{"name":"wp","href":"https:\/\/api.w.org\/{rel}","templated":true}]}}