{"id":2562,"date":"2018-03-22T10:50:16","date_gmt":"2018-03-22T10:06:55","guid":{"rendered":"https:\/\/barcelona-discovery.com\/?post_type=product&#038;p=2562"},"modified":"2024-06-06T10:45:14","modified_gmt":"2024-06-06T09:45:14","slug":"aperitivo-entre-vinedos-cata-de-vinos","status":"publish","type":"product","link":"https:\/\/barcelona-discovery.com\/es\/tours\/aperitivo-entre-vinedos-cata-de-vinos\/","title":{"rendered":"Aperitivo entre Vi\u00f1edos &#8211; Cata de Vinos"},"content":{"rendered":"<p>\u00bfAlguna vez has imaginado tener <strong>hacer el aperitivo en el coraz\u00f3n de algunos hermosos vi\u00f1edos<\/strong>? \u00a1Ahora es posible! Le ofrecemos la oportunidad de tener un <strong>excelente aperitivo<\/strong> en los vi\u00f1edos de Alella, donde tambi\u00e9n tendr\u00e1 <strong>excelentes vistas de Barcelona y la costa.<\/strong><\/p>\n<p>Esta experiencia tambi\u00e9n incluye una <strong>visita a la bodega<\/strong> que le dar\u00e1 la oportunidad de visitar una t\u00edpica casa de campo catal\u00e1n y pasear por los <strong>vi\u00f1edos ecol\u00f3gicos<\/strong> en su entorno \u00fanico.<\/p>\n<p>La bodega, rodeada de vi\u00f1edos, se encuentra dentro de una hermosa casa de campo del siglo 14, cerca de la ciudad de Alella. All\u00ed, la tradici\u00f3n coexiste con la \u00faltima tecnolog\u00eda enol\u00f3gica utilizada para producir peque\u00f1as cantidades de vinos org\u00e1nicos de calidad con gran personalidad. Las uvas se recogen a mano en los vi\u00f1edos, se realiza un prensado suave y solo se utiliza el jugo de libre funcionamiento, y la fermentaci\u00f3n (tanto en cubas como en barricas) se controla a temperatura para asegurar que la vinificaci\u00f3n se maneje bien.<\/p>\n<p>Disfrutar\u00e1 de un<strong> aperitivo diferente<\/strong> con una cata de vinos en el jard\u00edn de la casa de campo del siglo XIV.<\/p>\n<p><span style=\"font-weight: 400;\">Resumiendo, con esta <strong>experiencia<\/strong> usted &#8230;<\/span><\/p>\n<p><i class=\"fa fa-check icon-tick icon-tick--on\"><\/i><strong>Descubre<\/strong> c\u00f3mo se hacen los vinos de Alella<\/p>\n<p><i class=\"fa fa-check icon-tick icon-tick--on\"><\/i>Visite la bodega y la casa de campo del siglo XIV<\/p>\n<p><i class=\"fa fa-check icon-tick icon-tick--on\"><\/i>Visite los vi\u00f1edos, la planta de producci\u00f3n y la sala de barriles<\/p>\n<p><i class=\"fa fa-check icon-tick icon-tick--on\"><\/i>T<span style=\"font-weight: 400;\">aste <strong>Aperitivos Gourmet (aceitunas, sardinas con mermelada, mejillones marinados,pan con tomate y anchoas, patatas chips con aceite de trufa\u00a0<\/strong><\/span><\/p>\n<p><i class=\"fa fa-check icon-tick icon-tick--on\"><\/i>Cata de 5 vinos org\u00e1nicos diferentes<\/p>\n<p><i class=\"fa fa-check icon-tick icon-tick--on\"><\/i>Disfrute de las <strong>excelentes vistas de Barcelona y la costa<\/strong><\/p>\n<p>&nbsp;<\/p>\n","protected":false},"excerpt":{"rendered":"<p><strong>Enoturismo. Aperitivo entre vi\u00f1edos ecol\u00f3gicos, con cata de vinos en Alella.<\/strong><\/p>\n","protected":false},"featured_media":2335,"comment_status":"open","ping_status":"closed","template":"","meta":[],"product_brand":[],"product_cat":[157,175],"product_tag":[],"class_list":{"0":"post-2562","1":"product","2":"type-product","3":"status-publish","4":"has-post-thumbnail","6":"product_cat-experiencias-terrestres","7":"product_cat-tours-enoturisticos-gastronomicos","8":"pa_tour-type-experiencias-terrestres","9":"pa_tour-types-land-experiences-experiencias-enoturisticas-gastronomicas","10":"tour_phys-regala-experiencias","12":"first","13":"instock","14":"shipping-taxable","15":"purchasable","16":"product-type-tour_phys"},"yoast_head":"<!-- This site is optimized with the Yoast SEO plugin v26.1.1 - https:\/\/yoast.com\/wordpress\/plugins\/seo\/ -->\n<title>Aperitivo entre Vi\u00f1edos - Cata de Vino - Barcelona Discovery<\/title>\n<meta name=\"description\" content=\"\u00bfAlguna vez has imaginado tener hacer el aperitivo en el coraz\u00f3n de algunos hermosos vi\u00f1edos? \u00a1Ahora es posible! Le ofrecemos la oportunidad de tener un excelente aperitivo en los vi\u00f1edos de Alella, donde tambi\u00e9n tendr\u00e1 excelentes vistas de Barcelona y la costa.Reserva ahora tu cata de vino disfrutando de un aperitivo\" \/>\n<meta name=\"robots\" content=\"index, follow, max-snippet:-1, max-image-preview:large, max-video-preview:-1\" \/>\n<link rel=\"canonical\" href=\"https:\/\/barcelona-discovery.com\/es\/producto\/aperitivo-entre-vinedos-cata-de-vinos\/\" \/>\n<meta property=\"og:locale\" content=\"es_ES\" \/>\n<meta property=\"og:type\" content=\"article\" \/>\n<meta property=\"og:title\" content=\"Aperitivo entre Vi\u00f1edos - Cata de Vino - Barcelona Discovery\" \/>\n<meta property=\"og:description\" content=\"\u00bfAlguna vez has imaginado tener hacer el aperitivo en el coraz\u00f3n de algunos hermosos vi\u00f1edos? \u00a1Ahora es posible! Le ofrecemos la oportunidad de tener un excelente aperitivo en los vi\u00f1edos de Alella, donde tambi\u00e9n tendr\u00e1 excelentes vistas de Barcelona y la costa.Reserva ahora tu cata de vino disfrutando de un aperitivo\" \/>\n<meta property=\"og:url\" content=\"https:\/\/barcelona-discovery.com\/es\/producto\/aperitivo-entre-vinedos-cata-de-vinos\/\" \/>\n<meta property=\"og:site_name\" content=\"Barcelona Discovery\" \/>\n<meta property=\"article:publisher\" content=\"https:\/\/www.facebook.com\/BarcelonaDiscovery\/\" \/>\n<meta property=\"article:modified_time\" content=\"2024-06-06T09:45:14+00:00\" \/>\n<meta property=\"og:image\" content=\"https:\/\/barcelona-discovery.com\/wp-content\/uploads\/2018\/01\/aperitiu-1.jpg\" \/>\n\t<meta property=\"og:image:width\" content=\"1400\" \/>\n\t<meta property=\"og:image:height\" content=\"700\" \/>\n\t<meta property=\"og:image:type\" content=\"image\/jpeg\" \/>\n<meta name=\"twitter:card\" content=\"summary_large_image\" \/>\n<meta name=\"twitter:site\" content=\"@bcn_discovery\" \/>\n<meta name=\"twitter:label1\" content=\"Tiempo de lectura\" \/>\n\t<meta name=\"twitter:data1\" content=\"2 minutos\" \/>\n<script type=\"application\/ld+json\" class=\"yoast-schema-graph\">{\"@context\":\"https:\/\/schema.org\",\"@graph\":[{\"@type\":\"WebPage\",\"@id\":\"https:\/\/barcelona-discovery.com\/es\/producto\/aperitivo-entre-vinedos-cata-de-vinos\/\",\"url\":\"https:\/\/barcelona-discovery.com\/es\/producto\/aperitivo-entre-vinedos-cata-de-vinos\/\",\"name\":\"Aperitivo entre Vi\u00f1edos - Cata de Vino - Barcelona Discovery\",\"isPartOf\":{\"@id\":\"https:\/\/barcelona-discovery.com\/#website\"},\"primaryImageOfPage\":{\"@id\":\"https:\/\/barcelona-discovery.com\/es\/producto\/aperitivo-entre-vinedos-cata-de-vinos\/#primaryimage\"},\"image\":{\"@id\":\"https:\/\/barcelona-discovery.com\/es\/producto\/aperitivo-entre-vinedos-cata-de-vinos\/#primaryimage\"},\"thumbnailUrl\":\"https:\/\/barcelona-discovery.com\/wp-content\/uploads\/2018\/01\/aperitiu-1.jpg\",\"datePublished\":\"2018-03-22T10:06:55+00:00\",\"dateModified\":\"2024-06-06T09:45:14+00:00\",\"description\":\"\u00bfAlguna vez has imaginado tener hacer el aperitivo en el coraz\u00f3n de algunos hermosos vi\u00f1edos? \u00a1Ahora es posible! Le ofrecemos la oportunidad de tener un excelente aperitivo en los vi\u00f1edos de Alella, donde tambi\u00e9n tendr\u00e1 excelentes vistas de Barcelona y la costa.Reserva ahora tu cata de vino disfrutando de un aperitivo\",\"breadcrumb\":{\"@id\":\"https:\/\/barcelona-discovery.com\/es\/producto\/aperitivo-entre-vinedos-cata-de-vinos\/#breadcrumb\"},\"inLanguage\":\"es\",\"potentialAction\":[{\"@type\":\"ReadAction\",\"target\":[\"https:\/\/barcelona-discovery.com\/es\/producto\/aperitivo-entre-vinedos-cata-de-vinos\/\"]}]},{\"@type\":\"ImageObject\",\"inLanguage\":\"es\",\"@id\":\"https:\/\/barcelona-discovery.com\/es\/producto\/aperitivo-entre-vinedos-cata-de-vinos\/#primaryimage\",\"url\":\"https:\/\/barcelona-discovery.com\/wp-content\/uploads\/2018\/01\/aperitiu-1.jpg\",\"contentUrl\":\"https:\/\/barcelona-discovery.com\/wp-content\/uploads\/2018\/01\/aperitiu-1.jpg\",\"width\":1400,\"height\":700,\"caption\":\"Barcelona Discovery Tours\"},{\"@type\":\"BreadcrumbList\",\"@id\":\"https:\/\/barcelona-discovery.com\/es\/producto\/aperitivo-entre-vinedos-cata-de-vinos\/#breadcrumb\",\"itemListElement\":[{\"@type\":\"ListItem\",\"position\":1,\"name\":\"Home\",\"item\":\"https:\/\/barcelona-discovery.com\/es\/\"},{\"@type\":\"ListItem\",\"position\":2,\"name\":\"Tours\",\"item\":\"https:\/\/barcelona-discovery.com\/tours\/\"},{\"@type\":\"ListItem\",\"position\":3,\"name\":\"Aperitivo entre Vi\u00f1edos &#8211; Cata de Vinos\"}]},{\"@type\":\"WebSite\",\"@id\":\"https:\/\/barcelona-discovery.com\/#website\",\"url\":\"https:\/\/barcelona-discovery.com\/\",\"name\":\"Barcelona Discovery\",\"description\":\"Private Tours around Barcelona\",\"publisher\":{\"@id\":\"https:\/\/barcelona-discovery.com\/#organization\"},\"potentialAction\":[{\"@type\":\"SearchAction\",\"target\":{\"@type\":\"EntryPoint\",\"urlTemplate\":\"https:\/\/barcelona-discovery.com\/?s={search_term_string}\"},\"query-input\":{\"@type\":\"PropertyValueSpecification\",\"valueRequired\":true,\"valueName\":\"search_term_string\"}}],\"inLanguage\":\"es\"},{\"@type\":\"Organization\",\"@id\":\"https:\/\/barcelona-discovery.com\/#organization\",\"name\":\"Barcelona Discovery\",\"url\":\"https:\/\/barcelona-discovery.com\/\",\"logo\":{\"@type\":\"ImageObject\",\"inLanguage\":\"es\",\"@id\":\"https:\/\/barcelona-discovery.com\/#\/schema\/logo\/image\/\",\"url\":\"https:\/\/barcelona-discovery.com\/wp-content\/uploads\/2024\/02\/logo-linkein.jpg\",\"contentUrl\":\"https:\/\/barcelona-discovery.com\/wp-content\/uploads\/2024\/02\/logo-linkein.jpg\",\"width\":300,\"height\":300,\"caption\":\"Barcelona Discovery\"},\"image\":{\"@id\":\"https:\/\/barcelona-discovery.com\/#\/schema\/logo\/image\/\"},\"sameAs\":[\"https:\/\/www.facebook.com\/BarcelonaDiscovery\/\",\"https:\/\/x.com\/bcn_discovery\",\"https:\/\/www.instagram.com\/barcelonadiscovery\/\",\"https:\/\/www.youtube.com\/channel\/UCwpragtLkdmFTHCzinFQG_g\"]}]}<\/script>\n<!-- \/ Yoast SEO plugin. -->","yoast_head_json":{"title":"Aperitivo entre Vi\u00f1edos - Cata de Vino - Barcelona Discovery","description":"\u00bfAlguna vez has imaginado tener hacer el aperitivo en el coraz\u00f3n de algunos hermosos vi\u00f1edos? \u00a1Ahora es posible! Le ofrecemos la oportunidad de tener un excelente aperitivo en los vi\u00f1edos de Alella, donde tambi\u00e9n tendr\u00e1 excelentes vistas de Barcelona y la costa.Reserva ahora tu cata de vino disfrutando de un aperitivo","robots":{"index":"index","follow":"follow","max-snippet":"max-snippet:-1","max-image-preview":"max-image-preview:large","max-video-preview":"max-video-preview:-1"},"canonical":"https:\/\/barcelona-discovery.com\/es\/producto\/aperitivo-entre-vinedos-cata-de-vinos\/","og_locale":"es_ES","og_type":"article","og_title":"Aperitivo entre Vi\u00f1edos - Cata de Vino - Barcelona Discovery","og_description":"\u00bfAlguna vez has imaginado tener hacer el aperitivo en el coraz\u00f3n de algunos hermosos vi\u00f1edos? \u00a1Ahora es posible! Le ofrecemos la oportunidad de tener un excelente aperitivo en los vi\u00f1edos de Alella, donde tambi\u00e9n tendr\u00e1 excelentes vistas de Barcelona y la costa.Reserva ahora tu cata de vino disfrutando de un aperitivo","og_url":"https:\/\/barcelona-discovery.com\/es\/producto\/aperitivo-entre-vinedos-cata-de-vinos\/","og_site_name":"Barcelona Discovery","article_publisher":"https:\/\/www.facebook.com\/BarcelonaDiscovery\/","article_modified_time":"2024-06-06T09:45:14+00:00","og_image":[{"width":1400,"height":700,"url":"https:\/\/barcelona-discovery.com\/wp-content\/uploads\/2018\/01\/aperitiu-1.jpg","type":"image\/jpeg"}],"twitter_card":"summary_large_image","twitter_site":"@bcn_discovery","twitter_misc":{"Tiempo de lectura":"2 minutos"},"schema":{"@context":"https:\/\/schema.org","@graph":[{"@type":"WebPage","@id":"https:\/\/barcelona-discovery.com\/es\/producto\/aperitivo-entre-vinedos-cata-de-vinos\/","url":"https:\/\/barcelona-discovery.com\/es\/producto\/aperitivo-entre-vinedos-cata-de-vinos\/","name":"Aperitivo entre Vi\u00f1edos - Cata de Vino - Barcelona Discovery","isPartOf":{"@id":"https:\/\/barcelona-discovery.com\/#website"},"primaryImageOfPage":{"@id":"https:\/\/barcelona-discovery.com\/es\/producto\/aperitivo-entre-vinedos-cata-de-vinos\/#primaryimage"},"image":{"@id":"https:\/\/barcelona-discovery.com\/es\/producto\/aperitivo-entre-vinedos-cata-de-vinos\/#primaryimage"},"thumbnailUrl":"https:\/\/barcelona-discovery.com\/wp-content\/uploads\/2018\/01\/aperitiu-1.jpg","datePublished":"2018-03-22T10:06:55+00:00","dateModified":"2024-06-06T09:45:14+00:00","description":"\u00bfAlguna vez has imaginado tener hacer el aperitivo en el coraz\u00f3n de algunos hermosos vi\u00f1edos? \u00a1Ahora es posible! Le ofrecemos la oportunidad de tener un excelente aperitivo en los vi\u00f1edos de Alella, donde tambi\u00e9n tendr\u00e1 excelentes vistas de Barcelona y la costa.Reserva ahora tu cata de vino disfrutando de un aperitivo","breadcrumb":{"@id":"https:\/\/barcelona-discovery.com\/es\/producto\/aperitivo-entre-vinedos-cata-de-vinos\/#breadcrumb"},"inLanguage":"es","potentialAction":[{"@type":"ReadAction","target":["https:\/\/barcelona-discovery.com\/es\/producto\/aperitivo-entre-vinedos-cata-de-vinos\/"]}]},{"@type":"ImageObject","inLanguage":"es","@id":"https:\/\/barcelona-discovery.com\/es\/producto\/aperitivo-entre-vinedos-cata-de-vinos\/#primaryimage","url":"https:\/\/barcelona-discovery.com\/wp-content\/uploads\/2018\/01\/aperitiu-1.jpg","contentUrl":"https:\/\/barcelona-discovery.com\/wp-content\/uploads\/2018\/01\/aperitiu-1.jpg","width":1400,"height":700,"caption":"Barcelona Discovery Tours"},{"@type":"BreadcrumbList","@id":"https:\/\/barcelona-discovery.com\/es\/producto\/aperitivo-entre-vinedos-cata-de-vinos\/#breadcrumb","itemListElement":[{"@type":"ListItem","position":1,"name":"Home","item":"https:\/\/barcelona-discovery.com\/es\/"},{"@type":"ListItem","position":2,"name":"Tours","item":"https:\/\/barcelona-discovery.com\/tours\/"},{"@type":"ListItem","position":3,"name":"Aperitivo entre Vi\u00f1edos &#8211; Cata de Vinos"}]},{"@type":"WebSite","@id":"https:\/\/barcelona-discovery.com\/#website","url":"https:\/\/barcelona-discovery.com\/","name":"Barcelona Discovery","description":"Private Tours around Barcelona","publisher":{"@id":"https:\/\/barcelona-discovery.com\/#organization"},"potentialAction":[{"@type":"SearchAction","target":{"@type":"EntryPoint","urlTemplate":"https:\/\/barcelona-discovery.com\/?s={search_term_string}"},"query-input":{"@type":"PropertyValueSpecification","valueRequired":true,"valueName":"search_term_string"}}],"inLanguage":"es"},{"@type":"Organization","@id":"https:\/\/barcelona-discovery.com\/#organization","name":"Barcelona Discovery","url":"https:\/\/barcelona-discovery.com\/","logo":{"@type":"ImageObject","inLanguage":"es","@id":"https:\/\/barcelona-discovery.com\/#\/schema\/logo\/image\/","url":"https:\/\/barcelona-discovery.com\/wp-content\/uploads\/2024\/02\/logo-linkein.jpg","contentUrl":"https:\/\/barcelona-discovery.com\/wp-content\/uploads\/2024\/02\/logo-linkein.jpg","width":300,"height":300,"caption":"Barcelona Discovery"},"image":{"@id":"https:\/\/barcelona-discovery.com\/#\/schema\/logo\/image\/"},"sameAs":["https:\/\/www.facebook.com\/BarcelonaDiscovery\/","https:\/\/x.com\/bcn_discovery","https:\/\/www.instagram.com\/barcelonadiscovery\/","https:\/\/www.youtube.com\/channel\/UCwpragtLkdmFTHCzinFQG_g"]}]}},"_links":{"self":[{"href":"https:\/\/barcelona-discovery.com\/es\/wp-json\/wp\/v2\/product\/2562","targetHints":{"allow":["GET"]}}],"collection":[{"href":"https:\/\/barcelona-discovery.com\/es\/wp-json\/wp\/v2\/product"}],"about":[{"href":"https:\/\/barcelona-discovery.com\/es\/wp-json\/wp\/v2\/types\/product"}],"replies":[{"embeddable":true,"href":"https:\/\/barcelona-discovery.com\/es\/wp-json\/wp\/v2\/comments?post=2562"}],"wp:featuredmedia":[{"embeddable":true,"href":"https:\/\/barcelona-discovery.com\/es\/wp-json\/wp\/v2\/media\/2335"}],"wp:attachment":[{"href":"https:\/\/barcelona-discovery.com\/es\/wp-json\/wp\/v2\/media?parent=2562"}],"wp:term":[{"taxonomy":"product_brand","embeddable":true,"href":"https:\/\/barcelona-discovery.com\/es\/wp-json\/wp\/v2\/product_brand?post=2562"},{"taxonomy":"product_cat","embeddable":true,"href":"https:\/\/barcelona-discovery.com\/es\/wp-json\/wp\/v2\/product_cat?post=2562"},{"taxonomy":"product_tag","embeddable":true,"href":"https:\/\/barcelona-discovery.com\/es\/wp-json\/wp\/v2\/product_tag?post=2562"}],"curies":[{"name":"wp","href":"https:\/\/api.w.org\/{rel}","templated":true}]}}