{"id":2596,"date":"2018-03-29T13:14:03","date_gmt":"2018-03-29T15:26:39","guid":{"rendered":"https:\/\/barcelona-discovery.com\/?post_type=product&#038;p=2596"},"modified":"2024-04-15T16:18:08","modified_gmt":"2024-04-15T15:18:08","slug":"rutas-y-alquiler-de-bicicletas-por-la-ruta-del-carrilet","status":"publish","type":"product","link":"https:\/\/barcelona-discovery.com\/es\/tours\/rutas-y-alquiler-de-bicicletas-por-la-ruta-del-carrilet\/","title":{"rendered":"Rutas y Alquiler de Bicicletas por la Ruta del Carrilet"},"content":{"rendered":"<p>\u00bfQuieres hacer una <strong>ruta en bicicleta<\/strong>? Quieres dar un p<strong>aseo en bicicleta con una degustaci\u00f3n de quesos, vinos, cervezas.. o visitar una granja ?, o quiz\u00e1s quieres aprovechar el calory disfrutar de un ba\u00f1o al mismo tiempo que haces deporte?<\/strong> Nosotros haremos que tu experiencia sea \u00fanica e inolvidable.<\/p>\n<p>Esta ruta empieza en el Pre-Pirineo, pasando por la antigua estaci\u00f3n de tren de v\u00eda estrecha, llamada actualmente v\u00eda verde. En esta v\u00eda podras disfrutar de una magn\u00edfica ruta apta para todos, con una gran diversidad de paisajes, entornos naturales y elementos culturales de gran riqueza, terminando en la Costa Brava. Este hecho convierte las v\u00edas verdes en un interesante eje de interpretaci\u00f3n del territorio que permite descubrir y comparar los diferentes elementos que dan singularidad a esta v\u00eda. La<strong> v\u00eda verde tiene un trazado de 100 km desde Olot hasta Sant Feliu de Gu\u00edxols,<\/strong> lo que da la posibilidad de realizar la <strong>ruta por etapas<\/strong>, dependiendo de lo que desee hacer y ver y de los kil\u00f3metros en bicicleta que desee realizar.<\/p>\n<p>Podemos hacer <strong>todo tipo de paquetes,<\/strong> uno de ellos es la ruta de<strong> Olot en Girona,<\/strong> una ruta donde pueden disfrutar en bicicleta de un<strong> magn\u00edfico paisaje desde la ciudad de Olot hasta la ciudad de Girona<\/strong>. Donde podr\u00e1 disfrutar de un <strong>buen ba\u00f1o en las Gorges <\/strong>( pozas del rio ) en \u00e9pocas de verano y un entorno privilegiado durante todo el a\u00f1o. En este pack se incluye; el alquiler de la bicicleta, asistencia telef\u00f3nica las 24 horas, mapa y transfer de Amer (donde tenemos la sede oficial) hasta Olot. Las Bicicletas ser\u00e1n entregadas en Amer, y seguidamente os llevaremos con las bicicletas hasta Olot para empezar la ruta.<\/p>\n<p>Es posible que desee hacer<strong> s\u00f3lo un tramo o alquilar la bicicleta por unas horas?<\/strong><\/p>\n<p>Rellene el formulario con lo que realmente desea, para que su experiencia sea \u00fanica. En menos de 24 horas le enviaremos nuestra mejor propuesta.<\/p>\n<p>Tambi\u00e9n se podr\u00e1n incluir degustaciones gastron\u00f3micas por la Garrotxa, por Girona, degustaciones de vino por la Costa Brava, visitar\u00a0 una granja si vas en familia &#8230;<\/p>\n<p>Disponemos de una amplia oferta de bicicletas adaptadas a todas las necesidades, as\u00ed como el material complementario para disfrutar de una salida en bicicleta con familia (las sillitas, las carretillas.)<\/p>\n","protected":false},"excerpt":{"rendered":"<p><strong>Excursiones y alquiles de Bicicletas por la ruta del carrilet en la Via Verde<\/strong><\/p>\n","protected":false},"featured_media":2574,"comment_status":"open","ping_status":"closed","template":"","meta":[],"product_brand":[],"product_cat":[192,157,342],"product_tag":[],"class_list":{"0":"post-2596","1":"product","2":"type-product","3":"status-publish","4":"has-post-thumbnail","6":"product_cat-aventuras-por-la-montana","7":"product_cat-experiencias-terrestres","8":"product_cat-private-tours-es","9":"pa_tour-type-experiencias-terrestres","10":"pa_tour-types-land-experiences-aventuras-montana-es","12":"first","13":"instock","14":"shipping-taxable","15":"purchasable","16":"product-type-tour_phys"},"yoast_head":"<!-- This site is optimized with the Yoast SEO plugin v26.1.1 - https:\/\/yoast.com\/wordpress\/plugins\/seo\/ -->\n<title>Cicloturismos -Rutas y alquiler de Bicicletas por la Via Verde<\/title>\n<meta name=\"description\" content=\"\u00bfQuieres hacer una ruta en bicicleta? Quieres dar un paseo en bicicleta con una degustaci\u00f3n de quesos, vinos, cervezas.. o visitar una granja ?, o quiz\u00e1s quieres aprovechar la calor y disfrutar de un ba\u00f1o al mismo tiempo que haces deporte? Nosotros haremos que tu experiencia sea \u00fanica e inolvidable.\" \/>\n<meta name=\"robots\" content=\"index, follow, max-snippet:-1, max-image-preview:large, max-video-preview:-1\" \/>\n<link rel=\"canonical\" href=\"https:\/\/barcelona-discovery.com\/producto\/guided-bycicle-tours-in-and-around-barcelona\/\" \/>\n<meta property=\"og:locale\" content=\"es_ES\" \/>\n<meta property=\"og:type\" content=\"article\" \/>\n<meta property=\"og:title\" content=\"Cicloturismos -Rutas y alquiler de Bicicletas por la Via Verde\" \/>\n<meta property=\"og:description\" content=\"\u00bfQuieres hacer una ruta en bicicleta? Quieres dar un paseo en bicicleta con una degustaci\u00f3n de quesos, vinos, cervezas.. o visitar una granja ?, o quiz\u00e1s quieres aprovechar la calor y disfrutar de un ba\u00f1o al mismo tiempo que haces deporte? Nosotros haremos que tu experiencia sea \u00fanica e inolvidable.\" \/>\n<meta property=\"og:url\" content=\"https:\/\/barcelona-discovery.com\/producto\/guided-bycicle-tours-in-and-around-barcelona\/\" \/>\n<meta property=\"og:site_name\" content=\"Barcelona Discovery\" \/>\n<meta property=\"article:publisher\" content=\"https:\/\/www.facebook.com\/BarcelonaDiscovery\/\" \/>\n<meta property=\"article:modified_time\" content=\"2024-04-15T15:18:08+00:00\" \/>\n<meta property=\"og:image\" content=\"https:\/\/barcelona-discovery.com\/wp-content\/uploads\/2018\/03\/carrilet-2.jpg\" \/>\n\t<meta property=\"og:image:width\" content=\"1400\" \/>\n\t<meta property=\"og:image:height\" content=\"700\" \/>\n\t<meta property=\"og:image:type\" content=\"image\/jpeg\" \/>\n<meta name=\"twitter:card\" content=\"summary_large_image\" \/>\n<meta name=\"twitter:site\" content=\"@bcn_discovery\" \/>\n<meta name=\"twitter:label1\" content=\"Tiempo de lectura\" \/>\n\t<meta name=\"twitter:data1\" content=\"2 minutos\" \/>\n<script type=\"application\/ld+json\" class=\"yoast-schema-graph\">{\"@context\":\"https:\/\/schema.org\",\"@graph\":[{\"@type\":\"WebPage\",\"@id\":\"https:\/\/barcelona-discovery.com\/producto\/guided-bycicle-tours-in-and-around-barcelona\/\",\"url\":\"https:\/\/barcelona-discovery.com\/producto\/guided-bycicle-tours-in-and-around-barcelona\/\",\"name\":\"Cicloturismos -Rutas y alquiler de Bicicletas por la Via Verde\",\"isPartOf\":{\"@id\":\"https:\/\/barcelona-discovery.com\/#website\"},\"primaryImageOfPage\":{\"@id\":\"https:\/\/barcelona-discovery.com\/producto\/guided-bycicle-tours-in-and-around-barcelona\/#primaryimage\"},\"image\":{\"@id\":\"https:\/\/barcelona-discovery.com\/producto\/guided-bycicle-tours-in-and-around-barcelona\/#primaryimage\"},\"thumbnailUrl\":\"https:\/\/barcelona-discovery.com\/wp-content\/uploads\/2018\/03\/carrilet-2.jpg\",\"datePublished\":\"2018-03-29T15:26:39+00:00\",\"dateModified\":\"2024-04-15T15:18:08+00:00\",\"description\":\"\u00bfQuieres hacer una ruta en bicicleta? Quieres dar un paseo en bicicleta con una degustaci\u00f3n de quesos, vinos, cervezas.. o visitar una granja ?, o quiz\u00e1s quieres aprovechar la calor y disfrutar de un ba\u00f1o al mismo tiempo que haces deporte? Nosotros haremos que tu experiencia sea \u00fanica e inolvidable.\",\"breadcrumb\":{\"@id\":\"https:\/\/barcelona-discovery.com\/producto\/guided-bycicle-tours-in-and-around-barcelona\/#breadcrumb\"},\"inLanguage\":\"es\",\"potentialAction\":[{\"@type\":\"ReadAction\",\"target\":[\"https:\/\/barcelona-discovery.com\/producto\/guided-bycicle-tours-in-and-around-barcelona\/\"]}]},{\"@type\":\"ImageObject\",\"inLanguage\":\"es\",\"@id\":\"https:\/\/barcelona-discovery.com\/producto\/guided-bycicle-tours-in-and-around-barcelona\/#primaryimage\",\"url\":\"https:\/\/barcelona-discovery.com\/wp-content\/uploads\/2018\/03\/carrilet-2.jpg\",\"contentUrl\":\"https:\/\/barcelona-discovery.com\/wp-content\/uploads\/2018\/03\/carrilet-2.jpg\",\"width\":1400,\"height\":700,\"caption\":\"Cicloturismos en catalu\u00f1a\"},{\"@type\":\"BreadcrumbList\",\"@id\":\"https:\/\/barcelona-discovery.com\/producto\/guided-bycicle-tours-in-and-around-barcelona\/#breadcrumb\",\"itemListElement\":[{\"@type\":\"ListItem\",\"position\":1,\"name\":\"Home\",\"item\":\"https:\/\/barcelona-discovery.com\/es\/\"},{\"@type\":\"ListItem\",\"position\":2,\"name\":\"Tours\",\"item\":\"https:\/\/barcelona-discovery.com\/tours\/\"},{\"@type\":\"ListItem\",\"position\":3,\"name\":\"Rutas y Alquiler de Bicicletas por la Ruta del Carrilet\"}]},{\"@type\":\"WebSite\",\"@id\":\"https:\/\/barcelona-discovery.com\/#website\",\"url\":\"https:\/\/barcelona-discovery.com\/\",\"name\":\"Barcelona Discovery\",\"description\":\"Private Tours around Barcelona\",\"publisher\":{\"@id\":\"https:\/\/barcelona-discovery.com\/#organization\"},\"potentialAction\":[{\"@type\":\"SearchAction\",\"target\":{\"@type\":\"EntryPoint\",\"urlTemplate\":\"https:\/\/barcelona-discovery.com\/?s={search_term_string}\"},\"query-input\":{\"@type\":\"PropertyValueSpecification\",\"valueRequired\":true,\"valueName\":\"search_term_string\"}}],\"inLanguage\":\"es\"},{\"@type\":\"Organization\",\"@id\":\"https:\/\/barcelona-discovery.com\/#organization\",\"name\":\"Barcelona Discovery\",\"url\":\"https:\/\/barcelona-discovery.com\/\",\"logo\":{\"@type\":\"ImageObject\",\"inLanguage\":\"es\",\"@id\":\"https:\/\/barcelona-discovery.com\/#\/schema\/logo\/image\/\",\"url\":\"https:\/\/barcelona-discovery.com\/wp-content\/uploads\/2024\/02\/logo-linkein.jpg\",\"contentUrl\":\"https:\/\/barcelona-discovery.com\/wp-content\/uploads\/2024\/02\/logo-linkein.jpg\",\"width\":300,\"height\":300,\"caption\":\"Barcelona Discovery\"},\"image\":{\"@id\":\"https:\/\/barcelona-discovery.com\/#\/schema\/logo\/image\/\"},\"sameAs\":[\"https:\/\/www.facebook.com\/BarcelonaDiscovery\/\",\"https:\/\/x.com\/bcn_discovery\",\"https:\/\/www.instagram.com\/barcelonadiscovery\/\",\"https:\/\/www.youtube.com\/channel\/UCwpragtLkdmFTHCzinFQG_g\"]}]}<\/script>\n<!-- \/ Yoast SEO plugin. -->","yoast_head_json":{"title":"Cicloturismos -Rutas y alquiler de Bicicletas por la Via Verde","description":"\u00bfQuieres hacer una ruta en bicicleta? Quieres dar un paseo en bicicleta con una degustaci\u00f3n de quesos, vinos, cervezas.. o visitar una granja ?, o quiz\u00e1s quieres aprovechar la calor y disfrutar de un ba\u00f1o al mismo tiempo que haces deporte? Nosotros haremos que tu experiencia sea \u00fanica e inolvidable.","robots":{"index":"index","follow":"follow","max-snippet":"max-snippet:-1","max-image-preview":"max-image-preview:large","max-video-preview":"max-video-preview:-1"},"canonical":"https:\/\/barcelona-discovery.com\/producto\/guided-bycicle-tours-in-and-around-barcelona\/","og_locale":"es_ES","og_type":"article","og_title":"Cicloturismos -Rutas y alquiler de Bicicletas por la Via Verde","og_description":"\u00bfQuieres hacer una ruta en bicicleta? Quieres dar un paseo en bicicleta con una degustaci\u00f3n de quesos, vinos, cervezas.. o visitar una granja ?, o quiz\u00e1s quieres aprovechar la calor y disfrutar de un ba\u00f1o al mismo tiempo que haces deporte? Nosotros haremos que tu experiencia sea \u00fanica e inolvidable.","og_url":"https:\/\/barcelona-discovery.com\/producto\/guided-bycicle-tours-in-and-around-barcelona\/","og_site_name":"Barcelona Discovery","article_publisher":"https:\/\/www.facebook.com\/BarcelonaDiscovery\/","article_modified_time":"2024-04-15T15:18:08+00:00","og_image":[{"width":1400,"height":700,"url":"https:\/\/barcelona-discovery.com\/wp-content\/uploads\/2018\/03\/carrilet-2.jpg","type":"image\/jpeg"}],"twitter_card":"summary_large_image","twitter_site":"@bcn_discovery","twitter_misc":{"Tiempo de lectura":"2 minutos"},"schema":{"@context":"https:\/\/schema.org","@graph":[{"@type":"WebPage","@id":"https:\/\/barcelona-discovery.com\/producto\/guided-bycicle-tours-in-and-around-barcelona\/","url":"https:\/\/barcelona-discovery.com\/producto\/guided-bycicle-tours-in-and-around-barcelona\/","name":"Cicloturismos -Rutas y alquiler de Bicicletas por la Via Verde","isPartOf":{"@id":"https:\/\/barcelona-discovery.com\/#website"},"primaryImageOfPage":{"@id":"https:\/\/barcelona-discovery.com\/producto\/guided-bycicle-tours-in-and-around-barcelona\/#primaryimage"},"image":{"@id":"https:\/\/barcelona-discovery.com\/producto\/guided-bycicle-tours-in-and-around-barcelona\/#primaryimage"},"thumbnailUrl":"https:\/\/barcelona-discovery.com\/wp-content\/uploads\/2018\/03\/carrilet-2.jpg","datePublished":"2018-03-29T15:26:39+00:00","dateModified":"2024-04-15T15:18:08+00:00","description":"\u00bfQuieres hacer una ruta en bicicleta? Quieres dar un paseo en bicicleta con una degustaci\u00f3n de quesos, vinos, cervezas.. o visitar una granja ?, o quiz\u00e1s quieres aprovechar la calor y disfrutar de un ba\u00f1o al mismo tiempo que haces deporte? Nosotros haremos que tu experiencia sea \u00fanica e inolvidable.","breadcrumb":{"@id":"https:\/\/barcelona-discovery.com\/producto\/guided-bycicle-tours-in-and-around-barcelona\/#breadcrumb"},"inLanguage":"es","potentialAction":[{"@type":"ReadAction","target":["https:\/\/barcelona-discovery.com\/producto\/guided-bycicle-tours-in-and-around-barcelona\/"]}]},{"@type":"ImageObject","inLanguage":"es","@id":"https:\/\/barcelona-discovery.com\/producto\/guided-bycicle-tours-in-and-around-barcelona\/#primaryimage","url":"https:\/\/barcelona-discovery.com\/wp-content\/uploads\/2018\/03\/carrilet-2.jpg","contentUrl":"https:\/\/barcelona-discovery.com\/wp-content\/uploads\/2018\/03\/carrilet-2.jpg","width":1400,"height":700,"caption":"Cicloturismos en catalu\u00f1a"},{"@type":"BreadcrumbList","@id":"https:\/\/barcelona-discovery.com\/producto\/guided-bycicle-tours-in-and-around-barcelona\/#breadcrumb","itemListElement":[{"@type":"ListItem","position":1,"name":"Home","item":"https:\/\/barcelona-discovery.com\/es\/"},{"@type":"ListItem","position":2,"name":"Tours","item":"https:\/\/barcelona-discovery.com\/tours\/"},{"@type":"ListItem","position":3,"name":"Rutas y Alquiler de Bicicletas por la Ruta del Carrilet"}]},{"@type":"WebSite","@id":"https:\/\/barcelona-discovery.com\/#website","url":"https:\/\/barcelona-discovery.com\/","name":"Barcelona Discovery","description":"Private Tours around Barcelona","publisher":{"@id":"https:\/\/barcelona-discovery.com\/#organization"},"potentialAction":[{"@type":"SearchAction","target":{"@type":"EntryPoint","urlTemplate":"https:\/\/barcelona-discovery.com\/?s={search_term_string}"},"query-input":{"@type":"PropertyValueSpecification","valueRequired":true,"valueName":"search_term_string"}}],"inLanguage":"es"},{"@type":"Organization","@id":"https:\/\/barcelona-discovery.com\/#organization","name":"Barcelona Discovery","url":"https:\/\/barcelona-discovery.com\/","logo":{"@type":"ImageObject","inLanguage":"es","@id":"https:\/\/barcelona-discovery.com\/#\/schema\/logo\/image\/","url":"https:\/\/barcelona-discovery.com\/wp-content\/uploads\/2024\/02\/logo-linkein.jpg","contentUrl":"https:\/\/barcelona-discovery.com\/wp-content\/uploads\/2024\/02\/logo-linkein.jpg","width":300,"height":300,"caption":"Barcelona Discovery"},"image":{"@id":"https:\/\/barcelona-discovery.com\/#\/schema\/logo\/image\/"},"sameAs":["https:\/\/www.facebook.com\/BarcelonaDiscovery\/","https:\/\/x.com\/bcn_discovery","https:\/\/www.instagram.com\/barcelonadiscovery\/","https:\/\/www.youtube.com\/channel\/UCwpragtLkdmFTHCzinFQG_g"]}]}},"_links":{"self":[{"href":"https:\/\/barcelona-discovery.com\/es\/wp-json\/wp\/v2\/product\/2596","targetHints":{"allow":["GET"]}}],"collection":[{"href":"https:\/\/barcelona-discovery.com\/es\/wp-json\/wp\/v2\/product"}],"about":[{"href":"https:\/\/barcelona-discovery.com\/es\/wp-json\/wp\/v2\/types\/product"}],"replies":[{"embeddable":true,"href":"https:\/\/barcelona-discovery.com\/es\/wp-json\/wp\/v2\/comments?post=2596"}],"wp:featuredmedia":[{"embeddable":true,"href":"https:\/\/barcelona-discovery.com\/es\/wp-json\/wp\/v2\/media\/2574"}],"wp:attachment":[{"href":"https:\/\/barcelona-discovery.com\/es\/wp-json\/wp\/v2\/media?parent=2596"}],"wp:term":[{"taxonomy":"product_brand","embeddable":true,"href":"https:\/\/barcelona-discovery.com\/es\/wp-json\/wp\/v2\/product_brand?post=2596"},{"taxonomy":"product_cat","embeddable":true,"href":"https:\/\/barcelona-discovery.com\/es\/wp-json\/wp\/v2\/product_cat?post=2596"},{"taxonomy":"product_tag","embeddable":true,"href":"https:\/\/barcelona-discovery.com\/es\/wp-json\/wp\/v2\/product_tag?post=2596"}],"curies":[{"name":"wp","href":"https:\/\/api.w.org\/{rel}","templated":true}]}}