{"id":2862,"date":"2018-04-03T12:51:48","date_gmt":"2018-04-03T11:51:48","guid":{"rendered":"https:\/\/barcelona-discovery.com\/product\/salida-en-catamaran\/"},"modified":"2021-05-31T16:47:07","modified_gmt":"2021-05-31T15:47:07","slug":"salida-en-catamaran","status":"publish","type":"product","link":"https:\/\/barcelona-discovery.com\/es\/tours\/salida-en-catamaran\/","title":{"rendered":"Salida en Catamaran por la Costa de Barcelona"},"content":{"rendered":"<div class=\"wpb-content-wrapper\"><p>[vc_row][vc_column][vc_column_text]Disfruta <strong>navegando por la Costa de Barcelona en\u00a0catamar\u00e1n<\/strong>, la mejor opci\u00f3n para relajarte y sentir la c\u00e1lida brisa del mar.<\/p>\n<p>A bordo del\u00a0<strong>catamar\u00e1n<\/strong>\u00a0navegar\u00e1s la costa y podr\u00e1s observar iconos barceloneses\u00a0 como\u00a0<strong>Montju\u00efc, Col\u00f3n, el hotel Vela, el Port Vell, Marem\u00e1gnum, la Barceloneta, la Sagrada Familia, el Tibidabo\u2026<\/strong><\/p>\n<p>Mientras navegas, tendr\u00e1s la oportunidad de escuchar m\u00fasica relajante en el <strong>Skyline\u00a0 de Barcelona,<\/strong> \u200b\u200brelajandote y disfrutanto del sol, con las maravillosas <strong>vistas de Barcelona.<\/strong><\/p>\n<p>Adem\u00e1s, hay un bar donde puedes tomar alguna bebida refrescante durante la navegaci\u00f3n.<\/p>\n<p>\u00a1Una experiencia perfecta para realizar al mediod\u00eda!<\/p>\n<p>Si tienes problemas con tu reserva cont\u00e1ctanos a trav\u00e9s de nuestro formulario de reserva o a trav\u00e9s deWhatsApp[\/vc_column_text][\/vc_column][\/vc_row][vc_row][vc_column][vc_btn title=&#8221;Reserva Ahora!&#8221; style=&#8221;custom&#8221; custom_background=&#8221;#32bea6&#8243; custom_text=&#8221;#ffffff&#8221; shape=&#8221;round&#8221; size=&#8221;lg&#8221; align=&#8221;center&#8221; link=&#8221;url:https%3A%2F%2Ffareharbor.com%2Fembeds%2Fbook%2Fbarcelona-orsom%2Fitems%2F%3Fasn%3Dbarcelonadiscovery%26asn-ref%3Dwebsite|title:Reserva%20Ahora!|target:_blank&#8221;][\/vc_column][\/vc_row]<\/p>\n<\/div>","protected":false},"excerpt":{"rendered":"<p><strong>Paseo por la costa de Barcelona en Catamar\u00e1n &#8211; Salidas Diarias<\/strong><\/p>\n","protected":false},"featured_media":2657,"comment_status":"open","ping_status":"closed","template":"","meta":[],"product_brand":[],"product_cat":[179],"product_tag":[],"class_list":{"0":"post-2862","1":"product","2":"type-product","3":"status-publish","4":"has-post-thumbnail","6":"product_cat-experiencias-maritimas","7":"pa_tour-type-experiencias-maritimas","8":"pa_tour-types-sea-experiences-sailing-day-trips-es","10":"first","11":"instock","12":"shipping-taxable","13":"purchasable","14":"product-type-tour_phys"},"yoast_head":"<!-- This site is optimized with the Yoast SEO plugin v26.1.1 - https:\/\/yoast.com\/wordpress\/plugins\/seo\/ -->\n<title>Paseo por la Costa de Barcelona a bordo del catamar\u00e1n \/ Skyline<\/title>\n<meta name=\"description\" content=\"Disfruta navegando por la Costa de Barcelona en\u00a0catamar\u00e1n, la mejor opci\u00f3n para relajarte y sentir la c\u00e1lida brisa del mar.A bordo del\u00a0catamar\u00e1n\u00a0navegar\u00e1s la costa y podr\u00e1s observar iconos barceloneses\u00a0 como\u00a0Montju\u00efc, Col\u00f3n, el hotel Vela, Marem\u00e1gnum, la Barceloneta, la Sagrada Familia, el Tibidabo\u2026 P\u00eddenos informaci\u00f3n!\" \/>\n<meta name=\"robots\" content=\"index, follow, max-snippet:-1, max-image-preview:large, max-video-preview:-1\" \/>\n<link rel=\"canonical\" href=\"https:\/\/barcelona-discovery.com\/producto\/barcelona-catamaran-sailing-experience\/\" \/>\n<meta property=\"og:locale\" content=\"es_ES\" \/>\n<meta property=\"og:type\" content=\"article\" \/>\n<meta property=\"og:title\" content=\"Paseo por la Costa de Barcelona a bordo del catamar\u00e1n \/ Skyline\" \/>\n<meta property=\"og:description\" content=\"Disfruta navegando por la Costa de Barcelona en\u00a0catamar\u00e1n, la mejor opci\u00f3n para relajarte y sentir la c\u00e1lida brisa del mar.A bordo del\u00a0catamar\u00e1n\u00a0navegar\u00e1s la costa y podr\u00e1s observar iconos barceloneses\u00a0 como\u00a0Montju\u00efc, Col\u00f3n, el hotel Vela, Marem\u00e1gnum, la Barceloneta, la Sagrada Familia, el Tibidabo\u2026 P\u00eddenos informaci\u00f3n!\" \/>\n<meta property=\"og:url\" content=\"https:\/\/barcelona-discovery.com\/producto\/barcelona-catamaran-sailing-experience\/\" \/>\n<meta property=\"og:site_name\" content=\"Barcelona Discovery\" \/>\n<meta property=\"article:publisher\" content=\"https:\/\/www.facebook.com\/BarcelonaDiscovery\/\" \/>\n<meta property=\"article:modified_time\" content=\"2021-05-31T15:47:07+00:00\" \/>\n<meta property=\"og:image\" content=\"https:\/\/barcelona-discovery.com\/wp-content\/uploads\/2018\/04\/catamaran.jpg\" \/>\n\t<meta property=\"og:image:width\" content=\"1400\" \/>\n\t<meta property=\"og:image:height\" content=\"700\" \/>\n\t<meta property=\"og:image:type\" content=\"image\/jpeg\" \/>\n<meta name=\"twitter:card\" content=\"summary_large_image\" \/>\n<meta name=\"twitter:site\" content=\"@bcn_discovery\" \/>\n<meta name=\"twitter:label1\" content=\"Tiempo de lectura\" \/>\n\t<meta name=\"twitter:data1\" content=\"1 minuto\" \/>\n<script type=\"application\/ld+json\" class=\"yoast-schema-graph\">{\"@context\":\"https:\/\/schema.org\",\"@graph\":[{\"@type\":\"WebPage\",\"@id\":\"https:\/\/barcelona-discovery.com\/producto\/barcelona-catamaran-sailing-experience\/\",\"url\":\"https:\/\/barcelona-discovery.com\/producto\/barcelona-catamaran-sailing-experience\/\",\"name\":\"Paseo por la Costa de Barcelona a bordo del catamar\u00e1n \/ Skyline\",\"isPartOf\":{\"@id\":\"https:\/\/barcelona-discovery.com\/#website\"},\"primaryImageOfPage\":{\"@id\":\"https:\/\/barcelona-discovery.com\/producto\/barcelona-catamaran-sailing-experience\/#primaryimage\"},\"image\":{\"@id\":\"https:\/\/barcelona-discovery.com\/producto\/barcelona-catamaran-sailing-experience\/#primaryimage\"},\"thumbnailUrl\":\"https:\/\/barcelona-discovery.com\/wp-content\/uploads\/2018\/04\/catamaran.jpg\",\"datePublished\":\"2018-04-03T11:51:48+00:00\",\"dateModified\":\"2021-05-31T15:47:07+00:00\",\"description\":\"Disfruta navegando por la Costa de Barcelona en\u00a0catamar\u00e1n, la mejor opci\u00f3n para relajarte y sentir la c\u00e1lida brisa del mar.A bordo del\u00a0catamar\u00e1n\u00a0navegar\u00e1s la costa y podr\u00e1s observar iconos barceloneses\u00a0 como\u00a0Montju\u00efc, Col\u00f3n, el hotel Vela, Marem\u00e1gnum, la Barceloneta, la Sagrada Familia, el Tibidabo\u2026 P\u00eddenos informaci\u00f3n!\",\"breadcrumb\":{\"@id\":\"https:\/\/barcelona-discovery.com\/producto\/barcelona-catamaran-sailing-experience\/#breadcrumb\"},\"inLanguage\":\"es\",\"potentialAction\":[{\"@type\":\"ReadAction\",\"target\":[\"https:\/\/barcelona-discovery.com\/producto\/barcelona-catamaran-sailing-experience\/\"]}]},{\"@type\":\"ImageObject\",\"inLanguage\":\"es\",\"@id\":\"https:\/\/barcelona-discovery.com\/producto\/barcelona-catamaran-sailing-experience\/#primaryimage\",\"url\":\"https:\/\/barcelona-discovery.com\/wp-content\/uploads\/2018\/04\/catamaran.jpg\",\"contentUrl\":\"https:\/\/barcelona-discovery.com\/wp-content\/uploads\/2018\/04\/catamaran.jpg\",\"width\":1400,\"height\":700,\"caption\":\"Skyline tour\"},{\"@type\":\"BreadcrumbList\",\"@id\":\"https:\/\/barcelona-discovery.com\/producto\/barcelona-catamaran-sailing-experience\/#breadcrumb\",\"itemListElement\":[{\"@type\":\"ListItem\",\"position\":1,\"name\":\"Home\",\"item\":\"https:\/\/barcelona-discovery.com\/es\/\"},{\"@type\":\"ListItem\",\"position\":2,\"name\":\"Tours\",\"item\":\"https:\/\/barcelona-discovery.com\/tours\/\"},{\"@type\":\"ListItem\",\"position\":3,\"name\":\"Salida en Catamaran por la Costa de Barcelona\"}]},{\"@type\":\"WebSite\",\"@id\":\"https:\/\/barcelona-discovery.com\/#website\",\"url\":\"https:\/\/barcelona-discovery.com\/\",\"name\":\"Barcelona Discovery\",\"description\":\"Private Tours around Barcelona\",\"publisher\":{\"@id\":\"https:\/\/barcelona-discovery.com\/#organization\"},\"potentialAction\":[{\"@type\":\"SearchAction\",\"target\":{\"@type\":\"EntryPoint\",\"urlTemplate\":\"https:\/\/barcelona-discovery.com\/?s={search_term_string}\"},\"query-input\":{\"@type\":\"PropertyValueSpecification\",\"valueRequired\":true,\"valueName\":\"search_term_string\"}}],\"inLanguage\":\"es\"},{\"@type\":\"Organization\",\"@id\":\"https:\/\/barcelona-discovery.com\/#organization\",\"name\":\"Barcelona Discovery\",\"url\":\"https:\/\/barcelona-discovery.com\/\",\"logo\":{\"@type\":\"ImageObject\",\"inLanguage\":\"es\",\"@id\":\"https:\/\/barcelona-discovery.com\/#\/schema\/logo\/image\/\",\"url\":\"https:\/\/barcelona-discovery.com\/wp-content\/uploads\/2024\/02\/logo-linkein.jpg\",\"contentUrl\":\"https:\/\/barcelona-discovery.com\/wp-content\/uploads\/2024\/02\/logo-linkein.jpg\",\"width\":300,\"height\":300,\"caption\":\"Barcelona Discovery\"},\"image\":{\"@id\":\"https:\/\/barcelona-discovery.com\/#\/schema\/logo\/image\/\"},\"sameAs\":[\"https:\/\/www.facebook.com\/BarcelonaDiscovery\/\",\"https:\/\/x.com\/bcn_discovery\",\"https:\/\/www.instagram.com\/barcelonadiscovery\/\",\"https:\/\/www.youtube.com\/channel\/UCwpragtLkdmFTHCzinFQG_g\"]}]}<\/script>\n<!-- \/ Yoast SEO plugin. -->","yoast_head_json":{"title":"Paseo por la Costa de Barcelona a bordo del catamar\u00e1n \/ Skyline","description":"Disfruta navegando por la Costa de Barcelona en\u00a0catamar\u00e1n, la mejor opci\u00f3n para relajarte y sentir la c\u00e1lida brisa del mar.A bordo del\u00a0catamar\u00e1n\u00a0navegar\u00e1s la costa y podr\u00e1s observar iconos barceloneses\u00a0 como\u00a0Montju\u00efc, Col\u00f3n, el hotel Vela, Marem\u00e1gnum, la Barceloneta, la Sagrada Familia, el Tibidabo\u2026 P\u00eddenos informaci\u00f3n!","robots":{"index":"index","follow":"follow","max-snippet":"max-snippet:-1","max-image-preview":"max-image-preview:large","max-video-preview":"max-video-preview:-1"},"canonical":"https:\/\/barcelona-discovery.com\/producto\/barcelona-catamaran-sailing-experience\/","og_locale":"es_ES","og_type":"article","og_title":"Paseo por la Costa de Barcelona a bordo del catamar\u00e1n \/ Skyline","og_description":"Disfruta navegando por la Costa de Barcelona en\u00a0catamar\u00e1n, la mejor opci\u00f3n para relajarte y sentir la c\u00e1lida brisa del mar.A bordo del\u00a0catamar\u00e1n\u00a0navegar\u00e1s la costa y podr\u00e1s observar iconos barceloneses\u00a0 como\u00a0Montju\u00efc, Col\u00f3n, el hotel Vela, Marem\u00e1gnum, la Barceloneta, la Sagrada Familia, el Tibidabo\u2026 P\u00eddenos informaci\u00f3n!","og_url":"https:\/\/barcelona-discovery.com\/producto\/barcelona-catamaran-sailing-experience\/","og_site_name":"Barcelona Discovery","article_publisher":"https:\/\/www.facebook.com\/BarcelonaDiscovery\/","article_modified_time":"2021-05-31T15:47:07+00:00","og_image":[{"width":1400,"height":700,"url":"https:\/\/barcelona-discovery.com\/wp-content\/uploads\/2018\/04\/catamaran.jpg","type":"image\/jpeg"}],"twitter_card":"summary_large_image","twitter_site":"@bcn_discovery","twitter_misc":{"Tiempo de lectura":"1 minuto"},"schema":{"@context":"https:\/\/schema.org","@graph":[{"@type":"WebPage","@id":"https:\/\/barcelona-discovery.com\/producto\/barcelona-catamaran-sailing-experience\/","url":"https:\/\/barcelona-discovery.com\/producto\/barcelona-catamaran-sailing-experience\/","name":"Paseo por la Costa de Barcelona a bordo del catamar\u00e1n \/ Skyline","isPartOf":{"@id":"https:\/\/barcelona-discovery.com\/#website"},"primaryImageOfPage":{"@id":"https:\/\/barcelona-discovery.com\/producto\/barcelona-catamaran-sailing-experience\/#primaryimage"},"image":{"@id":"https:\/\/barcelona-discovery.com\/producto\/barcelona-catamaran-sailing-experience\/#primaryimage"},"thumbnailUrl":"https:\/\/barcelona-discovery.com\/wp-content\/uploads\/2018\/04\/catamaran.jpg","datePublished":"2018-04-03T11:51:48+00:00","dateModified":"2021-05-31T15:47:07+00:00","description":"Disfruta navegando por la Costa de Barcelona en\u00a0catamar\u00e1n, la mejor opci\u00f3n para relajarte y sentir la c\u00e1lida brisa del mar.A bordo del\u00a0catamar\u00e1n\u00a0navegar\u00e1s la costa y podr\u00e1s observar iconos barceloneses\u00a0 como\u00a0Montju\u00efc, Col\u00f3n, el hotel Vela, Marem\u00e1gnum, la Barceloneta, la Sagrada Familia, el Tibidabo\u2026 P\u00eddenos informaci\u00f3n!","breadcrumb":{"@id":"https:\/\/barcelona-discovery.com\/producto\/barcelona-catamaran-sailing-experience\/#breadcrumb"},"inLanguage":"es","potentialAction":[{"@type":"ReadAction","target":["https:\/\/barcelona-discovery.com\/producto\/barcelona-catamaran-sailing-experience\/"]}]},{"@type":"ImageObject","inLanguage":"es","@id":"https:\/\/barcelona-discovery.com\/producto\/barcelona-catamaran-sailing-experience\/#primaryimage","url":"https:\/\/barcelona-discovery.com\/wp-content\/uploads\/2018\/04\/catamaran.jpg","contentUrl":"https:\/\/barcelona-discovery.com\/wp-content\/uploads\/2018\/04\/catamaran.jpg","width":1400,"height":700,"caption":"Skyline tour"},{"@type":"BreadcrumbList","@id":"https:\/\/barcelona-discovery.com\/producto\/barcelona-catamaran-sailing-experience\/#breadcrumb","itemListElement":[{"@type":"ListItem","position":1,"name":"Home","item":"https:\/\/barcelona-discovery.com\/es\/"},{"@type":"ListItem","position":2,"name":"Tours","item":"https:\/\/barcelona-discovery.com\/tours\/"},{"@type":"ListItem","position":3,"name":"Salida en Catamaran por la Costa de Barcelona"}]},{"@type":"WebSite","@id":"https:\/\/barcelona-discovery.com\/#website","url":"https:\/\/barcelona-discovery.com\/","name":"Barcelona Discovery","description":"Private Tours around Barcelona","publisher":{"@id":"https:\/\/barcelona-discovery.com\/#organization"},"potentialAction":[{"@type":"SearchAction","target":{"@type":"EntryPoint","urlTemplate":"https:\/\/barcelona-discovery.com\/?s={search_term_string}"},"query-input":{"@type":"PropertyValueSpecification","valueRequired":true,"valueName":"search_term_string"}}],"inLanguage":"es"},{"@type":"Organization","@id":"https:\/\/barcelona-discovery.com\/#organization","name":"Barcelona Discovery","url":"https:\/\/barcelona-discovery.com\/","logo":{"@type":"ImageObject","inLanguage":"es","@id":"https:\/\/barcelona-discovery.com\/#\/schema\/logo\/image\/","url":"https:\/\/barcelona-discovery.com\/wp-content\/uploads\/2024\/02\/logo-linkein.jpg","contentUrl":"https:\/\/barcelona-discovery.com\/wp-content\/uploads\/2024\/02\/logo-linkein.jpg","width":300,"height":300,"caption":"Barcelona Discovery"},"image":{"@id":"https:\/\/barcelona-discovery.com\/#\/schema\/logo\/image\/"},"sameAs":["https:\/\/www.facebook.com\/BarcelonaDiscovery\/","https:\/\/x.com\/bcn_discovery","https:\/\/www.instagram.com\/barcelonadiscovery\/","https:\/\/www.youtube.com\/channel\/UCwpragtLkdmFTHCzinFQG_g"]}]}},"_links":{"self":[{"href":"https:\/\/barcelona-discovery.com\/es\/wp-json\/wp\/v2\/product\/2862","targetHints":{"allow":["GET"]}}],"collection":[{"href":"https:\/\/barcelona-discovery.com\/es\/wp-json\/wp\/v2\/product"}],"about":[{"href":"https:\/\/barcelona-discovery.com\/es\/wp-json\/wp\/v2\/types\/product"}],"replies":[{"embeddable":true,"href":"https:\/\/barcelona-discovery.com\/es\/wp-json\/wp\/v2\/comments?post=2862"}],"wp:featuredmedia":[{"embeddable":true,"href":"https:\/\/barcelona-discovery.com\/es\/wp-json\/wp\/v2\/media\/2657"}],"wp:attachment":[{"href":"https:\/\/barcelona-discovery.com\/es\/wp-json\/wp\/v2\/media?parent=2862"}],"wp:term":[{"taxonomy":"product_brand","embeddable":true,"href":"https:\/\/barcelona-discovery.com\/es\/wp-json\/wp\/v2\/product_brand?post=2862"},{"taxonomy":"product_cat","embeddable":true,"href":"https:\/\/barcelona-discovery.com\/es\/wp-json\/wp\/v2\/product_cat?post=2862"},{"taxonomy":"product_tag","embeddable":true,"href":"https:\/\/barcelona-discovery.com\/es\/wp-json\/wp\/v2\/product_tag?post=2862"}],"curies":[{"name":"wp","href":"https:\/\/api.w.org\/{rel}","templated":true}]}}