{"id":2871,"date":"2017-08-29T20:23:59","date_gmt":"2017-08-29T19:23:59","guid":{"rendered":"https:\/\/barcelona-discovery.com\/product\/ruta-por-barcelona-leyendas-de-barcelona\/"},"modified":"2024-06-06T11:38:23","modified_gmt":"2024-06-06T10:38:23","slug":"ruta-por-barcelona-leyendas-de-barcelona","status":"publish","type":"product","link":"https:\/\/barcelona-discovery.com\/es\/tours\/ruta-por-barcelona-leyendas-de-barcelona\/","title":{"rendered":"Ruta por Barcelona &#8211; Leyendas de Barcelona"},"content":{"rendered":"<p><strong>\u00a1Bienvenidos a Barcelona!<\/strong><\/p>\n<p>La <strong>&#8216;Ciudad Condal&#8217;<\/strong> se encuentra en la costa este de <strong>Catalu\u00f1a, Espa\u00f1a.<\/strong> Est\u00e1s en la ciudad correcta si quieres ver <strong>lugares diferentes y \u00fanicos<\/strong>. Barcelona pas\u00f3 de ser un peque\u00f1o puesto fronterizo romano a un puerto potencial medieval y de convertirse en una de las ciudades m\u00e1s deprimidas de Europa. Finalmente, con su renacimiento con los Juegos Ol\u00edmpicos, Barcelona se ha convertido en la ciudad que es hoy. Hoy en d\u00eda, las puertas de Barcelona se abren al mundo y es una ciudad moderna e internacional, al mismo tiempo, un <strong>lugar \u00fanico y especial.<\/strong><\/p>\n<p>Con esta visita guiada descubrir\u00e1s algunas de las <strong>leyendas de Barcelona y su historia.<\/strong> Tendr\u00e1s la oportunidad de descubrir los <strong>misterios y leyendas de la ciudad guiados por David Izquierdo Salas, periodista de televisi\u00f3n y escritor.<\/strong><\/p>\n<p>Este recorrido comienza en la<strong> Font de Canaletes<\/strong> con su historia y leyenda, luego va al P<strong>ortal de l&#8217;\u00c0ngel, la Plaza Nova, la Muralla Romana, la Pla\u00e7a del Rei<\/strong> donde tuvo lugar el intento de asesinato del Rey Ferran el Cat\u00f3lico, l<strong>a Pla\u00e7a de l&#8217;\u00c0ngel<\/strong> donde p\u00fablico las ejecuciones fueron hechas y al llamado jud\u00edo. Finalmente, el recorrido termina frente al <strong>Teatre del Liceu donde el gu\u00eda explica la leyenda de su hechizo.<\/strong><\/p>\n","protected":false},"excerpt":{"rendered":"<p><strong>Las leyendas de Barcelona, ruta\u00a0guiada por David Izquierdo, escritor y periodista.<\/strong><\/p>\n<p>&nbsp;<\/p>\n","protected":false},"featured_media":2026,"comment_status":"open","ping_status":"closed","template":"","meta":[],"product_brand":[],"product_cat":[157,156,178],"product_tag":[],"class_list":{"0":"post-2871","1":"product","2":"type-product","3":"status-publish","4":"has-post-thumbnail","6":"product_cat-experiencias-terrestres","7":"product_cat-tours-culturales","8":"product_cat-tours-por-barcelona","10":"first","11":"instock","12":"shipping-taxable","13":"purchasable","14":"product-type-tour_phys"},"yoast_head":"<!-- This site is optimized with the Yoast SEO plugin v26.1.1 - https:\/\/yoast.com\/wordpress\/plugins\/seo\/ -->\n<title>Ruta por Barcelona \/ Leyendas de Barcelona \/ Barcelona Discovery<\/title>\n<meta name=\"description\" content=\"Ruta guiada por Barcelona. Descubre en mans del escritor de Curiosas Historias de Catalu\u00f1a y Barcelona, las leyendas que se esconden en la ciudad de Barcelona. \u00a1Reserva ahora tu ruta!\" \/>\n<meta name=\"robots\" content=\"index, follow, max-snippet:-1, max-image-preview:large, max-video-preview:-1\" \/>\n<link rel=\"canonical\" href=\"https:\/\/barcelona-discovery.com\/es\/producto\/ruta-por-barcelona-leyendas-de-barcelona\/\" \/>\n<meta property=\"og:locale\" content=\"es_ES\" \/>\n<meta property=\"og:type\" content=\"article\" \/>\n<meta property=\"og:title\" content=\"Ruta por Barcelona \/ Leyendas de Barcelona \/ Barcelona Discovery\" \/>\n<meta property=\"og:description\" content=\"Ruta guiada por Barcelona. Descubre en mans del escritor de Curiosas Historias de Catalu\u00f1a y Barcelona, las leyendas que se esconden en la ciudad de Barcelona. \u00a1Reserva ahora tu ruta!\" \/>\n<meta property=\"og:url\" content=\"https:\/\/barcelona-discovery.com\/es\/producto\/ruta-por-barcelona-leyendas-de-barcelona\/\" \/>\n<meta property=\"og:site_name\" content=\"Barcelona Discovery\" \/>\n<meta property=\"article:publisher\" content=\"https:\/\/www.facebook.com\/BarcelonaDiscovery\/\" \/>\n<meta property=\"article:modified_time\" content=\"2024-06-06T10:38:23+00:00\" \/>\n<meta property=\"og:image\" content=\"https:\/\/barcelona-discovery.com\/wp-content\/uploads\/2017\/08\/canaletes.jpg\" \/>\n\t<meta property=\"og:image:width\" content=\"1400\" \/>\n\t<meta property=\"og:image:height\" content=\"700\" \/>\n\t<meta property=\"og:image:type\" content=\"image\/jpeg\" \/>\n<meta name=\"twitter:card\" content=\"summary_large_image\" \/>\n<meta name=\"twitter:site\" content=\"@bcn_discovery\" \/>\n<meta name=\"twitter:label1\" content=\"Tiempo de lectura\" \/>\n\t<meta name=\"twitter:data1\" content=\"2 minutos\" \/>\n<script type=\"application\/ld+json\" class=\"yoast-schema-graph\">{\"@context\":\"https:\/\/schema.org\",\"@graph\":[{\"@type\":\"WebPage\",\"@id\":\"https:\/\/barcelona-discovery.com\/es\/producto\/ruta-por-barcelona-leyendas-de-barcelona\/\",\"url\":\"https:\/\/barcelona-discovery.com\/es\/producto\/ruta-por-barcelona-leyendas-de-barcelona\/\",\"name\":\"Ruta por Barcelona \/ Leyendas de Barcelona \/ Barcelona Discovery\",\"isPartOf\":{\"@id\":\"https:\/\/barcelona-discovery.com\/#website\"},\"primaryImageOfPage\":{\"@id\":\"https:\/\/barcelona-discovery.com\/es\/producto\/ruta-por-barcelona-leyendas-de-barcelona\/#primaryimage\"},\"image\":{\"@id\":\"https:\/\/barcelona-discovery.com\/es\/producto\/ruta-por-barcelona-leyendas-de-barcelona\/#primaryimage\"},\"thumbnailUrl\":\"https:\/\/barcelona-discovery.com\/wp-content\/uploads\/2017\/08\/canaletes.jpg\",\"datePublished\":\"2017-08-29T19:23:59+00:00\",\"dateModified\":\"2024-06-06T10:38:23+00:00\",\"description\":\"Ruta guiada por Barcelona. Descubre en mans del escritor de Curiosas Historias de Catalu\u00f1a y Barcelona, las leyendas que se esconden en la ciudad de Barcelona. \u00a1Reserva ahora tu ruta!\",\"breadcrumb\":{\"@id\":\"https:\/\/barcelona-discovery.com\/es\/producto\/ruta-por-barcelona-leyendas-de-barcelona\/#breadcrumb\"},\"inLanguage\":\"es\",\"potentialAction\":[{\"@type\":\"ReadAction\",\"target\":[\"https:\/\/barcelona-discovery.com\/es\/producto\/ruta-por-barcelona-leyendas-de-barcelona\/\"]}]},{\"@type\":\"ImageObject\",\"inLanguage\":\"es\",\"@id\":\"https:\/\/barcelona-discovery.com\/es\/producto\/ruta-por-barcelona-leyendas-de-barcelona\/#primaryimage\",\"url\":\"https:\/\/barcelona-discovery.com\/wp-content\/uploads\/2017\/08\/canaletes.jpg\",\"contentUrl\":\"https:\/\/barcelona-discovery.com\/wp-content\/uploads\/2017\/08\/canaletes.jpg\",\"width\":1400,\"height\":700},{\"@type\":\"BreadcrumbList\",\"@id\":\"https:\/\/barcelona-discovery.com\/es\/producto\/ruta-por-barcelona-leyendas-de-barcelona\/#breadcrumb\",\"itemListElement\":[{\"@type\":\"ListItem\",\"position\":1,\"name\":\"Home\",\"item\":\"https:\/\/barcelona-discovery.com\/es\/\"},{\"@type\":\"ListItem\",\"position\":2,\"name\":\"Tours\",\"item\":\"https:\/\/barcelona-discovery.com\/tours\/\"},{\"@type\":\"ListItem\",\"position\":3,\"name\":\"Ruta por Barcelona &#8211; Leyendas de Barcelona\"}]},{\"@type\":\"WebSite\",\"@id\":\"https:\/\/barcelona-discovery.com\/#website\",\"url\":\"https:\/\/barcelona-discovery.com\/\",\"name\":\"Barcelona Discovery\",\"description\":\"Private Tours around Barcelona\",\"publisher\":{\"@id\":\"https:\/\/barcelona-discovery.com\/#organization\"},\"potentialAction\":[{\"@type\":\"SearchAction\",\"target\":{\"@type\":\"EntryPoint\",\"urlTemplate\":\"https:\/\/barcelona-discovery.com\/?s={search_term_string}\"},\"query-input\":{\"@type\":\"PropertyValueSpecification\",\"valueRequired\":true,\"valueName\":\"search_term_string\"}}],\"inLanguage\":\"es\"},{\"@type\":\"Organization\",\"@id\":\"https:\/\/barcelona-discovery.com\/#organization\",\"name\":\"Barcelona Discovery\",\"url\":\"https:\/\/barcelona-discovery.com\/\",\"logo\":{\"@type\":\"ImageObject\",\"inLanguage\":\"es\",\"@id\":\"https:\/\/barcelona-discovery.com\/#\/schema\/logo\/image\/\",\"url\":\"https:\/\/barcelona-discovery.com\/wp-content\/uploads\/2024\/02\/logo-linkein.jpg\",\"contentUrl\":\"https:\/\/barcelona-discovery.com\/wp-content\/uploads\/2024\/02\/logo-linkein.jpg\",\"width\":300,\"height\":300,\"caption\":\"Barcelona Discovery\"},\"image\":{\"@id\":\"https:\/\/barcelona-discovery.com\/#\/schema\/logo\/image\/\"},\"sameAs\":[\"https:\/\/www.facebook.com\/BarcelonaDiscovery\/\",\"https:\/\/x.com\/bcn_discovery\",\"https:\/\/www.instagram.com\/barcelonadiscovery\/\",\"https:\/\/www.youtube.com\/channel\/UCwpragtLkdmFTHCzinFQG_g\"]}]}<\/script>\n<!-- \/ Yoast SEO plugin. -->","yoast_head_json":{"title":"Ruta por Barcelona \/ Leyendas de Barcelona \/ Barcelona Discovery","description":"Ruta guiada por Barcelona. Descubre en mans del escritor de Curiosas Historias de Catalu\u00f1a y Barcelona, las leyendas que se esconden en la ciudad de Barcelona. \u00a1Reserva ahora tu ruta!","robots":{"index":"index","follow":"follow","max-snippet":"max-snippet:-1","max-image-preview":"max-image-preview:large","max-video-preview":"max-video-preview:-1"},"canonical":"https:\/\/barcelona-discovery.com\/es\/producto\/ruta-por-barcelona-leyendas-de-barcelona\/","og_locale":"es_ES","og_type":"article","og_title":"Ruta por Barcelona \/ Leyendas de Barcelona \/ Barcelona Discovery","og_description":"Ruta guiada por Barcelona. Descubre en mans del escritor de Curiosas Historias de Catalu\u00f1a y Barcelona, las leyendas que se esconden en la ciudad de Barcelona. \u00a1Reserva ahora tu ruta!","og_url":"https:\/\/barcelona-discovery.com\/es\/producto\/ruta-por-barcelona-leyendas-de-barcelona\/","og_site_name":"Barcelona Discovery","article_publisher":"https:\/\/www.facebook.com\/BarcelonaDiscovery\/","article_modified_time":"2024-06-06T10:38:23+00:00","og_image":[{"width":1400,"height":700,"url":"https:\/\/barcelona-discovery.com\/wp-content\/uploads\/2017\/08\/canaletes.jpg","type":"image\/jpeg"}],"twitter_card":"summary_large_image","twitter_site":"@bcn_discovery","twitter_misc":{"Tiempo de lectura":"2 minutos"},"schema":{"@context":"https:\/\/schema.org","@graph":[{"@type":"WebPage","@id":"https:\/\/barcelona-discovery.com\/es\/producto\/ruta-por-barcelona-leyendas-de-barcelona\/","url":"https:\/\/barcelona-discovery.com\/es\/producto\/ruta-por-barcelona-leyendas-de-barcelona\/","name":"Ruta por Barcelona \/ Leyendas de Barcelona \/ Barcelona Discovery","isPartOf":{"@id":"https:\/\/barcelona-discovery.com\/#website"},"primaryImageOfPage":{"@id":"https:\/\/barcelona-discovery.com\/es\/producto\/ruta-por-barcelona-leyendas-de-barcelona\/#primaryimage"},"image":{"@id":"https:\/\/barcelona-discovery.com\/es\/producto\/ruta-por-barcelona-leyendas-de-barcelona\/#primaryimage"},"thumbnailUrl":"https:\/\/barcelona-discovery.com\/wp-content\/uploads\/2017\/08\/canaletes.jpg","datePublished":"2017-08-29T19:23:59+00:00","dateModified":"2024-06-06T10:38:23+00:00","description":"Ruta guiada por Barcelona. Descubre en mans del escritor de Curiosas Historias de Catalu\u00f1a y Barcelona, las leyendas que se esconden en la ciudad de Barcelona. \u00a1Reserva ahora tu ruta!","breadcrumb":{"@id":"https:\/\/barcelona-discovery.com\/es\/producto\/ruta-por-barcelona-leyendas-de-barcelona\/#breadcrumb"},"inLanguage":"es","potentialAction":[{"@type":"ReadAction","target":["https:\/\/barcelona-discovery.com\/es\/producto\/ruta-por-barcelona-leyendas-de-barcelona\/"]}]},{"@type":"ImageObject","inLanguage":"es","@id":"https:\/\/barcelona-discovery.com\/es\/producto\/ruta-por-barcelona-leyendas-de-barcelona\/#primaryimage","url":"https:\/\/barcelona-discovery.com\/wp-content\/uploads\/2017\/08\/canaletes.jpg","contentUrl":"https:\/\/barcelona-discovery.com\/wp-content\/uploads\/2017\/08\/canaletes.jpg","width":1400,"height":700},{"@type":"BreadcrumbList","@id":"https:\/\/barcelona-discovery.com\/es\/producto\/ruta-por-barcelona-leyendas-de-barcelona\/#breadcrumb","itemListElement":[{"@type":"ListItem","position":1,"name":"Home","item":"https:\/\/barcelona-discovery.com\/es\/"},{"@type":"ListItem","position":2,"name":"Tours","item":"https:\/\/barcelona-discovery.com\/tours\/"},{"@type":"ListItem","position":3,"name":"Ruta por Barcelona &#8211; Leyendas de Barcelona"}]},{"@type":"WebSite","@id":"https:\/\/barcelona-discovery.com\/#website","url":"https:\/\/barcelona-discovery.com\/","name":"Barcelona Discovery","description":"Private Tours around Barcelona","publisher":{"@id":"https:\/\/barcelona-discovery.com\/#organization"},"potentialAction":[{"@type":"SearchAction","target":{"@type":"EntryPoint","urlTemplate":"https:\/\/barcelona-discovery.com\/?s={search_term_string}"},"query-input":{"@type":"PropertyValueSpecification","valueRequired":true,"valueName":"search_term_string"}}],"inLanguage":"es"},{"@type":"Organization","@id":"https:\/\/barcelona-discovery.com\/#organization","name":"Barcelona Discovery","url":"https:\/\/barcelona-discovery.com\/","logo":{"@type":"ImageObject","inLanguage":"es","@id":"https:\/\/barcelona-discovery.com\/#\/schema\/logo\/image\/","url":"https:\/\/barcelona-discovery.com\/wp-content\/uploads\/2024\/02\/logo-linkein.jpg","contentUrl":"https:\/\/barcelona-discovery.com\/wp-content\/uploads\/2024\/02\/logo-linkein.jpg","width":300,"height":300,"caption":"Barcelona Discovery"},"image":{"@id":"https:\/\/barcelona-discovery.com\/#\/schema\/logo\/image\/"},"sameAs":["https:\/\/www.facebook.com\/BarcelonaDiscovery\/","https:\/\/x.com\/bcn_discovery","https:\/\/www.instagram.com\/barcelonadiscovery\/","https:\/\/www.youtube.com\/channel\/UCwpragtLkdmFTHCzinFQG_g"]}]}},"_links":{"self":[{"href":"https:\/\/barcelona-discovery.com\/es\/wp-json\/wp\/v2\/product\/2871","targetHints":{"allow":["GET"]}}],"collection":[{"href":"https:\/\/barcelona-discovery.com\/es\/wp-json\/wp\/v2\/product"}],"about":[{"href":"https:\/\/barcelona-discovery.com\/es\/wp-json\/wp\/v2\/types\/product"}],"replies":[{"embeddable":true,"href":"https:\/\/barcelona-discovery.com\/es\/wp-json\/wp\/v2\/comments?post=2871"}],"wp:featuredmedia":[{"embeddable":true,"href":"https:\/\/barcelona-discovery.com\/es\/wp-json\/wp\/v2\/media\/2026"}],"wp:attachment":[{"href":"https:\/\/barcelona-discovery.com\/es\/wp-json\/wp\/v2\/media?parent=2871"}],"wp:term":[{"taxonomy":"product_brand","embeddable":true,"href":"https:\/\/barcelona-discovery.com\/es\/wp-json\/wp\/v2\/product_brand?post=2871"},{"taxonomy":"product_cat","embeddable":true,"href":"https:\/\/barcelona-discovery.com\/es\/wp-json\/wp\/v2\/product_cat?post=2871"},{"taxonomy":"product_tag","embeddable":true,"href":"https:\/\/barcelona-discovery.com\/es\/wp-json\/wp\/v2\/product_tag?post=2871"}],"curies":[{"name":"wp","href":"https:\/\/api.w.org\/{rel}","templated":true}]}}