{"id":2896,"date":"2018-04-27T11:45:48","date_gmt":"2018-04-27T10:45:48","guid":{"rendered":"https:\/\/barcelona-discovery.com\/?post_type=product&#038;p=2896"},"modified":"2024-06-06T11:13:49","modified_gmt":"2024-06-06T10:13:49","slug":"tour-con-cata-de-vinos-y-desayuno","status":"publish","type":"product","link":"https:\/\/barcelona-discovery.com\/es\/tours\/tour-con-cata-de-vinos-y-desayuno\/","title":{"rendered":"Desayuno entre Vi\u00f1edos y Cata de vinos"},"content":{"rendered":"<p>&nbsp;<\/p>\n<p>\u00bfAlguna vez has imaginado tener<strong> desayunar en el coraz\u00f3n de unos hermosos vi\u00f1edos<\/strong>? \u00a1Ahora es posible! Le ofrecemos la oportunidad de tomar un excelente desayuno catal\u00e1n en los vi\u00f1edos de Alella, donde tambi\u00e9n tendr\u00e1 excelentes vistas de Barcelona y la costa.<\/p>\n<p>Esta experiencia tambi\u00e9n incluye una<strong> visita a la bodega<\/strong> que le dar\u00e1 la oportunidad de visitar una t\u00edpica casa de campo catal\u00e1n y pasear por los vi\u00f1edos org\u00e1nicos en su entorno \u00fanico.<\/p>\n<p>Podr\u00e1 disfrutar de un<strong> delicioso desayuno de &#8216;pa amb tomaquet&#8217;<\/strong>, quesos y embutidos con una<strong> cata de vinos<\/strong> en el jard\u00edn de la casa de campo del siglo XIV.<\/p>\n<p>La bodega, rodeada de vi\u00f1edos, se encuentra dentro de una hermosa casa de campo del siglo XIV, cerca de la ciudad de Alella. All\u00ed, la tradici\u00f3n coexiste con la \u00faltima tecnolog\u00eda enol\u00f3gica utilizada para producir peque\u00f1as cantidades de vinos org\u00e1nicos de calidad con gran personalidad. Las <strong>uvas se recogen a mano en los vi\u00f1edos<\/strong>, se realiza un prensado suave y solo se utiliza el jugo de libre funcionamiento, y la fermentaci\u00f3n (tanto en cubas como en barriles) se controla a temperatura para garantizar que la vinificaci\u00f3n se maneje bien.<\/p>\n<p>Resumiendo, esta experiencia le dar\u00e1 la oportunidad de &#8230;<\/p>\n<p>&nbsp;<\/p>\n<p><i class=\"fa fa-check icon-tick icon-tick--on\"><\/i><strong>Descubrir\u00a0<\/strong>c\u00f3mo se hacen los vinos de Alella<\/p>\n<p><i class=\"fa fa-check icon-tick icon-tick--on\"><\/i><strong>Visitar<\/strong> la bodega y la granja del siglo XIV<\/p>\n<p><i class=\"fa fa-check icon-tick icon-tick--on\"><\/i>Visitar los vi\u00f1edos, la planta de producci\u00f3n y la sala de barriles<\/p>\n<p><i class=\"fa fa-check icon-tick icon-tick--on\"><\/i>Disfrutar de un buen desayuno<\/p>\n<p><i class=\"fa fa-check icon-tick icon-tick--on\"><\/i>Cata 5 vinos org\u00e1nicos diferentes<\/p>\n<p><i class=\"fa fa-check icon-tick icon-tick--on\"><\/i>Disfruta de <strong>excelentes vistas de Barcelona y la costa<\/strong><\/p>\n<p>&nbsp;<\/p>\n<p>&nbsp;<\/p>\n","protected":false},"excerpt":{"rendered":"<p><strong>Tour Privado &#8211; Desayuno entre vi\u00f1edos con Cata de vinos ecol\u00f3gicos<\/strong><\/p>\n","protected":false},"featured_media":2332,"comment_status":"open","ping_status":"closed","template":"","meta":[],"product_brand":[],"product_cat":[157,342,175],"product_tag":[],"class_list":{"0":"post-2896","1":"product","2":"type-product","3":"status-publish","4":"has-post-thumbnail","6":"product_cat-experiencias-terrestres","7":"product_cat-private-tours-es","8":"product_cat-tours-enoturisticos-gastronomicos","9":"pa_tour-types-private-tours-tours-enoturisticos-gastronomicos","11":"first","12":"instock","13":"shipping-taxable","14":"purchasable","15":"product-type-tour_phys"},"yoast_head":"<!-- This site is optimized with the Yoast SEO plugin v26.1.1 - https:\/\/yoast.com\/wordpress\/plugins\/seo\/ -->\n<title>Desayuno entre Vi\u00f1edos con Cata de Vinos \/ Barcelona Discovery<\/title>\n<meta name=\"description\" content=\"\u00bfAlguna vez has imaginado tener desayunar en el coraz\u00f3n de unos hermosos vi\u00f1edos? Le ofrecemos la oportunidad de tomar un excelente desayuno en los vi\u00f1edos de Alella.\" \/>\n<meta name=\"robots\" content=\"index, follow, max-snippet:-1, max-image-preview:large, max-video-preview:-1\" \/>\n<link rel=\"canonical\" href=\"https:\/\/barcelona-discovery.com\/es\/producto\/tour-con-cata-de-vinos-y-desayuno\/\" \/>\n<meta property=\"og:locale\" content=\"es_ES\" \/>\n<meta property=\"og:type\" content=\"article\" \/>\n<meta property=\"og:title\" content=\"Desayuno entre Vi\u00f1edos con Cata de Vinos \/ Barcelona Discovery\" \/>\n<meta property=\"og:description\" content=\"\u00bfAlguna vez has imaginado tener desayunar en el coraz\u00f3n de unos hermosos vi\u00f1edos? Le ofrecemos la oportunidad de tomar un excelente desayuno en los vi\u00f1edos de Alella.\" \/>\n<meta property=\"og:url\" content=\"https:\/\/barcelona-discovery.com\/es\/producto\/tour-con-cata-de-vinos-y-desayuno\/\" \/>\n<meta property=\"og:site_name\" content=\"Barcelona Discovery\" \/>\n<meta property=\"article:publisher\" content=\"https:\/\/www.facebook.com\/BarcelonaDiscovery\/\" \/>\n<meta property=\"article:modified_time\" content=\"2024-06-06T10:13:49+00:00\" \/>\n<meta property=\"og:image\" content=\"https:\/\/barcelona-discovery.com\/wp-content\/uploads\/2018\/01\/esmorzar-1.jpg\" \/>\n\t<meta property=\"og:image:width\" content=\"1400\" \/>\n\t<meta property=\"og:image:height\" content=\"700\" \/>\n\t<meta property=\"og:image:type\" content=\"image\/jpeg\" \/>\n<meta name=\"twitter:card\" content=\"summary_large_image\" \/>\n<meta name=\"twitter:site\" content=\"@bcn_discovery\" \/>\n<meta name=\"twitter:label1\" content=\"Tiempo de lectura\" \/>\n\t<meta name=\"twitter:data1\" content=\"2 minutos\" \/>\n<script type=\"application\/ld+json\" class=\"yoast-schema-graph\">{\"@context\":\"https:\/\/schema.org\",\"@graph\":[{\"@type\":\"WebPage\",\"@id\":\"https:\/\/barcelona-discovery.com\/es\/producto\/tour-con-cata-de-vinos-y-desayuno\/\",\"url\":\"https:\/\/barcelona-discovery.com\/es\/producto\/tour-con-cata-de-vinos-y-desayuno\/\",\"name\":\"Desayuno entre Vi\u00f1edos con Cata de Vinos \/ Barcelona Discovery\",\"isPartOf\":{\"@id\":\"https:\/\/barcelona-discovery.com\/#website\"},\"primaryImageOfPage\":{\"@id\":\"https:\/\/barcelona-discovery.com\/es\/producto\/tour-con-cata-de-vinos-y-desayuno\/#primaryimage\"},\"image\":{\"@id\":\"https:\/\/barcelona-discovery.com\/es\/producto\/tour-con-cata-de-vinos-y-desayuno\/#primaryimage\"},\"thumbnailUrl\":\"https:\/\/barcelona-discovery.com\/wp-content\/uploads\/2018\/01\/esmorzar-1.jpg\",\"datePublished\":\"2018-04-27T10:45:48+00:00\",\"dateModified\":\"2024-06-06T10:13:49+00:00\",\"description\":\"\u00bfAlguna vez has imaginado tener desayunar en el coraz\u00f3n de unos hermosos vi\u00f1edos? Le ofrecemos la oportunidad de tomar un excelente desayuno en los vi\u00f1edos de Alella.\",\"breadcrumb\":{\"@id\":\"https:\/\/barcelona-discovery.com\/es\/producto\/tour-con-cata-de-vinos-y-desayuno\/#breadcrumb\"},\"inLanguage\":\"es\",\"potentialAction\":[{\"@type\":\"ReadAction\",\"target\":[\"https:\/\/barcelona-discovery.com\/es\/producto\/tour-con-cata-de-vinos-y-desayuno\/\"]}]},{\"@type\":\"ImageObject\",\"inLanguage\":\"es\",\"@id\":\"https:\/\/barcelona-discovery.com\/es\/producto\/tour-con-cata-de-vinos-y-desayuno\/#primaryimage\",\"url\":\"https:\/\/barcelona-discovery.com\/wp-content\/uploads\/2018\/01\/esmorzar-1.jpg\",\"contentUrl\":\"https:\/\/barcelona-discovery.com\/wp-content\/uploads\/2018\/01\/esmorzar-1.jpg\",\"width\":1400,\"height\":700,\"caption\":\"Barcelona Discovery Tours\"},{\"@type\":\"BreadcrumbList\",\"@id\":\"https:\/\/barcelona-discovery.com\/es\/producto\/tour-con-cata-de-vinos-y-desayuno\/#breadcrumb\",\"itemListElement\":[{\"@type\":\"ListItem\",\"position\":1,\"name\":\"Home\",\"item\":\"https:\/\/barcelona-discovery.com\/es\/\"},{\"@type\":\"ListItem\",\"position\":2,\"name\":\"Tours\",\"item\":\"https:\/\/barcelona-discovery.com\/tours\/\"},{\"@type\":\"ListItem\",\"position\":3,\"name\":\"Desayuno entre Vi\u00f1edos y Cata de vinos\"}]},{\"@type\":\"WebSite\",\"@id\":\"https:\/\/barcelona-discovery.com\/#website\",\"url\":\"https:\/\/barcelona-discovery.com\/\",\"name\":\"Barcelona Discovery\",\"description\":\"Private Tours around Barcelona\",\"publisher\":{\"@id\":\"https:\/\/barcelona-discovery.com\/#organization\"},\"potentialAction\":[{\"@type\":\"SearchAction\",\"target\":{\"@type\":\"EntryPoint\",\"urlTemplate\":\"https:\/\/barcelona-discovery.com\/?s={search_term_string}\"},\"query-input\":{\"@type\":\"PropertyValueSpecification\",\"valueRequired\":true,\"valueName\":\"search_term_string\"}}],\"inLanguage\":\"es\"},{\"@type\":\"Organization\",\"@id\":\"https:\/\/barcelona-discovery.com\/#organization\",\"name\":\"Barcelona Discovery\",\"url\":\"https:\/\/barcelona-discovery.com\/\",\"logo\":{\"@type\":\"ImageObject\",\"inLanguage\":\"es\",\"@id\":\"https:\/\/barcelona-discovery.com\/#\/schema\/logo\/image\/\",\"url\":\"https:\/\/barcelona-discovery.com\/wp-content\/uploads\/2024\/02\/logo-linkein.jpg\",\"contentUrl\":\"https:\/\/barcelona-discovery.com\/wp-content\/uploads\/2024\/02\/logo-linkein.jpg\",\"width\":300,\"height\":300,\"caption\":\"Barcelona Discovery\"},\"image\":{\"@id\":\"https:\/\/barcelona-discovery.com\/#\/schema\/logo\/image\/\"},\"sameAs\":[\"https:\/\/www.facebook.com\/BarcelonaDiscovery\/\",\"https:\/\/x.com\/bcn_discovery\",\"https:\/\/www.instagram.com\/barcelonadiscovery\/\",\"https:\/\/www.youtube.com\/channel\/UCwpragtLkdmFTHCzinFQG_g\"]}]}<\/script>\n<!-- \/ Yoast SEO plugin. -->","yoast_head_json":{"title":"Desayuno entre Vi\u00f1edos con Cata de Vinos \/ Barcelona Discovery","description":"\u00bfAlguna vez has imaginado tener desayunar en el coraz\u00f3n de unos hermosos vi\u00f1edos? Le ofrecemos la oportunidad de tomar un excelente desayuno en los vi\u00f1edos de Alella.","robots":{"index":"index","follow":"follow","max-snippet":"max-snippet:-1","max-image-preview":"max-image-preview:large","max-video-preview":"max-video-preview:-1"},"canonical":"https:\/\/barcelona-discovery.com\/es\/producto\/tour-con-cata-de-vinos-y-desayuno\/","og_locale":"es_ES","og_type":"article","og_title":"Desayuno entre Vi\u00f1edos con Cata de Vinos \/ Barcelona Discovery","og_description":"\u00bfAlguna vez has imaginado tener desayunar en el coraz\u00f3n de unos hermosos vi\u00f1edos? Le ofrecemos la oportunidad de tomar un excelente desayuno en los vi\u00f1edos de Alella.","og_url":"https:\/\/barcelona-discovery.com\/es\/producto\/tour-con-cata-de-vinos-y-desayuno\/","og_site_name":"Barcelona Discovery","article_publisher":"https:\/\/www.facebook.com\/BarcelonaDiscovery\/","article_modified_time":"2024-06-06T10:13:49+00:00","og_image":[{"width":1400,"height":700,"url":"https:\/\/barcelona-discovery.com\/wp-content\/uploads\/2018\/01\/esmorzar-1.jpg","type":"image\/jpeg"}],"twitter_card":"summary_large_image","twitter_site":"@bcn_discovery","twitter_misc":{"Tiempo de lectura":"2 minutos"},"schema":{"@context":"https:\/\/schema.org","@graph":[{"@type":"WebPage","@id":"https:\/\/barcelona-discovery.com\/es\/producto\/tour-con-cata-de-vinos-y-desayuno\/","url":"https:\/\/barcelona-discovery.com\/es\/producto\/tour-con-cata-de-vinos-y-desayuno\/","name":"Desayuno entre Vi\u00f1edos con Cata de Vinos \/ Barcelona Discovery","isPartOf":{"@id":"https:\/\/barcelona-discovery.com\/#website"},"primaryImageOfPage":{"@id":"https:\/\/barcelona-discovery.com\/es\/producto\/tour-con-cata-de-vinos-y-desayuno\/#primaryimage"},"image":{"@id":"https:\/\/barcelona-discovery.com\/es\/producto\/tour-con-cata-de-vinos-y-desayuno\/#primaryimage"},"thumbnailUrl":"https:\/\/barcelona-discovery.com\/wp-content\/uploads\/2018\/01\/esmorzar-1.jpg","datePublished":"2018-04-27T10:45:48+00:00","dateModified":"2024-06-06T10:13:49+00:00","description":"\u00bfAlguna vez has imaginado tener desayunar en el coraz\u00f3n de unos hermosos vi\u00f1edos? Le ofrecemos la oportunidad de tomar un excelente desayuno en los vi\u00f1edos de Alella.","breadcrumb":{"@id":"https:\/\/barcelona-discovery.com\/es\/producto\/tour-con-cata-de-vinos-y-desayuno\/#breadcrumb"},"inLanguage":"es","potentialAction":[{"@type":"ReadAction","target":["https:\/\/barcelona-discovery.com\/es\/producto\/tour-con-cata-de-vinos-y-desayuno\/"]}]},{"@type":"ImageObject","inLanguage":"es","@id":"https:\/\/barcelona-discovery.com\/es\/producto\/tour-con-cata-de-vinos-y-desayuno\/#primaryimage","url":"https:\/\/barcelona-discovery.com\/wp-content\/uploads\/2018\/01\/esmorzar-1.jpg","contentUrl":"https:\/\/barcelona-discovery.com\/wp-content\/uploads\/2018\/01\/esmorzar-1.jpg","width":1400,"height":700,"caption":"Barcelona Discovery Tours"},{"@type":"BreadcrumbList","@id":"https:\/\/barcelona-discovery.com\/es\/producto\/tour-con-cata-de-vinos-y-desayuno\/#breadcrumb","itemListElement":[{"@type":"ListItem","position":1,"name":"Home","item":"https:\/\/barcelona-discovery.com\/es\/"},{"@type":"ListItem","position":2,"name":"Tours","item":"https:\/\/barcelona-discovery.com\/tours\/"},{"@type":"ListItem","position":3,"name":"Desayuno entre Vi\u00f1edos y Cata de vinos"}]},{"@type":"WebSite","@id":"https:\/\/barcelona-discovery.com\/#website","url":"https:\/\/barcelona-discovery.com\/","name":"Barcelona Discovery","description":"Private Tours around Barcelona","publisher":{"@id":"https:\/\/barcelona-discovery.com\/#organization"},"potentialAction":[{"@type":"SearchAction","target":{"@type":"EntryPoint","urlTemplate":"https:\/\/barcelona-discovery.com\/?s={search_term_string}"},"query-input":{"@type":"PropertyValueSpecification","valueRequired":true,"valueName":"search_term_string"}}],"inLanguage":"es"},{"@type":"Organization","@id":"https:\/\/barcelona-discovery.com\/#organization","name":"Barcelona Discovery","url":"https:\/\/barcelona-discovery.com\/","logo":{"@type":"ImageObject","inLanguage":"es","@id":"https:\/\/barcelona-discovery.com\/#\/schema\/logo\/image\/","url":"https:\/\/barcelona-discovery.com\/wp-content\/uploads\/2024\/02\/logo-linkein.jpg","contentUrl":"https:\/\/barcelona-discovery.com\/wp-content\/uploads\/2024\/02\/logo-linkein.jpg","width":300,"height":300,"caption":"Barcelona Discovery"},"image":{"@id":"https:\/\/barcelona-discovery.com\/#\/schema\/logo\/image\/"},"sameAs":["https:\/\/www.facebook.com\/BarcelonaDiscovery\/","https:\/\/x.com\/bcn_discovery","https:\/\/www.instagram.com\/barcelonadiscovery\/","https:\/\/www.youtube.com\/channel\/UCwpragtLkdmFTHCzinFQG_g"]}]}},"_links":{"self":[{"href":"https:\/\/barcelona-discovery.com\/es\/wp-json\/wp\/v2\/product\/2896","targetHints":{"allow":["GET"]}}],"collection":[{"href":"https:\/\/barcelona-discovery.com\/es\/wp-json\/wp\/v2\/product"}],"about":[{"href":"https:\/\/barcelona-discovery.com\/es\/wp-json\/wp\/v2\/types\/product"}],"replies":[{"embeddable":true,"href":"https:\/\/barcelona-discovery.com\/es\/wp-json\/wp\/v2\/comments?post=2896"}],"wp:featuredmedia":[{"embeddable":true,"href":"https:\/\/barcelona-discovery.com\/es\/wp-json\/wp\/v2\/media\/2332"}],"wp:attachment":[{"href":"https:\/\/barcelona-discovery.com\/es\/wp-json\/wp\/v2\/media?parent=2896"}],"wp:term":[{"taxonomy":"product_brand","embeddable":true,"href":"https:\/\/barcelona-discovery.com\/es\/wp-json\/wp\/v2\/product_brand?post=2896"},{"taxonomy":"product_cat","embeddable":true,"href":"https:\/\/barcelona-discovery.com\/es\/wp-json\/wp\/v2\/product_cat?post=2896"},{"taxonomy":"product_tag","embeddable":true,"href":"https:\/\/barcelona-discovery.com\/es\/wp-json\/wp\/v2\/product_tag?post=2896"}],"curies":[{"name":"wp","href":"https:\/\/api.w.org\/{rel}","templated":true}]}}