{"id":3233,"date":"2018-06-12T12:18:38","date_gmt":"2018-06-12T11:18:38","guid":{"rendered":"https:\/\/barcelona-discovery.com\/?post_type=product&#038;p=3233"},"modified":"2024-06-06T10:46:40","modified_gmt":"2024-06-06T09:46:40","slug":"cata-de-vinos-en-alella","status":"publish","type":"product","link":"https:\/\/barcelona-discovery.com\/es\/tours\/cata-de-vinos-en-alella\/","title":{"rendered":"Cata de Vinos Ecol\u00f3gicos en Alella"},"content":{"rendered":"<p>&nbsp;<\/p>\n<p>\u00bfQuieres conocer <strong>la m\u00e1s joven de las bodegas de la DO Alella?<\/strong> Ven a descubrir esta peque\u00f1a bodega.<\/p>\n<p>Esta experiencia tambi\u00e9n incluye una<strong> visita a la bodega<\/strong> que le dar\u00e1 la oportunidad de visitar una t\u00edpica casa de campo catal\u00e1n y pasear por los vi\u00f1edos org\u00e1nicos en su entorno \u00fanico.<\/p>\n<p>Podr\u00e1 disfrutar de \u00a0una<strong> cata de vinos<\/strong> en el jard\u00edn de la casa de campo del siglo XIV, podra hacer la degustaci\u00f3n de 2 vinos o de 4, todos ecol\u00f3gicos.<\/p>\n<p>La bodega, rodeada de vi\u00f1edos, se encuentra dentro de una hermosa casa de campo del siglo XIV, cerca de la ciudad de Alella. All\u00ed, la tradici\u00f3n coexiste con la \u00faltima tecnolog\u00eda enol\u00f3gica utilizada para producir peque\u00f1as cantidades de vinos org\u00e1nicos de calidad con gran personalidad. Las <strong>uvas se recogen a mano en los vi\u00f1edos<\/strong>, se realiza un prensado suave y solo se utiliza el jugo de libre funcionamiento, y la fermentaci\u00f3n (tanto en cubas como en barriles) se controla a temperatura para garantizar que la vinificaci\u00f3n se maneje bien.<\/p>\n<p>Resumiendo, esta experiencia le dar\u00e1 la oportunidad de &#8230;<\/p>\n<p><i class=\"fa fa-check icon-tick icon-tick--on\"><\/i><strong>Descubrir\u00a0<\/strong>c\u00f3mo se hacen los vinos de Alella<\/p>\n<p><i class=\"fa fa-check icon-tick icon-tick--on\"><\/i><strong>Visitar<\/strong> la bodega y la granja del siglo XIV<\/p>\n<p><i class=\"fa fa-check icon-tick icon-tick--on\"><\/i>Visitar los vi\u00f1edos, la planta de producci\u00f3n y la sala de barriles<\/p>\n<p><i class=\"fa fa-check icon-tick icon-tick--on\"><\/i>Cata 2 o 4 vinos org\u00e1nicos diferentes<\/p>\n<p><i class=\"fa fa-check icon-tick icon-tick--on\"><\/i>Disfrutar de <strong>excelentes vistas de Barcelona y la costa<\/strong><\/p>\n<p>&nbsp;<\/p>\n<p>&nbsp;<\/p>\n","protected":false},"excerpt":{"rendered":"<p><strong>Cata de vinos\u00a0ec\u00f3logicos en el coraz\u00f3n de Alella<\/strong><\/p>\n","protected":false},"featured_media":1925,"comment_status":"open","ping_status":"closed","template":"","meta":[],"product_brand":[],"product_cat":[157,175],"product_tag":[],"class_list":{"0":"post-3233","1":"product","2":"type-product","3":"status-publish","4":"has-post-thumbnail","6":"product_cat-experiencias-terrestres","7":"product_cat-tours-enoturisticos-gastronomicos","8":"pa_tour-type-experiencias-terrestres","9":"pa_tour-types-land-experiences-experiencias-enoturisticas-gastronomicas","10":"tour_phys-regala-experiencias","12":"first","13":"instock","14":"shipping-taxable","15":"purchasable","16":"product-type-tour_phys"},"yoast_head":"<!-- This site is optimized with the Yoast SEO plugin v26.1.1 - https:\/\/yoast.com\/wordpress\/plugins\/seo\/ -->\n<title>Cata de vinos ecol\u00f3gicos en Alella \/ Barcelona Discovery<\/title>\n<meta name=\"description\" content=\"\u00bfQuieres conocer la m\u00e1s joven de las bodegas de la DO Alella? Ven a descubrir esta peque\u00f1a bodega. Podr\u00e1 disfrutar de \u00a0una cata de vinos en el jard\u00edn de la casa de campo del siglo XIV, podra hacer la degustaci\u00f3n de 2 vinos o de 4, todos ecol\u00f3gicos.Visitaran los vi\u00f1edos, la planta de producci\u00f3n y la sala de barriles.\" \/>\n<meta name=\"robots\" content=\"index, follow, max-snippet:-1, max-image-preview:large, max-video-preview:-1\" \/>\n<link rel=\"canonical\" href=\"https:\/\/barcelona-discovery.com\/es\/producto\/cata-de-vinos-en-alella\/\" \/>\n<meta property=\"og:locale\" content=\"es_ES\" \/>\n<meta property=\"og:type\" content=\"article\" \/>\n<meta property=\"og:title\" content=\"Cata de vinos ecol\u00f3gicos en Alella \/ Barcelona Discovery\" \/>\n<meta property=\"og:description\" content=\"\u00bfQuieres conocer la m\u00e1s joven de las bodegas de la DO Alella? Ven a descubrir esta peque\u00f1a bodega. Podr\u00e1 disfrutar de \u00a0una cata de vinos en el jard\u00edn de la casa de campo del siglo XIV, podra hacer la degustaci\u00f3n de 2 vinos o de 4, todos ecol\u00f3gicos.Visitaran los vi\u00f1edos, la planta de producci\u00f3n y la sala de barriles.\" \/>\n<meta property=\"og:url\" content=\"https:\/\/barcelona-discovery.com\/es\/producto\/cata-de-vinos-en-alella\/\" \/>\n<meta property=\"og:site_name\" content=\"Barcelona Discovery\" \/>\n<meta property=\"article:publisher\" content=\"https:\/\/www.facebook.com\/BarcelonaDiscovery\/\" \/>\n<meta property=\"article:modified_time\" content=\"2024-06-06T09:46:40+00:00\" \/>\n<meta property=\"og:image\" content=\"https:\/\/barcelona-discovery.com\/wp-content\/uploads\/2017\/07\/vistes-inyes.jpg\" \/>\n\t<meta property=\"og:image:width\" content=\"1400\" \/>\n\t<meta property=\"og:image:height\" content=\"700\" \/>\n\t<meta property=\"og:image:type\" content=\"image\/jpeg\" \/>\n<meta name=\"twitter:card\" content=\"summary_large_image\" \/>\n<meta name=\"twitter:site\" content=\"@bcn_discovery\" \/>\n<meta name=\"twitter:label1\" content=\"Tiempo de lectura\" \/>\n\t<meta name=\"twitter:data1\" content=\"2 minutos\" \/>\n<script type=\"application\/ld+json\" class=\"yoast-schema-graph\">{\"@context\":\"https:\/\/schema.org\",\"@graph\":[{\"@type\":\"WebPage\",\"@id\":\"https:\/\/barcelona-discovery.com\/es\/producto\/cata-de-vinos-en-alella\/\",\"url\":\"https:\/\/barcelona-discovery.com\/es\/producto\/cata-de-vinos-en-alella\/\",\"name\":\"Cata de vinos ecol\u00f3gicos en Alella \/ Barcelona Discovery\",\"isPartOf\":{\"@id\":\"https:\/\/barcelona-discovery.com\/#website\"},\"primaryImageOfPage\":{\"@id\":\"https:\/\/barcelona-discovery.com\/es\/producto\/cata-de-vinos-en-alella\/#primaryimage\"},\"image\":{\"@id\":\"https:\/\/barcelona-discovery.com\/es\/producto\/cata-de-vinos-en-alella\/#primaryimage\"},\"thumbnailUrl\":\"https:\/\/barcelona-discovery.com\/wp-content\/uploads\/2017\/07\/vistes-inyes.jpg\",\"datePublished\":\"2018-06-12T11:18:38+00:00\",\"dateModified\":\"2024-06-06T09:46:40+00:00\",\"description\":\"\u00bfQuieres conocer la m\u00e1s joven de las bodegas de la DO Alella? Ven a descubrir esta peque\u00f1a bodega. Podr\u00e1 disfrutar de \u00a0una cata de vinos en el jard\u00edn de la casa de campo del siglo XIV, podra hacer la degustaci\u00f3n de 2 vinos o de 4, todos ecol\u00f3gicos.Visitaran los vi\u00f1edos, la planta de producci\u00f3n y la sala de barriles.\",\"breadcrumb\":{\"@id\":\"https:\/\/barcelona-discovery.com\/es\/producto\/cata-de-vinos-en-alella\/#breadcrumb\"},\"inLanguage\":\"es\",\"potentialAction\":[{\"@type\":\"ReadAction\",\"target\":[\"https:\/\/barcelona-discovery.com\/es\/producto\/cata-de-vinos-en-alella\/\"]}]},{\"@type\":\"ImageObject\",\"inLanguage\":\"es\",\"@id\":\"https:\/\/barcelona-discovery.com\/es\/producto\/cata-de-vinos-en-alella\/#primaryimage\",\"url\":\"https:\/\/barcelona-discovery.com\/wp-content\/uploads\/2017\/07\/vistes-inyes.jpg\",\"contentUrl\":\"https:\/\/barcelona-discovery.com\/wp-content\/uploads\/2017\/07\/vistes-inyes.jpg\",\"width\":1400,\"height\":700,\"caption\":\"Visita a los Vi\u00f1edos\"},{\"@type\":\"BreadcrumbList\",\"@id\":\"https:\/\/barcelona-discovery.com\/es\/producto\/cata-de-vinos-en-alella\/#breadcrumb\",\"itemListElement\":[{\"@type\":\"ListItem\",\"position\":1,\"name\":\"Home\",\"item\":\"https:\/\/barcelona-discovery.com\/es\/\"},{\"@type\":\"ListItem\",\"position\":2,\"name\":\"Tours\",\"item\":\"https:\/\/barcelona-discovery.com\/tours\/\"},{\"@type\":\"ListItem\",\"position\":3,\"name\":\"Cata de Vinos Ecol\u00f3gicos en Alella\"}]},{\"@type\":\"WebSite\",\"@id\":\"https:\/\/barcelona-discovery.com\/#website\",\"url\":\"https:\/\/barcelona-discovery.com\/\",\"name\":\"Barcelona Discovery\",\"description\":\"Private Tours around Barcelona\",\"publisher\":{\"@id\":\"https:\/\/barcelona-discovery.com\/#organization\"},\"potentialAction\":[{\"@type\":\"SearchAction\",\"target\":{\"@type\":\"EntryPoint\",\"urlTemplate\":\"https:\/\/barcelona-discovery.com\/?s={search_term_string}\"},\"query-input\":{\"@type\":\"PropertyValueSpecification\",\"valueRequired\":true,\"valueName\":\"search_term_string\"}}],\"inLanguage\":\"es\"},{\"@type\":\"Organization\",\"@id\":\"https:\/\/barcelona-discovery.com\/#organization\",\"name\":\"Barcelona Discovery\",\"url\":\"https:\/\/barcelona-discovery.com\/\",\"logo\":{\"@type\":\"ImageObject\",\"inLanguage\":\"es\",\"@id\":\"https:\/\/barcelona-discovery.com\/#\/schema\/logo\/image\/\",\"url\":\"https:\/\/barcelona-discovery.com\/wp-content\/uploads\/2024\/02\/logo-linkein.jpg\",\"contentUrl\":\"https:\/\/barcelona-discovery.com\/wp-content\/uploads\/2024\/02\/logo-linkein.jpg\",\"width\":300,\"height\":300,\"caption\":\"Barcelona Discovery\"},\"image\":{\"@id\":\"https:\/\/barcelona-discovery.com\/#\/schema\/logo\/image\/\"},\"sameAs\":[\"https:\/\/www.facebook.com\/BarcelonaDiscovery\/\",\"https:\/\/x.com\/bcn_discovery\",\"https:\/\/www.instagram.com\/barcelonadiscovery\/\",\"https:\/\/www.youtube.com\/channel\/UCwpragtLkdmFTHCzinFQG_g\"]}]}<\/script>\n<!-- \/ Yoast SEO plugin. -->","yoast_head_json":{"title":"Cata de vinos ecol\u00f3gicos en Alella \/ Barcelona Discovery","description":"\u00bfQuieres conocer la m\u00e1s joven de las bodegas de la DO Alella? Ven a descubrir esta peque\u00f1a bodega. Podr\u00e1 disfrutar de \u00a0una cata de vinos en el jard\u00edn de la casa de campo del siglo XIV, podra hacer la degustaci\u00f3n de 2 vinos o de 4, todos ecol\u00f3gicos.Visitaran los vi\u00f1edos, la planta de producci\u00f3n y la sala de barriles.","robots":{"index":"index","follow":"follow","max-snippet":"max-snippet:-1","max-image-preview":"max-image-preview:large","max-video-preview":"max-video-preview:-1"},"canonical":"https:\/\/barcelona-discovery.com\/es\/producto\/cata-de-vinos-en-alella\/","og_locale":"es_ES","og_type":"article","og_title":"Cata de vinos ecol\u00f3gicos en Alella \/ Barcelona Discovery","og_description":"\u00bfQuieres conocer la m\u00e1s joven de las bodegas de la DO Alella? Ven a descubrir esta peque\u00f1a bodega. Podr\u00e1 disfrutar de \u00a0una cata de vinos en el jard\u00edn de la casa de campo del siglo XIV, podra hacer la degustaci\u00f3n de 2 vinos o de 4, todos ecol\u00f3gicos.Visitaran los vi\u00f1edos, la planta de producci\u00f3n y la sala de barriles.","og_url":"https:\/\/barcelona-discovery.com\/es\/producto\/cata-de-vinos-en-alella\/","og_site_name":"Barcelona Discovery","article_publisher":"https:\/\/www.facebook.com\/BarcelonaDiscovery\/","article_modified_time":"2024-06-06T09:46:40+00:00","og_image":[{"width":1400,"height":700,"url":"https:\/\/barcelona-discovery.com\/wp-content\/uploads\/2017\/07\/vistes-inyes.jpg","type":"image\/jpeg"}],"twitter_card":"summary_large_image","twitter_site":"@bcn_discovery","twitter_misc":{"Tiempo de lectura":"2 minutos"},"schema":{"@context":"https:\/\/schema.org","@graph":[{"@type":"WebPage","@id":"https:\/\/barcelona-discovery.com\/es\/producto\/cata-de-vinos-en-alella\/","url":"https:\/\/barcelona-discovery.com\/es\/producto\/cata-de-vinos-en-alella\/","name":"Cata de vinos ecol\u00f3gicos en Alella \/ Barcelona Discovery","isPartOf":{"@id":"https:\/\/barcelona-discovery.com\/#website"},"primaryImageOfPage":{"@id":"https:\/\/barcelona-discovery.com\/es\/producto\/cata-de-vinos-en-alella\/#primaryimage"},"image":{"@id":"https:\/\/barcelona-discovery.com\/es\/producto\/cata-de-vinos-en-alella\/#primaryimage"},"thumbnailUrl":"https:\/\/barcelona-discovery.com\/wp-content\/uploads\/2017\/07\/vistes-inyes.jpg","datePublished":"2018-06-12T11:18:38+00:00","dateModified":"2024-06-06T09:46:40+00:00","description":"\u00bfQuieres conocer la m\u00e1s joven de las bodegas de la DO Alella? Ven a descubrir esta peque\u00f1a bodega. Podr\u00e1 disfrutar de \u00a0una cata de vinos en el jard\u00edn de la casa de campo del siglo XIV, podra hacer la degustaci\u00f3n de 2 vinos o de 4, todos ecol\u00f3gicos.Visitaran los vi\u00f1edos, la planta de producci\u00f3n y la sala de barriles.","breadcrumb":{"@id":"https:\/\/barcelona-discovery.com\/es\/producto\/cata-de-vinos-en-alella\/#breadcrumb"},"inLanguage":"es","potentialAction":[{"@type":"ReadAction","target":["https:\/\/barcelona-discovery.com\/es\/producto\/cata-de-vinos-en-alella\/"]}]},{"@type":"ImageObject","inLanguage":"es","@id":"https:\/\/barcelona-discovery.com\/es\/producto\/cata-de-vinos-en-alella\/#primaryimage","url":"https:\/\/barcelona-discovery.com\/wp-content\/uploads\/2017\/07\/vistes-inyes.jpg","contentUrl":"https:\/\/barcelona-discovery.com\/wp-content\/uploads\/2017\/07\/vistes-inyes.jpg","width":1400,"height":700,"caption":"Visita a los Vi\u00f1edos"},{"@type":"BreadcrumbList","@id":"https:\/\/barcelona-discovery.com\/es\/producto\/cata-de-vinos-en-alella\/#breadcrumb","itemListElement":[{"@type":"ListItem","position":1,"name":"Home","item":"https:\/\/barcelona-discovery.com\/es\/"},{"@type":"ListItem","position":2,"name":"Tours","item":"https:\/\/barcelona-discovery.com\/tours\/"},{"@type":"ListItem","position":3,"name":"Cata de Vinos Ecol\u00f3gicos en Alella"}]},{"@type":"WebSite","@id":"https:\/\/barcelona-discovery.com\/#website","url":"https:\/\/barcelona-discovery.com\/","name":"Barcelona Discovery","description":"Private Tours around Barcelona","publisher":{"@id":"https:\/\/barcelona-discovery.com\/#organization"},"potentialAction":[{"@type":"SearchAction","target":{"@type":"EntryPoint","urlTemplate":"https:\/\/barcelona-discovery.com\/?s={search_term_string}"},"query-input":{"@type":"PropertyValueSpecification","valueRequired":true,"valueName":"search_term_string"}}],"inLanguage":"es"},{"@type":"Organization","@id":"https:\/\/barcelona-discovery.com\/#organization","name":"Barcelona Discovery","url":"https:\/\/barcelona-discovery.com\/","logo":{"@type":"ImageObject","inLanguage":"es","@id":"https:\/\/barcelona-discovery.com\/#\/schema\/logo\/image\/","url":"https:\/\/barcelona-discovery.com\/wp-content\/uploads\/2024\/02\/logo-linkein.jpg","contentUrl":"https:\/\/barcelona-discovery.com\/wp-content\/uploads\/2024\/02\/logo-linkein.jpg","width":300,"height":300,"caption":"Barcelona Discovery"},"image":{"@id":"https:\/\/barcelona-discovery.com\/#\/schema\/logo\/image\/"},"sameAs":["https:\/\/www.facebook.com\/BarcelonaDiscovery\/","https:\/\/x.com\/bcn_discovery","https:\/\/www.instagram.com\/barcelonadiscovery\/","https:\/\/www.youtube.com\/channel\/UCwpragtLkdmFTHCzinFQG_g"]}]}},"_links":{"self":[{"href":"https:\/\/barcelona-discovery.com\/es\/wp-json\/wp\/v2\/product\/3233","targetHints":{"allow":["GET"]}}],"collection":[{"href":"https:\/\/barcelona-discovery.com\/es\/wp-json\/wp\/v2\/product"}],"about":[{"href":"https:\/\/barcelona-discovery.com\/es\/wp-json\/wp\/v2\/types\/product"}],"replies":[{"embeddable":true,"href":"https:\/\/barcelona-discovery.com\/es\/wp-json\/wp\/v2\/comments?post=3233"}],"wp:featuredmedia":[{"embeddable":true,"href":"https:\/\/barcelona-discovery.com\/es\/wp-json\/wp\/v2\/media\/1925"}],"wp:attachment":[{"href":"https:\/\/barcelona-discovery.com\/es\/wp-json\/wp\/v2\/media?parent=3233"}],"wp:term":[{"taxonomy":"product_brand","embeddable":true,"href":"https:\/\/barcelona-discovery.com\/es\/wp-json\/wp\/v2\/product_brand?post=3233"},{"taxonomy":"product_cat","embeddable":true,"href":"https:\/\/barcelona-discovery.com\/es\/wp-json\/wp\/v2\/product_cat?post=3233"},{"taxonomy":"product_tag","embeddable":true,"href":"https:\/\/barcelona-discovery.com\/es\/wp-json\/wp\/v2\/product_tag?post=3233"}],"curies":[{"name":"wp","href":"https:\/\/api.w.org\/{rel}","templated":true}]}}