{"id":3396,"date":"2018-09-12T12:12:18","date_gmt":"2018-09-12T11:12:18","guid":{"rendered":"https:\/\/barcelona-discovery.com\/?post_type=product&#038;p=3396"},"modified":"2024-08-21T11:51:56","modified_gmt":"2024-08-21T10:51:56","slug":"tour-privado-por-la-barcelona-de-picasso","status":"publish","type":"product","link":"https:\/\/barcelona-discovery.com\/es\/tours\/tour-privado-por-la-barcelona-de-picasso\/","title":{"rendered":"Tour Privado por la Barcelona de Picasso"},"content":{"rendered":"<p><!-- Aseg\u00farate de incluir tu archivo CSS aqu\u00ed --><\/p>\n<header>\n<h1>Descubre la Rica Historia de Barcelona en Nuestro Tour Privado a Pie<\/h1>\n<p>Explora los Encantos del Barrio G\u00f3tico con Perspectivas Exclusivas<\/p>\n<\/header>\n<section id=\"introduction\">Emprende un cautivador <strong>tour privado por el Barrio G\u00f3tico de Barcelona<\/strong>, adentr\u00e1ndote en sus antiguas y estrechas calles con nosotros. Aunque muchos se refieren a esta zona como el Barrio G\u00f3tico, nuestro tour ofrece una perspectiva \u00fanica sobre su historia, arquitectura y arte, revelando por qu\u00e9 tenemos nuestro nombre preferido para esta \u00e1rea.<\/p>\n<\/section>\n<section id=\"tour-details\">\n<h2>Itinerario Sugerido para el Tour Privado<\/h2>\n<ul>\n<li><strong>Las Ramblas:<\/strong> Explora la ic\u00f3nica avenida de la ciudad, con una parada esencial en el mercado de la Boqueria, con casi 200 a\u00f1os de historia.<\/li>\n<li><strong>Acueducto y Murallas Romanas:<\/strong> Descubre las piedras fundacionales de la historia de Barcelona.<\/li>\n<li><strong>Catedral:<\/strong> Visita la \u00fanica Catedral de Barcelona, un testimonio del rico patrimonio de la ciudad.<\/li>\n<li><strong>Herencia Jud\u00eda:<\/strong> Descubre los vestigios de una era pasada en el bien conservado Barrio Jud\u00edo.<\/li>\n<li><strong>Pla\u00e7a del Rei:<\/strong> Explora un Palacio Medieval y su Sala del Trono en esta plaza hist\u00f3rica.<\/li>\n<li><strong>Born:<\/strong> Sum\u00e9rgete en el coraz\u00f3n medieval de la industria.<\/li>\n<li><strong>Museo Picasso:<\/strong> Admira las primeras obras de Picasso y comprende su crecimiento en el ic\u00f3nico museo.<\/li>\n<\/ul>\n<p>Adem\u00e1s de estos puntos destacados, nuestro tour privado promete encuentros con iglesias, aut\u00e9nticas tiendas centenarias y otros tesoros ocultos en el camino. Sum\u00e9rgete en el encanto aut\u00e9ntico del Barrio G\u00f3tico de Barcelona con nuestras perspectivas exclusivas.<\/p>\n<\/section>\n<section id=\"call-to-action\">\n<h2>Reserva Tu Tour Privado Hoy Mismo<\/h2>\n<\/section>\n<p>&nbsp;<\/p>\n","protected":false},"excerpt":{"rendered":"<p><strong>Tour privado a pie por Barcelona: descubra todo sobre Picasso.<\/strong><\/p>\n","protected":false},"featured_media":1974,"comment_status":"open","ping_status":"closed","template":"","meta":[],"product_brand":[],"product_cat":[157,342,156,178],"product_tag":[],"class_list":{"0":"post-3396","1":"product","2":"type-product","3":"status-publish","4":"has-post-thumbnail","6":"product_cat-experiencias-terrestres","7":"product_cat-private-tours-es","8":"product_cat-tours-culturales","9":"product_cat-tours-por-barcelona","10":"pa_tour-type-experiencias-terrestres","11":"pa_tour-types-land-experiences-tours-barcelona","12":"pa_tour-types-private-tours-tours-privados-por-barcelona","14":"first","15":"instock","16":"shipping-taxable","17":"purchasable","18":"product-type-tour_phys"},"yoast_head":"<!-- This site is optimized with the Yoast SEO plugin v26.1.1 - https:\/\/yoast.com\/wordpress\/plugins\/seo\/ -->\n<title>PRIVATE MODERNIST &amp; MEDIEVAL WALKING TOUR - BARCELONA CITY TOUR<\/title>\n<meta name=\"description\" content=\"Tour privado a pie por Barcelona: descubra todo sobre Picasso. Explore el barrio g\u00f3tico de Barcelona de la mano de una guia oficial. Reserve su tour !!\" \/>\n<meta name=\"robots\" content=\"index, follow, max-snippet:-1, max-image-preview:large, max-video-preview:-1\" \/>\n<link rel=\"canonical\" href=\"https:\/\/barcelona-discovery.com\/es\/producto\/tour-privado-por-la-barcelona-de-picasso\/\" \/>\n<meta property=\"og:locale\" content=\"es_ES\" \/>\n<meta property=\"og:type\" content=\"article\" \/>\n<meta property=\"og:title\" content=\"PRIVATE MODERNIST &amp; MEDIEVAL WALKING TOUR - BARCELONA CITY TOUR\" \/>\n<meta property=\"og:description\" content=\"Tour privado a pie por Barcelona: descubra todo sobre Picasso. Explore el barrio g\u00f3tico de Barcelona de la mano de una guia oficial. Reserve su tour !!\" \/>\n<meta property=\"og:url\" content=\"https:\/\/barcelona-discovery.com\/es\/producto\/tour-privado-por-la-barcelona-de-picasso\/\" \/>\n<meta property=\"og:site_name\" content=\"Barcelona Discovery\" \/>\n<meta property=\"article:publisher\" content=\"https:\/\/www.facebook.com\/BarcelonaDiscovery\/\" \/>\n<meta property=\"article:modified_time\" content=\"2024-08-21T10:51:56+00:00\" \/>\n<meta property=\"og:image\" content=\"https:\/\/barcelona-discovery.com\/wp-content\/uploads\/2017\/08\/pla\u00e7a-nova.jpg\" \/>\n\t<meta property=\"og:image:width\" content=\"1400\" \/>\n\t<meta property=\"og:image:height\" content=\"700\" \/>\n\t<meta property=\"og:image:type\" content=\"image\/jpeg\" \/>\n<meta name=\"twitter:card\" content=\"summary_large_image\" \/>\n<meta name=\"twitter:site\" content=\"@bcn_discovery\" \/>\n<meta name=\"twitter:label1\" content=\"Tiempo de lectura\" \/>\n\t<meta name=\"twitter:data1\" content=\"2 minutos\" \/>\n<script type=\"application\/ld+json\" class=\"yoast-schema-graph\">{\"@context\":\"https:\/\/schema.org\",\"@graph\":[{\"@type\":\"WebPage\",\"@id\":\"https:\/\/barcelona-discovery.com\/es\/producto\/tour-privado-por-la-barcelona-de-picasso\/\",\"url\":\"https:\/\/barcelona-discovery.com\/es\/producto\/tour-privado-por-la-barcelona-de-picasso\/\",\"name\":\"PRIVATE MODERNIST & MEDIEVAL WALKING TOUR - BARCELONA CITY TOUR\",\"isPartOf\":{\"@id\":\"https:\/\/barcelona-discovery.com\/#website\"},\"primaryImageOfPage\":{\"@id\":\"https:\/\/barcelona-discovery.com\/es\/producto\/tour-privado-por-la-barcelona-de-picasso\/#primaryimage\"},\"image\":{\"@id\":\"https:\/\/barcelona-discovery.com\/es\/producto\/tour-privado-por-la-barcelona-de-picasso\/#primaryimage\"},\"thumbnailUrl\":\"https:\/\/barcelona-discovery.com\/wp-content\/uploads\/2017\/08\/pla\u00e7a-nova.jpg\",\"datePublished\":\"2018-09-12T11:12:18+00:00\",\"dateModified\":\"2024-08-21T10:51:56+00:00\",\"description\":\"Tour privado a pie por Barcelona: descubra todo sobre Picasso. Explore el barrio g\u00f3tico de Barcelona de la mano de una guia oficial. Reserve su tour !!\",\"breadcrumb\":{\"@id\":\"https:\/\/barcelona-discovery.com\/es\/producto\/tour-privado-por-la-barcelona-de-picasso\/#breadcrumb\"},\"inLanguage\":\"es\",\"potentialAction\":[{\"@type\":\"ReadAction\",\"target\":[\"https:\/\/barcelona-discovery.com\/es\/producto\/tour-privado-por-la-barcelona-de-picasso\/\"]}]},{\"@type\":\"ImageObject\",\"inLanguage\":\"es\",\"@id\":\"https:\/\/barcelona-discovery.com\/es\/producto\/tour-privado-por-la-barcelona-de-picasso\/#primaryimage\",\"url\":\"https:\/\/barcelona-discovery.com\/wp-content\/uploads\/2017\/08\/pla\u00e7a-nova.jpg\",\"contentUrl\":\"https:\/\/barcelona-discovery.com\/wp-content\/uploads\/2017\/08\/pla\u00e7a-nova.jpg\",\"width\":1400,\"height\":700,\"caption\":\"Barcelona Walking Tour\"},{\"@type\":\"BreadcrumbList\",\"@id\":\"https:\/\/barcelona-discovery.com\/es\/producto\/tour-privado-por-la-barcelona-de-picasso\/#breadcrumb\",\"itemListElement\":[{\"@type\":\"ListItem\",\"position\":1,\"name\":\"Home\",\"item\":\"https:\/\/barcelona-discovery.com\/es\/\"},{\"@type\":\"ListItem\",\"position\":2,\"name\":\"Tours\",\"item\":\"https:\/\/barcelona-discovery.com\/tours\/\"},{\"@type\":\"ListItem\",\"position\":3,\"name\":\"Tour Privado por la Barcelona de Picasso\"}]},{\"@type\":\"WebSite\",\"@id\":\"https:\/\/barcelona-discovery.com\/#website\",\"url\":\"https:\/\/barcelona-discovery.com\/\",\"name\":\"Barcelona Discovery\",\"description\":\"Private Tours around Barcelona\",\"publisher\":{\"@id\":\"https:\/\/barcelona-discovery.com\/#organization\"},\"potentialAction\":[{\"@type\":\"SearchAction\",\"target\":{\"@type\":\"EntryPoint\",\"urlTemplate\":\"https:\/\/barcelona-discovery.com\/?s={search_term_string}\"},\"query-input\":{\"@type\":\"PropertyValueSpecification\",\"valueRequired\":true,\"valueName\":\"search_term_string\"}}],\"inLanguage\":\"es\"},{\"@type\":\"Organization\",\"@id\":\"https:\/\/barcelona-discovery.com\/#organization\",\"name\":\"Barcelona Discovery\",\"url\":\"https:\/\/barcelona-discovery.com\/\",\"logo\":{\"@type\":\"ImageObject\",\"inLanguage\":\"es\",\"@id\":\"https:\/\/barcelona-discovery.com\/#\/schema\/logo\/image\/\",\"url\":\"https:\/\/barcelona-discovery.com\/wp-content\/uploads\/2024\/02\/logo-linkein.jpg\",\"contentUrl\":\"https:\/\/barcelona-discovery.com\/wp-content\/uploads\/2024\/02\/logo-linkein.jpg\",\"width\":300,\"height\":300,\"caption\":\"Barcelona Discovery\"},\"image\":{\"@id\":\"https:\/\/barcelona-discovery.com\/#\/schema\/logo\/image\/\"},\"sameAs\":[\"https:\/\/www.facebook.com\/BarcelonaDiscovery\/\",\"https:\/\/x.com\/bcn_discovery\",\"https:\/\/www.instagram.com\/barcelonadiscovery\/\",\"https:\/\/www.youtube.com\/channel\/UCwpragtLkdmFTHCzinFQG_g\"]}]}<\/script>\n<!-- \/ Yoast SEO plugin. -->","yoast_head_json":{"title":"PRIVATE MODERNIST & MEDIEVAL WALKING TOUR - BARCELONA CITY TOUR","description":"Tour privado a pie por Barcelona: descubra todo sobre Picasso. Explore el barrio g\u00f3tico de Barcelona de la mano de una guia oficial. Reserve su tour !!","robots":{"index":"index","follow":"follow","max-snippet":"max-snippet:-1","max-image-preview":"max-image-preview:large","max-video-preview":"max-video-preview:-1"},"canonical":"https:\/\/barcelona-discovery.com\/es\/producto\/tour-privado-por-la-barcelona-de-picasso\/","og_locale":"es_ES","og_type":"article","og_title":"PRIVATE MODERNIST & MEDIEVAL WALKING TOUR - BARCELONA CITY TOUR","og_description":"Tour privado a pie por Barcelona: descubra todo sobre Picasso. Explore el barrio g\u00f3tico de Barcelona de la mano de una guia oficial. Reserve su tour !!","og_url":"https:\/\/barcelona-discovery.com\/es\/producto\/tour-privado-por-la-barcelona-de-picasso\/","og_site_name":"Barcelona Discovery","article_publisher":"https:\/\/www.facebook.com\/BarcelonaDiscovery\/","article_modified_time":"2024-08-21T10:51:56+00:00","og_image":[{"width":1400,"height":700,"url":"https:\/\/barcelona-discovery.com\/wp-content\/uploads\/2017\/08\/pla\u00e7a-nova.jpg","type":"image\/jpeg"}],"twitter_card":"summary_large_image","twitter_site":"@bcn_discovery","twitter_misc":{"Tiempo de lectura":"2 minutos"},"schema":{"@context":"https:\/\/schema.org","@graph":[{"@type":"WebPage","@id":"https:\/\/barcelona-discovery.com\/es\/producto\/tour-privado-por-la-barcelona-de-picasso\/","url":"https:\/\/barcelona-discovery.com\/es\/producto\/tour-privado-por-la-barcelona-de-picasso\/","name":"PRIVATE MODERNIST & MEDIEVAL WALKING TOUR - BARCELONA CITY TOUR","isPartOf":{"@id":"https:\/\/barcelona-discovery.com\/#website"},"primaryImageOfPage":{"@id":"https:\/\/barcelona-discovery.com\/es\/producto\/tour-privado-por-la-barcelona-de-picasso\/#primaryimage"},"image":{"@id":"https:\/\/barcelona-discovery.com\/es\/producto\/tour-privado-por-la-barcelona-de-picasso\/#primaryimage"},"thumbnailUrl":"https:\/\/barcelona-discovery.com\/wp-content\/uploads\/2017\/08\/pla\u00e7a-nova.jpg","datePublished":"2018-09-12T11:12:18+00:00","dateModified":"2024-08-21T10:51:56+00:00","description":"Tour privado a pie por Barcelona: descubra todo sobre Picasso. Explore el barrio g\u00f3tico de Barcelona de la mano de una guia oficial. Reserve su tour !!","breadcrumb":{"@id":"https:\/\/barcelona-discovery.com\/es\/producto\/tour-privado-por-la-barcelona-de-picasso\/#breadcrumb"},"inLanguage":"es","potentialAction":[{"@type":"ReadAction","target":["https:\/\/barcelona-discovery.com\/es\/producto\/tour-privado-por-la-barcelona-de-picasso\/"]}]},{"@type":"ImageObject","inLanguage":"es","@id":"https:\/\/barcelona-discovery.com\/es\/producto\/tour-privado-por-la-barcelona-de-picasso\/#primaryimage","url":"https:\/\/barcelona-discovery.com\/wp-content\/uploads\/2017\/08\/pla\u00e7a-nova.jpg","contentUrl":"https:\/\/barcelona-discovery.com\/wp-content\/uploads\/2017\/08\/pla\u00e7a-nova.jpg","width":1400,"height":700,"caption":"Barcelona Walking Tour"},{"@type":"BreadcrumbList","@id":"https:\/\/barcelona-discovery.com\/es\/producto\/tour-privado-por-la-barcelona-de-picasso\/#breadcrumb","itemListElement":[{"@type":"ListItem","position":1,"name":"Home","item":"https:\/\/barcelona-discovery.com\/es\/"},{"@type":"ListItem","position":2,"name":"Tours","item":"https:\/\/barcelona-discovery.com\/tours\/"},{"@type":"ListItem","position":3,"name":"Tour Privado por la Barcelona de Picasso"}]},{"@type":"WebSite","@id":"https:\/\/barcelona-discovery.com\/#website","url":"https:\/\/barcelona-discovery.com\/","name":"Barcelona Discovery","description":"Private Tours around Barcelona","publisher":{"@id":"https:\/\/barcelona-discovery.com\/#organization"},"potentialAction":[{"@type":"SearchAction","target":{"@type":"EntryPoint","urlTemplate":"https:\/\/barcelona-discovery.com\/?s={search_term_string}"},"query-input":{"@type":"PropertyValueSpecification","valueRequired":true,"valueName":"search_term_string"}}],"inLanguage":"es"},{"@type":"Organization","@id":"https:\/\/barcelona-discovery.com\/#organization","name":"Barcelona Discovery","url":"https:\/\/barcelona-discovery.com\/","logo":{"@type":"ImageObject","inLanguage":"es","@id":"https:\/\/barcelona-discovery.com\/#\/schema\/logo\/image\/","url":"https:\/\/barcelona-discovery.com\/wp-content\/uploads\/2024\/02\/logo-linkein.jpg","contentUrl":"https:\/\/barcelona-discovery.com\/wp-content\/uploads\/2024\/02\/logo-linkein.jpg","width":300,"height":300,"caption":"Barcelona Discovery"},"image":{"@id":"https:\/\/barcelona-discovery.com\/#\/schema\/logo\/image\/"},"sameAs":["https:\/\/www.facebook.com\/BarcelonaDiscovery\/","https:\/\/x.com\/bcn_discovery","https:\/\/www.instagram.com\/barcelonadiscovery\/","https:\/\/www.youtube.com\/channel\/UCwpragtLkdmFTHCzinFQG_g"]}]}},"_links":{"self":[{"href":"https:\/\/barcelona-discovery.com\/es\/wp-json\/wp\/v2\/product\/3396","targetHints":{"allow":["GET"]}}],"collection":[{"href":"https:\/\/barcelona-discovery.com\/es\/wp-json\/wp\/v2\/product"}],"about":[{"href":"https:\/\/barcelona-discovery.com\/es\/wp-json\/wp\/v2\/types\/product"}],"replies":[{"embeddable":true,"href":"https:\/\/barcelona-discovery.com\/es\/wp-json\/wp\/v2\/comments?post=3396"}],"wp:featuredmedia":[{"embeddable":true,"href":"https:\/\/barcelona-discovery.com\/es\/wp-json\/wp\/v2\/media\/1974"}],"wp:attachment":[{"href":"https:\/\/barcelona-discovery.com\/es\/wp-json\/wp\/v2\/media?parent=3396"}],"wp:term":[{"taxonomy":"product_brand","embeddable":true,"href":"https:\/\/barcelona-discovery.com\/es\/wp-json\/wp\/v2\/product_brand?post=3396"},{"taxonomy":"product_cat","embeddable":true,"href":"https:\/\/barcelona-discovery.com\/es\/wp-json\/wp\/v2\/product_cat?post=3396"},{"taxonomy":"product_tag","embeddable":true,"href":"https:\/\/barcelona-discovery.com\/es\/wp-json\/wp\/v2\/product_tag?post=3396"}],"curies":[{"name":"wp","href":"https:\/\/api.w.org\/{rel}","templated":true}]}}