{"id":3471,"date":"2018-10-01T10:33:23","date_gmt":"2018-10-01T09:33:24","guid":{"rendered":"https:\/\/barcelona-discovery.com\/?post_type=product&#038;p=3471"},"modified":"2024-06-06T11:43:14","modified_gmt":"2024-06-06T10:43:14","slug":"ruta-por-la-girona-cristiana","status":"publish","type":"product","link":"https:\/\/barcelona-discovery.com\/es\/tours\/ruta-por-la-girona-cristiana\/","title":{"rendered":"Ruta por la Girona Cristiana"},"content":{"rendered":"<p>&nbsp;<\/p>\n<p><span style=\"font-weight: 400;\">En esta<strong> ruta a la Girona Romana<\/strong>, pasearemos por las calles de la <strong>For\u00e7a Vella<\/strong>, recinto amurallado de Girona, coincidente con el emplazamiento de la poblaci\u00f3n romana. Lo romanos la levantaron en el siglo I aC como una poderosa fortaleza que recorr\u00eda un per\u00edmetro casi triangular, una especie de acr\u00f3polis. Caminaremos <strong>por las murallas y \u00a0las torres de la parte alta<\/strong> de la ciudad, observando la ciudad desde una perspectiva elevada.<\/span><\/p>\n<p><span style=\"font-weight: 400;\">Para finalizar visitaremos algunos de los edificios m\u00e1s emblem\u00e1ticos de la arquitectura medieval, como la <strong>Catedral de Girona,<\/strong> una de las obras g\u00f3ticas m\u00e1s reconocidas a nivel mundial, la iglesia de Sant Feliu, la m\u00e1s antigua de la ciudad, altura sobre un antiguo martyrium o iglesia paleocristiana en honor a san Feliu y declarada <strong>Bien Cultural de Inter\u00e9s Nacional.<\/strong><\/span><\/p>\n<p><span style=\"font-weight: 400;\"> Por \u00faltimo nos dirigimos hacia el <strong>Monasterio de San Pedro de Galligants<\/strong>, del que s\u00f3lo quedan visibles la iglesia y el claustro, es una de las m\u00e1s notables de rom\u00e1nico catal\u00e1n.<\/span><\/p>\n<p>Realizar\u00e9mos el siguiente itinerario<\/p>\n<p><span style=\"font-weight: 400;\">Summing up we will follow this Itinerary:<\/span><\/p>\n<p><strong>Pla\u00e7a Independ\u00e8ncia, For\u00e7a Vella,\u00a0 Torres y Murallas romanas, la Catedral de Girona, la Iglesia de\u00a0 Sant Feliu y el\u00a0 Monasterio\u00a0 San Pedro de Galligants.<\/strong><\/p>\n","protected":false},"excerpt":{"rendered":"<p><strong>\u00a0Descubre todos los rincones de Girona<\/strong><\/p>\n","protected":false},"featured_media":3474,"comment_status":"open","ping_status":"closed","template":"","meta":[],"product_brand":[],"product_cat":[157,342,156],"product_tag":[],"class_list":{"0":"post-3471","1":"product","2":"type-product","3":"status-publish","4":"has-post-thumbnail","6":"product_cat-experiencias-terrestres","7":"product_cat-private-tours-es","8":"product_cat-tours-culturales","9":"pa_tour-types-private-tours-tours-culturales","11":"first","12":"instock","13":"shipping-taxable","14":"purchasable","15":"product-type-tour_phys"},"yoast_head":"<!-- This site is optimized with the Yoast SEO plugin v26.1.1 - https:\/\/yoast.com\/wordpress\/plugins\/seo\/ -->\n<title>Tour privado por Girona -<\/title>\n<meta name=\"description\" content=\"Descubre los rincones de la Girona Romanica, en este tour privado, guiado por uno de nuestros guias oficiales. Reserva ahora!!\" \/>\n<meta name=\"robots\" content=\"index, follow, max-snippet:-1, max-image-preview:large, max-video-preview:-1\" \/>\n<link rel=\"canonical\" href=\"https:\/\/barcelona-discovery.com\/es\/producto\/ruta-por-la-girona-cristiana\/\" \/>\n<meta property=\"og:locale\" content=\"es_ES\" \/>\n<meta property=\"og:type\" content=\"article\" \/>\n<meta property=\"og:title\" content=\"Tour privado por Girona -\" \/>\n<meta property=\"og:description\" content=\"Descubre los rincones de la Girona Romanica, en este tour privado, guiado por uno de nuestros guias oficiales. Reserva ahora!!\" \/>\n<meta property=\"og:url\" content=\"https:\/\/barcelona-discovery.com\/es\/producto\/ruta-por-la-girona-cristiana\/\" \/>\n<meta property=\"og:site_name\" content=\"Barcelona Discovery\" \/>\n<meta property=\"article:publisher\" content=\"https:\/\/www.facebook.com\/BarcelonaDiscovery\/\" \/>\n<meta property=\"article:modified_time\" content=\"2024-06-06T10:43:14+00:00\" \/>\n<meta property=\"og:image\" content=\"https:\/\/barcelona-discovery.com\/wp-content\/uploads\/2018\/10\/gironaweb.jpg\" \/>\n\t<meta property=\"og:image:width\" content=\"1000\" \/>\n\t<meta property=\"og:image:height\" content=\"500\" \/>\n\t<meta property=\"og:image:type\" content=\"image\/jpeg\" \/>\n<meta name=\"twitter:card\" content=\"summary_large_image\" \/>\n<meta name=\"twitter:site\" content=\"@bcn_discovery\" \/>\n<meta name=\"twitter:label1\" content=\"Tiempo de lectura\" \/>\n\t<meta name=\"twitter:data1\" content=\"2 minutos\" \/>\n<script type=\"application\/ld+json\" class=\"yoast-schema-graph\">{\"@context\":\"https:\/\/schema.org\",\"@graph\":[{\"@type\":\"WebPage\",\"@id\":\"https:\/\/barcelona-discovery.com\/es\/producto\/ruta-por-la-girona-cristiana\/\",\"url\":\"https:\/\/barcelona-discovery.com\/es\/producto\/ruta-por-la-girona-cristiana\/\",\"name\":\"Tour privado por Girona -\",\"isPartOf\":{\"@id\":\"https:\/\/barcelona-discovery.com\/#website\"},\"primaryImageOfPage\":{\"@id\":\"https:\/\/barcelona-discovery.com\/es\/producto\/ruta-por-la-girona-cristiana\/#primaryimage\"},\"image\":{\"@id\":\"https:\/\/barcelona-discovery.com\/es\/producto\/ruta-por-la-girona-cristiana\/#primaryimage\"},\"thumbnailUrl\":\"https:\/\/barcelona-discovery.com\/wp-content\/uploads\/2018\/10\/gironaweb.jpg\",\"datePublished\":\"2018-10-01T09:33:24+00:00\",\"dateModified\":\"2024-06-06T10:43:14+00:00\",\"description\":\"Descubre los rincones de la Girona Romanica, en este tour privado, guiado por uno de nuestros guias oficiales. Reserva ahora!!\",\"breadcrumb\":{\"@id\":\"https:\/\/barcelona-discovery.com\/es\/producto\/ruta-por-la-girona-cristiana\/#breadcrumb\"},\"inLanguage\":\"es\",\"potentialAction\":[{\"@type\":\"ReadAction\",\"target\":[\"https:\/\/barcelona-discovery.com\/es\/producto\/ruta-por-la-girona-cristiana\/\"]}]},{\"@type\":\"ImageObject\",\"inLanguage\":\"es\",\"@id\":\"https:\/\/barcelona-discovery.com\/es\/producto\/ruta-por-la-girona-cristiana\/#primaryimage\",\"url\":\"https:\/\/barcelona-discovery.com\/wp-content\/uploads\/2018\/10\/gironaweb.jpg\",\"contentUrl\":\"https:\/\/barcelona-discovery.com\/wp-content\/uploads\/2018\/10\/gironaweb.jpg\",\"width\":1000,\"height\":500,\"caption\":\"Ruta a Girona desde BArcelona\"},{\"@type\":\"BreadcrumbList\",\"@id\":\"https:\/\/barcelona-discovery.com\/es\/producto\/ruta-por-la-girona-cristiana\/#breadcrumb\",\"itemListElement\":[{\"@type\":\"ListItem\",\"position\":1,\"name\":\"Home\",\"item\":\"https:\/\/barcelona-discovery.com\/es\/\"},{\"@type\":\"ListItem\",\"position\":2,\"name\":\"Tours\",\"item\":\"https:\/\/barcelona-discovery.com\/tours\/\"},{\"@type\":\"ListItem\",\"position\":3,\"name\":\"Ruta por la Girona Cristiana\"}]},{\"@type\":\"WebSite\",\"@id\":\"https:\/\/barcelona-discovery.com\/#website\",\"url\":\"https:\/\/barcelona-discovery.com\/\",\"name\":\"Barcelona Discovery\",\"description\":\"Private Tours around Barcelona\",\"publisher\":{\"@id\":\"https:\/\/barcelona-discovery.com\/#organization\"},\"potentialAction\":[{\"@type\":\"SearchAction\",\"target\":{\"@type\":\"EntryPoint\",\"urlTemplate\":\"https:\/\/barcelona-discovery.com\/?s={search_term_string}\"},\"query-input\":{\"@type\":\"PropertyValueSpecification\",\"valueRequired\":true,\"valueName\":\"search_term_string\"}}],\"inLanguage\":\"es\"},{\"@type\":\"Organization\",\"@id\":\"https:\/\/barcelona-discovery.com\/#organization\",\"name\":\"Barcelona Discovery\",\"url\":\"https:\/\/barcelona-discovery.com\/\",\"logo\":{\"@type\":\"ImageObject\",\"inLanguage\":\"es\",\"@id\":\"https:\/\/barcelona-discovery.com\/#\/schema\/logo\/image\/\",\"url\":\"https:\/\/barcelona-discovery.com\/wp-content\/uploads\/2024\/02\/logo-linkein.jpg\",\"contentUrl\":\"https:\/\/barcelona-discovery.com\/wp-content\/uploads\/2024\/02\/logo-linkein.jpg\",\"width\":300,\"height\":300,\"caption\":\"Barcelona Discovery\"},\"image\":{\"@id\":\"https:\/\/barcelona-discovery.com\/#\/schema\/logo\/image\/\"},\"sameAs\":[\"https:\/\/www.facebook.com\/BarcelonaDiscovery\/\",\"https:\/\/x.com\/bcn_discovery\",\"https:\/\/www.instagram.com\/barcelonadiscovery\/\",\"https:\/\/www.youtube.com\/channel\/UCwpragtLkdmFTHCzinFQG_g\"]}]}<\/script>\n<!-- \/ Yoast SEO plugin. -->","yoast_head_json":{"title":"Tour privado por Girona -","description":"Descubre los rincones de la Girona Romanica, en este tour privado, guiado por uno de nuestros guias oficiales. Reserva ahora!!","robots":{"index":"index","follow":"follow","max-snippet":"max-snippet:-1","max-image-preview":"max-image-preview:large","max-video-preview":"max-video-preview:-1"},"canonical":"https:\/\/barcelona-discovery.com\/es\/producto\/ruta-por-la-girona-cristiana\/","og_locale":"es_ES","og_type":"article","og_title":"Tour privado por Girona -","og_description":"Descubre los rincones de la Girona Romanica, en este tour privado, guiado por uno de nuestros guias oficiales. Reserva ahora!!","og_url":"https:\/\/barcelona-discovery.com\/es\/producto\/ruta-por-la-girona-cristiana\/","og_site_name":"Barcelona Discovery","article_publisher":"https:\/\/www.facebook.com\/BarcelonaDiscovery\/","article_modified_time":"2024-06-06T10:43:14+00:00","og_image":[{"width":1000,"height":500,"url":"https:\/\/barcelona-discovery.com\/wp-content\/uploads\/2018\/10\/gironaweb.jpg","type":"image\/jpeg"}],"twitter_card":"summary_large_image","twitter_site":"@bcn_discovery","twitter_misc":{"Tiempo de lectura":"2 minutos"},"schema":{"@context":"https:\/\/schema.org","@graph":[{"@type":"WebPage","@id":"https:\/\/barcelona-discovery.com\/es\/producto\/ruta-por-la-girona-cristiana\/","url":"https:\/\/barcelona-discovery.com\/es\/producto\/ruta-por-la-girona-cristiana\/","name":"Tour privado por Girona -","isPartOf":{"@id":"https:\/\/barcelona-discovery.com\/#website"},"primaryImageOfPage":{"@id":"https:\/\/barcelona-discovery.com\/es\/producto\/ruta-por-la-girona-cristiana\/#primaryimage"},"image":{"@id":"https:\/\/barcelona-discovery.com\/es\/producto\/ruta-por-la-girona-cristiana\/#primaryimage"},"thumbnailUrl":"https:\/\/barcelona-discovery.com\/wp-content\/uploads\/2018\/10\/gironaweb.jpg","datePublished":"2018-10-01T09:33:24+00:00","dateModified":"2024-06-06T10:43:14+00:00","description":"Descubre los rincones de la Girona Romanica, en este tour privado, guiado por uno de nuestros guias oficiales. Reserva ahora!!","breadcrumb":{"@id":"https:\/\/barcelona-discovery.com\/es\/producto\/ruta-por-la-girona-cristiana\/#breadcrumb"},"inLanguage":"es","potentialAction":[{"@type":"ReadAction","target":["https:\/\/barcelona-discovery.com\/es\/producto\/ruta-por-la-girona-cristiana\/"]}]},{"@type":"ImageObject","inLanguage":"es","@id":"https:\/\/barcelona-discovery.com\/es\/producto\/ruta-por-la-girona-cristiana\/#primaryimage","url":"https:\/\/barcelona-discovery.com\/wp-content\/uploads\/2018\/10\/gironaweb.jpg","contentUrl":"https:\/\/barcelona-discovery.com\/wp-content\/uploads\/2018\/10\/gironaweb.jpg","width":1000,"height":500,"caption":"Ruta a Girona desde BArcelona"},{"@type":"BreadcrumbList","@id":"https:\/\/barcelona-discovery.com\/es\/producto\/ruta-por-la-girona-cristiana\/#breadcrumb","itemListElement":[{"@type":"ListItem","position":1,"name":"Home","item":"https:\/\/barcelona-discovery.com\/es\/"},{"@type":"ListItem","position":2,"name":"Tours","item":"https:\/\/barcelona-discovery.com\/tours\/"},{"@type":"ListItem","position":3,"name":"Ruta por la Girona Cristiana"}]},{"@type":"WebSite","@id":"https:\/\/barcelona-discovery.com\/#website","url":"https:\/\/barcelona-discovery.com\/","name":"Barcelona Discovery","description":"Private Tours around Barcelona","publisher":{"@id":"https:\/\/barcelona-discovery.com\/#organization"},"potentialAction":[{"@type":"SearchAction","target":{"@type":"EntryPoint","urlTemplate":"https:\/\/barcelona-discovery.com\/?s={search_term_string}"},"query-input":{"@type":"PropertyValueSpecification","valueRequired":true,"valueName":"search_term_string"}}],"inLanguage":"es"},{"@type":"Organization","@id":"https:\/\/barcelona-discovery.com\/#organization","name":"Barcelona Discovery","url":"https:\/\/barcelona-discovery.com\/","logo":{"@type":"ImageObject","inLanguage":"es","@id":"https:\/\/barcelona-discovery.com\/#\/schema\/logo\/image\/","url":"https:\/\/barcelona-discovery.com\/wp-content\/uploads\/2024\/02\/logo-linkein.jpg","contentUrl":"https:\/\/barcelona-discovery.com\/wp-content\/uploads\/2024\/02\/logo-linkein.jpg","width":300,"height":300,"caption":"Barcelona Discovery"},"image":{"@id":"https:\/\/barcelona-discovery.com\/#\/schema\/logo\/image\/"},"sameAs":["https:\/\/www.facebook.com\/BarcelonaDiscovery\/","https:\/\/x.com\/bcn_discovery","https:\/\/www.instagram.com\/barcelonadiscovery\/","https:\/\/www.youtube.com\/channel\/UCwpragtLkdmFTHCzinFQG_g"]}]}},"_links":{"self":[{"href":"https:\/\/barcelona-discovery.com\/es\/wp-json\/wp\/v2\/product\/3471","targetHints":{"allow":["GET"]}}],"collection":[{"href":"https:\/\/barcelona-discovery.com\/es\/wp-json\/wp\/v2\/product"}],"about":[{"href":"https:\/\/barcelona-discovery.com\/es\/wp-json\/wp\/v2\/types\/product"}],"replies":[{"embeddable":true,"href":"https:\/\/barcelona-discovery.com\/es\/wp-json\/wp\/v2\/comments?post=3471"}],"wp:featuredmedia":[{"embeddable":true,"href":"https:\/\/barcelona-discovery.com\/es\/wp-json\/wp\/v2\/media\/3474"}],"wp:attachment":[{"href":"https:\/\/barcelona-discovery.com\/es\/wp-json\/wp\/v2\/media?parent=3471"}],"wp:term":[{"taxonomy":"product_brand","embeddable":true,"href":"https:\/\/barcelona-discovery.com\/es\/wp-json\/wp\/v2\/product_brand?post=3471"},{"taxonomy":"product_cat","embeddable":true,"href":"https:\/\/barcelona-discovery.com\/es\/wp-json\/wp\/v2\/product_cat?post=3471"},{"taxonomy":"product_tag","embeddable":true,"href":"https:\/\/barcelona-discovery.com\/es\/wp-json\/wp\/v2\/product_tag?post=3471"}],"curies":[{"name":"wp","href":"https:\/\/api.w.org\/{rel}","templated":true}]}}