{"id":3500,"date":"2018-10-09T15:05:04","date_gmt":"2018-10-09T14:05:04","guid":{"rendered":"https:\/\/barcelona-discovery.com\/?post_type=product&#038;p=3500"},"modified":"2020-05-27T16:33:07","modified_gmt":"2020-05-27T15:33:07","slug":"tour-privado-football-club-barcelona","status":"publish","type":"product","link":"https:\/\/barcelona-discovery.com\/es\/tours\/tour-privado-football-club-barcelona\/","title":{"rendered":"Tour Privado por el FC Barcelona Estadio"},"content":{"rendered":"<p><strong>Barcelona,<\/strong> es conocida mundialmente por su famoso Club de f\u00fatbol Barcelona.<\/p>\n<p>Con este recorrido privado, un gu\u00eda oficial le explicar\u00e1 todo sobre el estadio ,Camp Nou o el Football Club Barcelona.<\/p>\n<p>El<strong> Football Club Barcelona Estadio<\/strong> es considerado el m\u00e1s grande de Europa y el segundo m\u00e1s grande del mundo con casi 100,000 asientos.<\/p>\n<p>Si reserva este <strong>tour privado<\/strong>, no solo disfrutar\u00e1 de ver el estadio, sino que tambi\u00e9n ir\u00e1 a la sala de prensa, al vestuario del equipo de invitado, llegar\u00e1 al c\u00e9sped y para finalizar, disfrutar\u00e1 de la vista que los periodistas tienen cuando transmiten el partido.<\/p>\n<p>Para completar este recorrido privado, visitaremos la zona monta\u00f1osa de Montju\u00efc que incluye el Estadio Ol\u00edmpico, el Palau Sant Jordi y la Torre Calatrava.<\/p>\n<p>\u00a1No te pierdas este tour privado es absolutamente fant\u00e1stico!<\/p>\n<p>&nbsp;<\/p>\n<p>&nbsp;<\/p>\n<p>&nbsp;<\/p>\n<p>&nbsp;<\/p>\n","protected":false},"excerpt":{"rendered":"<p><strong>Tour privado por el Football Club Barcelona &#8211; Descubre todo sobre el equipo del FC Barcelona<\/strong><\/p>\n","protected":false},"featured_media":3503,"comment_status":"open","ping_status":"closed","template":"","meta":[],"product_brand":[],"product_cat":[157,342,178],"product_tag":[],"class_list":{"0":"post-3500","1":"product","2":"type-product","3":"status-publish","4":"has-post-thumbnail","6":"product_cat-experiencias-terrestres","7":"product_cat-private-tours-es","8":"product_cat-tours-por-barcelona","9":"pa_tour-type-experiencias-terrestres","10":"pa_tour-types-private-tours-tours-privados-por-barcelona","12":"first","13":"instock","14":"shipping-taxable","15":"purchasable","16":"product-type-tour_phys"},"yoast_head":"<!-- This site is optimized with the Yoast SEO plugin v26.1.1 - https:\/\/yoast.com\/wordpress\/plugins\/seo\/ -->\n<title>Tour privado por el Fc Barcelona Estadio - Barcelona Discovery<\/title>\n<meta name=\"description\" content=\"Con este tour privado descubrir\u00e1 todo sobre el equipo y el estadio del Football Club Barcelona. Terminaremos visitando el \u00e1rea de Montjuich. Reserve ahora!\" \/>\n<meta name=\"robots\" content=\"index, follow, max-snippet:-1, max-image-preview:large, max-video-preview:-1\" \/>\n<link rel=\"canonical\" href=\"https:\/\/barcelona-discovery.com\/es\/producto\/tour-privado-football-club-barcelona\/\" \/>\n<meta property=\"og:locale\" content=\"es_ES\" \/>\n<meta property=\"og:type\" content=\"article\" \/>\n<meta property=\"og:title\" content=\"Tour privado por el Fc Barcelona Estadio - Barcelona Discovery\" \/>\n<meta property=\"og:description\" content=\"Con este tour privado descubrir\u00e1 todo sobre el equipo y el estadio del Football Club Barcelona. Terminaremos visitando el \u00e1rea de Montjuich. Reserve ahora!\" \/>\n<meta property=\"og:url\" content=\"https:\/\/barcelona-discovery.com\/es\/producto\/tour-privado-football-club-barcelona\/\" \/>\n<meta property=\"og:site_name\" content=\"Barcelona Discovery\" \/>\n<meta property=\"article:publisher\" content=\"https:\/\/www.facebook.com\/BarcelonaDiscovery\/\" \/>\n<meta property=\"article:modified_time\" content=\"2020-05-27T15:33:07+00:00\" \/>\n<meta property=\"og:image\" content=\"https:\/\/barcelona-discovery.com\/wp-content\/uploads\/2018\/10\/wbe2.jpg\" \/>\n\t<meta property=\"og:image:width\" content=\"1000\" \/>\n\t<meta property=\"og:image:height\" content=\"500\" \/>\n\t<meta property=\"og:image:type\" content=\"image\/jpeg\" \/>\n<meta name=\"twitter:card\" content=\"summary_large_image\" \/>\n<meta name=\"twitter:site\" content=\"@bcn_discovery\" \/>\n<meta name=\"twitter:label1\" content=\"Tiempo de lectura\" \/>\n\t<meta name=\"twitter:data1\" content=\"1 minuto\" \/>\n<script type=\"application\/ld+json\" class=\"yoast-schema-graph\">{\"@context\":\"https:\/\/schema.org\",\"@graph\":[{\"@type\":\"WebPage\",\"@id\":\"https:\/\/barcelona-discovery.com\/es\/producto\/tour-privado-football-club-barcelona\/\",\"url\":\"https:\/\/barcelona-discovery.com\/es\/producto\/tour-privado-football-club-barcelona\/\",\"name\":\"Tour privado por el Fc Barcelona Estadio - Barcelona Discovery\",\"isPartOf\":{\"@id\":\"https:\/\/barcelona-discovery.com\/#website\"},\"primaryImageOfPage\":{\"@id\":\"https:\/\/barcelona-discovery.com\/es\/producto\/tour-privado-football-club-barcelona\/#primaryimage\"},\"image\":{\"@id\":\"https:\/\/barcelona-discovery.com\/es\/producto\/tour-privado-football-club-barcelona\/#primaryimage\"},\"thumbnailUrl\":\"https:\/\/barcelona-discovery.com\/wp-content\/uploads\/2018\/10\/wbe2.jpg\",\"datePublished\":\"2018-10-09T14:05:04+00:00\",\"dateModified\":\"2020-05-27T15:33:07+00:00\",\"description\":\"Con este tour privado descubrir\u00e1 todo sobre el equipo y el estadio del Football Club Barcelona. Terminaremos visitando el \u00e1rea de Montjuich. Reserve ahora!\",\"breadcrumb\":{\"@id\":\"https:\/\/barcelona-discovery.com\/es\/producto\/tour-privado-football-club-barcelona\/#breadcrumb\"},\"inLanguage\":\"es\",\"potentialAction\":[{\"@type\":\"ReadAction\",\"target\":[\"https:\/\/barcelona-discovery.com\/es\/producto\/tour-privado-football-club-barcelona\/\"]}]},{\"@type\":\"ImageObject\",\"inLanguage\":\"es\",\"@id\":\"https:\/\/barcelona-discovery.com\/es\/producto\/tour-privado-football-club-barcelona\/#primaryimage\",\"url\":\"https:\/\/barcelona-discovery.com\/wp-content\/uploads\/2018\/10\/wbe2.jpg\",\"contentUrl\":\"https:\/\/barcelona-discovery.com\/wp-content\/uploads\/2018\/10\/wbe2.jpg\",\"width\":1000,\"height\":500,\"caption\":\"fc barcelona private tour\"},{\"@type\":\"BreadcrumbList\",\"@id\":\"https:\/\/barcelona-discovery.com\/es\/producto\/tour-privado-football-club-barcelona\/#breadcrumb\",\"itemListElement\":[{\"@type\":\"ListItem\",\"position\":1,\"name\":\"Home\",\"item\":\"https:\/\/barcelona-discovery.com\/es\/\"},{\"@type\":\"ListItem\",\"position\":2,\"name\":\"Tours\",\"item\":\"https:\/\/barcelona-discovery.com\/tours\/\"},{\"@type\":\"ListItem\",\"position\":3,\"name\":\"Tour Privado por el FC Barcelona Estadio\"}]},{\"@type\":\"WebSite\",\"@id\":\"https:\/\/barcelona-discovery.com\/#website\",\"url\":\"https:\/\/barcelona-discovery.com\/\",\"name\":\"Barcelona Discovery\",\"description\":\"Private Tours around Barcelona\",\"publisher\":{\"@id\":\"https:\/\/barcelona-discovery.com\/#organization\"},\"potentialAction\":[{\"@type\":\"SearchAction\",\"target\":{\"@type\":\"EntryPoint\",\"urlTemplate\":\"https:\/\/barcelona-discovery.com\/?s={search_term_string}\"},\"query-input\":{\"@type\":\"PropertyValueSpecification\",\"valueRequired\":true,\"valueName\":\"search_term_string\"}}],\"inLanguage\":\"es\"},{\"@type\":\"Organization\",\"@id\":\"https:\/\/barcelona-discovery.com\/#organization\",\"name\":\"Barcelona Discovery\",\"url\":\"https:\/\/barcelona-discovery.com\/\",\"logo\":{\"@type\":\"ImageObject\",\"inLanguage\":\"es\",\"@id\":\"https:\/\/barcelona-discovery.com\/#\/schema\/logo\/image\/\",\"url\":\"https:\/\/barcelona-discovery.com\/wp-content\/uploads\/2024\/02\/logo-linkein.jpg\",\"contentUrl\":\"https:\/\/barcelona-discovery.com\/wp-content\/uploads\/2024\/02\/logo-linkein.jpg\",\"width\":300,\"height\":300,\"caption\":\"Barcelona Discovery\"},\"image\":{\"@id\":\"https:\/\/barcelona-discovery.com\/#\/schema\/logo\/image\/\"},\"sameAs\":[\"https:\/\/www.facebook.com\/BarcelonaDiscovery\/\",\"https:\/\/x.com\/bcn_discovery\",\"https:\/\/www.instagram.com\/barcelonadiscovery\/\",\"https:\/\/www.youtube.com\/channel\/UCwpragtLkdmFTHCzinFQG_g\"]}]}<\/script>\n<!-- \/ Yoast SEO plugin. -->","yoast_head_json":{"title":"Tour privado por el Fc Barcelona Estadio - Barcelona Discovery","description":"Con este tour privado descubrir\u00e1 todo sobre el equipo y el estadio del Football Club Barcelona. Terminaremos visitando el \u00e1rea de Montjuich. Reserve ahora!","robots":{"index":"index","follow":"follow","max-snippet":"max-snippet:-1","max-image-preview":"max-image-preview:large","max-video-preview":"max-video-preview:-1"},"canonical":"https:\/\/barcelona-discovery.com\/es\/producto\/tour-privado-football-club-barcelona\/","og_locale":"es_ES","og_type":"article","og_title":"Tour privado por el Fc Barcelona Estadio - Barcelona Discovery","og_description":"Con este tour privado descubrir\u00e1 todo sobre el equipo y el estadio del Football Club Barcelona. Terminaremos visitando el \u00e1rea de Montjuich. Reserve ahora!","og_url":"https:\/\/barcelona-discovery.com\/es\/producto\/tour-privado-football-club-barcelona\/","og_site_name":"Barcelona Discovery","article_publisher":"https:\/\/www.facebook.com\/BarcelonaDiscovery\/","article_modified_time":"2020-05-27T15:33:07+00:00","og_image":[{"width":1000,"height":500,"url":"https:\/\/barcelona-discovery.com\/wp-content\/uploads\/2018\/10\/wbe2.jpg","type":"image\/jpeg"}],"twitter_card":"summary_large_image","twitter_site":"@bcn_discovery","twitter_misc":{"Tiempo de lectura":"1 minuto"},"schema":{"@context":"https:\/\/schema.org","@graph":[{"@type":"WebPage","@id":"https:\/\/barcelona-discovery.com\/es\/producto\/tour-privado-football-club-barcelona\/","url":"https:\/\/barcelona-discovery.com\/es\/producto\/tour-privado-football-club-barcelona\/","name":"Tour privado por el Fc Barcelona Estadio - Barcelona Discovery","isPartOf":{"@id":"https:\/\/barcelona-discovery.com\/#website"},"primaryImageOfPage":{"@id":"https:\/\/barcelona-discovery.com\/es\/producto\/tour-privado-football-club-barcelona\/#primaryimage"},"image":{"@id":"https:\/\/barcelona-discovery.com\/es\/producto\/tour-privado-football-club-barcelona\/#primaryimage"},"thumbnailUrl":"https:\/\/barcelona-discovery.com\/wp-content\/uploads\/2018\/10\/wbe2.jpg","datePublished":"2018-10-09T14:05:04+00:00","dateModified":"2020-05-27T15:33:07+00:00","description":"Con este tour privado descubrir\u00e1 todo sobre el equipo y el estadio del Football Club Barcelona. Terminaremos visitando el \u00e1rea de Montjuich. Reserve ahora!","breadcrumb":{"@id":"https:\/\/barcelona-discovery.com\/es\/producto\/tour-privado-football-club-barcelona\/#breadcrumb"},"inLanguage":"es","potentialAction":[{"@type":"ReadAction","target":["https:\/\/barcelona-discovery.com\/es\/producto\/tour-privado-football-club-barcelona\/"]}]},{"@type":"ImageObject","inLanguage":"es","@id":"https:\/\/barcelona-discovery.com\/es\/producto\/tour-privado-football-club-barcelona\/#primaryimage","url":"https:\/\/barcelona-discovery.com\/wp-content\/uploads\/2018\/10\/wbe2.jpg","contentUrl":"https:\/\/barcelona-discovery.com\/wp-content\/uploads\/2018\/10\/wbe2.jpg","width":1000,"height":500,"caption":"fc barcelona private tour"},{"@type":"BreadcrumbList","@id":"https:\/\/barcelona-discovery.com\/es\/producto\/tour-privado-football-club-barcelona\/#breadcrumb","itemListElement":[{"@type":"ListItem","position":1,"name":"Home","item":"https:\/\/barcelona-discovery.com\/es\/"},{"@type":"ListItem","position":2,"name":"Tours","item":"https:\/\/barcelona-discovery.com\/tours\/"},{"@type":"ListItem","position":3,"name":"Tour Privado por el FC Barcelona Estadio"}]},{"@type":"WebSite","@id":"https:\/\/barcelona-discovery.com\/#website","url":"https:\/\/barcelona-discovery.com\/","name":"Barcelona Discovery","description":"Private Tours around Barcelona","publisher":{"@id":"https:\/\/barcelona-discovery.com\/#organization"},"potentialAction":[{"@type":"SearchAction","target":{"@type":"EntryPoint","urlTemplate":"https:\/\/barcelona-discovery.com\/?s={search_term_string}"},"query-input":{"@type":"PropertyValueSpecification","valueRequired":true,"valueName":"search_term_string"}}],"inLanguage":"es"},{"@type":"Organization","@id":"https:\/\/barcelona-discovery.com\/#organization","name":"Barcelona Discovery","url":"https:\/\/barcelona-discovery.com\/","logo":{"@type":"ImageObject","inLanguage":"es","@id":"https:\/\/barcelona-discovery.com\/#\/schema\/logo\/image\/","url":"https:\/\/barcelona-discovery.com\/wp-content\/uploads\/2024\/02\/logo-linkein.jpg","contentUrl":"https:\/\/barcelona-discovery.com\/wp-content\/uploads\/2024\/02\/logo-linkein.jpg","width":300,"height":300,"caption":"Barcelona Discovery"},"image":{"@id":"https:\/\/barcelona-discovery.com\/#\/schema\/logo\/image\/"},"sameAs":["https:\/\/www.facebook.com\/BarcelonaDiscovery\/","https:\/\/x.com\/bcn_discovery","https:\/\/www.instagram.com\/barcelonadiscovery\/","https:\/\/www.youtube.com\/channel\/UCwpragtLkdmFTHCzinFQG_g"]}]}},"_links":{"self":[{"href":"https:\/\/barcelona-discovery.com\/es\/wp-json\/wp\/v2\/product\/3500","targetHints":{"allow":["GET"]}}],"collection":[{"href":"https:\/\/barcelona-discovery.com\/es\/wp-json\/wp\/v2\/product"}],"about":[{"href":"https:\/\/barcelona-discovery.com\/es\/wp-json\/wp\/v2\/types\/product"}],"replies":[{"embeddable":true,"href":"https:\/\/barcelona-discovery.com\/es\/wp-json\/wp\/v2\/comments?post=3500"}],"wp:featuredmedia":[{"embeddable":true,"href":"https:\/\/barcelona-discovery.com\/es\/wp-json\/wp\/v2\/media\/3503"}],"wp:attachment":[{"href":"https:\/\/barcelona-discovery.com\/es\/wp-json\/wp\/v2\/media?parent=3500"}],"wp:term":[{"taxonomy":"product_brand","embeddable":true,"href":"https:\/\/barcelona-discovery.com\/es\/wp-json\/wp\/v2\/product_brand?post=3500"},{"taxonomy":"product_cat","embeddable":true,"href":"https:\/\/barcelona-discovery.com\/es\/wp-json\/wp\/v2\/product_cat?post=3500"},{"taxonomy":"product_tag","embeddable":true,"href":"https:\/\/barcelona-discovery.com\/es\/wp-json\/wp\/v2\/product_tag?post=3500"}],"curies":[{"name":"wp","href":"https:\/\/api.w.org\/{rel}","templated":true}]}}