{"id":3611,"date":"2018-10-26T11:18:11","date_gmt":"2018-10-26T10:18:11","guid":{"rendered":"https:\/\/barcelona-discovery.com\/product\/enoturismo-en-el-penedes-visita-con-cata-de-vinos-y-cavas\/"},"modified":"2024-06-06T11:15:31","modified_gmt":"2024-06-06T10:15:31","slug":"enoturismo-en-el-penedes-visita-con-cata-de-vinos-y-cavas","status":"publish","type":"product","link":"https:\/\/barcelona-discovery.com\/es\/tours\/enoturismo-en-el-penedes-visita-con-cata-de-vinos-y-cavas\/","title":{"rendered":"Enoturismo en el Pened\u00e9s &#8211; Visita con cata de vinos y cavas"},"content":{"rendered":"<p>La <strong>regi\u00f3n del Pened\u00e8s<\/strong> es una de las regiones vitivin\u00edcolas m\u00e1s importantes de <strong>Catalu\u00f1a<\/strong>.<\/p>\n<p>La <strong>tierra del Pened\u00e8s<\/strong> se encuentra entre el mar y la monta\u00f1a, y esta influencia del sol y el mar hace que Pened\u00e8s sea considerada una de las <strong>mejores regiones vit\u00edcolas del pa\u00eds despu\u00e9s de la Rioja<\/strong>, que es tambi\u00e9n una de las zonas de viticultura m\u00e1s antiguas en Europa. A trav\u00e9s de este recorrido, aprender\u00e1 todo sobre el<strong> mundo del vino y el cava.<\/strong><\/p>\n<p>Su primera parada ser\u00e1 en la bodega y vi\u00f1edos ecol\u00f3gicos, le dar\u00e1 la bienvenida un en\u00f3logo experto. Har\u00e9is la visita visitando las vi\u00f1as ecol\u00f3gicas, donde le explicar\u00e1n toda la historia de esta bodega milenaria. Aprender\u00e1 c<strong>\u00f3mo se hace el vino, el proceso de la vi\u00f1a al vino<\/strong>, que es donde comienza el ciclo de transformaci\u00f3n, un ciclo que, a trav\u00e9s del trabajo meticuloso de las vi\u00f1as, dar\u00e1 forma a las diferentes <strong>personalidades de los vinos.<\/strong><\/p>\n<p>Durante el paseo por las vi\u00f1as, visitaremos la iglesia rom\u00e1nica de San Juan Salem, en el interior de la propiedad, para conocer uno de los dominios hist\u00f3ricos del vino.<\/p>\n<p>Tras descubrir todo sobre c\u00f3mo se hace el vino, tendr\u00e1 la oportunidad de <strong>degustar<\/strong>\u00a0<strong>cuatro vinos con encanto<\/strong> en una sala de degustaci\u00f3n, acompa\u00f1ados de unos aperitivos gourmets, para valorar mejor los matices extraordinarios del vino.<\/p>\n<p>Despu\u00e9s ser\u00e1 la hora de aprender todo sobre<strong> cava<\/strong>, iran a visitar otra<strong> bodega hist\u00f3rica especializada en cava<\/strong>. Os dar\u00e1 la bienvenida nuestra gu\u00eda experta en el mundo del cava, donde le explicar\u00e1 la historia del fundador y tambi\u00e9n el laborioso proceso de elaboraci\u00f3n del cava. Har\u00e9is un t<strong>our guiado por las galer\u00edas subterr\u00e1neas y una visita al espacio m\u00e1s secreto y singular de las cavas.<\/strong> Se terminar\u00e1 la visita con una degustaci\u00f3n y una <strong>cata comentada de 4 cavas de larga crianza acompa\u00f1ados por unos aperitivos.<\/strong><\/p>\n","protected":false},"excerpt":{"rendered":"<p><strong>Visita a los vi\u00f1edos ecol\u00f3gicos del Pened\u00e9s con cata comentada de vinos y cavas<\/strong><\/p>\n","protected":false},"featured_media":3544,"comment_status":"open","ping_status":"closed","template":"","meta":[],"product_brand":[],"product_cat":[157,175],"product_tag":[],"class_list":{"0":"post-3611","1":"product","2":"type-product","3":"status-publish","4":"has-post-thumbnail","6":"product_cat-experiencias-terrestres","7":"product_cat-tours-enoturisticos-gastronomicos","8":"pa_tour-type-experiencias-terrestres","9":"pa_tour-types-land-experiences-experiencias-enoturisticas-gastronomicas","10":"tour_phys-regala-experiencias","12":"first","13":"instock","14":"shipping-taxable","15":"purchasable","16":"product-type-tour_phys"},"yoast_head":"<!-- This site is optimized with the Yoast SEO plugin v26.1.1 - https:\/\/yoast.com\/wordpress\/plugins\/seo\/ -->\n<title>Enoturismo en el Pened\u00e9s \/ Visita y Cata de vinos y cavas del Pened\u00e9s<\/title>\n<meta name=\"description\" content=\"Ven a visitar las cavas milenarias del Pened\u00e9s. Visita por los vi\u00f1edos ecologicos con cata comentada de vinos y cavas acompa\u00f1ados de unos aperitivos\" \/>\n<meta name=\"robots\" content=\"index, follow, max-snippet:-1, max-image-preview:large, max-video-preview:-1\" \/>\n<link rel=\"canonical\" href=\"https:\/\/barcelona-discovery.com\/es\/producto\/enoturismo-en-el-penedes-visita-con-cata-de-vinos-y-cavas\/\" \/>\n<meta property=\"og:locale\" content=\"es_ES\" \/>\n<meta property=\"og:type\" content=\"article\" \/>\n<meta property=\"og:title\" content=\"Enoturismo en el Pened\u00e9s \/ Visita y Cata de vinos y cavas del Pened\u00e9s\" \/>\n<meta property=\"og:description\" content=\"Ven a visitar las cavas milenarias del Pened\u00e9s. Visita por los vi\u00f1edos ecologicos con cata comentada de vinos y cavas acompa\u00f1ados de unos aperitivos\" \/>\n<meta property=\"og:url\" content=\"https:\/\/barcelona-discovery.com\/es\/producto\/enoturismo-en-el-penedes-visita-con-cata-de-vinos-y-cavas\/\" \/>\n<meta property=\"og:site_name\" content=\"Barcelona Discovery\" \/>\n<meta property=\"article:publisher\" content=\"https:\/\/www.facebook.com\/BarcelonaDiscovery\/\" \/>\n<meta property=\"article:modified_time\" content=\"2024-06-06T10:15:31+00:00\" \/>\n<meta property=\"og:image\" content=\"https:\/\/barcelona-discovery.com\/wp-content\/uploads\/2018\/10\/wine-tasting-penedes.jpg\" \/>\n\t<meta property=\"og:image:width\" content=\"1000\" \/>\n\t<meta property=\"og:image:height\" content=\"500\" \/>\n\t<meta property=\"og:image:type\" content=\"image\/jpeg\" \/>\n<meta name=\"twitter:card\" content=\"summary_large_image\" \/>\n<meta name=\"twitter:site\" content=\"@bcn_discovery\" \/>\n<meta name=\"twitter:label1\" content=\"Tiempo de lectura\" \/>\n\t<meta name=\"twitter:data1\" content=\"2 minutos\" \/>\n<script type=\"application\/ld+json\" class=\"yoast-schema-graph\">{\"@context\":\"https:\/\/schema.org\",\"@graph\":[{\"@type\":\"WebPage\",\"@id\":\"https:\/\/barcelona-discovery.com\/es\/producto\/enoturismo-en-el-penedes-visita-con-cata-de-vinos-y-cavas\/\",\"url\":\"https:\/\/barcelona-discovery.com\/es\/producto\/enoturismo-en-el-penedes-visita-con-cata-de-vinos-y-cavas\/\",\"name\":\"Enoturismo en el Pened\u00e9s \/ Visita y Cata de vinos y cavas del Pened\u00e9s\",\"isPartOf\":{\"@id\":\"https:\/\/barcelona-discovery.com\/#website\"},\"primaryImageOfPage\":{\"@id\":\"https:\/\/barcelona-discovery.com\/es\/producto\/enoturismo-en-el-penedes-visita-con-cata-de-vinos-y-cavas\/#primaryimage\"},\"image\":{\"@id\":\"https:\/\/barcelona-discovery.com\/es\/producto\/enoturismo-en-el-penedes-visita-con-cata-de-vinos-y-cavas\/#primaryimage\"},\"thumbnailUrl\":\"https:\/\/barcelona-discovery.com\/wp-content\/uploads\/2018\/10\/wine-tasting-penedes.jpg\",\"datePublished\":\"2018-10-26T10:18:11+00:00\",\"dateModified\":\"2024-06-06T10:15:31+00:00\",\"description\":\"Ven a visitar las cavas milenarias del Pened\u00e9s. Visita por los vi\u00f1edos ecologicos con cata comentada de vinos y cavas acompa\u00f1ados de unos aperitivos\",\"breadcrumb\":{\"@id\":\"https:\/\/barcelona-discovery.com\/es\/producto\/enoturismo-en-el-penedes-visita-con-cata-de-vinos-y-cavas\/#breadcrumb\"},\"inLanguage\":\"es\",\"potentialAction\":[{\"@type\":\"ReadAction\",\"target\":[\"https:\/\/barcelona-discovery.com\/es\/producto\/enoturismo-en-el-penedes-visita-con-cata-de-vinos-y-cavas\/\"]}]},{\"@type\":\"ImageObject\",\"inLanguage\":\"es\",\"@id\":\"https:\/\/barcelona-discovery.com\/es\/producto\/enoturismo-en-el-penedes-visita-con-cata-de-vinos-y-cavas\/#primaryimage\",\"url\":\"https:\/\/barcelona-discovery.com\/wp-content\/uploads\/2018\/10\/wine-tasting-penedes.jpg\",\"contentUrl\":\"https:\/\/barcelona-discovery.com\/wp-content\/uploads\/2018\/10\/wine-tasting-penedes.jpg\",\"width\":1000,\"height\":500,\"caption\":\"Visita y cata de vinos y cavas por el Pened\u00e9s\"},{\"@type\":\"BreadcrumbList\",\"@id\":\"https:\/\/barcelona-discovery.com\/es\/producto\/enoturismo-en-el-penedes-visita-con-cata-de-vinos-y-cavas\/#breadcrumb\",\"itemListElement\":[{\"@type\":\"ListItem\",\"position\":1,\"name\":\"Home\",\"item\":\"https:\/\/barcelona-discovery.com\/es\/\"},{\"@type\":\"ListItem\",\"position\":2,\"name\":\"Tours\",\"item\":\"https:\/\/barcelona-discovery.com\/tours\/\"},{\"@type\":\"ListItem\",\"position\":3,\"name\":\"Enoturismo en el Pened\u00e9s &#8211; Visita con cata de vinos y cavas\"}]},{\"@type\":\"WebSite\",\"@id\":\"https:\/\/barcelona-discovery.com\/#website\",\"url\":\"https:\/\/barcelona-discovery.com\/\",\"name\":\"Barcelona Discovery\",\"description\":\"Private Tours around Barcelona\",\"publisher\":{\"@id\":\"https:\/\/barcelona-discovery.com\/#organization\"},\"potentialAction\":[{\"@type\":\"SearchAction\",\"target\":{\"@type\":\"EntryPoint\",\"urlTemplate\":\"https:\/\/barcelona-discovery.com\/?s={search_term_string}\"},\"query-input\":{\"@type\":\"PropertyValueSpecification\",\"valueRequired\":true,\"valueName\":\"search_term_string\"}}],\"inLanguage\":\"es\"},{\"@type\":\"Organization\",\"@id\":\"https:\/\/barcelona-discovery.com\/#organization\",\"name\":\"Barcelona Discovery\",\"url\":\"https:\/\/barcelona-discovery.com\/\",\"logo\":{\"@type\":\"ImageObject\",\"inLanguage\":\"es\",\"@id\":\"https:\/\/barcelona-discovery.com\/#\/schema\/logo\/image\/\",\"url\":\"https:\/\/barcelona-discovery.com\/wp-content\/uploads\/2024\/02\/logo-linkein.jpg\",\"contentUrl\":\"https:\/\/barcelona-discovery.com\/wp-content\/uploads\/2024\/02\/logo-linkein.jpg\",\"width\":300,\"height\":300,\"caption\":\"Barcelona Discovery\"},\"image\":{\"@id\":\"https:\/\/barcelona-discovery.com\/#\/schema\/logo\/image\/\"},\"sameAs\":[\"https:\/\/www.facebook.com\/BarcelonaDiscovery\/\",\"https:\/\/x.com\/bcn_discovery\",\"https:\/\/www.instagram.com\/barcelonadiscovery\/\",\"https:\/\/www.youtube.com\/channel\/UCwpragtLkdmFTHCzinFQG_g\"]}]}<\/script>\n<!-- \/ Yoast SEO plugin. -->","yoast_head_json":{"title":"Enoturismo en el Pened\u00e9s \/ Visita y Cata de vinos y cavas del Pened\u00e9s","description":"Ven a visitar las cavas milenarias del Pened\u00e9s. Visita por los vi\u00f1edos ecologicos con cata comentada de vinos y cavas acompa\u00f1ados de unos aperitivos","robots":{"index":"index","follow":"follow","max-snippet":"max-snippet:-1","max-image-preview":"max-image-preview:large","max-video-preview":"max-video-preview:-1"},"canonical":"https:\/\/barcelona-discovery.com\/es\/producto\/enoturismo-en-el-penedes-visita-con-cata-de-vinos-y-cavas\/","og_locale":"es_ES","og_type":"article","og_title":"Enoturismo en el Pened\u00e9s \/ Visita y Cata de vinos y cavas del Pened\u00e9s","og_description":"Ven a visitar las cavas milenarias del Pened\u00e9s. Visita por los vi\u00f1edos ecologicos con cata comentada de vinos y cavas acompa\u00f1ados de unos aperitivos","og_url":"https:\/\/barcelona-discovery.com\/es\/producto\/enoturismo-en-el-penedes-visita-con-cata-de-vinos-y-cavas\/","og_site_name":"Barcelona Discovery","article_publisher":"https:\/\/www.facebook.com\/BarcelonaDiscovery\/","article_modified_time":"2024-06-06T10:15:31+00:00","og_image":[{"width":1000,"height":500,"url":"https:\/\/barcelona-discovery.com\/wp-content\/uploads\/2018\/10\/wine-tasting-penedes.jpg","type":"image\/jpeg"}],"twitter_card":"summary_large_image","twitter_site":"@bcn_discovery","twitter_misc":{"Tiempo de lectura":"2 minutos"},"schema":{"@context":"https:\/\/schema.org","@graph":[{"@type":"WebPage","@id":"https:\/\/barcelona-discovery.com\/es\/producto\/enoturismo-en-el-penedes-visita-con-cata-de-vinos-y-cavas\/","url":"https:\/\/barcelona-discovery.com\/es\/producto\/enoturismo-en-el-penedes-visita-con-cata-de-vinos-y-cavas\/","name":"Enoturismo en el Pened\u00e9s \/ Visita y Cata de vinos y cavas del Pened\u00e9s","isPartOf":{"@id":"https:\/\/barcelona-discovery.com\/#website"},"primaryImageOfPage":{"@id":"https:\/\/barcelona-discovery.com\/es\/producto\/enoturismo-en-el-penedes-visita-con-cata-de-vinos-y-cavas\/#primaryimage"},"image":{"@id":"https:\/\/barcelona-discovery.com\/es\/producto\/enoturismo-en-el-penedes-visita-con-cata-de-vinos-y-cavas\/#primaryimage"},"thumbnailUrl":"https:\/\/barcelona-discovery.com\/wp-content\/uploads\/2018\/10\/wine-tasting-penedes.jpg","datePublished":"2018-10-26T10:18:11+00:00","dateModified":"2024-06-06T10:15:31+00:00","description":"Ven a visitar las cavas milenarias del Pened\u00e9s. Visita por los vi\u00f1edos ecologicos con cata comentada de vinos y cavas acompa\u00f1ados de unos aperitivos","breadcrumb":{"@id":"https:\/\/barcelona-discovery.com\/es\/producto\/enoturismo-en-el-penedes-visita-con-cata-de-vinos-y-cavas\/#breadcrumb"},"inLanguage":"es","potentialAction":[{"@type":"ReadAction","target":["https:\/\/barcelona-discovery.com\/es\/producto\/enoturismo-en-el-penedes-visita-con-cata-de-vinos-y-cavas\/"]}]},{"@type":"ImageObject","inLanguage":"es","@id":"https:\/\/barcelona-discovery.com\/es\/producto\/enoturismo-en-el-penedes-visita-con-cata-de-vinos-y-cavas\/#primaryimage","url":"https:\/\/barcelona-discovery.com\/wp-content\/uploads\/2018\/10\/wine-tasting-penedes.jpg","contentUrl":"https:\/\/barcelona-discovery.com\/wp-content\/uploads\/2018\/10\/wine-tasting-penedes.jpg","width":1000,"height":500,"caption":"Visita y cata de vinos y cavas por el Pened\u00e9s"},{"@type":"BreadcrumbList","@id":"https:\/\/barcelona-discovery.com\/es\/producto\/enoturismo-en-el-penedes-visita-con-cata-de-vinos-y-cavas\/#breadcrumb","itemListElement":[{"@type":"ListItem","position":1,"name":"Home","item":"https:\/\/barcelona-discovery.com\/es\/"},{"@type":"ListItem","position":2,"name":"Tours","item":"https:\/\/barcelona-discovery.com\/tours\/"},{"@type":"ListItem","position":3,"name":"Enoturismo en el Pened\u00e9s &#8211; Visita con cata de vinos y cavas"}]},{"@type":"WebSite","@id":"https:\/\/barcelona-discovery.com\/#website","url":"https:\/\/barcelona-discovery.com\/","name":"Barcelona Discovery","description":"Private Tours around Barcelona","publisher":{"@id":"https:\/\/barcelona-discovery.com\/#organization"},"potentialAction":[{"@type":"SearchAction","target":{"@type":"EntryPoint","urlTemplate":"https:\/\/barcelona-discovery.com\/?s={search_term_string}"},"query-input":{"@type":"PropertyValueSpecification","valueRequired":true,"valueName":"search_term_string"}}],"inLanguage":"es"},{"@type":"Organization","@id":"https:\/\/barcelona-discovery.com\/#organization","name":"Barcelona Discovery","url":"https:\/\/barcelona-discovery.com\/","logo":{"@type":"ImageObject","inLanguage":"es","@id":"https:\/\/barcelona-discovery.com\/#\/schema\/logo\/image\/","url":"https:\/\/barcelona-discovery.com\/wp-content\/uploads\/2024\/02\/logo-linkein.jpg","contentUrl":"https:\/\/barcelona-discovery.com\/wp-content\/uploads\/2024\/02\/logo-linkein.jpg","width":300,"height":300,"caption":"Barcelona Discovery"},"image":{"@id":"https:\/\/barcelona-discovery.com\/#\/schema\/logo\/image\/"},"sameAs":["https:\/\/www.facebook.com\/BarcelonaDiscovery\/","https:\/\/x.com\/bcn_discovery","https:\/\/www.instagram.com\/barcelonadiscovery\/","https:\/\/www.youtube.com\/channel\/UCwpragtLkdmFTHCzinFQG_g"]}]}},"_links":{"self":[{"href":"https:\/\/barcelona-discovery.com\/es\/wp-json\/wp\/v2\/product\/3611","targetHints":{"allow":["GET"]}}],"collection":[{"href":"https:\/\/barcelona-discovery.com\/es\/wp-json\/wp\/v2\/product"}],"about":[{"href":"https:\/\/barcelona-discovery.com\/es\/wp-json\/wp\/v2\/types\/product"}],"replies":[{"embeddable":true,"href":"https:\/\/barcelona-discovery.com\/es\/wp-json\/wp\/v2\/comments?post=3611"}],"wp:featuredmedia":[{"embeddable":true,"href":"https:\/\/barcelona-discovery.com\/es\/wp-json\/wp\/v2\/media\/3544"}],"wp:attachment":[{"href":"https:\/\/barcelona-discovery.com\/es\/wp-json\/wp\/v2\/media?parent=3611"}],"wp:term":[{"taxonomy":"product_brand","embeddable":true,"href":"https:\/\/barcelona-discovery.com\/es\/wp-json\/wp\/v2\/product_brand?post=3611"},{"taxonomy":"product_cat","embeddable":true,"href":"https:\/\/barcelona-discovery.com\/es\/wp-json\/wp\/v2\/product_cat?post=3611"},{"taxonomy":"product_tag","embeddable":true,"href":"https:\/\/barcelona-discovery.com\/es\/wp-json\/wp\/v2\/product_tag?post=3611"}],"curies":[{"name":"wp","href":"https:\/\/api.w.org\/{rel}","templated":true}]}}