{"id":3779,"date":"2018-10-02T09:34:53","date_gmt":"2018-10-02T08:34:53","guid":{"rendered":"https:\/\/barcelona-discovery.com\/product\/cata-de-vinos-y-aceites-ecologicos-en-el-pla-de-bages\/"},"modified":"2024-06-06T10:54:20","modified_gmt":"2024-06-06T09:54:20","slug":"cata-de-vinos-y-aceites-ecologicos-en-el-pla-de-bages","status":"publish","type":"product","link":"https:\/\/barcelona-discovery.com\/es\/tours\/cata-de-vinos-y-aceites-ecologicos-en-el-pla-de-bages\/","title":{"rendered":"Cata de Vinos y Aceites  ecol\u00f3gicos en el Pla de Bages"},"content":{"rendered":"<p><strong>Pla de Bages<\/strong> es una regi\u00f3n privilegiada rodeada por las monta\u00f1as m\u00edticas de <strong>Montserrat y Castelltallat, Sant Lloren\u00e7 del Munt y el Parque Natural del Obac.<\/strong><\/p>\n<p>Adem\u00e1s, esta zona catalana tiene una gran tradici\u00f3n en la producci\u00f3n de vino, incluso aunque sea una peque\u00f1a regi\u00f3n, es heredera de las grandes tradiciones vin\u00edcolas de <strong>la Catalu\u00f1a central.<\/strong><\/p>\n<p>Visitaremos una empresa familiar, una bodega ecol\u00f3gica que comenz\u00f3 a cultivar sus propios vi\u00f1edos y trabajamos en el mundo del vino en 1885 y hoy en d\u00eda es la quinta generaci\u00f3n que cuida de forma especial en el vi\u00f1edo y se esfuerza por dar la m\u00e1xima calidad a sus productos.<\/p>\n<p>Esta experiencia tambi\u00e9n incluye una visita a la bodega, que le dar\u00e1 la oportunidad de visitar una <strong>masia t\u00edpica catalana<\/strong> y pasear por los <strong>vi\u00f1edos ecol\u00f3gicos en un entorno \u00fanico.<\/strong> Conoceremos las variedades locales como <strong>el Picapoll blanco, el sumoll, el mand\u00f3 y el Picapoll rojo<\/strong>, exploraremos la planta de producci\u00f3n y la sala de barricas y, por \u00faltimo, probaremos dos vinos en los que nos explicar\u00e1n todo sobre los vinos acompa\u00f1ados por alg\u00fan <strong>aperitivo.<\/strong><\/p>\n<p>Despu\u00e9s de nuestra experiencia de <strong>cata de vinos, aprenderemos todo sobre el aceite de oliva.<\/strong><\/p>\n<p>El<strong> aceite de oliva es un elemento b\u00e1sico de la dieta mediterr\u00e1nea,<\/strong> donde la mayor\u00eda de las comidas se sirven con una botella de aceite de oliva al lado. Por este motivo, tener esta experiencia es una forma de sumergirse en la cultura catalana.<\/p>\n<p>Esta experiencia le mostrar\u00e1 <strong>el magn\u00edfico mundo de este oro l\u00edquido<\/strong> al mismo tiempo que disfruta de la hermosa campi\u00f1a de Vall d\u2019Hortons. Caminando a lo largo de los o<strong>livares ecol\u00f3gicos\u00a0 milenarios,<\/strong> disfrutar\u00e1 de la tranquilidad del paisaje con las fant\u00e1sticas vistas de las <strong>monta\u00f1as de Montserrat.<\/strong><\/p>\n<p>Nuestro gu\u00eda\u00a0 le explicar\u00e1 la diferencia entre plantaciones antiguas y nuevas y le permitir\u00e1 explorar las diferentes variedades de aceitunas, <strong>Corbella y Arbequina.<\/strong><\/p>\n<p>Al visitar el taller donde se produce este aceite, aprender\u00e1 c\u00f3mo se lleva a cabo el proceso y, finalmente, disfrutar\u00e1 de <strong>una degustaci\u00f3n de aceite con productos catalanes t\u00edpicos y org\u00e1nicos de Vall d\u2019Hortons, como el queso, la miel.<\/strong><\/p>\n<p>Despu\u00e9s de la visita y antes de regresar a la ciudad, iremos al peque\u00f1o <strong>pueblo de Castelladral<\/strong>, ubicado en la cima de una colina. Es un lugar privilegiado porque tiene las monta\u00f1as de Montserrat a sus pies y el Prepirineo en su parte posterior.<\/p>\n<p>&nbsp;<\/p>\n","protected":false},"excerpt":{"rendered":"<p><strong>Cata de Vino y Aceite de Oliva ecol\u00f3gicos en el Pla de Bages marinado con productos de proximidad<\/strong><\/p>\n","protected":false},"featured_media":2056,"comment_status":"open","ping_status":"closed","template":"","meta":[],"product_brand":[],"product_cat":[157,342,175],"product_tag":[],"class_list":{"0":"post-3779","1":"product","2":"type-product","3":"status-publish","4":"has-post-thumbnail","6":"product_cat-experiencias-terrestres","7":"product_cat-private-tours-es","8":"product_cat-tours-enoturisticos-gastronomicos","9":"pa_tour-types-private-tours-tours-enoturisticos-gastronomicos","11":"first","12":"instock","13":"shipping-taxable","14":"purchasable","15":"product-type-tour_phys"},"yoast_head":"<!-- This site is optimized with the Yoast SEO plugin v26.1.1 - https:\/\/yoast.com\/wordpress\/plugins\/seo\/ -->\n<title>Cata de Vinos y Aceites Ecol\u00f3gicos cerca de Barcelona<\/title>\n<meta name=\"description\" content=\"Cata de Vinos y Aceites Ecol\u00f3gicos en Pla de Bages. Ven a descubrir todo los relacionado con el mundo del vino y el aceite ecol\u00f3gico. P\u00eddenos informaci\u00f3n\" \/>\n<meta name=\"robots\" content=\"index, follow, max-snippet:-1, max-image-preview:large, max-video-preview:-1\" \/>\n<link rel=\"canonical\" href=\"https:\/\/barcelona-discovery.com\/es\/producto\/cata-de-vinos-y-aceites-ecologicos-en-el-pla-de-bages\/\" \/>\n<meta property=\"og:locale\" content=\"es_ES\" \/>\n<meta property=\"og:type\" content=\"article\" \/>\n<meta property=\"og:title\" content=\"Cata de Vinos y Aceites Ecol\u00f3gicos cerca de Barcelona\" \/>\n<meta property=\"og:description\" content=\"Cata de Vinos y Aceites Ecol\u00f3gicos en Pla de Bages. Ven a descubrir todo los relacionado con el mundo del vino y el aceite ecol\u00f3gico. P\u00eddenos informaci\u00f3n\" \/>\n<meta property=\"og:url\" content=\"https:\/\/barcelona-discovery.com\/es\/producto\/cata-de-vinos-y-aceites-ecologicos-en-el-pla-de-bages\/\" \/>\n<meta property=\"og:site_name\" content=\"Barcelona Discovery\" \/>\n<meta property=\"article:publisher\" content=\"https:\/\/www.facebook.com\/BarcelonaDiscovery\/\" \/>\n<meta property=\"article:modified_time\" content=\"2024-06-06T09:54:20+00:00\" \/>\n<meta property=\"og:image\" content=\"https:\/\/barcelona-discovery.com\/wp-content\/uploads\/2017\/09\/worksho.jpg\" \/>\n\t<meta property=\"og:image:width\" content=\"1400\" \/>\n\t<meta property=\"og:image:height\" content=\"700\" \/>\n\t<meta property=\"og:image:type\" content=\"image\/jpeg\" \/>\n<meta name=\"twitter:card\" content=\"summary_large_image\" \/>\n<meta name=\"twitter:site\" content=\"@bcn_discovery\" \/>\n<meta name=\"twitter:label1\" content=\"Tiempo de lectura\" \/>\n\t<meta name=\"twitter:data1\" content=\"2 minutos\" \/>\n<script type=\"application\/ld+json\" class=\"yoast-schema-graph\">{\"@context\":\"https:\/\/schema.org\",\"@graph\":[{\"@type\":\"WebPage\",\"@id\":\"https:\/\/barcelona-discovery.com\/es\/producto\/cata-de-vinos-y-aceites-ecologicos-en-el-pla-de-bages\/\",\"url\":\"https:\/\/barcelona-discovery.com\/es\/producto\/cata-de-vinos-y-aceites-ecologicos-en-el-pla-de-bages\/\",\"name\":\"Cata de Vinos y Aceites Ecol\u00f3gicos cerca de Barcelona\",\"isPartOf\":{\"@id\":\"https:\/\/barcelona-discovery.com\/#website\"},\"primaryImageOfPage\":{\"@id\":\"https:\/\/barcelona-discovery.com\/es\/producto\/cata-de-vinos-y-aceites-ecologicos-en-el-pla-de-bages\/#primaryimage\"},\"image\":{\"@id\":\"https:\/\/barcelona-discovery.com\/es\/producto\/cata-de-vinos-y-aceites-ecologicos-en-el-pla-de-bages\/#primaryimage\"},\"thumbnailUrl\":\"https:\/\/barcelona-discovery.com\/wp-content\/uploads\/2017\/09\/worksho.jpg\",\"datePublished\":\"2018-10-02T08:34:53+00:00\",\"dateModified\":\"2024-06-06T09:54:20+00:00\",\"description\":\"Cata de Vinos y Aceites Ecol\u00f3gicos en Pla de Bages. Ven a descubrir todo los relacionado con el mundo del vino y el aceite ecol\u00f3gico. P\u00eddenos informaci\u00f3n\",\"breadcrumb\":{\"@id\":\"https:\/\/barcelona-discovery.com\/es\/producto\/cata-de-vinos-y-aceites-ecologicos-en-el-pla-de-bages\/#breadcrumb\"},\"inLanguage\":\"es\",\"potentialAction\":[{\"@type\":\"ReadAction\",\"target\":[\"https:\/\/barcelona-discovery.com\/es\/producto\/cata-de-vinos-y-aceites-ecologicos-en-el-pla-de-bages\/\"]}]},{\"@type\":\"ImageObject\",\"inLanguage\":\"es\",\"@id\":\"https:\/\/barcelona-discovery.com\/es\/producto\/cata-de-vinos-y-aceites-ecologicos-en-el-pla-de-bages\/#primaryimage\",\"url\":\"https:\/\/barcelona-discovery.com\/wp-content\/uploads\/2017\/09\/worksho.jpg\",\"contentUrl\":\"https:\/\/barcelona-discovery.com\/wp-content\/uploads\/2017\/09\/worksho.jpg\",\"width\":1400,\"height\":700,\"caption\":\"enoturismos y oleoturismo en CAtalu\u00f1a\"},{\"@type\":\"BreadcrumbList\",\"@id\":\"https:\/\/barcelona-discovery.com\/es\/producto\/cata-de-vinos-y-aceites-ecologicos-en-el-pla-de-bages\/#breadcrumb\",\"itemListElement\":[{\"@type\":\"ListItem\",\"position\":1,\"name\":\"Home\",\"item\":\"https:\/\/barcelona-discovery.com\/es\/\"},{\"@type\":\"ListItem\",\"position\":2,\"name\":\"Tours\",\"item\":\"https:\/\/barcelona-discovery.com\/tours\/\"},{\"@type\":\"ListItem\",\"position\":3,\"name\":\"Cata de Vinos y Aceites ecol\u00f3gicos en el Pla de Bages\"}]},{\"@type\":\"WebSite\",\"@id\":\"https:\/\/barcelona-discovery.com\/#website\",\"url\":\"https:\/\/barcelona-discovery.com\/\",\"name\":\"Barcelona Discovery\",\"description\":\"Private Tours around Barcelona\",\"publisher\":{\"@id\":\"https:\/\/barcelona-discovery.com\/#organization\"},\"potentialAction\":[{\"@type\":\"SearchAction\",\"target\":{\"@type\":\"EntryPoint\",\"urlTemplate\":\"https:\/\/barcelona-discovery.com\/?s={search_term_string}\"},\"query-input\":{\"@type\":\"PropertyValueSpecification\",\"valueRequired\":true,\"valueName\":\"search_term_string\"}}],\"inLanguage\":\"es\"},{\"@type\":\"Organization\",\"@id\":\"https:\/\/barcelona-discovery.com\/#organization\",\"name\":\"Barcelona Discovery\",\"url\":\"https:\/\/barcelona-discovery.com\/\",\"logo\":{\"@type\":\"ImageObject\",\"inLanguage\":\"es\",\"@id\":\"https:\/\/barcelona-discovery.com\/#\/schema\/logo\/image\/\",\"url\":\"https:\/\/barcelona-discovery.com\/wp-content\/uploads\/2024\/02\/logo-linkein.jpg\",\"contentUrl\":\"https:\/\/barcelona-discovery.com\/wp-content\/uploads\/2024\/02\/logo-linkein.jpg\",\"width\":300,\"height\":300,\"caption\":\"Barcelona Discovery\"},\"image\":{\"@id\":\"https:\/\/barcelona-discovery.com\/#\/schema\/logo\/image\/\"},\"sameAs\":[\"https:\/\/www.facebook.com\/BarcelonaDiscovery\/\",\"https:\/\/x.com\/bcn_discovery\",\"https:\/\/www.instagram.com\/barcelonadiscovery\/\",\"https:\/\/www.youtube.com\/channel\/UCwpragtLkdmFTHCzinFQG_g\"]}]}<\/script>\n<!-- \/ Yoast SEO plugin. -->","yoast_head_json":{"title":"Cata de Vinos y Aceites Ecol\u00f3gicos cerca de Barcelona","description":"Cata de Vinos y Aceites Ecol\u00f3gicos en Pla de Bages. Ven a descubrir todo los relacionado con el mundo del vino y el aceite ecol\u00f3gico. P\u00eddenos informaci\u00f3n","robots":{"index":"index","follow":"follow","max-snippet":"max-snippet:-1","max-image-preview":"max-image-preview:large","max-video-preview":"max-video-preview:-1"},"canonical":"https:\/\/barcelona-discovery.com\/es\/producto\/cata-de-vinos-y-aceites-ecologicos-en-el-pla-de-bages\/","og_locale":"es_ES","og_type":"article","og_title":"Cata de Vinos y Aceites Ecol\u00f3gicos cerca de Barcelona","og_description":"Cata de Vinos y Aceites Ecol\u00f3gicos en Pla de Bages. Ven a descubrir todo los relacionado con el mundo del vino y el aceite ecol\u00f3gico. P\u00eddenos informaci\u00f3n","og_url":"https:\/\/barcelona-discovery.com\/es\/producto\/cata-de-vinos-y-aceites-ecologicos-en-el-pla-de-bages\/","og_site_name":"Barcelona Discovery","article_publisher":"https:\/\/www.facebook.com\/BarcelonaDiscovery\/","article_modified_time":"2024-06-06T09:54:20+00:00","og_image":[{"width":1400,"height":700,"url":"https:\/\/barcelona-discovery.com\/wp-content\/uploads\/2017\/09\/worksho.jpg","type":"image\/jpeg"}],"twitter_card":"summary_large_image","twitter_site":"@bcn_discovery","twitter_misc":{"Tiempo de lectura":"2 minutos"},"schema":{"@context":"https:\/\/schema.org","@graph":[{"@type":"WebPage","@id":"https:\/\/barcelona-discovery.com\/es\/producto\/cata-de-vinos-y-aceites-ecologicos-en-el-pla-de-bages\/","url":"https:\/\/barcelona-discovery.com\/es\/producto\/cata-de-vinos-y-aceites-ecologicos-en-el-pla-de-bages\/","name":"Cata de Vinos y Aceites Ecol\u00f3gicos cerca de Barcelona","isPartOf":{"@id":"https:\/\/barcelona-discovery.com\/#website"},"primaryImageOfPage":{"@id":"https:\/\/barcelona-discovery.com\/es\/producto\/cata-de-vinos-y-aceites-ecologicos-en-el-pla-de-bages\/#primaryimage"},"image":{"@id":"https:\/\/barcelona-discovery.com\/es\/producto\/cata-de-vinos-y-aceites-ecologicos-en-el-pla-de-bages\/#primaryimage"},"thumbnailUrl":"https:\/\/barcelona-discovery.com\/wp-content\/uploads\/2017\/09\/worksho.jpg","datePublished":"2018-10-02T08:34:53+00:00","dateModified":"2024-06-06T09:54:20+00:00","description":"Cata de Vinos y Aceites Ecol\u00f3gicos en Pla de Bages. Ven a descubrir todo los relacionado con el mundo del vino y el aceite ecol\u00f3gico. P\u00eddenos informaci\u00f3n","breadcrumb":{"@id":"https:\/\/barcelona-discovery.com\/es\/producto\/cata-de-vinos-y-aceites-ecologicos-en-el-pla-de-bages\/#breadcrumb"},"inLanguage":"es","potentialAction":[{"@type":"ReadAction","target":["https:\/\/barcelona-discovery.com\/es\/producto\/cata-de-vinos-y-aceites-ecologicos-en-el-pla-de-bages\/"]}]},{"@type":"ImageObject","inLanguage":"es","@id":"https:\/\/barcelona-discovery.com\/es\/producto\/cata-de-vinos-y-aceites-ecologicos-en-el-pla-de-bages\/#primaryimage","url":"https:\/\/barcelona-discovery.com\/wp-content\/uploads\/2017\/09\/worksho.jpg","contentUrl":"https:\/\/barcelona-discovery.com\/wp-content\/uploads\/2017\/09\/worksho.jpg","width":1400,"height":700,"caption":"enoturismos y oleoturismo en CAtalu\u00f1a"},{"@type":"BreadcrumbList","@id":"https:\/\/barcelona-discovery.com\/es\/producto\/cata-de-vinos-y-aceites-ecologicos-en-el-pla-de-bages\/#breadcrumb","itemListElement":[{"@type":"ListItem","position":1,"name":"Home","item":"https:\/\/barcelona-discovery.com\/es\/"},{"@type":"ListItem","position":2,"name":"Tours","item":"https:\/\/barcelona-discovery.com\/tours\/"},{"@type":"ListItem","position":3,"name":"Cata de Vinos y Aceites ecol\u00f3gicos en el Pla de Bages"}]},{"@type":"WebSite","@id":"https:\/\/barcelona-discovery.com\/#website","url":"https:\/\/barcelona-discovery.com\/","name":"Barcelona Discovery","description":"Private Tours around Barcelona","publisher":{"@id":"https:\/\/barcelona-discovery.com\/#organization"},"potentialAction":[{"@type":"SearchAction","target":{"@type":"EntryPoint","urlTemplate":"https:\/\/barcelona-discovery.com\/?s={search_term_string}"},"query-input":{"@type":"PropertyValueSpecification","valueRequired":true,"valueName":"search_term_string"}}],"inLanguage":"es"},{"@type":"Organization","@id":"https:\/\/barcelona-discovery.com\/#organization","name":"Barcelona Discovery","url":"https:\/\/barcelona-discovery.com\/","logo":{"@type":"ImageObject","inLanguage":"es","@id":"https:\/\/barcelona-discovery.com\/#\/schema\/logo\/image\/","url":"https:\/\/barcelona-discovery.com\/wp-content\/uploads\/2024\/02\/logo-linkein.jpg","contentUrl":"https:\/\/barcelona-discovery.com\/wp-content\/uploads\/2024\/02\/logo-linkein.jpg","width":300,"height":300,"caption":"Barcelona Discovery"},"image":{"@id":"https:\/\/barcelona-discovery.com\/#\/schema\/logo\/image\/"},"sameAs":["https:\/\/www.facebook.com\/BarcelonaDiscovery\/","https:\/\/x.com\/bcn_discovery","https:\/\/www.instagram.com\/barcelonadiscovery\/","https:\/\/www.youtube.com\/channel\/UCwpragtLkdmFTHCzinFQG_g"]}]}},"_links":{"self":[{"href":"https:\/\/barcelona-discovery.com\/es\/wp-json\/wp\/v2\/product\/3779","targetHints":{"allow":["GET"]}}],"collection":[{"href":"https:\/\/barcelona-discovery.com\/es\/wp-json\/wp\/v2\/product"}],"about":[{"href":"https:\/\/barcelona-discovery.com\/es\/wp-json\/wp\/v2\/types\/product"}],"replies":[{"embeddable":true,"href":"https:\/\/barcelona-discovery.com\/es\/wp-json\/wp\/v2\/comments?post=3779"}],"wp:featuredmedia":[{"embeddable":true,"href":"https:\/\/barcelona-discovery.com\/es\/wp-json\/wp\/v2\/media\/2056"}],"wp:attachment":[{"href":"https:\/\/barcelona-discovery.com\/es\/wp-json\/wp\/v2\/media?parent=3779"}],"wp:term":[{"taxonomy":"product_brand","embeddable":true,"href":"https:\/\/barcelona-discovery.com\/es\/wp-json\/wp\/v2\/product_brand?post=3779"},{"taxonomy":"product_cat","embeddable":true,"href":"https:\/\/barcelona-discovery.com\/es\/wp-json\/wp\/v2\/product_cat?post=3779"},{"taxonomy":"product_tag","embeddable":true,"href":"https:\/\/barcelona-discovery.com\/es\/wp-json\/wp\/v2\/product_tag?post=3779"}],"curies":[{"name":"wp","href":"https:\/\/api.w.org\/{rel}","templated":true}]}}