{"id":3806,"date":"2019-02-20T16:55:39","date_gmt":"2019-02-20T15:55:40","guid":{"rendered":"https:\/\/barcelona-discovery.com\/?post_type=product&#038;p=3806"},"modified":"2024-06-06T11:44:43","modified_gmt":"2024-06-06T10:44:43","slug":"tour-cultural-guiado-por-vic-medieval","status":"publish","type":"product","link":"https:\/\/barcelona-discovery.com\/es\/tours\/tour-cultural-guiado-por-vic-medieval\/","title":{"rendered":"Tour Cultural guiado por el Vic Medieval"},"content":{"rendered":"<p>&nbsp;<\/p>\n<p>Ven y descubre<strong> Vic, capital de Osona<\/strong>. Acompa\u00f1ados de un<strong> gu\u00eda local<\/strong> descubriremos el centro hist\u00f3rico, las murallas, el templo romano, el ayuntamiento\u2026hasta llegar a la Pla\u00e7a Major, la m\u00e1s grande de <strong>Catalu\u00f1a<\/strong>. All\u00ed veremos casas y monumentos medievales, barrocos y modernistas. En esta plaza, los martes y s\u00e1bados se monta mercado des del siglo IX.<\/p>\n<p>&nbsp;<\/p>\n<p>Continuaremos visitando el <strong>Museo Episcopal<\/strong>, en donde nos encontraremos con una de las mejores colecciones de arte rom\u00e1nico y g\u00f3tico. Si no desean visitar el museo dispondr\u00e1n de una hora libre por la ciudad. Despu\u00e9s nos volveremos a encontrar para conocer todo lo realacionado con la tip\u00edca<strong> longaniza de Vic<\/strong>. Se realizar\u00e1 una visita guiada, que consiste en un tour por las instalaciones de la hist\u00f3rica firma, donde veremos el proceso y el m\u00e9todo de elaboraci\u00f3n del<strong> Salchich\u00f3n de Vic<\/strong> . Para terminar nos mostraran los secadores centenarios y procederemos a hacer una cata de los productos.<\/p>\n","protected":false},"excerpt":{"rendered":"<p><b>Tour por el Vic Medieval con visita guiada y degustaci\u00f3n de la t\u00edpica Llonganisa de Vic<\/b><\/p>\n","protected":false},"featured_media":2411,"comment_status":"open","ping_status":"closed","template":"","meta":[],"product_brand":[],"product_cat":[157,342,156],"product_tag":[],"class_list":{"0":"post-3806","1":"product","2":"type-product","3":"status-publish","4":"has-post-thumbnail","6":"product_cat-experiencias-terrestres","7":"product_cat-private-tours-es","8":"product_cat-tours-culturales","10":"first","11":"instock","12":"shipping-taxable","13":"purchasable","14":"product-type-tour_phys"},"yoast_head":"<!-- This site is optimized with the Yoast SEO plugin v26.1.1 - https:\/\/yoast.com\/wordpress\/plugins\/seo\/ -->\n<title>Tour Cultural Guiado por el Vic Medieval \/ Barcelona Discovery<\/title>\n<meta name=\"description\" content=\"Que hacer en Catalu\u00f1a? Ven y descubre Vic, capital de Osona. Acompa\u00f1ados de un gu\u00eda local descubriremos el centro hist\u00f3rico, las murallas, el templo romano.\" \/>\n<meta name=\"robots\" content=\"index, follow, max-snippet:-1, max-image-preview:large, max-video-preview:-1\" \/>\n<link rel=\"canonical\" href=\"https:\/\/barcelona-discovery.com\/?post_type=product&p=3804\" \/>\n<meta property=\"og:locale\" content=\"es_ES\" \/>\n<meta property=\"og:type\" content=\"article\" \/>\n<meta property=\"og:title\" content=\"Tour Cultural Guiado por el Vic Medieval \/ Barcelona Discovery\" \/>\n<meta property=\"og:description\" content=\"Que hacer en Catalu\u00f1a? Ven y descubre Vic, capital de Osona. Acompa\u00f1ados de un gu\u00eda local descubriremos el centro hist\u00f3rico, las murallas, el templo romano.\" \/>\n<meta property=\"og:url\" content=\"https:\/\/barcelona-discovery.com\/?post_type=product&amp;p=3804\" \/>\n<meta property=\"og:site_name\" content=\"Barcelona Discovery\" \/>\n<meta property=\"article:publisher\" content=\"https:\/\/www.facebook.com\/BarcelonaDiscovery\/\" \/>\n<meta property=\"article:modified_time\" content=\"2024-06-06T10:44:43+00:00\" \/>\n<meta property=\"og:image\" content=\"https:\/\/barcelona-discovery.com\/wp-content\/uploads\/2018\/01\/VIC.jpg\" \/>\n\t<meta property=\"og:image:width\" content=\"1400\" \/>\n\t<meta property=\"og:image:height\" content=\"700\" \/>\n\t<meta property=\"og:image:type\" content=\"image\/jpeg\" \/>\n<meta name=\"twitter:card\" content=\"summary_large_image\" \/>\n<meta name=\"twitter:site\" content=\"@bcn_discovery\" \/>\n<meta name=\"twitter:label1\" content=\"Tiempo de lectura\" \/>\n\t<meta name=\"twitter:data1\" content=\"1 minuto\" \/>\n<script type=\"application\/ld+json\" class=\"yoast-schema-graph\">{\"@context\":\"https:\/\/schema.org\",\"@graph\":[{\"@type\":\"WebPage\",\"@id\":\"https:\/\/barcelona-discovery.com\/?post_type=product&p=3804\",\"url\":\"https:\/\/barcelona-discovery.com\/?post_type=product&p=3804\",\"name\":\"Tour Cultural Guiado por el Vic Medieval \/ Barcelona Discovery\",\"isPartOf\":{\"@id\":\"https:\/\/barcelona-discovery.com\/#website\"},\"primaryImageOfPage\":{\"@id\":\"https:\/\/barcelona-discovery.com\/?post_type=product&p=3804#primaryimage\"},\"image\":{\"@id\":\"https:\/\/barcelona-discovery.com\/?post_type=product&p=3804#primaryimage\"},\"thumbnailUrl\":\"https:\/\/barcelona-discovery.com\/wp-content\/uploads\/2018\/01\/VIC.jpg\",\"datePublished\":\"2019-02-20T15:55:40+00:00\",\"dateModified\":\"2024-06-06T10:44:43+00:00\",\"description\":\"Que hacer en Catalu\u00f1a? Ven y descubre Vic, capital de Osona. Acompa\u00f1ados de un gu\u00eda local descubriremos el centro hist\u00f3rico, las murallas, el templo romano.\",\"breadcrumb\":{\"@id\":\"https:\/\/barcelona-discovery.com\/?post_type=product&p=3804#breadcrumb\"},\"inLanguage\":\"es\",\"potentialAction\":[{\"@type\":\"ReadAction\",\"target\":[\"https:\/\/barcelona-discovery.com\/?post_type=product&p=3804\"]}]},{\"@type\":\"ImageObject\",\"inLanguage\":\"es\",\"@id\":\"https:\/\/barcelona-discovery.com\/?post_type=product&p=3804#primaryimage\",\"url\":\"https:\/\/barcelona-discovery.com\/wp-content\/uploads\/2018\/01\/VIC.jpg\",\"contentUrl\":\"https:\/\/barcelona-discovery.com\/wp-content\/uploads\/2018\/01\/VIC.jpg\",\"width\":1400,\"height\":700,\"caption\":\"Barcelona Tours \/ Concierge services in Barcelona\"},{\"@type\":\"BreadcrumbList\",\"@id\":\"https:\/\/barcelona-discovery.com\/?post_type=product&p=3804#breadcrumb\",\"itemListElement\":[{\"@type\":\"ListItem\",\"position\":1,\"name\":\"Home\",\"item\":\"https:\/\/barcelona-discovery.com\/es\/\"},{\"@type\":\"ListItem\",\"position\":2,\"name\":\"Tours\",\"item\":\"https:\/\/barcelona-discovery.com\/tours\/\"},{\"@type\":\"ListItem\",\"position\":3,\"name\":\"Tour Cultural guiado por el Vic Medieval\"}]},{\"@type\":\"WebSite\",\"@id\":\"https:\/\/barcelona-discovery.com\/#website\",\"url\":\"https:\/\/barcelona-discovery.com\/\",\"name\":\"Barcelona Discovery\",\"description\":\"Private Tours around Barcelona\",\"publisher\":{\"@id\":\"https:\/\/barcelona-discovery.com\/#organization\"},\"potentialAction\":[{\"@type\":\"SearchAction\",\"target\":{\"@type\":\"EntryPoint\",\"urlTemplate\":\"https:\/\/barcelona-discovery.com\/?s={search_term_string}\"},\"query-input\":{\"@type\":\"PropertyValueSpecification\",\"valueRequired\":true,\"valueName\":\"search_term_string\"}}],\"inLanguage\":\"es\"},{\"@type\":\"Organization\",\"@id\":\"https:\/\/barcelona-discovery.com\/#organization\",\"name\":\"Barcelona Discovery\",\"url\":\"https:\/\/barcelona-discovery.com\/\",\"logo\":{\"@type\":\"ImageObject\",\"inLanguage\":\"es\",\"@id\":\"https:\/\/barcelona-discovery.com\/#\/schema\/logo\/image\/\",\"url\":\"https:\/\/barcelona-discovery.com\/wp-content\/uploads\/2024\/02\/logo-linkein.jpg\",\"contentUrl\":\"https:\/\/barcelona-discovery.com\/wp-content\/uploads\/2024\/02\/logo-linkein.jpg\",\"width\":300,\"height\":300,\"caption\":\"Barcelona Discovery\"},\"image\":{\"@id\":\"https:\/\/barcelona-discovery.com\/#\/schema\/logo\/image\/\"},\"sameAs\":[\"https:\/\/www.facebook.com\/BarcelonaDiscovery\/\",\"https:\/\/x.com\/bcn_discovery\",\"https:\/\/www.instagram.com\/barcelonadiscovery\/\",\"https:\/\/www.youtube.com\/channel\/UCwpragtLkdmFTHCzinFQG_g\"]}]}<\/script>\n<!-- \/ Yoast SEO plugin. -->","yoast_head_json":{"title":"Tour Cultural Guiado por el Vic Medieval \/ Barcelona Discovery","description":"Que hacer en Catalu\u00f1a? Ven y descubre Vic, capital de Osona. Acompa\u00f1ados de un gu\u00eda local descubriremos el centro hist\u00f3rico, las murallas, el templo romano.","robots":{"index":"index","follow":"follow","max-snippet":"max-snippet:-1","max-image-preview":"max-image-preview:large","max-video-preview":"max-video-preview:-1"},"canonical":"https:\/\/barcelona-discovery.com\/?post_type=product&p=3804","og_locale":"es_ES","og_type":"article","og_title":"Tour Cultural Guiado por el Vic Medieval \/ Barcelona Discovery","og_description":"Que hacer en Catalu\u00f1a? Ven y descubre Vic, capital de Osona. Acompa\u00f1ados de un gu\u00eda local descubriremos el centro hist\u00f3rico, las murallas, el templo romano.","og_url":"https:\/\/barcelona-discovery.com\/?post_type=product&p=3804","og_site_name":"Barcelona Discovery","article_publisher":"https:\/\/www.facebook.com\/BarcelonaDiscovery\/","article_modified_time":"2024-06-06T10:44:43+00:00","og_image":[{"width":1400,"height":700,"url":"https:\/\/barcelona-discovery.com\/wp-content\/uploads\/2018\/01\/VIC.jpg","type":"image\/jpeg"}],"twitter_card":"summary_large_image","twitter_site":"@bcn_discovery","twitter_misc":{"Tiempo de lectura":"1 minuto"},"schema":{"@context":"https:\/\/schema.org","@graph":[{"@type":"WebPage","@id":"https:\/\/barcelona-discovery.com\/?post_type=product&p=3804","url":"https:\/\/barcelona-discovery.com\/?post_type=product&p=3804","name":"Tour Cultural Guiado por el Vic Medieval \/ Barcelona Discovery","isPartOf":{"@id":"https:\/\/barcelona-discovery.com\/#website"},"primaryImageOfPage":{"@id":"https:\/\/barcelona-discovery.com\/?post_type=product&p=3804#primaryimage"},"image":{"@id":"https:\/\/barcelona-discovery.com\/?post_type=product&p=3804#primaryimage"},"thumbnailUrl":"https:\/\/barcelona-discovery.com\/wp-content\/uploads\/2018\/01\/VIC.jpg","datePublished":"2019-02-20T15:55:40+00:00","dateModified":"2024-06-06T10:44:43+00:00","description":"Que hacer en Catalu\u00f1a? Ven y descubre Vic, capital de Osona. Acompa\u00f1ados de un gu\u00eda local descubriremos el centro hist\u00f3rico, las murallas, el templo romano.","breadcrumb":{"@id":"https:\/\/barcelona-discovery.com\/?post_type=product&p=3804#breadcrumb"},"inLanguage":"es","potentialAction":[{"@type":"ReadAction","target":["https:\/\/barcelona-discovery.com\/?post_type=product&p=3804"]}]},{"@type":"ImageObject","inLanguage":"es","@id":"https:\/\/barcelona-discovery.com\/?post_type=product&p=3804#primaryimage","url":"https:\/\/barcelona-discovery.com\/wp-content\/uploads\/2018\/01\/VIC.jpg","contentUrl":"https:\/\/barcelona-discovery.com\/wp-content\/uploads\/2018\/01\/VIC.jpg","width":1400,"height":700,"caption":"Barcelona Tours \/ Concierge services in Barcelona"},{"@type":"BreadcrumbList","@id":"https:\/\/barcelona-discovery.com\/?post_type=product&p=3804#breadcrumb","itemListElement":[{"@type":"ListItem","position":1,"name":"Home","item":"https:\/\/barcelona-discovery.com\/es\/"},{"@type":"ListItem","position":2,"name":"Tours","item":"https:\/\/barcelona-discovery.com\/tours\/"},{"@type":"ListItem","position":3,"name":"Tour Cultural guiado por el Vic Medieval"}]},{"@type":"WebSite","@id":"https:\/\/barcelona-discovery.com\/#website","url":"https:\/\/barcelona-discovery.com\/","name":"Barcelona Discovery","description":"Private Tours around Barcelona","publisher":{"@id":"https:\/\/barcelona-discovery.com\/#organization"},"potentialAction":[{"@type":"SearchAction","target":{"@type":"EntryPoint","urlTemplate":"https:\/\/barcelona-discovery.com\/?s={search_term_string}"},"query-input":{"@type":"PropertyValueSpecification","valueRequired":true,"valueName":"search_term_string"}}],"inLanguage":"es"},{"@type":"Organization","@id":"https:\/\/barcelona-discovery.com\/#organization","name":"Barcelona Discovery","url":"https:\/\/barcelona-discovery.com\/","logo":{"@type":"ImageObject","inLanguage":"es","@id":"https:\/\/barcelona-discovery.com\/#\/schema\/logo\/image\/","url":"https:\/\/barcelona-discovery.com\/wp-content\/uploads\/2024\/02\/logo-linkein.jpg","contentUrl":"https:\/\/barcelona-discovery.com\/wp-content\/uploads\/2024\/02\/logo-linkein.jpg","width":300,"height":300,"caption":"Barcelona Discovery"},"image":{"@id":"https:\/\/barcelona-discovery.com\/#\/schema\/logo\/image\/"},"sameAs":["https:\/\/www.facebook.com\/BarcelonaDiscovery\/","https:\/\/x.com\/bcn_discovery","https:\/\/www.instagram.com\/barcelonadiscovery\/","https:\/\/www.youtube.com\/channel\/UCwpragtLkdmFTHCzinFQG_g"]}]}},"_links":{"self":[{"href":"https:\/\/barcelona-discovery.com\/es\/wp-json\/wp\/v2\/product\/3806","targetHints":{"allow":["GET"]}}],"collection":[{"href":"https:\/\/barcelona-discovery.com\/es\/wp-json\/wp\/v2\/product"}],"about":[{"href":"https:\/\/barcelona-discovery.com\/es\/wp-json\/wp\/v2\/types\/product"}],"replies":[{"embeddable":true,"href":"https:\/\/barcelona-discovery.com\/es\/wp-json\/wp\/v2\/comments?post=3806"}],"wp:featuredmedia":[{"embeddable":true,"href":"https:\/\/barcelona-discovery.com\/es\/wp-json\/wp\/v2\/media\/2411"}],"wp:attachment":[{"href":"https:\/\/barcelona-discovery.com\/es\/wp-json\/wp\/v2\/media?parent=3806"}],"wp:term":[{"taxonomy":"product_brand","embeddable":true,"href":"https:\/\/barcelona-discovery.com\/es\/wp-json\/wp\/v2\/product_brand?post=3806"},{"taxonomy":"product_cat","embeddable":true,"href":"https:\/\/barcelona-discovery.com\/es\/wp-json\/wp\/v2\/product_cat?post=3806"},{"taxonomy":"product_tag","embeddable":true,"href":"https:\/\/barcelona-discovery.com\/es\/wp-json\/wp\/v2\/product_tag?post=3806"}],"curies":[{"name":"wp","href":"https:\/\/api.w.org\/{rel}","templated":true}]}}