{"id":3824,"date":"2019-02-28T10:04:08","date_gmt":"2019-02-28T09:04:08","guid":{"rendered":"https:\/\/barcelona-discovery.com\/?post_type=product&#038;p=3824"},"modified":"2024-04-15T15:19:16","modified_gmt":"2024-04-15T14:19:16","slug":"tour-privado-a-montserrat","status":"publish","type":"product","link":"https:\/\/barcelona-discovery.com\/es\/tours\/tour-privado-a-montserrat\/","title":{"rendered":"Tour Privado a Montserrat"},"content":{"rendered":"<p>Este tour es la<strong> forma m\u00e1s f\u00e1cil de visitar Montserrat !!<\/strong><\/p>\n<p><strong>Montserrat es una monta\u00f1a \u00fanica en el mundo<\/strong>, si est\u00e1s visitando Barcelona ser\u00eda una pena que no vengas a visitar el Monasterio de Montserrat. Se considera la piedra angular de la cultura, la historia, la naturaleza y la espiritualidad catalanas. Su gu\u00eda le proporcionar\u00e1 mucha informaci\u00f3n al respecto durante la visita guiada. Ver\u00e1 el atrio, donde se representan muchos eventos de la historia del pa\u00eds; la Bas\u00edlica, en cuyo interior se asienta la Virgen Negra, y su excepcional fachada. Tambi\u00e9n ver\u00e1 el claustro del siglo XV y la plaza de Santa Mar\u00eda.<\/p>\n<p>Su <strong>gu\u00eda le dar\u00e1 un recorrido por los lugares principales,<\/strong> como el <strong>museo<\/strong> donde hay una gran colecci\u00f3n de pinturas, los restaurantes y las diferentes tiendas, despu\u00e9s de que tenga tiempo libre para dedicarse a los aspectos de este hermoso y espiritual lugar.<\/p>\n<p>En este<strong> Tour privado por Montserrat<\/strong>, tendr\u00e1 la oportunidad de escuchar el Concierto de los <strong>&#8220;Escolanets de Montserrat&#8221;<\/strong><\/p>\n<p>Resumiendo con este tour tendr\u00e1 la oportunidad de &#8230;<\/p>\n<p><i class=\"fa fa-check icon-tick icon-tick--on\"><\/i>Descubra la M<strong>onta\u00f1a M\u00e1gica y el monasterio de Montserra<\/strong>t con nuestro gu\u00eda privado con gu\u00eda y escuche al Coro de Ni\u00f1os.<\/p>\n<p><i class=\"fa fa-check icon-tick icon-tick--on\"><\/i>Visitar <strong>\u201cLa Moreneta\u201d<\/strong>, la bas\u00edlica de la Virgen Negra de Montserrat<\/p>\n<p><i class=\"fa fa-check icon-tick icon-tick--on\"><\/i>Visitar al museo que tiene una gran colecci\u00f3n de pinturas.<\/p>\n<p><i class=\"fa fa-check icon-tick icon-tick--on\"><\/i>Se le mostrar\u00e1 la figura de la s<strong>e\u00f1ora de Montserrat en la Capilla de la Dama del siglo XII.<\/strong><\/p>\n<p><i class=\"fa fa-check icon-tick icon-tick--on\"><\/i>Tendra posibilidad de comprar <strong>productos locales<\/strong> en el mercado de artesanos, como miel,queso, vino&#8230;<\/p>\n","protected":false},"excerpt":{"rendered":"<p><strong>Tour privado a Montserrat acompa\u00f1ados por un Guia Oficial <\/strong><\/p>\n<p>&nbsp;<\/p>\n","protected":false},"featured_media":2931,"comment_status":"open","ping_status":"closed","template":"","meta":[],"product_brand":[],"product_cat":[157,342,156],"product_tag":[],"class_list":{"0":"post-3824","1":"product","2":"type-product","3":"status-publish","4":"has-post-thumbnail","6":"product_cat-experiencias-terrestres","7":"product_cat-private-tours-es","8":"product_cat-tours-culturales","9":"pa_tour-type-experiencias-terrestres","10":"pa_tour-types-land-experiences-tours-culturales","11":"pa_tour-types-private-tours-tours-culturales","13":"first","14":"instock","15":"shipping-taxable","16":"purchasable","17":"product-type-tour_phys"},"yoast_head":"<!-- This site is optimized with the Yoast SEO plugin v26.1.1 - https:\/\/yoast.com\/wordpress\/plugins\/seo\/ -->\n<title>Tour Privado a Montserrat con un Guia Oficial<\/title>\n<meta name=\"description\" content=\"xplore the Magic Mountain and its Monastery with our private tour. You&#039;ll discover all the stories of Montserrat.\" \/>\n<meta name=\"robots\" content=\"index, follow, max-snippet:-1, max-image-preview:large, max-video-preview:-1\" \/>\n<link rel=\"canonical\" href=\"https:\/\/barcelona-discovery.com\/es\/producto\/tour-privado-a-montserrat\/\" \/>\n<meta property=\"og:locale\" content=\"es_ES\" \/>\n<meta property=\"og:type\" content=\"article\" \/>\n<meta property=\"og:title\" content=\"Tour Privado a Montserrat con un Guia Oficial\" \/>\n<meta property=\"og:description\" content=\"xplore the Magic Mountain and its Monastery with our private tour. You&#039;ll discover all the stories of Montserrat.\" \/>\n<meta property=\"og:url\" content=\"https:\/\/barcelona-discovery.com\/es\/producto\/tour-privado-a-montserrat\/\" \/>\n<meta property=\"og:site_name\" content=\"Barcelona Discovery\" \/>\n<meta property=\"article:publisher\" content=\"https:\/\/www.facebook.com\/BarcelonaDiscovery\/\" \/>\n<meta property=\"article:modified_time\" content=\"2024-04-15T14:19:16+00:00\" \/>\n<meta property=\"og:image\" content=\"https:\/\/barcelona-discovery.com\/wp-content\/uploads\/2018\/05\/mont.jpg\" \/>\n\t<meta property=\"og:image:width\" content=\"1000\" \/>\n\t<meta property=\"og:image:height\" content=\"500\" \/>\n\t<meta property=\"og:image:type\" content=\"image\/jpeg\" \/>\n<meta name=\"twitter:card\" content=\"summary_large_image\" \/>\n<meta name=\"twitter:site\" content=\"@bcn_discovery\" \/>\n<meta name=\"twitter:label1\" content=\"Tiempo de lectura\" \/>\n\t<meta name=\"twitter:data1\" content=\"1 minuto\" \/>\n<script type=\"application\/ld+json\" class=\"yoast-schema-graph\">{\"@context\":\"https:\/\/schema.org\",\"@graph\":[{\"@type\":\"WebPage\",\"@id\":\"https:\/\/barcelona-discovery.com\/es\/producto\/tour-privado-a-montserrat\/\",\"url\":\"https:\/\/barcelona-discovery.com\/es\/producto\/tour-privado-a-montserrat\/\",\"name\":\"Tour Privado a Montserrat con un Guia Oficial\",\"isPartOf\":{\"@id\":\"https:\/\/barcelona-discovery.com\/#website\"},\"primaryImageOfPage\":{\"@id\":\"https:\/\/barcelona-discovery.com\/es\/producto\/tour-privado-a-montserrat\/#primaryimage\"},\"image\":{\"@id\":\"https:\/\/barcelona-discovery.com\/es\/producto\/tour-privado-a-montserrat\/#primaryimage\"},\"thumbnailUrl\":\"https:\/\/barcelona-discovery.com\/wp-content\/uploads\/2018\/05\/mont.jpg\",\"datePublished\":\"2019-02-28T09:04:08+00:00\",\"dateModified\":\"2024-04-15T14:19:16+00:00\",\"description\":\"xplore the Magic Mountain and its Monastery with our private tour. You'll discover all the stories of Montserrat.\",\"breadcrumb\":{\"@id\":\"https:\/\/barcelona-discovery.com\/es\/producto\/tour-privado-a-montserrat\/#breadcrumb\"},\"inLanguage\":\"es\",\"potentialAction\":[{\"@type\":\"ReadAction\",\"target\":[\"https:\/\/barcelona-discovery.com\/es\/producto\/tour-privado-a-montserrat\/\"]}]},{\"@type\":\"ImageObject\",\"inLanguage\":\"es\",\"@id\":\"https:\/\/barcelona-discovery.com\/es\/producto\/tour-privado-a-montserrat\/#primaryimage\",\"url\":\"https:\/\/barcelona-discovery.com\/wp-content\/uploads\/2018\/05\/mont.jpg\",\"contentUrl\":\"https:\/\/barcelona-discovery.com\/wp-content\/uploads\/2018\/05\/mont.jpg\",\"width\":1000,\"height\":500,\"caption\":\"tour privado a Montserrat\"},{\"@type\":\"BreadcrumbList\",\"@id\":\"https:\/\/barcelona-discovery.com\/es\/producto\/tour-privado-a-montserrat\/#breadcrumb\",\"itemListElement\":[{\"@type\":\"ListItem\",\"position\":1,\"name\":\"Home\",\"item\":\"https:\/\/barcelona-discovery.com\/es\/\"},{\"@type\":\"ListItem\",\"position\":2,\"name\":\"Tours\",\"item\":\"https:\/\/barcelona-discovery.com\/tours\/\"},{\"@type\":\"ListItem\",\"position\":3,\"name\":\"Tour Privado a Montserrat\"}]},{\"@type\":\"WebSite\",\"@id\":\"https:\/\/barcelona-discovery.com\/#website\",\"url\":\"https:\/\/barcelona-discovery.com\/\",\"name\":\"Barcelona Discovery\",\"description\":\"Private Tours around Barcelona\",\"publisher\":{\"@id\":\"https:\/\/barcelona-discovery.com\/#organization\"},\"potentialAction\":[{\"@type\":\"SearchAction\",\"target\":{\"@type\":\"EntryPoint\",\"urlTemplate\":\"https:\/\/barcelona-discovery.com\/?s={search_term_string}\"},\"query-input\":{\"@type\":\"PropertyValueSpecification\",\"valueRequired\":true,\"valueName\":\"search_term_string\"}}],\"inLanguage\":\"es\"},{\"@type\":\"Organization\",\"@id\":\"https:\/\/barcelona-discovery.com\/#organization\",\"name\":\"Barcelona Discovery\",\"url\":\"https:\/\/barcelona-discovery.com\/\",\"logo\":{\"@type\":\"ImageObject\",\"inLanguage\":\"es\",\"@id\":\"https:\/\/barcelona-discovery.com\/#\/schema\/logo\/image\/\",\"url\":\"https:\/\/barcelona-discovery.com\/wp-content\/uploads\/2024\/02\/logo-linkein.jpg\",\"contentUrl\":\"https:\/\/barcelona-discovery.com\/wp-content\/uploads\/2024\/02\/logo-linkein.jpg\",\"width\":300,\"height\":300,\"caption\":\"Barcelona Discovery\"},\"image\":{\"@id\":\"https:\/\/barcelona-discovery.com\/#\/schema\/logo\/image\/\"},\"sameAs\":[\"https:\/\/www.facebook.com\/BarcelonaDiscovery\/\",\"https:\/\/x.com\/bcn_discovery\",\"https:\/\/www.instagram.com\/barcelonadiscovery\/\",\"https:\/\/www.youtube.com\/channel\/UCwpragtLkdmFTHCzinFQG_g\"]}]}<\/script>\n<!-- \/ Yoast SEO plugin. -->","yoast_head_json":{"title":"Tour Privado a Montserrat con un Guia Oficial","description":"xplore the Magic Mountain and its Monastery with our private tour. You'll discover all the stories of Montserrat.","robots":{"index":"index","follow":"follow","max-snippet":"max-snippet:-1","max-image-preview":"max-image-preview:large","max-video-preview":"max-video-preview:-1"},"canonical":"https:\/\/barcelona-discovery.com\/es\/producto\/tour-privado-a-montserrat\/","og_locale":"es_ES","og_type":"article","og_title":"Tour Privado a Montserrat con un Guia Oficial","og_description":"xplore the Magic Mountain and its Monastery with our private tour. You'll discover all the stories of Montserrat.","og_url":"https:\/\/barcelona-discovery.com\/es\/producto\/tour-privado-a-montserrat\/","og_site_name":"Barcelona Discovery","article_publisher":"https:\/\/www.facebook.com\/BarcelonaDiscovery\/","article_modified_time":"2024-04-15T14:19:16+00:00","og_image":[{"width":1000,"height":500,"url":"https:\/\/barcelona-discovery.com\/wp-content\/uploads\/2018\/05\/mont.jpg","type":"image\/jpeg"}],"twitter_card":"summary_large_image","twitter_site":"@bcn_discovery","twitter_misc":{"Tiempo de lectura":"1 minuto"},"schema":{"@context":"https:\/\/schema.org","@graph":[{"@type":"WebPage","@id":"https:\/\/barcelona-discovery.com\/es\/producto\/tour-privado-a-montserrat\/","url":"https:\/\/barcelona-discovery.com\/es\/producto\/tour-privado-a-montserrat\/","name":"Tour Privado a Montserrat con un Guia Oficial","isPartOf":{"@id":"https:\/\/barcelona-discovery.com\/#website"},"primaryImageOfPage":{"@id":"https:\/\/barcelona-discovery.com\/es\/producto\/tour-privado-a-montserrat\/#primaryimage"},"image":{"@id":"https:\/\/barcelona-discovery.com\/es\/producto\/tour-privado-a-montserrat\/#primaryimage"},"thumbnailUrl":"https:\/\/barcelona-discovery.com\/wp-content\/uploads\/2018\/05\/mont.jpg","datePublished":"2019-02-28T09:04:08+00:00","dateModified":"2024-04-15T14:19:16+00:00","description":"xplore the Magic Mountain and its Monastery with our private tour. You'll discover all the stories of Montserrat.","breadcrumb":{"@id":"https:\/\/barcelona-discovery.com\/es\/producto\/tour-privado-a-montserrat\/#breadcrumb"},"inLanguage":"es","potentialAction":[{"@type":"ReadAction","target":["https:\/\/barcelona-discovery.com\/es\/producto\/tour-privado-a-montserrat\/"]}]},{"@type":"ImageObject","inLanguage":"es","@id":"https:\/\/barcelona-discovery.com\/es\/producto\/tour-privado-a-montserrat\/#primaryimage","url":"https:\/\/barcelona-discovery.com\/wp-content\/uploads\/2018\/05\/mont.jpg","contentUrl":"https:\/\/barcelona-discovery.com\/wp-content\/uploads\/2018\/05\/mont.jpg","width":1000,"height":500,"caption":"tour privado a Montserrat"},{"@type":"BreadcrumbList","@id":"https:\/\/barcelona-discovery.com\/es\/producto\/tour-privado-a-montserrat\/#breadcrumb","itemListElement":[{"@type":"ListItem","position":1,"name":"Home","item":"https:\/\/barcelona-discovery.com\/es\/"},{"@type":"ListItem","position":2,"name":"Tours","item":"https:\/\/barcelona-discovery.com\/tours\/"},{"@type":"ListItem","position":3,"name":"Tour Privado a Montserrat"}]},{"@type":"WebSite","@id":"https:\/\/barcelona-discovery.com\/#website","url":"https:\/\/barcelona-discovery.com\/","name":"Barcelona Discovery","description":"Private Tours around Barcelona","publisher":{"@id":"https:\/\/barcelona-discovery.com\/#organization"},"potentialAction":[{"@type":"SearchAction","target":{"@type":"EntryPoint","urlTemplate":"https:\/\/barcelona-discovery.com\/?s={search_term_string}"},"query-input":{"@type":"PropertyValueSpecification","valueRequired":true,"valueName":"search_term_string"}}],"inLanguage":"es"},{"@type":"Organization","@id":"https:\/\/barcelona-discovery.com\/#organization","name":"Barcelona Discovery","url":"https:\/\/barcelona-discovery.com\/","logo":{"@type":"ImageObject","inLanguage":"es","@id":"https:\/\/barcelona-discovery.com\/#\/schema\/logo\/image\/","url":"https:\/\/barcelona-discovery.com\/wp-content\/uploads\/2024\/02\/logo-linkein.jpg","contentUrl":"https:\/\/barcelona-discovery.com\/wp-content\/uploads\/2024\/02\/logo-linkein.jpg","width":300,"height":300,"caption":"Barcelona Discovery"},"image":{"@id":"https:\/\/barcelona-discovery.com\/#\/schema\/logo\/image\/"},"sameAs":["https:\/\/www.facebook.com\/BarcelonaDiscovery\/","https:\/\/x.com\/bcn_discovery","https:\/\/www.instagram.com\/barcelonadiscovery\/","https:\/\/www.youtube.com\/channel\/UCwpragtLkdmFTHCzinFQG_g"]}]}},"_links":{"self":[{"href":"https:\/\/barcelona-discovery.com\/es\/wp-json\/wp\/v2\/product\/3824","targetHints":{"allow":["GET"]}}],"collection":[{"href":"https:\/\/barcelona-discovery.com\/es\/wp-json\/wp\/v2\/product"}],"about":[{"href":"https:\/\/barcelona-discovery.com\/es\/wp-json\/wp\/v2\/types\/product"}],"replies":[{"embeddable":true,"href":"https:\/\/barcelona-discovery.com\/es\/wp-json\/wp\/v2\/comments?post=3824"}],"wp:featuredmedia":[{"embeddable":true,"href":"https:\/\/barcelona-discovery.com\/es\/wp-json\/wp\/v2\/media\/2931"}],"wp:attachment":[{"href":"https:\/\/barcelona-discovery.com\/es\/wp-json\/wp\/v2\/media?parent=3824"}],"wp:term":[{"taxonomy":"product_brand","embeddable":true,"href":"https:\/\/barcelona-discovery.com\/es\/wp-json\/wp\/v2\/product_brand?post=3824"},{"taxonomy":"product_cat","embeddable":true,"href":"https:\/\/barcelona-discovery.com\/es\/wp-json\/wp\/v2\/product_cat?post=3824"},{"taxonomy":"product_tag","embeddable":true,"href":"https:\/\/barcelona-discovery.com\/es\/wp-json\/wp\/v2\/product_tag?post=3824"}],"curies":[{"name":"wp","href":"https:\/\/api.w.org\/{rel}","templated":true}]}}