{"id":5420,"date":"2019-05-13T15:25:37","date_gmt":"2020-05-26T10:20:45","guid":{"rendered":"https:\/\/barcelona-discovery.com\/?post_type=product&#038;p=5420"},"modified":"2024-04-15T15:17:40","modified_gmt":"2024-04-15T14:17:40","slug":"subasta-de-pescado-en-la-barceloneta","status":"publish","type":"product","link":"https:\/\/barcelona-discovery.com\/es\/tours\/subasta-de-pescado-en-la-barceloneta\/","title":{"rendered":"Subasta de pescado en La Barceloneta &#038; Tapas Marineras"},"content":{"rendered":"<p><strong>La Barceloneta<\/strong> es famosa por sus\u00a0 playas, pero este\u00a0 tour le llevar\u00e1 a conocer los bastidores de la cultura marinera de Barcelona, a\u00fan activa en su\u00a0 esencia original.<\/p>\n<p>Tendremos acceso exclusivo a la Lonja de pescado de <strong>La Barceloneta,<\/strong> en el coraz\u00f3n de la ciudad, abierto solamente para profesionales o visitas guiadas oficiales como la nuestra, a trav\u00e9s de la colaboraci\u00f3n con nuestros amigos del proyecto El Peix al Plat.<\/p>\n<p>Durante esta visita aprenderemos sobre las diferentes t\u00e9cnicas de pesca, especies locales de peces y muchas m\u00e1s curiosidades sobre este oficio ancestral, adem\u00e1s presenciaremos la subasta diaria de pescado!<\/p>\n<p>Esta visita busca concienciar sobre un consumo de pescado m\u00e1s responsable y sostenible, para reflexionar sobre qu\u00e9 impacto medioambiental tenemos sobre los mares.<\/p>\n<p>Es posible incluir un suplemento de comida y tour a la visita: antes de entrar al puerto de Barcelona, podemos disfrutar de una selecci\u00f3n de tapas de proximidad en un restaurante local y conocer las calles del barrio de La Barceloneta descubriendo sus plazas t\u00edpicas, el mercado municipal, viviendo todo el encanto marinero de esta zona de Barcelona llena de historia.<\/p>\n<p>Incluido en la experiencia: gu\u00eda local y entrada a la Lonja de Pescadores<\/p>\n<p>M\u00e1s informaci\u00f3n:<\/p>\n<p>Horario regular: lunes y viernes, 15:30-17:30h.<\/p>\n<p>Punto de encuentro: <a href=\"https:\/\/goo.gl\/maps\/NqxiWL72cGy66ro99\">Museu d&#8217;Hist\u00f2ria de Catalunya <\/a>(Metro Barceloneta)<\/p>\n<p>Suplemento de comida tapeo en horario de 13:30-15:00 bajo petici\u00f3n.<\/p>\n<p>Tambi\u00e9n es posible consultar disponibilidad para la subasta de pescado de la ma\u00f1ana (8:00-11:00h), con suplemento para desayuno t\u00edpico catal\u00e1n despu\u00e9s de la visita.<\/p>\n","protected":false},"excerpt":{"rendered":"<p><strong>Subasta de pescado en La Barceloneta- Descubra la verdadera Barceloneta<\/strong><\/p>\n","protected":false},"featured_media":4020,"comment_status":"open","ping_status":"closed","template":"","meta":[],"product_brand":[],"product_cat":[157,342,178],"product_tag":[],"class_list":{"0":"post-5420","1":"product","2":"type-product","3":"status-publish","4":"has-post-thumbnail","6":"product_cat-experiencias-terrestres","7":"product_cat-private-tours-es","8":"product_cat-tours-por-barcelona","9":"pa_tour-types-land-experiences-tours-barcelona","10":"pa_tour-types-private-tours-tours-privados-por-barcelona","12":"first","13":"instock","14":"shipping-taxable","15":"purchasable","16":"product-type-tour_phys"},"yoast_head":"<!-- This site is optimized with the Yoast SEO plugin v26.1.1 - https:\/\/yoast.com\/wordpress\/plugins\/seo\/ -->\n<title>Subasta de pescado en La Barceloneta &amp; Tapas Marineras<\/title>\n<meta name=\"description\" content=\"Subasta de pescado en la Barcelona. Descubra la verdadera barceloneta y el puerto pesquero de Barcelona. Le parecera descubrir un peque\u00f1o pueblo pesquero.\" \/>\n<meta name=\"robots\" content=\"index, follow, max-snippet:-1, max-image-preview:large, max-video-preview:-1\" \/>\n<link rel=\"canonical\" href=\"https:\/\/barcelona-discovery.com\/producto\/barcelona-fish-market-tour\/\" \/>\n<meta property=\"og:locale\" content=\"es_ES\" \/>\n<meta property=\"og:type\" content=\"article\" \/>\n<meta property=\"og:title\" content=\"Subasta de pescado en La Barceloneta &amp; Tapas Marineras\" \/>\n<meta property=\"og:description\" content=\"Subasta de pescado en la Barcelona. Descubra la verdadera barceloneta y el puerto pesquero de Barcelona. Le parecera descubrir un peque\u00f1o pueblo pesquero.\" \/>\n<meta property=\"og:url\" content=\"https:\/\/barcelona-discovery.com\/producto\/barcelona-fish-market-tour\/\" \/>\n<meta property=\"og:site_name\" content=\"Barcelona Discovery\" \/>\n<meta property=\"article:publisher\" content=\"https:\/\/www.facebook.com\/BarcelonaDiscovery\/\" \/>\n<meta property=\"article:modified_time\" content=\"2024-04-15T14:17:40+00:00\" \/>\n<meta property=\"og:image\" content=\"https:\/\/barcelona-discovery.com\/wp-content\/uploads\/2019\/05\/private-tour-fish-market.jpg\" \/>\n\t<meta property=\"og:image:width\" content=\"1000\" \/>\n\t<meta property=\"og:image:height\" content=\"500\" \/>\n\t<meta property=\"og:image:type\" content=\"image\/jpeg\" \/>\n<meta name=\"twitter:card\" content=\"summary_large_image\" \/>\n<meta name=\"twitter:site\" content=\"@bcn_discovery\" \/>\n<meta name=\"twitter:label1\" content=\"Tiempo de lectura\" \/>\n\t<meta name=\"twitter:data1\" content=\"1 minuto\" \/>\n<script type=\"application\/ld+json\" class=\"yoast-schema-graph\">{\"@context\":\"https:\/\/schema.org\",\"@graph\":[{\"@type\":\"WebPage\",\"@id\":\"https:\/\/barcelona-discovery.com\/producto\/barcelona-fish-market-tour\/\",\"url\":\"https:\/\/barcelona-discovery.com\/producto\/barcelona-fish-market-tour\/\",\"name\":\"Subasta de pescado en La Barceloneta & Tapas Marineras\",\"isPartOf\":{\"@id\":\"https:\/\/barcelona-discovery.com\/#website\"},\"primaryImageOfPage\":{\"@id\":\"https:\/\/barcelona-discovery.com\/producto\/barcelona-fish-market-tour\/#primaryimage\"},\"image\":{\"@id\":\"https:\/\/barcelona-discovery.com\/producto\/barcelona-fish-market-tour\/#primaryimage\"},\"thumbnailUrl\":\"https:\/\/barcelona-discovery.com\/wp-content\/uploads\/2019\/05\/private-tour-fish-market.jpg\",\"datePublished\":\"2020-05-26T10:20:45+00:00\",\"dateModified\":\"2024-04-15T14:17:40+00:00\",\"description\":\"Subasta de pescado en la Barcelona. Descubra la verdadera barceloneta y el puerto pesquero de Barcelona. Le parecera descubrir un peque\u00f1o pueblo pesquero.\",\"breadcrumb\":{\"@id\":\"https:\/\/barcelona-discovery.com\/producto\/barcelona-fish-market-tour\/#breadcrumb\"},\"inLanguage\":\"es\",\"potentialAction\":[{\"@type\":\"ReadAction\",\"target\":[\"https:\/\/barcelona-discovery.com\/producto\/barcelona-fish-market-tour\/\"]}]},{\"@type\":\"ImageObject\",\"inLanguage\":\"es\",\"@id\":\"https:\/\/barcelona-discovery.com\/producto\/barcelona-fish-market-tour\/#primaryimage\",\"url\":\"https:\/\/barcelona-discovery.com\/wp-content\/uploads\/2019\/05\/private-tour-fish-market.jpg\",\"contentUrl\":\"https:\/\/barcelona-discovery.com\/wp-content\/uploads\/2019\/05\/private-tour-fish-market.jpg\",\"width\":1000,\"height\":500,\"caption\":\"Private guided Tour\"},{\"@type\":\"BreadcrumbList\",\"@id\":\"https:\/\/barcelona-discovery.com\/producto\/barcelona-fish-market-tour\/#breadcrumb\",\"itemListElement\":[{\"@type\":\"ListItem\",\"position\":1,\"name\":\"Home\",\"item\":\"https:\/\/barcelona-discovery.com\/es\/\"},{\"@type\":\"ListItem\",\"position\":2,\"name\":\"Tours\",\"item\":\"https:\/\/barcelona-discovery.com\/tours\/\"},{\"@type\":\"ListItem\",\"position\":3,\"name\":\"Subasta de pescado en La Barceloneta &#038; Tapas Marineras\"}]},{\"@type\":\"WebSite\",\"@id\":\"https:\/\/barcelona-discovery.com\/#website\",\"url\":\"https:\/\/barcelona-discovery.com\/\",\"name\":\"Barcelona Discovery\",\"description\":\"Private Tours around Barcelona\",\"publisher\":{\"@id\":\"https:\/\/barcelona-discovery.com\/#organization\"},\"potentialAction\":[{\"@type\":\"SearchAction\",\"target\":{\"@type\":\"EntryPoint\",\"urlTemplate\":\"https:\/\/barcelona-discovery.com\/?s={search_term_string}\"},\"query-input\":{\"@type\":\"PropertyValueSpecification\",\"valueRequired\":true,\"valueName\":\"search_term_string\"}}],\"inLanguage\":\"es\"},{\"@type\":\"Organization\",\"@id\":\"https:\/\/barcelona-discovery.com\/#organization\",\"name\":\"Barcelona Discovery\",\"url\":\"https:\/\/barcelona-discovery.com\/\",\"logo\":{\"@type\":\"ImageObject\",\"inLanguage\":\"es\",\"@id\":\"https:\/\/barcelona-discovery.com\/#\/schema\/logo\/image\/\",\"url\":\"https:\/\/barcelona-discovery.com\/wp-content\/uploads\/2024\/02\/logo-linkein.jpg\",\"contentUrl\":\"https:\/\/barcelona-discovery.com\/wp-content\/uploads\/2024\/02\/logo-linkein.jpg\",\"width\":300,\"height\":300,\"caption\":\"Barcelona Discovery\"},\"image\":{\"@id\":\"https:\/\/barcelona-discovery.com\/#\/schema\/logo\/image\/\"},\"sameAs\":[\"https:\/\/www.facebook.com\/BarcelonaDiscovery\/\",\"https:\/\/x.com\/bcn_discovery\",\"https:\/\/www.instagram.com\/barcelonadiscovery\/\",\"https:\/\/www.youtube.com\/channel\/UCwpragtLkdmFTHCzinFQG_g\"]}]}<\/script>\n<!-- \/ Yoast SEO plugin. -->","yoast_head_json":{"title":"Subasta de pescado en La Barceloneta & Tapas Marineras","description":"Subasta de pescado en la Barcelona. Descubra la verdadera barceloneta y el puerto pesquero de Barcelona. Le parecera descubrir un peque\u00f1o pueblo pesquero.","robots":{"index":"index","follow":"follow","max-snippet":"max-snippet:-1","max-image-preview":"max-image-preview:large","max-video-preview":"max-video-preview:-1"},"canonical":"https:\/\/barcelona-discovery.com\/producto\/barcelona-fish-market-tour\/","og_locale":"es_ES","og_type":"article","og_title":"Subasta de pescado en La Barceloneta & Tapas Marineras","og_description":"Subasta de pescado en la Barcelona. Descubra la verdadera barceloneta y el puerto pesquero de Barcelona. Le parecera descubrir un peque\u00f1o pueblo pesquero.","og_url":"https:\/\/barcelona-discovery.com\/producto\/barcelona-fish-market-tour\/","og_site_name":"Barcelona Discovery","article_publisher":"https:\/\/www.facebook.com\/BarcelonaDiscovery\/","article_modified_time":"2024-04-15T14:17:40+00:00","og_image":[{"width":1000,"height":500,"url":"https:\/\/barcelona-discovery.com\/wp-content\/uploads\/2019\/05\/private-tour-fish-market.jpg","type":"image\/jpeg"}],"twitter_card":"summary_large_image","twitter_site":"@bcn_discovery","twitter_misc":{"Tiempo de lectura":"1 minuto"},"schema":{"@context":"https:\/\/schema.org","@graph":[{"@type":"WebPage","@id":"https:\/\/barcelona-discovery.com\/producto\/barcelona-fish-market-tour\/","url":"https:\/\/barcelona-discovery.com\/producto\/barcelona-fish-market-tour\/","name":"Subasta de pescado en La Barceloneta & Tapas Marineras","isPartOf":{"@id":"https:\/\/barcelona-discovery.com\/#website"},"primaryImageOfPage":{"@id":"https:\/\/barcelona-discovery.com\/producto\/barcelona-fish-market-tour\/#primaryimage"},"image":{"@id":"https:\/\/barcelona-discovery.com\/producto\/barcelona-fish-market-tour\/#primaryimage"},"thumbnailUrl":"https:\/\/barcelona-discovery.com\/wp-content\/uploads\/2019\/05\/private-tour-fish-market.jpg","datePublished":"2020-05-26T10:20:45+00:00","dateModified":"2024-04-15T14:17:40+00:00","description":"Subasta de pescado en la Barcelona. Descubra la verdadera barceloneta y el puerto pesquero de Barcelona. Le parecera descubrir un peque\u00f1o pueblo pesquero.","breadcrumb":{"@id":"https:\/\/barcelona-discovery.com\/producto\/barcelona-fish-market-tour\/#breadcrumb"},"inLanguage":"es","potentialAction":[{"@type":"ReadAction","target":["https:\/\/barcelona-discovery.com\/producto\/barcelona-fish-market-tour\/"]}]},{"@type":"ImageObject","inLanguage":"es","@id":"https:\/\/barcelona-discovery.com\/producto\/barcelona-fish-market-tour\/#primaryimage","url":"https:\/\/barcelona-discovery.com\/wp-content\/uploads\/2019\/05\/private-tour-fish-market.jpg","contentUrl":"https:\/\/barcelona-discovery.com\/wp-content\/uploads\/2019\/05\/private-tour-fish-market.jpg","width":1000,"height":500,"caption":"Private guided Tour"},{"@type":"BreadcrumbList","@id":"https:\/\/barcelona-discovery.com\/producto\/barcelona-fish-market-tour\/#breadcrumb","itemListElement":[{"@type":"ListItem","position":1,"name":"Home","item":"https:\/\/barcelona-discovery.com\/es\/"},{"@type":"ListItem","position":2,"name":"Tours","item":"https:\/\/barcelona-discovery.com\/tours\/"},{"@type":"ListItem","position":3,"name":"Subasta de pescado en La Barceloneta &#038; Tapas Marineras"}]},{"@type":"WebSite","@id":"https:\/\/barcelona-discovery.com\/#website","url":"https:\/\/barcelona-discovery.com\/","name":"Barcelona Discovery","description":"Private Tours around Barcelona","publisher":{"@id":"https:\/\/barcelona-discovery.com\/#organization"},"potentialAction":[{"@type":"SearchAction","target":{"@type":"EntryPoint","urlTemplate":"https:\/\/barcelona-discovery.com\/?s={search_term_string}"},"query-input":{"@type":"PropertyValueSpecification","valueRequired":true,"valueName":"search_term_string"}}],"inLanguage":"es"},{"@type":"Organization","@id":"https:\/\/barcelona-discovery.com\/#organization","name":"Barcelona Discovery","url":"https:\/\/barcelona-discovery.com\/","logo":{"@type":"ImageObject","inLanguage":"es","@id":"https:\/\/barcelona-discovery.com\/#\/schema\/logo\/image\/","url":"https:\/\/barcelona-discovery.com\/wp-content\/uploads\/2024\/02\/logo-linkein.jpg","contentUrl":"https:\/\/barcelona-discovery.com\/wp-content\/uploads\/2024\/02\/logo-linkein.jpg","width":300,"height":300,"caption":"Barcelona Discovery"},"image":{"@id":"https:\/\/barcelona-discovery.com\/#\/schema\/logo\/image\/"},"sameAs":["https:\/\/www.facebook.com\/BarcelonaDiscovery\/","https:\/\/x.com\/bcn_discovery","https:\/\/www.instagram.com\/barcelonadiscovery\/","https:\/\/www.youtube.com\/channel\/UCwpragtLkdmFTHCzinFQG_g"]}]}},"_links":{"self":[{"href":"https:\/\/barcelona-discovery.com\/es\/wp-json\/wp\/v2\/product\/5420","targetHints":{"allow":["GET"]}}],"collection":[{"href":"https:\/\/barcelona-discovery.com\/es\/wp-json\/wp\/v2\/product"}],"about":[{"href":"https:\/\/barcelona-discovery.com\/es\/wp-json\/wp\/v2\/types\/product"}],"replies":[{"embeddable":true,"href":"https:\/\/barcelona-discovery.com\/es\/wp-json\/wp\/v2\/comments?post=5420"}],"wp:featuredmedia":[{"embeddable":true,"href":"https:\/\/barcelona-discovery.com\/es\/wp-json\/wp\/v2\/media\/4020"}],"wp:attachment":[{"href":"https:\/\/barcelona-discovery.com\/es\/wp-json\/wp\/v2\/media?parent=5420"}],"wp:term":[{"taxonomy":"product_brand","embeddable":true,"href":"https:\/\/barcelona-discovery.com\/es\/wp-json\/wp\/v2\/product_brand?post=5420"},{"taxonomy":"product_cat","embeddable":true,"href":"https:\/\/barcelona-discovery.com\/es\/wp-json\/wp\/v2\/product_cat?post=5420"},{"taxonomy":"product_tag","embeddable":true,"href":"https:\/\/barcelona-discovery.com\/es\/wp-json\/wp\/v2\/product_tag?post=5420"}],"curies":[{"name":"wp","href":"https:\/\/api.w.org\/{rel}","templated":true}]}}