{"id":5425,"date":"2019-07-18T11:21:34","date_gmt":"2019-07-18T10:21:34","guid":{"rendered":"https:\/\/barcelona-discovery.com\/shop\/tapas-tour-by-the-sea\/"},"modified":"2020-05-26T12:03:06","modified_gmt":"2020-05-26T11:03:06","slug":"tour-privado-en-el-pueblo-pesquero-de-montgat","status":"publish","type":"product","link":"https:\/\/barcelona-discovery.com\/es\/tours\/tour-privado-en-el-pueblo-pesquero-de-montgat\/","title":{"rendered":"Subasta local de pescado &#038; Tapas\u00a0en la playa de Montgat"},"content":{"rendered":"<p>Esta actividad har\u00e1s que disfrutes del <strong>estilo de vida mediterr\u00e1neo en toda su esencia!<\/strong><\/p>\n<p>Tomaremos el tren local hasta el <strong>pueblo playero de Montgat<\/strong>, a escasos 20 minutos del centro de Barcelona, para empaparnos del encanto de una<strong> peque\u00f1a localidad de tradici\u00f3n pesquera<\/strong>\u00a0 donde cada d\u00eda tiene lugar la <strong>subasta local de pescado<\/strong>, tal como se hac\u00eda antiguamente. Disfrutaremos de esta experiencia \u00fanica, ya que es la \u00faltima subasta cantada de pescado de todo el litoral catal\u00e1n, una tradici\u00f3n mantenida por generaciones.<\/p>\n<p>Conoceremos este peque\u00f1o pueblo en un paseo ameno sin perder de vista el mar Mediterr\u00e1neo, terminando opcionalmente con una<strong> comida t\u00edpica local<\/strong> (suplemento), que en la temporada de verano se hace en un xiringuito a pie de playa y en baja temporada en un restaurante gastron\u00f3mico del pueblo. Esta experiencia apoya una actividad sostenible, contribuyendo a la econom\u00eda local.<\/p>\n","protected":false},"excerpt":{"rendered":"<p><strong>Subasta local de pescado &amp; Tapas\u00a0 en la playa de Montgat\u00a0 &#8211; Descubra el pueblo pesquero de la costa litoral<\/strong><\/p>\n","protected":false},"featured_media":4360,"comment_status":"open","ping_status":"closed","template":"","meta":[],"product_brand":[],"product_cat":[157,342,175,178],"product_tag":[],"class_list":{"0":"post-5425","1":"product","2":"type-product","3":"status-publish","4":"has-post-thumbnail","6":"product_cat-experiencias-terrestres","7":"product_cat-private-tours-es","8":"product_cat-tours-enoturisticos-gastronomicos","9":"product_cat-tours-por-barcelona","10":"pa_tour-types-land-experiences-experiencias-enoturisticas-gastronomicas","11":"pa_tour-types-land-experiences-tours-barcelona","12":"pa_tour-types-private-tours-tours-enoturisticos-gastronomicos","13":"pa_tour-types-private-tours-tours-privados-por-barcelona","15":"first","16":"instock","17":"shipping-taxable","18":"purchasable","19":"product-type-tour_phys"},"yoast_head":"<!-- This site is optimized with the Yoast SEO plugin v26.1.1 - https:\/\/yoast.com\/wordpress\/plugins\/seo\/ -->\n<title>Subasta local de pescado &amp; Tapas\u00a0en la playa de Montgat - Tour Privado<\/title>\n<meta name=\"description\" content=\"\u00a1Tours privados en Barcelona! Experiencias gastron\u00f3micas.Descubre Montgat, un pueblo tradicional de pescadores.Prueba tapas junto al mar y explora sus playa\" \/>\n<meta name=\"robots\" content=\"index, follow, max-snippet:-1, max-image-preview:large, max-video-preview:-1\" \/>\n<link rel=\"canonical\" href=\"https:\/\/barcelona-discovery.com\/es\/producto\/tour-privado-en-el-pueblo-pesquero-de-montgat\/\" \/>\n<meta property=\"og:locale\" content=\"es_ES\" \/>\n<meta property=\"og:type\" content=\"article\" \/>\n<meta property=\"og:title\" content=\"Subasta local de pescado &amp; Tapas\u00a0en la playa de Montgat - Tour Privado\" \/>\n<meta property=\"og:description\" content=\"\u00a1Tours privados en Barcelona! Experiencias gastron\u00f3micas.Descubre Montgat, un pueblo tradicional de pescadores.Prueba tapas junto al mar y explora sus playa\" \/>\n<meta property=\"og:url\" content=\"https:\/\/barcelona-discovery.com\/es\/producto\/tour-privado-en-el-pueblo-pesquero-de-montgat\/\" \/>\n<meta property=\"og:site_name\" content=\"Barcelona Discovery\" \/>\n<meta property=\"article:publisher\" content=\"https:\/\/www.facebook.com\/BarcelonaDiscovery\/\" \/>\n<meta property=\"article:modified_time\" content=\"2020-05-26T11:03:06+00:00\" \/>\n<meta property=\"og:image\" content=\"https:\/\/barcelona-discovery.com\/wp-content\/uploads\/2019\/07\/beach-tour-from-barcelona.jpg\" \/>\n\t<meta property=\"og:image:width\" content=\"1000\" \/>\n\t<meta property=\"og:image:height\" content=\"500\" \/>\n\t<meta property=\"og:image:type\" content=\"image\/jpeg\" \/>\n<meta name=\"twitter:card\" content=\"summary_large_image\" \/>\n<meta name=\"twitter:site\" content=\"@bcn_discovery\" \/>\n<meta name=\"twitter:label1\" content=\"Tiempo de lectura\" \/>\n\t<meta name=\"twitter:data1\" content=\"1 minuto\" \/>\n<script type=\"application\/ld+json\" class=\"yoast-schema-graph\">{\"@context\":\"https:\/\/schema.org\",\"@graph\":[{\"@type\":\"WebPage\",\"@id\":\"https:\/\/barcelona-discovery.com\/es\/producto\/tour-privado-en-el-pueblo-pesquero-de-montgat\/\",\"url\":\"https:\/\/barcelona-discovery.com\/es\/producto\/tour-privado-en-el-pueblo-pesquero-de-montgat\/\",\"name\":\"Subasta local de pescado & Tapas\u00a0en la playa de Montgat - Tour Privado\",\"isPartOf\":{\"@id\":\"https:\/\/barcelona-discovery.com\/#website\"},\"primaryImageOfPage\":{\"@id\":\"https:\/\/barcelona-discovery.com\/es\/producto\/tour-privado-en-el-pueblo-pesquero-de-montgat\/#primaryimage\"},\"image\":{\"@id\":\"https:\/\/barcelona-discovery.com\/es\/producto\/tour-privado-en-el-pueblo-pesquero-de-montgat\/#primaryimage\"},\"thumbnailUrl\":\"https:\/\/barcelona-discovery.com\/wp-content\/uploads\/2019\/07\/beach-tour-from-barcelona.jpg\",\"datePublished\":\"2019-07-18T10:21:34+00:00\",\"dateModified\":\"2020-05-26T11:03:06+00:00\",\"description\":\"\u00a1Tours privados en Barcelona! Experiencias gastron\u00f3micas.Descubre Montgat, un pueblo tradicional de pescadores.Prueba tapas junto al mar y explora sus playa\",\"breadcrumb\":{\"@id\":\"https:\/\/barcelona-discovery.com\/es\/producto\/tour-privado-en-el-pueblo-pesquero-de-montgat\/#breadcrumb\"},\"inLanguage\":\"es\",\"potentialAction\":[{\"@type\":\"ReadAction\",\"target\":[\"https:\/\/barcelona-discovery.com\/es\/producto\/tour-privado-en-el-pueblo-pesquero-de-montgat\/\"]}]},{\"@type\":\"ImageObject\",\"inLanguage\":\"es\",\"@id\":\"https:\/\/barcelona-discovery.com\/es\/producto\/tour-privado-en-el-pueblo-pesquero-de-montgat\/#primaryimage\",\"url\":\"https:\/\/barcelona-discovery.com\/wp-content\/uploads\/2019\/07\/beach-tour-from-barcelona.jpg\",\"contentUrl\":\"https:\/\/barcelona-discovery.com\/wp-content\/uploads\/2019\/07\/beach-tour-from-barcelona.jpg\",\"width\":1000,\"height\":500,\"caption\":\"Tapas private tour by the sea\"},{\"@type\":\"BreadcrumbList\",\"@id\":\"https:\/\/barcelona-discovery.com\/es\/producto\/tour-privado-en-el-pueblo-pesquero-de-montgat\/#breadcrumb\",\"itemListElement\":[{\"@type\":\"ListItem\",\"position\":1,\"name\":\"Home\",\"item\":\"https:\/\/barcelona-discovery.com\/es\/\"},{\"@type\":\"ListItem\",\"position\":2,\"name\":\"Tours\",\"item\":\"https:\/\/barcelona-discovery.com\/tours\/\"},{\"@type\":\"ListItem\",\"position\":3,\"name\":\"Subasta local de pescado &#038; Tapas\u00a0en la playa de Montgat\"}]},{\"@type\":\"WebSite\",\"@id\":\"https:\/\/barcelona-discovery.com\/#website\",\"url\":\"https:\/\/barcelona-discovery.com\/\",\"name\":\"Barcelona Discovery\",\"description\":\"Private Tours around Barcelona\",\"publisher\":{\"@id\":\"https:\/\/barcelona-discovery.com\/#organization\"},\"potentialAction\":[{\"@type\":\"SearchAction\",\"target\":{\"@type\":\"EntryPoint\",\"urlTemplate\":\"https:\/\/barcelona-discovery.com\/?s={search_term_string}\"},\"query-input\":{\"@type\":\"PropertyValueSpecification\",\"valueRequired\":true,\"valueName\":\"search_term_string\"}}],\"inLanguage\":\"es\"},{\"@type\":\"Organization\",\"@id\":\"https:\/\/barcelona-discovery.com\/#organization\",\"name\":\"Barcelona Discovery\",\"url\":\"https:\/\/barcelona-discovery.com\/\",\"logo\":{\"@type\":\"ImageObject\",\"inLanguage\":\"es\",\"@id\":\"https:\/\/barcelona-discovery.com\/#\/schema\/logo\/image\/\",\"url\":\"https:\/\/barcelona-discovery.com\/wp-content\/uploads\/2024\/02\/logo-linkein.jpg\",\"contentUrl\":\"https:\/\/barcelona-discovery.com\/wp-content\/uploads\/2024\/02\/logo-linkein.jpg\",\"width\":300,\"height\":300,\"caption\":\"Barcelona Discovery\"},\"image\":{\"@id\":\"https:\/\/barcelona-discovery.com\/#\/schema\/logo\/image\/\"},\"sameAs\":[\"https:\/\/www.facebook.com\/BarcelonaDiscovery\/\",\"https:\/\/x.com\/bcn_discovery\",\"https:\/\/www.instagram.com\/barcelonadiscovery\/\",\"https:\/\/www.youtube.com\/channel\/UCwpragtLkdmFTHCzinFQG_g\"]}]}<\/script>\n<!-- \/ Yoast SEO plugin. -->","yoast_head_json":{"title":"Subasta local de pescado & Tapas\u00a0en la playa de Montgat - Tour Privado","description":"\u00a1Tours privados en Barcelona! Experiencias gastron\u00f3micas.Descubre Montgat, un pueblo tradicional de pescadores.Prueba tapas junto al mar y explora sus playa","robots":{"index":"index","follow":"follow","max-snippet":"max-snippet:-1","max-image-preview":"max-image-preview:large","max-video-preview":"max-video-preview:-1"},"canonical":"https:\/\/barcelona-discovery.com\/es\/producto\/tour-privado-en-el-pueblo-pesquero-de-montgat\/","og_locale":"es_ES","og_type":"article","og_title":"Subasta local de pescado & Tapas\u00a0en la playa de Montgat - Tour Privado","og_description":"\u00a1Tours privados en Barcelona! Experiencias gastron\u00f3micas.Descubre Montgat, un pueblo tradicional de pescadores.Prueba tapas junto al mar y explora sus playa","og_url":"https:\/\/barcelona-discovery.com\/es\/producto\/tour-privado-en-el-pueblo-pesquero-de-montgat\/","og_site_name":"Barcelona Discovery","article_publisher":"https:\/\/www.facebook.com\/BarcelonaDiscovery\/","article_modified_time":"2020-05-26T11:03:06+00:00","og_image":[{"width":1000,"height":500,"url":"https:\/\/barcelona-discovery.com\/wp-content\/uploads\/2019\/07\/beach-tour-from-barcelona.jpg","type":"image\/jpeg"}],"twitter_card":"summary_large_image","twitter_site":"@bcn_discovery","twitter_misc":{"Tiempo de lectura":"1 minuto"},"schema":{"@context":"https:\/\/schema.org","@graph":[{"@type":"WebPage","@id":"https:\/\/barcelona-discovery.com\/es\/producto\/tour-privado-en-el-pueblo-pesquero-de-montgat\/","url":"https:\/\/barcelona-discovery.com\/es\/producto\/tour-privado-en-el-pueblo-pesquero-de-montgat\/","name":"Subasta local de pescado & Tapas\u00a0en la playa de Montgat - Tour Privado","isPartOf":{"@id":"https:\/\/barcelona-discovery.com\/#website"},"primaryImageOfPage":{"@id":"https:\/\/barcelona-discovery.com\/es\/producto\/tour-privado-en-el-pueblo-pesquero-de-montgat\/#primaryimage"},"image":{"@id":"https:\/\/barcelona-discovery.com\/es\/producto\/tour-privado-en-el-pueblo-pesquero-de-montgat\/#primaryimage"},"thumbnailUrl":"https:\/\/barcelona-discovery.com\/wp-content\/uploads\/2019\/07\/beach-tour-from-barcelona.jpg","datePublished":"2019-07-18T10:21:34+00:00","dateModified":"2020-05-26T11:03:06+00:00","description":"\u00a1Tours privados en Barcelona! Experiencias gastron\u00f3micas.Descubre Montgat, un pueblo tradicional de pescadores.Prueba tapas junto al mar y explora sus playa","breadcrumb":{"@id":"https:\/\/barcelona-discovery.com\/es\/producto\/tour-privado-en-el-pueblo-pesquero-de-montgat\/#breadcrumb"},"inLanguage":"es","potentialAction":[{"@type":"ReadAction","target":["https:\/\/barcelona-discovery.com\/es\/producto\/tour-privado-en-el-pueblo-pesquero-de-montgat\/"]}]},{"@type":"ImageObject","inLanguage":"es","@id":"https:\/\/barcelona-discovery.com\/es\/producto\/tour-privado-en-el-pueblo-pesquero-de-montgat\/#primaryimage","url":"https:\/\/barcelona-discovery.com\/wp-content\/uploads\/2019\/07\/beach-tour-from-barcelona.jpg","contentUrl":"https:\/\/barcelona-discovery.com\/wp-content\/uploads\/2019\/07\/beach-tour-from-barcelona.jpg","width":1000,"height":500,"caption":"Tapas private tour by the sea"},{"@type":"BreadcrumbList","@id":"https:\/\/barcelona-discovery.com\/es\/producto\/tour-privado-en-el-pueblo-pesquero-de-montgat\/#breadcrumb","itemListElement":[{"@type":"ListItem","position":1,"name":"Home","item":"https:\/\/barcelona-discovery.com\/es\/"},{"@type":"ListItem","position":2,"name":"Tours","item":"https:\/\/barcelona-discovery.com\/tours\/"},{"@type":"ListItem","position":3,"name":"Subasta local de pescado &#038; Tapas\u00a0en la playa de Montgat"}]},{"@type":"WebSite","@id":"https:\/\/barcelona-discovery.com\/#website","url":"https:\/\/barcelona-discovery.com\/","name":"Barcelona Discovery","description":"Private Tours around Barcelona","publisher":{"@id":"https:\/\/barcelona-discovery.com\/#organization"},"potentialAction":[{"@type":"SearchAction","target":{"@type":"EntryPoint","urlTemplate":"https:\/\/barcelona-discovery.com\/?s={search_term_string}"},"query-input":{"@type":"PropertyValueSpecification","valueRequired":true,"valueName":"search_term_string"}}],"inLanguage":"es"},{"@type":"Organization","@id":"https:\/\/barcelona-discovery.com\/#organization","name":"Barcelona Discovery","url":"https:\/\/barcelona-discovery.com\/","logo":{"@type":"ImageObject","inLanguage":"es","@id":"https:\/\/barcelona-discovery.com\/#\/schema\/logo\/image\/","url":"https:\/\/barcelona-discovery.com\/wp-content\/uploads\/2024\/02\/logo-linkein.jpg","contentUrl":"https:\/\/barcelona-discovery.com\/wp-content\/uploads\/2024\/02\/logo-linkein.jpg","width":300,"height":300,"caption":"Barcelona Discovery"},"image":{"@id":"https:\/\/barcelona-discovery.com\/#\/schema\/logo\/image\/"},"sameAs":["https:\/\/www.facebook.com\/BarcelonaDiscovery\/","https:\/\/x.com\/bcn_discovery","https:\/\/www.instagram.com\/barcelonadiscovery\/","https:\/\/www.youtube.com\/channel\/UCwpragtLkdmFTHCzinFQG_g"]}]}},"_links":{"self":[{"href":"https:\/\/barcelona-discovery.com\/es\/wp-json\/wp\/v2\/product\/5425","targetHints":{"allow":["GET"]}}],"collection":[{"href":"https:\/\/barcelona-discovery.com\/es\/wp-json\/wp\/v2\/product"}],"about":[{"href":"https:\/\/barcelona-discovery.com\/es\/wp-json\/wp\/v2\/types\/product"}],"replies":[{"embeddable":true,"href":"https:\/\/barcelona-discovery.com\/es\/wp-json\/wp\/v2\/comments?post=5425"}],"wp:featuredmedia":[{"embeddable":true,"href":"https:\/\/barcelona-discovery.com\/es\/wp-json\/wp\/v2\/media\/4360"}],"wp:attachment":[{"href":"https:\/\/barcelona-discovery.com\/es\/wp-json\/wp\/v2\/media?parent=5425"}],"wp:term":[{"taxonomy":"product_brand","embeddable":true,"href":"https:\/\/barcelona-discovery.com\/es\/wp-json\/wp\/v2\/product_brand?post=5425"},{"taxonomy":"product_cat","embeddable":true,"href":"https:\/\/barcelona-discovery.com\/es\/wp-json\/wp\/v2\/product_cat?post=5425"},{"taxonomy":"product_tag","embeddable":true,"href":"https:\/\/barcelona-discovery.com\/es\/wp-json\/wp\/v2\/product_tag?post=5425"}],"curies":[{"name":"wp","href":"https:\/\/api.w.org\/{rel}","templated":true}]}}