{"id":5440,"date":"2019-03-09T20:43:41","date_gmt":"2019-03-09T19:43:41","guid":{"rendered":"https:\/\/barcelona-discovery.com\/shop\/private-dali-tour\/"},"modified":"2024-04-15T15:17:40","modified_gmt":"2024-04-15T14:17:40","slug":"ruta-privada-de-dali","status":"publish","type":"product","link":"https:\/\/barcelona-discovery.com\/es\/tours\/ruta-privada-de-dali\/","title":{"rendered":"Ruta Guiada por el mundo de Dal\u00ed"},"content":{"rendered":"<p>Uno de los <strong>Tours privados de\u00a0 Dal\u00ed<\/strong> m\u00e1s completos. Pasaran la ma\u00f1ana en el\u00a0 Museo Dal\u00ed en Figueres y terminaran el d\u00eda visitando la casa desu infancia. La familia Carb\u00f3 todav\u00eda vive en el edificio y le permitir\u00e1n explorar la casa de<strong> Dal\u00ed.<\/strong> Despu\u00e9s de eso, les mostrar\u00e1n todos los lugares donde el pint\u00f3.<\/p>\n<p>Este<strong> recorrido privado<\/strong> que le ofrecemos es mucho m\u00e1s que un recorrido por el Museo Dal\u00ed, ya que visitamos lugares que otros recorridos dejan atr\u00e1s.<\/p>\n<div class=\"gmail_default\">\n<p dir=\"ltr\">Comenzamos el<strong> tour privado<\/strong> en el <strong>Museo Dal\u00ed en Figueres.<\/strong> La ciudad de Figueres es donde naci\u00f3 Dal\u00ed y donde vivi\u00f3 durate su infancia. Conoceremos todos los rincones del Museo, donde un guia oficial les explicar\u00e1 todo sobre su arte.<\/p>\n<p>Dal\u00ed quer\u00eda que los visitantes vieran su colecci\u00f3n masiva como una obra &#8216;completa&#8217;, y por esta raz\u00f3n, no quer\u00eda cat\u00e1logos y se neg\u00f3 a colocar sus obras en orden cronol\u00f3gico o tem\u00e1tico. Entraran en el<strong> mundo de fantas\u00eda de Dal\u00ed<\/strong> , donde mezcla la arquitectura con pinturas y esculturas. En otras palabras, es una experiencia surrealista completa.<\/p>\n<p>M\u00e1s tarde, podr\u00e1n descubrir d\u00f3nde naci\u00f3 Dal\u00ed, en la calle Monturiol y visitar el fant\u00e1stico hogar donde Dal\u00ed vivi\u00f3 durante su infancia, conoceran los rincones donde Dali pintaba y los paisajes o mujeres con quien se inspiraba.<\/p>\n<\/div>\n<div>\n<div class=\"gmail_signature\" dir=\"ltr\" data-smartmail=\"gmail_signature\">\n<div dir=\"ltr\">\n<div>\n<div dir=\"ltr\">\n<div dir=\"ltr\">\n<div dir=\"ltr\">\n<div dir=\"ltr\">\n<div dir=\"ltr\">\n<div dir=\"ltr\">\n<div dir=\"ltr\">\n<div dir=\"ltr\">\n<div dir=\"ltr\">\n<div dir=\"ltr\">\n<div dir=\"ltr\">\n<div dir=\"ltr\">\n<div dir=\"ltr\">\n<div dir=\"ltr\">\n<div dir=\"ltr\">\n<div dir=\"ltr\">\n<div dir=\"ltr\">\n<div dir=\"ltr\">\n<div dir=\"ltr\">\n<div dir=\"ltr\">\n<p>Para aquellos que quieran continuar con el recorrido, continuaran el tour con su <strong>guia privado<\/strong>. Se dirigiran a\u00a0 Cadaqu\u00e9s, sin duda, una ciudad preciosa en la costa mediterr\u00e1nea. En <strong>Cadaqu\u00e9s<\/strong> tendran la oportunidad de explorar la casa donde Dal\u00ed paso su juventud y\u00a0 podran disfrutar de las fant\u00e1sticas vistas del mar mediterr\u00e1neo.<\/p>\n<p><strong>Visita guiada de 4 horas: precio de 270 \u20ac para todo el grupo.<\/strong><\/p>\n<p><strong>Visita guiada de 6 horas: precio de 381 \u20ac para todo el grupo.<\/strong><\/p>\n<p><strong>Visita guiada de 8 horas: precio 484 \u20ac para todo el grupo.<\/strong><\/p>\n<p><strong>Entradas Museo Dal\u00ed: 15 \u20ac por persona.<\/strong><\/p>\n<p><strong>Entradas Casa infancia de Dali: 10 \u20ac por persona.<\/strong><\/p>\n<\/div>\n<\/div>\n<\/div>\n<\/div>\n<\/div>\n<\/div>\n<\/div>\n<\/div>\n<\/div>\n<\/div>\n<\/div>\n<\/div>\n<\/div>\n<\/div>\n<\/div>\n<\/div>\n<\/div>\n<\/div>\n<\/div>\n<\/div>\n<\/div>\n<\/div>\n<\/div>\n<\/div>\n<p dir=\"ltr\">\n","protected":false},"excerpt":{"rendered":"<p><strong>Tour exclusivo de Dal\u00ed: descubre lugares que otros tours dejan atr\u00e1s.<\/strong><\/p>\n","protected":false},"featured_media":4120,"comment_status":"open","ping_status":"closed","template":"","meta":[],"product_brand":[],"product_cat":[157,342,156],"product_tag":[],"class_list":{"0":"post-5440","1":"product","2":"type-product","3":"status-publish","4":"has-post-thumbnail","6":"product_cat-experiencias-terrestres","7":"product_cat-private-tours-es","8":"product_cat-tours-culturales","9":"pa_tour-types-private-tours-tours-culturales","11":"first","12":"instock","13":"shipping-taxable","14":"purchasable","15":"product-type-tour_phys"},"yoast_head":"<!-- This site is optimized with the Yoast SEO plugin v26.1.1 - https:\/\/yoast.com\/wordpress\/plugins\/seo\/ -->\n<title>Tour privado de Dal\u00ed: Descubra el fascinante mundo de Dal\u00ed<\/title>\n<meta name=\"description\" content=\"Tour privado de Dal\u00ed. Descubre el fascinante mundo de Dal\u00ed en este tour privado, guiado por nuestro gu\u00eda oficial. Reserva su ruta guiada con nosotros!!\" \/>\n<meta name=\"robots\" content=\"index, follow, max-snippet:-1, max-image-preview:large, max-video-preview:-1\" \/>\n<link rel=\"canonical\" href=\"https:\/\/barcelona-discovery.com\/producto\/private-dali-tour\/\" \/>\n<meta property=\"og:locale\" content=\"es_ES\" \/>\n<meta property=\"og:type\" content=\"article\" \/>\n<meta property=\"og:title\" content=\"Tour privado de Dal\u00ed: Descubra el fascinante mundo de Dal\u00ed\" \/>\n<meta property=\"og:description\" content=\"Tour privado de Dal\u00ed. Descubre el fascinante mundo de Dal\u00ed en este tour privado, guiado por nuestro gu\u00eda oficial. Reserva su ruta guiada con nosotros!!\" \/>\n<meta property=\"og:url\" content=\"https:\/\/barcelona-discovery.com\/producto\/private-dali-tour\/\" \/>\n<meta property=\"og:site_name\" content=\"Barcelona Discovery\" \/>\n<meta property=\"article:publisher\" content=\"https:\/\/www.facebook.com\/BarcelonaDiscovery\/\" \/>\n<meta property=\"article:modified_time\" content=\"2024-04-15T14:17:40+00:00\" \/>\n<meta property=\"og:image\" content=\"https:\/\/barcelona-discovery.com\/wp-content\/uploads\/2019\/03\/dali-tour-from-barcelona.jpg\" \/>\n\t<meta property=\"og:image:width\" content=\"1000\" \/>\n\t<meta property=\"og:image:height\" content=\"500\" \/>\n\t<meta property=\"og:image:type\" content=\"image\/jpeg\" \/>\n<meta name=\"twitter:card\" content=\"summary_large_image\" \/>\n<meta name=\"twitter:site\" content=\"@bcn_discovery\" \/>\n<meta name=\"twitter:label1\" content=\"Tiempo de lectura\" \/>\n\t<meta name=\"twitter:data1\" content=\"2 minutos\" \/>\n<script type=\"application\/ld+json\" class=\"yoast-schema-graph\">{\"@context\":\"https:\/\/schema.org\",\"@graph\":[{\"@type\":\"WebPage\",\"@id\":\"https:\/\/barcelona-discovery.com\/producto\/private-dali-tour\/\",\"url\":\"https:\/\/barcelona-discovery.com\/producto\/private-dali-tour\/\",\"name\":\"Tour privado de Dal\u00ed: Descubra el fascinante mundo de Dal\u00ed\",\"isPartOf\":{\"@id\":\"https:\/\/barcelona-discovery.com\/#website\"},\"primaryImageOfPage\":{\"@id\":\"https:\/\/barcelona-discovery.com\/producto\/private-dali-tour\/#primaryimage\"},\"image\":{\"@id\":\"https:\/\/barcelona-discovery.com\/producto\/private-dali-tour\/#primaryimage\"},\"thumbnailUrl\":\"https:\/\/barcelona-discovery.com\/wp-content\/uploads\/2019\/03\/dali-tour-from-barcelona.jpg\",\"datePublished\":\"2019-03-09T19:43:41+00:00\",\"dateModified\":\"2024-04-15T14:17:40+00:00\",\"description\":\"Tour privado de Dal\u00ed. Descubre el fascinante mundo de Dal\u00ed en este tour privado, guiado por nuestro gu\u00eda oficial. Reserva su ruta guiada con nosotros!!\",\"breadcrumb\":{\"@id\":\"https:\/\/barcelona-discovery.com\/producto\/private-dali-tour\/#breadcrumb\"},\"inLanguage\":\"es\",\"potentialAction\":[{\"@type\":\"ReadAction\",\"target\":[\"https:\/\/barcelona-discovery.com\/producto\/private-dali-tour\/\"]}]},{\"@type\":\"ImageObject\",\"inLanguage\":\"es\",\"@id\":\"https:\/\/barcelona-discovery.com\/producto\/private-dali-tour\/#primaryimage\",\"url\":\"https:\/\/barcelona-discovery.com\/wp-content\/uploads\/2019\/03\/dali-tour-from-barcelona.jpg\",\"contentUrl\":\"https:\/\/barcelona-discovery.com\/wp-content\/uploads\/2019\/03\/dali-tour-from-barcelona.jpg\",\"width\":1000,\"height\":500,\"caption\":\"Private Dali Tour\"},{\"@type\":\"BreadcrumbList\",\"@id\":\"https:\/\/barcelona-discovery.com\/producto\/private-dali-tour\/#breadcrumb\",\"itemListElement\":[{\"@type\":\"ListItem\",\"position\":1,\"name\":\"Home\",\"item\":\"https:\/\/barcelona-discovery.com\/es\/\"},{\"@type\":\"ListItem\",\"position\":2,\"name\":\"Tours\",\"item\":\"https:\/\/barcelona-discovery.com\/tours\/\"},{\"@type\":\"ListItem\",\"position\":3,\"name\":\"Ruta Guiada por el mundo de Dal\u00ed\"}]},{\"@type\":\"WebSite\",\"@id\":\"https:\/\/barcelona-discovery.com\/#website\",\"url\":\"https:\/\/barcelona-discovery.com\/\",\"name\":\"Barcelona Discovery\",\"description\":\"Private Tours around Barcelona\",\"publisher\":{\"@id\":\"https:\/\/barcelona-discovery.com\/#organization\"},\"potentialAction\":[{\"@type\":\"SearchAction\",\"target\":{\"@type\":\"EntryPoint\",\"urlTemplate\":\"https:\/\/barcelona-discovery.com\/?s={search_term_string}\"},\"query-input\":{\"@type\":\"PropertyValueSpecification\",\"valueRequired\":true,\"valueName\":\"search_term_string\"}}],\"inLanguage\":\"es\"},{\"@type\":\"Organization\",\"@id\":\"https:\/\/barcelona-discovery.com\/#organization\",\"name\":\"Barcelona Discovery\",\"url\":\"https:\/\/barcelona-discovery.com\/\",\"logo\":{\"@type\":\"ImageObject\",\"inLanguage\":\"es\",\"@id\":\"https:\/\/barcelona-discovery.com\/#\/schema\/logo\/image\/\",\"url\":\"https:\/\/barcelona-discovery.com\/wp-content\/uploads\/2024\/02\/logo-linkein.jpg\",\"contentUrl\":\"https:\/\/barcelona-discovery.com\/wp-content\/uploads\/2024\/02\/logo-linkein.jpg\",\"width\":300,\"height\":300,\"caption\":\"Barcelona Discovery\"},\"image\":{\"@id\":\"https:\/\/barcelona-discovery.com\/#\/schema\/logo\/image\/\"},\"sameAs\":[\"https:\/\/www.facebook.com\/BarcelonaDiscovery\/\",\"https:\/\/x.com\/bcn_discovery\",\"https:\/\/www.instagram.com\/barcelonadiscovery\/\",\"https:\/\/www.youtube.com\/channel\/UCwpragtLkdmFTHCzinFQG_g\"]}]}<\/script>\n<!-- \/ Yoast SEO plugin. -->","yoast_head_json":{"title":"Tour privado de Dal\u00ed: Descubra el fascinante mundo de Dal\u00ed","description":"Tour privado de Dal\u00ed. Descubre el fascinante mundo de Dal\u00ed en este tour privado, guiado por nuestro gu\u00eda oficial. Reserva su ruta guiada con nosotros!!","robots":{"index":"index","follow":"follow","max-snippet":"max-snippet:-1","max-image-preview":"max-image-preview:large","max-video-preview":"max-video-preview:-1"},"canonical":"https:\/\/barcelona-discovery.com\/producto\/private-dali-tour\/","og_locale":"es_ES","og_type":"article","og_title":"Tour privado de Dal\u00ed: Descubra el fascinante mundo de Dal\u00ed","og_description":"Tour privado de Dal\u00ed. Descubre el fascinante mundo de Dal\u00ed en este tour privado, guiado por nuestro gu\u00eda oficial. Reserva su ruta guiada con nosotros!!","og_url":"https:\/\/barcelona-discovery.com\/producto\/private-dali-tour\/","og_site_name":"Barcelona Discovery","article_publisher":"https:\/\/www.facebook.com\/BarcelonaDiscovery\/","article_modified_time":"2024-04-15T14:17:40+00:00","og_image":[{"width":1000,"height":500,"url":"https:\/\/barcelona-discovery.com\/wp-content\/uploads\/2019\/03\/dali-tour-from-barcelona.jpg","type":"image\/jpeg"}],"twitter_card":"summary_large_image","twitter_site":"@bcn_discovery","twitter_misc":{"Tiempo de lectura":"2 minutos"},"schema":{"@context":"https:\/\/schema.org","@graph":[{"@type":"WebPage","@id":"https:\/\/barcelona-discovery.com\/producto\/private-dali-tour\/","url":"https:\/\/barcelona-discovery.com\/producto\/private-dali-tour\/","name":"Tour privado de Dal\u00ed: Descubra el fascinante mundo de Dal\u00ed","isPartOf":{"@id":"https:\/\/barcelona-discovery.com\/#website"},"primaryImageOfPage":{"@id":"https:\/\/barcelona-discovery.com\/producto\/private-dali-tour\/#primaryimage"},"image":{"@id":"https:\/\/barcelona-discovery.com\/producto\/private-dali-tour\/#primaryimage"},"thumbnailUrl":"https:\/\/barcelona-discovery.com\/wp-content\/uploads\/2019\/03\/dali-tour-from-barcelona.jpg","datePublished":"2019-03-09T19:43:41+00:00","dateModified":"2024-04-15T14:17:40+00:00","description":"Tour privado de Dal\u00ed. Descubre el fascinante mundo de Dal\u00ed en este tour privado, guiado por nuestro gu\u00eda oficial. Reserva su ruta guiada con nosotros!!","breadcrumb":{"@id":"https:\/\/barcelona-discovery.com\/producto\/private-dali-tour\/#breadcrumb"},"inLanguage":"es","potentialAction":[{"@type":"ReadAction","target":["https:\/\/barcelona-discovery.com\/producto\/private-dali-tour\/"]}]},{"@type":"ImageObject","inLanguage":"es","@id":"https:\/\/barcelona-discovery.com\/producto\/private-dali-tour\/#primaryimage","url":"https:\/\/barcelona-discovery.com\/wp-content\/uploads\/2019\/03\/dali-tour-from-barcelona.jpg","contentUrl":"https:\/\/barcelona-discovery.com\/wp-content\/uploads\/2019\/03\/dali-tour-from-barcelona.jpg","width":1000,"height":500,"caption":"Private Dali Tour"},{"@type":"BreadcrumbList","@id":"https:\/\/barcelona-discovery.com\/producto\/private-dali-tour\/#breadcrumb","itemListElement":[{"@type":"ListItem","position":1,"name":"Home","item":"https:\/\/barcelona-discovery.com\/es\/"},{"@type":"ListItem","position":2,"name":"Tours","item":"https:\/\/barcelona-discovery.com\/tours\/"},{"@type":"ListItem","position":3,"name":"Ruta Guiada por el mundo de Dal\u00ed"}]},{"@type":"WebSite","@id":"https:\/\/barcelona-discovery.com\/#website","url":"https:\/\/barcelona-discovery.com\/","name":"Barcelona Discovery","description":"Private Tours around Barcelona","publisher":{"@id":"https:\/\/barcelona-discovery.com\/#organization"},"potentialAction":[{"@type":"SearchAction","target":{"@type":"EntryPoint","urlTemplate":"https:\/\/barcelona-discovery.com\/?s={search_term_string}"},"query-input":{"@type":"PropertyValueSpecification","valueRequired":true,"valueName":"search_term_string"}}],"inLanguage":"es"},{"@type":"Organization","@id":"https:\/\/barcelona-discovery.com\/#organization","name":"Barcelona Discovery","url":"https:\/\/barcelona-discovery.com\/","logo":{"@type":"ImageObject","inLanguage":"es","@id":"https:\/\/barcelona-discovery.com\/#\/schema\/logo\/image\/","url":"https:\/\/barcelona-discovery.com\/wp-content\/uploads\/2024\/02\/logo-linkein.jpg","contentUrl":"https:\/\/barcelona-discovery.com\/wp-content\/uploads\/2024\/02\/logo-linkein.jpg","width":300,"height":300,"caption":"Barcelona Discovery"},"image":{"@id":"https:\/\/barcelona-discovery.com\/#\/schema\/logo\/image\/"},"sameAs":["https:\/\/www.facebook.com\/BarcelonaDiscovery\/","https:\/\/x.com\/bcn_discovery","https:\/\/www.instagram.com\/barcelonadiscovery\/","https:\/\/www.youtube.com\/channel\/UCwpragtLkdmFTHCzinFQG_g"]}]}},"_links":{"self":[{"href":"https:\/\/barcelona-discovery.com\/es\/wp-json\/wp\/v2\/product\/5440","targetHints":{"allow":["GET"]}}],"collection":[{"href":"https:\/\/barcelona-discovery.com\/es\/wp-json\/wp\/v2\/product"}],"about":[{"href":"https:\/\/barcelona-discovery.com\/es\/wp-json\/wp\/v2\/types\/product"}],"replies":[{"embeddable":true,"href":"https:\/\/barcelona-discovery.com\/es\/wp-json\/wp\/v2\/comments?post=5440"}],"wp:featuredmedia":[{"embeddable":true,"href":"https:\/\/barcelona-discovery.com\/es\/wp-json\/wp\/v2\/media\/4120"}],"wp:attachment":[{"href":"https:\/\/barcelona-discovery.com\/es\/wp-json\/wp\/v2\/media?parent=5440"}],"wp:term":[{"taxonomy":"product_brand","embeddable":true,"href":"https:\/\/barcelona-discovery.com\/es\/wp-json\/wp\/v2\/product_brand?post=5440"},{"taxonomy":"product_cat","embeddable":true,"href":"https:\/\/barcelona-discovery.com\/es\/wp-json\/wp\/v2\/product_cat?post=5440"},{"taxonomy":"product_tag","embeddable":true,"href":"https:\/\/barcelona-discovery.com\/es\/wp-json\/wp\/v2\/product_tag?post=5440"}],"curies":[{"name":"wp","href":"https:\/\/api.w.org\/{rel}","templated":true}]}}