{"id":5444,"date":"2018-05-30T09:57:59","date_gmt":"2018-05-30T08:57:59","guid":{"rendered":"https:\/\/barcelona-discovery.com\/shop\/private-boat-trip-from-barcelona-to-sitges\/"},"modified":"2020-06-01T12:26:48","modified_gmt":"2020-06-01T11:26:48","slug":"charter-privado-de-barcelona-a-sitges","status":"publish","type":"product","link":"https:\/\/barcelona-discovery.com\/es\/tours\/charter-privado-de-barcelona-a-sitges\/","title":{"rendered":"Charter Privado de Barcelona a Sitges"},"content":{"rendered":"<p>Esc\u00e1pese un d\u00eda de la gran ciudad y sum\u00e9rjase en la cultura catalana, navegando en un lujoso barco ch\u00e1rter desde Barcelona a la ciudad costera de Sitges.<\/p>\n<p>Sitges es una ciudad a unos 35 kil\u00f3metros al suroeste de Barcelona, \u200b\u200ben Catalu\u00f1a, reconocida mundialmente por su Festival de Cine y Carnaval. Situado entre el macizo del Garraf y el mar, es conocida por sus playas, locales nocturnos y sitios hist\u00f3ricos.<\/p>\n<p>El viaje comenzar\u00e1 en Barcelona, \u200b\u200bdonde partimos desde Port Vell con rumbo a la hermosa costa del Garraf. Comenzaan a sentir la c\u00e1lida brisa marina mientras navegan por la costa de Barcelona. Navegando, descubriran algunos de los monumentos m\u00e1s destacados de Barcelona desde una perspectiva \u00fanica.<\/p>\n<p>\u00a1Tendran la oportunidad de convertirse en un aut\u00e9nticomarinero ayudando al patr\u00f3n\u00a0 tomando el tim\u00f3n por un tiempo!<\/p>\n<p>Durante el camino a Sitges, le ofreceremos cava o vino, despu\u00e9s de media hora, llegaremos a la ciudad mediterr\u00e1nea de Sitges. Desde su barco privado, ver\u00e1 el sorprendente casco antiguo, las ruinas de las antiguas murallas de la ciudad y sus playas.<\/p>\n<p>Anclaremos en Cala Morisca, y ser\u00e1 hora de ponerse las gafas de buceo, lanzarse al agua y descubrir todos los secretos que el Mediterr\u00e1neo tiene para ofrecer. Cuando est\u00e9n all\u00ed, podran saltar y comer una deliciosa paella en la ciudad de Sitges y hacer un recorrido a pie por Sitges o tal vez prefiera tener su almuerzo a bordo mientras nadan y toman el sol.<\/p>\n","protected":false},"excerpt":{"rendered":"<p><strong>Experiencia de lujo en barco privado desde Barcelona a Sitges<\/strong><\/p>\n","protected":false},"featured_media":3137,"comment_status":"open","ping_status":"closed","template":"","meta":[],"product_brand":[],"product_cat":[179,342],"product_tag":[],"class_list":{"0":"post-5444","1":"product","2":"type-product","3":"status-publish","4":"has-post-thumbnail","6":"product_cat-experiencias-maritimas","7":"product_cat-private-tours-es","8":"pa_tour-type-experiencias-maritimas","9":"pa_tour-types-private-tours-salidas-nauticas","10":"pa_tour-types-sea-experiences-sailing-day-trips-es","12":"first","13":"instock","14":"shipping-taxable","15":"purchasable","16":"product-type-tour_phys"},"yoast_head":"<!-- This site is optimized with the Yoast SEO plugin v26.1.1 - https:\/\/yoast.com\/wordpress\/plugins\/seo\/ -->\n<title>Salida privada nautica de Barcelona a Sitges - Charter privado<\/title>\n<meta name=\"description\" content=\"Ch\u00e1rter privado de Barcelona a Sitges. Escapese un d\u00eda de la gran ciudad y sum\u00e9rjase en la cultura catalana, navegando en un barco de lujo a la ciudad costera de Sitges.\" \/>\n<meta name=\"robots\" content=\"index, follow, max-snippet:-1, max-image-preview:large, max-video-preview:-1\" \/>\n<link rel=\"canonical\" href=\"https:\/\/barcelona-discovery.com\/es\/producto\/charter-privado-de-barcelona-a-sitges\/\" \/>\n<meta property=\"og:locale\" content=\"es_ES\" \/>\n<meta property=\"og:type\" content=\"article\" \/>\n<meta property=\"og:title\" content=\"Salida privada nautica de Barcelona a Sitges - Charter privado\" \/>\n<meta property=\"og:description\" content=\"Ch\u00e1rter privado de Barcelona a Sitges. Escapese un d\u00eda de la gran ciudad y sum\u00e9rjase en la cultura catalana, navegando en un barco de lujo a la ciudad costera de Sitges.\" \/>\n<meta property=\"og:url\" content=\"https:\/\/barcelona-discovery.com\/es\/producto\/charter-privado-de-barcelona-a-sitges\/\" \/>\n<meta property=\"og:site_name\" content=\"Barcelona Discovery\" \/>\n<meta property=\"article:publisher\" content=\"https:\/\/www.facebook.com\/BarcelonaDiscovery\/\" \/>\n<meta property=\"article:modified_time\" content=\"2020-06-01T11:26:48+00:00\" \/>\n<meta property=\"og:image\" content=\"https:\/\/barcelona-discovery.com\/wp-content\/uploads\/2018\/05\/boat-trip-to-sitges-from-barcelona2.jpg\" \/>\n\t<meta property=\"og:image:width\" content=\"1400\" \/>\n\t<meta property=\"og:image:height\" content=\"700\" \/>\n\t<meta property=\"og:image:type\" content=\"image\/jpeg\" \/>\n<meta name=\"twitter:card\" content=\"summary_large_image\" \/>\n<meta name=\"twitter:site\" content=\"@bcn_discovery\" \/>\n<meta name=\"twitter:label1\" content=\"Tiempo de lectura\" \/>\n\t<meta name=\"twitter:data1\" content=\"1 minuto\" \/>\n<script type=\"application\/ld+json\" class=\"yoast-schema-graph\">{\"@context\":\"https:\/\/schema.org\",\"@graph\":[{\"@type\":\"WebPage\",\"@id\":\"https:\/\/barcelona-discovery.com\/es\/producto\/charter-privado-de-barcelona-a-sitges\/\",\"url\":\"https:\/\/barcelona-discovery.com\/es\/producto\/charter-privado-de-barcelona-a-sitges\/\",\"name\":\"Salida privada nautica de Barcelona a Sitges - Charter privado\",\"isPartOf\":{\"@id\":\"https:\/\/barcelona-discovery.com\/#website\"},\"primaryImageOfPage\":{\"@id\":\"https:\/\/barcelona-discovery.com\/es\/producto\/charter-privado-de-barcelona-a-sitges\/#primaryimage\"},\"image\":{\"@id\":\"https:\/\/barcelona-discovery.com\/es\/producto\/charter-privado-de-barcelona-a-sitges\/#primaryimage\"},\"thumbnailUrl\":\"https:\/\/barcelona-discovery.com\/wp-content\/uploads\/2018\/05\/boat-trip-to-sitges-from-barcelona2.jpg\",\"datePublished\":\"2018-05-30T08:57:59+00:00\",\"dateModified\":\"2020-06-01T11:26:48+00:00\",\"description\":\"Ch\u00e1rter privado de Barcelona a Sitges. Escapese un d\u00eda de la gran ciudad y sum\u00e9rjase en la cultura catalana, navegando en un barco de lujo a la ciudad costera de Sitges.\",\"breadcrumb\":{\"@id\":\"https:\/\/barcelona-discovery.com\/es\/producto\/charter-privado-de-barcelona-a-sitges\/#breadcrumb\"},\"inLanguage\":\"es\",\"potentialAction\":[{\"@type\":\"ReadAction\",\"target\":[\"https:\/\/barcelona-discovery.com\/es\/producto\/charter-privado-de-barcelona-a-sitges\/\"]}]},{\"@type\":\"ImageObject\",\"inLanguage\":\"es\",\"@id\":\"https:\/\/barcelona-discovery.com\/es\/producto\/charter-privado-de-barcelona-a-sitges\/#primaryimage\",\"url\":\"https:\/\/barcelona-discovery.com\/wp-content\/uploads\/2018\/05\/boat-trip-to-sitges-from-barcelona2.jpg\",\"contentUrl\":\"https:\/\/barcelona-discovery.com\/wp-content\/uploads\/2018\/05\/boat-trip-to-sitges-from-barcelona2.jpg\",\"width\":1400,\"height\":700,\"caption\":\"Charter Trip from Barcelona to Sitges\"},{\"@type\":\"BreadcrumbList\",\"@id\":\"https:\/\/barcelona-discovery.com\/es\/producto\/charter-privado-de-barcelona-a-sitges\/#breadcrumb\",\"itemListElement\":[{\"@type\":\"ListItem\",\"position\":1,\"name\":\"Home\",\"item\":\"https:\/\/barcelona-discovery.com\/es\/\"},{\"@type\":\"ListItem\",\"position\":2,\"name\":\"Tours\",\"item\":\"https:\/\/barcelona-discovery.com\/tours\/\"},{\"@type\":\"ListItem\",\"position\":3,\"name\":\"Charter Privado de Barcelona a Sitges\"}]},{\"@type\":\"WebSite\",\"@id\":\"https:\/\/barcelona-discovery.com\/#website\",\"url\":\"https:\/\/barcelona-discovery.com\/\",\"name\":\"Barcelona Discovery\",\"description\":\"Private Tours around Barcelona\",\"publisher\":{\"@id\":\"https:\/\/barcelona-discovery.com\/#organization\"},\"potentialAction\":[{\"@type\":\"SearchAction\",\"target\":{\"@type\":\"EntryPoint\",\"urlTemplate\":\"https:\/\/barcelona-discovery.com\/?s={search_term_string}\"},\"query-input\":{\"@type\":\"PropertyValueSpecification\",\"valueRequired\":true,\"valueName\":\"search_term_string\"}}],\"inLanguage\":\"es\"},{\"@type\":\"Organization\",\"@id\":\"https:\/\/barcelona-discovery.com\/#organization\",\"name\":\"Barcelona Discovery\",\"url\":\"https:\/\/barcelona-discovery.com\/\",\"logo\":{\"@type\":\"ImageObject\",\"inLanguage\":\"es\",\"@id\":\"https:\/\/barcelona-discovery.com\/#\/schema\/logo\/image\/\",\"url\":\"https:\/\/barcelona-discovery.com\/wp-content\/uploads\/2024\/02\/logo-linkein.jpg\",\"contentUrl\":\"https:\/\/barcelona-discovery.com\/wp-content\/uploads\/2024\/02\/logo-linkein.jpg\",\"width\":300,\"height\":300,\"caption\":\"Barcelona Discovery\"},\"image\":{\"@id\":\"https:\/\/barcelona-discovery.com\/#\/schema\/logo\/image\/\"},\"sameAs\":[\"https:\/\/www.facebook.com\/BarcelonaDiscovery\/\",\"https:\/\/x.com\/bcn_discovery\",\"https:\/\/www.instagram.com\/barcelonadiscovery\/\",\"https:\/\/www.youtube.com\/channel\/UCwpragtLkdmFTHCzinFQG_g\"]}]}<\/script>\n<!-- \/ Yoast SEO plugin. -->","yoast_head_json":{"title":"Salida privada nautica de Barcelona a Sitges - Charter privado","description":"Ch\u00e1rter privado de Barcelona a Sitges. Escapese un d\u00eda de la gran ciudad y sum\u00e9rjase en la cultura catalana, navegando en un barco de lujo a la ciudad costera de Sitges.","robots":{"index":"index","follow":"follow","max-snippet":"max-snippet:-1","max-image-preview":"max-image-preview:large","max-video-preview":"max-video-preview:-1"},"canonical":"https:\/\/barcelona-discovery.com\/es\/producto\/charter-privado-de-barcelona-a-sitges\/","og_locale":"es_ES","og_type":"article","og_title":"Salida privada nautica de Barcelona a Sitges - Charter privado","og_description":"Ch\u00e1rter privado de Barcelona a Sitges. Escapese un d\u00eda de la gran ciudad y sum\u00e9rjase en la cultura catalana, navegando en un barco de lujo a la ciudad costera de Sitges.","og_url":"https:\/\/barcelona-discovery.com\/es\/producto\/charter-privado-de-barcelona-a-sitges\/","og_site_name":"Barcelona Discovery","article_publisher":"https:\/\/www.facebook.com\/BarcelonaDiscovery\/","article_modified_time":"2020-06-01T11:26:48+00:00","og_image":[{"width":1400,"height":700,"url":"https:\/\/barcelona-discovery.com\/wp-content\/uploads\/2018\/05\/boat-trip-to-sitges-from-barcelona2.jpg","type":"image\/jpeg"}],"twitter_card":"summary_large_image","twitter_site":"@bcn_discovery","twitter_misc":{"Tiempo de lectura":"1 minuto"},"schema":{"@context":"https:\/\/schema.org","@graph":[{"@type":"WebPage","@id":"https:\/\/barcelona-discovery.com\/es\/producto\/charter-privado-de-barcelona-a-sitges\/","url":"https:\/\/barcelona-discovery.com\/es\/producto\/charter-privado-de-barcelona-a-sitges\/","name":"Salida privada nautica de Barcelona a Sitges - Charter privado","isPartOf":{"@id":"https:\/\/barcelona-discovery.com\/#website"},"primaryImageOfPage":{"@id":"https:\/\/barcelona-discovery.com\/es\/producto\/charter-privado-de-barcelona-a-sitges\/#primaryimage"},"image":{"@id":"https:\/\/barcelona-discovery.com\/es\/producto\/charter-privado-de-barcelona-a-sitges\/#primaryimage"},"thumbnailUrl":"https:\/\/barcelona-discovery.com\/wp-content\/uploads\/2018\/05\/boat-trip-to-sitges-from-barcelona2.jpg","datePublished":"2018-05-30T08:57:59+00:00","dateModified":"2020-06-01T11:26:48+00:00","description":"Ch\u00e1rter privado de Barcelona a Sitges. Escapese un d\u00eda de la gran ciudad y sum\u00e9rjase en la cultura catalana, navegando en un barco de lujo a la ciudad costera de Sitges.","breadcrumb":{"@id":"https:\/\/barcelona-discovery.com\/es\/producto\/charter-privado-de-barcelona-a-sitges\/#breadcrumb"},"inLanguage":"es","potentialAction":[{"@type":"ReadAction","target":["https:\/\/barcelona-discovery.com\/es\/producto\/charter-privado-de-barcelona-a-sitges\/"]}]},{"@type":"ImageObject","inLanguage":"es","@id":"https:\/\/barcelona-discovery.com\/es\/producto\/charter-privado-de-barcelona-a-sitges\/#primaryimage","url":"https:\/\/barcelona-discovery.com\/wp-content\/uploads\/2018\/05\/boat-trip-to-sitges-from-barcelona2.jpg","contentUrl":"https:\/\/barcelona-discovery.com\/wp-content\/uploads\/2018\/05\/boat-trip-to-sitges-from-barcelona2.jpg","width":1400,"height":700,"caption":"Charter Trip from Barcelona to Sitges"},{"@type":"BreadcrumbList","@id":"https:\/\/barcelona-discovery.com\/es\/producto\/charter-privado-de-barcelona-a-sitges\/#breadcrumb","itemListElement":[{"@type":"ListItem","position":1,"name":"Home","item":"https:\/\/barcelona-discovery.com\/es\/"},{"@type":"ListItem","position":2,"name":"Tours","item":"https:\/\/barcelona-discovery.com\/tours\/"},{"@type":"ListItem","position":3,"name":"Charter Privado de Barcelona a Sitges"}]},{"@type":"WebSite","@id":"https:\/\/barcelona-discovery.com\/#website","url":"https:\/\/barcelona-discovery.com\/","name":"Barcelona Discovery","description":"Private Tours around Barcelona","publisher":{"@id":"https:\/\/barcelona-discovery.com\/#organization"},"potentialAction":[{"@type":"SearchAction","target":{"@type":"EntryPoint","urlTemplate":"https:\/\/barcelona-discovery.com\/?s={search_term_string}"},"query-input":{"@type":"PropertyValueSpecification","valueRequired":true,"valueName":"search_term_string"}}],"inLanguage":"es"},{"@type":"Organization","@id":"https:\/\/barcelona-discovery.com\/#organization","name":"Barcelona Discovery","url":"https:\/\/barcelona-discovery.com\/","logo":{"@type":"ImageObject","inLanguage":"es","@id":"https:\/\/barcelona-discovery.com\/#\/schema\/logo\/image\/","url":"https:\/\/barcelona-discovery.com\/wp-content\/uploads\/2024\/02\/logo-linkein.jpg","contentUrl":"https:\/\/barcelona-discovery.com\/wp-content\/uploads\/2024\/02\/logo-linkein.jpg","width":300,"height":300,"caption":"Barcelona Discovery"},"image":{"@id":"https:\/\/barcelona-discovery.com\/#\/schema\/logo\/image\/"},"sameAs":["https:\/\/www.facebook.com\/BarcelonaDiscovery\/","https:\/\/x.com\/bcn_discovery","https:\/\/www.instagram.com\/barcelonadiscovery\/","https:\/\/www.youtube.com\/channel\/UCwpragtLkdmFTHCzinFQG_g"]}]}},"_links":{"self":[{"href":"https:\/\/barcelona-discovery.com\/es\/wp-json\/wp\/v2\/product\/5444","targetHints":{"allow":["GET"]}}],"collection":[{"href":"https:\/\/barcelona-discovery.com\/es\/wp-json\/wp\/v2\/product"}],"about":[{"href":"https:\/\/barcelona-discovery.com\/es\/wp-json\/wp\/v2\/types\/product"}],"replies":[{"embeddable":true,"href":"https:\/\/barcelona-discovery.com\/es\/wp-json\/wp\/v2\/comments?post=5444"}],"wp:featuredmedia":[{"embeddable":true,"href":"https:\/\/barcelona-discovery.com\/es\/wp-json\/wp\/v2\/media\/3137"}],"wp:attachment":[{"href":"https:\/\/barcelona-discovery.com\/es\/wp-json\/wp\/v2\/media?parent=5444"}],"wp:term":[{"taxonomy":"product_brand","embeddable":true,"href":"https:\/\/barcelona-discovery.com\/es\/wp-json\/wp\/v2\/product_brand?post=5444"},{"taxonomy":"product_cat","embeddable":true,"href":"https:\/\/barcelona-discovery.com\/es\/wp-json\/wp\/v2\/product_cat?post=5444"},{"taxonomy":"product_tag","embeddable":true,"href":"https:\/\/barcelona-discovery.com\/es\/wp-json\/wp\/v2\/product_tag?post=5444"}],"curies":[{"name":"wp","href":"https:\/\/api.w.org\/{rel}","templated":true}]}}