{"id":5498,"date":"2020-06-16T10:48:11","date_gmt":"2020-06-16T09:48:11","guid":{"rendered":"https:\/\/barcelona-discovery.com\/?post_type=product&#038;p=5498"},"modified":"2024-06-06T11:24:26","modified_gmt":"2024-06-06T10:24:26","slug":"picnic-entre-vinedos-con-degustacion-vinos-ecologicos","status":"publish","type":"product","link":"https:\/\/barcelona-discovery.com\/es\/tours\/picnic-entre-vinedos-con-degustacion-vinos-ecologicos\/","title":{"rendered":"Picnic entre vi\u00f1edos con degustaci\u00f3n de vinos ecol\u00f3gicos"},"content":{"rendered":"<p>\u00bfAlguna vez has imaginado <strong>hacer un picnic en el coraz\u00f3n de unos hermosos vi\u00f1edos<\/strong>?<\/p>\n<p>Le ofrecemos la oportunidad de disfrutar de una excelente<strong> experiencia de picnic en los vi\u00f1edos de Alella<\/strong>, donde tambi\u00e9n tendr\u00e1 excelentes<strong> vistas de Barcelona y la costa.<\/strong><\/p>\n<p>Esta experiencia tambi\u00e9n <strong>incluye una visita a la bodega<\/strong> que le dar\u00e1 la oportunidad de visitar una t\u00edpica mas\u00eda catalana y <strong>pasear por los vi\u00f1edos ecol\u00f3gicos<\/strong> en su entorno \u00fanico.<\/p>\n<p>La bodega, rodeada de vi\u00f1edos, se encuentra dentro de una hermosa mas\u00eda del siglo 14, cerca de la ciudad de Alella. All\u00ed, la tradici\u00f3n coexiste con la \u00faltima tecnolog\u00eda enol\u00f3gica utilizada para producir peque\u00f1as cantidades de vinos org\u00e1nicos de calidad con gran personalidad. Las <strong>uvas se recogen a mano en los vi\u00f1edos.<\/strong> A continuaci\u00f3n, se lleva a cabo un prensado suave y el jugo se sedimenta y se fermenta (tanto en cubas como en barriles). La temperatura se controla para garantizar que el proceso de vinificaci\u00f3n est\u00e9 bien administrado.<\/p>\n<p>Resumiendo, esta experiencia le dar\u00e1 la oportunidad de &#8230;<\/p>\n<p><i class=\"fa fa-check icon-tick icon-tick--on\"><\/i><strong>Descubrir\u00a0<\/strong>c\u00f3mo se hacen los vinos de Alella<\/p>\n<p><i class=\"fa fa-check icon-tick icon-tick--on\"><\/i>Visitar la bodega y la masia del siglo XIV<\/p>\n<p><i class=\"fa fa-check icon-tick icon-tick--on\"><\/i>Visitar los vi\u00f1edos, la planta de producci\u00f3n y la sala de barriles<\/p>\n<p><i class=\"fa fa-check icon-tick icon-tick--on\"><\/i>Disfrutar de una cata de 4 vinos ecol\u00f3gicos y un fabuloso picnic<\/p>\n<p><i class=\"fa fa-check icon-tick icon-tick--on\"><\/i>Disfrutar de <strong>relajantes vistas de Barcelona<\/strong> y la costa<\/p>\n<p>&nbsp;<\/p>\n<p>&nbsp;<\/p>\n","protected":false},"excerpt":{"rendered":"<p><strong>P\u00edcnic entre Vi\u00f1edos ecol\u00f3gicos con degustacion de vinos ecol\u00f3gicos.<\/strong><\/p>\n","protected":false},"featured_media":1918,"comment_status":"open","ping_status":"closed","template":"","meta":[],"product_brand":[],"product_cat":[157,175],"product_tag":[],"class_list":{"0":"post-5498","1":"product","2":"type-product","3":"status-publish","4":"has-post-thumbnail","6":"product_cat-experiencias-terrestres","7":"product_cat-tours-enoturisticos-gastronomicos","8":"pa_tour-type-experiencias-terrestres","9":"pa_tour-types-land-experiences-experiencias-enoturisticas-gastronomicas","10":"tour_phys-regala-experiencias","12":"first","13":"instock","14":"shipping-taxable","15":"purchasable","16":"product-type-tour_phys"},"yoast_head":"<!-- This site is optimized with the Yoast SEO plugin v26.1.1 - https:\/\/yoast.com\/wordpress\/plugins\/seo\/ -->\n<title>Picnic entre vi\u00f1edos con degustaci\u00f3n de vinos ecol\u00f3gicos \/ Enoturismo<\/title>\n<meta name=\"description\" content=\"\u00bfAlguna vez has imaginado hacer un picnic entre vi\u00f1edos? Ideal para realizar una velada rom\u00e1ntica con tu pareja,entre amigos o familia.\" \/>\n<meta name=\"robots\" content=\"index, follow, max-snippet:-1, max-image-preview:large, max-video-preview:-1\" \/>\n<link rel=\"canonical\" href=\"https:\/\/barcelona-discovery.com\/es\/producto\/picnic-entre-vinedos-con-degustacion-vinos-ecologicos\/\" \/>\n<meta property=\"og:locale\" content=\"es_ES\" \/>\n<meta property=\"og:type\" content=\"article\" \/>\n<meta property=\"og:title\" content=\"Picnic entre vi\u00f1edos con degustaci\u00f3n de vinos ecol\u00f3gicos \/ Enoturismo\" \/>\n<meta property=\"og:description\" content=\"\u00bfAlguna vez has imaginado hacer un picnic entre vi\u00f1edos? Ideal para realizar una velada rom\u00e1ntica con tu pareja,entre amigos o familia.\" \/>\n<meta property=\"og:url\" content=\"https:\/\/barcelona-discovery.com\/es\/producto\/picnic-entre-vinedos-con-degustacion-vinos-ecologicos\/\" \/>\n<meta property=\"og:site_name\" content=\"Barcelona Discovery\" \/>\n<meta property=\"article:publisher\" content=\"https:\/\/www.facebook.com\/BarcelonaDiscovery\/\" \/>\n<meta property=\"article:modified_time\" content=\"2024-06-06T10:24:26+00:00\" \/>\n<meta property=\"og:image\" content=\"https:\/\/barcelona-discovery.com\/wp-content\/uploads\/2017\/07\/picnic.jpg\" \/>\n\t<meta property=\"og:image:width\" content=\"1400\" \/>\n\t<meta property=\"og:image:height\" content=\"700\" \/>\n\t<meta property=\"og:image:type\" content=\"image\/jpeg\" \/>\n<meta name=\"twitter:card\" content=\"summary_large_image\" \/>\n<meta name=\"twitter:site\" content=\"@bcn_discovery\" \/>\n<meta name=\"twitter:label1\" content=\"Tiempo de lectura\" \/>\n\t<meta name=\"twitter:data1\" content=\"2 minutos\" \/>\n<script type=\"application\/ld+json\" class=\"yoast-schema-graph\">{\"@context\":\"https:\/\/schema.org\",\"@graph\":[{\"@type\":\"WebPage\",\"@id\":\"https:\/\/barcelona-discovery.com\/es\/producto\/picnic-entre-vinedos-con-degustacion-vinos-ecologicos\/\",\"url\":\"https:\/\/barcelona-discovery.com\/es\/producto\/picnic-entre-vinedos-con-degustacion-vinos-ecologicos\/\",\"name\":\"Picnic entre vi\u00f1edos con degustaci\u00f3n de vinos ecol\u00f3gicos \/ Enoturismo\",\"isPartOf\":{\"@id\":\"https:\/\/barcelona-discovery.com\/#website\"},\"primaryImageOfPage\":{\"@id\":\"https:\/\/barcelona-discovery.com\/es\/producto\/picnic-entre-vinedos-con-degustacion-vinos-ecologicos\/#primaryimage\"},\"image\":{\"@id\":\"https:\/\/barcelona-discovery.com\/es\/producto\/picnic-entre-vinedos-con-degustacion-vinos-ecologicos\/#primaryimage\"},\"thumbnailUrl\":\"https:\/\/barcelona-discovery.com\/wp-content\/uploads\/2017\/07\/picnic.jpg\",\"datePublished\":\"2020-06-16T09:48:11+00:00\",\"dateModified\":\"2024-06-06T10:24:26+00:00\",\"description\":\"\u00bfAlguna vez has imaginado hacer un picnic entre vi\u00f1edos? Ideal para realizar una velada rom\u00e1ntica con tu pareja,entre amigos o familia.\",\"breadcrumb\":{\"@id\":\"https:\/\/barcelona-discovery.com\/es\/producto\/picnic-entre-vinedos-con-degustacion-vinos-ecologicos\/#breadcrumb\"},\"inLanguage\":\"es\",\"potentialAction\":[{\"@type\":\"ReadAction\",\"target\":[\"https:\/\/barcelona-discovery.com\/es\/producto\/picnic-entre-vinedos-con-degustacion-vinos-ecologicos\/\"]}]},{\"@type\":\"ImageObject\",\"inLanguage\":\"es\",\"@id\":\"https:\/\/barcelona-discovery.com\/es\/producto\/picnic-entre-vinedos-con-degustacion-vinos-ecologicos\/#primaryimage\",\"url\":\"https:\/\/barcelona-discovery.com\/wp-content\/uploads\/2017\/07\/picnic.jpg\",\"contentUrl\":\"https:\/\/barcelona-discovery.com\/wp-content\/uploads\/2017\/07\/picnic.jpg\",\"width\":1400,\"height\":700,\"caption\":\"Experience organically grown wines from Alella\"},{\"@type\":\"BreadcrumbList\",\"@id\":\"https:\/\/barcelona-discovery.com\/es\/producto\/picnic-entre-vinedos-con-degustacion-vinos-ecologicos\/#breadcrumb\",\"itemListElement\":[{\"@type\":\"ListItem\",\"position\":1,\"name\":\"Home\",\"item\":\"https:\/\/barcelona-discovery.com\/es\/\"},{\"@type\":\"ListItem\",\"position\":2,\"name\":\"Tours\",\"item\":\"https:\/\/barcelona-discovery.com\/tours\/\"},{\"@type\":\"ListItem\",\"position\":3,\"name\":\"Picnic entre vi\u00f1edos con degustaci\u00f3n de vinos ecol\u00f3gicos\"}]},{\"@type\":\"WebSite\",\"@id\":\"https:\/\/barcelona-discovery.com\/#website\",\"url\":\"https:\/\/barcelona-discovery.com\/\",\"name\":\"Barcelona Discovery\",\"description\":\"Private Tours around Barcelona\",\"publisher\":{\"@id\":\"https:\/\/barcelona-discovery.com\/#organization\"},\"potentialAction\":[{\"@type\":\"SearchAction\",\"target\":{\"@type\":\"EntryPoint\",\"urlTemplate\":\"https:\/\/barcelona-discovery.com\/?s={search_term_string}\"},\"query-input\":{\"@type\":\"PropertyValueSpecification\",\"valueRequired\":true,\"valueName\":\"search_term_string\"}}],\"inLanguage\":\"es\"},{\"@type\":\"Organization\",\"@id\":\"https:\/\/barcelona-discovery.com\/#organization\",\"name\":\"Barcelona Discovery\",\"url\":\"https:\/\/barcelona-discovery.com\/\",\"logo\":{\"@type\":\"ImageObject\",\"inLanguage\":\"es\",\"@id\":\"https:\/\/barcelona-discovery.com\/#\/schema\/logo\/image\/\",\"url\":\"https:\/\/barcelona-discovery.com\/wp-content\/uploads\/2024\/02\/logo-linkein.jpg\",\"contentUrl\":\"https:\/\/barcelona-discovery.com\/wp-content\/uploads\/2024\/02\/logo-linkein.jpg\",\"width\":300,\"height\":300,\"caption\":\"Barcelona Discovery\"},\"image\":{\"@id\":\"https:\/\/barcelona-discovery.com\/#\/schema\/logo\/image\/\"},\"sameAs\":[\"https:\/\/www.facebook.com\/BarcelonaDiscovery\/\",\"https:\/\/x.com\/bcn_discovery\",\"https:\/\/www.instagram.com\/barcelonadiscovery\/\",\"https:\/\/www.youtube.com\/channel\/UCwpragtLkdmFTHCzinFQG_g\"]}]}<\/script>\n<!-- \/ Yoast SEO plugin. -->","yoast_head_json":{"title":"Picnic entre vi\u00f1edos con degustaci\u00f3n de vinos ecol\u00f3gicos \/ Enoturismo","description":"\u00bfAlguna vez has imaginado hacer un picnic entre vi\u00f1edos? Ideal para realizar una velada rom\u00e1ntica con tu pareja,entre amigos o familia.","robots":{"index":"index","follow":"follow","max-snippet":"max-snippet:-1","max-image-preview":"max-image-preview:large","max-video-preview":"max-video-preview:-1"},"canonical":"https:\/\/barcelona-discovery.com\/es\/producto\/picnic-entre-vinedos-con-degustacion-vinos-ecologicos\/","og_locale":"es_ES","og_type":"article","og_title":"Picnic entre vi\u00f1edos con degustaci\u00f3n de vinos ecol\u00f3gicos \/ Enoturismo","og_description":"\u00bfAlguna vez has imaginado hacer un picnic entre vi\u00f1edos? Ideal para realizar una velada rom\u00e1ntica con tu pareja,entre amigos o familia.","og_url":"https:\/\/barcelona-discovery.com\/es\/producto\/picnic-entre-vinedos-con-degustacion-vinos-ecologicos\/","og_site_name":"Barcelona Discovery","article_publisher":"https:\/\/www.facebook.com\/BarcelonaDiscovery\/","article_modified_time":"2024-06-06T10:24:26+00:00","og_image":[{"width":1400,"height":700,"url":"https:\/\/barcelona-discovery.com\/wp-content\/uploads\/2017\/07\/picnic.jpg","type":"image\/jpeg"}],"twitter_card":"summary_large_image","twitter_site":"@bcn_discovery","twitter_misc":{"Tiempo de lectura":"2 minutos"},"schema":{"@context":"https:\/\/schema.org","@graph":[{"@type":"WebPage","@id":"https:\/\/barcelona-discovery.com\/es\/producto\/picnic-entre-vinedos-con-degustacion-vinos-ecologicos\/","url":"https:\/\/barcelona-discovery.com\/es\/producto\/picnic-entre-vinedos-con-degustacion-vinos-ecologicos\/","name":"Picnic entre vi\u00f1edos con degustaci\u00f3n de vinos ecol\u00f3gicos \/ Enoturismo","isPartOf":{"@id":"https:\/\/barcelona-discovery.com\/#website"},"primaryImageOfPage":{"@id":"https:\/\/barcelona-discovery.com\/es\/producto\/picnic-entre-vinedos-con-degustacion-vinos-ecologicos\/#primaryimage"},"image":{"@id":"https:\/\/barcelona-discovery.com\/es\/producto\/picnic-entre-vinedos-con-degustacion-vinos-ecologicos\/#primaryimage"},"thumbnailUrl":"https:\/\/barcelona-discovery.com\/wp-content\/uploads\/2017\/07\/picnic.jpg","datePublished":"2020-06-16T09:48:11+00:00","dateModified":"2024-06-06T10:24:26+00:00","description":"\u00bfAlguna vez has imaginado hacer un picnic entre vi\u00f1edos? Ideal para realizar una velada rom\u00e1ntica con tu pareja,entre amigos o familia.","breadcrumb":{"@id":"https:\/\/barcelona-discovery.com\/es\/producto\/picnic-entre-vinedos-con-degustacion-vinos-ecologicos\/#breadcrumb"},"inLanguage":"es","potentialAction":[{"@type":"ReadAction","target":["https:\/\/barcelona-discovery.com\/es\/producto\/picnic-entre-vinedos-con-degustacion-vinos-ecologicos\/"]}]},{"@type":"ImageObject","inLanguage":"es","@id":"https:\/\/barcelona-discovery.com\/es\/producto\/picnic-entre-vinedos-con-degustacion-vinos-ecologicos\/#primaryimage","url":"https:\/\/barcelona-discovery.com\/wp-content\/uploads\/2017\/07\/picnic.jpg","contentUrl":"https:\/\/barcelona-discovery.com\/wp-content\/uploads\/2017\/07\/picnic.jpg","width":1400,"height":700,"caption":"Experience organically grown wines from Alella"},{"@type":"BreadcrumbList","@id":"https:\/\/barcelona-discovery.com\/es\/producto\/picnic-entre-vinedos-con-degustacion-vinos-ecologicos\/#breadcrumb","itemListElement":[{"@type":"ListItem","position":1,"name":"Home","item":"https:\/\/barcelona-discovery.com\/es\/"},{"@type":"ListItem","position":2,"name":"Tours","item":"https:\/\/barcelona-discovery.com\/tours\/"},{"@type":"ListItem","position":3,"name":"Picnic entre vi\u00f1edos con degustaci\u00f3n de vinos ecol\u00f3gicos"}]},{"@type":"WebSite","@id":"https:\/\/barcelona-discovery.com\/#website","url":"https:\/\/barcelona-discovery.com\/","name":"Barcelona Discovery","description":"Private Tours around Barcelona","publisher":{"@id":"https:\/\/barcelona-discovery.com\/#organization"},"potentialAction":[{"@type":"SearchAction","target":{"@type":"EntryPoint","urlTemplate":"https:\/\/barcelona-discovery.com\/?s={search_term_string}"},"query-input":{"@type":"PropertyValueSpecification","valueRequired":true,"valueName":"search_term_string"}}],"inLanguage":"es"},{"@type":"Organization","@id":"https:\/\/barcelona-discovery.com\/#organization","name":"Barcelona Discovery","url":"https:\/\/barcelona-discovery.com\/","logo":{"@type":"ImageObject","inLanguage":"es","@id":"https:\/\/barcelona-discovery.com\/#\/schema\/logo\/image\/","url":"https:\/\/barcelona-discovery.com\/wp-content\/uploads\/2024\/02\/logo-linkein.jpg","contentUrl":"https:\/\/barcelona-discovery.com\/wp-content\/uploads\/2024\/02\/logo-linkein.jpg","width":300,"height":300,"caption":"Barcelona Discovery"},"image":{"@id":"https:\/\/barcelona-discovery.com\/#\/schema\/logo\/image\/"},"sameAs":["https:\/\/www.facebook.com\/BarcelonaDiscovery\/","https:\/\/x.com\/bcn_discovery","https:\/\/www.instagram.com\/barcelonadiscovery\/","https:\/\/www.youtube.com\/channel\/UCwpragtLkdmFTHCzinFQG_g"]}]}},"_links":{"self":[{"href":"https:\/\/barcelona-discovery.com\/es\/wp-json\/wp\/v2\/product\/5498","targetHints":{"allow":["GET"]}}],"collection":[{"href":"https:\/\/barcelona-discovery.com\/es\/wp-json\/wp\/v2\/product"}],"about":[{"href":"https:\/\/barcelona-discovery.com\/es\/wp-json\/wp\/v2\/types\/product"}],"replies":[{"embeddable":true,"href":"https:\/\/barcelona-discovery.com\/es\/wp-json\/wp\/v2\/comments?post=5498"}],"wp:featuredmedia":[{"embeddable":true,"href":"https:\/\/barcelona-discovery.com\/es\/wp-json\/wp\/v2\/media\/1918"}],"wp:attachment":[{"href":"https:\/\/barcelona-discovery.com\/es\/wp-json\/wp\/v2\/media?parent=5498"}],"wp:term":[{"taxonomy":"product_brand","embeddable":true,"href":"https:\/\/barcelona-discovery.com\/es\/wp-json\/wp\/v2\/product_brand?post=5498"},{"taxonomy":"product_cat","embeddable":true,"href":"https:\/\/barcelona-discovery.com\/es\/wp-json\/wp\/v2\/product_cat?post=5498"},{"taxonomy":"product_tag","embeddable":true,"href":"https:\/\/barcelona-discovery.com\/es\/wp-json\/wp\/v2\/product_tag?post=5498"}],"curies":[{"name":"wp","href":"https:\/\/api.w.org\/{rel}","templated":true}]}}